{"id":140985,"date":"2018-08-05T15:09:21","date_gmt":"2018-08-05T13:09:21","guid":{"rendered":"https:\/\/jogapiekna.com\/contact\/"},"modified":"2025-12-09T18:06:37","modified_gmt":"2025-12-09T17:06:37","slug":"contact","status":"publish","type":"page","link":"https:\/\/jogapiekna.com\/en\/contact\/","title":{"rendered":"Contact"},"content":{"rendered":"<h3>I am very pleased that you are here and want to get<br \/>\ncontact me.<\/h3>\n<p>If we can help you with anything, advise you boldly<br \/>\nwrite to us or call us:<\/p>\n<p><strong>ONLINE STORE<\/strong><br \/>\n<strong>works Monday through Friday from 8:00 a.m. to 4:00 p.m.<\/strong><br \/>\n<strong>Gabrysia Borucka<\/strong><br \/>\n<strong>E:<\/strong>gabrysia@jogapiekna.com<br \/>\n<strong>T:<\/strong> 607 606 607<br \/>\n<strong>T:<\/strong> 42 633 86 93<\/p>\n<p><strong>WORKSHOPS \/ TRAININGS<\/strong><br \/>\n<strong>Marta Kuci\u0144ska<\/strong><br \/>\n<strong>E:<\/strong>marta@jogapiekna.com<br \/>\n<strong>T:<\/strong> 601 154 084<\/p>\n<p><strong>MARKETING &amp; PR<\/strong><br \/>\n<strong>Bianka Przygucka<\/strong><br \/>\n<strong>E:<\/strong>marketing@jogapiekna.com<\/p>\n<p>I invite you to visit my social profiles:<\/p>\n<div id=\"contact-social\" class=\"clearfix\"><p style=\"text-align: center;\"><a href=\"https:\/\/www.facebook.com\/JogaPieknaCom\/\" target=\"_blank\" rel=\"noopener noreferrer\"><i class=\"fab fa-facebook-f fa-fw\"><\/i><\/a> <a href=\"https:\/\/www.instagram.com\/jogapieknacom\/\" target=\"_blank\" rel=\"noopener noreferrer\"><i class=\"fab fa-instagram fa-fw\"><\/i><\/a> <a href=\"https:\/\/www.youtube.com\/channel\/UCsAgpiOiXBDvaKKgS6IJxSA\" target=\"_blank\" rel=\"noopener noreferrer\"><i class=\"fab fa-youtube fa-fw\"><\/i><\/a><\/p>\n<\/div>\n<p>Consider joining my <a href=\"https:\/\/jogapiekna.com\/en\/receive-a-gift\/\"><br \/>\n<strong>newsletter<\/strong><br \/>\n<\/a>.<br \/>\nI always treat subscribers specially \ud83d\ude42<\/p>\n<div style=\"color: #aaa; font-size: 14px !important; line-height: 18px !important; margin-top: 60px; margin-bottom: 40px;\">The administrator of the data is Marta Kuci\u0144ska conducting business under the name Joga Pi\u0119kna Marta Kuci\u0144ska with its registered office in Lodz, Poland at ul. Legion 119. For more information, see our <a href=\"http:\/\/jogapiekna.com\/en\/polityka-prywatnosci\/\">Privacy Policy<\/a>.<\/div>\n<p class=\"text-align:center\"><img fetchpriority=\"high\" decoding=\"async\" class=\"aligncenter img-responsive size-full wp-image-375\" src=\"https:\/\/jogapiekna.com\/wp-content\/uploads\/2018\/08\/marta-kucinska-joga-piekna-1.jpg\" alt=\"\" width=\"469\" height=\"658\" srcset=\"https:\/\/jogapiekna.com\/wp-content\/uploads\/2018\/08\/marta-kucinska-joga-piekna-1.jpg 469w, https:\/\/jogapiekna.com\/wp-content\/uploads\/2018\/08\/marta-kucinska-joga-piekna-1-300x421.jpg 300w, https:\/\/jogapiekna.com\/wp-content\/uploads\/2018\/08\/marta-kucinska-joga-piekna-1-214x300.jpg 214w\" sizes=\"(max-width: 469px) 100vw, 469px\" \/><\/p>","protected":false},"excerpt":{"rendered":"<p>I am very pleased that you are here and want to get contact me. If we can help you with [&hellip;]<\/p>\n","protected":false},"author":1,"featured_media":0,"parent":0,"menu_order":9,"comment_status":"closed","ping_status":"closed","template":"","meta":{"_acf_changed":false,"site-sidebar-layout":"default","site-content-layout":"","ast-site-content-layout":"default","site-content-style":"default","site-sidebar-style":"default","ast-global-header-display":"","ast-banner-title-visibility":"","ast-main-header-display":"","ast-hfb-above-header-display":"","ast-hfb-below-header-display":"","ast-hfb-mobile-header-display":"","site-post-title":"","ast-breadcrumbs-content":"","ast-featured-img":"","footer-sml-layout":"","ast-disable-related-posts":"","theme-transparent-header-meta":"","adv-header-id-meta":"","stick-header-meta":"","header-above-stick-meta":"","header-main-stick-meta":"","header-below-stick-meta":"","astra-migrate-meta-layouts":"default","ast-page-background-enabled":"default","ast-page-background-meta":{"desktop":{"background-color":"var(--ast-global-color-5)","background-image":"","background-repeat":"repeat","background-position":"center center","background-size":"auto","background-attachment":"scroll","background-type":"","background-media":"","overlay-type":"","overlay-color":"","overlay-opacity":"","overlay-gradient":""},"tablet":{"background-color":"","background-image":"","background-repeat":"repeat","background-position":"center center","background-size":"auto","background-attachment":"scroll","background-type":"","background-media":"","overlay-type":"","overlay-color":"","overlay-opacity":"","overlay-gradient":""},"mobile":{"background-color":"","background-image":"","background-repeat":"repeat","background-position":"center center","background-size":"auto","background-attachment":"scroll","background-type":"","background-media":"","overlay-type":"","overlay-color":"","overlay-opacity":"","overlay-gradient":""}},"ast-content-background-meta":{"desktop":{"background-color":"var(--ast-global-color-4)","background-image":"","background-repeat":"repeat","background-position":"center center","background-size":"auto","background-attachment":"scroll","background-type":"","background-media":"","overlay-type":"","overlay-color":"","overlay-opacity":"","overlay-gradient":""},"tablet":{"background-color":"var(--ast-global-color-4)","background-image":"","background-repeat":"repeat","background-position":"center center","background-size":"auto","background-attachment":"scroll","background-type":"","background-media":"","overlay-type":"","overlay-color":"","overlay-opacity":"","overlay-gradient":""},"mobile":{"background-color":"var(--ast-global-color-4)","background-image":"","background-repeat":"repeat","background-position":"center center","background-size":"auto","background-attachment":"scroll","background-type":"","background-media":"","overlay-type":"","overlay-color":"","overlay-opacity":"","overlay-gradient":""}},"footnotes":""},"class_list":["post-140985","page","type-page","status-publish","hentry"],"acf":[],"yoast_head":"<!-- This site is optimized with the Yoast SEO plugin v27.4 - https:\/\/yoast.com\/product\/yoast-seo-wordpress\/ -->\n<title>Contact | JOGA PI\u0118KNA | Joga Twarzy<\/title>\n<meta name=\"description\" content=\"I am very pleased that you are here and want to contact me. If I can help you with anything, advise you boldly, write to me or call: marta@jogapiekna.com, 601 154 084\" \/>\n<meta name=\"robots\" content=\"index, follow, max-snippet:-1, max-image-preview:large, max-video-preview:-1\" \/>\n<link rel=\"canonical\" href=\"https:\/\/jogapiekna.com\/en\/contact\/\" \/>\n<meta property=\"og:locale\" content=\"en_GB\" \/>\n<meta property=\"og:type\" content=\"article\" \/>\n<meta property=\"og:title\" content=\"Contact | JOGA PI\u0118KNA | Joga Twarzy\" \/>\n<meta property=\"og:description\" content=\"I am very pleased that you are here and want to contact me. If I can help you with anything, advise you boldly, write to me or call: marta@jogapiekna.com, 601 154 084\" \/>\n<meta property=\"og:url\" content=\"https:\/\/jogapiekna.com\/en\/contact\/\" \/>\n<meta property=\"og:site_name\" content=\"JOGA PI\u0118KNA | Joga Twarzy\" \/>\n<meta property=\"article:publisher\" content=\"https:\/\/www.facebook.com\/JogaPieknaCom\/\" \/>\n<meta property=\"article:modified_time\" content=\"2025-12-09T17:06:37+00:00\" \/>\n<meta property=\"og:image\" content=\"https:\/\/jogapiekna.com\/wp-content\/uploads\/2018\/08\/marta-kucinska-joga-piekna-1.jpg\" \/>\n\t<meta property=\"og:image:width\" content=\"469\" \/>\n\t<meta property=\"og:image:height\" content=\"658\" \/>\n\t<meta property=\"og:image:type\" content=\"image\/jpeg\" \/>\n<meta name=\"twitter:card\" content=\"summary_large_image\" \/>\n<meta name=\"twitter:label1\" content=\"Estimated reading time\" \/>\n\t<meta name=\"twitter:data1\" content=\"1 minute\" \/>\n<script type=\"application\/ld+json\" class=\"yoast-schema-graph\">{\"@context\":\"https:\\\/\\\/schema.org\",\"@graph\":[{\"@type\":\"WebPage\",\"@id\":\"https:\\\/\\\/jogapiekna.com\\\/contact\\\/\",\"url\":\"https:\\\/\\\/jogapiekna.com\\\/contact\\\/\",\"name\":\"Contact | JOGA PI\u0118KNA | Joga Twarzy\",\"isPartOf\":{\"@id\":\"https:\\\/\\\/jogapiekna.com\\\/#website\"},\"primaryImageOfPage\":{\"@id\":\"https:\\\/\\\/jogapiekna.com\\\/contact\\\/#primaryimage\"},\"image\":{\"@id\":\"https:\\\/\\\/jogapiekna.com\\\/contact\\\/#primaryimage\"},\"thumbnailUrl\":\"https:\\\/\\\/jogapiekna.com\\\/wp-content\\\/uploads\\\/2018\\\/08\\\/marta-kucinska-joga-piekna-1.jpg\",\"datePublished\":\"2018-08-05T13:09:21+00:00\",\"dateModified\":\"2025-12-09T17:06:37+00:00\",\"description\":\"I am very pleased that you are here and want to contact me. If I can help you with anything, advise you boldly, write to me or call: marta@jogapiekna.com, 601 154 084\",\"breadcrumb\":{\"@id\":\"https:\\\/\\\/jogapiekna.com\\\/contact\\\/#breadcrumb\"},\"inLanguage\":\"en-GB\",\"potentialAction\":[{\"@type\":\"ReadAction\",\"target\":[\"https:\\\/\\\/jogapiekna.com\\\/contact\\\/\"]}]},{\"@type\":\"ImageObject\",\"inLanguage\":\"en-GB\",\"@id\":\"https:\\\/\\\/jogapiekna.com\\\/contact\\\/#primaryimage\",\"url\":\"https:\\\/\\\/jogapiekna.com\\\/wp-content\\\/uploads\\\/2018\\\/08\\\/marta-kucinska-joga-piekna-1.jpg\",\"contentUrl\":\"https:\\\/\\\/jogapiekna.com\\\/wp-content\\\/uploads\\\/2018\\\/08\\\/marta-kucinska-joga-piekna-1.jpg\"},{\"@type\":\"BreadcrumbList\",\"@id\":\"https:\\\/\\\/jogapiekna.com\\\/contact\\\/#breadcrumb\",\"itemListElement\":[{\"@type\":\"ListItem\",\"position\":1,\"name\":\"Strona g\u0142\u00f3wna\",\"item\":\"https:\\\/\\\/jogapiekna.com\\\/\"},{\"@type\":\"ListItem\",\"position\":2,\"name\":\"Contact\"}]},{\"@type\":\"WebSite\",\"@id\":\"https:\\\/\\\/jogapiekna.com\\\/#website\",\"url\":\"https:\\\/\\\/jogapiekna.com\\\/\",\"name\":\"Joga Pi\u0119kna Marta Kuci\u0144ska\",\"description\":\"Joga Pi\u0119kna pomaga kobietom zachowa\u0107 urod\u0119, cofn\u0105\u0107 oznaki up\u0142ywaj\u0105cego czasu i zm\u0119czenia, odzyska\u0107 promienny wygl\u0105d, naturalny u\u015bmiech i popraw\u0119 w\u0142asnej samooceny.\",\"publisher\":{\"@id\":\"https:\\\/\\\/jogapiekna.com\\\/#organization\"},\"potentialAction\":[{\"@type\":\"SearchAction\",\"target\":{\"@type\":\"EntryPoint\",\"urlTemplate\":\"https:\\\/\\\/jogapiekna.com\\\/?s={search_term_string}\"},\"query-input\":{\"@type\":\"PropertyValueSpecification\",\"valueRequired\":true,\"valueName\":\"search_term_string\"}}],\"inLanguage\":\"en-GB\"},{\"@type\":\"Organization\",\"@id\":\"https:\\\/\\\/jogapiekna.com\\\/#organization\",\"name\":\"Joga Pi\u0119kna Marta Kuci\u0144ska\",\"url\":\"https:\\\/\\\/jogapiekna.com\\\/\",\"logo\":{\"@type\":\"ImageObject\",\"inLanguage\":\"en-GB\",\"@id\":\"https:\\\/\\\/jogapiekna.com\\\/#\\\/schema\\\/logo\\\/image\\\/\",\"url\":\"https:\\\/\\\/jogapiekna.com\\\/wp-content\\\/uploads\\\/2022\\\/09\\\/joga-piekna-logo_Rka.png\",\"contentUrl\":\"https:\\\/\\\/jogapiekna.com\\\/wp-content\\\/uploads\\\/2022\\\/09\\\/joga-piekna-logo_Rka.png\",\"width\":231,\"height\":124,\"caption\":\"Joga Pi\u0119kna Marta Kuci\u0144ska\"},\"image\":{\"@id\":\"https:\\\/\\\/jogapiekna.com\\\/#\\\/schema\\\/logo\\\/image\\\/\"},\"sameAs\":[\"https:\\\/\\\/www.facebook.com\\\/JogaPieknaCom\\\/\",\"https:\\\/\\\/www.instagram.com\\\/jogapieknacom\\\/\"]}]}<\/script>\n<!-- \/ Yoast SEO plugin. -->","yoast_head_json":{"title":"Contact | JOGA PI\u0118KNA | Joga Twarzy","description":"I am very pleased that you are here and want to contact me. If I can help you with anything, advise you boldly, write to me or call: marta@jogapiekna.com, 601 154 084","robots":{"index":"index","follow":"follow","max-snippet":"max-snippet:-1","max-image-preview":"max-image-preview:large","max-video-preview":"max-video-preview:-1"},"canonical":"https:\/\/jogapiekna.com\/en\/contact\/","og_locale":"en_GB","og_type":"article","og_title":"Contact | JOGA PI\u0118KNA | Joga Twarzy","og_description":"I am very pleased that you are here and want to contact me. If I can help you with anything, advise you boldly, write to me or call: marta@jogapiekna.com, 601 154 084","og_url":"https:\/\/jogapiekna.com\/en\/contact\/","og_site_name":"JOGA PI\u0118KNA | Joga Twarzy","article_publisher":"https:\/\/www.facebook.com\/JogaPieknaCom\/","article_modified_time":"2025-12-09T17:06:37+00:00","og_image":[{"width":469,"height":658,"url":"https:\/\/jogapiekna.com\/wp-content\/uploads\/2018\/08\/marta-kucinska-joga-piekna-1.jpg","type":"image\/jpeg"}],"twitter_card":"summary_large_image","twitter_misc":{"Estimated reading time":"1 minute"},"schema":{"@context":"https:\/\/schema.org","@graph":[{"@type":"WebPage","@id":"https:\/\/jogapiekna.com\/contact\/","url":"https:\/\/jogapiekna.com\/contact\/","name":"Contact | JOGA PI\u0118KNA | Joga Twarzy","isPartOf":{"@id":"https:\/\/jogapiekna.com\/#website"},"primaryImageOfPage":{"@id":"https:\/\/jogapiekna.com\/contact\/#primaryimage"},"image":{"@id":"https:\/\/jogapiekna.com\/contact\/#primaryimage"},"thumbnailUrl":"https:\/\/jogapiekna.com\/wp-content\/uploads\/2018\/08\/marta-kucinska-joga-piekna-1.jpg","datePublished":"2018-08-05T13:09:21+00:00","dateModified":"2025-12-09T17:06:37+00:00","description":"I am very pleased that you are here and want to contact me. If I can help you with anything, advise you boldly, write to me or call: marta@jogapiekna.com, 601 154 084","breadcrumb":{"@id":"https:\/\/jogapiekna.com\/contact\/#breadcrumb"},"inLanguage":"en-GB","potentialAction":[{"@type":"ReadAction","target":["https:\/\/jogapiekna.com\/contact\/"]}]},{"@type":"ImageObject","inLanguage":"en-GB","@id":"https:\/\/jogapiekna.com\/contact\/#primaryimage","url":"https:\/\/jogapiekna.com\/wp-content\/uploads\/2018\/08\/marta-kucinska-joga-piekna-1.jpg","contentUrl":"https:\/\/jogapiekna.com\/wp-content\/uploads\/2018\/08\/marta-kucinska-joga-piekna-1.jpg"},{"@type":"BreadcrumbList","@id":"https:\/\/jogapiekna.com\/contact\/#breadcrumb","itemListElement":[{"@type":"ListItem","position":1,"name":"Strona g\u0142\u00f3wna","item":"https:\/\/jogapiekna.com\/"},{"@type":"ListItem","position":2,"name":"Contact"}]},{"@type":"WebSite","@id":"https:\/\/jogapiekna.com\/#website","url":"https:\/\/jogapiekna.com\/","name":"Yoga Beauty Marta Kuci\u0144ska","description":"Beauty Yoga helps women to maintain their beauty, reverse the signs of passing time and fatigue, regain a radiant appearance, natural smile and improve their self-esteem.","publisher":{"@id":"https:\/\/jogapiekna.com\/#organization"},"potentialAction":[{"@type":"SearchAction","target":{"@type":"EntryPoint","urlTemplate":"https:\/\/jogapiekna.com\/?s={search_term_string}"},"query-input":{"@type":"PropertyValueSpecification","valueRequired":true,"valueName":"search_term_string"}}],"inLanguage":"en-GB"},{"@type":"Organization","@id":"https:\/\/jogapiekna.com\/#organization","name":"Yoga Beauty Marta Kuci\u0144ska","url":"https:\/\/jogapiekna.com\/","logo":{"@type":"ImageObject","inLanguage":"en-GB","@id":"https:\/\/jogapiekna.com\/#\/schema\/logo\/image\/","url":"https:\/\/jogapiekna.com\/wp-content\/uploads\/2022\/09\/joga-piekna-logo_Rka.png","contentUrl":"https:\/\/jogapiekna.com\/wp-content\/uploads\/2022\/09\/joga-piekna-logo_Rka.png","width":231,"height":124,"caption":"Joga Pi\u0119kna Marta Kuci\u0144ska"},"image":{"@id":"https:\/\/jogapiekna.com\/#\/schema\/logo\/image\/"},"sameAs":["https:\/\/www.facebook.com\/JogaPieknaCom\/","https:\/\/www.instagram.com\/jogapieknacom\/"]}]}},"_links":{"self":[{"href":"https:\/\/jogapiekna.com\/en\/wp-json\/wp\/v2\/pages\/140985","targetHints":{"allow":["GET"]}}],"collection":[{"href":"https:\/\/jogapiekna.com\/en\/wp-json\/wp\/v2\/pages"}],"about":[{"href":"https:\/\/jogapiekna.com\/en\/wp-json\/wp\/v2\/types\/page"}],"author":[{"embeddable":true,"href":"https:\/\/jogapiekna.com\/en\/wp-json\/wp\/v2\/users\/1"}],"replies":[{"embeddable":true,"href":"https:\/\/jogapiekna.com\/en\/wp-json\/wp\/v2\/comments?post=140985"}],"version-history":[{"count":1,"href":"https:\/\/jogapiekna.com\/en\/wp-json\/wp\/v2\/pages\/140985\/revisions"}],"predecessor-version":[{"id":211877,"href":"https:\/\/jogapiekna.com\/en\/wp-json\/wp\/v2\/pages\/140985\/revisions\/211877"}],"wp:attachment":[{"href":"https:\/\/jogapiekna.com\/en\/wp-json\/wp\/v2\/media?parent=140985"}],"curies":[{"name":"wp","href":"https:\/\/api.w.org\/{rel}","templated":true}]}}