{"id":140992,"date":"2018-08-16T13:42:10","date_gmt":"2018-08-16T11:42:10","guid":{"rendered":"https:\/\/jogapiekna.com\/courses-workshops-consultations\/individual-consultations\/"},"modified":"2018-08-16T13:42:10","modified_gmt":"2018-08-16T11:42:10","slug":"individual-consultations","status":"publish","type":"page","link":"https:\/\/jogapiekna.com\/en\/courses-workshops-consultations\/individual-consultations\/","title":{"rendered":"Individual consultations"},"content":{"rendered":"<h2 style=\"text-align: center\">Individual training of facial muscles<\/h2>\n<p style=\"text-align: center\">With the passage of time, the face loses its shape and takes on a different expression. Genes, the expressiveness of facial expressions and the quality of daily skin care determine when the first changes occur and how they develop. But one thing is certain: you also have a very strong influence on how your face will look in the future.<\/p>\n<p style=\"text-align: center\">What can you do? Advertisements hint at an innovative line of cosmetics, a treatment to subdue 10 years, Botox. How will you react if I say you don&#8217;t need it at all? The best solution is within you, it is your body that knows the correct answer. It is the training of facial muscles. I will teach you how to perform it correctly and quickly enjoy the results &#8211; a younger appearance and a better mood.<\/p>\n<p style=\"text-align: center\"><img fetchpriority=\"high\" decoding=\"async\" class=\"img-responsive alignnone wp-image-438 size-full\" src=\"http:\/\/jogapiekna.com\/wp-content\/uploads\/2018\/08\/warsztaty-indywidualne-joga-twarzy-small.jpg\" alt=\"\" width=\"466\" height=\"571\" srcset=\"https:\/\/jogapiekna.com\/wp-content\/uploads\/2018\/08\/warsztaty-indywidualne-joga-twarzy-small.jpg 466w, https:\/\/jogapiekna.com\/wp-content\/uploads\/2018\/08\/warsztaty-indywidualne-joga-twarzy-small-300x368.jpg 300w, https:\/\/jogapiekna.com\/wp-content\/uploads\/2018\/08\/warsztaty-indywidualne-joga-twarzy-small-245x300.jpg 245w\" sizes=\"(max-width: 466px) 100vw, 466px\" \/><\/p>\n<h3>OFFER OF CONSULTATION<\/h3>\n<p>Here you will find an offer of consultation, which we will complete in the smallest possible group, that is, two people &#8211; you and me. Together, at your pace, we will go through theory and practice.<\/p>\n<p>Choose the range that interests you, and if you don&#8217;t find exactly what you are looking for, I guarantee that together we will develop a program tailored to you and your body. You can choose a specific area of the face you want to work on, an entire package covering the face and neck, or an individual hour-long session dedicated to your needs identified at the outset.<\/p>\n<p style=\"text-align: center\"><a href=\"https:\/\/jogapiekna.com\/produkt\/konsultacja-indywidualna-on-line-i\/\/\"><img decoding=\"async\" class=\"img-responsive alignnone wp-image-439 size-full\" src=\"https:\/\/jogapiekna.com\/wp-content\/uploads\/2019\/12\/konsultacja_indywidualna_01.jpg\" alt=\"\" width=\"367\" height=\"415\"><span class=\"inner-caption\">Detailed description<\/span><\/a><\/p>\n<p style=\"text-align: center\"><a href=\"https:\/\/jogapiekna.com\/produkt\/konsultacja-ajurwedyjska-podstawowa\/\"><img loading=\"lazy\" decoding=\"async\" class=\"img-responsive alignnone wp-image-441 size-full\" src=\"http:\/\/jogapiekna.com\/wp-content\/uploads\/2018\/08\/konsultacja-ajurwedyjska-ajurwedjoga-piekna.jpg\" alt=\"\" width=\"367\" height=\"415\" srcset=\"https:\/\/jogapiekna.com\/wp-content\/uploads\/2018\/08\/konsultacja-ajurwedyjska-ajurwedjoga-piekna.jpg 367w, https:\/\/jogapiekna.com\/wp-content\/uploads\/2018\/08\/konsultacja-ajurwedyjska-ajurwedjoga-piekna-300x339.jpg 300w, https:\/\/jogapiekna.com\/wp-content\/uploads\/2018\/08\/konsultacja-ajurwedyjska-ajurwedjoga-piekna-265x300.jpg 265w\" sizes=\"(max-width: 367px) 100vw, 367px\" \/><span class=\"inner-caption\">Detailed description<\/span><\/a><\/p>\n<p style=\"text-align: center\"><a href=\"https:\/\/jogapiekna.com\/produkt\/konsultacja-indywidualna-on-line-ii\/\"><img loading=\"lazy\" decoding=\"async\" class=\"img-responsive alignnone wp-image-443 size-full\" src=\"https:\/\/jogapiekna.com\/wp-content\/uploads\/2019\/12\/konsultacja_indywidualna_02.jpg\" alt=\"\" width=\"367\" height=\"415\"><span class=\"inner-caption\">Detailed description<\/span><\/a><\/p>\n<p style=\"text-align: center\"><a href=\"https:\/\/jogapiekna.com\/produkt\/konsultacja-indywidualna-on-line-iii\/\"><img loading=\"lazy\" decoding=\"async\" class=\"img-responsive alignnone wp-image-445 size-full\" src=\"https:\/\/jogapiekna.com\/wp-content\/uploads\/2019\/12\/konsultacja_indywidualna_03.jpg\" alt=\"\" width=\"367\" height=\"415\"><span class=\"inner-caption\">Detailed description<\/span><\/a><\/p>\n<p>[container][row][column md=&#8221;12&#8243;]<\/p>\n<h3 style=\"text-align: center;\">Nie wiesz, jakie \u0107wiczenia twarzy wybra\u0107?<\/h3>\n<div class=\"content\">\n<p style=\"text-align: center;\"><strong>Skontaktuj si\u0119 ze mn\u0105 &#8211; doradz\u0119, co b\u0119dzie dla Ciebie najlepsze.<\/strong><br \/>\n<img decoding=\"async\" class=\"size-full wp-image-46005 aligncenter\" src=\"https:\/\/jogapiekna.com\/wp-content\/uploads\/2021\/04\/Marta-Kucinska-konsultacje.png\" alt=\"Marta Kuci\u0144ska konsultacje\" width=\"196\" height=\"197\" srcset=\"https:\/\/jogapiekna.com\/wp-content\/uploads\/2021\/04\/Marta-Kucinska-konsultacje.png 196w, https:\/\/jogapiekna.com\/wp-content\/uploads\/2021\/04\/Marta-Kucinska-konsultacje-150x150.png 150w, https:\/\/jogapiekna.com\/wp-content\/uploads\/2021\/04\/Marta-Kucinska-konsultacje-100x100.png 100w\" sizes=\"(max-width: 196px) 100vw, 196px\" \/><br \/>\n<i class=\"fas fa-envelope\"><\/i> &#109;&#97;&#x72;&#x74;&#97;&#64;&#x6a;&#x6f;&#103;&#97;&#x70;&#x69;&#101;&#107;&#x6e;&#x61;&#46;&#99;&#x6f;&#x6d;<br \/>\n[\/column][\/row][\/container]<\/p>\n<\/div>\n\n<h3>YOU MAY ALSO BE INTERESTED IN:<\/h3>\n<p style=\"text-align: center\"><a href=\"http:\/\/jogapiekna.com\/oferta\/warsztaty-na-zamowienie\/\"><img loading=\"lazy\" decoding=\"async\" class=\"img-responsive alignnone wp-image-420 size-full\" src=\"http:\/\/jogapiekna.com\/wp-content\/uploads\/2018\/08\/warsztaty-na-zamowienie-joga-piekna.jpg\" alt=\"\" width=\"367\" height=\"263\" srcset=\"https:\/\/jogapiekna.com\/wp-content\/uploads\/2018\/08\/warsztaty-na-zamowienie-joga-piekna.jpg 367w, https:\/\/jogapiekna.com\/wp-content\/uploads\/2018\/08\/warsztaty-na-zamowienie-joga-piekna-300x215.jpg 300w\" sizes=\"(max-width: 367px) 100vw, 367px\" \/><span class=\"inner-caption\">Customized workshops<\/span><\/a><\/p>\n<p style=\"text-align: center\"><a href=\"http:\/\/jogapiekna.com\/oferta\/kursy-online\/\"><img loading=\"lazy\" decoding=\"async\" class=\"img-responsive alignnone wp-image-421 size-full\" src=\"http:\/\/jogapiekna.com\/wp-content\/uploads\/2018\/08\/kursy-online-joga-twarzy.jpg\" alt=\"\" width=\"367\" height=\"263\" srcset=\"https:\/\/jogapiekna.com\/wp-content\/uploads\/2018\/08\/kursy-online-joga-twarzy.jpg 367w, https:\/\/jogapiekna.com\/wp-content\/uploads\/2018\/08\/kursy-online-joga-twarzy-300x215.jpg 300w\" sizes=\"(max-width: 367px) 100vw, 367px\" \/><span class=\"inner-caption\">Online courses<\/span><\/a><\/p>\n","protected":false},"excerpt":{"rendered":"<p>Individual training of facial muscles With the passage of time, the face loses its shape and takes on a different [&hellip;]<\/p>\n","protected":false},"author":1,"featured_media":0,"parent":140984,"menu_order":0,"comment_status":"closed","ping_status":"closed","template":"templates\/template-section.php","meta":{"_acf_changed":false,"site-sidebar-layout":"default","site-content-layout":"","ast-site-content-layout":"default","site-content-style":"default","site-sidebar-style":"default","ast-global-header-display":"","ast-banner-title-visibility":"","ast-main-header-display":"","ast-hfb-above-header-display":"","ast-hfb-below-header-display":"","ast-hfb-mobile-header-display":"","site-post-title":"","ast-breadcrumbs-content":"","ast-featured-img":"","footer-sml-layout":"","ast-disable-related-posts":"","theme-transparent-header-meta":"","adv-header-id-meta":"","stick-header-meta":"","header-above-stick-meta":"","header-main-stick-meta":"","header-below-stick-meta":"","astra-migrate-meta-layouts":"default","ast-page-background-enabled":"default","ast-page-background-meta":{"desktop":{"background-color":"var(--ast-global-color-5)","background-image":"","background-repeat":"repeat","background-position":"center center","background-size":"auto","background-attachment":"scroll","background-type":"","background-media":"","overlay-type":"","overlay-color":"","overlay-opacity":"","overlay-gradient":""},"tablet":{"background-color":"","background-image":"","background-repeat":"repeat","background-position":"center center","background-size":"auto","background-attachment":"scroll","background-type":"","background-media":"","overlay-type":"","overlay-color":"","overlay-opacity":"","overlay-gradient":""},"mobile":{"background-color":"","background-image":"","background-repeat":"repeat","background-position":"center center","background-size":"auto","background-attachment":"scroll","background-type":"","background-media":"","overlay-type":"","overlay-color":"","overlay-opacity":"","overlay-gradient":""}},"ast-content-background-meta":{"desktop":{"background-color":"var(--ast-global-color-4)","background-image":"","background-repeat":"repeat","background-position":"center center","background-size":"auto","background-attachment":"scroll","background-type":"","background-media":"","overlay-type":"","overlay-color":"","overlay-opacity":"","overlay-gradient":""},"tablet":{"background-color":"var(--ast-global-color-4)","background-image":"","background-repeat":"repeat","background-position":"center center","background-size":"auto","background-attachment":"scroll","background-type":"","background-media":"","overlay-type":"","overlay-color":"","overlay-opacity":"","overlay-gradient":""},"mobile":{"background-color":"var(--ast-global-color-4)","background-image":"","background-repeat":"repeat","background-position":"center center","background-size":"auto","background-attachment":"scroll","background-type":"","background-media":"","overlay-type":"","overlay-color":"","overlay-opacity":"","overlay-gradient":""}},"footnotes":""},"class_list":["post-140992","page","type-page","status-publish","hentry"],"acf":[],"yoast_head":"<!-- This site is optimized with the Yoast SEO plugin v27.2 - https:\/\/yoast.com\/product\/yoast-seo-wordpress\/ -->\n<title>Individual consultations | JOGA PI\u0118KNA | Joga Twarzy<\/title>\n<meta name=\"description\" content=\"Individual workshop - facial muscle training. With the passage of time, the face loses its shape and takes on a different expression. Genes, the expressiveness of facial expressions and the quality of daily skin care determine when the first changes occur and how they develop. But one thing is certain: you also have a very strong influence on how your face will look in the future.\" \/>\n<meta name=\"robots\" content=\"index, follow, max-snippet:-1, max-image-preview:large, max-video-preview:-1\" \/>\n<link rel=\"canonical\" href=\"https:\/\/jogapiekna.com\/en\/courses-workshops-consultations\/individual-consultations\/\" \/>\n<meta property=\"og:locale\" content=\"en_GB\" \/>\n<meta property=\"og:type\" content=\"article\" \/>\n<meta property=\"og:title\" content=\"Individual consultations | JOGA PI\u0118KNA | Joga Twarzy\" \/>\n<meta property=\"og:description\" content=\"Individual workshop - facial muscle training. With the passage of time, the face loses its shape and takes on a different expression. Genes, the expressiveness of facial expressions and the quality of daily skin care determine when the first changes occur and how they develop. But one thing is certain: you also have a very strong influence on how your face will look in the future.\" \/>\n<meta property=\"og:url\" content=\"https:\/\/jogapiekna.com\/en\/courses-workshops-consultations\/individual-consultations\/\" \/>\n<meta property=\"og:site_name\" content=\"JOGA PI\u0118KNA | Joga Twarzy\" \/>\n<meta property=\"article:publisher\" content=\"https:\/\/www.facebook.com\/JogaPieknaCom\/\" \/>\n<meta property=\"og:image\" content=\"http:\/\/jogapiekna.com\/wp-content\/uploads\/2018\/08\/warsztaty-indywidualne-joga-twarzy-small.jpg\" \/>\n<meta name=\"twitter:card\" content=\"summary_large_image\" \/>\n<meta name=\"twitter:label1\" content=\"Estimated reading time\" \/>\n\t<meta name=\"twitter:data1\" content=\"1 minute\" \/>\n<script type=\"application\/ld+json\" class=\"yoast-schema-graph\">{\"@context\":\"https:\/\/schema.org\",\"@graph\":[{\"@type\":\"WebPage\",\"@id\":\"https:\/\/jogapiekna.com\/courses-workshops-consultations\/individual-consultations\/\",\"url\":\"https:\/\/jogapiekna.com\/courses-workshops-consultations\/individual-consultations\/\",\"name\":\"Individual consultations | JOGA PI\u0118KNA | Joga Twarzy\",\"isPartOf\":{\"@id\":\"https:\/\/jogapiekna.com\/#website\"},\"primaryImageOfPage\":{\"@id\":\"https:\/\/jogapiekna.com\/courses-workshops-consultations\/individual-consultations\/#primaryimage\"},\"image\":{\"@id\":\"https:\/\/jogapiekna.com\/courses-workshops-consultations\/individual-consultations\/#primaryimage\"},\"thumbnailUrl\":\"http:\/\/jogapiekna.com\/wp-content\/uploads\/2018\/08\/warsztaty-indywidualne-joga-twarzy-small.jpg\",\"datePublished\":\"2018-08-16T11:42:10+00:00\",\"description\":\"Individual workshop - facial muscle training. With the passage of time, the face loses its shape and takes on a different expression. Genes, the expressiveness of facial expressions and the quality of daily skin care determine when the first changes occur and how they develop. But one thing is certain: you also have a very strong influence on how your face will look in the future.\",\"breadcrumb\":{\"@id\":\"https:\/\/jogapiekna.com\/courses-workshops-consultations\/individual-consultations\/#breadcrumb\"},\"inLanguage\":\"en-GB\",\"potentialAction\":[{\"@type\":\"ReadAction\",\"target\":[\"https:\/\/jogapiekna.com\/courses-workshops-consultations\/individual-consultations\/\"]}]},{\"@type\":\"ImageObject\",\"inLanguage\":\"en-GB\",\"@id\":\"https:\/\/jogapiekna.com\/courses-workshops-consultations\/individual-consultations\/#primaryimage\",\"url\":\"http:\/\/jogapiekna.com\/wp-content\/uploads\/2018\/08\/warsztaty-indywidualne-joga-twarzy-small.jpg\",\"contentUrl\":\"http:\/\/jogapiekna.com\/wp-content\/uploads\/2018\/08\/warsztaty-indywidualne-joga-twarzy-small.jpg\"},{\"@type\":\"BreadcrumbList\",\"@id\":\"https:\/\/jogapiekna.com\/courses-workshops-consultations\/individual-consultations\/#breadcrumb\",\"itemListElement\":[{\"@type\":\"ListItem\",\"position\":1,\"name\":\"Strona g\u0142\u00f3wna\",\"item\":\"https:\/\/jogapiekna.com\/\"},{\"@type\":\"ListItem\",\"position\":2,\"name\":\"Courses, workshops, consultations\",\"item\":\"https:\/\/jogapiekna.com\/courses-workshops-consultations\/\"},{\"@type\":\"ListItem\",\"position\":3,\"name\":\"Individual consultations\"}]},{\"@type\":\"WebSite\",\"@id\":\"https:\/\/jogapiekna.com\/#website\",\"url\":\"https:\/\/jogapiekna.com\/\",\"name\":\"Joga Pi\u0119kna Marta Kuci\u0144ska\",\"description\":\"Joga Pi\u0119kna pomaga kobietom zachowa\u0107 urod\u0119, cofn\u0105\u0107 oznaki up\u0142ywaj\u0105cego czasu i zm\u0119czenia, odzyska\u0107 promienny wygl\u0105d, naturalny u\u015bmiech i popraw\u0119 w\u0142asnej samooceny.\",\"publisher\":{\"@id\":\"https:\/\/jogapiekna.com\/#organization\"},\"potentialAction\":[{\"@type\":\"SearchAction\",\"target\":{\"@type\":\"EntryPoint\",\"urlTemplate\":\"https:\/\/jogapiekna.com\/?s={search_term_string}\"},\"query-input\":{\"@type\":\"PropertyValueSpecification\",\"valueRequired\":true,\"valueName\":\"search_term_string\"}}],\"inLanguage\":\"en-GB\"},{\"@type\":\"Organization\",\"@id\":\"https:\/\/jogapiekna.com\/#organization\",\"name\":\"Joga Pi\u0119kna Marta Kuci\u0144ska\",\"url\":\"https:\/\/jogapiekna.com\/\",\"logo\":{\"@type\":\"ImageObject\",\"inLanguage\":\"en-GB\",\"@id\":\"https:\/\/jogapiekna.com\/#\/schema\/logo\/image\/\",\"url\":\"https:\/\/jogapiekna.com\/wp-content\/uploads\/2022\/09\/joga-piekna-logo_Rka.png\",\"contentUrl\":\"https:\/\/jogapiekna.com\/wp-content\/uploads\/2022\/09\/joga-piekna-logo_Rka.png\",\"width\":231,\"height\":124,\"caption\":\"Joga Pi\u0119kna Marta Kuci\u0144ska\"},\"image\":{\"@id\":\"https:\/\/jogapiekna.com\/#\/schema\/logo\/image\/\"},\"sameAs\":[\"https:\/\/www.facebook.com\/JogaPieknaCom\/\",\"https:\/\/www.instagram.com\/jogapieknacom\/\"]}]}<\/script>\n<!-- \/ Yoast SEO plugin. -->","yoast_head_json":{"title":"Individual consultations | JOGA PI\u0118KNA | Joga Twarzy","description":"Individual workshop - facial muscle training. With the passage of time, the face loses its shape and takes on a different expression. Genes, the expressiveness of facial expressions and the quality of daily skin care determine when the first changes occur and how they develop. But one thing is certain: you also have a very strong influence on how your face will look in the future.","robots":{"index":"index","follow":"follow","max-snippet":"max-snippet:-1","max-image-preview":"max-image-preview:large","max-video-preview":"max-video-preview:-1"},"canonical":"https:\/\/jogapiekna.com\/en\/courses-workshops-consultations\/individual-consultations\/","og_locale":"en_GB","og_type":"article","og_title":"Individual consultations | JOGA PI\u0118KNA | Joga Twarzy","og_description":"Individual workshop - facial muscle training. With the passage of time, the face loses its shape and takes on a different expression. Genes, the expressiveness of facial expressions and the quality of daily skin care determine when the first changes occur and how they develop. But one thing is certain: you also have a very strong influence on how your face will look in the future.","og_url":"https:\/\/jogapiekna.com\/en\/courses-workshops-consultations\/individual-consultations\/","og_site_name":"JOGA PI\u0118KNA | Joga Twarzy","article_publisher":"https:\/\/www.facebook.com\/JogaPieknaCom\/","og_image":[{"url":"http:\/\/jogapiekna.com\/wp-content\/uploads\/2018\/08\/warsztaty-indywidualne-joga-twarzy-small.jpg","type":"","width":"","height":""}],"twitter_card":"summary_large_image","twitter_misc":{"Estimated reading time":"1 minute"},"schema":{"@context":"https:\/\/schema.org","@graph":[{"@type":"WebPage","@id":"https:\/\/jogapiekna.com\/courses-workshops-consultations\/individual-consultations\/","url":"https:\/\/jogapiekna.com\/courses-workshops-consultations\/individual-consultations\/","name":"Individual consultations | JOGA PI\u0118KNA | Joga Twarzy","isPartOf":{"@id":"https:\/\/jogapiekna.com\/#website"},"primaryImageOfPage":{"@id":"https:\/\/jogapiekna.com\/courses-workshops-consultations\/individual-consultations\/#primaryimage"},"image":{"@id":"https:\/\/jogapiekna.com\/courses-workshops-consultations\/individual-consultations\/#primaryimage"},"thumbnailUrl":"http:\/\/jogapiekna.com\/wp-content\/uploads\/2018\/08\/warsztaty-indywidualne-joga-twarzy-small.jpg","datePublished":"2018-08-16T11:42:10+00:00","description":"Individual workshop - facial muscle training. With the passage of time, the face loses its shape and takes on a different expression. Genes, the expressiveness of facial expressions and the quality of daily skin care determine when the first changes occur and how they develop. But one thing is certain: you also have a very strong influence on how your face will look in the future.","breadcrumb":{"@id":"https:\/\/jogapiekna.com\/courses-workshops-consultations\/individual-consultations\/#breadcrumb"},"inLanguage":"en-GB","potentialAction":[{"@type":"ReadAction","target":["https:\/\/jogapiekna.com\/courses-workshops-consultations\/individual-consultations\/"]}]},{"@type":"ImageObject","inLanguage":"en-GB","@id":"https:\/\/jogapiekna.com\/courses-workshops-consultations\/individual-consultations\/#primaryimage","url":"http:\/\/jogapiekna.com\/wp-content\/uploads\/2018\/08\/warsztaty-indywidualne-joga-twarzy-small.jpg","contentUrl":"http:\/\/jogapiekna.com\/wp-content\/uploads\/2018\/08\/warsztaty-indywidualne-joga-twarzy-small.jpg"},{"@type":"BreadcrumbList","@id":"https:\/\/jogapiekna.com\/courses-workshops-consultations\/individual-consultations\/#breadcrumb","itemListElement":[{"@type":"ListItem","position":1,"name":"Strona g\u0142\u00f3wna","item":"https:\/\/jogapiekna.com\/"},{"@type":"ListItem","position":2,"name":"Courses, workshops, consultations","item":"https:\/\/jogapiekna.com\/courses-workshops-consultations\/"},{"@type":"ListItem","position":3,"name":"Individual consultations"}]},{"@type":"WebSite","@id":"https:\/\/jogapiekna.com\/#website","url":"https:\/\/jogapiekna.com\/","name":"Yoga Beauty Marta Kuci\u0144ska","description":"Beauty Yoga helps women to maintain their beauty, reverse the signs of passing time and fatigue, regain a radiant appearance, natural smile and improve their self-esteem.","publisher":{"@id":"https:\/\/jogapiekna.com\/#organization"},"potentialAction":[{"@type":"SearchAction","target":{"@type":"EntryPoint","urlTemplate":"https:\/\/jogapiekna.com\/?s={search_term_string}"},"query-input":{"@type":"PropertyValueSpecification","valueRequired":true,"valueName":"search_term_string"}}],"inLanguage":"en-GB"},{"@type":"Organization","@id":"https:\/\/jogapiekna.com\/#organization","name":"Yoga Beauty Marta Kuci\u0144ska","url":"https:\/\/jogapiekna.com\/","logo":{"@type":"ImageObject","inLanguage":"en-GB","@id":"https:\/\/jogapiekna.com\/#\/schema\/logo\/image\/","url":"https:\/\/jogapiekna.com\/wp-content\/uploads\/2022\/09\/joga-piekna-logo_Rka.png","contentUrl":"https:\/\/jogapiekna.com\/wp-content\/uploads\/2022\/09\/joga-piekna-logo_Rka.png","width":231,"height":124,"caption":"Joga Pi\u0119kna Marta Kuci\u0144ska"},"image":{"@id":"https:\/\/jogapiekna.com\/#\/schema\/logo\/image\/"},"sameAs":["https:\/\/www.facebook.com\/JogaPieknaCom\/","https:\/\/www.instagram.com\/jogapieknacom\/"]}]}},"_links":{"self":[{"href":"https:\/\/jogapiekna.com\/en\/wp-json\/wp\/v2\/pages\/140992","targetHints":{"allow":["GET"]}}],"collection":[{"href":"https:\/\/jogapiekna.com\/en\/wp-json\/wp\/v2\/pages"}],"about":[{"href":"https:\/\/jogapiekna.com\/en\/wp-json\/wp\/v2\/types\/page"}],"author":[{"embeddable":true,"href":"https:\/\/jogapiekna.com\/en\/wp-json\/wp\/v2\/users\/1"}],"replies":[{"embeddable":true,"href":"https:\/\/jogapiekna.com\/en\/wp-json\/wp\/v2\/comments?post=140992"}],"version-history":[{"count":0,"href":"https:\/\/jogapiekna.com\/en\/wp-json\/wp\/v2\/pages\/140992\/revisions"}],"up":[{"embeddable":true,"href":"https:\/\/jogapiekna.com\/en\/wp-json\/wp\/v2\/pages\/140984"}],"wp:attachment":[{"href":"https:\/\/jogapiekna.com\/en\/wp-json\/wp\/v2\/media?parent=140992"}],"curies":[{"name":"wp","href":"https:\/\/api.w.org\/{rel}","templated":true}]}}