{"id":141266,"date":"2019-04-07T22:14:43","date_gmt":"2019-04-07T20:14:43","guid":{"rendered":"https:\/\/jogapiekna.com\/yoga-beauty-clothing-collection\/"},"modified":"2019-04-07T22:14:43","modified_gmt":"2019-04-07T20:14:43","slug":"yoga-beauty-clothing-collection","status":"publish","type":"page","link":"https:\/\/jogapiekna.com\/en\/yoga-beauty-clothing-collection\/","title":{"rendered":"\u201eYoga Beauty\u201d clothing collection."},"content":{"rendered":"<h3>My name is Marta Kuci\u0144ska. I am a yogini, granddaughter of a tailor, and creator of the Yoga Beauty brand.<br \/>\nI have been designing and sewing for women for sixteen years and I believe there is a recipe for the perfect outfit. It should be versatile, suitable for many occasions and comfortable, like a second skin.<\/h3>\n<p>The truth that fashion brand designers sometimes forget is that we are not for fashion, but fashion is for us. It should favour us. Bring out the beauty, expose the feminine curves, while covering up what we may prefer to hide.<\/p>\n<p>I try to always remember that.<\/p>\n<p><img fetchpriority=\"high\" decoding=\"async\" class=\"img-responsive\" src=\"https:\/\/jogapiekna.com\/wp-content\/uploads\/2020\/05\/martakucinska_kolekcja.jpg\" alt=\"\" width=\"469\" height=\"608\"><\/p>\n<p><img decoding=\"async\" class=\"img-responsive aligncenter wp-image-593 size-full\" src=\"https:\/\/jogapiekna.com\/wp-content\/uploads\/2020\/05\/slider.jpg\" alt=\"\" width=\"1168\" height=\"876\"><\/p>\n<p><img decoding=\"async\" class=\"img-responsive\" src=\"https:\/\/jogapiekna.com\/wp-content\/uploads\/2020\/05\/kolekcja4.jpg\" alt=\"\" width=\"469\" height=\"608\"><\/p>\n<p>As I work on my collections, I think of you. About the person who will wear pants, blouses and dresses signed with the gold rosette of Yoga Beauty. I think of a woman who wants to feel comfortable and pleasant in any situation - from morning exercise to an evening meeting with friends.<\/p>\n<p>Yoga Beauty brand clothes are designed and sewn to, saving the environment, serve you for years. They are created in Poland from high-quality materials, with attention to every last detail. They match each other, they match the things you already have in your closet.<\/p>\n<p>They suit you \ud83d\ude09<\/p>\n<h3 style=\"text-align: center\">EXPLORE MY COLLECTION<\/h3>\n<p><img loading=\"lazy\" decoding=\"async\" class=\"img-responsive\" src=\"https:\/\/jogapiekna.com\/wp-content\/uploads\/2020\/05\/sukienki3.jpg\" alt=\"\" width=\"367\" height=\"420\"><\/p>\n<p style=\"text-align: center\"><a class=\"btn-jp btn-wrinkles\" href=\"https:\/\/jogapiekna.com\/en\/product-category\/kolekcja\/sukienki\/\"><span class=\"inner\">SUITS<\/span><\/a><\/p>\n<p><img loading=\"lazy\" decoding=\"async\" class=\"img-responsive\" src=\"https:\/\/jogapiekna.com\/wp-content\/uploads\/2020\/05\/bluzki.jpg\" alt=\"\" width=\"367\" height=\"420\"><\/p>\n<p style=\"text-align: center\"><a class=\"btn-jp btn-wrinkles\" href=\"https:\/\/jogapiekna.com\/en\/product-category\/kolekcja\/bluzki\/\"><span class=\"inner\">BLUES<\/span><\/a><\/p>\n<p><img loading=\"lazy\" decoding=\"async\" class=\"img-responsive\" src=\"https:\/\/jogapiekna.com\/wp-content\/uploads\/2020\/05\/spodnie.jpg\" alt=\"\" width=\"367\" height=\"420\"><\/p>\n<p style=\"text-align: center\"><a class=\"btn-jp btn-wrinkles\" href=\"https:\/\/jogapiekna.com\/en\/product-category\/kolekcja\/spodnie\/\"><span class=\"inner\">PANTS<\/span><\/a><\/p>","protected":false},"excerpt":{"rendered":"<p>My name is Marta Kuci\u0144ska. I am a yogini, granddaughter of a tailor, and creator of the Yoga Beauty brand. [&hellip;]<\/p>\n","protected":false},"author":1,"featured_media":0,"parent":0,"menu_order":5,"comment_status":"closed","ping_status":"closed","template":"page-templates\/page-builder.php","meta":{"_acf_changed":false,"site-sidebar-layout":"default","site-content-layout":"","ast-site-content-layout":"default","site-content-style":"default","site-sidebar-style":"default","ast-global-header-display":"","ast-banner-title-visibility":"","ast-main-header-display":"","ast-hfb-above-header-display":"","ast-hfb-below-header-display":"","ast-hfb-mobile-header-display":"","site-post-title":"","ast-breadcrumbs-content":"","ast-featured-img":"","footer-sml-layout":"","ast-disable-related-posts":"","theme-transparent-header-meta":"","adv-header-id-meta":"","stick-header-meta":"","header-above-stick-meta":"","header-main-stick-meta":"","header-below-stick-meta":"","astra-migrate-meta-layouts":"default","ast-page-background-enabled":"default","ast-page-background-meta":{"desktop":{"background-color":"var(--ast-global-color-5)","background-image":"","background-repeat":"repeat","background-position":"center center","background-size":"auto","background-attachment":"scroll","background-type":"","background-media":"","overlay-type":"","overlay-color":"","overlay-opacity":"","overlay-gradient":""},"tablet":{"background-color":"","background-image":"","background-repeat":"repeat","background-position":"center center","background-size":"auto","background-attachment":"scroll","background-type":"","background-media":"","overlay-type":"","overlay-color":"","overlay-opacity":"","overlay-gradient":""},"mobile":{"background-color":"","background-image":"","background-repeat":"repeat","background-position":"center center","background-size":"auto","background-attachment":"scroll","background-type":"","background-media":"","overlay-type":"","overlay-color":"","overlay-opacity":"","overlay-gradient":""}},"ast-content-background-meta":{"desktop":{"background-color":"var(--ast-global-color-4)","background-image":"","background-repeat":"repeat","background-position":"center center","background-size":"auto","background-attachment":"scroll","background-type":"","background-media":"","overlay-type":"","overlay-color":"","overlay-opacity":"","overlay-gradient":""},"tablet":{"background-color":"var(--ast-global-color-4)","background-image":"","background-repeat":"repeat","background-position":"center center","background-size":"auto","background-attachment":"scroll","background-type":"","background-media":"","overlay-type":"","overlay-color":"","overlay-opacity":"","overlay-gradient":""},"mobile":{"background-color":"var(--ast-global-color-4)","background-image":"","background-repeat":"repeat","background-position":"center center","background-size":"auto","background-attachment":"scroll","background-type":"","background-media":"","overlay-type":"","overlay-color":"","overlay-opacity":"","overlay-gradient":""}},"footnotes":""},"class_list":["post-141266","page","type-page","status-publish","hentry"],"acf":[],"yoast_head":"<!-- This site is optimized with the Yoast SEO plugin v27.4 - https:\/\/yoast.com\/product\/yoast-seo-wordpress\/ -->\n<title>&quot;Yoga Beauty&quot; clothing collection. | JOGA PI\u0118KNA | Joga Twarzy<\/title>\n<meta name=\"robots\" content=\"index, follow, max-snippet:-1, max-image-preview:large, max-video-preview:-1\" \/>\n<link rel=\"canonical\" href=\"https:\/\/jogapiekna.com\/en\/yoga-beauty-clothing-collection\/\" \/>\n<meta property=\"og:locale\" content=\"en_GB\" \/>\n<meta property=\"og:type\" content=\"article\" \/>\n<meta property=\"og:title\" content=\"&quot;Yoga Beauty&quot; clothing collection. | JOGA PI\u0118KNA | Joga Twarzy\" \/>\n<meta property=\"og:description\" content=\"My name is Marta Kuci\u0144ska. I am a yogini, granddaughter of a tailor, and creator of the Yoga Beauty brand. [&hellip;]\" \/>\n<meta property=\"og:url\" content=\"https:\/\/jogapiekna.com\/en\/yoga-beauty-clothing-collection\/\" \/>\n<meta property=\"og:site_name\" content=\"JOGA PI\u0118KNA | Joga Twarzy\" \/>\n<meta property=\"article:publisher\" content=\"https:\/\/www.facebook.com\/JogaPieknaCom\/\" \/>\n<meta property=\"og:image\" content=\"https:\/\/jogapiekna.com\/wp-content\/uploads\/2020\/05\/martakucinska_kolekcja.jpg\" \/>\n<meta name=\"twitter:card\" content=\"summary_large_image\" \/>\n<meta name=\"twitter:label1\" content=\"Estimated reading time\" \/>\n\t<meta name=\"twitter:data1\" content=\"1 minute\" \/>\n<script type=\"application\/ld+json\" class=\"yoast-schema-graph\">{\"@context\":\"https:\\\/\\\/schema.org\",\"@graph\":[{\"@type\":\"WebPage\",\"@id\":\"https:\\\/\\\/jogapiekna.com\\\/yoga-beauty-clothing-collection\\\/\",\"url\":\"https:\\\/\\\/jogapiekna.com\\\/yoga-beauty-clothing-collection\\\/\",\"name\":\"\\\"Yoga Beauty\\\" clothing collection. | JOGA PI\u0118KNA | Joga Twarzy\",\"isPartOf\":{\"@id\":\"https:\\\/\\\/jogapiekna.com\\\/#website\"},\"primaryImageOfPage\":{\"@id\":\"https:\\\/\\\/jogapiekna.com\\\/yoga-beauty-clothing-collection\\\/#primaryimage\"},\"image\":{\"@id\":\"https:\\\/\\\/jogapiekna.com\\\/yoga-beauty-clothing-collection\\\/#primaryimage\"},\"thumbnailUrl\":\"https:\\\/\\\/jogapiekna.com\\\/wp-content\\\/uploads\\\/2020\\\/05\\\/martakucinska_kolekcja.jpg\",\"datePublished\":\"2019-04-07T20:14:43+00:00\",\"breadcrumb\":{\"@id\":\"https:\\\/\\\/jogapiekna.com\\\/yoga-beauty-clothing-collection\\\/#breadcrumb\"},\"inLanguage\":\"en-GB\",\"potentialAction\":[{\"@type\":\"ReadAction\",\"target\":[\"https:\\\/\\\/jogapiekna.com\\\/yoga-beauty-clothing-collection\\\/\"]}]},{\"@type\":\"ImageObject\",\"inLanguage\":\"en-GB\",\"@id\":\"https:\\\/\\\/jogapiekna.com\\\/yoga-beauty-clothing-collection\\\/#primaryimage\",\"url\":\"https:\\\/\\\/jogapiekna.com\\\/wp-content\\\/uploads\\\/2020\\\/05\\\/martakucinska_kolekcja.jpg\",\"contentUrl\":\"https:\\\/\\\/jogapiekna.com\\\/wp-content\\\/uploads\\\/2020\\\/05\\\/martakucinska_kolekcja.jpg\"},{\"@type\":\"BreadcrumbList\",\"@id\":\"https:\\\/\\\/jogapiekna.com\\\/yoga-beauty-clothing-collection\\\/#breadcrumb\",\"itemListElement\":[{\"@type\":\"ListItem\",\"position\":1,\"name\":\"Strona g\u0142\u00f3wna\",\"item\":\"https:\\\/\\\/jogapiekna.com\\\/\"},{\"@type\":\"ListItem\",\"position\":2,\"name\":\"&#8220;Yoga Beauty&#8221; clothing collection.\"}]},{\"@type\":\"WebSite\",\"@id\":\"https:\\\/\\\/jogapiekna.com\\\/#website\",\"url\":\"https:\\\/\\\/jogapiekna.com\\\/\",\"name\":\"Joga Pi\u0119kna Marta Kuci\u0144ska\",\"description\":\"Joga Pi\u0119kna pomaga kobietom zachowa\u0107 urod\u0119, cofn\u0105\u0107 oznaki up\u0142ywaj\u0105cego czasu i zm\u0119czenia, odzyska\u0107 promienny wygl\u0105d, naturalny u\u015bmiech i popraw\u0119 w\u0142asnej samooceny.\",\"publisher\":{\"@id\":\"https:\\\/\\\/jogapiekna.com\\\/#organization\"},\"potentialAction\":[{\"@type\":\"SearchAction\",\"target\":{\"@type\":\"EntryPoint\",\"urlTemplate\":\"https:\\\/\\\/jogapiekna.com\\\/?s={search_term_string}\"},\"query-input\":{\"@type\":\"PropertyValueSpecification\",\"valueRequired\":true,\"valueName\":\"search_term_string\"}}],\"inLanguage\":\"en-GB\"},{\"@type\":\"Organization\",\"@id\":\"https:\\\/\\\/jogapiekna.com\\\/#organization\",\"name\":\"Joga Pi\u0119kna Marta Kuci\u0144ska\",\"url\":\"https:\\\/\\\/jogapiekna.com\\\/\",\"logo\":{\"@type\":\"ImageObject\",\"inLanguage\":\"en-GB\",\"@id\":\"https:\\\/\\\/jogapiekna.com\\\/#\\\/schema\\\/logo\\\/image\\\/\",\"url\":\"https:\\\/\\\/jogapiekna.com\\\/wp-content\\\/uploads\\\/2022\\\/09\\\/joga-piekna-logo_Rka.png\",\"contentUrl\":\"https:\\\/\\\/jogapiekna.com\\\/wp-content\\\/uploads\\\/2022\\\/09\\\/joga-piekna-logo_Rka.png\",\"width\":231,\"height\":124,\"caption\":\"Joga Pi\u0119kna Marta Kuci\u0144ska\"},\"image\":{\"@id\":\"https:\\\/\\\/jogapiekna.com\\\/#\\\/schema\\\/logo\\\/image\\\/\"},\"sameAs\":[\"https:\\\/\\\/www.facebook.com\\\/JogaPieknaCom\\\/\",\"https:\\\/\\\/www.instagram.com\\\/jogapieknacom\\\/\"]}]}<\/script>\n<!-- \/ Yoast SEO plugin. -->","yoast_head_json":{"title":"\"Yoga Beauty\" clothing collection. | JOGA PI\u0118KNA | Joga Twarzy","robots":{"index":"index","follow":"follow","max-snippet":"max-snippet:-1","max-image-preview":"max-image-preview:large","max-video-preview":"max-video-preview:-1"},"canonical":"https:\/\/jogapiekna.com\/en\/yoga-beauty-clothing-collection\/","og_locale":"en_GB","og_type":"article","og_title":"\"Yoga Beauty\" clothing collection. | JOGA PI\u0118KNA | Joga Twarzy","og_description":"My name is Marta Kuci\u0144ska. I am a yogini, granddaughter of a tailor, and creator of the Yoga Beauty brand. [&hellip;]","og_url":"https:\/\/jogapiekna.com\/en\/yoga-beauty-clothing-collection\/","og_site_name":"JOGA PI\u0118KNA | Joga Twarzy","article_publisher":"https:\/\/www.facebook.com\/JogaPieknaCom\/","og_image":[{"url":"https:\/\/jogapiekna.com\/wp-content\/uploads\/2020\/05\/martakucinska_kolekcja.jpg","type":"","width":"","height":""}],"twitter_card":"summary_large_image","twitter_misc":{"Estimated reading time":"1 minute"},"schema":{"@context":"https:\/\/schema.org","@graph":[{"@type":"WebPage","@id":"https:\/\/jogapiekna.com\/yoga-beauty-clothing-collection\/","url":"https:\/\/jogapiekna.com\/yoga-beauty-clothing-collection\/","name":"\"Yoga Beauty\" clothing collection. | JOGA PI\u0118KNA | Joga Twarzy","isPartOf":{"@id":"https:\/\/jogapiekna.com\/#website"},"primaryImageOfPage":{"@id":"https:\/\/jogapiekna.com\/yoga-beauty-clothing-collection\/#primaryimage"},"image":{"@id":"https:\/\/jogapiekna.com\/yoga-beauty-clothing-collection\/#primaryimage"},"thumbnailUrl":"https:\/\/jogapiekna.com\/wp-content\/uploads\/2020\/05\/martakucinska_kolekcja.jpg","datePublished":"2019-04-07T20:14:43+00:00","breadcrumb":{"@id":"https:\/\/jogapiekna.com\/yoga-beauty-clothing-collection\/#breadcrumb"},"inLanguage":"en-GB","potentialAction":[{"@type":"ReadAction","target":["https:\/\/jogapiekna.com\/yoga-beauty-clothing-collection\/"]}]},{"@type":"ImageObject","inLanguage":"en-GB","@id":"https:\/\/jogapiekna.com\/yoga-beauty-clothing-collection\/#primaryimage","url":"https:\/\/jogapiekna.com\/wp-content\/uploads\/2020\/05\/martakucinska_kolekcja.jpg","contentUrl":"https:\/\/jogapiekna.com\/wp-content\/uploads\/2020\/05\/martakucinska_kolekcja.jpg"},{"@type":"BreadcrumbList","@id":"https:\/\/jogapiekna.com\/yoga-beauty-clothing-collection\/#breadcrumb","itemListElement":[{"@type":"ListItem","position":1,"name":"Strona g\u0142\u00f3wna","item":"https:\/\/jogapiekna.com\/"},{"@type":"ListItem","position":2,"name":"&#8220;Yoga Beauty&#8221; clothing collection."}]},{"@type":"WebSite","@id":"https:\/\/jogapiekna.com\/#website","url":"https:\/\/jogapiekna.com\/","name":"Yoga Beauty Marta Kuci\u0144ska","description":"Beauty Yoga helps women to maintain their beauty, reverse the signs of passing time and fatigue, regain a radiant appearance, natural smile and improve their self-esteem.","publisher":{"@id":"https:\/\/jogapiekna.com\/#organization"},"potentialAction":[{"@type":"SearchAction","target":{"@type":"EntryPoint","urlTemplate":"https:\/\/jogapiekna.com\/?s={search_term_string}"},"query-input":{"@type":"PropertyValueSpecification","valueRequired":true,"valueName":"search_term_string"}}],"inLanguage":"en-GB"},{"@type":"Organization","@id":"https:\/\/jogapiekna.com\/#organization","name":"Yoga Beauty Marta Kuci\u0144ska","url":"https:\/\/jogapiekna.com\/","logo":{"@type":"ImageObject","inLanguage":"en-GB","@id":"https:\/\/jogapiekna.com\/#\/schema\/logo\/image\/","url":"https:\/\/jogapiekna.com\/wp-content\/uploads\/2022\/09\/joga-piekna-logo_Rka.png","contentUrl":"https:\/\/jogapiekna.com\/wp-content\/uploads\/2022\/09\/joga-piekna-logo_Rka.png","width":231,"height":124,"caption":"Joga Pi\u0119kna Marta Kuci\u0144ska"},"image":{"@id":"https:\/\/jogapiekna.com\/#\/schema\/logo\/image\/"},"sameAs":["https:\/\/www.facebook.com\/JogaPieknaCom\/","https:\/\/www.instagram.com\/jogapieknacom\/"]}]}},"_links":{"self":[{"href":"https:\/\/jogapiekna.com\/en\/wp-json\/wp\/v2\/pages\/141266","targetHints":{"allow":["GET"]}}],"collection":[{"href":"https:\/\/jogapiekna.com\/en\/wp-json\/wp\/v2\/pages"}],"about":[{"href":"https:\/\/jogapiekna.com\/en\/wp-json\/wp\/v2\/types\/page"}],"author":[{"embeddable":true,"href":"https:\/\/jogapiekna.com\/en\/wp-json\/wp\/v2\/users\/1"}],"replies":[{"embeddable":true,"href":"https:\/\/jogapiekna.com\/en\/wp-json\/wp\/v2\/comments?post=141266"}],"version-history":[{"count":0,"href":"https:\/\/jogapiekna.com\/en\/wp-json\/wp\/v2\/pages\/141266\/revisions"}],"wp:attachment":[{"href":"https:\/\/jogapiekna.com\/en\/wp-json\/wp\/v2\/media?parent=141266"}],"curies":[{"name":"wp","href":"https:\/\/api.w.org\/{rel}","templated":true}]}}