{"id":150501,"date":"2023-12-19T13:01:37","date_gmt":"2023-12-19T12:01:37","guid":{"rendered":"https:\/\/jogapiekna.com\/?page_id=150501"},"modified":"2025-08-10T20:36:49","modified_gmt":"2025-08-10T18:36:49","slug":"regulamin-promocji","status":"publish","type":"page","link":"https:\/\/jogapiekna.com\/en\/regulamin-promocji\/","title":{"rendered":"Terms and conditions of the promotion from 13.08.2025 to 24.08.2025 in the shop www.jogapiekna.com"},"content":{"rendered":"<p><strong><strong>Terms and conditions of the promotion from 13.08.2025 to 24.08.2025 in the shop www.jogapiekna.com<\/strong><\/strong><\/p>\n\n\n\n<p><strong>1. general provisions<\/strong><\/p>\n\n\n\n<p>These Regulations specify the rules of the promotion conducted in the online shop www.jogapiekna.com, run by Joga Pi\u0119kna Marta Kuci\u0144ska-Bielecka with its registered office in \u0141\u00f3d\u017a, 119 Legion\u00f3w Street, NIP: 7271470454.<\/p>\n\n\n\n<p><strong>2. Duration of the promotion<\/strong><\/p>\n\n\n\n<p>The promotion is valid from 13.08.2025 to 24.08.2025 in the online shop www.jogapiekna.com.<\/p>\n\n\n\n<p><strong>3 Promotion principles<\/strong><\/p>\n\n\n\n<p>As part of the promotion, anyone who makes a purchase in accordance with the rules below during the promotion period will receive the assigned product free of charge:<\/p>\n\n\n\n<p>a) -30% for single online courses - discount already included in the product.<\/p>\n\n\n\n<p>b) When purchasing the Multifunctional Lifting Massager with radio waves (RF), EMS and LED light Yoga Beauty Premium - the client will receive the APIS LIFTING PEPTIDE lifting and tightening ultrasound gel 200 ml at a price of PLN 0.01\/br.<\/p>\n\n\n\n<p>c) With the purchase of the Glow Lift massager - the client will receive the APIS LIFTING PEPTIDE lifting and tightening ultrasound gel 200 ml at a price of PLN 0.01\/br.<\/p>\n\n\n\n<p>d) When purchasing a Scalp Massager - the customer will receive a large silk hair elastic band for 0,01 PLN\/br. Choice of one of the colours: graphite or beige.&nbsp;<\/p>\n\n\n\n<p>e) With the purchase of Gua Sha electric - the client will receive glitter body bubbles at a price of 0,01 PLN\/br.<\/p>\n\n\n\n<p>f) When purchasing a Multifunctional Massager and a Scalp Massager at the same time - the customer will receive a discount of PLN 100 (discount calculated automatically in the shopping basket)<\/p>\n\n\n\n<p><strong>4 General conditions<\/strong><\/p>\n\n\n\n<p>a) Promotions do not cumulate unless otherwise stated in the promotion description.<\/p>\n\n\n\n<p>b) The promotion does not apply to orders placed before or after the date of the promotion.<\/p>\n\n\n\n<p>c) Complimentary products are added to the order automatically or based on information in the product description - their price is reduced to PLN 0.01\/gross.<\/p>\n\n\n\n<p><strong>5. Returns of goods purchased under the promotion<\/strong><\/p>\n\n\n\n<p>a) In the event that the Customer makes use of the option to return goods purchased under the terms of the Promotion, a refund will be made in the amount corresponding to the price actually paid for the goods in question (after discount).<\/p>\n\n\n\n<p>b) If an order containing a promotional product is returned, the customer shall also be obliged to return the free product or bear the cost of its retail value.<\/p>\n\n\n\n<p>(c) The rules for returns and complaints are set out in the online shop regulations available at: https:\/\/jogapiekna.com\/regulamin\/<\/p>\n\n\n\n<p><strong>6 The organiser of the promotion<\/strong><\/p>\n\n\n\n<p>The organiser of the promotion is:<\/p>\n\n\n\n<p>BEAUTIFUL YOGA Marta Kuci\u0144ska-Bielecka<\/p>\n\n\n\n<p>119 Legion\u00f3w Street, 91-073 \u0141\u00f3d\u017a<\/p>\n\n\n\n<p>NIP: 7271470454, REGON: 473239810<\/p>","protected":false},"excerpt":{"rendered":"<p>Regulamin promocji w dniach od 13.08.2025 do 24.08.2025 w sklepie www.jogapiekna.com 1. Postanowienia og\u00f3lne Niniejszy Regulamin okre\u015bla zasady promocji przeprowadzanej [&hellip;]<\/p>\n","protected":false},"author":1,"featured_media":0,"parent":0,"menu_order":0,"comment_status":"closed","ping_status":"closed","template":"","meta":{"_acf_changed":false,"site-sidebar-layout":"default","site-content-layout":"","ast-site-content-layout":"default","site-content-style":"default","site-sidebar-style":"default","ast-global-header-display":"","ast-banner-title-visibility":"","ast-main-header-display":"","ast-hfb-above-header-display":"","ast-hfb-below-header-display":"","ast-hfb-mobile-header-display":"","site-post-title":"","ast-breadcrumbs-content":"","ast-featured-img":"","footer-sml-layout":"","ast-disable-related-posts":"","theme-transparent-header-meta":"","adv-header-id-meta":"","stick-header-meta":"","header-above-stick-meta":"","header-main-stick-meta":"","header-below-stick-meta":"","astra-migrate-meta-layouts":"default","ast-page-background-enabled":"default","ast-page-background-meta":{"desktop":{"background-color":"var(--ast-global-color-5)","background-image":"","background-repeat":"repeat","background-position":"center center","background-size":"auto","background-attachment":"scroll","background-type":"","background-media":"","overlay-type":"","overlay-color":"","overlay-opacity":"","overlay-gradient":""},"tablet":{"background-color":"","background-image":"","background-repeat":"repeat","background-position":"center center","background-size":"auto","background-attachment":"scroll","background-type":"","background-media":"","overlay-type":"","overlay-color":"","overlay-opacity":"","overlay-gradient":""},"mobile":{"background-color":"","background-image":"","background-repeat":"repeat","background-position":"center center","background-size":"auto","background-attachment":"scroll","background-type":"","background-media":"","overlay-type":"","overlay-color":"","overlay-opacity":"","overlay-gradient":""}},"ast-content-background-meta":{"desktop":{"background-color":"var(--ast-global-color-4)","background-image":"","background-repeat":"repeat","background-position":"center center","background-size":"auto","background-attachment":"scroll","background-type":"","background-media":"","overlay-type":"","overlay-color":"","overlay-opacity":"","overlay-gradient":""},"tablet":{"background-color":"var(--ast-global-color-4)","background-image":"","background-repeat":"repeat","background-position":"center center","background-size":"auto","background-attachment":"scroll","background-type":"","background-media":"","overlay-type":"","overlay-color":"","overlay-opacity":"","overlay-gradient":""},"mobile":{"background-color":"var(--ast-global-color-4)","background-image":"","background-repeat":"repeat","background-position":"center center","background-size":"auto","background-attachment":"scroll","background-type":"","background-media":"","overlay-type":"","overlay-color":"","overlay-opacity":"","overlay-gradient":""}},"footnotes":""},"class_list":["post-150501","page","type-page","status-publish","hentry"],"acf":[],"yoast_head":"<!-- This site is optimized with the Yoast SEO plugin v27.4 - https:\/\/yoast.com\/product\/yoast-seo-wordpress\/ -->\n<title>Regulamin promocji w dniach od 13.08.2025 do 24.08.2025 w sklepie www.jogapiekna.com | JOGA PI\u0118KNA | Joga Twarzy<\/title>\n<meta name=\"robots\" content=\"index, follow, max-snippet:-1, max-image-preview:large, max-video-preview:-1\" \/>\n<link rel=\"canonical\" href=\"https:\/\/jogapiekna.com\/en\/regulamin-promocji\/\" \/>\n<meta property=\"og:locale\" content=\"en_GB\" \/>\n<meta property=\"og:type\" content=\"article\" \/>\n<meta property=\"og:title\" content=\"Regulamin promocji w dniach od 13.08.2025 do 24.08.2025 w sklepie www.jogapiekna.com | JOGA PI\u0118KNA | Joga Twarzy\" \/>\n<meta property=\"og:description\" content=\"Regulamin promocji w dniach od 13.08.2025 do 24.08.2025 w sklepie www.jogapiekna.com 1. Postanowienia og\u00f3lne Niniejszy Regulamin okre\u015bla zasady promocji przeprowadzanej [&hellip;]\" \/>\n<meta property=\"og:url\" content=\"https:\/\/jogapiekna.com\/en\/regulamin-promocji\/\" \/>\n<meta property=\"og:site_name\" content=\"JOGA PI\u0118KNA | Joga Twarzy\" \/>\n<meta property=\"article:publisher\" content=\"https:\/\/www.facebook.com\/JogaPieknaCom\/\" \/>\n<meta property=\"article:modified_time\" content=\"2025-08-10T18:36:49+00:00\" \/>\n<meta name=\"twitter:card\" content=\"summary_large_image\" \/>\n<meta name=\"twitter:label1\" content=\"Estimated reading time\" \/>\n\t<meta name=\"twitter:data1\" content=\"3 minutes\" \/>\n<script type=\"application\/ld+json\" class=\"yoast-schema-graph\">{\"@context\":\"https:\\\/\\\/schema.org\",\"@graph\":[{\"@type\":\"WebPage\",\"@id\":\"https:\\\/\\\/jogapiekna.com\\\/regulamin-promocji\\\/\",\"url\":\"https:\\\/\\\/jogapiekna.com\\\/regulamin-promocji\\\/\",\"name\":\"Regulamin promocji w dniach od 13.08.2025 do 24.08.2025 w sklepie www.jogapiekna.com | JOGA PI\u0118KNA | Joga Twarzy\",\"isPartOf\":{\"@id\":\"https:\\\/\\\/jogapiekna.com\\\/#website\"},\"datePublished\":\"2023-12-19T12:01:37+00:00\",\"dateModified\":\"2025-08-10T18:36:49+00:00\",\"breadcrumb\":{\"@id\":\"https:\\\/\\\/jogapiekna.com\\\/regulamin-promocji\\\/#breadcrumb\"},\"inLanguage\":\"en-GB\",\"potentialAction\":[{\"@type\":\"ReadAction\",\"target\":[\"https:\\\/\\\/jogapiekna.com\\\/regulamin-promocji\\\/\"]}]},{\"@type\":\"BreadcrumbList\",\"@id\":\"https:\\\/\\\/jogapiekna.com\\\/regulamin-promocji\\\/#breadcrumb\",\"itemListElement\":[{\"@type\":\"ListItem\",\"position\":1,\"name\":\"Strona g\u0142\u00f3wna\",\"item\":\"https:\\\/\\\/jogapiekna.com\\\/\"},{\"@type\":\"ListItem\",\"position\":2,\"name\":\"Regulamin promocji w dniach od 13.08.2025 do 24.08.2025 w sklepie www.jogapiekna.com\"}]},{\"@type\":\"WebSite\",\"@id\":\"https:\\\/\\\/jogapiekna.com\\\/#website\",\"url\":\"https:\\\/\\\/jogapiekna.com\\\/\",\"name\":\"Joga Pi\u0119kna Marta Kuci\u0144ska\",\"description\":\"Joga Pi\u0119kna pomaga kobietom zachowa\u0107 urod\u0119, cofn\u0105\u0107 oznaki up\u0142ywaj\u0105cego czasu i zm\u0119czenia, odzyska\u0107 promienny wygl\u0105d, naturalny u\u015bmiech i popraw\u0119 w\u0142asnej samooceny.\",\"publisher\":{\"@id\":\"https:\\\/\\\/jogapiekna.com\\\/#organization\"},\"potentialAction\":[{\"@type\":\"SearchAction\",\"target\":{\"@type\":\"EntryPoint\",\"urlTemplate\":\"https:\\\/\\\/jogapiekna.com\\\/?s={search_term_string}\"},\"query-input\":{\"@type\":\"PropertyValueSpecification\",\"valueRequired\":true,\"valueName\":\"search_term_string\"}}],\"inLanguage\":\"en-GB\"},{\"@type\":\"Organization\",\"@id\":\"https:\\\/\\\/jogapiekna.com\\\/#organization\",\"name\":\"Joga Pi\u0119kna Marta Kuci\u0144ska\",\"url\":\"https:\\\/\\\/jogapiekna.com\\\/\",\"logo\":{\"@type\":\"ImageObject\",\"inLanguage\":\"en-GB\",\"@id\":\"https:\\\/\\\/jogapiekna.com\\\/#\\\/schema\\\/logo\\\/image\\\/\",\"url\":\"https:\\\/\\\/jogapiekna.com\\\/wp-content\\\/uploads\\\/2022\\\/09\\\/joga-piekna-logo_Rka.png\",\"contentUrl\":\"https:\\\/\\\/jogapiekna.com\\\/wp-content\\\/uploads\\\/2022\\\/09\\\/joga-piekna-logo_Rka.png\",\"width\":231,\"height\":124,\"caption\":\"Joga Pi\u0119kna Marta Kuci\u0144ska\"},\"image\":{\"@id\":\"https:\\\/\\\/jogapiekna.com\\\/#\\\/schema\\\/logo\\\/image\\\/\"},\"sameAs\":[\"https:\\\/\\\/www.facebook.com\\\/JogaPieknaCom\\\/\",\"https:\\\/\\\/www.instagram.com\\\/jogapieknacom\\\/\"]}]}<\/script>\n<!-- \/ Yoast SEO plugin. -->","yoast_head_json":{"title":"Regulamin promocji w dniach od 13.08.2025 do 24.08.2025 w sklepie www.jogapiekna.com | JOGA PI\u0118KNA | Joga Twarzy","robots":{"index":"index","follow":"follow","max-snippet":"max-snippet:-1","max-image-preview":"max-image-preview:large","max-video-preview":"max-video-preview:-1"},"canonical":"https:\/\/jogapiekna.com\/en\/regulamin-promocji\/","og_locale":"en_GB","og_type":"article","og_title":"Regulamin promocji w dniach od 13.08.2025 do 24.08.2025 w sklepie www.jogapiekna.com | JOGA PI\u0118KNA | Joga Twarzy","og_description":"Regulamin promocji w dniach od 13.08.2025 do 24.08.2025 w sklepie www.jogapiekna.com 1. Postanowienia og\u00f3lne Niniejszy Regulamin okre\u015bla zasady promocji przeprowadzanej [&hellip;]","og_url":"https:\/\/jogapiekna.com\/en\/regulamin-promocji\/","og_site_name":"JOGA PI\u0118KNA | Joga Twarzy","article_publisher":"https:\/\/www.facebook.com\/JogaPieknaCom\/","article_modified_time":"2025-08-10T18:36:49+00:00","twitter_card":"summary_large_image","twitter_misc":{"Estimated reading time":"3 minutes"},"schema":{"@context":"https:\/\/schema.org","@graph":[{"@type":"WebPage","@id":"https:\/\/jogapiekna.com\/regulamin-promocji\/","url":"https:\/\/jogapiekna.com\/regulamin-promocji\/","name":"Regulamin promocji w dniach od 13.08.2025 do 24.08.2025 w sklepie www.jogapiekna.com | JOGA PI\u0118KNA | Joga Twarzy","isPartOf":{"@id":"https:\/\/jogapiekna.com\/#website"},"datePublished":"2023-12-19T12:01:37+00:00","dateModified":"2025-08-10T18:36:49+00:00","breadcrumb":{"@id":"https:\/\/jogapiekna.com\/regulamin-promocji\/#breadcrumb"},"inLanguage":"en-GB","potentialAction":[{"@type":"ReadAction","target":["https:\/\/jogapiekna.com\/regulamin-promocji\/"]}]},{"@type":"BreadcrumbList","@id":"https:\/\/jogapiekna.com\/regulamin-promocji\/#breadcrumb","itemListElement":[{"@type":"ListItem","position":1,"name":"Strona g\u0142\u00f3wna","item":"https:\/\/jogapiekna.com\/"},{"@type":"ListItem","position":2,"name":"Regulamin promocji w dniach od 13.08.2025 do 24.08.2025 w sklepie www.jogapiekna.com"}]},{"@type":"WebSite","@id":"https:\/\/jogapiekna.com\/#website","url":"https:\/\/jogapiekna.com\/","name":"Yoga Beauty Marta Kuci\u0144ska","description":"Beauty Yoga helps women to maintain their beauty, reverse the signs of passing time and fatigue, regain a radiant appearance, natural smile and improve their self-esteem.","publisher":{"@id":"https:\/\/jogapiekna.com\/#organization"},"potentialAction":[{"@type":"SearchAction","target":{"@type":"EntryPoint","urlTemplate":"https:\/\/jogapiekna.com\/?s={search_term_string}"},"query-input":{"@type":"PropertyValueSpecification","valueRequired":true,"valueName":"search_term_string"}}],"inLanguage":"en-GB"},{"@type":"Organization","@id":"https:\/\/jogapiekna.com\/#organization","name":"Yoga Beauty Marta Kuci\u0144ska","url":"https:\/\/jogapiekna.com\/","logo":{"@type":"ImageObject","inLanguage":"en-GB","@id":"https:\/\/jogapiekna.com\/#\/schema\/logo\/image\/","url":"https:\/\/jogapiekna.com\/wp-content\/uploads\/2022\/09\/joga-piekna-logo_Rka.png","contentUrl":"https:\/\/jogapiekna.com\/wp-content\/uploads\/2022\/09\/joga-piekna-logo_Rka.png","width":231,"height":124,"caption":"Joga Pi\u0119kna Marta Kuci\u0144ska"},"image":{"@id":"https:\/\/jogapiekna.com\/#\/schema\/logo\/image\/"},"sameAs":["https:\/\/www.facebook.com\/JogaPieknaCom\/","https:\/\/www.instagram.com\/jogapieknacom\/"]}]}},"_links":{"self":[{"href":"https:\/\/jogapiekna.com\/en\/wp-json\/wp\/v2\/pages\/150501","targetHints":{"allow":["GET"]}}],"collection":[{"href":"https:\/\/jogapiekna.com\/en\/wp-json\/wp\/v2\/pages"}],"about":[{"href":"https:\/\/jogapiekna.com\/en\/wp-json\/wp\/v2\/types\/page"}],"author":[{"embeddable":true,"href":"https:\/\/jogapiekna.com\/en\/wp-json\/wp\/v2\/users\/1"}],"replies":[{"embeddable":true,"href":"https:\/\/jogapiekna.com\/en\/wp-json\/wp\/v2\/comments?post=150501"}],"version-history":[{"count":22,"href":"https:\/\/jogapiekna.com\/en\/wp-json\/wp\/v2\/pages\/150501\/revisions"}],"predecessor-version":[{"id":202539,"href":"https:\/\/jogapiekna.com\/en\/wp-json\/wp\/v2\/pages\/150501\/revisions\/202539"}],"wp:attachment":[{"href":"https:\/\/jogapiekna.com\/en\/wp-json\/wp\/v2\/media?parent=150501"}],"curies":[{"name":"wp","href":"https:\/\/api.w.org\/{rel}","templated":true}]}}