{"id":437,"date":"2018-08-16T13:42:10","date_gmt":"2018-08-16T11:42:10","guid":{"rendered":"http:\/\/jogapiekna.com\/?page_id=437"},"modified":"2020-01-10T14:34:13","modified_gmt":"2020-01-10T13:34:13","slug":"warsztaty-indywidualne","status":"publish","type":"page","link":"https:\/\/jogapiekna.com\/en\/kursy-i-warsztaty\/warsztaty-indywidualne\/","title":{"rendered":"Individual consultations"},"content":{"rendered":"<h2 style=\"text-align: center\">Indywidualny trening mi\u0119\u015bni twarzy<\/h2>\n<p style=\"text-align: center\">Wraz z up\u0142ywem czasu twarz traci kszta\u0142t i przybiera inny wyraz. O tym, kiedy wyst\u0105pi\u0105 pierwsze zmiany i jak b\u0119d\u0105 si\u0119 rozwija\u0107 decyduj\u0105 geny, ekspresyjno\u015b\u0107 mimiki i jako\u015b\u0107 codziennej piel\u0119gnacji sk\u00f3ry. Jedno jest jednak pewne: Ty r\u00f3wnie\u017c masz bardzo du\u017cy wp\u0142yw na to, jak b\u0119dzie wygl\u0105da\u0107 Twoja twarz w przysz\u0142o\u015bci.<\/p>\n<p style=\"text-align: center\">Co mo\u017cesz zrobi\u0107? Reklamy podpowiedz\u0105 innowacyjn\u0105 lini\u0119 kosmetyk\u00f3w, zabieg ujmuj\u0105cy 10 lat, botoks. Jak zareagujesz, je\u015bli powiem, \u017ce zupe\u0142nie tego nie potrzebujesz? Najlepsze rozwi\u0105zanie jest w Tobie, to Twoje cia\u0142o zna prawid\u0142ow\u0105 odpowied\u017a. Jest ni\u0105 trening mi\u0119\u015bni twarzy. Naucz\u0119 Ci\u0119 jak poprawnie go wykonywa\u0107 i szybko cieszy\u0107 si\u0119 efektami \u2013 m\u0142odszym wygl\u0105dem i lepszym samopoczuciem.<\/p>\n<p style=\"text-align: center\"><img fetchpriority=\"high\" decoding=\"async\" class=\"img-responsive alignnone wp-image-438 size-full\" src=\"http:\/\/jogapiekna.com\/wp-content\/uploads\/2018\/08\/warsztaty-indywidualne-joga-twarzy-small.jpg\" alt=\"\" width=\"466\" height=\"571\" srcset=\"https:\/\/jogapiekna.com\/wp-content\/uploads\/2018\/08\/warsztaty-indywidualne-joga-twarzy-small.jpg 466w, https:\/\/jogapiekna.com\/wp-content\/uploads\/2018\/08\/warsztaty-indywidualne-joga-twarzy-small-300x368.jpg 300w, https:\/\/jogapiekna.com\/wp-content\/uploads\/2018\/08\/warsztaty-indywidualne-joga-twarzy-small-245x300.jpg 245w\" sizes=\"(max-width: 466px) 100vw, 466px\" \/><\/p>\n<h3>OFERTA KONSULTACJI<\/h3>\n<p>Tutaj znajdziesz ofert\u0119 konsultacji, kt\u00f3re zrealizujemy w najmniejszej mo\u017cliwej grupie, czyli w dwie osoby \u2013 Ty i ja. Wsp\u00f3lnie, w nadanym przez Ciebie tempie, przejdziemy przez teori\u0119 i praktyk\u0119.<\/p>\n<p>Wybierz zakres, kt\u00f3ry Ci\u0119 interesuje, a je\u015bli nie znajdziesz dok\u0142adnie tego, czego szukasz, gwarantuj\u0119, \u017ce wsp\u00f3lnie opracujemy program dopasowany do Ciebie i Twojego cia\u0142a. Mo\u017cesz wybra\u0107 konkretn\u0105 okolic\u0119 twarzy, nad kt\u00f3r\u0105 chcesz popracowa\u0107, ca\u0142y pakiet obejmuj\u0105cy twarz i szyj\u0119 lub indywidualn\u0105 sesj\u0119 godzinn\u0105 po\u015bwi\u0119con\u0105 Twoim potrzebom okre\u015blonym na wst\u0119pie.<\/p>\n<p style=\"text-align: center\"><a href=\"https:\/\/jogapiekna.com\/produkt\/konsultacja-indywidualna-on-line-i\/\/\"><img decoding=\"async\" class=\"img-responsive alignnone wp-image-439 size-full\" src=\"https:\/\/jogapiekna.com\/wp-content\/uploads\/2019\/12\/konsultacja_indywidualna_01.jpg\" alt=\"\" width=\"367\" height=\"415\" \/><span class=\"inner-caption\">Szczeg\u00f3\u0142owy opis<\/span><\/a><\/p>\n<p style=\"text-align: center\"><a href=\"https:\/\/jogapiekna.com\/produkt\/konsultacja-ajurwedyjska-podstawowa\/\"><img loading=\"lazy\" decoding=\"async\" class=\"img-responsive alignnone wp-image-441 size-full\" src=\"http:\/\/jogapiekna.com\/wp-content\/uploads\/2018\/08\/konsultacja-ajurwedyjska-ajurwedjoga-piekna.jpg\" alt=\"\" width=\"367\" height=\"415\" srcset=\"https:\/\/jogapiekna.com\/wp-content\/uploads\/2018\/08\/konsultacja-ajurwedyjska-ajurwedjoga-piekna.jpg 367w, https:\/\/jogapiekna.com\/wp-content\/uploads\/2018\/08\/konsultacja-ajurwedyjska-ajurwedjoga-piekna-300x339.jpg 300w, https:\/\/jogapiekna.com\/wp-content\/uploads\/2018\/08\/konsultacja-ajurwedyjska-ajurwedjoga-piekna-265x300.jpg 265w\" sizes=\"(max-width: 367px) 100vw, 367px\" \/><span class=\"inner-caption\">Szczeg\u00f3\u0142owy opis<\/span><\/a><\/p>\n<p style=\"text-align: center\"><a href=\"https:\/\/jogapiekna.com\/produkt\/konsultacja-indywidualna-on-line-ii\/\"><img loading=\"lazy\" decoding=\"async\" class=\"img-responsive alignnone wp-image-443 size-full\" src=\"https:\/\/jogapiekna.com\/wp-content\/uploads\/2019\/12\/konsultacja_indywidualna_02.jpg\" alt=\"\" width=\"367\" height=\"415\" \/><span class=\"inner-caption\">Szczeg\u00f3\u0142owy opis<\/span><\/a><\/p>\n<p style=\"text-align: center\"><a href=\"https:\/\/jogapiekna.com\/produkt\/konsultacja-indywidualna-on-line-iii\/\"><img loading=\"lazy\" decoding=\"async\" class=\"img-responsive alignnone wp-image-445 size-full\" src=\"https:\/\/jogapiekna.com\/wp-content\/uploads\/2019\/12\/konsultacja_indywidualna_03.jpg\" alt=\"\" width=\"367\" height=\"415\" \/><span class=\"inner-caption\">Szczeg\u00f3\u0142owy opis<\/span><\/a><\/p>\n<p>[container][row][column md=&#8221;12&#8243;]<\/p>\n<h3 style=\"text-align: center;\">Nie wiesz, jakie \u0107wiczenia twarzy wybra\u0107?<\/h3>\n<div class=\"content\">\n<p style=\"text-align: center;\"><strong>Skontaktuj si\u0119 ze mn\u0105 &#8211; doradz\u0119, co b\u0119dzie dla Ciebie najlepsze.<\/strong><br \/>\n<img decoding=\"async\" class=\"size-full wp-image-46005 aligncenter\" src=\"https:\/\/jogapiekna.com\/wp-content\/uploads\/2021\/04\/Marta-Kucinska-konsultacje.png\" alt=\"Marta Kuci\u0144ska konsultacje\" width=\"196\" height=\"197\" srcset=\"https:\/\/jogapiekna.com\/wp-content\/uploads\/2021\/04\/Marta-Kucinska-konsultacje.png 196w, https:\/\/jogapiekna.com\/wp-content\/uploads\/2021\/04\/Marta-Kucinska-konsultacje-150x150.png 150w, https:\/\/jogapiekna.com\/wp-content\/uploads\/2021\/04\/Marta-Kucinska-konsultacje-100x100.png 100w\" sizes=\"(max-width: 196px) 100vw, 196px\" \/><br \/>\n<i class=\"fas fa-envelope\"><\/i> &#109;&#x61;r&#x74;a&#64;&#x6a;&#111;&#x67;a&#112;&#x69;&#101;&#x6b;n&#x61;&#x2e;&#99;&#x6f;m<br \/>\n[\/column][\/row][\/container]<\/p>\n<\/div>\n\n<h3>MO\u017bE ZAINTERESUJ\u0104 CI\u0118 R\u00d3WNIE\u017b:<\/h3>\n<p style=\"text-align: center\"><a href=\"http:\/\/jogapiekna.com\/oferta\/warsztaty-na-zamowienie\/\"><img loading=\"lazy\" decoding=\"async\" class=\"img-responsive alignnone wp-image-420 size-full\" src=\"http:\/\/jogapiekna.com\/wp-content\/uploads\/2018\/08\/warsztaty-na-zamowienie-joga-piekna.jpg\" alt=\"\" width=\"367\" height=\"263\" srcset=\"https:\/\/jogapiekna.com\/wp-content\/uploads\/2018\/08\/warsztaty-na-zamowienie-joga-piekna.jpg 367w, https:\/\/jogapiekna.com\/wp-content\/uploads\/2018\/08\/warsztaty-na-zamowienie-joga-piekna-300x215.jpg 300w\" sizes=\"(max-width: 367px) 100vw, 367px\" \/><span class=\"inner-caption\">Warsztaty na zam\u00f3wienie<\/span><\/a><\/p>\n<p style=\"text-align: center\"><a href=\"http:\/\/jogapiekna.com\/oferta\/kursy-online\/\"><img loading=\"lazy\" decoding=\"async\" class=\"img-responsive alignnone wp-image-421 size-full\" src=\"http:\/\/jogapiekna.com\/wp-content\/uploads\/2018\/08\/kursy-online-joga-twarzy.jpg\" alt=\"\" width=\"367\" height=\"263\" srcset=\"https:\/\/jogapiekna.com\/wp-content\/uploads\/2018\/08\/kursy-online-joga-twarzy.jpg 367w, https:\/\/jogapiekna.com\/wp-content\/uploads\/2018\/08\/kursy-online-joga-twarzy-300x215.jpg 300w\" sizes=\"(max-width: 367px) 100vw, 367px\" \/><span class=\"inner-caption\">Kursy online<\/span><\/a><\/p>\n","protected":false},"excerpt":{"rendered":"<p>Indywidualny trening mi\u0119\u015bni twarzy Wraz z up\u0142ywem czasu twarz traci kszta\u0142t i przybiera inny wyraz. O tym, kiedy wyst\u0105pi\u0105 pierwsze [&hellip;]<\/p>\n","protected":false},"author":1,"featured_media":0,"parent":26,"menu_order":0,"comment_status":"closed","ping_status":"closed","template":"templates\/template-section.php","meta":{"_acf_changed":false,"site-sidebar-layout":"default","site-content-layout":"","ast-site-content-layout":"default","site-content-style":"default","site-sidebar-style":"default","ast-global-header-display":"","ast-banner-title-visibility":"","ast-main-header-display":"","ast-hfb-above-header-display":"","ast-hfb-below-header-display":"","ast-hfb-mobile-header-display":"","site-post-title":"","ast-breadcrumbs-content":"","ast-featured-img":"","footer-sml-layout":"","ast-disable-related-posts":"","theme-transparent-header-meta":"","adv-header-id-meta":"","stick-header-meta":"","header-above-stick-meta":"","header-main-stick-meta":"","header-below-stick-meta":"","astra-migrate-meta-layouts":"default","ast-page-background-enabled":"default","ast-page-background-meta":{"desktop":{"background-color":"var(--ast-global-color-5)","background-image":"","background-repeat":"repeat","background-position":"center center","background-size":"auto","background-attachment":"scroll","background-type":"","background-media":"","overlay-type":"","overlay-color":"","overlay-opacity":"","overlay-gradient":""},"tablet":{"background-color":"","background-image":"","background-repeat":"repeat","background-position":"center center","background-size":"auto","background-attachment":"scroll","background-type":"","background-media":"","overlay-type":"","overlay-color":"","overlay-opacity":"","overlay-gradient":""},"mobile":{"background-color":"","background-image":"","background-repeat":"repeat","background-position":"center center","background-size":"auto","background-attachment":"scroll","background-type":"","background-media":"","overlay-type":"","overlay-color":"","overlay-opacity":"","overlay-gradient":""}},"ast-content-background-meta":{"desktop":{"background-color":"var(--ast-global-color-4)","background-image":"","background-repeat":"repeat","background-position":"center center","background-size":"auto","background-attachment":"scroll","background-type":"","background-media":"","overlay-type":"","overlay-color":"","overlay-opacity":"","overlay-gradient":""},"tablet":{"background-color":"var(--ast-global-color-4)","background-image":"","background-repeat":"repeat","background-position":"center center","background-size":"auto","background-attachment":"scroll","background-type":"","background-media":"","overlay-type":"","overlay-color":"","overlay-opacity":"","overlay-gradient":""},"mobile":{"background-color":"var(--ast-global-color-4)","background-image":"","background-repeat":"repeat","background-position":"center center","background-size":"auto","background-attachment":"scroll","background-type":"","background-media":"","overlay-type":"","overlay-color":"","overlay-opacity":"","overlay-gradient":""}},"footnotes":""},"class_list":["post-437","page","type-page","status-publish","hentry"],"acf":[],"yoast_head":"<!-- This site is optimized with the Yoast SEO plugin v27.4 - https:\/\/yoast.com\/product\/yoast-seo-wordpress\/ -->\n<title>Konsultacje indywidualne | JOGA PI\u0118KNA | Joga Twarzy<\/title>\n<meta name=\"description\" content=\"Warsztaty indywidualne - trening mi\u0119\u015bni twarzy. Wraz z up\u0142ywem czasu twarz traci kszta\u0142t i przybiera inny wyraz. O tym, kiedy wyst\u0105pi\u0105 pierwsze zmiany i jak b\u0119d\u0105 si\u0119 rozwija\u0107 decyduj\u0105 geny, ekspresyjno\u015b\u0107 mimiki i jako\u015b\u0107 codziennej piel\u0119gnacji sk\u00f3ry. Jedno jest jednak pewne: Ty r\u00f3wnie\u017c masz bardzo du\u017cy wp\u0142yw na to, jak b\u0119dzie wygl\u0105da\u0107 Twoja twarz w przysz\u0142o\u015bci.\" \/>\n<meta name=\"robots\" content=\"index, follow, max-snippet:-1, max-image-preview:large, max-video-preview:-1\" \/>\n<link rel=\"canonical\" href=\"https:\/\/jogapiekna.com\/en\/kursy-i-warsztaty\/warsztaty-indywidualne\/\" \/>\n<meta property=\"og:locale\" content=\"en_GB\" \/>\n<meta property=\"og:type\" content=\"article\" \/>\n<meta property=\"og:title\" content=\"Konsultacje indywidualne | JOGA PI\u0118KNA | Joga Twarzy\" \/>\n<meta property=\"og:description\" content=\"Warsztaty indywidualne - trening mi\u0119\u015bni twarzy. Wraz z up\u0142ywem czasu twarz traci kszta\u0142t i przybiera inny wyraz. O tym, kiedy wyst\u0105pi\u0105 pierwsze zmiany i jak b\u0119d\u0105 si\u0119 rozwija\u0107 decyduj\u0105 geny, ekspresyjno\u015b\u0107 mimiki i jako\u015b\u0107 codziennej piel\u0119gnacji sk\u00f3ry. Jedno jest jednak pewne: Ty r\u00f3wnie\u017c masz bardzo du\u017cy wp\u0142yw na to, jak b\u0119dzie wygl\u0105da\u0107 Twoja twarz w przysz\u0142o\u015bci.\" \/>\n<meta property=\"og:url\" content=\"https:\/\/jogapiekna.com\/en\/kursy-i-warsztaty\/warsztaty-indywidualne\/\" \/>\n<meta property=\"og:site_name\" content=\"JOGA PI\u0118KNA | Joga Twarzy\" \/>\n<meta property=\"article:publisher\" content=\"https:\/\/www.facebook.com\/JogaPieknaCom\/\" \/>\n<meta property=\"article:modified_time\" content=\"2020-01-10T13:34:13+00:00\" \/>\n<meta property=\"og:image\" content=\"http:\/\/jogapiekna.com\/wp-content\/uploads\/2018\/08\/warsztaty-indywidualne-joga-twarzy-small.jpg\" \/>\n<meta name=\"twitter:card\" content=\"summary_large_image\" \/>\n<meta name=\"twitter:label1\" content=\"Estimated reading time\" \/>\n\t<meta name=\"twitter:data1\" content=\"1 minute\" \/>\n<script type=\"application\/ld+json\" class=\"yoast-schema-graph\">{\"@context\":\"https:\\\/\\\/schema.org\",\"@graph\":[{\"@type\":\"WebPage\",\"@id\":\"https:\\\/\\\/jogapiekna.com\\\/kursy-i-warsztaty\\\/warsztaty-indywidualne\\\/\",\"url\":\"https:\\\/\\\/jogapiekna.com\\\/kursy-i-warsztaty\\\/warsztaty-indywidualne\\\/\",\"name\":\"Konsultacje indywidualne | JOGA PI\u0118KNA | Joga Twarzy\",\"isPartOf\":{\"@id\":\"https:\\\/\\\/jogapiekna.com\\\/#website\"},\"primaryImageOfPage\":{\"@id\":\"https:\\\/\\\/jogapiekna.com\\\/kursy-i-warsztaty\\\/warsztaty-indywidualne\\\/#primaryimage\"},\"image\":{\"@id\":\"https:\\\/\\\/jogapiekna.com\\\/kursy-i-warsztaty\\\/warsztaty-indywidualne\\\/#primaryimage\"},\"thumbnailUrl\":\"http:\\\/\\\/jogapiekna.com\\\/wp-content\\\/uploads\\\/2018\\\/08\\\/warsztaty-indywidualne-joga-twarzy-small.jpg\",\"datePublished\":\"2018-08-16T11:42:10+00:00\",\"dateModified\":\"2020-01-10T13:34:13+00:00\",\"description\":\"Warsztaty indywidualne - trening mi\u0119\u015bni twarzy. Wraz z up\u0142ywem czasu twarz traci kszta\u0142t i przybiera inny wyraz. O tym, kiedy wyst\u0105pi\u0105 pierwsze zmiany i jak b\u0119d\u0105 si\u0119 rozwija\u0107 decyduj\u0105 geny, ekspresyjno\u015b\u0107 mimiki i jako\u015b\u0107 codziennej piel\u0119gnacji sk\u00f3ry. Jedno jest jednak pewne: Ty r\u00f3wnie\u017c masz bardzo du\u017cy wp\u0142yw na to, jak b\u0119dzie wygl\u0105da\u0107 Twoja twarz w przysz\u0142o\u015bci.\",\"breadcrumb\":{\"@id\":\"https:\\\/\\\/jogapiekna.com\\\/kursy-i-warsztaty\\\/warsztaty-indywidualne\\\/#breadcrumb\"},\"inLanguage\":\"en-GB\",\"potentialAction\":[{\"@type\":\"ReadAction\",\"target\":[\"https:\\\/\\\/jogapiekna.com\\\/kursy-i-warsztaty\\\/warsztaty-indywidualne\\\/\"]}]},{\"@type\":\"ImageObject\",\"inLanguage\":\"en-GB\",\"@id\":\"https:\\\/\\\/jogapiekna.com\\\/kursy-i-warsztaty\\\/warsztaty-indywidualne\\\/#primaryimage\",\"url\":\"http:\\\/\\\/jogapiekna.com\\\/wp-content\\\/uploads\\\/2018\\\/08\\\/warsztaty-indywidualne-joga-twarzy-small.jpg\",\"contentUrl\":\"http:\\\/\\\/jogapiekna.com\\\/wp-content\\\/uploads\\\/2018\\\/08\\\/warsztaty-indywidualne-joga-twarzy-small.jpg\"},{\"@type\":\"BreadcrumbList\",\"@id\":\"https:\\\/\\\/jogapiekna.com\\\/kursy-i-warsztaty\\\/warsztaty-indywidualne\\\/#breadcrumb\",\"itemListElement\":[{\"@type\":\"ListItem\",\"position\":1,\"name\":\"Strona g\u0142\u00f3wna\",\"item\":\"https:\\\/\\\/jogapiekna.com\\\/\"},{\"@type\":\"ListItem\",\"position\":2,\"name\":\"Kursy, warsztaty, konsultacje\",\"item\":\"https:\\\/\\\/jogapiekna.com\\\/kursy-i-warsztaty\\\/\"},{\"@type\":\"ListItem\",\"position\":3,\"name\":\"Konsultacje indywidualne\"}]},{\"@type\":\"WebSite\",\"@id\":\"https:\\\/\\\/jogapiekna.com\\\/#website\",\"url\":\"https:\\\/\\\/jogapiekna.com\\\/\",\"name\":\"Joga Pi\u0119kna Marta Kuci\u0144ska\",\"description\":\"Joga Pi\u0119kna pomaga kobietom zachowa\u0107 urod\u0119, cofn\u0105\u0107 oznaki up\u0142ywaj\u0105cego czasu i zm\u0119czenia, odzyska\u0107 promienny wygl\u0105d, naturalny u\u015bmiech i popraw\u0119 w\u0142asnej samooceny.\",\"publisher\":{\"@id\":\"https:\\\/\\\/jogapiekna.com\\\/#organization\"},\"potentialAction\":[{\"@type\":\"SearchAction\",\"target\":{\"@type\":\"EntryPoint\",\"urlTemplate\":\"https:\\\/\\\/jogapiekna.com\\\/?s={search_term_string}\"},\"query-input\":{\"@type\":\"PropertyValueSpecification\",\"valueRequired\":true,\"valueName\":\"search_term_string\"}}],\"inLanguage\":\"en-GB\"},{\"@type\":\"Organization\",\"@id\":\"https:\\\/\\\/jogapiekna.com\\\/#organization\",\"name\":\"Joga Pi\u0119kna Marta Kuci\u0144ska\",\"url\":\"https:\\\/\\\/jogapiekna.com\\\/\",\"logo\":{\"@type\":\"ImageObject\",\"inLanguage\":\"en-GB\",\"@id\":\"https:\\\/\\\/jogapiekna.com\\\/#\\\/schema\\\/logo\\\/image\\\/\",\"url\":\"https:\\\/\\\/jogapiekna.com\\\/wp-content\\\/uploads\\\/2022\\\/09\\\/joga-piekna-logo_Rka.png\",\"contentUrl\":\"https:\\\/\\\/jogapiekna.com\\\/wp-content\\\/uploads\\\/2022\\\/09\\\/joga-piekna-logo_Rka.png\",\"width\":231,\"height\":124,\"caption\":\"Joga Pi\u0119kna Marta Kuci\u0144ska\"},\"image\":{\"@id\":\"https:\\\/\\\/jogapiekna.com\\\/#\\\/schema\\\/logo\\\/image\\\/\"},\"sameAs\":[\"https:\\\/\\\/www.facebook.com\\\/JogaPieknaCom\\\/\",\"https:\\\/\\\/www.instagram.com\\\/jogapieknacom\\\/\"]}]}<\/script>\n<!-- \/ Yoast SEO plugin. -->","yoast_head_json":{"title":"Konsultacje indywidualne | JOGA PI\u0118KNA | Joga Twarzy","description":"Warsztaty indywidualne - trening mi\u0119\u015bni twarzy. Wraz z up\u0142ywem czasu twarz traci kszta\u0142t i przybiera inny wyraz. O tym, kiedy wyst\u0105pi\u0105 pierwsze zmiany i jak b\u0119d\u0105 si\u0119 rozwija\u0107 decyduj\u0105 geny, ekspresyjno\u015b\u0107 mimiki i jako\u015b\u0107 codziennej piel\u0119gnacji sk\u00f3ry. Jedno jest jednak pewne: Ty r\u00f3wnie\u017c masz bardzo du\u017cy wp\u0142yw na to, jak b\u0119dzie wygl\u0105da\u0107 Twoja twarz w przysz\u0142o\u015bci.","robots":{"index":"index","follow":"follow","max-snippet":"max-snippet:-1","max-image-preview":"max-image-preview:large","max-video-preview":"max-video-preview:-1"},"canonical":"https:\/\/jogapiekna.com\/en\/kursy-i-warsztaty\/warsztaty-indywidualne\/","og_locale":"en_GB","og_type":"article","og_title":"Konsultacje indywidualne | JOGA PI\u0118KNA | Joga Twarzy","og_description":"Warsztaty indywidualne - trening mi\u0119\u015bni twarzy. Wraz z up\u0142ywem czasu twarz traci kszta\u0142t i przybiera inny wyraz. O tym, kiedy wyst\u0105pi\u0105 pierwsze zmiany i jak b\u0119d\u0105 si\u0119 rozwija\u0107 decyduj\u0105 geny, ekspresyjno\u015b\u0107 mimiki i jako\u015b\u0107 codziennej piel\u0119gnacji sk\u00f3ry. Jedno jest jednak pewne: Ty r\u00f3wnie\u017c masz bardzo du\u017cy wp\u0142yw na to, jak b\u0119dzie wygl\u0105da\u0107 Twoja twarz w przysz\u0142o\u015bci.","og_url":"https:\/\/jogapiekna.com\/en\/kursy-i-warsztaty\/warsztaty-indywidualne\/","og_site_name":"JOGA PI\u0118KNA | Joga Twarzy","article_publisher":"https:\/\/www.facebook.com\/JogaPieknaCom\/","article_modified_time":"2020-01-10T13:34:13+00:00","og_image":[{"url":"http:\/\/jogapiekna.com\/wp-content\/uploads\/2018\/08\/warsztaty-indywidualne-joga-twarzy-small.jpg","type":"","width":"","height":""}],"twitter_card":"summary_large_image","twitter_misc":{"Estimated reading time":"1 minute"},"schema":{"@context":"https:\/\/schema.org","@graph":[{"@type":"WebPage","@id":"https:\/\/jogapiekna.com\/kursy-i-warsztaty\/warsztaty-indywidualne\/","url":"https:\/\/jogapiekna.com\/kursy-i-warsztaty\/warsztaty-indywidualne\/","name":"Konsultacje indywidualne | JOGA PI\u0118KNA | Joga Twarzy","isPartOf":{"@id":"https:\/\/jogapiekna.com\/#website"},"primaryImageOfPage":{"@id":"https:\/\/jogapiekna.com\/kursy-i-warsztaty\/warsztaty-indywidualne\/#primaryimage"},"image":{"@id":"https:\/\/jogapiekna.com\/kursy-i-warsztaty\/warsztaty-indywidualne\/#primaryimage"},"thumbnailUrl":"http:\/\/jogapiekna.com\/wp-content\/uploads\/2018\/08\/warsztaty-indywidualne-joga-twarzy-small.jpg","datePublished":"2018-08-16T11:42:10+00:00","dateModified":"2020-01-10T13:34:13+00:00","description":"Warsztaty indywidualne - trening mi\u0119\u015bni twarzy. Wraz z up\u0142ywem czasu twarz traci kszta\u0142t i przybiera inny wyraz. O tym, kiedy wyst\u0105pi\u0105 pierwsze zmiany i jak b\u0119d\u0105 si\u0119 rozwija\u0107 decyduj\u0105 geny, ekspresyjno\u015b\u0107 mimiki i jako\u015b\u0107 codziennej piel\u0119gnacji sk\u00f3ry. Jedno jest jednak pewne: Ty r\u00f3wnie\u017c masz bardzo du\u017cy wp\u0142yw na to, jak b\u0119dzie wygl\u0105da\u0107 Twoja twarz w przysz\u0142o\u015bci.","breadcrumb":{"@id":"https:\/\/jogapiekna.com\/kursy-i-warsztaty\/warsztaty-indywidualne\/#breadcrumb"},"inLanguage":"en-GB","potentialAction":[{"@type":"ReadAction","target":["https:\/\/jogapiekna.com\/kursy-i-warsztaty\/warsztaty-indywidualne\/"]}]},{"@type":"ImageObject","inLanguage":"en-GB","@id":"https:\/\/jogapiekna.com\/kursy-i-warsztaty\/warsztaty-indywidualne\/#primaryimage","url":"http:\/\/jogapiekna.com\/wp-content\/uploads\/2018\/08\/warsztaty-indywidualne-joga-twarzy-small.jpg","contentUrl":"http:\/\/jogapiekna.com\/wp-content\/uploads\/2018\/08\/warsztaty-indywidualne-joga-twarzy-small.jpg"},{"@type":"BreadcrumbList","@id":"https:\/\/jogapiekna.com\/kursy-i-warsztaty\/warsztaty-indywidualne\/#breadcrumb","itemListElement":[{"@type":"ListItem","position":1,"name":"Strona g\u0142\u00f3wna","item":"https:\/\/jogapiekna.com\/"},{"@type":"ListItem","position":2,"name":"Kursy, warsztaty, konsultacje","item":"https:\/\/jogapiekna.com\/kursy-i-warsztaty\/"},{"@type":"ListItem","position":3,"name":"Konsultacje indywidualne"}]},{"@type":"WebSite","@id":"https:\/\/jogapiekna.com\/#website","url":"https:\/\/jogapiekna.com\/","name":"Yoga Beauty Marta Kuci\u0144ska","description":"Beauty Yoga helps women to maintain their beauty, reverse the signs of passing time and fatigue, regain a radiant appearance, natural smile and improve their self-esteem.","publisher":{"@id":"https:\/\/jogapiekna.com\/#organization"},"potentialAction":[{"@type":"SearchAction","target":{"@type":"EntryPoint","urlTemplate":"https:\/\/jogapiekna.com\/?s={search_term_string}"},"query-input":{"@type":"PropertyValueSpecification","valueRequired":true,"valueName":"search_term_string"}}],"inLanguage":"en-GB"},{"@type":"Organization","@id":"https:\/\/jogapiekna.com\/#organization","name":"Yoga Beauty Marta Kuci\u0144ska","url":"https:\/\/jogapiekna.com\/","logo":{"@type":"ImageObject","inLanguage":"en-GB","@id":"https:\/\/jogapiekna.com\/#\/schema\/logo\/image\/","url":"https:\/\/jogapiekna.com\/wp-content\/uploads\/2022\/09\/joga-piekna-logo_Rka.png","contentUrl":"https:\/\/jogapiekna.com\/wp-content\/uploads\/2022\/09\/joga-piekna-logo_Rka.png","width":231,"height":124,"caption":"Joga Pi\u0119kna Marta Kuci\u0144ska"},"image":{"@id":"https:\/\/jogapiekna.com\/#\/schema\/logo\/image\/"},"sameAs":["https:\/\/www.facebook.com\/JogaPieknaCom\/","https:\/\/www.instagram.com\/jogapieknacom\/"]}]}},"_links":{"self":[{"href":"https:\/\/jogapiekna.com\/en\/wp-json\/wp\/v2\/pages\/437","targetHints":{"allow":["GET"]}}],"collection":[{"href":"https:\/\/jogapiekna.com\/en\/wp-json\/wp\/v2\/pages"}],"about":[{"href":"https:\/\/jogapiekna.com\/en\/wp-json\/wp\/v2\/types\/page"}],"author":[{"embeddable":true,"href":"https:\/\/jogapiekna.com\/en\/wp-json\/wp\/v2\/users\/1"}],"replies":[{"embeddable":true,"href":"https:\/\/jogapiekna.com\/en\/wp-json\/wp\/v2\/comments?post=437"}],"version-history":[{"count":5,"href":"https:\/\/jogapiekna.com\/en\/wp-json\/wp\/v2\/pages\/437\/revisions"}],"predecessor-version":[{"id":20393,"href":"https:\/\/jogapiekna.com\/en\/wp-json\/wp\/v2\/pages\/437\/revisions\/20393"}],"up":[{"embeddable":true,"href":"https:\/\/jogapiekna.com\/en\/wp-json\/wp\/v2\/pages\/26"}],"wp:attachment":[{"href":"https:\/\/jogapiekna.com\/en\/wp-json\/wp\/v2\/media?parent=437"}],"curies":[{"name":"wp","href":"https:\/\/api.w.org\/{rel}","templated":true}]}}