{"id":468,"date":"2018-08-16T14:06:34","date_gmt":"2018-08-16T12:06:34","guid":{"rendered":"http:\/\/jogapiekna.com\/?page_id=468"},"modified":"2018-09-24T15:33:22","modified_gmt":"2018-09-24T13:33:22","slug":"warsztaty-na-zamowienie","status":"publish","type":"page","link":"https:\/\/jogapiekna.com\/en\/kursy-i-warsztaty\/warsztaty-na-zamowienie\/","title":{"rendered":"Bespoke workshops"},"content":{"rendered":"<h2 style=\"text-align: center\">Joga Twarzy, Ajurweda i Ajurwedyjskie Pi\u0119kno<\/h2>\n<p style=\"text-align: center\">\u017bycie w harmonii z natur\u0105 korzystnie wp\u0142ywa nie tylko na cia\u0142o, ale przede wszystkim dzia\u0142a koj\u0105co na kondycj\u0119 psychiczn\u0105 \u2013 zwi\u0119ksza koncentracj\u0119 i jasno\u015b\u0107 umys\u0142u, obni\u017ca stres oraz wzmacnia wi\u0119zi. To czyni warsztaty sposr\u00f3d oferty Jogi Pi\u0119kna idealnym pomys\u0142em na sp\u0119dzenie czasu z rodzin\u0105, znajomymi lub wsp\u00f3\u0142pracownikami. Szczeg\u00f3lnie wtedy, gdy chcemy z\u0142agodzi\u0107 napi\u0119cia w relacjach z innym czy te\u017c odnowi\u0107 kontakt.<\/p>\n<p style=\"text-align: center\"><strong>Interesuj\u0105ce do\u015bwiadczenie, a mo\u017ce pocz\u0105tek nowej pasji? Podaruj wyj\u0105tkowej osobie voucher na warsztaty Jogi Pi\u0119kna, mo\u017ce dzi\u0119ki Tobie wst\u0105pi na \u015bcie\u017ck\u0119 zdrowia, harmonii i wewn\u0119trznego rozwoju.<\/strong><\/p>\n<p style=\"text-align: center\"><a href=\"http:\/\/jogapiekna.com\/produkt\/warsztaty-dla-firm\/\"><img fetchpriority=\"high\" decoding=\"async\" class=\"img-responsive alignnone wp-image-484 size-full\" src=\"http:\/\/jogapiekna.com\/wp-content\/uploads\/2018\/08\/warsztaty-dla-firm-joga-piekna.jpg\" alt=\"\" width=\"367\" height=\"415\" \/><span class=\"inner-caption\">Szczeg\u00f3\u0142owy opis<\/span><\/a><\/p>\n<p style=\"text-align: center\"><a href=\"http:\/\/jogapiekna.com\/produkt\/warsztaty-na-specjalne-okazje-joga-piekna\/\"><img decoding=\"async\" class=\"img-responsive alignnone wp-image-472 size-full\" src=\"http:\/\/jogapiekna.com\/wp-content\/uploads\/2018\/08\/warsztaty-specjalne-okazje-joga-piekna.jpg\" alt=\"\" width=\"367\" height=\"415\" srcset=\"https:\/\/jogapiekna.com\/wp-content\/uploads\/2018\/08\/warsztaty-specjalne-okazje-joga-piekna.jpg 367w, https:\/\/jogapiekna.com\/wp-content\/uploads\/2018\/08\/warsztaty-specjalne-okazje-joga-piekna-300x339.jpg 300w, https:\/\/jogapiekna.com\/wp-content\/uploads\/2018\/08\/warsztaty-specjalne-okazje-joga-piekna-265x300.jpg 265w\" sizes=\"(max-width: 367px) 100vw, 367px\" \/><span class=\"inner-caption\">Szczeg\u00f3\u0142owy opis<\/span><\/a><\/p>\n<p style=\"text-align: center\"><a href=\"http:\/\/jogapiekna.com\/produkt\/warsztaty-w-prezencie-joga-piekna\/\"><img loading=\"lazy\" decoding=\"async\" class=\"img-responsive alignnone wp-image-471 size-full\" src=\"http:\/\/jogapiekna.com\/wp-content\/uploads\/2018\/08\/warsztaty-prezent-joga-piekna.jpg\" alt=\"\" width=\"367\" height=\"415\" srcset=\"https:\/\/jogapiekna.com\/wp-content\/uploads\/2018\/08\/warsztaty-prezent-joga-piekna.jpg 367w, https:\/\/jogapiekna.com\/wp-content\/uploads\/2018\/08\/warsztaty-prezent-joga-piekna-300x339.jpg 300w, https:\/\/jogapiekna.com\/wp-content\/uploads\/2018\/08\/warsztaty-prezent-joga-piekna-265x300.jpg 265w\" sizes=\"(max-width: 367px) 100vw, 367px\" \/><span class=\"inner-caption\">Szczeg\u00f3\u0142owy opis<\/span><\/a><\/p>\n<p>[container][row][column md=&#8221;12&#8243;]<\/p>\n<h3 style=\"text-align: center;\">Nie wiesz, jak\u0105 form\u0119 warsztat\u00f3w wybra\u0107?<\/h3>\n<div class=\"content\">\n<p style=\"text-align: center;\"><strong>Skontaktuj si\u0119 ze mn\u0105 &#8211; doradz\u0119, co b\u0119dzie dla Ciebie najlepsze.<\/strong><br \/>\n<img decoding=\"async\" class=\"alignnone size-full wp-image-46005\" src=\"https:\/\/jogapiekna.com\/wp-content\/uploads\/2021\/04\/Marta-Kucinska-konsultacje.png\" alt=\"Marta Kuci\u0144ska konsultacje\" width=\"196\" height=\"197\" srcset=\"https:\/\/jogapiekna.com\/wp-content\/uploads\/2021\/04\/Marta-Kucinska-konsultacje.png 196w, https:\/\/jogapiekna.com\/wp-content\/uploads\/2021\/04\/Marta-Kucinska-konsultacje-150x150.png 150w, https:\/\/jogapiekna.com\/wp-content\/uploads\/2021\/04\/Marta-Kucinska-konsultacje-100x100.png 100w\" sizes=\"(max-width: 196px) 100vw, 196px\" \/><br \/>\n<a href=\"&#109;&#x61;&#105;&#x6c;&#116;&#x6f;&#58;&#x6d;&#97;&#x72;&#116;&#x61;&#64;&#x6a;o&#x67;a&#x70;i&#x65;k&#x6e;a&#46;&#x63;&#111;&#x6d;\"><i class=\"fas fa-envelope\"><\/i>\u00a0m&#97;&#x72;&#116;&#x61;&#64;&#106;&#x6f;g&#x61;&#x70;&#105;&#x65;k&#110;&#x61;&#46;&#x63;&#x6f;&#109;<\/a><\/p>\n<p>[\/column][\/row][\/container]<\/p>\n\n<h3>MO\u017bE ZAINTERESUJ\u0104 CI\u0118 R\u00d3WNIE\u017b:<\/h3>\n<p style=\"text-align: center\"><a href=\"http:\/\/jogapiekna.com\/oferta\/warsztaty-indywidualne\/\"><img loading=\"lazy\" decoding=\"async\" class=\"img-responsive alignnone wp-image-419 size-full\" src=\"http:\/\/jogapiekna.com\/wp-content\/uploads\/2018\/08\/warsztaty-indywidualne-joga-twarzy.jpg\" alt=\"\" width=\"367\" height=\"263\" srcset=\"https:\/\/jogapiekna.com\/wp-content\/uploads\/2018\/08\/warsztaty-indywidualne-joga-twarzy.jpg 367w, https:\/\/jogapiekna.com\/wp-content\/uploads\/2018\/08\/warsztaty-indywidualne-joga-twarzy-300x215.jpg 300w\" sizes=\"(max-width: 367px) 100vw, 367px\" \/><span class=\"inner-caption\">Warsztaty indywidualne<\/span><\/a><\/p>\n<p style=\"text-align: center\"><a href=\"http:\/\/jogapiekna.com\/oferta\/kursy-online\/\"><img loading=\"lazy\" decoding=\"async\" class=\"img-responsive alignnone wp-image-421 size-full\" src=\"http:\/\/jogapiekna.com\/wp-content\/uploads\/2018\/08\/kursy-online-joga-twarzy.jpg\" alt=\"\" width=\"367\" height=\"263\" srcset=\"https:\/\/jogapiekna.com\/wp-content\/uploads\/2018\/08\/kursy-online-joga-twarzy.jpg 367w, https:\/\/jogapiekna.com\/wp-content\/uploads\/2018\/08\/kursy-online-joga-twarzy-300x215.jpg 300w\" sizes=\"(max-width: 367px) 100vw, 367px\" \/><span class=\"inner-caption\">Kursy online<\/span><\/a><\/p>\n","protected":false},"excerpt":{"rendered":"<p>Joga Twarzy, Ajurweda i Ajurwedyjskie Pi\u0119kno \u017bycie w harmonii z natur\u0105 korzystnie wp\u0142ywa nie tylko na cia\u0142o, ale przede wszystkim [&hellip;]<\/p>\n","protected":false},"author":1,"featured_media":0,"parent":26,"menu_order":2,"comment_status":"closed","ping_status":"closed","template":"templates\/template-section.php","meta":{"_acf_changed":false,"site-sidebar-layout":"default","site-content-layout":"","ast-site-content-layout":"default","site-content-style":"default","site-sidebar-style":"default","ast-global-header-display":"","ast-banner-title-visibility":"","ast-main-header-display":"","ast-hfb-above-header-display":"","ast-hfb-below-header-display":"","ast-hfb-mobile-header-display":"","site-post-title":"","ast-breadcrumbs-content":"","ast-featured-img":"","footer-sml-layout":"","ast-disable-related-posts":"","theme-transparent-header-meta":"","adv-header-id-meta":"","stick-header-meta":"","header-above-stick-meta":"","header-main-stick-meta":"","header-below-stick-meta":"","astra-migrate-meta-layouts":"default","ast-page-background-enabled":"default","ast-page-background-meta":{"desktop":{"background-color":"var(--ast-global-color-5)","background-image":"","background-repeat":"repeat","background-position":"center center","background-size":"auto","background-attachment":"scroll","background-type":"","background-media":"","overlay-type":"","overlay-color":"","overlay-opacity":"","overlay-gradient":""},"tablet":{"background-color":"","background-image":"","background-repeat":"repeat","background-position":"center center","background-size":"auto","background-attachment":"scroll","background-type":"","background-media":"","overlay-type":"","overlay-color":"","overlay-opacity":"","overlay-gradient":""},"mobile":{"background-color":"","background-image":"","background-repeat":"repeat","background-position":"center center","background-size":"auto","background-attachment":"scroll","background-type":"","background-media":"","overlay-type":"","overlay-color":"","overlay-opacity":"","overlay-gradient":""}},"ast-content-background-meta":{"desktop":{"background-color":"var(--ast-global-color-4)","background-image":"","background-repeat":"repeat","background-position":"center center","background-size":"auto","background-attachment":"scroll","background-type":"","background-media":"","overlay-type":"","overlay-color":"","overlay-opacity":"","overlay-gradient":""},"tablet":{"background-color":"var(--ast-global-color-4)","background-image":"","background-repeat":"repeat","background-position":"center center","background-size":"auto","background-attachment":"scroll","background-type":"","background-media":"","overlay-type":"","overlay-color":"","overlay-opacity":"","overlay-gradient":""},"mobile":{"background-color":"var(--ast-global-color-4)","background-image":"","background-repeat":"repeat","background-position":"center center","background-size":"auto","background-attachment":"scroll","background-type":"","background-media":"","overlay-type":"","overlay-color":"","overlay-opacity":"","overlay-gradient":""}},"footnotes":""},"class_list":["post-468","page","type-page","status-publish","hentry"],"acf":[],"yoast_head":"<!-- This site is optimized with the Yoast SEO plugin v27.4 - https:\/\/yoast.com\/product\/yoast-seo-wordpress\/ -->\n<title>Warsztaty na zam\u00f3wienie | JOGA PI\u0118KNA | Joga Twarzy<\/title>\n<meta name=\"description\" content=\"Joga Twarzy, Ajurweda i Ajurwedyjskie Pi\u0119kno. \u017bycie w harmonii z natur\u0105 korzystnie wp\u0142ywa nie tylko na cia\u0142o, ale przede wszystkim dzia\u0142a koj\u0105co na kondycj\u0119 psychiczn\u0105 \u2013 zwi\u0119ksza koncentracj\u0119 i jasno\u015b\u0107 umys\u0142u, obni\u017ca stres oraz wzmacnia wi\u0119zi. To czyni warsztaty sposr\u00f3d oferty Jogi Pi\u0119kna idealnym pomys\u0142em na sp\u0119dzenie czasu z rodzin\u0105, znajomymi lub wsp\u00f3\u0142pracownikami. Szczeg\u00f3lnie wtedy, gdy chcemy z\u0142agodzi\u0107 napi\u0119cia w relacjach z innym czy te\u017c odnowi\u0107 kontakt.\" \/>\n<meta name=\"robots\" content=\"index, follow, max-snippet:-1, max-image-preview:large, max-video-preview:-1\" \/>\n<link rel=\"canonical\" href=\"https:\/\/jogapiekna.com\/en\/kursy-i-warsztaty\/warsztaty-na-zamowienie\/\" \/>\n<meta property=\"og:locale\" content=\"en_GB\" \/>\n<meta property=\"og:type\" content=\"article\" \/>\n<meta property=\"og:title\" content=\"Warsztaty na zam\u00f3wienie | JOGA PI\u0118KNA | Joga Twarzy\" \/>\n<meta property=\"og:description\" content=\"Joga Twarzy, Ajurweda i Ajurwedyjskie Pi\u0119kno. \u017bycie w harmonii z natur\u0105 korzystnie wp\u0142ywa nie tylko na cia\u0142o, ale przede wszystkim dzia\u0142a koj\u0105co na kondycj\u0119 psychiczn\u0105 \u2013 zwi\u0119ksza koncentracj\u0119 i jasno\u015b\u0107 umys\u0142u, obni\u017ca stres oraz wzmacnia wi\u0119zi. To czyni warsztaty sposr\u00f3d oferty Jogi Pi\u0119kna idealnym pomys\u0142em na sp\u0119dzenie czasu z rodzin\u0105, znajomymi lub wsp\u00f3\u0142pracownikami. Szczeg\u00f3lnie wtedy, gdy chcemy z\u0142agodzi\u0107 napi\u0119cia w relacjach z innym czy te\u017c odnowi\u0107 kontakt.\" \/>\n<meta property=\"og:url\" content=\"https:\/\/jogapiekna.com\/en\/kursy-i-warsztaty\/warsztaty-na-zamowienie\/\" \/>\n<meta property=\"og:site_name\" content=\"JOGA PI\u0118KNA | Joga Twarzy\" \/>\n<meta property=\"article:publisher\" content=\"https:\/\/www.facebook.com\/JogaPieknaCom\/\" \/>\n<meta property=\"article:modified_time\" content=\"2018-09-24T13:33:22+00:00\" \/>\n<meta property=\"og:image\" content=\"http:\/\/jogapiekna.com\/wp-content\/uploads\/2018\/08\/warsztaty-dla-firm-joga-piekna.jpg\" \/>\n<meta name=\"twitter:card\" content=\"summary_large_image\" \/>\n<meta name=\"twitter:label1\" content=\"Estimated reading time\" \/>\n\t<meta name=\"twitter:data1\" content=\"1 minute\" \/>\n<script type=\"application\/ld+json\" class=\"yoast-schema-graph\">{\"@context\":\"https:\\\/\\\/schema.org\",\"@graph\":[{\"@type\":\"WebPage\",\"@id\":\"https:\\\/\\\/jogapiekna.com\\\/kursy-i-warsztaty\\\/warsztaty-na-zamowienie\\\/\",\"url\":\"https:\\\/\\\/jogapiekna.com\\\/kursy-i-warsztaty\\\/warsztaty-na-zamowienie\\\/\",\"name\":\"Warsztaty na zam\u00f3wienie | JOGA PI\u0118KNA | Joga Twarzy\",\"isPartOf\":{\"@id\":\"https:\\\/\\\/jogapiekna.com\\\/#website\"},\"primaryImageOfPage\":{\"@id\":\"https:\\\/\\\/jogapiekna.com\\\/kursy-i-warsztaty\\\/warsztaty-na-zamowienie\\\/#primaryimage\"},\"image\":{\"@id\":\"https:\\\/\\\/jogapiekna.com\\\/kursy-i-warsztaty\\\/warsztaty-na-zamowienie\\\/#primaryimage\"},\"thumbnailUrl\":\"http:\\\/\\\/jogapiekna.com\\\/wp-content\\\/uploads\\\/2018\\\/08\\\/warsztaty-dla-firm-joga-piekna.jpg\",\"datePublished\":\"2018-08-16T12:06:34+00:00\",\"dateModified\":\"2018-09-24T13:33:22+00:00\",\"description\":\"Joga Twarzy, Ajurweda i Ajurwedyjskie Pi\u0119kno. \u017bycie w harmonii z natur\u0105 korzystnie wp\u0142ywa nie tylko na cia\u0142o, ale przede wszystkim dzia\u0142a koj\u0105co na kondycj\u0119 psychiczn\u0105 \u2013 zwi\u0119ksza koncentracj\u0119 i jasno\u015b\u0107 umys\u0142u, obni\u017ca stres oraz wzmacnia wi\u0119zi. To czyni warsztaty sposr\u00f3d oferty Jogi Pi\u0119kna idealnym pomys\u0142em na sp\u0119dzenie czasu z rodzin\u0105, znajomymi lub wsp\u00f3\u0142pracownikami. Szczeg\u00f3lnie wtedy, gdy chcemy z\u0142agodzi\u0107 napi\u0119cia w relacjach z innym czy te\u017c odnowi\u0107 kontakt.\",\"breadcrumb\":{\"@id\":\"https:\\\/\\\/jogapiekna.com\\\/kursy-i-warsztaty\\\/warsztaty-na-zamowienie\\\/#breadcrumb\"},\"inLanguage\":\"en-GB\",\"potentialAction\":[{\"@type\":\"ReadAction\",\"target\":[\"https:\\\/\\\/jogapiekna.com\\\/kursy-i-warsztaty\\\/warsztaty-na-zamowienie\\\/\"]}]},{\"@type\":\"ImageObject\",\"inLanguage\":\"en-GB\",\"@id\":\"https:\\\/\\\/jogapiekna.com\\\/kursy-i-warsztaty\\\/warsztaty-na-zamowienie\\\/#primaryimage\",\"url\":\"http:\\\/\\\/jogapiekna.com\\\/wp-content\\\/uploads\\\/2018\\\/08\\\/warsztaty-dla-firm-joga-piekna.jpg\",\"contentUrl\":\"http:\\\/\\\/jogapiekna.com\\\/wp-content\\\/uploads\\\/2018\\\/08\\\/warsztaty-dla-firm-joga-piekna.jpg\"},{\"@type\":\"BreadcrumbList\",\"@id\":\"https:\\\/\\\/jogapiekna.com\\\/kursy-i-warsztaty\\\/warsztaty-na-zamowienie\\\/#breadcrumb\",\"itemListElement\":[{\"@type\":\"ListItem\",\"position\":1,\"name\":\"Strona g\u0142\u00f3wna\",\"item\":\"https:\\\/\\\/jogapiekna.com\\\/\"},{\"@type\":\"ListItem\",\"position\":2,\"name\":\"Kursy, warsztaty, konsultacje\",\"item\":\"https:\\\/\\\/jogapiekna.com\\\/kursy-i-warsztaty\\\/\"},{\"@type\":\"ListItem\",\"position\":3,\"name\":\"Warsztaty na zam\u00f3wienie\"}]},{\"@type\":\"WebSite\",\"@id\":\"https:\\\/\\\/jogapiekna.com\\\/#website\",\"url\":\"https:\\\/\\\/jogapiekna.com\\\/\",\"name\":\"Joga Pi\u0119kna Marta Kuci\u0144ska\",\"description\":\"Joga Pi\u0119kna pomaga kobietom zachowa\u0107 urod\u0119, cofn\u0105\u0107 oznaki up\u0142ywaj\u0105cego czasu i zm\u0119czenia, odzyska\u0107 promienny wygl\u0105d, naturalny u\u015bmiech i popraw\u0119 w\u0142asnej samooceny.\",\"publisher\":{\"@id\":\"https:\\\/\\\/jogapiekna.com\\\/#organization\"},\"potentialAction\":[{\"@type\":\"SearchAction\",\"target\":{\"@type\":\"EntryPoint\",\"urlTemplate\":\"https:\\\/\\\/jogapiekna.com\\\/?s={search_term_string}\"},\"query-input\":{\"@type\":\"PropertyValueSpecification\",\"valueRequired\":true,\"valueName\":\"search_term_string\"}}],\"inLanguage\":\"en-GB\"},{\"@type\":\"Organization\",\"@id\":\"https:\\\/\\\/jogapiekna.com\\\/#organization\",\"name\":\"Joga Pi\u0119kna Marta Kuci\u0144ska\",\"url\":\"https:\\\/\\\/jogapiekna.com\\\/\",\"logo\":{\"@type\":\"ImageObject\",\"inLanguage\":\"en-GB\",\"@id\":\"https:\\\/\\\/jogapiekna.com\\\/#\\\/schema\\\/logo\\\/image\\\/\",\"url\":\"https:\\\/\\\/jogapiekna.com\\\/wp-content\\\/uploads\\\/2022\\\/09\\\/joga-piekna-logo_Rka.png\",\"contentUrl\":\"https:\\\/\\\/jogapiekna.com\\\/wp-content\\\/uploads\\\/2022\\\/09\\\/joga-piekna-logo_Rka.png\",\"width\":231,\"height\":124,\"caption\":\"Joga Pi\u0119kna Marta Kuci\u0144ska\"},\"image\":{\"@id\":\"https:\\\/\\\/jogapiekna.com\\\/#\\\/schema\\\/logo\\\/image\\\/\"},\"sameAs\":[\"https:\\\/\\\/www.facebook.com\\\/JogaPieknaCom\\\/\",\"https:\\\/\\\/www.instagram.com\\\/jogapieknacom\\\/\"]}]}<\/script>\n<!-- \/ Yoast SEO plugin. -->","yoast_head_json":{"title":"Warsztaty na zam\u00f3wienie | JOGA PI\u0118KNA | Joga Twarzy","description":"Joga Twarzy, Ajurweda i Ajurwedyjskie Pi\u0119kno. \u017bycie w harmonii z natur\u0105 korzystnie wp\u0142ywa nie tylko na cia\u0142o, ale przede wszystkim dzia\u0142a koj\u0105co na kondycj\u0119 psychiczn\u0105 \u2013 zwi\u0119ksza koncentracj\u0119 i jasno\u015b\u0107 umys\u0142u, obni\u017ca stres oraz wzmacnia wi\u0119zi. To czyni warsztaty sposr\u00f3d oferty Jogi Pi\u0119kna idealnym pomys\u0142em na sp\u0119dzenie czasu z rodzin\u0105, znajomymi lub wsp\u00f3\u0142pracownikami. Szczeg\u00f3lnie wtedy, gdy chcemy z\u0142agodzi\u0107 napi\u0119cia w relacjach z innym czy te\u017c odnowi\u0107 kontakt.","robots":{"index":"index","follow":"follow","max-snippet":"max-snippet:-1","max-image-preview":"max-image-preview:large","max-video-preview":"max-video-preview:-1"},"canonical":"https:\/\/jogapiekna.com\/en\/kursy-i-warsztaty\/warsztaty-na-zamowienie\/","og_locale":"en_GB","og_type":"article","og_title":"Warsztaty na zam\u00f3wienie | JOGA PI\u0118KNA | Joga Twarzy","og_description":"Joga Twarzy, Ajurweda i Ajurwedyjskie Pi\u0119kno. \u017bycie w harmonii z natur\u0105 korzystnie wp\u0142ywa nie tylko na cia\u0142o, ale przede wszystkim dzia\u0142a koj\u0105co na kondycj\u0119 psychiczn\u0105 \u2013 zwi\u0119ksza koncentracj\u0119 i jasno\u015b\u0107 umys\u0142u, obni\u017ca stres oraz wzmacnia wi\u0119zi. To czyni warsztaty sposr\u00f3d oferty Jogi Pi\u0119kna idealnym pomys\u0142em na sp\u0119dzenie czasu z rodzin\u0105, znajomymi lub wsp\u00f3\u0142pracownikami. Szczeg\u00f3lnie wtedy, gdy chcemy z\u0142agodzi\u0107 napi\u0119cia w relacjach z innym czy te\u017c odnowi\u0107 kontakt.","og_url":"https:\/\/jogapiekna.com\/en\/kursy-i-warsztaty\/warsztaty-na-zamowienie\/","og_site_name":"JOGA PI\u0118KNA | Joga Twarzy","article_publisher":"https:\/\/www.facebook.com\/JogaPieknaCom\/","article_modified_time":"2018-09-24T13:33:22+00:00","og_image":[{"url":"http:\/\/jogapiekna.com\/wp-content\/uploads\/2018\/08\/warsztaty-dla-firm-joga-piekna.jpg","type":"","width":"","height":""}],"twitter_card":"summary_large_image","twitter_misc":{"Estimated reading time":"1 minute"},"schema":{"@context":"https:\/\/schema.org","@graph":[{"@type":"WebPage","@id":"https:\/\/jogapiekna.com\/kursy-i-warsztaty\/warsztaty-na-zamowienie\/","url":"https:\/\/jogapiekna.com\/kursy-i-warsztaty\/warsztaty-na-zamowienie\/","name":"Warsztaty na zam\u00f3wienie | JOGA PI\u0118KNA | Joga Twarzy","isPartOf":{"@id":"https:\/\/jogapiekna.com\/#website"},"primaryImageOfPage":{"@id":"https:\/\/jogapiekna.com\/kursy-i-warsztaty\/warsztaty-na-zamowienie\/#primaryimage"},"image":{"@id":"https:\/\/jogapiekna.com\/kursy-i-warsztaty\/warsztaty-na-zamowienie\/#primaryimage"},"thumbnailUrl":"http:\/\/jogapiekna.com\/wp-content\/uploads\/2018\/08\/warsztaty-dla-firm-joga-piekna.jpg","datePublished":"2018-08-16T12:06:34+00:00","dateModified":"2018-09-24T13:33:22+00:00","description":"Joga Twarzy, Ajurweda i Ajurwedyjskie Pi\u0119kno. \u017bycie w harmonii z natur\u0105 korzystnie wp\u0142ywa nie tylko na cia\u0142o, ale przede wszystkim dzia\u0142a koj\u0105co na kondycj\u0119 psychiczn\u0105 \u2013 zwi\u0119ksza koncentracj\u0119 i jasno\u015b\u0107 umys\u0142u, obni\u017ca stres oraz wzmacnia wi\u0119zi. To czyni warsztaty sposr\u00f3d oferty Jogi Pi\u0119kna idealnym pomys\u0142em na sp\u0119dzenie czasu z rodzin\u0105, znajomymi lub wsp\u00f3\u0142pracownikami. Szczeg\u00f3lnie wtedy, gdy chcemy z\u0142agodzi\u0107 napi\u0119cia w relacjach z innym czy te\u017c odnowi\u0107 kontakt.","breadcrumb":{"@id":"https:\/\/jogapiekna.com\/kursy-i-warsztaty\/warsztaty-na-zamowienie\/#breadcrumb"},"inLanguage":"en-GB","potentialAction":[{"@type":"ReadAction","target":["https:\/\/jogapiekna.com\/kursy-i-warsztaty\/warsztaty-na-zamowienie\/"]}]},{"@type":"ImageObject","inLanguage":"en-GB","@id":"https:\/\/jogapiekna.com\/kursy-i-warsztaty\/warsztaty-na-zamowienie\/#primaryimage","url":"http:\/\/jogapiekna.com\/wp-content\/uploads\/2018\/08\/warsztaty-dla-firm-joga-piekna.jpg","contentUrl":"http:\/\/jogapiekna.com\/wp-content\/uploads\/2018\/08\/warsztaty-dla-firm-joga-piekna.jpg"},{"@type":"BreadcrumbList","@id":"https:\/\/jogapiekna.com\/kursy-i-warsztaty\/warsztaty-na-zamowienie\/#breadcrumb","itemListElement":[{"@type":"ListItem","position":1,"name":"Strona g\u0142\u00f3wna","item":"https:\/\/jogapiekna.com\/"},{"@type":"ListItem","position":2,"name":"Kursy, warsztaty, konsultacje","item":"https:\/\/jogapiekna.com\/kursy-i-warsztaty\/"},{"@type":"ListItem","position":3,"name":"Warsztaty na zam\u00f3wienie"}]},{"@type":"WebSite","@id":"https:\/\/jogapiekna.com\/#website","url":"https:\/\/jogapiekna.com\/","name":"Yoga Beauty Marta Kuci\u0144ska","description":"Beauty Yoga helps women to maintain their beauty, reverse the signs of passing time and fatigue, regain a radiant appearance, natural smile and improve their self-esteem.","publisher":{"@id":"https:\/\/jogapiekna.com\/#organization"},"potentialAction":[{"@type":"SearchAction","target":{"@type":"EntryPoint","urlTemplate":"https:\/\/jogapiekna.com\/?s={search_term_string}"},"query-input":{"@type":"PropertyValueSpecification","valueRequired":true,"valueName":"search_term_string"}}],"inLanguage":"en-GB"},{"@type":"Organization","@id":"https:\/\/jogapiekna.com\/#organization","name":"Yoga Beauty Marta Kuci\u0144ska","url":"https:\/\/jogapiekna.com\/","logo":{"@type":"ImageObject","inLanguage":"en-GB","@id":"https:\/\/jogapiekna.com\/#\/schema\/logo\/image\/","url":"https:\/\/jogapiekna.com\/wp-content\/uploads\/2022\/09\/joga-piekna-logo_Rka.png","contentUrl":"https:\/\/jogapiekna.com\/wp-content\/uploads\/2022\/09\/joga-piekna-logo_Rka.png","width":231,"height":124,"caption":"Joga Pi\u0119kna Marta Kuci\u0144ska"},"image":{"@id":"https:\/\/jogapiekna.com\/#\/schema\/logo\/image\/"},"sameAs":["https:\/\/www.facebook.com\/JogaPieknaCom\/","https:\/\/www.instagram.com\/jogapieknacom\/"]}]}},"_links":{"self":[{"href":"https:\/\/jogapiekna.com\/en\/wp-json\/wp\/v2\/pages\/468","targetHints":{"allow":["GET"]}}],"collection":[{"href":"https:\/\/jogapiekna.com\/en\/wp-json\/wp\/v2\/pages"}],"about":[{"href":"https:\/\/jogapiekna.com\/en\/wp-json\/wp\/v2\/types\/page"}],"author":[{"embeddable":true,"href":"https:\/\/jogapiekna.com\/en\/wp-json\/wp\/v2\/users\/1"}],"replies":[{"embeddable":true,"href":"https:\/\/jogapiekna.com\/en\/wp-json\/wp\/v2\/comments?post=468"}],"version-history":[{"count":5,"href":"https:\/\/jogapiekna.com\/en\/wp-json\/wp\/v2\/pages\/468\/revisions"}],"predecessor-version":[{"id":801,"href":"https:\/\/jogapiekna.com\/en\/wp-json\/wp\/v2\/pages\/468\/revisions\/801"}],"up":[{"embeddable":true,"href":"https:\/\/jogapiekna.com\/en\/wp-json\/wp\/v2\/pages\/26"}],"wp:attachment":[{"href":"https:\/\/jogapiekna.com\/en\/wp-json\/wp\/v2\/media?parent=468"}],"curies":[{"name":"wp","href":"https:\/\/api.w.org\/{rel}","templated":true}]}}