{"id":48751,"date":"2021-05-20T22:13:12","date_gmt":"2021-05-20T20:13:12","guid":{"rendered":"https:\/\/jogapiekna.com\/?page_id=48751"},"modified":"2021-05-24T11:54:45","modified_gmt":"2021-05-24T09:54:45","slug":"taping","status":"publish","type":"page","link":"https:\/\/jogapiekna.com\/en\/taping\/","title":{"rendered":"Sign up for the list of those interested in the course"},"content":{"rendered":"<h2><strong>Keep looking beautiful and radiant for longer. Discover the power of facial taping and how to firm your face, eliminate puffiness and look younger while you sleep!<\/strong><\/h2>\n<p>Sign up for the list of those interested in the online course <strong>Aesthetic kinesiotaping with beauty yoga<\/strong>, in order to stay up to date and not miss the course launch.<br \/>\n<div class=\"ml-form-embed\" data-account=\"1226162:a7b1x5a2q7\" data-form=\"4133062:l3a1d2\"><\/div><\/p>\n<p style=\"text-align: center\"><img fetchpriority=\"high\" decoding=\"async\" class=\"img-responsive alignnone wp-image-535 size-full\" src=\"https:\/\/jogapiekna.com\/wp-content\/uploads\/2021\/05\/KURS_Kinesiotaping-estetyczny-zapisy.jpg\" alt=\"\" width=\"568\" height=\"600\" \/><\/p>","protected":false},"excerpt":{"rendered":"<p>Zachowaj pi\u0119kny i promienny wygl\u0105d na d\u0142u\u017cej. Odkryj moc tapingu twarzy i dowiedz si\u0119, jak uj\u0119drni\u0107 twarz, zlikwidowa\u0107 obrz\u0119ki i [&hellip;]<\/p>\n","protected":false},"author":1,"featured_media":0,"parent":0,"menu_order":9997,"comment_status":"closed","ping_status":"closed","template":"templates\/template-landing.php","meta":{"_acf_changed":false,"site-sidebar-layout":"default","site-content-layout":"","ast-site-content-layout":"default","site-content-style":"default","site-sidebar-style":"default","ast-global-header-display":"","ast-banner-title-visibility":"","ast-main-header-display":"","ast-hfb-above-header-display":"","ast-hfb-below-header-display":"","ast-hfb-mobile-header-display":"","site-post-title":"","ast-breadcrumbs-content":"","ast-featured-img":"","footer-sml-layout":"","ast-disable-related-posts":"","theme-transparent-header-meta":"","adv-header-id-meta":"","stick-header-meta":"","header-above-stick-meta":"","header-main-stick-meta":"","header-below-stick-meta":"","astra-migrate-meta-layouts":"default","ast-page-background-enabled":"default","ast-page-background-meta":{"desktop":{"background-color":"var(--ast-global-color-5)","background-image":"","background-repeat":"repeat","background-position":"center center","background-size":"auto","background-attachment":"scroll","background-type":"","background-media":"","overlay-type":"","overlay-color":"","overlay-opacity":"","overlay-gradient":""},"tablet":{"background-color":"","background-image":"","background-repeat":"repeat","background-position":"center center","background-size":"auto","background-attachment":"scroll","background-type":"","background-media":"","overlay-type":"","overlay-color":"","overlay-opacity":"","overlay-gradient":""},"mobile":{"background-color":"","background-image":"","background-repeat":"repeat","background-position":"center center","background-size":"auto","background-attachment":"scroll","background-type":"","background-media":"","overlay-type":"","overlay-color":"","overlay-opacity":"","overlay-gradient":""}},"ast-content-background-meta":{"desktop":{"background-color":"var(--ast-global-color-4)","background-image":"","background-repeat":"repeat","background-position":"center center","background-size":"auto","background-attachment":"scroll","background-type":"","background-media":"","overlay-type":"","overlay-color":"","overlay-opacity":"","overlay-gradient":""},"tablet":{"background-color":"var(--ast-global-color-4)","background-image":"","background-repeat":"repeat","background-position":"center center","background-size":"auto","background-attachment":"scroll","background-type":"","background-media":"","overlay-type":"","overlay-color":"","overlay-opacity":"","overlay-gradient":""},"mobile":{"background-color":"var(--ast-global-color-4)","background-image":"","background-repeat":"repeat","background-position":"center center","background-size":"auto","background-attachment":"scroll","background-type":"","background-media":"","overlay-type":"","overlay-color":"","overlay-opacity":"","overlay-gradient":""}},"footnotes":""},"class_list":["post-48751","page","type-page","status-publish","hentry"],"acf":[],"yoast_head":"<!-- This site is optimized with the Yoast SEO plugin v27.4 - https:\/\/yoast.com\/product\/yoast-seo-wordpress\/ -->\n<title>Zapisz si\u0119 na list\u0119 zainteresowanych kursem | JOGA PI\u0118KNA | Joga Twarzy<\/title>\n<meta name=\"description\" content=\"Zapisz si\u0119 na list\u0119 zainteresowanych kursem online Kinesiotaping estetyczny z Jog\u0105 Pi\u0119kna i zgarnij dodatkowy bonus nastart sprzeda\u017cy\/dowiedz si\u0119 jako pierwsza o starcie sprzeda\u017cy kursu.\" \/>\n<meta name=\"robots\" content=\"index, follow, max-snippet:-1, max-image-preview:large, max-video-preview:-1\" \/>\n<link rel=\"canonical\" href=\"https:\/\/jogapiekna.com\/en\/taping\/\" \/>\n<meta property=\"og:locale\" content=\"en_GB\" \/>\n<meta property=\"og:type\" content=\"article\" \/>\n<meta property=\"og:title\" content=\"Zapisz si\u0119 na list\u0119 zainteresowanych kursem | JOGA PI\u0118KNA | Joga Twarzy\" \/>\n<meta property=\"og:description\" content=\"Zapisz si\u0119 na list\u0119 zainteresowanych kursem online Kinesiotaping estetyczny z Jog\u0105 Pi\u0119kna i zgarnij dodatkowy bonus nastart sprzeda\u017cy\/dowiedz si\u0119 jako pierwsza o starcie sprzeda\u017cy kursu.\" \/>\n<meta property=\"og:url\" content=\"https:\/\/jogapiekna.com\/en\/taping\/\" \/>\n<meta property=\"og:site_name\" content=\"JOGA PI\u0118KNA | Joga Twarzy\" \/>\n<meta property=\"article:publisher\" content=\"https:\/\/www.facebook.com\/JogaPieknaCom\/\" \/>\n<meta property=\"article:modified_time\" content=\"2021-05-24T09:54:45+00:00\" \/>\n<meta property=\"og:image\" content=\"https:\/\/jogapiekna.com\/wp-content\/uploads\/2021\/05\/KURS_Kinesiotaping-estetyczny-zapisy.jpg\" \/>\n<meta name=\"twitter:card\" content=\"summary_large_image\" \/>\n<script type=\"application\/ld+json\" class=\"yoast-schema-graph\">{\"@context\":\"https:\\\/\\\/schema.org\",\"@graph\":[{\"@type\":\"WebPage\",\"@id\":\"https:\\\/\\\/jogapiekna.com\\\/taping\\\/\",\"url\":\"https:\\\/\\\/jogapiekna.com\\\/taping\\\/\",\"name\":\"Zapisz si\u0119 na list\u0119 zainteresowanych kursem | JOGA PI\u0118KNA | Joga Twarzy\",\"isPartOf\":{\"@id\":\"https:\\\/\\\/jogapiekna.com\\\/#website\"},\"primaryImageOfPage\":{\"@id\":\"https:\\\/\\\/jogapiekna.com\\\/taping\\\/#primaryimage\"},\"image\":{\"@id\":\"https:\\\/\\\/jogapiekna.com\\\/taping\\\/#primaryimage\"},\"thumbnailUrl\":\"https:\\\/\\\/jogapiekna.com\\\/wp-content\\\/uploads\\\/2021\\\/05\\\/KURS_Kinesiotaping-estetyczny-zapisy.jpg\",\"datePublished\":\"2021-05-20T20:13:12+00:00\",\"dateModified\":\"2021-05-24T09:54:45+00:00\",\"description\":\"Zapisz si\u0119 na list\u0119 zainteresowanych kursem online Kinesiotaping estetyczny z Jog\u0105 Pi\u0119kna i zgarnij dodatkowy bonus nastart sprzeda\u017cy\\\/dowiedz si\u0119 jako pierwsza o starcie sprzeda\u017cy kursu.\",\"breadcrumb\":{\"@id\":\"https:\\\/\\\/jogapiekna.com\\\/taping\\\/#breadcrumb\"},\"inLanguage\":\"en-GB\",\"potentialAction\":[{\"@type\":\"ReadAction\",\"target\":[\"https:\\\/\\\/jogapiekna.com\\\/taping\\\/\"]}]},{\"@type\":\"ImageObject\",\"inLanguage\":\"en-GB\",\"@id\":\"https:\\\/\\\/jogapiekna.com\\\/taping\\\/#primaryimage\",\"url\":\"https:\\\/\\\/jogapiekna.com\\\/wp-content\\\/uploads\\\/2021\\\/05\\\/KURS_Kinesiotaping-estetyczny-zapisy.jpg\",\"contentUrl\":\"https:\\\/\\\/jogapiekna.com\\\/wp-content\\\/uploads\\\/2021\\\/05\\\/KURS_Kinesiotaping-estetyczny-zapisy.jpg\"},{\"@type\":\"BreadcrumbList\",\"@id\":\"https:\\\/\\\/jogapiekna.com\\\/taping\\\/#breadcrumb\",\"itemListElement\":[{\"@type\":\"ListItem\",\"position\":1,\"name\":\"Strona g\u0142\u00f3wna\",\"item\":\"https:\\\/\\\/jogapiekna.com\\\/\"},{\"@type\":\"ListItem\",\"position\":2,\"name\":\"Zapisz si\u0119 na list\u0119 zainteresowanych kursem\"}]},{\"@type\":\"WebSite\",\"@id\":\"https:\\\/\\\/jogapiekna.com\\\/#website\",\"url\":\"https:\\\/\\\/jogapiekna.com\\\/\",\"name\":\"Joga Pi\u0119kna Marta Kuci\u0144ska\",\"description\":\"Joga Pi\u0119kna pomaga kobietom zachowa\u0107 urod\u0119, cofn\u0105\u0107 oznaki up\u0142ywaj\u0105cego czasu i zm\u0119czenia, odzyska\u0107 promienny wygl\u0105d, naturalny u\u015bmiech i popraw\u0119 w\u0142asnej samooceny.\",\"publisher\":{\"@id\":\"https:\\\/\\\/jogapiekna.com\\\/#organization\"},\"potentialAction\":[{\"@type\":\"SearchAction\",\"target\":{\"@type\":\"EntryPoint\",\"urlTemplate\":\"https:\\\/\\\/jogapiekna.com\\\/?s={search_term_string}\"},\"query-input\":{\"@type\":\"PropertyValueSpecification\",\"valueRequired\":true,\"valueName\":\"search_term_string\"}}],\"inLanguage\":\"en-GB\"},{\"@type\":\"Organization\",\"@id\":\"https:\\\/\\\/jogapiekna.com\\\/#organization\",\"name\":\"Joga Pi\u0119kna Marta Kuci\u0144ska\",\"url\":\"https:\\\/\\\/jogapiekna.com\\\/\",\"logo\":{\"@type\":\"ImageObject\",\"inLanguage\":\"en-GB\",\"@id\":\"https:\\\/\\\/jogapiekna.com\\\/#\\\/schema\\\/logo\\\/image\\\/\",\"url\":\"https:\\\/\\\/jogapiekna.com\\\/wp-content\\\/uploads\\\/2022\\\/09\\\/joga-piekna-logo_Rka.png\",\"contentUrl\":\"https:\\\/\\\/jogapiekna.com\\\/wp-content\\\/uploads\\\/2022\\\/09\\\/joga-piekna-logo_Rka.png\",\"width\":231,\"height\":124,\"caption\":\"Joga Pi\u0119kna Marta Kuci\u0144ska\"},\"image\":{\"@id\":\"https:\\\/\\\/jogapiekna.com\\\/#\\\/schema\\\/logo\\\/image\\\/\"},\"sameAs\":[\"https:\\\/\\\/www.facebook.com\\\/JogaPieknaCom\\\/\",\"https:\\\/\\\/www.instagram.com\\\/jogapieknacom\\\/\"]}]}<\/script>\n<!-- \/ Yoast SEO plugin. -->","yoast_head_json":{"title":"Zapisz si\u0119 na list\u0119 zainteresowanych kursem | JOGA PI\u0118KNA | Joga Twarzy","description":"Zapisz si\u0119 na list\u0119 zainteresowanych kursem online Kinesiotaping estetyczny z Jog\u0105 Pi\u0119kna i zgarnij dodatkowy bonus nastart sprzeda\u017cy\/dowiedz si\u0119 jako pierwsza o starcie sprzeda\u017cy kursu.","robots":{"index":"index","follow":"follow","max-snippet":"max-snippet:-1","max-image-preview":"max-image-preview:large","max-video-preview":"max-video-preview:-1"},"canonical":"https:\/\/jogapiekna.com\/en\/taping\/","og_locale":"en_GB","og_type":"article","og_title":"Zapisz si\u0119 na list\u0119 zainteresowanych kursem | JOGA PI\u0118KNA | Joga Twarzy","og_description":"Zapisz si\u0119 na list\u0119 zainteresowanych kursem online Kinesiotaping estetyczny z Jog\u0105 Pi\u0119kna i zgarnij dodatkowy bonus nastart sprzeda\u017cy\/dowiedz si\u0119 jako pierwsza o starcie sprzeda\u017cy kursu.","og_url":"https:\/\/jogapiekna.com\/en\/taping\/","og_site_name":"JOGA PI\u0118KNA | Joga Twarzy","article_publisher":"https:\/\/www.facebook.com\/JogaPieknaCom\/","article_modified_time":"2021-05-24T09:54:45+00:00","og_image":[{"url":"https:\/\/jogapiekna.com\/wp-content\/uploads\/2021\/05\/KURS_Kinesiotaping-estetyczny-zapisy.jpg","type":"","width":"","height":""}],"twitter_card":"summary_large_image","schema":{"@context":"https:\/\/schema.org","@graph":[{"@type":"WebPage","@id":"https:\/\/jogapiekna.com\/taping\/","url":"https:\/\/jogapiekna.com\/taping\/","name":"Zapisz si\u0119 na list\u0119 zainteresowanych kursem | JOGA PI\u0118KNA | Joga Twarzy","isPartOf":{"@id":"https:\/\/jogapiekna.com\/#website"},"primaryImageOfPage":{"@id":"https:\/\/jogapiekna.com\/taping\/#primaryimage"},"image":{"@id":"https:\/\/jogapiekna.com\/taping\/#primaryimage"},"thumbnailUrl":"https:\/\/jogapiekna.com\/wp-content\/uploads\/2021\/05\/KURS_Kinesiotaping-estetyczny-zapisy.jpg","datePublished":"2021-05-20T20:13:12+00:00","dateModified":"2021-05-24T09:54:45+00:00","description":"Zapisz si\u0119 na list\u0119 zainteresowanych kursem online Kinesiotaping estetyczny z Jog\u0105 Pi\u0119kna i zgarnij dodatkowy bonus nastart sprzeda\u017cy\/dowiedz si\u0119 jako pierwsza o starcie sprzeda\u017cy kursu.","breadcrumb":{"@id":"https:\/\/jogapiekna.com\/taping\/#breadcrumb"},"inLanguage":"en-GB","potentialAction":[{"@type":"ReadAction","target":["https:\/\/jogapiekna.com\/taping\/"]}]},{"@type":"ImageObject","inLanguage":"en-GB","@id":"https:\/\/jogapiekna.com\/taping\/#primaryimage","url":"https:\/\/jogapiekna.com\/wp-content\/uploads\/2021\/05\/KURS_Kinesiotaping-estetyczny-zapisy.jpg","contentUrl":"https:\/\/jogapiekna.com\/wp-content\/uploads\/2021\/05\/KURS_Kinesiotaping-estetyczny-zapisy.jpg"},{"@type":"BreadcrumbList","@id":"https:\/\/jogapiekna.com\/taping\/#breadcrumb","itemListElement":[{"@type":"ListItem","position":1,"name":"Strona g\u0142\u00f3wna","item":"https:\/\/jogapiekna.com\/"},{"@type":"ListItem","position":2,"name":"Zapisz si\u0119 na list\u0119 zainteresowanych kursem"}]},{"@type":"WebSite","@id":"https:\/\/jogapiekna.com\/#website","url":"https:\/\/jogapiekna.com\/","name":"Yoga Beauty Marta Kuci\u0144ska","description":"Beauty Yoga helps women to maintain their beauty, reverse the signs of passing time and fatigue, regain a radiant appearance, natural smile and improve their self-esteem.","publisher":{"@id":"https:\/\/jogapiekna.com\/#organization"},"potentialAction":[{"@type":"SearchAction","target":{"@type":"EntryPoint","urlTemplate":"https:\/\/jogapiekna.com\/?s={search_term_string}"},"query-input":{"@type":"PropertyValueSpecification","valueRequired":true,"valueName":"search_term_string"}}],"inLanguage":"en-GB"},{"@type":"Organization","@id":"https:\/\/jogapiekna.com\/#organization","name":"Yoga Beauty Marta Kuci\u0144ska","url":"https:\/\/jogapiekna.com\/","logo":{"@type":"ImageObject","inLanguage":"en-GB","@id":"https:\/\/jogapiekna.com\/#\/schema\/logo\/image\/","url":"https:\/\/jogapiekna.com\/wp-content\/uploads\/2022\/09\/joga-piekna-logo_Rka.png","contentUrl":"https:\/\/jogapiekna.com\/wp-content\/uploads\/2022\/09\/joga-piekna-logo_Rka.png","width":231,"height":124,"caption":"Joga Pi\u0119kna Marta Kuci\u0144ska"},"image":{"@id":"https:\/\/jogapiekna.com\/#\/schema\/logo\/image\/"},"sameAs":["https:\/\/www.facebook.com\/JogaPieknaCom\/","https:\/\/www.instagram.com\/jogapieknacom\/"]}]}},"_links":{"self":[{"href":"https:\/\/jogapiekna.com\/en\/wp-json\/wp\/v2\/pages\/48751","targetHints":{"allow":["GET"]}}],"collection":[{"href":"https:\/\/jogapiekna.com\/en\/wp-json\/wp\/v2\/pages"}],"about":[{"href":"https:\/\/jogapiekna.com\/en\/wp-json\/wp\/v2\/types\/page"}],"author":[{"embeddable":true,"href":"https:\/\/jogapiekna.com\/en\/wp-json\/wp\/v2\/users\/1"}],"replies":[{"embeddable":true,"href":"https:\/\/jogapiekna.com\/en\/wp-json\/wp\/v2\/comments?post=48751"}],"version-history":[{"count":5,"href":"https:\/\/jogapiekna.com\/en\/wp-json\/wp\/v2\/pages\/48751\/revisions"}],"predecessor-version":[{"id":48994,"href":"https:\/\/jogapiekna.com\/en\/wp-json\/wp\/v2\/pages\/48751\/revisions\/48994"}],"wp:attachment":[{"href":"https:\/\/jogapiekna.com\/en\/wp-json\/wp\/v2\/media?parent=48751"}],"curies":[{"name":"wp","href":"https:\/\/api.w.org\/{rel}","templated":true}]}}