{"id":48811,"date":"2021-05-20T23:22:55","date_gmt":"2021-05-20T21:22:55","guid":{"rendered":"https:\/\/jogapiekna.com\/?page_id=48811"},"modified":"2021-06-02T12:21:44","modified_gmt":"2021-06-02T10:21:44","slug":"dziekuje-za-zapis","status":"publish","type":"page","link":"https:\/\/jogapiekna.com\/en\/taping\/dziekuje-za-zapis\/","title":{"rendered":"Thank you for your record"},"content":{"rendered":"<h3>EVERYTHING WENT WELL!<\/h3>\n<p>Thank you so much for joining the list of those interested in the online course about kinesiotaping facials. We'll be in touch by email - I'll let you know how the course is progressing and also let you know when it's released.<\/p>\n<p><strong>Planned course launch: June 2021.<\/strong><\/p>\n<div class=\"vimeo-jp-embed-container\"><iframe src=\"https:\/\/player.vimeo.com\/video\/557223414\" width=\"100%\" height=\"640\" frameborder=\"0\" allow=\"autoplay; fullscreen\" allowfullscreen><\/iframe><\/div>\n<p>To be heard,<br \/>\nMarta<\/p>","protected":false},"excerpt":{"rendered":"<p>WSZYSTKO PRZEBIEG\u0141O POMY\u015aLNIE! Bardzo dzi\u0119kuj\u0119 Ci za do\u0142\u0105czenie do listy zainteresowanych kursem online o kinesiotapingu twarzy. B\u0119dziemy w kontakcie drog\u0105 [&hellip;]<\/p>\n","protected":false},"author":1,"featured_media":0,"parent":48751,"menu_order":0,"comment_status":"closed","ping_status":"closed","template":"templates\/template-landing.php","meta":{"_acf_changed":false,"site-sidebar-layout":"default","site-content-layout":"","ast-site-content-layout":"default","site-content-style":"default","site-sidebar-style":"default","ast-global-header-display":"","ast-banner-title-visibility":"","ast-main-header-display":"","ast-hfb-above-header-display":"","ast-hfb-below-header-display":"","ast-hfb-mobile-header-display":"","site-post-title":"","ast-breadcrumbs-content":"","ast-featured-img":"","footer-sml-layout":"","ast-disable-related-posts":"","theme-transparent-header-meta":"","adv-header-id-meta":"","stick-header-meta":"","header-above-stick-meta":"","header-main-stick-meta":"","header-below-stick-meta":"","astra-migrate-meta-layouts":"default","ast-page-background-enabled":"default","ast-page-background-meta":{"desktop":{"background-color":"var(--ast-global-color-5)","background-image":"","background-repeat":"repeat","background-position":"center center","background-size":"auto","background-attachment":"scroll","background-type":"","background-media":"","overlay-type":"","overlay-color":"","overlay-opacity":"","overlay-gradient":""},"tablet":{"background-color":"","background-image":"","background-repeat":"repeat","background-position":"center center","background-size":"auto","background-attachment":"scroll","background-type":"","background-media":"","overlay-type":"","overlay-color":"","overlay-opacity":"","overlay-gradient":""},"mobile":{"background-color":"","background-image":"","background-repeat":"repeat","background-position":"center center","background-size":"auto","background-attachment":"scroll","background-type":"","background-media":"","overlay-type":"","overlay-color":"","overlay-opacity":"","overlay-gradient":""}},"ast-content-background-meta":{"desktop":{"background-color":"var(--ast-global-color-4)","background-image":"","background-repeat":"repeat","background-position":"center center","background-size":"auto","background-attachment":"scroll","background-type":"","background-media":"","overlay-type":"","overlay-color":"","overlay-opacity":"","overlay-gradient":""},"tablet":{"background-color":"var(--ast-global-color-4)","background-image":"","background-repeat":"repeat","background-position":"center center","background-size":"auto","background-attachment":"scroll","background-type":"","background-media":"","overlay-type":"","overlay-color":"","overlay-opacity":"","overlay-gradient":""},"mobile":{"background-color":"var(--ast-global-color-4)","background-image":"","background-repeat":"repeat","background-position":"center center","background-size":"auto","background-attachment":"scroll","background-type":"","background-media":"","overlay-type":"","overlay-color":"","overlay-opacity":"","overlay-gradient":""}},"footnotes":""},"class_list":["post-48811","page","type-page","status-publish","hentry"],"acf":[],"yoast_head":"<!-- This site is optimized with the Yoast SEO plugin v27.4 - https:\/\/yoast.com\/product\/yoast-seo-wordpress\/ -->\n<title>Dzi\u0119kuj\u0119 za zapis | JOGA PI\u0118KNA | Joga Twarzy<\/title>\n<meta name=\"robots\" content=\"index, follow, max-snippet:-1, max-image-preview:large, max-video-preview:-1\" \/>\n<link rel=\"canonical\" href=\"https:\/\/jogapiekna.com\/en\/taping\/dziekuje-za-zapis\/\" \/>\n<meta property=\"og:locale\" content=\"en_GB\" \/>\n<meta property=\"og:type\" content=\"article\" \/>\n<meta property=\"og:title\" content=\"Dzi\u0119kuj\u0119 za zapis | JOGA PI\u0118KNA | Joga Twarzy\" \/>\n<meta property=\"og:description\" content=\"WSZYSTKO PRZEBIEG\u0141O POMY\u015aLNIE! Bardzo dzi\u0119kuj\u0119 Ci za do\u0142\u0105czenie do listy zainteresowanych kursem online o kinesiotapingu twarzy. B\u0119dziemy w kontakcie drog\u0105 [&hellip;]\" \/>\n<meta property=\"og:url\" content=\"https:\/\/jogapiekna.com\/en\/taping\/dziekuje-za-zapis\/\" \/>\n<meta property=\"og:site_name\" content=\"JOGA PI\u0118KNA | Joga Twarzy\" \/>\n<meta property=\"article:publisher\" content=\"https:\/\/www.facebook.com\/JogaPieknaCom\/\" \/>\n<meta property=\"article:modified_time\" content=\"2021-06-02T10:21:44+00:00\" \/>\n<meta name=\"twitter:card\" content=\"summary_large_image\" \/>\n<script type=\"application\/ld+json\" class=\"yoast-schema-graph\">{\"@context\":\"https:\\\/\\\/schema.org\",\"@graph\":[{\"@type\":\"WebPage\",\"@id\":\"https:\\\/\\\/jogapiekna.com\\\/taping\\\/dziekuje-za-zapis\\\/\",\"url\":\"https:\\\/\\\/jogapiekna.com\\\/taping\\\/dziekuje-za-zapis\\\/\",\"name\":\"Dzi\u0119kuj\u0119 za zapis | JOGA PI\u0118KNA | Joga Twarzy\",\"isPartOf\":{\"@id\":\"https:\\\/\\\/jogapiekna.com\\\/#website\"},\"datePublished\":\"2021-05-20T21:22:55+00:00\",\"dateModified\":\"2021-06-02T10:21:44+00:00\",\"breadcrumb\":{\"@id\":\"https:\\\/\\\/jogapiekna.com\\\/taping\\\/dziekuje-za-zapis\\\/#breadcrumb\"},\"inLanguage\":\"en-GB\",\"potentialAction\":[{\"@type\":\"ReadAction\",\"target\":[\"https:\\\/\\\/jogapiekna.com\\\/taping\\\/dziekuje-za-zapis\\\/\"]}]},{\"@type\":\"BreadcrumbList\",\"@id\":\"https:\\\/\\\/jogapiekna.com\\\/taping\\\/dziekuje-za-zapis\\\/#breadcrumb\",\"itemListElement\":[{\"@type\":\"ListItem\",\"position\":1,\"name\":\"Strona g\u0142\u00f3wna\",\"item\":\"https:\\\/\\\/jogapiekna.com\\\/\"},{\"@type\":\"ListItem\",\"position\":2,\"name\":\"Zapisz si\u0119 na list\u0119 zainteresowanych kursem\",\"item\":\"https:\\\/\\\/jogapiekna.com\\\/taping\\\/\"},{\"@type\":\"ListItem\",\"position\":3,\"name\":\"Dzi\u0119kuj\u0119 za zapis\"}]},{\"@type\":\"WebSite\",\"@id\":\"https:\\\/\\\/jogapiekna.com\\\/#website\",\"url\":\"https:\\\/\\\/jogapiekna.com\\\/\",\"name\":\"Joga Pi\u0119kna Marta Kuci\u0144ska\",\"description\":\"Joga Pi\u0119kna pomaga kobietom zachowa\u0107 urod\u0119, cofn\u0105\u0107 oznaki up\u0142ywaj\u0105cego czasu i zm\u0119czenia, odzyska\u0107 promienny wygl\u0105d, naturalny u\u015bmiech i popraw\u0119 w\u0142asnej samooceny.\",\"publisher\":{\"@id\":\"https:\\\/\\\/jogapiekna.com\\\/#organization\"},\"potentialAction\":[{\"@type\":\"SearchAction\",\"target\":{\"@type\":\"EntryPoint\",\"urlTemplate\":\"https:\\\/\\\/jogapiekna.com\\\/?s={search_term_string}\"},\"query-input\":{\"@type\":\"PropertyValueSpecification\",\"valueRequired\":true,\"valueName\":\"search_term_string\"}}],\"inLanguage\":\"en-GB\"},{\"@type\":\"Organization\",\"@id\":\"https:\\\/\\\/jogapiekna.com\\\/#organization\",\"name\":\"Joga Pi\u0119kna Marta Kuci\u0144ska\",\"url\":\"https:\\\/\\\/jogapiekna.com\\\/\",\"logo\":{\"@type\":\"ImageObject\",\"inLanguage\":\"en-GB\",\"@id\":\"https:\\\/\\\/jogapiekna.com\\\/#\\\/schema\\\/logo\\\/image\\\/\",\"url\":\"https:\\\/\\\/jogapiekna.com\\\/wp-content\\\/uploads\\\/2022\\\/09\\\/joga-piekna-logo_Rka.png\",\"contentUrl\":\"https:\\\/\\\/jogapiekna.com\\\/wp-content\\\/uploads\\\/2022\\\/09\\\/joga-piekna-logo_Rka.png\",\"width\":231,\"height\":124,\"caption\":\"Joga Pi\u0119kna Marta Kuci\u0144ska\"},\"image\":{\"@id\":\"https:\\\/\\\/jogapiekna.com\\\/#\\\/schema\\\/logo\\\/image\\\/\"},\"sameAs\":[\"https:\\\/\\\/www.facebook.com\\\/JogaPieknaCom\\\/\",\"https:\\\/\\\/www.instagram.com\\\/jogapieknacom\\\/\"]}]}<\/script>\n<!-- \/ Yoast SEO plugin. -->","yoast_head_json":{"title":"Dzi\u0119kuj\u0119 za zapis | JOGA PI\u0118KNA | Joga Twarzy","robots":{"index":"index","follow":"follow","max-snippet":"max-snippet:-1","max-image-preview":"max-image-preview:large","max-video-preview":"max-video-preview:-1"},"canonical":"https:\/\/jogapiekna.com\/en\/taping\/dziekuje-za-zapis\/","og_locale":"en_GB","og_type":"article","og_title":"Dzi\u0119kuj\u0119 za zapis | JOGA PI\u0118KNA | Joga Twarzy","og_description":"WSZYSTKO PRZEBIEG\u0141O POMY\u015aLNIE! Bardzo dzi\u0119kuj\u0119 Ci za do\u0142\u0105czenie do listy zainteresowanych kursem online o kinesiotapingu twarzy. B\u0119dziemy w kontakcie drog\u0105 [&hellip;]","og_url":"https:\/\/jogapiekna.com\/en\/taping\/dziekuje-za-zapis\/","og_site_name":"JOGA PI\u0118KNA | Joga Twarzy","article_publisher":"https:\/\/www.facebook.com\/JogaPieknaCom\/","article_modified_time":"2021-06-02T10:21:44+00:00","twitter_card":"summary_large_image","schema":{"@context":"https:\/\/schema.org","@graph":[{"@type":"WebPage","@id":"https:\/\/jogapiekna.com\/taping\/dziekuje-za-zapis\/","url":"https:\/\/jogapiekna.com\/taping\/dziekuje-za-zapis\/","name":"Dzi\u0119kuj\u0119 za zapis | JOGA PI\u0118KNA | Joga Twarzy","isPartOf":{"@id":"https:\/\/jogapiekna.com\/#website"},"datePublished":"2021-05-20T21:22:55+00:00","dateModified":"2021-06-02T10:21:44+00:00","breadcrumb":{"@id":"https:\/\/jogapiekna.com\/taping\/dziekuje-za-zapis\/#breadcrumb"},"inLanguage":"en-GB","potentialAction":[{"@type":"ReadAction","target":["https:\/\/jogapiekna.com\/taping\/dziekuje-za-zapis\/"]}]},{"@type":"BreadcrumbList","@id":"https:\/\/jogapiekna.com\/taping\/dziekuje-za-zapis\/#breadcrumb","itemListElement":[{"@type":"ListItem","position":1,"name":"Strona g\u0142\u00f3wna","item":"https:\/\/jogapiekna.com\/"},{"@type":"ListItem","position":2,"name":"Zapisz si\u0119 na list\u0119 zainteresowanych kursem","item":"https:\/\/jogapiekna.com\/taping\/"},{"@type":"ListItem","position":3,"name":"Dzi\u0119kuj\u0119 za zapis"}]},{"@type":"WebSite","@id":"https:\/\/jogapiekna.com\/#website","url":"https:\/\/jogapiekna.com\/","name":"Yoga Beauty Marta Kuci\u0144ska","description":"Beauty Yoga helps women to maintain their beauty, reverse the signs of passing time and fatigue, regain a radiant appearance, natural smile and improve their self-esteem.","publisher":{"@id":"https:\/\/jogapiekna.com\/#organization"},"potentialAction":[{"@type":"SearchAction","target":{"@type":"EntryPoint","urlTemplate":"https:\/\/jogapiekna.com\/?s={search_term_string}"},"query-input":{"@type":"PropertyValueSpecification","valueRequired":true,"valueName":"search_term_string"}}],"inLanguage":"en-GB"},{"@type":"Organization","@id":"https:\/\/jogapiekna.com\/#organization","name":"Yoga Beauty Marta Kuci\u0144ska","url":"https:\/\/jogapiekna.com\/","logo":{"@type":"ImageObject","inLanguage":"en-GB","@id":"https:\/\/jogapiekna.com\/#\/schema\/logo\/image\/","url":"https:\/\/jogapiekna.com\/wp-content\/uploads\/2022\/09\/joga-piekna-logo_Rka.png","contentUrl":"https:\/\/jogapiekna.com\/wp-content\/uploads\/2022\/09\/joga-piekna-logo_Rka.png","width":231,"height":124,"caption":"Joga Pi\u0119kna Marta Kuci\u0144ska"},"image":{"@id":"https:\/\/jogapiekna.com\/#\/schema\/logo\/image\/"},"sameAs":["https:\/\/www.facebook.com\/JogaPieknaCom\/","https:\/\/www.instagram.com\/jogapieknacom\/"]}]}},"_links":{"self":[{"href":"https:\/\/jogapiekna.com\/en\/wp-json\/wp\/v2\/pages\/48811","targetHints":{"allow":["GET"]}}],"collection":[{"href":"https:\/\/jogapiekna.com\/en\/wp-json\/wp\/v2\/pages"}],"about":[{"href":"https:\/\/jogapiekna.com\/en\/wp-json\/wp\/v2\/types\/page"}],"author":[{"embeddable":true,"href":"https:\/\/jogapiekna.com\/en\/wp-json\/wp\/v2\/users\/1"}],"replies":[{"embeddable":true,"href":"https:\/\/jogapiekna.com\/en\/wp-json\/wp\/v2\/comments?post=48811"}],"version-history":[{"count":5,"href":"https:\/\/jogapiekna.com\/en\/wp-json\/wp\/v2\/pages\/48811\/revisions"}],"predecessor-version":[{"id":49742,"href":"https:\/\/jogapiekna.com\/en\/wp-json\/wp\/v2\/pages\/48811\/revisions\/49742"}],"up":[{"embeddable":true,"href":"https:\/\/jogapiekna.com\/en\/wp-json\/wp\/v2\/pages\/48751"}],"wp:attachment":[{"href":"https:\/\/jogapiekna.com\/en\/wp-json\/wp\/v2\/media?parent=48811"}],"curies":[{"name":"wp","href":"https:\/\/api.w.org\/{rel}","templated":true}]}}