{"id":100716,"date":"2022-11-20T18:13:17","date_gmt":"2022-11-20T17:13:17","guid":{"rendered":"https:\/\/jogapiekna.com\/?post_type=product&#038;p=100716"},"modified":"2026-04-08T14:38:57","modified_gmt":"2026-04-08T12:38:57","slug":"banki-shine-do-masazu-twarzy-silikonowe-z-brokatem-4-sztuki","status":"publish","type":"product","link":"https:\/\/jogapiekna.com\/en\/product\/banki-shine-do-masazu-twarzy-silikonowe-z-brokatem-4-sztuki\/","title":{"rendered":"Cupping Face Gloss Silicone Massager with glitter \u2022 4 pcs."},"content":{"rendered":"<p><strong>The effect of facial bubbles:<\/strong><\/p>\n<ul>\n<li>reduces wrinkles<\/li>\n<li>tones and strengthens the skin<\/li>\n<li>improve and stimulate blood circulation by stimulating the lymphatic system<\/li>\n<li>cleanse the skin pores and remove toxins from the skin tissues<\/li>\n<li>help remove puffiness from the face<\/li>\n<li>relaxes muscle tension, giving the face a relaxed appearance<\/li>\n<\/ul>\n<p><strong>facial and body massage bubbles, so-called FACIAL CUPPING<\/strong> - is one of the best products for performing a facial massage, modelled on ancient natural Chinese medicine. The bubble massage is very pleasant and relaxing.<\/p>\n<p><strong>Material:<\/strong> 100% medical grade silicone (safe, non-toxic, hypoallergenic, free of PVC and harmful additives) - proven manufacturer<br \/>\n<strong>Colour:<\/strong> pink with glitter<br \/>\n<strong>Size:<\/strong><\/p>\n<ul>\n<li>mini bubble for face, eye and mouth area massage and wrinkle ironing: 15mm x 50mm - 2 pieces included<\/li>\n<li>medium bubble for face, neck, d\u00e9collet\u00e9, body massage: 37mm x 80mm - 2 pieces included<\/li>\n<\/ul>\n<p><strong>Contraindications to massage with cans:<\/strong><\/p>\n<ul>\n<li>very delicate capillary skin, sensitive with a tendency to form so-called vascular asterisks (rupture of blood vessels)<\/li>\n<li>pregnancy<\/li>\n<li>lactation<\/li>\n<li>menstruation<\/li>\n<li>dilated veins<\/li>\n<li>epilepsy<\/li>\n<li>hemophilia<\/li>\n<li>any cardiovascular diseases<\/li>\n<li>any other disturbing diseases, skin problems, eczema, psoriasis, skin damage, eczema<\/li>\n<\/ul>\n<p><strong>SKIN PREPARATION<\/strong><br \/>\nBefore starting the massage, the skin of the face and d\u00e9collet\u00e9 should be thoroughly cleansed while remembering to wash your hands thoroughly and to<br \/>\ndisinfecting the bubbles. A generous application of massage oil to the face and d\u00e9collet\u00e9 is the basis for a proper massage.<\/p>\n<p><strong>usage:<\/strong><br \/>\nPress the bubbles against the skin covered with natural oil (press the squeezed bubble against the skin and let go - at this point the bubble sucks against the body). Move the bubbles over the skin. Use a small bubble to massage the eye area and a larger bubble for the rest of the face, neck and d\u00e9collet\u00e9. The massage is performed with a fairly quick movement; the contact of the bubble with the skin in one place must not last longer than 2 seconds. The massage must be performed on skin covered with oil! Otherwise there is a risk of damaging the skin! Slight reddening of the skin is a natural occurrence during a bubble massage.<br \/>\nThe massage starts from the upper parts of the face each time and gradually descends according to the direction of the arrows. A very important element of the massage is the sequential drainage of excess lymph into the main lymphatic vessels located in the clavicular area. To do this, we do a bubble movement starting from the temples on the sides of the face along the ear line up to the clavicle.<\/p>\n<p><strong>This massage should last normally. 15-20 min.<\/strong><\/p>\n<p><img fetchpriority=\"high\" decoding=\"async\" class=\"alignleft size-full wp-image-10666\" src=\"https:\/\/jogapiekna.com\/wp-content\/uploads\/2018\/11\/banki-chinskie\u2013instrukcja.jpg\" alt=\"\" width=\"255\" height=\"460\" srcset=\"https:\/\/jogapiekna.com\/wp-content\/uploads\/2018\/11\/banki-chinskie\u2013instrukcja.jpg 255w, https:\/\/jogapiekna.com\/wp-content\/uploads\/2018\/11\/banki-chinskie\u2013instrukcja-166x300.jpg 166w\" sizes=\"(max-width: 255px) 100vw, 255px\" \/><\/p>","protected":false},"excerpt":{"rendered":"<p>A set of SHINE silicone bubbles for facial massage.<br \/>\nSet includes 4 bubbles in 2 different sizes.<br \/>\nThe bubbles are made of fine, soft silicone dyed pale pink with coloured glitter.The bubbles are very easy to use - just squeeze the bubble, put it on the skin and let go - then the bubble \u201csucks\u201d to the skin.The bubbles are packed in a large fabric bag.<\/p>","protected":false},"featured_media":100718,"comment_status":"closed","ping_status":"closed","template":"","meta":{"_acf_changed":false,"site-sidebar-layout":"default","site-content-layout":"","ast-site-content-layout":"default","site-content-style":"default","site-sidebar-style":"default","ast-global-header-display":"","ast-banner-title-visibility":"","ast-main-header-display":"","ast-hfb-above-header-display":"","ast-hfb-below-header-display":"","ast-hfb-mobile-header-display":"","site-post-title":"","ast-breadcrumbs-content":"","ast-featured-img":"","footer-sml-layout":"","ast-disable-related-posts":"","theme-transparent-header-meta":"","adv-header-id-meta":"","stick-header-meta":"","header-above-stick-meta":"","header-main-stick-meta":"","header-below-stick-meta":"","astra-migrate-meta-layouts":"default","ast-page-background-enabled":"default","ast-page-background-meta":{"desktop":{"background-color":"var(--ast-global-color-5)","background-image":"","background-repeat":"repeat","background-position":"center center","background-size":"auto","background-attachment":"scroll","background-type":"","background-media":"","overlay-type":"","overlay-color":"","overlay-opacity":"","overlay-gradient":""},"tablet":{"background-color":"","background-image":"","background-repeat":"repeat","background-position":"center center","background-size":"auto","background-attachment":"scroll","background-type":"","background-media":"","overlay-type":"","overlay-color":"","overlay-opacity":"","overlay-gradient":""},"mobile":{"background-color":"","background-image":"","background-repeat":"repeat","background-position":"center center","background-size":"auto","background-attachment":"scroll","background-type":"","background-media":"","overlay-type":"","overlay-color":"","overlay-opacity":"","overlay-gradient":""}},"ast-content-background-meta":{"desktop":{"background-color":"var(--ast-global-color-4)","background-image":"","background-repeat":"repeat","background-position":"center center","background-size":"auto","background-attachment":"scroll","background-type":"","background-media":"","overlay-type":"","overlay-color":"","overlay-opacity":"","overlay-gradient":""},"tablet":{"background-color":"var(--ast-global-color-4)","background-image":"","background-repeat":"repeat","background-position":"center center","background-size":"auto","background-attachment":"scroll","background-type":"","background-media":"","overlay-type":"","overlay-color":"","overlay-opacity":"","overlay-gradient":""},"mobile":{"background-color":"var(--ast-global-color-4)","background-image":"","background-repeat":"repeat","background-position":"center center","background-size":"auto","background-attachment":"scroll","background-type":"","background-media":"","overlay-type":"","overlay-color":"","overlay-opacity":"","overlay-gradient":""}}},"product_brand":[],"product_cat":[21,613],"product_tag":[175,41,260,259,256,255],"class_list":{"0":"post-100716","1":"product","2":"type-product","3":"status-publish","4":"has-post-thumbnail","6":"product_cat-akcesoria","7":"product_cat-banki","8":"product_tag-banki-chinskie","9":"product_tag-joga-twarzy","10":"product_tag-masaz-twarzy","11":"product_tag-odmladzanie","12":"product_tag-pielegnacja-skory","13":"product_tag-pielegnacja-twarzy","14":"desktop-align-left","15":"tablet-align-left","16":"mobile-align-left","18":"first","19":"instock","20":"taxable","21":"shipping-taxable","22":"purchasable","23":"product-type-simple"},"acf":[],"yoast_head":"<!-- This site is optimized with the Yoast SEO plugin v27.4 - https:\/\/yoast.com\/product\/yoast-seo-wordpress\/ -->\n<title>Ba\u0144ski SHINEdo masa\u017cu twarzy i cia\u0142a \u2022 4 sztuki<\/title>\n<meta name=\"description\" content=\"BA\u0143KI DO MASA\u017bU TWARZY I CIA\u0141A \u2013 to jeden z najlepszych produkt\u00f3w do wykonania masa\u017cu twarzy, wzorowany na staro\u017cytnej naturalnej medycynie chi\u0144skiej.\" \/>\n<meta name=\"robots\" content=\"index, follow, max-snippet:-1, max-image-preview:large, max-video-preview:-1\" \/>\n<link rel=\"canonical\" href=\"https:\/\/jogapiekna.com\/en\/product\/banki-shine-do-masazu-twarzy-silikonowe-z-brokatem-4-sztuki\/\" \/>\n<meta property=\"og:locale\" content=\"en_GB\" \/>\n<meta property=\"og:type\" content=\"article\" \/>\n<meta property=\"og:title\" content=\"Ba\u0144ski SHINEdo masa\u017cu twarzy i cia\u0142a \u2022 4 sztuki\" \/>\n<meta property=\"og:description\" content=\"BA\u0143KI DO MASA\u017bU TWARZY I CIA\u0141A \u2013 to jeden z najlepszych produkt\u00f3w do wykonania masa\u017cu twarzy, wzorowany na staro\u017cytnej naturalnej medycynie chi\u0144skiej.\" \/>\n<meta property=\"og:url\" content=\"https:\/\/jogapiekna.com\/en\/product\/banki-shine-do-masazu-twarzy-silikonowe-z-brokatem-4-sztuki\/\" \/>\n<meta property=\"og:site_name\" content=\"JOGA PI\u0118KNA | Joga Twarzy\" \/>\n<meta property=\"article:publisher\" content=\"https:\/\/www.facebook.com\/JogaPieknaCom\/\" \/>\n<meta property=\"article:modified_time\" content=\"2026-04-08T12:38:57+00:00\" \/>\n<meta property=\"og:image\" content=\"https:\/\/jogapiekna.com\/wp-content\/uploads\/2022\/11\/banki-Shine-do-masazu-jogapiekna_4sztuki.jpg\" \/>\n\t<meta property=\"og:image:width\" content=\"1000\" \/>\n\t<meta property=\"og:image:height\" content=\"1000\" \/>\n\t<meta property=\"og:image:type\" content=\"image\/jpeg\" \/>\n<meta name=\"twitter:card\" content=\"summary_large_image\" \/>\n<meta name=\"twitter:label1\" content=\"Estimated reading time\" \/>\n\t<meta name=\"twitter:data1\" content=\"3 minutes\" \/>\n<script type=\"application\/ld+json\" class=\"yoast-schema-graph\">{\"@context\":\"https:\\\/\\\/schema.org\",\"@graph\":[{\"@type\":\"WebPage\",\"@id\":\"https:\\\/\\\/jogapiekna.com\\\/produkt\\\/banki-shine-do-masazu-twarzy-silikonowe-z-brokatem-4-sztuki\\\/\",\"url\":\"https:\\\/\\\/jogapiekna.com\\\/produkt\\\/banki-shine-do-masazu-twarzy-silikonowe-z-brokatem-4-sztuki\\\/\",\"name\":\"Ba\u0144ski SHINEdo masa\u017cu twarzy i cia\u0142a \u2022 4 sztuki\",\"isPartOf\":{\"@id\":\"https:\\\/\\\/jogapiekna.com\\\/#website\"},\"primaryImageOfPage\":{\"@id\":\"https:\\\/\\\/jogapiekna.com\\\/produkt\\\/banki-shine-do-masazu-twarzy-silikonowe-z-brokatem-4-sztuki\\\/#primaryimage\"},\"image\":{\"@id\":\"https:\\\/\\\/jogapiekna.com\\\/produkt\\\/banki-shine-do-masazu-twarzy-silikonowe-z-brokatem-4-sztuki\\\/#primaryimage\"},\"thumbnailUrl\":\"https:\\\/\\\/jogapiekna.com\\\/wp-content\\\/uploads\\\/2022\\\/11\\\/banki-Shine-do-masazu-jogapiekna_4sztuki.jpg\",\"datePublished\":\"2022-11-20T17:13:17+00:00\",\"dateModified\":\"2026-04-08T12:38:57+00:00\",\"description\":\"BA\u0143KI DO MASA\u017bU TWARZY I CIA\u0141A \u2013 to jeden z najlepszych produkt\u00f3w do wykonania masa\u017cu twarzy, wzorowany na staro\u017cytnej naturalnej medycynie chi\u0144skiej.\",\"breadcrumb\":{\"@id\":\"https:\\\/\\\/jogapiekna.com\\\/produkt\\\/banki-shine-do-masazu-twarzy-silikonowe-z-brokatem-4-sztuki\\\/#breadcrumb\"},\"inLanguage\":\"en-GB\",\"potentialAction\":[{\"@type\":\"ReadAction\",\"target\":[\"https:\\\/\\\/jogapiekna.com\\\/produkt\\\/banki-shine-do-masazu-twarzy-silikonowe-z-brokatem-4-sztuki\\\/\"]}]},{\"@type\":\"ImageObject\",\"inLanguage\":\"en-GB\",\"@id\":\"https:\\\/\\\/jogapiekna.com\\\/produkt\\\/banki-shine-do-masazu-twarzy-silikonowe-z-brokatem-4-sztuki\\\/#primaryimage\",\"url\":\"https:\\\/\\\/jogapiekna.com\\\/wp-content\\\/uploads\\\/2022\\\/11\\\/banki-Shine-do-masazu-jogapiekna_4sztuki.jpg\",\"contentUrl\":\"https:\\\/\\\/jogapiekna.com\\\/wp-content\\\/uploads\\\/2022\\\/11\\\/banki-Shine-do-masazu-jogapiekna_4sztuki.jpg\",\"width\":1000,\"height\":1000,\"caption\":\"Zestaw silikonowych baniek\u00a0SHINE\u00a0do masa\u017cu twarzy.\"},{\"@type\":\"BreadcrumbList\",\"@id\":\"https:\\\/\\\/jogapiekna.com\\\/produkt\\\/banki-shine-do-masazu-twarzy-silikonowe-z-brokatem-4-sztuki\\\/#breadcrumb\",\"itemListElement\":[{\"@type\":\"ListItem\",\"position\":1,\"name\":\"Strona g\u0142\u00f3wna\",\"item\":\"https:\\\/\\\/jogapiekna.com\\\/\"},{\"@type\":\"ListItem\",\"position\":2,\"name\":\"Sklep\",\"item\":\"https:\\\/\\\/jogapiekna.com\\\/sklep\\\/\"},{\"@type\":\"ListItem\",\"position\":3,\"name\":\"Ba\u0144ki SHINE do masa\u017cu twarzy silikonowe z brokatem \u2022 4 sztuki\"}]},{\"@type\":\"WebSite\",\"@id\":\"https:\\\/\\\/jogapiekna.com\\\/#website\",\"url\":\"https:\\\/\\\/jogapiekna.com\\\/\",\"name\":\"Joga Pi\u0119kna Marta Kuci\u0144ska\",\"description\":\"Joga Pi\u0119kna pomaga kobietom zachowa\u0107 urod\u0119, cofn\u0105\u0107 oznaki up\u0142ywaj\u0105cego czasu i zm\u0119czenia, odzyska\u0107 promienny wygl\u0105d, naturalny u\u015bmiech i popraw\u0119 w\u0142asnej samooceny.\",\"publisher\":{\"@id\":\"https:\\\/\\\/jogapiekna.com\\\/#organization\"},\"potentialAction\":[{\"@type\":\"SearchAction\",\"target\":{\"@type\":\"EntryPoint\",\"urlTemplate\":\"https:\\\/\\\/jogapiekna.com\\\/?s={search_term_string}\"},\"query-input\":{\"@type\":\"PropertyValueSpecification\",\"valueRequired\":true,\"valueName\":\"search_term_string\"}}],\"inLanguage\":\"en-GB\"},{\"@type\":\"Organization\",\"@id\":\"https:\\\/\\\/jogapiekna.com\\\/#organization\",\"name\":\"Joga Pi\u0119kna Marta Kuci\u0144ska\",\"url\":\"https:\\\/\\\/jogapiekna.com\\\/\",\"logo\":{\"@type\":\"ImageObject\",\"inLanguage\":\"en-GB\",\"@id\":\"https:\\\/\\\/jogapiekna.com\\\/#\\\/schema\\\/logo\\\/image\\\/\",\"url\":\"https:\\\/\\\/jogapiekna.com\\\/wp-content\\\/uploads\\\/2022\\\/09\\\/joga-piekna-logo_Rka.png\",\"contentUrl\":\"https:\\\/\\\/jogapiekna.com\\\/wp-content\\\/uploads\\\/2022\\\/09\\\/joga-piekna-logo_Rka.png\",\"width\":231,\"height\":124,\"caption\":\"Joga Pi\u0119kna Marta Kuci\u0144ska\"},\"image\":{\"@id\":\"https:\\\/\\\/jogapiekna.com\\\/#\\\/schema\\\/logo\\\/image\\\/\"},\"sameAs\":[\"https:\\\/\\\/www.facebook.com\\\/JogaPieknaCom\\\/\",\"https:\\\/\\\/www.instagram.com\\\/jogapieknacom\\\/\"]}]}<\/script>\n<!-- \/ Yoast SEO plugin. -->","yoast_head_json":{"title":"Ba\u0144ski SHINEdo masa\u017cu twarzy i cia\u0142a \u2022 4 sztuki","description":"BA\u0143KI DO MASA\u017bU TWARZY I CIA\u0141A \u2013 to jeden z najlepszych produkt\u00f3w do wykonania masa\u017cu twarzy, wzorowany na staro\u017cytnej naturalnej medycynie chi\u0144skiej.","robots":{"index":"index","follow":"follow","max-snippet":"max-snippet:-1","max-image-preview":"max-image-preview:large","max-video-preview":"max-video-preview:-1"},"canonical":"https:\/\/jogapiekna.com\/en\/product\/banki-shine-do-masazu-twarzy-silikonowe-z-brokatem-4-sztuki\/","og_locale":"en_GB","og_type":"article","og_title":"Ba\u0144ski SHINEdo masa\u017cu twarzy i cia\u0142a \u2022 4 sztuki","og_description":"BA\u0143KI DO MASA\u017bU TWARZY I CIA\u0141A \u2013 to jeden z najlepszych produkt\u00f3w do wykonania masa\u017cu twarzy, wzorowany na staro\u017cytnej naturalnej medycynie chi\u0144skiej.","og_url":"https:\/\/jogapiekna.com\/en\/product\/banki-shine-do-masazu-twarzy-silikonowe-z-brokatem-4-sztuki\/","og_site_name":"JOGA PI\u0118KNA | Joga Twarzy","article_publisher":"https:\/\/www.facebook.com\/JogaPieknaCom\/","article_modified_time":"2026-04-08T12:38:57+00:00","og_image":[{"width":1000,"height":1000,"url":"https:\/\/jogapiekna.com\/wp-content\/uploads\/2022\/11\/banki-Shine-do-masazu-jogapiekna_4sztuki.jpg","type":"image\/jpeg"}],"twitter_card":"summary_large_image","twitter_misc":{"Estimated reading time":"3 minutes"},"schema":{"@context":"https:\/\/schema.org","@graph":[{"@type":"WebPage","@id":"https:\/\/jogapiekna.com\/produkt\/banki-shine-do-masazu-twarzy-silikonowe-z-brokatem-4-sztuki\/","url":"https:\/\/jogapiekna.com\/produkt\/banki-shine-do-masazu-twarzy-silikonowe-z-brokatem-4-sztuki\/","name":"Ba\u0144ski SHINEdo masa\u017cu twarzy i cia\u0142a \u2022 4 sztuki","isPartOf":{"@id":"https:\/\/jogapiekna.com\/#website"},"primaryImageOfPage":{"@id":"https:\/\/jogapiekna.com\/produkt\/banki-shine-do-masazu-twarzy-silikonowe-z-brokatem-4-sztuki\/#primaryimage"},"image":{"@id":"https:\/\/jogapiekna.com\/produkt\/banki-shine-do-masazu-twarzy-silikonowe-z-brokatem-4-sztuki\/#primaryimage"},"thumbnailUrl":"https:\/\/jogapiekna.com\/wp-content\/uploads\/2022\/11\/banki-Shine-do-masazu-jogapiekna_4sztuki.jpg","datePublished":"2022-11-20T17:13:17+00:00","dateModified":"2026-04-08T12:38:57+00:00","description":"BA\u0143KI DO MASA\u017bU TWARZY I CIA\u0141A \u2013 to jeden z najlepszych produkt\u00f3w do wykonania masa\u017cu twarzy, wzorowany na staro\u017cytnej naturalnej medycynie chi\u0144skiej.","breadcrumb":{"@id":"https:\/\/jogapiekna.com\/produkt\/banki-shine-do-masazu-twarzy-silikonowe-z-brokatem-4-sztuki\/#breadcrumb"},"inLanguage":"en-GB","potentialAction":[{"@type":"ReadAction","target":["https:\/\/jogapiekna.com\/produkt\/banki-shine-do-masazu-twarzy-silikonowe-z-brokatem-4-sztuki\/"]}]},{"@type":"ImageObject","inLanguage":"en-GB","@id":"https:\/\/jogapiekna.com\/produkt\/banki-shine-do-masazu-twarzy-silikonowe-z-brokatem-4-sztuki\/#primaryimage","url":"https:\/\/jogapiekna.com\/wp-content\/uploads\/2022\/11\/banki-Shine-do-masazu-jogapiekna_4sztuki.jpg","contentUrl":"https:\/\/jogapiekna.com\/wp-content\/uploads\/2022\/11\/banki-Shine-do-masazu-jogapiekna_4sztuki.jpg","width":1000,"height":1000,"caption":"Zestaw silikonowych baniek\u00a0SHINE\u00a0do masa\u017cu twarzy."},{"@type":"BreadcrumbList","@id":"https:\/\/jogapiekna.com\/produkt\/banki-shine-do-masazu-twarzy-silikonowe-z-brokatem-4-sztuki\/#breadcrumb","itemListElement":[{"@type":"ListItem","position":1,"name":"Strona g\u0142\u00f3wna","item":"https:\/\/jogapiekna.com\/"},{"@type":"ListItem","position":2,"name":"Sklep","item":"https:\/\/jogapiekna.com\/sklep\/"},{"@type":"ListItem","position":3,"name":"Ba\u0144ki SHINE do masa\u017cu twarzy silikonowe z brokatem \u2022 4 sztuki"}]},{"@type":"WebSite","@id":"https:\/\/jogapiekna.com\/#website","url":"https:\/\/jogapiekna.com\/","name":"Yoga Beauty Marta Kuci\u0144ska","description":"Beauty Yoga helps women to maintain their beauty, reverse the signs of passing time and fatigue, regain a radiant appearance, natural smile and improve their self-esteem.","publisher":{"@id":"https:\/\/jogapiekna.com\/#organization"},"potentialAction":[{"@type":"SearchAction","target":{"@type":"EntryPoint","urlTemplate":"https:\/\/jogapiekna.com\/?s={search_term_string}"},"query-input":{"@type":"PropertyValueSpecification","valueRequired":true,"valueName":"search_term_string"}}],"inLanguage":"en-GB"},{"@type":"Organization","@id":"https:\/\/jogapiekna.com\/#organization","name":"Yoga Beauty Marta Kuci\u0144ska","url":"https:\/\/jogapiekna.com\/","logo":{"@type":"ImageObject","inLanguage":"en-GB","@id":"https:\/\/jogapiekna.com\/#\/schema\/logo\/image\/","url":"https:\/\/jogapiekna.com\/wp-content\/uploads\/2022\/09\/joga-piekna-logo_Rka.png","contentUrl":"https:\/\/jogapiekna.com\/wp-content\/uploads\/2022\/09\/joga-piekna-logo_Rka.png","width":231,"height":124,"caption":"Joga Pi\u0119kna Marta Kuci\u0144ska"},"image":{"@id":"https:\/\/jogapiekna.com\/#\/schema\/logo\/image\/"},"sameAs":["https:\/\/www.facebook.com\/JogaPieknaCom\/","https:\/\/www.instagram.com\/jogapieknacom\/"]}]}},"_links":{"self":[{"href":"https:\/\/jogapiekna.com\/en\/wp-json\/wp\/v2\/product\/100716","targetHints":{"allow":["GET"]}}],"collection":[{"href":"https:\/\/jogapiekna.com\/en\/wp-json\/wp\/v2\/product"}],"about":[{"href":"https:\/\/jogapiekna.com\/en\/wp-json\/wp\/v2\/types\/product"}],"replies":[{"embeddable":true,"href":"https:\/\/jogapiekna.com\/en\/wp-json\/wp\/v2\/comments?post=100716"}],"version-history":[{"count":1,"href":"https:\/\/jogapiekna.com\/en\/wp-json\/wp\/v2\/product\/100716\/revisions"}],"predecessor-version":[{"id":218574,"href":"https:\/\/jogapiekna.com\/en\/wp-json\/wp\/v2\/product\/100716\/revisions\/218574"}],"wp:featuredmedia":[{"embeddable":true,"href":"https:\/\/jogapiekna.com\/en\/wp-json\/wp\/v2\/media\/100718"}],"wp:attachment":[{"href":"https:\/\/jogapiekna.com\/en\/wp-json\/wp\/v2\/media?parent=100716"}],"wp:term":[{"taxonomy":"product_brand","embeddable":true,"href":"https:\/\/jogapiekna.com\/en\/wp-json\/wp\/v2\/product_brand?post=100716"},{"taxonomy":"product_cat","embeddable":true,"href":"https:\/\/jogapiekna.com\/en\/wp-json\/wp\/v2\/product_cat?post=100716"},{"taxonomy":"product_tag","embeddable":true,"href":"https:\/\/jogapiekna.com\/en\/wp-json\/wp\/v2\/product_tag?post=100716"}],"curies":[{"name":"wp","href":"https:\/\/api.w.org\/{rel}","templated":true}]}}