{"id":103211,"date":"2022-12-04T11:17:43","date_gmt":"2022-12-04T10:17:43","guid":{"rendered":"https:\/\/jogapiekna.com\/?post_type=product&#038;p=103211"},"modified":"2026-02-03T11:25:54","modified_gmt":"2026-02-03T10:25:54","slug":"face-yoga-glow-box","status":"publish","type":"product","link":"https:\/\/jogapiekna.com\/en\/product\/face-yoga-glow-box\/","title":{"rendered":"FACE YOGA GLOW BOX \u2022 Facial yoga for a good start"},"content":{"rendered":"<p><strong>4-piece Facial Massage Kit<\/strong> this is the answer to the needs of beginners who want to start using regular anti-aging massages. The choice of accessories is very important and affects the results of daily practice.<\/p>\n<p>The massagers included were made from high-quality raw materials. <strong>The elements of the set complement each other<\/strong>allowing you to massage your face with different intensity, adapted to different skin needs.<\/p>\n<h2>Looking for a gift idea for a friend or girlfriend?<\/h2>\n<p><strong>Facial Massage Kit with book and accessories<\/strong> it is a great gift for Christmas, birthday, anniversary or other important occasion. Thanks to the book, even beginners who do not yet know about the benefits of regular facial massage will be able to get closer to the topic of natural rejuvenation.<\/p>\n<p>This, in our opinion, is one of the best gift ideas for any woman who wants to take care of her beauty and youthful appearance-regardless of age.<\/p>\n<p>&nbsp;<\/p>\n<h2>Facial massage kit includes:<\/h2>\n<p>&nbsp;<\/p>\n<h4><a href=\"https:\/\/jogapiekna.com\/en\/product\/ksiazka-joga-piekna-marta-kucinska\/\" target=\"_blank\" rel=\"noopener\">Yoga beauty book by Marta Kuczynska<\/a><\/h4>\n<p><strong>table of contents<\/strong><br \/>\nIntroduction<br \/>\n<strong>CHAPTER I<\/strong><br \/>\n<em>Beauty Yoga-Natural rejuvenation<\/em><br \/>\n<strong>CHAPTER II<\/strong><br \/>\n<em>The aging process of the face, or Why anti-wrinkle cream won&#039;t help you<\/em><br \/>\n<strong>CHAPTER III<\/strong><br \/>\n<em>Habits that affect the appearance of the face<\/em><br \/>\n<strong>CHAPTER IV<\/strong><br \/>\n<em>Lifestyle<\/em><br \/>\n<strong>CHAPTER V<\/strong><br \/>\n<em>Face Yoga<\/em><br \/>\n<strong>CHAPTER VI<\/strong><br \/>\n<em>Hands that heal, or the role of massage in rejuvenation<\/em><br \/>\n<strong>CHAPTER VII<\/strong><br \/>\n<em>Skin and hair care<\/em><br \/>\n<strong>CHAPTER VIII<\/strong><br \/>\n<em>Aromatherapy for beauty<\/em><br \/>\n<strong>CHAPTER IX<\/strong><br \/>\n<em>Inner beauty<\/em><br \/>\nDosha Test<\/p>\n<p>&nbsp;<\/p>\n<h4><a href=\"https:\/\/jogapiekna.com\/en\/product\/masazer-3d-joga-piekna-do-masazu-twarzy-szyi-dekoltu-zloty\/\" target=\"_blank\" rel=\"noopener\">3D Massager<\/a><\/h4>\n<p>The face, chin and neck massager is a wonderful device that combines an aesthetic look with an effective action. It has two rotating balls that are thoroughly massaged, affecting both the appearance and well-being.<br \/>\nRegularly performing a face and neck massage perfectly complements the facial exercises, enhancing the effects of yoga on the face.<\/p>\n<p><strong>How does a 3D massager work?<\/strong><\/p>\n<ul>\n<li>stimulates collagen synthesis<\/li>\n<li>facilitates the outflow of lymph<\/li>\n<li>reduces puffiness<\/li>\n<li>strengthens the skin<\/li>\n<li>smoothes wrinkles<\/li>\n<li>improves blood circulation<\/li>\n<\/ul>\n<p>&nbsp;<\/p>\n<h4><a href=\"https:\/\/jogapiekna.com\/en\/product\/roller-freeze-wrinkles-joga-piekna\/\" target=\"_blank\" rel=\"noopener\">Roller Massager for Face Freeze Wrinkles Yoga Beauty<\/a><\/h4>\n<p>The Freeze Wrinkles by Yoga Beauty Facial Massage Roller is made of stainless steel (commonly used in kitchen products). Due to its properties, this material is very safe for your face.<br \/>\nIt is important to note that the Freeze Wrinkles facial massage roller contains 2 rollers \u2014 one is smooth and the other has protrusions for massaging the muscles.<br \/>\nThe massager is quite heavy, massive and resistant to possible damage. Suitable for storage in the refrigerator. It cools quickly and keeps the temperature low for a long time. Thus, you can easily perform a morning facial massage using the properties of cryotherapy.<br \/>\nThe sawtooth roller used in the massager additionally stimulates blood circulation and collagen synthesis.<\/p>\n<p>&nbsp;<\/p>\n<h4><a href=\"https:\/\/jogapiekna.com\/en\/product\/kamien-gua-sha-opal\/\" target=\"_blank\" rel=\"noopener\">Gua sha stone-opalite<\/a><\/h4>\n<p>Gua sha is a special form of traditional Chinese therapeutic massage, consisting of skin scraping. Ideal for facial tissue rejuvenation. The stone you&#039;ll find in the beginner massage kit is hand-crafted from opalite.<br \/>\nOpalite stimulates the circulation of lymph, promotes weight loss, helps with coughs and respiratory diseases. It is also a very relaxing and calming stone.<\/p>\n<p><strong>What are the effects of gua sha massage? <\/strong><\/p>\n<ul>\n<li>losing weight<\/li>\n<li>improves the contour of the face<\/li>\n<li>stimulates collagen synthesis<\/li>\n<li>strongly strengthens the skin<\/li>\n<li>strongly stimulates blood and lymph circulation<\/li>\n<\/ul>\n<p>&nbsp;<\/p>\n<h2>How to use the facial massage kit?<\/h2>\n<p>You will find a lot of information in the book that is part of the set. In addition, if you care about the individual choice of daily massages in accordance with the needs of your skin, I invite you to a 1:1 consultation.<\/p>","protected":false},"excerpt":{"rendered":"<p>How to start exercising and massaging your facial muscles? What can you use for your daily practice? Based on many years of experience, I have prepared for you <strong>special facial massage kit<\/strong>which will introduce you to the world of natural rejuvenation.<\/p>\n<p><strong> FACIAL MASSAGE KIT INCLUDES: <\/strong><br \/>\nthe book &#034;yoga of beauty&#034;<br \/>\n* 3D massager<br \/>\n\u2022 roller Freeze Wrinkles<br \/>\n* gua sha stone-opalite<\/p>","protected":false},"featured_media":201029,"comment_status":"closed","ping_status":"closed","template":"","meta":{"_acf_changed":false,"site-sidebar-layout":"default","site-content-layout":"","ast-site-content-layout":"default","site-content-style":"default","site-sidebar-style":"default","ast-global-header-display":"","ast-banner-title-visibility":"","ast-main-header-display":"","ast-hfb-above-header-display":"","ast-hfb-below-header-display":"","ast-hfb-mobile-header-display":"","site-post-title":"","ast-breadcrumbs-content":"","ast-featured-img":"","footer-sml-layout":"","ast-disable-related-posts":"","theme-transparent-header-meta":"default","adv-header-id-meta":"","stick-header-meta":"","header-above-stick-meta":"","header-main-stick-meta":"","header-below-stick-meta":"","astra-migrate-meta-layouts":"set","ast-page-background-enabled":"default","ast-page-background-meta":{"desktop":{"background-color":"var(--ast-global-color-5)","background-image":"","background-repeat":"repeat","background-position":"center center","background-size":"auto","background-attachment":"scroll","background-type":"","background-media":"","overlay-type":"","overlay-color":"","overlay-opacity":"","overlay-gradient":""},"tablet":{"background-color":"","background-image":"","background-repeat":"repeat","background-position":"center center","background-size":"auto","background-attachment":"scroll","background-type":"","background-media":"","overlay-type":"","overlay-color":"","overlay-opacity":"","overlay-gradient":""},"mobile":{"background-color":"","background-image":"","background-repeat":"repeat","background-position":"center center","background-size":"auto","background-attachment":"scroll","background-type":"","background-media":"","overlay-type":"","overlay-color":"","overlay-opacity":"","overlay-gradient":""}},"ast-content-background-meta":{"desktop":{"background-color":"var(--ast-global-color-4)","background-image":"","background-repeat":"repeat","background-position":"center center","background-size":"auto","background-attachment":"scroll","background-type":"","background-media":"","overlay-type":"","overlay-color":"","overlay-opacity":"","overlay-gradient":""},"tablet":{"background-color":"var(--ast-global-color-4)","background-image":"","background-repeat":"repeat","background-position":"center center","background-size":"auto","background-attachment":"scroll","background-type":"","background-media":"","overlay-type":"","overlay-color":"","overlay-opacity":"","overlay-gradient":""},"mobile":{"background-color":"var(--ast-global-color-4)","background-image":"","background-repeat":"repeat","background-position":"center center","background-size":"auto","background-attachment":"scroll","background-type":"","background-media":"","overlay-type":"","overlay-color":"","overlay-opacity":"","overlay-gradient":""}}},"product_brand":[],"product_cat":[21,904,610,625,305],"product_tag":[],"class_list":{"0":"post-103211","1":"product","2":"type-product","3":"status-publish","4":"has-post-thumbnail","6":"product_cat-akcesoria","7":"product_cat-glow-box","8":"product_cat-masaz-twarzy-i-szyi","9":"product_cat-promocje","10":"product_cat-zestawy","11":"desktop-align-left","12":"tablet-align-left","13":"mobile-align-left","15":"first","16":"instock","17":"sale","18":"taxable","19":"shipping-taxable","20":"purchasable","21":"product-type-simple"},"acf":[],"yoast_head":"<!-- This site is optimized with the Yoast SEO plugin v27.2 - https:\/\/yoast.com\/product\/yoast-seo-wordpress\/ -->\n<title>Zestaw do masa\u017cu twarzy z ksi\u0105\u017ck\u0105 dla os\u00f3b pocz\u0105tkuj\u0105cych<\/title>\n<meta name=\"description\" content=\"Zam\u00f3w gotowy zestaw do masa\u017cu twarzy z ksi\u0105\u017ck\u0105, masa\u017cerami i Gua-Sha, skomponowany z my\u015bl\u0105 o osobach, kt\u00f3re chc\u0105 rozpocz\u0105\u0107 swoj\u0105 przygod\u0119 z naturalnym odm\u0142adzaniem.\" \/>\n<meta name=\"robots\" content=\"index, follow, max-snippet:-1, max-image-preview:large, max-video-preview:-1\" \/>\n<link rel=\"canonical\" href=\"https:\/\/jogapiekna.com\/en\/product\/face-yoga-glow-box\/\" \/>\n<meta property=\"og:locale\" content=\"en_GB\" \/>\n<meta property=\"og:type\" content=\"article\" \/>\n<meta property=\"og:title\" content=\"Zestaw do masa\u017cu twarzy z ksi\u0105\u017ck\u0105 dla os\u00f3b pocz\u0105tkuj\u0105cych\" \/>\n<meta property=\"og:description\" content=\"Zam\u00f3w gotowy zestaw do masa\u017cu twarzy z ksi\u0105\u017ck\u0105, masa\u017cerami i Gua-Sha, skomponowany z my\u015bl\u0105 o osobach, kt\u00f3re chc\u0105 rozpocz\u0105\u0107 swoj\u0105 przygod\u0119 z naturalnym odm\u0142adzaniem.\" \/>\n<meta property=\"og:url\" content=\"https:\/\/jogapiekna.com\/en\/product\/face-yoga-glow-box\/\" \/>\n<meta property=\"og:site_name\" content=\"JOGA PI\u0118KNA | Joga Twarzy\" \/>\n<meta property=\"article:publisher\" content=\"https:\/\/www.facebook.com\/JogaPieknaCom\/\" \/>\n<meta property=\"article:modified_time\" content=\"2026-02-03T10:25:54+00:00\" \/>\n<meta property=\"og:image\" content=\"https:\/\/jogapiekna.com\/wp-content\/uploads\/2022\/12\/face-yoga-glow-box-jogapiekna_sklep.jpg\" \/>\n\t<meta property=\"og:image:width\" content=\"1000\" \/>\n\t<meta property=\"og:image:height\" content=\"1000\" \/>\n\t<meta property=\"og:image:type\" content=\"image\/jpeg\" \/>\n<meta name=\"twitter:card\" content=\"summary_large_image\" \/>\n<meta name=\"twitter:label1\" content=\"Estimated reading time\" \/>\n\t<meta name=\"twitter:data1\" content=\"4 minutes\" \/>\n<script type=\"application\/ld+json\" class=\"yoast-schema-graph\">{\"@context\":\"https:\/\/schema.org\",\"@graph\":[{\"@type\":\"WebPage\",\"@id\":\"https:\/\/jogapiekna.com\/produkt\/face-yoga-glow-box\/\",\"url\":\"https:\/\/jogapiekna.com\/produkt\/face-yoga-glow-box\/\",\"name\":\"Zestaw do masa\u017cu twarzy z ksi\u0105\u017ck\u0105 dla os\u00f3b pocz\u0105tkuj\u0105cych\",\"isPartOf\":{\"@id\":\"https:\/\/jogapiekna.com\/#website\"},\"primaryImageOfPage\":{\"@id\":\"https:\/\/jogapiekna.com\/produkt\/face-yoga-glow-box\/#primaryimage\"},\"image\":{\"@id\":\"https:\/\/jogapiekna.com\/produkt\/face-yoga-glow-box\/#primaryimage\"},\"thumbnailUrl\":\"https:\/\/jogapiekna.com\/wp-content\/uploads\/2022\/12\/face-yoga-glow-box-jogapiekna_sklep.jpg\",\"datePublished\":\"2022-12-04T10:17:43+00:00\",\"dateModified\":\"2026-02-03T10:25:54+00:00\",\"description\":\"Zam\u00f3w gotowy zestaw do masa\u017cu twarzy z ksi\u0105\u017ck\u0105, masa\u017cerami i Gua-Sha, skomponowany z my\u015bl\u0105 o osobach, kt\u00f3re chc\u0105 rozpocz\u0105\u0107 swoj\u0105 przygod\u0119 z naturalnym odm\u0142adzaniem.\",\"breadcrumb\":{\"@id\":\"https:\/\/jogapiekna.com\/produkt\/face-yoga-glow-box\/#breadcrumb\"},\"inLanguage\":\"en-GB\",\"potentialAction\":[{\"@type\":\"ReadAction\",\"target\":[\"https:\/\/jogapiekna.com\/produkt\/face-yoga-glow-box\/\"]}]},{\"@type\":\"ImageObject\",\"inLanguage\":\"en-GB\",\"@id\":\"https:\/\/jogapiekna.com\/produkt\/face-yoga-glow-box\/#primaryimage\",\"url\":\"https:\/\/jogapiekna.com\/wp-content\/uploads\/2022\/12\/face-yoga-glow-box-jogapiekna_sklep.jpg\",\"contentUrl\":\"https:\/\/jogapiekna.com\/wp-content\/uploads\/2022\/12\/face-yoga-glow-box-jogapiekna_sklep.jpg\",\"width\":1000,\"height\":1000,\"caption\":\"FACE YOGA GLOW BOX - Joga twarzy na dobry start\"},{\"@type\":\"BreadcrumbList\",\"@id\":\"https:\/\/jogapiekna.com\/produkt\/face-yoga-glow-box\/#breadcrumb\",\"itemListElement\":[{\"@type\":\"ListItem\",\"position\":1,\"name\":\"Strona g\u0142\u00f3wna\",\"item\":\"https:\/\/jogapiekna.com\/\"},{\"@type\":\"ListItem\",\"position\":2,\"name\":\"Sklep\",\"item\":\"https:\/\/jogapiekna.com\/sklep\/\"},{\"@type\":\"ListItem\",\"position\":3,\"name\":\"FACE YOGA GLOW BOX \u2022 Joga twarzy na dobry start\"}]},{\"@type\":\"WebSite\",\"@id\":\"https:\/\/jogapiekna.com\/#website\",\"url\":\"https:\/\/jogapiekna.com\/\",\"name\":\"Joga Pi\u0119kna Marta Kuci\u0144ska\",\"description\":\"Joga Pi\u0119kna pomaga kobietom zachowa\u0107 urod\u0119, cofn\u0105\u0107 oznaki up\u0142ywaj\u0105cego czasu i zm\u0119czenia, odzyska\u0107 promienny wygl\u0105d, naturalny u\u015bmiech i popraw\u0119 w\u0142asnej samooceny.\",\"publisher\":{\"@id\":\"https:\/\/jogapiekna.com\/#organization\"},\"potentialAction\":[{\"@type\":\"SearchAction\",\"target\":{\"@type\":\"EntryPoint\",\"urlTemplate\":\"https:\/\/jogapiekna.com\/?s={search_term_string}\"},\"query-input\":{\"@type\":\"PropertyValueSpecification\",\"valueRequired\":true,\"valueName\":\"search_term_string\"}}],\"inLanguage\":\"en-GB\"},{\"@type\":\"Organization\",\"@id\":\"https:\/\/jogapiekna.com\/#organization\",\"name\":\"Joga Pi\u0119kna Marta Kuci\u0144ska\",\"url\":\"https:\/\/jogapiekna.com\/\",\"logo\":{\"@type\":\"ImageObject\",\"inLanguage\":\"en-GB\",\"@id\":\"https:\/\/jogapiekna.com\/#\/schema\/logo\/image\/\",\"url\":\"https:\/\/jogapiekna.com\/wp-content\/uploads\/2022\/09\/joga-piekna-logo_Rka.png\",\"contentUrl\":\"https:\/\/jogapiekna.com\/wp-content\/uploads\/2022\/09\/joga-piekna-logo_Rka.png\",\"width\":231,\"height\":124,\"caption\":\"Joga Pi\u0119kna Marta Kuci\u0144ska\"},\"image\":{\"@id\":\"https:\/\/jogapiekna.com\/#\/schema\/logo\/image\/\"},\"sameAs\":[\"https:\/\/www.facebook.com\/JogaPieknaCom\/\",\"https:\/\/www.instagram.com\/jogapieknacom\/\"]}]}<\/script>\n<!-- \/ Yoast SEO plugin. -->","yoast_head_json":{"title":"Zestaw do masa\u017cu twarzy z ksi\u0105\u017ck\u0105 dla os\u00f3b pocz\u0105tkuj\u0105cych","description":"Zam\u00f3w gotowy zestaw do masa\u017cu twarzy z ksi\u0105\u017ck\u0105, masa\u017cerami i Gua-Sha, skomponowany z my\u015bl\u0105 o osobach, kt\u00f3re chc\u0105 rozpocz\u0105\u0107 swoj\u0105 przygod\u0119 z naturalnym odm\u0142adzaniem.","robots":{"index":"index","follow":"follow","max-snippet":"max-snippet:-1","max-image-preview":"max-image-preview:large","max-video-preview":"max-video-preview:-1"},"canonical":"https:\/\/jogapiekna.com\/en\/product\/face-yoga-glow-box\/","og_locale":"en_GB","og_type":"article","og_title":"Zestaw do masa\u017cu twarzy z ksi\u0105\u017ck\u0105 dla os\u00f3b pocz\u0105tkuj\u0105cych","og_description":"Zam\u00f3w gotowy zestaw do masa\u017cu twarzy z ksi\u0105\u017ck\u0105, masa\u017cerami i Gua-Sha, skomponowany z my\u015bl\u0105 o osobach, kt\u00f3re chc\u0105 rozpocz\u0105\u0107 swoj\u0105 przygod\u0119 z naturalnym odm\u0142adzaniem.","og_url":"https:\/\/jogapiekna.com\/en\/product\/face-yoga-glow-box\/","og_site_name":"JOGA PI\u0118KNA | Joga Twarzy","article_publisher":"https:\/\/www.facebook.com\/JogaPieknaCom\/","article_modified_time":"2026-02-03T10:25:54+00:00","og_image":[{"width":1000,"height":1000,"url":"https:\/\/jogapiekna.com\/wp-content\/uploads\/2022\/12\/face-yoga-glow-box-jogapiekna_sklep.jpg","type":"image\/jpeg"}],"twitter_card":"summary_large_image","twitter_misc":{"Estimated reading time":"4 minutes"},"schema":{"@context":"https:\/\/schema.org","@graph":[{"@type":"WebPage","@id":"https:\/\/jogapiekna.com\/produkt\/face-yoga-glow-box\/","url":"https:\/\/jogapiekna.com\/produkt\/face-yoga-glow-box\/","name":"Zestaw do masa\u017cu twarzy z ksi\u0105\u017ck\u0105 dla os\u00f3b pocz\u0105tkuj\u0105cych","isPartOf":{"@id":"https:\/\/jogapiekna.com\/#website"},"primaryImageOfPage":{"@id":"https:\/\/jogapiekna.com\/produkt\/face-yoga-glow-box\/#primaryimage"},"image":{"@id":"https:\/\/jogapiekna.com\/produkt\/face-yoga-glow-box\/#primaryimage"},"thumbnailUrl":"https:\/\/jogapiekna.com\/wp-content\/uploads\/2022\/12\/face-yoga-glow-box-jogapiekna_sklep.jpg","datePublished":"2022-12-04T10:17:43+00:00","dateModified":"2026-02-03T10:25:54+00:00","description":"Zam\u00f3w gotowy zestaw do masa\u017cu twarzy z ksi\u0105\u017ck\u0105, masa\u017cerami i Gua-Sha, skomponowany z my\u015bl\u0105 o osobach, kt\u00f3re chc\u0105 rozpocz\u0105\u0107 swoj\u0105 przygod\u0119 z naturalnym odm\u0142adzaniem.","breadcrumb":{"@id":"https:\/\/jogapiekna.com\/produkt\/face-yoga-glow-box\/#breadcrumb"},"inLanguage":"en-GB","potentialAction":[{"@type":"ReadAction","target":["https:\/\/jogapiekna.com\/produkt\/face-yoga-glow-box\/"]}]},{"@type":"ImageObject","inLanguage":"en-GB","@id":"https:\/\/jogapiekna.com\/produkt\/face-yoga-glow-box\/#primaryimage","url":"https:\/\/jogapiekna.com\/wp-content\/uploads\/2022\/12\/face-yoga-glow-box-jogapiekna_sklep.jpg","contentUrl":"https:\/\/jogapiekna.com\/wp-content\/uploads\/2022\/12\/face-yoga-glow-box-jogapiekna_sklep.jpg","width":1000,"height":1000,"caption":"FACE YOGA GLOW BOX - Joga twarzy na dobry start"},{"@type":"BreadcrumbList","@id":"https:\/\/jogapiekna.com\/produkt\/face-yoga-glow-box\/#breadcrumb","itemListElement":[{"@type":"ListItem","position":1,"name":"Strona g\u0142\u00f3wna","item":"https:\/\/jogapiekna.com\/"},{"@type":"ListItem","position":2,"name":"Sklep","item":"https:\/\/jogapiekna.com\/sklep\/"},{"@type":"ListItem","position":3,"name":"FACE YOGA GLOW BOX \u2022 Joga twarzy na dobry start"}]},{"@type":"WebSite","@id":"https:\/\/jogapiekna.com\/#website","url":"https:\/\/jogapiekna.com\/","name":"Yoga Beauty Marta Kuci\u0144ska","description":"Beauty Yoga helps women to maintain their beauty, reverse the signs of passing time and fatigue, regain a radiant appearance, natural smile and improve their self-esteem.","publisher":{"@id":"https:\/\/jogapiekna.com\/#organization"},"potentialAction":[{"@type":"SearchAction","target":{"@type":"EntryPoint","urlTemplate":"https:\/\/jogapiekna.com\/?s={search_term_string}"},"query-input":{"@type":"PropertyValueSpecification","valueRequired":true,"valueName":"search_term_string"}}],"inLanguage":"en-GB"},{"@type":"Organization","@id":"https:\/\/jogapiekna.com\/#organization","name":"Yoga Beauty Marta Kuci\u0144ska","url":"https:\/\/jogapiekna.com\/","logo":{"@type":"ImageObject","inLanguage":"en-GB","@id":"https:\/\/jogapiekna.com\/#\/schema\/logo\/image\/","url":"https:\/\/jogapiekna.com\/wp-content\/uploads\/2022\/09\/joga-piekna-logo_Rka.png","contentUrl":"https:\/\/jogapiekna.com\/wp-content\/uploads\/2022\/09\/joga-piekna-logo_Rka.png","width":231,"height":124,"caption":"Joga Pi\u0119kna Marta Kuci\u0144ska"},"image":{"@id":"https:\/\/jogapiekna.com\/#\/schema\/logo\/image\/"},"sameAs":["https:\/\/www.facebook.com\/JogaPieknaCom\/","https:\/\/www.instagram.com\/jogapieknacom\/"]}]}},"_links":{"self":[{"href":"https:\/\/jogapiekna.com\/en\/wp-json\/wp\/v2\/product\/103211","targetHints":{"allow":["GET"]}}],"collection":[{"href":"https:\/\/jogapiekna.com\/en\/wp-json\/wp\/v2\/product"}],"about":[{"href":"https:\/\/jogapiekna.com\/en\/wp-json\/wp\/v2\/types\/product"}],"replies":[{"embeddable":true,"href":"https:\/\/jogapiekna.com\/en\/wp-json\/wp\/v2\/comments?post=103211"}],"version-history":[{"count":4,"href":"https:\/\/jogapiekna.com\/en\/wp-json\/wp\/v2\/product\/103211\/revisions"}],"predecessor-version":[{"id":108361,"href":"https:\/\/jogapiekna.com\/en\/wp-json\/wp\/v2\/product\/103211\/revisions\/108361"}],"wp:featuredmedia":[{"embeddable":true,"href":"https:\/\/jogapiekna.com\/en\/wp-json\/wp\/v2\/media\/201029"}],"wp:attachment":[{"href":"https:\/\/jogapiekna.com\/en\/wp-json\/wp\/v2\/media?parent=103211"}],"wp:term":[{"taxonomy":"product_brand","embeddable":true,"href":"https:\/\/jogapiekna.com\/en\/wp-json\/wp\/v2\/product_brand?post=103211"},{"taxonomy":"product_cat","embeddable":true,"href":"https:\/\/jogapiekna.com\/en\/wp-json\/wp\/v2\/product_cat?post=103211"},{"taxonomy":"product_tag","embeddable":true,"href":"https:\/\/jogapiekna.com\/en\/wp-json\/wp\/v2\/product_tag?post=103211"}],"curies":[{"name":"wp","href":"https:\/\/api.w.org\/{rel}","templated":true}]}}