{"id":112451,"date":"2023-01-27T11:41:38","date_gmt":"2023-01-27T10:41:38","guid":{"rendered":"https:\/\/jogapiekna.com\/?post_type=product&#038;p=112451"},"modified":"2026-03-30T19:31:37","modified_gmt":"2026-03-30T17:31:37","slug":"olej-do-wlosow-amla-200ml","status":"publish","type":"product","link":"https:\/\/jogapiekna.com\/en\/product\/olej-do-wlosow-amla-200ml\/","title":{"rendered":"Amla Hair Oil \u2022 200 ml"},"content":{"rendered":"<p>Amla Hair Oil is ideal for people whose hair tends to become greasy. As part of this amla herbal blend, it is one of the richest natural sources of vitamin C, so it is very effective in restoring, nourishing and darkening hair, as well as giving it a beautiful, healthy shine and delaying its graying. Almond oil makes Amla Hair Jiva oil not only a pleasant smell, but also smoother and easier to distribute. The content of nut and jasmine oils strengthens the hair, and the japa oil included in the composition allows you to preserve the natural color of the hair and strengthens its roots.<\/p>\n<p>This oil is especially indicated for those who struggle with the problem of premature graying, dandruff, hair loss and thinning or too much dullness. It is best to apply the product by gently massaging it into the scalp.<\/p>\n<p><strong>Key Ingredient<\/strong><br \/>\n* Amla<\/p>\n<p><strong>Full team<\/strong><br \/>\nParaffinum Liquidum, Arachis Hypogaea Oil, Cyclotetrasiloxane, Caprylic\/Capric Triglyceride, Eclipta Alba Extract, Cocos Nucifera (Coconut) Oil, Emblica Officinalis Fruit Extract, Terminalia Bellirica Fruit Extract, Hibiscus Rosa-Sinensis Flower Extract, Hemidesmus Indicus Root Extract, Terminalia Chebula Fruit Extract, Bacopa Monniera Extract, Callicarpa Macrophylla Flower Extract, Prunus Amygdalus Dulcis Oil, Olea Europaea Fruit Oil, Benzophenone-3, Styrax Benzoin, Tocopheryl Acetate, Propylparaben, BHT.<\/p>\n<p><strong>Container:<\/strong> 200 ml<\/p>","protected":false},"excerpt":{"rendered":"<p>Amla Hair Oil is ideal for people whose hair tends to become greasy. As part of this amla herbal blend, it is one of the richest natural sources of vitamin C, so it is very effective in restoring, nourishing and darkening hair, as well as giving it a beautiful, healthy shine and delaying its graying. Almond oil makes Amla Hair Jiva oil not only a pleasant smell, but also smoother and easier to distribute. The content of nut and jasmine oils strengthens the hair, and the japa oil included in the composition allows you to preserve the natural color of the hair and strengthens its roots.<\/p>","protected":false},"featured_media":112450,"comment_status":"closed","ping_status":"closed","template":"","meta":{"_acf_changed":false,"site-sidebar-layout":"default","site-content-layout":"","ast-site-content-layout":"default","site-content-style":"default","site-sidebar-style":"default","ast-global-header-display":"","ast-banner-title-visibility":"","ast-main-header-display":"","ast-hfb-above-header-display":"","ast-hfb-below-header-display":"","ast-hfb-mobile-header-display":"","site-post-title":"","ast-breadcrumbs-content":"","ast-featured-img":"","footer-sml-layout":"","ast-disable-related-posts":"","theme-transparent-header-meta":"","adv-header-id-meta":"","stick-header-meta":"","header-above-stick-meta":"","header-main-stick-meta":"","header-below-stick-meta":"","astra-migrate-meta-layouts":"default","ast-page-background-enabled":"default","ast-page-background-meta":{"desktop":{"background-color":"var(--ast-global-color-5)","background-image":"","background-repeat":"repeat","background-position":"center center","background-size":"auto","background-attachment":"scroll","background-type":"","background-media":"","overlay-type":"","overlay-color":"","overlay-opacity":"","overlay-gradient":""},"tablet":{"background-color":"","background-image":"","background-repeat":"repeat","background-position":"center center","background-size":"auto","background-attachment":"scroll","background-type":"","background-media":"","overlay-type":"","overlay-color":"","overlay-opacity":"","overlay-gradient":""},"mobile":{"background-color":"","background-image":"","background-repeat":"repeat","background-position":"center center","background-size":"auto","background-attachment":"scroll","background-type":"","background-media":"","overlay-type":"","overlay-color":"","overlay-opacity":"","overlay-gradient":""}},"ast-content-background-meta":{"desktop":{"background-color":"var(--ast-global-color-4)","background-image":"","background-repeat":"repeat","background-position":"center center","background-size":"auto","background-attachment":"scroll","background-type":"","background-media":"","overlay-type":"","overlay-color":"","overlay-opacity":"","overlay-gradient":""},"tablet":{"background-color":"var(--ast-global-color-4)","background-image":"","background-repeat":"repeat","background-position":"center center","background-size":"auto","background-attachment":"scroll","background-type":"","background-media":"","overlay-type":"","overlay-color":"","overlay-opacity":"","overlay-gradient":""},"mobile":{"background-color":"var(--ast-global-color-4)","background-image":"","background-repeat":"repeat","background-position":"center center","background-size":"auto","background-attachment":"scroll","background-type":"","background-media":"","overlay-type":"","overlay-color":"","overlay-opacity":"","overlay-gradient":""}}},"product_brand":[],"product_cat":[331],"product_tag":[172,316,244,474,409,654,337],"class_list":{"0":"post-112451","1":"product","2":"type-product","3":"status-publish","4":"has-post-thumbnail","6":"product_cat-kosmetyki","7":"product_tag-ajurweda","8":"product_tag-amla","9":"product_tag-holistyczna-pielegancja","10":"product_tag-jiva","11":"product_tag-odzywianie-wlosow","12":"product_tag-olej","13":"product_tag-pielegnacja-wlosow","14":"desktop-align-left","15":"tablet-align-left","16":"mobile-align-left","18":"first","19":"instock","20":"taxable","21":"shipping-taxable","22":"purchasable","23":"product-type-simple"},"acf":[],"yoast_head":"<!-- This site is optimized with the Yoast SEO plugin v27.4 - https:\/\/yoast.com\/product\/yoast-seo-wordpress\/ -->\n<title>Olej do w\u0142os\u00f3w Amla \u2022 200 ml<\/title>\n<meta name=\"description\" content=\"Olej do w\u0142os\u00f3w Amla Hair idealnie sprawdzi si\u0119 dla os\u00f3b, kt\u00f3rych w\u0142osy maj\u0105 tendencj\u0119 do przet\u0142uszczania si\u0119. B\u0119d\u0105ca cz\u0119\u015bci\u0105 tej zio\u0142owej mieszanki amla, jest jednym z najbogatszych naturalnych \u017ar\u00f3de\u0142 witaminy C, dzi\u0119ki czemu bardzo skutecznie regeneruje, od\u017cywia i przyciemnia w\u0142osy, a tak\u017ce nadaje im pi\u0119knego, zdrowego blasku i op\u00f3\u017ania ich siwienie.\" \/>\n<meta name=\"robots\" content=\"index, follow, max-snippet:-1, max-image-preview:large, max-video-preview:-1\" \/>\n<link rel=\"canonical\" href=\"https:\/\/jogapiekna.com\/en\/product\/olej-do-wlosow-amla-200ml\/\" \/>\n<meta property=\"og:locale\" content=\"en_GB\" \/>\n<meta property=\"og:type\" content=\"article\" \/>\n<meta property=\"og:title\" content=\"Olej do w\u0142os\u00f3w Amla \u2022 200 ml\" \/>\n<meta property=\"og:description\" content=\"Olej do w\u0142os\u00f3w Amla Hair idealnie sprawdzi si\u0119 dla os\u00f3b, kt\u00f3rych w\u0142osy maj\u0105 tendencj\u0119 do przet\u0142uszczania si\u0119. B\u0119d\u0105ca cz\u0119\u015bci\u0105 tej zio\u0142owej mieszanki amla, jest jednym z najbogatszych naturalnych \u017ar\u00f3de\u0142 witaminy C, dzi\u0119ki czemu bardzo skutecznie regeneruje, od\u017cywia i przyciemnia w\u0142osy, a tak\u017ce nadaje im pi\u0119knego, zdrowego blasku i op\u00f3\u017ania ich siwienie.\" \/>\n<meta property=\"og:url\" content=\"https:\/\/jogapiekna.com\/en\/product\/olej-do-wlosow-amla-200ml\/\" \/>\n<meta property=\"og:site_name\" content=\"JOGA PI\u0118KNA | Joga Twarzy\" \/>\n<meta property=\"article:publisher\" content=\"https:\/\/www.facebook.com\/JogaPieknaCom\/\" \/>\n<meta property=\"article:modified_time\" content=\"2026-03-30T17:31:37+00:00\" \/>\n<meta property=\"og:image\" content=\"https:\/\/jogapiekna.com\/wp-content\/uploads\/2023\/01\/olej-do-wlosow-amla-200ml_jogapiena.jpg\" \/>\n\t<meta property=\"og:image:width\" content=\"1000\" \/>\n\t<meta property=\"og:image:height\" content=\"1000\" \/>\n\t<meta property=\"og:image:type\" content=\"image\/jpeg\" \/>\n<meta name=\"twitter:card\" content=\"summary_large_image\" \/>\n<meta name=\"twitter:label1\" content=\"Estimated reading time\" \/>\n\t<meta name=\"twitter:data1\" content=\"2 minutes\" \/>\n<script type=\"application\/ld+json\" class=\"yoast-schema-graph\">{\"@context\":\"https:\\\/\\\/schema.org\",\"@graph\":[{\"@type\":\"WebPage\",\"@id\":\"https:\\\/\\\/jogapiekna.com\\\/produkt\\\/olej-do-wlosow-amla-200ml\\\/\",\"url\":\"https:\\\/\\\/jogapiekna.com\\\/produkt\\\/olej-do-wlosow-amla-200ml\\\/\",\"name\":\"Olej do w\u0142os\u00f3w Amla \u2022 200 ml\",\"isPartOf\":{\"@id\":\"https:\\\/\\\/jogapiekna.com\\\/#website\"},\"primaryImageOfPage\":{\"@id\":\"https:\\\/\\\/jogapiekna.com\\\/produkt\\\/olej-do-wlosow-amla-200ml\\\/#primaryimage\"},\"image\":{\"@id\":\"https:\\\/\\\/jogapiekna.com\\\/produkt\\\/olej-do-wlosow-amla-200ml\\\/#primaryimage\"},\"thumbnailUrl\":\"https:\\\/\\\/jogapiekna.com\\\/wp-content\\\/uploads\\\/2023\\\/01\\\/olej-do-wlosow-amla-200ml_jogapiena.jpg\",\"datePublished\":\"2023-01-27T10:41:38+00:00\",\"dateModified\":\"2026-03-30T17:31:37+00:00\",\"description\":\"Olej do w\u0142os\u00f3w Amla Hair idealnie sprawdzi si\u0119 dla os\u00f3b, kt\u00f3rych w\u0142osy maj\u0105 tendencj\u0119 do przet\u0142uszczania si\u0119. B\u0119d\u0105ca cz\u0119\u015bci\u0105 tej zio\u0142owej mieszanki amla, jest jednym z najbogatszych naturalnych \u017ar\u00f3de\u0142 witaminy C, dzi\u0119ki czemu bardzo skutecznie regeneruje, od\u017cywia i przyciemnia w\u0142osy, a tak\u017ce nadaje im pi\u0119knego, zdrowego blasku i op\u00f3\u017ania ich siwienie.\",\"breadcrumb\":{\"@id\":\"https:\\\/\\\/jogapiekna.com\\\/produkt\\\/olej-do-wlosow-amla-200ml\\\/#breadcrumb\"},\"inLanguage\":\"en-GB\",\"potentialAction\":[{\"@type\":\"ReadAction\",\"target\":[\"https:\\\/\\\/jogapiekna.com\\\/produkt\\\/olej-do-wlosow-amla-200ml\\\/\"]}]},{\"@type\":\"ImageObject\",\"inLanguage\":\"en-GB\",\"@id\":\"https:\\\/\\\/jogapiekna.com\\\/produkt\\\/olej-do-wlosow-amla-200ml\\\/#primaryimage\",\"url\":\"https:\\\/\\\/jogapiekna.com\\\/wp-content\\\/uploads\\\/2023\\\/01\\\/olej-do-wlosow-amla-200ml_jogapiena.jpg\",\"contentUrl\":\"https:\\\/\\\/jogapiekna.com\\\/wp-content\\\/uploads\\\/2023\\\/01\\\/olej-do-wlosow-amla-200ml_jogapiena.jpg\",\"width\":1000,\"height\":1000,\"caption\":\"Olej do w\u0142os\u00f3w amla 200ml\"},{\"@type\":\"BreadcrumbList\",\"@id\":\"https:\\\/\\\/jogapiekna.com\\\/produkt\\\/olej-do-wlosow-amla-200ml\\\/#breadcrumb\",\"itemListElement\":[{\"@type\":\"ListItem\",\"position\":1,\"name\":\"Strona g\u0142\u00f3wna\",\"item\":\"https:\\\/\\\/jogapiekna.com\\\/\"},{\"@type\":\"ListItem\",\"position\":2,\"name\":\"Sklep\",\"item\":\"https:\\\/\\\/jogapiekna.com\\\/sklep\\\/\"},{\"@type\":\"ListItem\",\"position\":3,\"name\":\"Olej do w\u0142os\u00f3w Amla \u2022 200 ml\"}]},{\"@type\":\"WebSite\",\"@id\":\"https:\\\/\\\/jogapiekna.com\\\/#website\",\"url\":\"https:\\\/\\\/jogapiekna.com\\\/\",\"name\":\"Joga Pi\u0119kna Marta Kuci\u0144ska\",\"description\":\"Joga Pi\u0119kna pomaga kobietom zachowa\u0107 urod\u0119, cofn\u0105\u0107 oznaki up\u0142ywaj\u0105cego czasu i zm\u0119czenia, odzyska\u0107 promienny wygl\u0105d, naturalny u\u015bmiech i popraw\u0119 w\u0142asnej samooceny.\",\"publisher\":{\"@id\":\"https:\\\/\\\/jogapiekna.com\\\/#organization\"},\"potentialAction\":[{\"@type\":\"SearchAction\",\"target\":{\"@type\":\"EntryPoint\",\"urlTemplate\":\"https:\\\/\\\/jogapiekna.com\\\/?s={search_term_string}\"},\"query-input\":{\"@type\":\"PropertyValueSpecification\",\"valueRequired\":true,\"valueName\":\"search_term_string\"}}],\"inLanguage\":\"en-GB\"},{\"@type\":\"Organization\",\"@id\":\"https:\\\/\\\/jogapiekna.com\\\/#organization\",\"name\":\"Joga Pi\u0119kna Marta Kuci\u0144ska\",\"url\":\"https:\\\/\\\/jogapiekna.com\\\/\",\"logo\":{\"@type\":\"ImageObject\",\"inLanguage\":\"en-GB\",\"@id\":\"https:\\\/\\\/jogapiekna.com\\\/#\\\/schema\\\/logo\\\/image\\\/\",\"url\":\"https:\\\/\\\/jogapiekna.com\\\/wp-content\\\/uploads\\\/2022\\\/09\\\/joga-piekna-logo_Rka.png\",\"contentUrl\":\"https:\\\/\\\/jogapiekna.com\\\/wp-content\\\/uploads\\\/2022\\\/09\\\/joga-piekna-logo_Rka.png\",\"width\":231,\"height\":124,\"caption\":\"Joga Pi\u0119kna Marta Kuci\u0144ska\"},\"image\":{\"@id\":\"https:\\\/\\\/jogapiekna.com\\\/#\\\/schema\\\/logo\\\/image\\\/\"},\"sameAs\":[\"https:\\\/\\\/www.facebook.com\\\/JogaPieknaCom\\\/\",\"https:\\\/\\\/www.instagram.com\\\/jogapieknacom\\\/\"]}]}<\/script>\n<!-- \/ Yoast SEO plugin. -->","yoast_head_json":{"title":"Amla Hair Oil \u2022 200 ml","description":"Olej do w\u0142os\u00f3w Amla Hair idealnie sprawdzi si\u0119 dla os\u00f3b, kt\u00f3rych w\u0142osy maj\u0105 tendencj\u0119 do przet\u0142uszczania si\u0119. B\u0119d\u0105ca cz\u0119\u015bci\u0105 tej zio\u0142owej mieszanki amla, jest jednym z najbogatszych naturalnych \u017ar\u00f3de\u0142 witaminy C, dzi\u0119ki czemu bardzo skutecznie regeneruje, od\u017cywia i przyciemnia w\u0142osy, a tak\u017ce nadaje im pi\u0119knego, zdrowego blasku i op\u00f3\u017ania ich siwienie.","robots":{"index":"index","follow":"follow","max-snippet":"max-snippet:-1","max-image-preview":"max-image-preview:large","max-video-preview":"max-video-preview:-1"},"canonical":"https:\/\/jogapiekna.com\/en\/product\/olej-do-wlosow-amla-200ml\/","og_locale":"en_GB","og_type":"article","og_title":"Olej do w\u0142os\u00f3w Amla \u2022 200 ml","og_description":"Olej do w\u0142os\u00f3w Amla Hair idealnie sprawdzi si\u0119 dla os\u00f3b, kt\u00f3rych w\u0142osy maj\u0105 tendencj\u0119 do przet\u0142uszczania si\u0119. B\u0119d\u0105ca cz\u0119\u015bci\u0105 tej zio\u0142owej mieszanki amla, jest jednym z najbogatszych naturalnych \u017ar\u00f3de\u0142 witaminy C, dzi\u0119ki czemu bardzo skutecznie regeneruje, od\u017cywia i przyciemnia w\u0142osy, a tak\u017ce nadaje im pi\u0119knego, zdrowego blasku i op\u00f3\u017ania ich siwienie.","og_url":"https:\/\/jogapiekna.com\/en\/product\/olej-do-wlosow-amla-200ml\/","og_site_name":"JOGA PI\u0118KNA | Joga Twarzy","article_publisher":"https:\/\/www.facebook.com\/JogaPieknaCom\/","article_modified_time":"2026-03-30T17:31:37+00:00","og_image":[{"width":1000,"height":1000,"url":"https:\/\/jogapiekna.com\/wp-content\/uploads\/2023\/01\/olej-do-wlosow-amla-200ml_jogapiena.jpg","type":"image\/jpeg"}],"twitter_card":"summary_large_image","twitter_misc":{"Estimated reading time":"2 minutes"},"schema":{"@context":"https:\/\/schema.org","@graph":[{"@type":"WebPage","@id":"https:\/\/jogapiekna.com\/produkt\/olej-do-wlosow-amla-200ml\/","url":"https:\/\/jogapiekna.com\/produkt\/olej-do-wlosow-amla-200ml\/","name":"Amla Hair Oil \u2022 200 ml","isPartOf":{"@id":"https:\/\/jogapiekna.com\/#website"},"primaryImageOfPage":{"@id":"https:\/\/jogapiekna.com\/produkt\/olej-do-wlosow-amla-200ml\/#primaryimage"},"image":{"@id":"https:\/\/jogapiekna.com\/produkt\/olej-do-wlosow-amla-200ml\/#primaryimage"},"thumbnailUrl":"https:\/\/jogapiekna.com\/wp-content\/uploads\/2023\/01\/olej-do-wlosow-amla-200ml_jogapiena.jpg","datePublished":"2023-01-27T10:41:38+00:00","dateModified":"2026-03-30T17:31:37+00:00","description":"Olej do w\u0142os\u00f3w Amla Hair idealnie sprawdzi si\u0119 dla os\u00f3b, kt\u00f3rych w\u0142osy maj\u0105 tendencj\u0119 do przet\u0142uszczania si\u0119. B\u0119d\u0105ca cz\u0119\u015bci\u0105 tej zio\u0142owej mieszanki amla, jest jednym z najbogatszych naturalnych \u017ar\u00f3de\u0142 witaminy C, dzi\u0119ki czemu bardzo skutecznie regeneruje, od\u017cywia i przyciemnia w\u0142osy, a tak\u017ce nadaje im pi\u0119knego, zdrowego blasku i op\u00f3\u017ania ich siwienie.","breadcrumb":{"@id":"https:\/\/jogapiekna.com\/produkt\/olej-do-wlosow-amla-200ml\/#breadcrumb"},"inLanguage":"en-GB","potentialAction":[{"@type":"ReadAction","target":["https:\/\/jogapiekna.com\/produkt\/olej-do-wlosow-amla-200ml\/"]}]},{"@type":"ImageObject","inLanguage":"en-GB","@id":"https:\/\/jogapiekna.com\/produkt\/olej-do-wlosow-amla-200ml\/#primaryimage","url":"https:\/\/jogapiekna.com\/wp-content\/uploads\/2023\/01\/olej-do-wlosow-amla-200ml_jogapiena.jpg","contentUrl":"https:\/\/jogapiekna.com\/wp-content\/uploads\/2023\/01\/olej-do-wlosow-amla-200ml_jogapiena.jpg","width":1000,"height":1000,"caption":"Olej do w\u0142os\u00f3w amla 200ml"},{"@type":"BreadcrumbList","@id":"https:\/\/jogapiekna.com\/produkt\/olej-do-wlosow-amla-200ml\/#breadcrumb","itemListElement":[{"@type":"ListItem","position":1,"name":"Strona g\u0142\u00f3wna","item":"https:\/\/jogapiekna.com\/"},{"@type":"ListItem","position":2,"name":"Sklep","item":"https:\/\/jogapiekna.com\/sklep\/"},{"@type":"ListItem","position":3,"name":"Olej do w\u0142os\u00f3w Amla \u2022 200 ml"}]},{"@type":"WebSite","@id":"https:\/\/jogapiekna.com\/#website","url":"https:\/\/jogapiekna.com\/","name":"Yoga Beauty Marta Kuci\u0144ska","description":"Beauty Yoga helps women to maintain their beauty, reverse the signs of passing time and fatigue, regain a radiant appearance, natural smile and improve their self-esteem.","publisher":{"@id":"https:\/\/jogapiekna.com\/#organization"},"potentialAction":[{"@type":"SearchAction","target":{"@type":"EntryPoint","urlTemplate":"https:\/\/jogapiekna.com\/?s={search_term_string}"},"query-input":{"@type":"PropertyValueSpecification","valueRequired":true,"valueName":"search_term_string"}}],"inLanguage":"en-GB"},{"@type":"Organization","@id":"https:\/\/jogapiekna.com\/#organization","name":"Yoga Beauty Marta Kuci\u0144ska","url":"https:\/\/jogapiekna.com\/","logo":{"@type":"ImageObject","inLanguage":"en-GB","@id":"https:\/\/jogapiekna.com\/#\/schema\/logo\/image\/","url":"https:\/\/jogapiekna.com\/wp-content\/uploads\/2022\/09\/joga-piekna-logo_Rka.png","contentUrl":"https:\/\/jogapiekna.com\/wp-content\/uploads\/2022\/09\/joga-piekna-logo_Rka.png","width":231,"height":124,"caption":"Joga Pi\u0119kna Marta Kuci\u0144ska"},"image":{"@id":"https:\/\/jogapiekna.com\/#\/schema\/logo\/image\/"},"sameAs":["https:\/\/www.facebook.com\/JogaPieknaCom\/","https:\/\/www.instagram.com\/jogapieknacom\/"]}]}},"_links":{"self":[{"href":"https:\/\/jogapiekna.com\/en\/wp-json\/wp\/v2\/product\/112451","targetHints":{"allow":["GET"]}}],"collection":[{"href":"https:\/\/jogapiekna.com\/en\/wp-json\/wp\/v2\/product"}],"about":[{"href":"https:\/\/jogapiekna.com\/en\/wp-json\/wp\/v2\/types\/product"}],"replies":[{"embeddable":true,"href":"https:\/\/jogapiekna.com\/en\/wp-json\/wp\/v2\/comments?post=112451"}],"version-history":[{"count":0,"href":"https:\/\/jogapiekna.com\/en\/wp-json\/wp\/v2\/product\/112451\/revisions"}],"wp:featuredmedia":[{"embeddable":true,"href":"https:\/\/jogapiekna.com\/en\/wp-json\/wp\/v2\/media\/112450"}],"wp:attachment":[{"href":"https:\/\/jogapiekna.com\/en\/wp-json\/wp\/v2\/media?parent=112451"}],"wp:term":[{"taxonomy":"product_brand","embeddable":true,"href":"https:\/\/jogapiekna.com\/en\/wp-json\/wp\/v2\/product_brand?post=112451"},{"taxonomy":"product_cat","embeddable":true,"href":"https:\/\/jogapiekna.com\/en\/wp-json\/wp\/v2\/product_cat?post=112451"},{"taxonomy":"product_tag","embeddable":true,"href":"https:\/\/jogapiekna.com\/en\/wp-json\/wp\/v2\/product_tag?post=112451"}],"curies":[{"name":"wp","href":"https:\/\/api.w.org\/{rel}","templated":true}]}}