{"id":116204,"date":"2023-03-01T17:24:13","date_gmt":"2023-03-01T16:24:13","guid":{"rendered":"https:\/\/jogapiekna.com\/?post_type=product&#038;p=116204"},"modified":"2026-04-02T17:53:06","modified_gmt":"2026-04-02T15:53:06","slug":"tasma-do-kinesiotapingu-cure-tape-beauty5cm","status":"publish","type":"product","link":"https:\/\/jogapiekna.com\/en\/product\/tasma-do-kinesiotapingu-cure-tape-beauty5cm\/","title":{"rendered":"Kinesiotaping tape for sensitive skin * Cure Tape BEAUTY 5 cm x 5 m"},"content":{"rendered":"<p>You are the owner of <strong>sensitive skin<\/strong>which quickly develops redness and even allergic reactions after the application of toup\u00e9es? Relax! You don't have to give up on this method. It is important that you choose the right tapes - so that they are soft and hypoallergenic. We present you with a high-quality<strong> Cure Tape BEAUTY kinesiotaping plaster for face, neck and bust<\/strong>. It is much gentler than the standard ones. It will take care of the firmness of your skin, improve blood and lymph circulation. It is suitable for reducing stretch marks and scars, shaping the bust and reducing wrinkles on the d\u00e9collet\u00e9.<\/p>\n<p>It is a tape designed with you in mind. It allows application even on very sensitive skin. It is <strong>ultra-thin and very soft<\/strong>. It uses a special hypoallergenic, waterproof acrylic adhesive with a natural pH. This makes it safe to apply the taupe, even if you are prone to allergies or irritations.<\/p>\n<p>Importantly - it is a medical device that has passed the <strong>appropriate quality certification process<\/strong>. The tape can be used not only for self-application, but also for therapies carried out by specialists: physiotherapists, manual therapists or cosmetologists.<\/p>\n<p>&nbsp;<\/p>\n<h2>Benefits of kinesiotaping<\/h2>\n<p>&nbsp;<\/p>\n<h3>Improving the condition of the skin<\/h3>\n<p>Application of the tapes to the face and neck (in the right way, of course) reduces the appearance of wrinkles, firms the skin, reduces puffiness and improves the complexion, restoring a youthful appearance.<\/p>\n<h3>Reduction of pain<\/h3>\n<p>Using kinesiotaping tape can help reduce muscle and joint pain by improving blood and lymph flow, as well as reducing muscle tension and improving joint stability.<\/p>\n<h3>Reduction of swelling<\/h3>\n<p>Kinesiotaping is a fantastic method of reducing swelling and improving blood flow, which has an impact on the daily appearance of the face and the well-being of the skin.<\/p>\n<h3>Improving posture<\/h3>\n<p>Using kinesiotaping tapes around the neck and shoulders improves muscle balance, which directly influences correct posture.<\/p>\n<h3>Skin and breast firming<\/h3>\n<p>The application of elastic tape to the skin of the breasts can help stimulate blood and lymph circulation, which contributes to improved tissue nutrition and elasticity.<\/p>\n<h3>Reduction of stretch marks on the breasts<\/h3>\n<p>Kinesiotaping can be used as an auxiliary method in the reduction of stretch marks on the breasts. Taping, increases the skin's ability to regenerate and additionally reduces muscle tension, which improves skin elasticity.<\/p>\n<p>&nbsp;<\/p>\n<h2>Why Cure Tape?<\/h2>\n<ul>\n<li>Cure Tape is an internationally renowned and respected Korean company that specialises in the production of skin-friendly, anti-allergenic tapes for taping.<\/li>\n<li>Cure Tape Classic kinesiotaping tape has the T\u00dcV quality mark. It is manufactured in an ISO-13485\/9001 certified factory.<\/li>\n<li>The product is registered in medical class 1. Meets all European and international requirements for medical quality.<\/li>\n<\/ul>\n<p>&nbsp;<\/p>\n<h2>How to use kinesiotaping tape?<\/h2>\n<ul>\n<li>Thoroughly clean the skin and disinfect the area to be tanned before applying the tape.<\/li>\n<li>Once the skin has been properly prepared, you can measure out the amount of tape needed and cut out the appropriate shape, such as a 'V'.<\/li>\n<li>It is important to use sharp and precise <a href=\"https:\/\/jogapiekna.com\/en\/product\/cure-tape-nozyczki-do-kinesiotapingu-soft-touching\/\" target=\"_blank\" rel=\"noopener\">Tape scissors<\/a>. This will avoid fraying of the tape.<\/li>\n<li>Then, apply the beginning of the tape to the skin without stretching it. This is known as the base. In the next step, stretch the tape to the right tension according to the application plan. Then stick the other end of the tape on.<\/li>\n<li>To fix the application on the skin, rub the taped-on tejp for a while.<\/li>\n<\/ul>\n<p>&nbsp;<\/p>\n<h3>How to apply facial kinesiotaping tape?<\/h3>\n<p>There are at least a few techniques and these should be tailored to individual aesthetic needs. To learn how to apply facial taping plasters, take the course <a href=\"https:\/\/jogapiekna.com\/en\/product\/kinesiotaping-estetyczny-z-joga-piekna-kurs-online\/\" target=\"_blank\" rel=\"noopener\">Online Aesthetic Kinesiotaping with Yoga Beauty<\/a>.<\/p>\n<p>&nbsp;<\/p>\n<h3>Not sure if this is the tape for you? Watch this video to help you choose the right tape for your needs.<\/h3>\n<p><iframe title=\"YouTube video player\" src=\"https:\/\/www.youtube.com\/embed\/7ixJzLuXMGE\" width=\"800\" height=\"450\" frameborder=\"0\" allowfullscreen=\"allowfullscreen\"><\/iframe><\/p>","protected":false},"excerpt":{"rendered":"<p>Are you looking for a taupe that is suitable for the delicate and sensitive skin of the face, neck or d\u00e9collet\u00e9? BEAUTY Cure Tape kinesiotaping tape has been <strong>made of soft, very fine cotton<\/strong> and hypoallergenic, waterproof acrylic adhesive, with a natural pH. As a result, it does not cause skin irritation or redness. It will work well, for example, around scars or on delicate skin in the groin area. It is waterproof and lasts for up to several days.<\/p>\n<p><strong>Belt width:<\/strong> 5 cm<br \/>\n<strong>Belt length:<\/strong> 5 metres<br \/>\n<strong>Colours:<\/strong> beige (flesh-coloured),<br \/>\n<strong>Material:<\/strong> natural cotton, acrylic adhesive (hypoallergenic)<\/p>","protected":false},"featured_media":116209,"comment_status":"closed","ping_status":"closed","template":"","meta":{"_acf_changed":false,"site-sidebar-layout":"default","site-content-layout":"","ast-site-content-layout":"default","site-content-style":"default","site-sidebar-style":"default","ast-global-header-display":"","ast-banner-title-visibility":"","ast-main-header-display":"","ast-hfb-above-header-display":"","ast-hfb-below-header-display":"","ast-hfb-mobile-header-display":"","site-post-title":"","ast-breadcrumbs-content":"","ast-featured-img":"","footer-sml-layout":"","ast-disable-related-posts":"","theme-transparent-header-meta":"default","adv-header-id-meta":"","stick-header-meta":"","header-above-stick-meta":"","header-main-stick-meta":"","header-below-stick-meta":"","astra-migrate-meta-layouts":"set","ast-page-background-enabled":"default","ast-page-background-meta":{"desktop":{"background-color":"var(--ast-global-color-5)","background-image":"","background-repeat":"repeat","background-position":"center center","background-size":"auto","background-attachment":"scroll","background-type":"","background-media":"","overlay-type":"","overlay-color":"","overlay-opacity":"","overlay-gradient":""},"tablet":{"background-color":"","background-image":"","background-repeat":"repeat","background-position":"center center","background-size":"auto","background-attachment":"scroll","background-type":"","background-media":"","overlay-type":"","overlay-color":"","overlay-opacity":"","overlay-gradient":""},"mobile":{"background-color":"","background-image":"","background-repeat":"repeat","background-position":"center center","background-size":"auto","background-attachment":"scroll","background-type":"","background-media":"","overlay-type":"","overlay-color":"","overlay-opacity":"","overlay-gradient":""}},"ast-content-background-meta":{"desktop":{"background-color":"var(--ast-global-color-4)","background-image":"","background-repeat":"repeat","background-position":"center center","background-size":"auto","background-attachment":"scroll","background-type":"","background-media":"","overlay-type":"","overlay-color":"","overlay-opacity":"","overlay-gradient":""},"tablet":{"background-color":"var(--ast-global-color-4)","background-image":"","background-repeat":"repeat","background-position":"center center","background-size":"auto","background-attachment":"scroll","background-type":"","background-media":"","overlay-type":"","overlay-color":"","overlay-opacity":"","overlay-gradient":""},"mobile":{"background-color":"var(--ast-global-color-4)","background-image":"","background-repeat":"repeat","background-position":"center center","background-size":"auto","background-attachment":"scroll","background-type":"","background-media":"","overlay-type":"","overlay-color":"","overlay-opacity":"","overlay-gradient":""}}},"product_brand":[],"product_cat":[21,621],"product_tag":[235,234],"class_list":{"0":"post-116204","1":"product","2":"type-product","3":"status-publish","4":"has-post-thumbnail","6":"product_cat-akcesoria","7":"product_cat-kinesiotaping-estetyczny","8":"product_tag-kinesiotaping","9":"product_tag-tasma","10":"desktop-align-left","11":"tablet-align-left","12":"mobile-align-left","14":"first","15":"instock","16":"featured","17":"taxable","18":"shipping-taxable","19":"purchasable","20":"product-type-simple"},"acf":[],"yoast_head":"<!-- This site is optimized with the Yoast SEO plugin v27.2 - https:\/\/yoast.com\/product\/yoast-seo-wordpress\/ -->\n<title>Ta\u015bma do kinesiotapingu dla wra\u017cliwej sk\u00f3ry \u2022 Cure Tape BEAUTY 5 cm x 5 m |<\/title>\n<meta name=\"description\" content=\"Ta\u015bma do kinesiotapingu BEAUTY Cure Tape zosta\u0142a wykonana z mi\u0119kkiej, bardzo cienkiej bawe\u0142ny oraz hipoalergicznego, wodoodpornego kleju akrylowego, o naturalnym pH. Dzi\u0119ki temu nie wywo\u0142uje podra\u017cnie\u0144 i zaczerwienie\u0144 sk\u00f3ry. Sprawdzi si\u0119 np. w okolicach blizn lub na delikatnej sk\u00f3rze w okolicy pachwin.\" \/>\n<meta name=\"robots\" content=\"index, follow, max-snippet:-1, max-image-preview:large, max-video-preview:-1\" \/>\n<link rel=\"canonical\" href=\"https:\/\/jogapiekna.com\/en\/product\/tasma-do-kinesiotapingu-cure-tape-beauty5cm\/\" \/>\n<meta property=\"og:locale\" content=\"en_GB\" \/>\n<meta property=\"og:type\" content=\"article\" \/>\n<meta property=\"og:title\" content=\"Ta\u015bma do kinesiotapingu dla wra\u017cliwej sk\u00f3ry \u2022 Cure Tape BEAUTY 5 cm x 5 m |\" \/>\n<meta property=\"og:description\" content=\"Ta\u015bma do kinesiotapingu BEAUTY Cure Tape zosta\u0142a wykonana z mi\u0119kkiej, bardzo cienkiej bawe\u0142ny oraz hipoalergicznego, wodoodpornego kleju akrylowego, o naturalnym pH. Dzi\u0119ki temu nie wywo\u0142uje podra\u017cnie\u0144 i zaczerwienie\u0144 sk\u00f3ry. Sprawdzi si\u0119 np. w okolicach blizn lub na delikatnej sk\u00f3rze w okolicy pachwin.\" \/>\n<meta property=\"og:url\" content=\"https:\/\/jogapiekna.com\/en\/product\/tasma-do-kinesiotapingu-cure-tape-beauty5cm\/\" \/>\n<meta property=\"og:site_name\" content=\"JOGA PI\u0118KNA | Joga Twarzy\" \/>\n<meta property=\"article:publisher\" content=\"https:\/\/www.facebook.com\/JogaPieknaCom\/\" \/>\n<meta property=\"article:modified_time\" content=\"2026-04-02T15:53:06+00:00\" \/>\n<meta property=\"og:image\" content=\"https:\/\/jogapiekna.com\/wp-content\/uploads\/2023\/03\/Tasma-do-kinesiotapingu_Beauty5cm.jpg\" \/>\n\t<meta property=\"og:image:width\" content=\"1000\" \/>\n\t<meta property=\"og:image:height\" content=\"1000\" \/>\n\t<meta property=\"og:image:type\" content=\"image\/jpeg\" \/>\n<meta name=\"twitter:card\" content=\"summary_large_image\" \/>\n<meta name=\"twitter:label1\" content=\"Estimated reading time\" \/>\n\t<meta name=\"twitter:data1\" content=\"4 minutes\" \/>\n<script type=\"application\/ld+json\" class=\"yoast-schema-graph\">{\"@context\":\"https:\/\/schema.org\",\"@graph\":[{\"@type\":\"WebPage\",\"@id\":\"https:\/\/jogapiekna.com\/produkt\/tasma-do-kinesiotapingu-cure-tape-beauty5cm\/\",\"url\":\"https:\/\/jogapiekna.com\/produkt\/tasma-do-kinesiotapingu-cure-tape-beauty5cm\/\",\"name\":\"Ta\u015bma do kinesiotapingu dla wra\u017cliwej sk\u00f3ry \u2022 Cure Tape BEAUTY 5 cm x 5 m |\",\"isPartOf\":{\"@id\":\"https:\/\/jogapiekna.com\/#website\"},\"primaryImageOfPage\":{\"@id\":\"https:\/\/jogapiekna.com\/produkt\/tasma-do-kinesiotapingu-cure-tape-beauty5cm\/#primaryimage\"},\"image\":{\"@id\":\"https:\/\/jogapiekna.com\/produkt\/tasma-do-kinesiotapingu-cure-tape-beauty5cm\/#primaryimage\"},\"thumbnailUrl\":\"https:\/\/jogapiekna.com\/wp-content\/uploads\/2023\/03\/Tasma-do-kinesiotapingu_Beauty5cm.jpg\",\"datePublished\":\"2023-03-01T16:24:13+00:00\",\"dateModified\":\"2026-04-02T15:53:06+00:00\",\"description\":\"Ta\u015bma do kinesiotapingu BEAUTY Cure Tape zosta\u0142a wykonana z mi\u0119kkiej, bardzo cienkiej bawe\u0142ny oraz hipoalergicznego, wodoodpornego kleju akrylowego, o naturalnym pH. Dzi\u0119ki temu nie wywo\u0142uje podra\u017cnie\u0144 i zaczerwienie\u0144 sk\u00f3ry. Sprawdzi si\u0119 np. w okolicach blizn lub na delikatnej sk\u00f3rze w okolicy pachwin.\",\"breadcrumb\":{\"@id\":\"https:\/\/jogapiekna.com\/produkt\/tasma-do-kinesiotapingu-cure-tape-beauty5cm\/#breadcrumb\"},\"inLanguage\":\"en-GB\",\"potentialAction\":[{\"@type\":\"ReadAction\",\"target\":[\"https:\/\/jogapiekna.com\/produkt\/tasma-do-kinesiotapingu-cure-tape-beauty5cm\/\"]}]},{\"@type\":\"ImageObject\",\"inLanguage\":\"en-GB\",\"@id\":\"https:\/\/jogapiekna.com\/produkt\/tasma-do-kinesiotapingu-cure-tape-beauty5cm\/#primaryimage\",\"url\":\"https:\/\/jogapiekna.com\/wp-content\/uploads\/2023\/03\/Tasma-do-kinesiotapingu_Beauty5cm.jpg\",\"contentUrl\":\"https:\/\/jogapiekna.com\/wp-content\/uploads\/2023\/03\/Tasma-do-kinesiotapingu_Beauty5cm.jpg\",\"width\":1000,\"height\":1000,\"caption\":\"Ta\u015bma do kinesiotapingu estetycznego twarzy Cure Tape Beauty 5cm\"},{\"@type\":\"BreadcrumbList\",\"@id\":\"https:\/\/jogapiekna.com\/produkt\/tasma-do-kinesiotapingu-cure-tape-beauty5cm\/#breadcrumb\",\"itemListElement\":[{\"@type\":\"ListItem\",\"position\":1,\"name\":\"Strona g\u0142\u00f3wna\",\"item\":\"https:\/\/jogapiekna.com\/\"},{\"@type\":\"ListItem\",\"position\":2,\"name\":\"Sklep\",\"item\":\"https:\/\/jogapiekna.com\/sklep\/\"},{\"@type\":\"ListItem\",\"position\":3,\"name\":\"Ta\u015bma do kinesiotapingu dla wra\u017cliwej sk\u00f3ry \u2022 Cure Tape BEAUTY 5 cm x 5 m\"}]},{\"@type\":\"WebSite\",\"@id\":\"https:\/\/jogapiekna.com\/#website\",\"url\":\"https:\/\/jogapiekna.com\/\",\"name\":\"Joga Pi\u0119kna Marta Kuci\u0144ska\",\"description\":\"Joga Pi\u0119kna pomaga kobietom zachowa\u0107 urod\u0119, cofn\u0105\u0107 oznaki up\u0142ywaj\u0105cego czasu i zm\u0119czenia, odzyska\u0107 promienny wygl\u0105d, naturalny u\u015bmiech i popraw\u0119 w\u0142asnej samooceny.\",\"publisher\":{\"@id\":\"https:\/\/jogapiekna.com\/#organization\"},\"potentialAction\":[{\"@type\":\"SearchAction\",\"target\":{\"@type\":\"EntryPoint\",\"urlTemplate\":\"https:\/\/jogapiekna.com\/?s={search_term_string}\"},\"query-input\":{\"@type\":\"PropertyValueSpecification\",\"valueRequired\":true,\"valueName\":\"search_term_string\"}}],\"inLanguage\":\"en-GB\"},{\"@type\":\"Organization\",\"@id\":\"https:\/\/jogapiekna.com\/#organization\",\"name\":\"Joga Pi\u0119kna Marta Kuci\u0144ska\",\"url\":\"https:\/\/jogapiekna.com\/\",\"logo\":{\"@type\":\"ImageObject\",\"inLanguage\":\"en-GB\",\"@id\":\"https:\/\/jogapiekna.com\/#\/schema\/logo\/image\/\",\"url\":\"https:\/\/jogapiekna.com\/wp-content\/uploads\/2022\/09\/joga-piekna-logo_Rka.png\",\"contentUrl\":\"https:\/\/jogapiekna.com\/wp-content\/uploads\/2022\/09\/joga-piekna-logo_Rka.png\",\"width\":231,\"height\":124,\"caption\":\"Joga Pi\u0119kna Marta Kuci\u0144ska\"},\"image\":{\"@id\":\"https:\/\/jogapiekna.com\/#\/schema\/logo\/image\/\"},\"sameAs\":[\"https:\/\/www.facebook.com\/JogaPieknaCom\/\",\"https:\/\/www.instagram.com\/jogapieknacom\/\"]}]}<\/script>\n<!-- \/ Yoast SEO plugin. -->","yoast_head_json":{"title":"Ta\u015bma do kinesiotapingu dla wra\u017cliwej sk\u00f3ry \u2022 Cure Tape BEAUTY 5 cm x 5 m |","description":"Ta\u015bma do kinesiotapingu BEAUTY Cure Tape zosta\u0142a wykonana z mi\u0119kkiej, bardzo cienkiej bawe\u0142ny oraz hipoalergicznego, wodoodpornego kleju akrylowego, o naturalnym pH. Dzi\u0119ki temu nie wywo\u0142uje podra\u017cnie\u0144 i zaczerwienie\u0144 sk\u00f3ry. Sprawdzi si\u0119 np. w okolicach blizn lub na delikatnej sk\u00f3rze w okolicy pachwin.","robots":{"index":"index","follow":"follow","max-snippet":"max-snippet:-1","max-image-preview":"max-image-preview:large","max-video-preview":"max-video-preview:-1"},"canonical":"https:\/\/jogapiekna.com\/en\/product\/tasma-do-kinesiotapingu-cure-tape-beauty5cm\/","og_locale":"en_GB","og_type":"article","og_title":"Ta\u015bma do kinesiotapingu dla wra\u017cliwej sk\u00f3ry \u2022 Cure Tape BEAUTY 5 cm x 5 m |","og_description":"Ta\u015bma do kinesiotapingu BEAUTY Cure Tape zosta\u0142a wykonana z mi\u0119kkiej, bardzo cienkiej bawe\u0142ny oraz hipoalergicznego, wodoodpornego kleju akrylowego, o naturalnym pH. Dzi\u0119ki temu nie wywo\u0142uje podra\u017cnie\u0144 i zaczerwienie\u0144 sk\u00f3ry. Sprawdzi si\u0119 np. w okolicach blizn lub na delikatnej sk\u00f3rze w okolicy pachwin.","og_url":"https:\/\/jogapiekna.com\/en\/product\/tasma-do-kinesiotapingu-cure-tape-beauty5cm\/","og_site_name":"JOGA PI\u0118KNA | Joga Twarzy","article_publisher":"https:\/\/www.facebook.com\/JogaPieknaCom\/","article_modified_time":"2026-04-02T15:53:06+00:00","og_image":[{"width":1000,"height":1000,"url":"https:\/\/jogapiekna.com\/wp-content\/uploads\/2023\/03\/Tasma-do-kinesiotapingu_Beauty5cm.jpg","type":"image\/jpeg"}],"twitter_card":"summary_large_image","twitter_misc":{"Estimated reading time":"4 minutes"},"schema":{"@context":"https:\/\/schema.org","@graph":[{"@type":"WebPage","@id":"https:\/\/jogapiekna.com\/produkt\/tasma-do-kinesiotapingu-cure-tape-beauty5cm\/","url":"https:\/\/jogapiekna.com\/produkt\/tasma-do-kinesiotapingu-cure-tape-beauty5cm\/","name":"Ta\u015bma do kinesiotapingu dla wra\u017cliwej sk\u00f3ry \u2022 Cure Tape BEAUTY 5 cm x 5 m |","isPartOf":{"@id":"https:\/\/jogapiekna.com\/#website"},"primaryImageOfPage":{"@id":"https:\/\/jogapiekna.com\/produkt\/tasma-do-kinesiotapingu-cure-tape-beauty5cm\/#primaryimage"},"image":{"@id":"https:\/\/jogapiekna.com\/produkt\/tasma-do-kinesiotapingu-cure-tape-beauty5cm\/#primaryimage"},"thumbnailUrl":"https:\/\/jogapiekna.com\/wp-content\/uploads\/2023\/03\/Tasma-do-kinesiotapingu_Beauty5cm.jpg","datePublished":"2023-03-01T16:24:13+00:00","dateModified":"2026-04-02T15:53:06+00:00","description":"Ta\u015bma do kinesiotapingu BEAUTY Cure Tape zosta\u0142a wykonana z mi\u0119kkiej, bardzo cienkiej bawe\u0142ny oraz hipoalergicznego, wodoodpornego kleju akrylowego, o naturalnym pH. Dzi\u0119ki temu nie wywo\u0142uje podra\u017cnie\u0144 i zaczerwienie\u0144 sk\u00f3ry. Sprawdzi si\u0119 np. w okolicach blizn lub na delikatnej sk\u00f3rze w okolicy pachwin.","breadcrumb":{"@id":"https:\/\/jogapiekna.com\/produkt\/tasma-do-kinesiotapingu-cure-tape-beauty5cm\/#breadcrumb"},"inLanguage":"en-GB","potentialAction":[{"@type":"ReadAction","target":["https:\/\/jogapiekna.com\/produkt\/tasma-do-kinesiotapingu-cure-tape-beauty5cm\/"]}]},{"@type":"ImageObject","inLanguage":"en-GB","@id":"https:\/\/jogapiekna.com\/produkt\/tasma-do-kinesiotapingu-cure-tape-beauty5cm\/#primaryimage","url":"https:\/\/jogapiekna.com\/wp-content\/uploads\/2023\/03\/Tasma-do-kinesiotapingu_Beauty5cm.jpg","contentUrl":"https:\/\/jogapiekna.com\/wp-content\/uploads\/2023\/03\/Tasma-do-kinesiotapingu_Beauty5cm.jpg","width":1000,"height":1000,"caption":"Ta\u015bma do kinesiotapingu estetycznego twarzy Cure Tape Beauty 5cm"},{"@type":"BreadcrumbList","@id":"https:\/\/jogapiekna.com\/produkt\/tasma-do-kinesiotapingu-cure-tape-beauty5cm\/#breadcrumb","itemListElement":[{"@type":"ListItem","position":1,"name":"Strona g\u0142\u00f3wna","item":"https:\/\/jogapiekna.com\/"},{"@type":"ListItem","position":2,"name":"Sklep","item":"https:\/\/jogapiekna.com\/sklep\/"},{"@type":"ListItem","position":3,"name":"Ta\u015bma do kinesiotapingu dla wra\u017cliwej sk\u00f3ry \u2022 Cure Tape BEAUTY 5 cm x 5 m"}]},{"@type":"WebSite","@id":"https:\/\/jogapiekna.com\/#website","url":"https:\/\/jogapiekna.com\/","name":"Yoga Beauty Marta Kuci\u0144ska","description":"Beauty Yoga helps women to maintain their beauty, reverse the signs of passing time and fatigue, regain a radiant appearance, natural smile and improve their self-esteem.","publisher":{"@id":"https:\/\/jogapiekna.com\/#organization"},"potentialAction":[{"@type":"SearchAction","target":{"@type":"EntryPoint","urlTemplate":"https:\/\/jogapiekna.com\/?s={search_term_string}"},"query-input":{"@type":"PropertyValueSpecification","valueRequired":true,"valueName":"search_term_string"}}],"inLanguage":"en-GB"},{"@type":"Organization","@id":"https:\/\/jogapiekna.com\/#organization","name":"Yoga Beauty Marta Kuci\u0144ska","url":"https:\/\/jogapiekna.com\/","logo":{"@type":"ImageObject","inLanguage":"en-GB","@id":"https:\/\/jogapiekna.com\/#\/schema\/logo\/image\/","url":"https:\/\/jogapiekna.com\/wp-content\/uploads\/2022\/09\/joga-piekna-logo_Rka.png","contentUrl":"https:\/\/jogapiekna.com\/wp-content\/uploads\/2022\/09\/joga-piekna-logo_Rka.png","width":231,"height":124,"caption":"Joga Pi\u0119kna Marta Kuci\u0144ska"},"image":{"@id":"https:\/\/jogapiekna.com\/#\/schema\/logo\/image\/"},"sameAs":["https:\/\/www.facebook.com\/JogaPieknaCom\/","https:\/\/www.instagram.com\/jogapieknacom\/"]}]}},"_links":{"self":[{"href":"https:\/\/jogapiekna.com\/en\/wp-json\/wp\/v2\/product\/116204","targetHints":{"allow":["GET"]}}],"collection":[{"href":"https:\/\/jogapiekna.com\/en\/wp-json\/wp\/v2\/product"}],"about":[{"href":"https:\/\/jogapiekna.com\/en\/wp-json\/wp\/v2\/types\/product"}],"replies":[{"embeddable":true,"href":"https:\/\/jogapiekna.com\/en\/wp-json\/wp\/v2\/comments?post=116204"}],"version-history":[{"count":1,"href":"https:\/\/jogapiekna.com\/en\/wp-json\/wp\/v2\/product\/116204\/revisions"}],"predecessor-version":[{"id":217343,"href":"https:\/\/jogapiekna.com\/en\/wp-json\/wp\/v2\/product\/116204\/revisions\/217343"}],"wp:featuredmedia":[{"embeddable":true,"href":"https:\/\/jogapiekna.com\/en\/wp-json\/wp\/v2\/media\/116209"}],"wp:attachment":[{"href":"https:\/\/jogapiekna.com\/en\/wp-json\/wp\/v2\/media?parent=116204"}],"wp:term":[{"taxonomy":"product_brand","embeddable":true,"href":"https:\/\/jogapiekna.com\/en\/wp-json\/wp\/v2\/product_brand?post=116204"},{"taxonomy":"product_cat","embeddable":true,"href":"https:\/\/jogapiekna.com\/en\/wp-json\/wp\/v2\/product_cat?post=116204"},{"taxonomy":"product_tag","embeddable":true,"href":"https:\/\/jogapiekna.com\/en\/wp-json\/wp\/v2\/product_tag?post=116204"}],"curies":[{"name":"wp","href":"https:\/\/api.w.org\/{rel}","templated":true}]}}