{"id":118434,"date":"2023-03-20T19:56:29","date_gmt":"2023-03-20T18:56:29","guid":{"rendered":"https:\/\/jogapiekna.com\/?post_type=product&#038;p=118434"},"modified":"2026-04-14T11:28:32","modified_gmt":"2026-04-14T09:28:32","slug":"gua-sha-cryo","status":"publish","type":"product","link":"https:\/\/jogapiekna.com\/en\/product\/gua-sha-cryo\/","title":{"rendered":"Gua-sha Cryo ICE made of Stainless Steel\u00a0"},"content":{"rendered":"<p>If your problem is morning puffiness, dark circles under your eyes, and puffiness on your face that makes you look tired-the gua sha ice massager is for you <a href=\"https:\/\/jogapiekna.com\/en\/akcesoria-do-masazu\/\" target=\"_blank\" rel=\"noopener\">massage accessory<\/a>which will revolutionize your beauty.<\/p>\n<p>The Gua-Sha massager is made of damage-resistant stainless steel and a gel interior that keeps the temperature cool. You can store it in the refrigerator so that the results of a facial massage are instant (as after cryotherapy).<\/p>\n<p><img decoding=\"async\" class=\"alignleft size-full wp-image-10664\" src=\"https:\/\/jogapiekna.com\/wp-content\/uploads\/2023\/03\/cryo-guasha-masazer-do-twarzy-joga-piekna.jpg\" alt=\"GuaSha ze stali nierdzewnej z \u017celowym wn\u0119trzem do zamra\u017cania\u00a0\" width=\"\u201e700\u201d\" height=\"\u201e700\u201d\" \/><\/p>\n<p>&nbsp;<\/p>\n<h2>What does cryotherapy of the face do?<\/h2>\n<p>Cryotherapy is the so-called cold therapy, which consists in local distribution of cold temperature over the skin. The Gua-Sha stainless steel plate is filled with a special liquid that keeps you cool \u2014 so the popular massage, which involves scraping the skin, can be combined with cryotherapy, which carries huge positive benefits for our tissues.<\/p>\n<p>&nbsp;<\/p>\n<h3>Cryotherapy of the face effects<\/h3>\n<ul>\n<li>reduces muscle tension,<\/li>\n<li>improves blood and lymph circulation,<\/li>\n<li>accelerates detoxification of the skin,<\/li>\n<li>strengthens the skin by increasing the production of collagen.<\/li>\n<\/ul>\n<p>&nbsp;<\/p>\n<h2>Gua-Sha Ice Cryo Made of Stainless Steel<\/h2>\n<p>The shape of the gua sha plate adapts perfectly to the facial line, making it easier to perform a refreshing and rejuvenating massage that will become your favorite ritual.<\/p>\n<p>The tile is not made of stainless steel for nothing. It is an extremely durable material that prevents the massager from cracking or chipping. The edges of the gua sha are perfectly smooth, which makes it easier to stimulate the skin.<\/p>\n<p>This is an unbreakable facial massager that will last you for years to come. The investment will quickly pay off in the form of visible skin rejuvenation and refreshment effects.<\/p>\n<p>&nbsp;<\/p>\n<h2>Gua-Sha Ice Cryo Massage Effects<\/h2>\n<ul>\n<li>reduces <a href=\"https:\/\/jogapiekna.com\/en\/ogolne\/opuchnieta-twarz-co-dalej\/\" target=\"_blank\" rel=\"noopener\">puffiness on the face<\/a><\/li>\n<li>simulates the oval of the face<\/li>\n<li>cheek contour<\/li>\n<li>strongly strengthens and oxygenates the skin<\/li>\n<li>stimulates collagen synthesis, which reduces the appearance of wrinkles<\/li>\n<li>massages tense muscles<\/li>\n<li>reduces second chin and lower jaw sagging<\/li>\n<li>it makes your face look refreshed and your skin regains its natural glow.<\/li>\n<\/ul>\n<p>&nbsp;<\/p>\n<h2>How to use the stainless steel gua sha massager?<\/h2>\n<p>Before you start a massage with a gouache plate, you should cool it for at least a few to ten minutes. You can always store the massager in the refrigerator so that it is always ready for use.<\/p>\n<p>&nbsp;<\/p>\n<h3>Preparing the skin Before using Gouache<\/h3>\n<ul>\n<li>Before starting the massage <strong>thoroughly clean your face and decollete<\/strong>.<\/li>\n<li>To perform a massage, you must apply a massage oil, such as oil. <a href=\"https:\/\/jogapiekna.com\/en\/product\/citrus-glow-olejek-do-masazu-50ml\/\">Citrus Glow oil<\/a> or your favorite fat cream. You can also use essential oils for massage.<\/li>\n<\/ul>\n<p>&nbsp;<\/p>\n<h3>How to get a Gouache massage?<\/h3>\n<p>Guasha is a special form of traditional Chinese therapeutic massage that involves scraping the skin. Start the Gouache massage each time from the upper parts of the face, gradually going down, in accordance with the direction of the arrows \u2013 Fig.1 and in accordance with the numbered stages.<\/p>\n<p><img decoding=\"async\" class=\"alignleft size-full wp-image-10664\" src=\"https:\/\/jogapiekna.com\/wp-content\/uploads\/2020\/01\/kamien-gua-sha_technika.jpg\" alt=\"\" width=\"\u201e399\u201d\" height=\"\u201e600\u201d\" \/><\/p>\n<p>&nbsp;<\/p>\n<h2>Contraindications for gua sha facial massage<\/h2>\n<ul>\n<li>damaged skin<\/li>\n<li>damaged veins<\/li>\n<li>highly capillary skin<\/li>\n<li>moles<\/li>\n<li>cuts and bruises<\/li>\n<li>extensive acne lesions<\/li>\n<li>rosacea in the active phase<\/li>\n<li>cancer diseases<\/li>\n<\/ul>","protected":false},"excerpt":{"rendered":"<p>Imagine getting up in the morning without puffiness or dark circles under your eyes. There is no puffiness on your face, and your complexion is oxygenated and radiant. This is how the Gua-Sha CRYO ICE stainless steel plate works. The massager inside is filled with a special gel that keeps the temperature cool. Ice massage quickly eliminates the problem of puffiness, reduces muscle tension and oxygenates the skin to make you look radiant.<\/p>\n<p><strong>Material:<\/strong> rose gold stainless steel<br \/>\n<strong>Size:<\/strong> 7\u00d78 cm<br \/>\n<strong>Thickness:<\/strong> 1.8 cm<\/p>\n<p><a href=\"https:\/\/jogapiekna.com\/wp-content\/uploads\/2024\/02\/jogapiekna_ulotkaA6_guasha-CRYO.pdf\" target=\"_blank\" rel=\"noopener\"><strong>Download the leaflet.<\/strong><\/a><\/p>","protected":false},"featured_media":118631,"comment_status":"closed","ping_status":"closed","template":"","meta":{"_acf_changed":false,"site-sidebar-layout":"default","site-content-layout":"","ast-site-content-layout":"default","site-content-style":"default","site-sidebar-style":"default","ast-global-header-display":"","ast-banner-title-visibility":"","ast-main-header-display":"","ast-hfb-above-header-display":"","ast-hfb-below-header-display":"","ast-hfb-mobile-header-display":"","site-post-title":"","ast-breadcrumbs-content":"","ast-featured-img":"","footer-sml-layout":"","ast-disable-related-posts":"","theme-transparent-header-meta":"","adv-header-id-meta":"","stick-header-meta":"","header-above-stick-meta":"","header-main-stick-meta":"","header-below-stick-meta":"","astra-migrate-meta-layouts":"default","ast-page-background-enabled":"default","ast-page-background-meta":{"desktop":{"background-color":"var(--ast-global-color-5)","background-image":"","background-repeat":"repeat","background-position":"center center","background-size":"auto","background-attachment":"scroll","background-type":"","background-media":"","overlay-type":"","overlay-color":"","overlay-opacity":"","overlay-gradient":""},"tablet":{"background-color":"","background-image":"","background-repeat":"repeat","background-position":"center center","background-size":"auto","background-attachment":"scroll","background-type":"","background-media":"","overlay-type":"","overlay-color":"","overlay-opacity":"","overlay-gradient":""},"mobile":{"background-color":"","background-image":"","background-repeat":"repeat","background-position":"center center","background-size":"auto","background-attachment":"scroll","background-type":"","background-media":"","overlay-type":"","overlay-color":"","overlay-opacity":"","overlay-gradient":""}},"ast-content-background-meta":{"desktop":{"background-color":"var(--ast-global-color-4)","background-image":"","background-repeat":"repeat","background-position":"center center","background-size":"auto","background-attachment":"scroll","background-type":"","background-media":"","overlay-type":"","overlay-color":"","overlay-opacity":"","overlay-gradient":""},"tablet":{"background-color":"var(--ast-global-color-4)","background-image":"","background-repeat":"repeat","background-position":"center center","background-size":"auto","background-attachment":"scroll","background-type":"","background-media":"","overlay-type":"","overlay-color":"","overlay-opacity":"","overlay-gradient":""},"mobile":{"background-color":"var(--ast-global-color-4)","background-image":"","background-repeat":"repeat","background-position":"center center","background-size":"auto","background-attachment":"scroll","background-type":"","background-media":"","overlay-type":"","overlay-color":"","overlay-opacity":"","overlay-gradient":""}}},"product_brand":[],"product_cat":[21,664,610],"product_tag":[547,662,663,260,566],"class_list":{"0":"post-118434","1":"product","2":"type-product","3":"status-publish","4":"has-post-thumbnail","6":"product_cat-akcesoria","7":"product_cat-cryo","8":"product_cat-masaz-twarzy-i-szyi","9":"product_tag-akcesoria-do-masazu","10":"product_tag-krioterapia","11":"product_tag-masaz-guasha","12":"product_tag-masaz-twarzy","13":"product_tag-relaks","14":"desktop-align-left","15":"tablet-align-left","16":"mobile-align-left","18":"first","19":"instock","20":"taxable","21":"shipping-taxable","22":"purchasable","23":"product-type-simple"},"acf":[],"yoast_head":"<!-- This site is optimized with the Yoast SEO plugin v27.4 - https:\/\/yoast.com\/product\/yoast-seo-wordpress\/ -->\n<title>Masa\u017cer GuaSha Cryo Ice ze stali nierdzewnej | redukcja obrz\u0119k\u00f3w<\/title>\n<meta name=\"description\" content=\"Zapomnij o opuchli\u017anie i workach pod oczami! Wprowad\u017a do swojej rutyny masa\u017cer p\u0142ytk\u0105 GuaSha ze stali nierdzewnej do ch\u0142odzenia w lod\u00f3wce. NOWO\u015a\u0106!\" \/>\n<meta name=\"robots\" content=\"index, follow, max-snippet:-1, max-image-preview:large, max-video-preview:-1\" \/>\n<link rel=\"canonical\" href=\"https:\/\/jogapiekna.com\/en\/product\/gua-sha-cryo\/\" \/>\n<meta property=\"og:locale\" content=\"en_GB\" \/>\n<meta property=\"og:type\" content=\"article\" \/>\n<meta property=\"og:title\" content=\"Masa\u017cer GuaSha Cryo Ice ze stali nierdzewnej | redukcja obrz\u0119k\u00f3w\" \/>\n<meta property=\"og:description\" content=\"Zapomnij o opuchli\u017anie i workach pod oczami! Wprowad\u017a do swojej rutyny masa\u017cer p\u0142ytk\u0105 GuaSha ze stali nierdzewnej do ch\u0142odzenia w lod\u00f3wce. NOWO\u015a\u0106!\" \/>\n<meta property=\"og:url\" content=\"https:\/\/jogapiekna.com\/en\/product\/gua-sha-cryo\/\" \/>\n<meta property=\"og:site_name\" content=\"JOGA PI\u0118KNA | Joga Twarzy\" \/>\n<meta property=\"article:publisher\" content=\"https:\/\/www.facebook.com\/JogaPieknaCom\/\" \/>\n<meta property=\"article:modified_time\" content=\"2026-04-14T09:28:32+00:00\" \/>\n<meta property=\"og:image\" content=\"https:\/\/jogapiekna.com\/wp-content\/uploads\/2023\/03\/cryo-gua-sha-joga-piekna_02.jpg\" \/>\n\t<meta property=\"og:image:width\" content=\"1000\" \/>\n\t<meta property=\"og:image:height\" content=\"1000\" \/>\n\t<meta property=\"og:image:type\" content=\"image\/jpeg\" \/>\n<meta name=\"twitter:card\" content=\"summary_large_image\" \/>\n<meta name=\"twitter:label1\" content=\"Estimated reading time\" \/>\n\t<meta name=\"twitter:data1\" content=\"3 minutes\" \/>\n<script type=\"application\/ld+json\" class=\"yoast-schema-graph\">{\"@context\":\"https:\\\/\\\/schema.org\",\"@graph\":[{\"@type\":\"WebPage\",\"@id\":\"https:\\\/\\\/jogapiekna.com\\\/produkt\\\/gua-sha-cryo\\\/\",\"url\":\"https:\\\/\\\/jogapiekna.com\\\/produkt\\\/gua-sha-cryo\\\/\",\"name\":\"Masa\u017cer GuaSha Cryo Ice ze stali nierdzewnej | redukcja obrz\u0119k\u00f3w\",\"isPartOf\":{\"@id\":\"https:\\\/\\\/jogapiekna.com\\\/#website\"},\"primaryImageOfPage\":{\"@id\":\"https:\\\/\\\/jogapiekna.com\\\/produkt\\\/gua-sha-cryo\\\/#primaryimage\"},\"image\":{\"@id\":\"https:\\\/\\\/jogapiekna.com\\\/produkt\\\/gua-sha-cryo\\\/#primaryimage\"},\"thumbnailUrl\":\"https:\\\/\\\/jogapiekna.com\\\/wp-content\\\/uploads\\\/2023\\\/03\\\/cryo-gua-sha-joga-piekna_02.jpg\",\"datePublished\":\"2023-03-20T18:56:29+00:00\",\"dateModified\":\"2026-04-14T09:28:32+00:00\",\"description\":\"Zapomnij o opuchli\u017anie i workach pod oczami! Wprowad\u017a do swojej rutyny masa\u017cer p\u0142ytk\u0105 GuaSha ze stali nierdzewnej do ch\u0142odzenia w lod\u00f3wce. NOWO\u015a\u0106!\",\"breadcrumb\":{\"@id\":\"https:\\\/\\\/jogapiekna.com\\\/produkt\\\/gua-sha-cryo\\\/#breadcrumb\"},\"inLanguage\":\"en-GB\",\"potentialAction\":[{\"@type\":\"ReadAction\",\"target\":[\"https:\\\/\\\/jogapiekna.com\\\/produkt\\\/gua-sha-cryo\\\/\"]}]},{\"@type\":\"ImageObject\",\"inLanguage\":\"en-GB\",\"@id\":\"https:\\\/\\\/jogapiekna.com\\\/produkt\\\/gua-sha-cryo\\\/#primaryimage\",\"url\":\"https:\\\/\\\/jogapiekna.com\\\/wp-content\\\/uploads\\\/2023\\\/03\\\/cryo-gua-sha-joga-piekna_02.jpg\",\"contentUrl\":\"https:\\\/\\\/jogapiekna.com\\\/wp-content\\\/uploads\\\/2023\\\/03\\\/cryo-gua-sha-joga-piekna_02.jpg\",\"width\":1000,\"height\":1000,\"caption\":\"GuaSha ze stali nierdzewnej z \u017celowym wn\u0119trzem do zamra\u017cania\u00a0\"},{\"@type\":\"BreadcrumbList\",\"@id\":\"https:\\\/\\\/jogapiekna.com\\\/produkt\\\/gua-sha-cryo\\\/#breadcrumb\",\"itemListElement\":[{\"@type\":\"ListItem\",\"position\":1,\"name\":\"Strona g\u0142\u00f3wna\",\"item\":\"https:\\\/\\\/jogapiekna.com\\\/\"},{\"@type\":\"ListItem\",\"position\":2,\"name\":\"Sklep\",\"item\":\"https:\\\/\\\/jogapiekna.com\\\/sklep\\\/\"},{\"@type\":\"ListItem\",\"position\":3,\"name\":\"Gua-sha CRYO ICE ze stali nierdzewnej\u00a0\"}]},{\"@type\":\"WebSite\",\"@id\":\"https:\\\/\\\/jogapiekna.com\\\/#website\",\"url\":\"https:\\\/\\\/jogapiekna.com\\\/\",\"name\":\"Joga Pi\u0119kna Marta Kuci\u0144ska\",\"description\":\"Joga Pi\u0119kna pomaga kobietom zachowa\u0107 urod\u0119, cofn\u0105\u0107 oznaki up\u0142ywaj\u0105cego czasu i zm\u0119czenia, odzyska\u0107 promienny wygl\u0105d, naturalny u\u015bmiech i popraw\u0119 w\u0142asnej samooceny.\",\"publisher\":{\"@id\":\"https:\\\/\\\/jogapiekna.com\\\/#organization\"},\"potentialAction\":[{\"@type\":\"SearchAction\",\"target\":{\"@type\":\"EntryPoint\",\"urlTemplate\":\"https:\\\/\\\/jogapiekna.com\\\/?s={search_term_string}\"},\"query-input\":{\"@type\":\"PropertyValueSpecification\",\"valueRequired\":true,\"valueName\":\"search_term_string\"}}],\"inLanguage\":\"en-GB\"},{\"@type\":\"Organization\",\"@id\":\"https:\\\/\\\/jogapiekna.com\\\/#organization\",\"name\":\"Joga Pi\u0119kna Marta Kuci\u0144ska\",\"url\":\"https:\\\/\\\/jogapiekna.com\\\/\",\"logo\":{\"@type\":\"ImageObject\",\"inLanguage\":\"en-GB\",\"@id\":\"https:\\\/\\\/jogapiekna.com\\\/#\\\/schema\\\/logo\\\/image\\\/\",\"url\":\"https:\\\/\\\/jogapiekna.com\\\/wp-content\\\/uploads\\\/2022\\\/09\\\/joga-piekna-logo_Rka.png\",\"contentUrl\":\"https:\\\/\\\/jogapiekna.com\\\/wp-content\\\/uploads\\\/2022\\\/09\\\/joga-piekna-logo_Rka.png\",\"width\":231,\"height\":124,\"caption\":\"Joga Pi\u0119kna Marta Kuci\u0144ska\"},\"image\":{\"@id\":\"https:\\\/\\\/jogapiekna.com\\\/#\\\/schema\\\/logo\\\/image\\\/\"},\"sameAs\":[\"https:\\\/\\\/www.facebook.com\\\/JogaPieknaCom\\\/\",\"https:\\\/\\\/www.instagram.com\\\/jogapieknacom\\\/\"]}]}<\/script>\n<!-- \/ Yoast SEO plugin. -->","yoast_head_json":{"title":"Masa\u017cer GuaSha Cryo Ice ze stali nierdzewnej | redukcja obrz\u0119k\u00f3w","description":"Zapomnij o opuchli\u017anie i workach pod oczami! Wprowad\u017a do swojej rutyny masa\u017cer p\u0142ytk\u0105 GuaSha ze stali nierdzewnej do ch\u0142odzenia w lod\u00f3wce. NOWO\u015a\u0106!","robots":{"index":"index","follow":"follow","max-snippet":"max-snippet:-1","max-image-preview":"max-image-preview:large","max-video-preview":"max-video-preview:-1"},"canonical":"https:\/\/jogapiekna.com\/en\/product\/gua-sha-cryo\/","og_locale":"en_GB","og_type":"article","og_title":"Masa\u017cer GuaSha Cryo Ice ze stali nierdzewnej | redukcja obrz\u0119k\u00f3w","og_description":"Zapomnij o opuchli\u017anie i workach pod oczami! Wprowad\u017a do swojej rutyny masa\u017cer p\u0142ytk\u0105 GuaSha ze stali nierdzewnej do ch\u0142odzenia w lod\u00f3wce. NOWO\u015a\u0106!","og_url":"https:\/\/jogapiekna.com\/en\/product\/gua-sha-cryo\/","og_site_name":"JOGA PI\u0118KNA | Joga Twarzy","article_publisher":"https:\/\/www.facebook.com\/JogaPieknaCom\/","article_modified_time":"2026-04-14T09:28:32+00:00","og_image":[{"width":1000,"height":1000,"url":"https:\/\/jogapiekna.com\/wp-content\/uploads\/2023\/03\/cryo-gua-sha-joga-piekna_02.jpg","type":"image\/jpeg"}],"twitter_card":"summary_large_image","twitter_misc":{"Estimated reading time":"3 minutes"},"schema":{"@context":"https:\/\/schema.org","@graph":[{"@type":"WebPage","@id":"https:\/\/jogapiekna.com\/produkt\/gua-sha-cryo\/","url":"https:\/\/jogapiekna.com\/produkt\/gua-sha-cryo\/","name":"Masa\u017cer GuaSha Cryo Ice ze stali nierdzewnej | redukcja obrz\u0119k\u00f3w","isPartOf":{"@id":"https:\/\/jogapiekna.com\/#website"},"primaryImageOfPage":{"@id":"https:\/\/jogapiekna.com\/produkt\/gua-sha-cryo\/#primaryimage"},"image":{"@id":"https:\/\/jogapiekna.com\/produkt\/gua-sha-cryo\/#primaryimage"},"thumbnailUrl":"https:\/\/jogapiekna.com\/wp-content\/uploads\/2023\/03\/cryo-gua-sha-joga-piekna_02.jpg","datePublished":"2023-03-20T18:56:29+00:00","dateModified":"2026-04-14T09:28:32+00:00","description":"Zapomnij o opuchli\u017anie i workach pod oczami! Wprowad\u017a do swojej rutyny masa\u017cer p\u0142ytk\u0105 GuaSha ze stali nierdzewnej do ch\u0142odzenia w lod\u00f3wce. NOWO\u015a\u0106!","breadcrumb":{"@id":"https:\/\/jogapiekna.com\/produkt\/gua-sha-cryo\/#breadcrumb"},"inLanguage":"en-GB","potentialAction":[{"@type":"ReadAction","target":["https:\/\/jogapiekna.com\/produkt\/gua-sha-cryo\/"]}]},{"@type":"ImageObject","inLanguage":"en-GB","@id":"https:\/\/jogapiekna.com\/produkt\/gua-sha-cryo\/#primaryimage","url":"https:\/\/jogapiekna.com\/wp-content\/uploads\/2023\/03\/cryo-gua-sha-joga-piekna_02.jpg","contentUrl":"https:\/\/jogapiekna.com\/wp-content\/uploads\/2023\/03\/cryo-gua-sha-joga-piekna_02.jpg","width":1000,"height":1000,"caption":"GuaSha ze stali nierdzewnej z \u017celowym wn\u0119trzem do zamra\u017cania\u00a0"},{"@type":"BreadcrumbList","@id":"https:\/\/jogapiekna.com\/produkt\/gua-sha-cryo\/#breadcrumb","itemListElement":[{"@type":"ListItem","position":1,"name":"Strona g\u0142\u00f3wna","item":"https:\/\/jogapiekna.com\/"},{"@type":"ListItem","position":2,"name":"Sklep","item":"https:\/\/jogapiekna.com\/sklep\/"},{"@type":"ListItem","position":3,"name":"Gua-sha CRYO ICE ze stali nierdzewnej\u00a0"}]},{"@type":"WebSite","@id":"https:\/\/jogapiekna.com\/#website","url":"https:\/\/jogapiekna.com\/","name":"Yoga Beauty Marta Kuci\u0144ska","description":"Beauty Yoga helps women to maintain their beauty, reverse the signs of passing time and fatigue, regain a radiant appearance, natural smile and improve their self-esteem.","publisher":{"@id":"https:\/\/jogapiekna.com\/#organization"},"potentialAction":[{"@type":"SearchAction","target":{"@type":"EntryPoint","urlTemplate":"https:\/\/jogapiekna.com\/?s={search_term_string}"},"query-input":{"@type":"PropertyValueSpecification","valueRequired":true,"valueName":"search_term_string"}}],"inLanguage":"en-GB"},{"@type":"Organization","@id":"https:\/\/jogapiekna.com\/#organization","name":"Yoga Beauty Marta Kuci\u0144ska","url":"https:\/\/jogapiekna.com\/","logo":{"@type":"ImageObject","inLanguage":"en-GB","@id":"https:\/\/jogapiekna.com\/#\/schema\/logo\/image\/","url":"https:\/\/jogapiekna.com\/wp-content\/uploads\/2022\/09\/joga-piekna-logo_Rka.png","contentUrl":"https:\/\/jogapiekna.com\/wp-content\/uploads\/2022\/09\/joga-piekna-logo_Rka.png","width":231,"height":124,"caption":"Joga Pi\u0119kna Marta Kuci\u0144ska"},"image":{"@id":"https:\/\/jogapiekna.com\/#\/schema\/logo\/image\/"},"sameAs":["https:\/\/www.facebook.com\/JogaPieknaCom\/","https:\/\/www.instagram.com\/jogapieknacom\/"]}]}},"_links":{"self":[{"href":"https:\/\/jogapiekna.com\/en\/wp-json\/wp\/v2\/product\/118434","targetHints":{"allow":["GET"]}}],"collection":[{"href":"https:\/\/jogapiekna.com\/en\/wp-json\/wp\/v2\/product"}],"about":[{"href":"https:\/\/jogapiekna.com\/en\/wp-json\/wp\/v2\/types\/product"}],"replies":[{"embeddable":true,"href":"https:\/\/jogapiekna.com\/en\/wp-json\/wp\/v2\/comments?post=118434"}],"version-history":[{"count":3,"href":"https:\/\/jogapiekna.com\/en\/wp-json\/wp\/v2\/product\/118434\/revisions"}],"predecessor-version":[{"id":119278,"href":"https:\/\/jogapiekna.com\/en\/wp-json\/wp\/v2\/product\/118434\/revisions\/119278"}],"wp:featuredmedia":[{"embeddable":true,"href":"https:\/\/jogapiekna.com\/en\/wp-json\/wp\/v2\/media\/118631"}],"wp:attachment":[{"href":"https:\/\/jogapiekna.com\/en\/wp-json\/wp\/v2\/media?parent=118434"}],"wp:term":[{"taxonomy":"product_brand","embeddable":true,"href":"https:\/\/jogapiekna.com\/en\/wp-json\/wp\/v2\/product_brand?post=118434"},{"taxonomy":"product_cat","embeddable":true,"href":"https:\/\/jogapiekna.com\/en\/wp-json\/wp\/v2\/product_cat?post=118434"},{"taxonomy":"product_tag","embeddable":true,"href":"https:\/\/jogapiekna.com\/en\/wp-json\/wp\/v2\/product_tag?post=118434"}],"curies":[{"name":"wp","href":"https:\/\/api.w.org\/{rel}","templated":true}]}}