{"id":118675,"date":"2023-03-22T18:40:09","date_gmt":"2023-03-22T17:40:09","guid":{"rendered":"https:\/\/jogapiekna.com\/?post_type=product&#038;p=118675"},"modified":"2026-04-16T15:31:45","modified_gmt":"2026-04-16T13:31:45","slug":"zimne-lyzki-do-masazu-cryo-ice-joga-piekna","status":"publish","type":"product","link":"https:\/\/jogapiekna.com\/en\/product\/zimne-lyzki-do-masazu-cryo-ice-joga-piekna\/","title":{"rendered":"CRYO ICE Yoga Beauty Cold Massage Spoons"},"content":{"rendered":"<p>Looking for a convenient facial massager that strongly stimulates, strengthens and refreshes the skin? Do you want to eliminate the problem of morning puffiness and a gray, earthy complexion? Cold spoons for facial massage <strong>one of the best massagers in the morning<\/strong> &#034;right after you wake up. They are perfectly shaped, have comfortable handles and ... they can do real miracles.<\/p>\n<p>Not without reason <strong>cold facial massage<\/strong> they have gained so much popularity among celebrities. <strong>Cold instantly reduces swelling<\/strong>which appears on the face for various reasons, even with fluid accumulation or hormonal shocks. But this is not the only advantage of CRYO ICE cold spoon massage!<\/p>\n<p>Made of stainless steel, rose gold massage spoons take care of skin elasticity, smooth out fine facial lines and night wrinkles, make the complexion radiant and saturated with oxygen. The face after such a cold morning massage is ready to take a protective cream and light makeup, which will last on the skin much longer.<\/p>\n<p><img decoding=\"async\" class=\"alignleft size-full wp-image-10664\" src=\"https:\/\/jogapiekna.com\/wp-content\/uploads\/2023\/03\/cryo-lyzki-masazery-do-twarzy-joga-piekna.jpg\" alt=\"Zimne \u0142y\u017cki do masa\u017cu twarzy CRYO ICE ze stali nierdzewnej\" width=\"\u201e700\u201d\" height=\"\u201e553\u201d\" \/><\/p>\n<p>&nbsp;<\/p>\n<h2>Ice facial massage with cold spoons-what does cold therapy do?<\/h2>\n<p>You can store your facial massage spoons in the refrigerator. Thanks to this, in the morning after waking up, they are ready to conduct so-called cold therapy, that is, anti-aging cryotherapy. Low temperature stimulates the work of all tissues. Blood and lymph circulation are improved, your skin is oxygenated, and your muscles relax, so you look refreshed.<\/p>\n<p>&nbsp;<\/p>\n<h3>What does a cold facial massage do?<\/h3>\n<ul>\n<li>they reduce muscle tension by smoothing out fine lines.,<\/li>\n<li>improves blood and lymph circulation,<\/li>\n<li>reduce swelling,<\/li>\n<li>accelerate the cleansing of the skin from toxins,<\/li>\n<li>soothes the skin,<\/li>\n<li>they have a strong strengthening effect.<\/li>\n<\/ul>\n<p>&nbsp;<\/p>\n<h2>Stainless Steel Cold Face Massage Spoons<\/h2>\n<p>The facial massage spoons are made of medical grade stainless steel. Their inner part is filled with a special gel, which <strong>after cooling, it keeps the temperature low<\/strong>. This is one of the most convenient facial massagers. The handles are covered with silicone, so the hand does not freeze during the massage.<\/p>\n<p>The spoon is shaped to fit perfectly to the face line, which allows you to <strong>lifting massage<\/strong>.<\/p>\n<p>I am sure that a cold spoon massage in the morning will be your favorite ritual. You should know that in addition to the huge number of visual benefits, stimulating the skin is very relaxing.<\/p>\n<p>You can use massage spoons both on the face, around the eyes, and on the neck and decollete. Of course, they will work in the morning, but also in the evening or during the day-as well as support in recovery after invasive procedures (you should consult a cosmetologist in advance).<\/p>\n<p>&nbsp;<\/p>\n<h2>Face Massage Effects with CRYO ICE Spoons<\/h2>\n<ul>\n<li>cold facial massage instantly eliminates the problem <a href=\"https:\/\/jogapiekna.com\/en\/ogolne\/opuchnieta-twarz-co-dalej\/\" target=\"_blank\" rel=\"noopener\">puffiness on the face<\/a><\/li>\n<li>spoons subtly model the oval of the face, which gives the effect of a natural facelift<\/li>\n<li>morning massage stimulates the skin and makes it radiant<\/li>\n<li>do you feel the tense muscles relax<\/li>\n<li>evens the complexion and narrows the pores<\/li>\n<li>stimulation prepares the skin for better absorption of the active ingredients found in skincare cosmetics<\/li>\n<\/ul>\n<p>&nbsp;<\/p>\n<h2>How to use cold spoons for facial massage?<\/h2>\n<p>Before starting the massage, the spoons should be cooled for at least a few to ten minutes. You can store the accessory in the refrigerator forever so that it is always ready for use.<\/p>\n<p>&nbsp;<\/p>\n<h3>Preparing the skin before cold massage with spoons<\/h3>\n<ul>\n<li>Before starting the massage <strong>thoroughly clean your face and decollete<\/strong>.<\/li>\n<li>To perform a massage, you must apply a massage oil, such as oil. <a href=\"https:\/\/jogapiekna.com\/en\/product\/citrus-glow-olejek-do-masazu-50ml\/\">Citrus Glow oil<\/a> or your favorite fat cream. You can also use essential oils for massage.<\/li>\n<\/ul>\n<p>&nbsp;<\/p>\n<h3>How to make a massage with cold spoons of CRYO ICE?<\/h3>\n<p>The CRYO ICE ball-spoon massage technique does not require any special training. It is important to follow the procedure for massaging various areas of the face. The massage starts each time from the upper parts of the face, gradually going down in accordance with the direction of the arrows<\/p>\n<p><img decoding=\"async\" class=\"alignleft size-full wp-image-10664\" src=\"https:\/\/jogapiekna.com\/wp-content\/uploads\/2020\/01\/kamien-gua-sha_technika.jpg\" alt=\"\" width=\"\u201e399\u201d\" height=\"\u201e600\u201d\" \/><\/p>\n<p>&nbsp;<\/p>\n<h2>Contraindications for gua sha facial massage<\/h2>\n<ul>\n<li>damaged skin<\/li>\n<li>damaged veins<\/li>\n<li>highly capillary skin<\/li>\n<li>moles<\/li>\n<li>cuts and bruises<\/li>\n<li>extensive acne lesions<\/li>\n<li>rosacea in the active phase<\/li>\n<li>cancer diseases<\/li>\n<\/ul>","protected":false},"excerpt":{"rendered":"<p>Does it happen that your face is swollen after waking up? Despite a fairly good night&#039;s sleep, do you look tired and have gray shadows under your eyes? Enter into your morning routine <strong>cool<\/strong>, <strong>drainage massage<\/strong> using <strong>CRYO ICE cold spoons<\/strong>It instantly stimulates blood and lymph circulation, reduces puffiness, and makes your complexion look fresh and rested.<\/p>\n<p><strong>Size:<\/strong> 2 pieces 15 x 15<br \/>\n<strong>Material:<\/strong> rose gold stainless steel with silicone handle<\/p>\n<p><a href=\"https:\/\/jogapiekna.com\/wp-content\/uploads\/2024\/02\/jogapiekna_ulotkaA6_spoon-CRYO.pdf\" target=\"_blank\" rel=\"noopener\"><strong>Download the leaflet.<\/strong><\/a><\/p>","protected":false},"featured_media":118629,"comment_status":"closed","ping_status":"closed","template":"","meta":{"_acf_changed":false,"site-sidebar-layout":"default","site-content-layout":"","ast-site-content-layout":"default","site-content-style":"default","site-sidebar-style":"default","ast-global-header-display":"","ast-banner-title-visibility":"","ast-main-header-display":"","ast-hfb-above-header-display":"","ast-hfb-below-header-display":"","ast-hfb-mobile-header-display":"","site-post-title":"","ast-breadcrumbs-content":"","ast-featured-img":"","footer-sml-layout":"","ast-disable-related-posts":"","theme-transparent-header-meta":"","adv-header-id-meta":"","stick-header-meta":"","header-above-stick-meta":"","header-main-stick-meta":"","header-below-stick-meta":"","astra-migrate-meta-layouts":"default","ast-page-background-enabled":"default","ast-page-background-meta":{"desktop":{"background-color":"var(--ast-global-color-5)","background-image":"","background-repeat":"repeat","background-position":"center center","background-size":"auto","background-attachment":"scroll","background-type":"","background-media":"","overlay-type":"","overlay-color":"","overlay-opacity":"","overlay-gradient":""},"tablet":{"background-color":"","background-image":"","background-repeat":"repeat","background-position":"center center","background-size":"auto","background-attachment":"scroll","background-type":"","background-media":"","overlay-type":"","overlay-color":"","overlay-opacity":"","overlay-gradient":""},"mobile":{"background-color":"","background-image":"","background-repeat":"repeat","background-position":"center center","background-size":"auto","background-attachment":"scroll","background-type":"","background-media":"","overlay-type":"","overlay-color":"","overlay-opacity":"","overlay-gradient":""}},"ast-content-background-meta":{"desktop":{"background-color":"var(--ast-global-color-4)","background-image":"","background-repeat":"repeat","background-position":"center center","background-size":"auto","background-attachment":"scroll","background-type":"","background-media":"","overlay-type":"","overlay-color":"","overlay-opacity":"","overlay-gradient":""},"tablet":{"background-color":"var(--ast-global-color-4)","background-image":"","background-repeat":"repeat","background-position":"center center","background-size":"auto","background-attachment":"scroll","background-type":"","background-media":"","overlay-type":"","overlay-color":"","overlay-opacity":"","overlay-gradient":""},"mobile":{"background-color":"var(--ast-global-color-4)","background-image":"","background-repeat":"repeat","background-position":"center center","background-size":"auto","background-attachment":"scroll","background-type":"","background-media":"","overlay-type":"","overlay-color":"","overlay-opacity":"","overlay-gradient":""}}},"product_brand":[],"product_cat":[21,664,610],"product_tag":[547,662,260,566],"class_list":{"0":"post-118675","1":"product","2":"type-product","3":"status-publish","4":"has-post-thumbnail","6":"product_cat-akcesoria","7":"product_cat-cryo","8":"product_cat-masaz-twarzy-i-szyi","9":"product_tag-akcesoria-do-masazu","10":"product_tag-krioterapia","11":"product_tag-masaz-twarzy","12":"product_tag-relaks","13":"desktop-align-left","14":"tablet-align-left","15":"mobile-align-left","17":"first","18":"instock","19":"taxable","20":"shipping-taxable","21":"purchasable","22":"product-type-simple"},"acf":[],"yoast_head":"<!-- This site is optimized with the Yoast SEO plugin v27.4 - https:\/\/yoast.com\/product\/yoast-seo-wordpress\/ -->\n<title>Zimne \u0142y\u017cki do masa\u017cu twarzy Cryo ICE Joga Pi\u0119kna<\/title>\n<meta name=\"description\" content=\"Po\u017cegnaj si\u0119 z porannymi obrz\u0119kami na twarzy. Zimne \u0142y\u017cki do masa\u017cu CRYO ICE to wyj\u0105tkowe akcesorium, kt\u00f3re NATYCHMIAST uj\u0119drnia i poprawia kondycj\u0119 sk\u00f3ry.\u00a0\" \/>\n<meta name=\"robots\" content=\"index, follow, max-snippet:-1, max-image-preview:large, max-video-preview:-1\" \/>\n<link rel=\"canonical\" href=\"https:\/\/jogapiekna.com\/en\/product\/zimne-lyzki-do-masazu-cryo-ice-joga-piekna\/\" \/>\n<meta property=\"og:locale\" content=\"en_GB\" \/>\n<meta property=\"og:type\" content=\"article\" \/>\n<meta property=\"og:title\" content=\"Zimne \u0142y\u017cki do masa\u017cu twarzy Cryo ICE Joga Pi\u0119kna\" \/>\n<meta property=\"og:description\" content=\"Po\u017cegnaj si\u0119 z porannymi obrz\u0119kami na twarzy. Zimne \u0142y\u017cki do masa\u017cu CRYO ICE to wyj\u0105tkowe akcesorium, kt\u00f3re NATYCHMIAST uj\u0119drnia i poprawia kondycj\u0119 sk\u00f3ry.\u00a0\" \/>\n<meta property=\"og:url\" content=\"https:\/\/jogapiekna.com\/en\/product\/zimne-lyzki-do-masazu-cryo-ice-joga-piekna\/\" \/>\n<meta property=\"og:site_name\" content=\"JOGA PI\u0118KNA | Joga Twarzy\" \/>\n<meta property=\"article:publisher\" content=\"https:\/\/www.facebook.com\/JogaPieknaCom\/\" \/>\n<meta property=\"article:modified_time\" content=\"2026-04-16T13:31:45+00:00\" \/>\n<meta property=\"og:image\" content=\"https:\/\/jogapiekna.com\/wp-content\/uploads\/2023\/03\/cryo-spoon-joga-piekna_01.jpg\" \/>\n\t<meta property=\"og:image:width\" content=\"1000\" \/>\n\t<meta property=\"og:image:height\" content=\"1000\" \/>\n\t<meta property=\"og:image:type\" content=\"image\/jpeg\" \/>\n<meta name=\"twitter:card\" content=\"summary_large_image\" \/>\n<meta name=\"twitter:label1\" content=\"Estimated reading time\" \/>\n\t<meta name=\"twitter:data1\" content=\"4 minutes\" \/>\n<script type=\"application\/ld+json\" class=\"yoast-schema-graph\">{\"@context\":\"https:\\\/\\\/schema.org\",\"@graph\":[{\"@type\":\"WebPage\",\"@id\":\"https:\\\/\\\/jogapiekna.com\\\/produkt\\\/zimne-lyzki-do-masazu-cryo-ice-joga-piekna\\\/\",\"url\":\"https:\\\/\\\/jogapiekna.com\\\/produkt\\\/zimne-lyzki-do-masazu-cryo-ice-joga-piekna\\\/\",\"name\":\"Zimne \u0142y\u017cki do masa\u017cu twarzy Cryo ICE Joga Pi\u0119kna\",\"isPartOf\":{\"@id\":\"https:\\\/\\\/jogapiekna.com\\\/#website\"},\"primaryImageOfPage\":{\"@id\":\"https:\\\/\\\/jogapiekna.com\\\/produkt\\\/zimne-lyzki-do-masazu-cryo-ice-joga-piekna\\\/#primaryimage\"},\"image\":{\"@id\":\"https:\\\/\\\/jogapiekna.com\\\/produkt\\\/zimne-lyzki-do-masazu-cryo-ice-joga-piekna\\\/#primaryimage\"},\"thumbnailUrl\":\"https:\\\/\\\/jogapiekna.com\\\/wp-content\\\/uploads\\\/2023\\\/03\\\/cryo-spoon-joga-piekna_01.jpg\",\"datePublished\":\"2023-03-22T17:40:09+00:00\",\"dateModified\":\"2026-04-16T13:31:45+00:00\",\"description\":\"Po\u017cegnaj si\u0119 z porannymi obrz\u0119kami na twarzy. Zimne \u0142y\u017cki do masa\u017cu CRYO ICE to wyj\u0105tkowe akcesorium, kt\u00f3re NATYCHMIAST uj\u0119drnia i poprawia kondycj\u0119 sk\u00f3ry.\u00a0\",\"breadcrumb\":{\"@id\":\"https:\\\/\\\/jogapiekna.com\\\/produkt\\\/zimne-lyzki-do-masazu-cryo-ice-joga-piekna\\\/#breadcrumb\"},\"inLanguage\":\"en-GB\",\"potentialAction\":[{\"@type\":\"ReadAction\",\"target\":[\"https:\\\/\\\/jogapiekna.com\\\/produkt\\\/zimne-lyzki-do-masazu-cryo-ice-joga-piekna\\\/\"]}]},{\"@type\":\"ImageObject\",\"inLanguage\":\"en-GB\",\"@id\":\"https:\\\/\\\/jogapiekna.com\\\/produkt\\\/zimne-lyzki-do-masazu-cryo-ice-joga-piekna\\\/#primaryimage\",\"url\":\"https:\\\/\\\/jogapiekna.com\\\/wp-content\\\/uploads\\\/2023\\\/03\\\/cryo-spoon-joga-piekna_01.jpg\",\"contentUrl\":\"https:\\\/\\\/jogapiekna.com\\\/wp-content\\\/uploads\\\/2023\\\/03\\\/cryo-spoon-joga-piekna_01.jpg\",\"width\":1000,\"height\":1000,\"caption\":\"Zimne \u0142y\u017cki do masa\u017cu twarzy Cryo ICE Joga Pi\u0119kna\"},{\"@type\":\"BreadcrumbList\",\"@id\":\"https:\\\/\\\/jogapiekna.com\\\/produkt\\\/zimne-lyzki-do-masazu-cryo-ice-joga-piekna\\\/#breadcrumb\",\"itemListElement\":[{\"@type\":\"ListItem\",\"position\":1,\"name\":\"Strona g\u0142\u00f3wna\",\"item\":\"https:\\\/\\\/jogapiekna.com\\\/\"},{\"@type\":\"ListItem\",\"position\":2,\"name\":\"Sklep\",\"item\":\"https:\\\/\\\/jogapiekna.com\\\/sklep\\\/\"},{\"@type\":\"ListItem\",\"position\":3,\"name\":\"Zimne \u0142y\u017cki do masa\u017cu CRYO ICE Joga Pi\u0119kna\"}]},{\"@type\":\"WebSite\",\"@id\":\"https:\\\/\\\/jogapiekna.com\\\/#website\",\"url\":\"https:\\\/\\\/jogapiekna.com\\\/\",\"name\":\"Joga Pi\u0119kna Marta Kuci\u0144ska\",\"description\":\"Joga Pi\u0119kna pomaga kobietom zachowa\u0107 urod\u0119, cofn\u0105\u0107 oznaki up\u0142ywaj\u0105cego czasu i zm\u0119czenia, odzyska\u0107 promienny wygl\u0105d, naturalny u\u015bmiech i popraw\u0119 w\u0142asnej samooceny.\",\"publisher\":{\"@id\":\"https:\\\/\\\/jogapiekna.com\\\/#organization\"},\"potentialAction\":[{\"@type\":\"SearchAction\",\"target\":{\"@type\":\"EntryPoint\",\"urlTemplate\":\"https:\\\/\\\/jogapiekna.com\\\/?s={search_term_string}\"},\"query-input\":{\"@type\":\"PropertyValueSpecification\",\"valueRequired\":true,\"valueName\":\"search_term_string\"}}],\"inLanguage\":\"en-GB\"},{\"@type\":\"Organization\",\"@id\":\"https:\\\/\\\/jogapiekna.com\\\/#organization\",\"name\":\"Joga Pi\u0119kna Marta Kuci\u0144ska\",\"url\":\"https:\\\/\\\/jogapiekna.com\\\/\",\"logo\":{\"@type\":\"ImageObject\",\"inLanguage\":\"en-GB\",\"@id\":\"https:\\\/\\\/jogapiekna.com\\\/#\\\/schema\\\/logo\\\/image\\\/\",\"url\":\"https:\\\/\\\/jogapiekna.com\\\/wp-content\\\/uploads\\\/2022\\\/09\\\/joga-piekna-logo_Rka.png\",\"contentUrl\":\"https:\\\/\\\/jogapiekna.com\\\/wp-content\\\/uploads\\\/2022\\\/09\\\/joga-piekna-logo_Rka.png\",\"width\":231,\"height\":124,\"caption\":\"Joga Pi\u0119kna Marta Kuci\u0144ska\"},\"image\":{\"@id\":\"https:\\\/\\\/jogapiekna.com\\\/#\\\/schema\\\/logo\\\/image\\\/\"},\"sameAs\":[\"https:\\\/\\\/www.facebook.com\\\/JogaPieknaCom\\\/\",\"https:\\\/\\\/www.instagram.com\\\/jogapieknacom\\\/\"]}]}<\/script>\n<!-- \/ Yoast SEO plugin. -->","yoast_head_json":{"title":"Zimne \u0142y\u017cki do masa\u017cu twarzy Cryo ICE Joga Pi\u0119kna","description":"Po\u017cegnaj si\u0119 z porannymi obrz\u0119kami na twarzy. Zimne \u0142y\u017cki do masa\u017cu CRYO ICE to wyj\u0105tkowe akcesorium, kt\u00f3re NATYCHMIAST uj\u0119drnia i poprawia kondycj\u0119 sk\u00f3ry.\u00a0","robots":{"index":"index","follow":"follow","max-snippet":"max-snippet:-1","max-image-preview":"max-image-preview:large","max-video-preview":"max-video-preview:-1"},"canonical":"https:\/\/jogapiekna.com\/en\/product\/zimne-lyzki-do-masazu-cryo-ice-joga-piekna\/","og_locale":"en_GB","og_type":"article","og_title":"Zimne \u0142y\u017cki do masa\u017cu twarzy Cryo ICE Joga Pi\u0119kna","og_description":"Po\u017cegnaj si\u0119 z porannymi obrz\u0119kami na twarzy. Zimne \u0142y\u017cki do masa\u017cu CRYO ICE to wyj\u0105tkowe akcesorium, kt\u00f3re NATYCHMIAST uj\u0119drnia i poprawia kondycj\u0119 sk\u00f3ry.\u00a0","og_url":"https:\/\/jogapiekna.com\/en\/product\/zimne-lyzki-do-masazu-cryo-ice-joga-piekna\/","og_site_name":"JOGA PI\u0118KNA | Joga Twarzy","article_publisher":"https:\/\/www.facebook.com\/JogaPieknaCom\/","article_modified_time":"2026-04-16T13:31:45+00:00","og_image":[{"width":1000,"height":1000,"url":"https:\/\/jogapiekna.com\/wp-content\/uploads\/2023\/03\/cryo-spoon-joga-piekna_01.jpg","type":"image\/jpeg"}],"twitter_card":"summary_large_image","twitter_misc":{"Estimated reading time":"4 minutes"},"schema":{"@context":"https:\/\/schema.org","@graph":[{"@type":"WebPage","@id":"https:\/\/jogapiekna.com\/produkt\/zimne-lyzki-do-masazu-cryo-ice-joga-piekna\/","url":"https:\/\/jogapiekna.com\/produkt\/zimne-lyzki-do-masazu-cryo-ice-joga-piekna\/","name":"Zimne \u0142y\u017cki do masa\u017cu twarzy Cryo ICE Joga Pi\u0119kna","isPartOf":{"@id":"https:\/\/jogapiekna.com\/#website"},"primaryImageOfPage":{"@id":"https:\/\/jogapiekna.com\/produkt\/zimne-lyzki-do-masazu-cryo-ice-joga-piekna\/#primaryimage"},"image":{"@id":"https:\/\/jogapiekna.com\/produkt\/zimne-lyzki-do-masazu-cryo-ice-joga-piekna\/#primaryimage"},"thumbnailUrl":"https:\/\/jogapiekna.com\/wp-content\/uploads\/2023\/03\/cryo-spoon-joga-piekna_01.jpg","datePublished":"2023-03-22T17:40:09+00:00","dateModified":"2026-04-16T13:31:45+00:00","description":"Po\u017cegnaj si\u0119 z porannymi obrz\u0119kami na twarzy. Zimne \u0142y\u017cki do masa\u017cu CRYO ICE to wyj\u0105tkowe akcesorium, kt\u00f3re NATYCHMIAST uj\u0119drnia i poprawia kondycj\u0119 sk\u00f3ry.\u00a0","breadcrumb":{"@id":"https:\/\/jogapiekna.com\/produkt\/zimne-lyzki-do-masazu-cryo-ice-joga-piekna\/#breadcrumb"},"inLanguage":"en-GB","potentialAction":[{"@type":"ReadAction","target":["https:\/\/jogapiekna.com\/produkt\/zimne-lyzki-do-masazu-cryo-ice-joga-piekna\/"]}]},{"@type":"ImageObject","inLanguage":"en-GB","@id":"https:\/\/jogapiekna.com\/produkt\/zimne-lyzki-do-masazu-cryo-ice-joga-piekna\/#primaryimage","url":"https:\/\/jogapiekna.com\/wp-content\/uploads\/2023\/03\/cryo-spoon-joga-piekna_01.jpg","contentUrl":"https:\/\/jogapiekna.com\/wp-content\/uploads\/2023\/03\/cryo-spoon-joga-piekna_01.jpg","width":1000,"height":1000,"caption":"Zimne \u0142y\u017cki do masa\u017cu twarzy Cryo ICE Joga Pi\u0119kna"},{"@type":"BreadcrumbList","@id":"https:\/\/jogapiekna.com\/produkt\/zimne-lyzki-do-masazu-cryo-ice-joga-piekna\/#breadcrumb","itemListElement":[{"@type":"ListItem","position":1,"name":"Strona g\u0142\u00f3wna","item":"https:\/\/jogapiekna.com\/"},{"@type":"ListItem","position":2,"name":"Sklep","item":"https:\/\/jogapiekna.com\/sklep\/"},{"@type":"ListItem","position":3,"name":"Zimne \u0142y\u017cki do masa\u017cu CRYO ICE Joga Pi\u0119kna"}]},{"@type":"WebSite","@id":"https:\/\/jogapiekna.com\/#website","url":"https:\/\/jogapiekna.com\/","name":"Yoga Beauty Marta Kuci\u0144ska","description":"Beauty Yoga helps women to maintain their beauty, reverse the signs of passing time and fatigue, regain a radiant appearance, natural smile and improve their self-esteem.","publisher":{"@id":"https:\/\/jogapiekna.com\/#organization"},"potentialAction":[{"@type":"SearchAction","target":{"@type":"EntryPoint","urlTemplate":"https:\/\/jogapiekna.com\/?s={search_term_string}"},"query-input":{"@type":"PropertyValueSpecification","valueRequired":true,"valueName":"search_term_string"}}],"inLanguage":"en-GB"},{"@type":"Organization","@id":"https:\/\/jogapiekna.com\/#organization","name":"Yoga Beauty Marta Kuci\u0144ska","url":"https:\/\/jogapiekna.com\/","logo":{"@type":"ImageObject","inLanguage":"en-GB","@id":"https:\/\/jogapiekna.com\/#\/schema\/logo\/image\/","url":"https:\/\/jogapiekna.com\/wp-content\/uploads\/2022\/09\/joga-piekna-logo_Rka.png","contentUrl":"https:\/\/jogapiekna.com\/wp-content\/uploads\/2022\/09\/joga-piekna-logo_Rka.png","width":231,"height":124,"caption":"Joga Pi\u0119kna Marta Kuci\u0144ska"},"image":{"@id":"https:\/\/jogapiekna.com\/#\/schema\/logo\/image\/"},"sameAs":["https:\/\/www.facebook.com\/JogaPieknaCom\/","https:\/\/www.instagram.com\/jogapieknacom\/"]}]}},"_links":{"self":[{"href":"https:\/\/jogapiekna.com\/en\/wp-json\/wp\/v2\/product\/118675","targetHints":{"allow":["GET"]}}],"collection":[{"href":"https:\/\/jogapiekna.com\/en\/wp-json\/wp\/v2\/product"}],"about":[{"href":"https:\/\/jogapiekna.com\/en\/wp-json\/wp\/v2\/types\/product"}],"replies":[{"embeddable":true,"href":"https:\/\/jogapiekna.com\/en\/wp-json\/wp\/v2\/comments?post=118675"}],"version-history":[{"count":2,"href":"https:\/\/jogapiekna.com\/en\/wp-json\/wp\/v2\/product\/118675\/revisions"}],"predecessor-version":[{"id":210795,"href":"https:\/\/jogapiekna.com\/en\/wp-json\/wp\/v2\/product\/118675\/revisions\/210795"}],"wp:featuredmedia":[{"embeddable":true,"href":"https:\/\/jogapiekna.com\/en\/wp-json\/wp\/v2\/media\/118629"}],"wp:attachment":[{"href":"https:\/\/jogapiekna.com\/en\/wp-json\/wp\/v2\/media?parent=118675"}],"wp:term":[{"taxonomy":"product_brand","embeddable":true,"href":"https:\/\/jogapiekna.com\/en\/wp-json\/wp\/v2\/product_brand?post=118675"},{"taxonomy":"product_cat","embeddable":true,"href":"https:\/\/jogapiekna.com\/en\/wp-json\/wp\/v2\/product_cat?post=118675"},{"taxonomy":"product_tag","embeddable":true,"href":"https:\/\/jogapiekna.com\/en\/wp-json\/wp\/v2\/product_tag?post=118675"}],"curies":[{"name":"wp","href":"https:\/\/api.w.org\/{rel}","templated":true}]}}