{"id":119716,"date":"2023-04-03T17:15:00","date_gmt":"2023-04-03T15:15:00","guid":{"rendered":"https:\/\/jogapiekna.com\/?post_type=product&#038;p=119716"},"modified":"2026-04-19T18:14:57","modified_gmt":"2026-04-19T16:14:57","slug":"hydro-balance-zel-do-ultradzwiekow-200nl","status":"publish","type":"product","link":"https:\/\/jogapiekna.com\/en\/product\/hydro-balance-zel-do-ultradzwiekow-200nl\/","title":{"rendered":"Gel for ultrasound and radiofrequency treatment moisturizing APIS HYDRO BALANCE 200 ml"},"content":{"rendered":"<p>Does your skin tend to become dislocated, irritated, and red? It happens that you feel <strong>unpleasant feeling of skin tightening<\/strong>especially after exposure to temperature changes, dry air, air conditioning? This is a sign that her natural protective coat has been damaged.<\/p>\n<p>Before you start <a href=\"https:\/\/jogapiekna.com\/en\/product\/wielofunkcyjny-masazer-liftingujacy\/\">anti-aging massage with an ultrasound device<\/a> or <a href=\"https:\/\/jogapiekna.com\/en\/product\/duza-guasha-kwarc-rozowy_mala-guasha-krysztal-gorski\/\">gua sha stones<\/a> - ensure that the tissues are sufficiently hydrated.<\/p>\n<p>An intensely moisturizing gel for performing ultrasound and radiofrequency procedures of the Polish brand APIS will help you do this. It was created for exactly this purpose.<\/p>\n<p>Not only does this make it easier to perform the procedure itself, it takes care of the comfort of moving the head, it also gives your skin a moisturizing bath, reaching even deeper tissues.<\/p>\n<p>&nbsp;<\/p>\n<h2>Apis HYDRO BALANCE Moisturizing Gel Properties<\/h2>\n<ul>\n<li><strong>Dead Sea Minerals<\/strong> they have a purifying and oxygenating effect. They relieve skin irritation. They&#039;re rich <strong>nutrients<\/strong>such as magnesium, calcium, potassium, and bromine, which support natural skin regeneration processes.<\/li>\n<li><strong>Hyaluronic Acid<\/strong> intensely moisturizes the skin. It is an ingredient well known for its ability to bind and retain water in the skin. It acts as a natural moisturizer, providing the tissues with <strong>intensive hydration dose<\/strong>. This helps keep your skin hydrated, supple and smooth, reducing the appearance of fine lines and wrinkles.<\/li>\n<li><strong>Ceramides<\/strong> they also work <strong>moisturizing, protective and firming agent<\/strong>. They help strengthen the protective function of the skin, preventing water loss and protecting it from external factors.<\/li>\n<li><strong>D-panthenol<\/strong> soothes irritation and soothes the skin. Helps reduce redness, burning and itching of the skin.<\/li>\n<\/ul>\n<p>&nbsp;<\/p>\n<h3>APIS Moisturizing Gel Effect:<\/h3>\n<ul>\n<li>strong hydration of the skin on several planes<\/li>\n<li>water retention in the tissues (which prevents frequent displacement)<\/li>\n<li>restores the natural shine of the skin<\/li>\n<li>takes care of strengthening the skin<\/li>\n<li>restores the skin&#039;s protective barrier<\/li>\n<li>reduces redness<\/li>\n<li>smoothes the skin surface and evens out its tone<\/li>\n<li>it allows you to perform ultrasound, radiofrequency procedures, alcohol-free mesotherapy, as well as manual massage, such as gua sha<\/li>\n<\/ul>\n<p>&nbsp;<\/p>\n<h2>Why should APIS gel be used during ultrasound and radiofrequency procedures?<\/h2>\n<p>APIS gel during ultrasound and radiofrequency massage <strong>acts as a lubricant<\/strong>reducing friction between the head \/ heads of the device and the skin. This allows the massager to move more gently and comfortably over the surface of the skin. Without using the gel, the skin may be prone to irritation and redness due to friction.<\/p>\n<p>In addition, the gel <strong>it has conductive properties<\/strong>, which means that it allows ultrasonic and radio frequency waves to pass through. Smooth application of the drug to the skin facilitates the conduction of energy to the target tissue. Without the use of cosmetics, the air between the device heads and the skin can cause the reflection of an ultrasound wave or radio frequency current, which affects the treatment effects.<\/p>\n<p>&nbsp;<\/p>\n<h2>Why do I trust the brand APIs?<\/h2>\n<p>APIS NATURAL COSMETICS\u00ae to <strong>Poland cosmetics brand<\/strong> from Bydgoszcz, which has been on the market since 1988. It was created by Kristina Arkabovich, a biotechnologist with vast experience and passion for cosmetology.<\/p>\n<p>The basis for all products are <strong>ingredients of natural origin<\/strong> - plant extracts and extracts, precious oils and nourishing peptide complexes, vitamins and minerals. These are multi-purpose products, perfect for different facial needs.<\/p>\n<p>&nbsp;<\/p>\n<h2>Product composition<\/h2>\n<p>Aqua, Glycerin, Carbomer, Algae Extract, Cocamidopropyl Betaine, Propylene Glycol, Triethanolamine, Lecithin, Silk Amino Acid, Sorbitol, D-panthenol, Glucose, Trilaureth-4-Phosphate, Magnesium Pca, Pyridoxine, Carnitine, Ceramide 6, Sodium Hyaluronate, Phenoxyethanol, Caprylyl Glycol<\/p>\n<p>&nbsp;<\/p>\n<h2>How and when to use Gel APIS?<\/h2>\n<ul>\n<li>Apply a thick layer of gel to cleansed face, neck and decollete. Skip the area around the eyes and mouth.<\/li>\n<li>Apply the gel to the skin with light, straight movements over the muscles.<\/li>\n<\/ul>\n<p>APIS moisturizing gel is tested during <a href=\"https:\/\/jogapiekna.com\/en\/product\/wielofunkcyjny-masazer-liftingujacy\/\">performing massage using radio waves, EMS and LED light<\/a>as well as during manual facial massage, for example, using mineral tools <a href=\"https:\/\/jogapiekna.com\/en\/product-category\/akcesoria\/masaz-twarzy-i-szyi\/gua-sha-rollery\/\">GUA-SHA<\/a>.<\/p>","protected":false},"excerpt":{"rendered":"<p>Intensive moisturizer <strong>gel for ultrasonic and radiofrequency treatment<\/strong> this facilitates the movement of the device head, as well as the conduction of waves, increasing their efficiency.<\/p>\n<p>Dead Sea minerals, ceramides and hyaluronic acid enhance the protective functions of the skin, making it more elastic, smooth and smooth. <strong>intensively moistened on several planes<\/strong>. It works better, so the effects of ultrasound and radiofrequency massage last longer and are more pronounced.<\/p>","protected":false},"featured_media":119717,"comment_status":"closed","ping_status":"closed","template":"","meta":{"_acf_changed":false,"site-sidebar-layout":"default","site-content-layout":"","ast-site-content-layout":"default","site-content-style":"default","site-sidebar-style":"default","ast-global-header-display":"","ast-banner-title-visibility":"","ast-main-header-display":"","ast-hfb-above-header-display":"","ast-hfb-below-header-display":"","ast-hfb-mobile-header-display":"","site-post-title":"","ast-breadcrumbs-content":"","ast-featured-img":"","footer-sml-layout":"","ast-disable-related-posts":"","theme-transparent-header-meta":"default","adv-header-id-meta":"","stick-header-meta":"","header-above-stick-meta":"","header-main-stick-meta":"","header-below-stick-meta":"","astra-migrate-meta-layouts":"set","ast-page-background-enabled":"default","ast-page-background-meta":{"desktop":{"background-color":"var(--ast-global-color-5)","background-image":"","background-repeat":"repeat","background-position":"center center","background-size":"auto","background-attachment":"scroll","background-type":"","background-media":"","overlay-type":"","overlay-color":"","overlay-opacity":"","overlay-gradient":""},"tablet":{"background-color":"","background-image":"","background-repeat":"repeat","background-position":"center center","background-size":"auto","background-attachment":"scroll","background-type":"","background-media":"","overlay-type":"","overlay-color":"","overlay-opacity":"","overlay-gradient":""},"mobile":{"background-color":"","background-image":"","background-repeat":"repeat","background-position":"center center","background-size":"auto","background-attachment":"scroll","background-type":"","background-media":"","overlay-type":"","overlay-color":"","overlay-opacity":"","overlay-gradient":""}},"ast-content-background-meta":{"desktop":{"background-color":"var(--ast-global-color-4)","background-image":"","background-repeat":"repeat","background-position":"center center","background-size":"auto","background-attachment":"scroll","background-type":"","background-media":"","overlay-type":"","overlay-color":"","overlay-opacity":"","overlay-gradient":""},"tablet":{"background-color":"var(--ast-global-color-4)","background-image":"","background-repeat":"repeat","background-position":"center center","background-size":"auto","background-attachment":"scroll","background-type":"","background-media":"","overlay-type":"","overlay-color":"","overlay-opacity":"","overlay-gradient":""},"mobile":{"background-color":"var(--ast-global-color-4)","background-image":"","background-repeat":"repeat","background-position":"center center","background-size":"auto","background-attachment":"scroll","background-type":"","background-media":"","overlay-type":"","overlay-color":"","overlay-opacity":"","overlay-gradient":""}}},"product_brand":[],"product_cat":[331,625],"product_tag":[728,244,420,667],"class_list":{"0":"post-119716","1":"product","2":"type-product","3":"status-publish","4":"has-post-thumbnail","6":"product_cat-kosmetyki","7":"product_cat-promocje","8":"product_tag-apis","9":"product_tag-holistyczna-pielegancja","10":"product_tag-nawilzenie-skory","11":"product_tag-zel-do-masazu","12":"desktop-align-left","13":"tablet-align-left","14":"mobile-align-left","16":"first","17":"instock","18":"sale","19":"taxable","20":"shipping-taxable","21":"purchasable","22":"product-type-simple"},"acf":[],"yoast_head":"<!-- This site is optimized with the Yoast SEO plugin v27.4 - https:\/\/yoast.com\/product\/yoast-seo-wordpress\/ -->\n<title>HYDRO BALANCE \u017bel do ultrad\u017awi\u0119k\u00f3w intensywnie nawil\u017caj\u0105cy 200 ml<\/title>\n<meta name=\"description\" content=\"\u017bel do ultrad\u017awi\u0119k\u00f3w intensywnie nawil\u017caj\u0105cy to produkt zawieraj\u0105cy kwas hialuronowy, kt\u00f3ry zapewnia odpowiednie nawil\u017cenie na wszystkich p\u0142aszczyznach. Stosowany systematycznie przywraca odpowiedni stopie\u0144 nawil\u017cenia i od\u017cywienia sk\u00f3ry.\" \/>\n<meta name=\"robots\" content=\"index, follow, max-snippet:-1, max-image-preview:large, max-video-preview:-1\" \/>\n<link rel=\"canonical\" href=\"https:\/\/jogapiekna.com\/en\/product\/hydro-balance-zel-do-ultradzwiekow-200nl\/\" \/>\n<meta property=\"og:locale\" content=\"en_GB\" \/>\n<meta property=\"og:type\" content=\"article\" \/>\n<meta property=\"og:title\" content=\"HYDRO BALANCE \u017bel do ultrad\u017awi\u0119k\u00f3w intensywnie nawil\u017caj\u0105cy 200 ml\" \/>\n<meta property=\"og:description\" content=\"\u017bel do ultrad\u017awi\u0119k\u00f3w intensywnie nawil\u017caj\u0105cy to produkt zawieraj\u0105cy kwas hialuronowy, kt\u00f3ry zapewnia odpowiednie nawil\u017cenie na wszystkich p\u0142aszczyznach. Stosowany systematycznie przywraca odpowiedni stopie\u0144 nawil\u017cenia i od\u017cywienia sk\u00f3ry.\" \/>\n<meta property=\"og:url\" content=\"https:\/\/jogapiekna.com\/en\/product\/hydro-balance-zel-do-ultradzwiekow-200nl\/\" \/>\n<meta property=\"og:site_name\" content=\"JOGA PI\u0118KNA | Joga Twarzy\" \/>\n<meta property=\"article:publisher\" content=\"https:\/\/www.facebook.com\/JogaPieknaCom\/\" \/>\n<meta property=\"article:modified_time\" content=\"2026-04-19T16:14:57+00:00\" \/>\n<meta property=\"og:image\" content=\"https:\/\/jogapiekna.com\/wp-content\/uploads\/2023\/04\/zel-do-ultdzwiekow-hydro-balance.jpg\" \/>\n\t<meta property=\"og:image:width\" content=\"1000\" \/>\n\t<meta property=\"og:image:height\" content=\"1000\" \/>\n\t<meta property=\"og:image:type\" content=\"image\/jpeg\" \/>\n<meta name=\"twitter:card\" content=\"summary_large_image\" \/>\n<meta name=\"twitter:label1\" content=\"Estimated reading time\" \/>\n\t<meta name=\"twitter:data1\" content=\"4 minutes\" \/>\n<script type=\"application\/ld+json\" class=\"yoast-schema-graph\">{\"@context\":\"https:\\\/\\\/schema.org\",\"@graph\":[{\"@type\":\"WebPage\",\"@id\":\"https:\\\/\\\/jogapiekna.com\\\/produkt\\\/hydro-balance-zel-do-ultradzwiekow-200nl\\\/\",\"url\":\"https:\\\/\\\/jogapiekna.com\\\/produkt\\\/hydro-balance-zel-do-ultradzwiekow-200nl\\\/\",\"name\":\"HYDRO BALANCE \u017bel do ultrad\u017awi\u0119k\u00f3w intensywnie nawil\u017caj\u0105cy 200 ml\",\"isPartOf\":{\"@id\":\"https:\\\/\\\/jogapiekna.com\\\/#website\"},\"primaryImageOfPage\":{\"@id\":\"https:\\\/\\\/jogapiekna.com\\\/produkt\\\/hydro-balance-zel-do-ultradzwiekow-200nl\\\/#primaryimage\"},\"image\":{\"@id\":\"https:\\\/\\\/jogapiekna.com\\\/produkt\\\/hydro-balance-zel-do-ultradzwiekow-200nl\\\/#primaryimage\"},\"thumbnailUrl\":\"https:\\\/\\\/jogapiekna.com\\\/wp-content\\\/uploads\\\/2023\\\/04\\\/zel-do-ultdzwiekow-hydro-balance.jpg\",\"datePublished\":\"2023-04-03T15:15:00+00:00\",\"dateModified\":\"2026-04-19T16:14:57+00:00\",\"description\":\"\u017bel do ultrad\u017awi\u0119k\u00f3w intensywnie nawil\u017caj\u0105cy to produkt zawieraj\u0105cy kwas hialuronowy, kt\u00f3ry zapewnia odpowiednie nawil\u017cenie na wszystkich p\u0142aszczyznach. Stosowany systematycznie przywraca odpowiedni stopie\u0144 nawil\u017cenia i od\u017cywienia sk\u00f3ry.\",\"breadcrumb\":{\"@id\":\"https:\\\/\\\/jogapiekna.com\\\/produkt\\\/hydro-balance-zel-do-ultradzwiekow-200nl\\\/#breadcrumb\"},\"inLanguage\":\"en-GB\",\"potentialAction\":[{\"@type\":\"ReadAction\",\"target\":[\"https:\\\/\\\/jogapiekna.com\\\/produkt\\\/hydro-balance-zel-do-ultradzwiekow-200nl\\\/\"]}]},{\"@type\":\"ImageObject\",\"inLanguage\":\"en-GB\",\"@id\":\"https:\\\/\\\/jogapiekna.com\\\/produkt\\\/hydro-balance-zel-do-ultradzwiekow-200nl\\\/#primaryimage\",\"url\":\"https:\\\/\\\/jogapiekna.com\\\/wp-content\\\/uploads\\\/2023\\\/04\\\/zel-do-ultdzwiekow-hydro-balance.jpg\",\"contentUrl\":\"https:\\\/\\\/jogapiekna.com\\\/wp-content\\\/uploads\\\/2023\\\/04\\\/zel-do-ultdzwiekow-hydro-balance.jpg\",\"width\":1000,\"height\":1000,\"caption\":\"HYDRO BALANCE \u017bel do ultrad\u017awi\u0119k\u00f3w intensywnie nawil\u017caj\u0105cy \\\/ 200 ml\"},{\"@type\":\"BreadcrumbList\",\"@id\":\"https:\\\/\\\/jogapiekna.com\\\/produkt\\\/hydro-balance-zel-do-ultradzwiekow-200nl\\\/#breadcrumb\",\"itemListElement\":[{\"@type\":\"ListItem\",\"position\":1,\"name\":\"Strona g\u0142\u00f3wna\",\"item\":\"https:\\\/\\\/jogapiekna.com\\\/\"},{\"@type\":\"ListItem\",\"position\":2,\"name\":\"Sklep\",\"item\":\"https:\\\/\\\/jogapiekna.com\\\/sklep\\\/\"},{\"@type\":\"ListItem\",\"position\":3,\"name\":\"\u017bel do ultrad\u017awi\u0119k\u00f3w i zabieg\u00f3w RF nawil\u017caj\u0105cy APIS HYDRO BALANCE 200 ml\"}]},{\"@type\":\"WebSite\",\"@id\":\"https:\\\/\\\/jogapiekna.com\\\/#website\",\"url\":\"https:\\\/\\\/jogapiekna.com\\\/\",\"name\":\"Joga Pi\u0119kna Marta Kuci\u0144ska\",\"description\":\"Joga Pi\u0119kna pomaga kobietom zachowa\u0107 urod\u0119, cofn\u0105\u0107 oznaki up\u0142ywaj\u0105cego czasu i zm\u0119czenia, odzyska\u0107 promienny wygl\u0105d, naturalny u\u015bmiech i popraw\u0119 w\u0142asnej samooceny.\",\"publisher\":{\"@id\":\"https:\\\/\\\/jogapiekna.com\\\/#organization\"},\"potentialAction\":[{\"@type\":\"SearchAction\",\"target\":{\"@type\":\"EntryPoint\",\"urlTemplate\":\"https:\\\/\\\/jogapiekna.com\\\/?s={search_term_string}\"},\"query-input\":{\"@type\":\"PropertyValueSpecification\",\"valueRequired\":true,\"valueName\":\"search_term_string\"}}],\"inLanguage\":\"en-GB\"},{\"@type\":\"Organization\",\"@id\":\"https:\\\/\\\/jogapiekna.com\\\/#organization\",\"name\":\"Joga Pi\u0119kna Marta Kuci\u0144ska\",\"url\":\"https:\\\/\\\/jogapiekna.com\\\/\",\"logo\":{\"@type\":\"ImageObject\",\"inLanguage\":\"en-GB\",\"@id\":\"https:\\\/\\\/jogapiekna.com\\\/#\\\/schema\\\/logo\\\/image\\\/\",\"url\":\"https:\\\/\\\/jogapiekna.com\\\/wp-content\\\/uploads\\\/2022\\\/09\\\/joga-piekna-logo_Rka.png\",\"contentUrl\":\"https:\\\/\\\/jogapiekna.com\\\/wp-content\\\/uploads\\\/2022\\\/09\\\/joga-piekna-logo_Rka.png\",\"width\":231,\"height\":124,\"caption\":\"Joga Pi\u0119kna Marta Kuci\u0144ska\"},\"image\":{\"@id\":\"https:\\\/\\\/jogapiekna.com\\\/#\\\/schema\\\/logo\\\/image\\\/\"},\"sameAs\":[\"https:\\\/\\\/www.facebook.com\\\/JogaPieknaCom\\\/\",\"https:\\\/\\\/www.instagram.com\\\/jogapieknacom\\\/\"]}]}<\/script>\n<!-- \/ Yoast SEO plugin. -->","yoast_head_json":{"title":"HYDRO BALANCE \u017bel do ultrad\u017awi\u0119k\u00f3w intensywnie nawil\u017caj\u0105cy 200 ml","description":"\u017bel do ultrad\u017awi\u0119k\u00f3w intensywnie nawil\u017caj\u0105cy to produkt zawieraj\u0105cy kwas hialuronowy, kt\u00f3ry zapewnia odpowiednie nawil\u017cenie na wszystkich p\u0142aszczyznach. Stosowany systematycznie przywraca odpowiedni stopie\u0144 nawil\u017cenia i od\u017cywienia sk\u00f3ry.","robots":{"index":"index","follow":"follow","max-snippet":"max-snippet:-1","max-image-preview":"max-image-preview:large","max-video-preview":"max-video-preview:-1"},"canonical":"https:\/\/jogapiekna.com\/en\/product\/hydro-balance-zel-do-ultradzwiekow-200nl\/","og_locale":"en_GB","og_type":"article","og_title":"HYDRO BALANCE \u017bel do ultrad\u017awi\u0119k\u00f3w intensywnie nawil\u017caj\u0105cy 200 ml","og_description":"\u017bel do ultrad\u017awi\u0119k\u00f3w intensywnie nawil\u017caj\u0105cy to produkt zawieraj\u0105cy kwas hialuronowy, kt\u00f3ry zapewnia odpowiednie nawil\u017cenie na wszystkich p\u0142aszczyznach. Stosowany systematycznie przywraca odpowiedni stopie\u0144 nawil\u017cenia i od\u017cywienia sk\u00f3ry.","og_url":"https:\/\/jogapiekna.com\/en\/product\/hydro-balance-zel-do-ultradzwiekow-200nl\/","og_site_name":"JOGA PI\u0118KNA | Joga Twarzy","article_publisher":"https:\/\/www.facebook.com\/JogaPieknaCom\/","article_modified_time":"2026-04-19T16:14:57+00:00","og_image":[{"width":1000,"height":1000,"url":"https:\/\/jogapiekna.com\/wp-content\/uploads\/2023\/04\/zel-do-ultdzwiekow-hydro-balance.jpg","type":"image\/jpeg"}],"twitter_card":"summary_large_image","twitter_misc":{"Estimated reading time":"4 minutes"},"schema":{"@context":"https:\/\/schema.org","@graph":[{"@type":"WebPage","@id":"https:\/\/jogapiekna.com\/produkt\/hydro-balance-zel-do-ultradzwiekow-200nl\/","url":"https:\/\/jogapiekna.com\/produkt\/hydro-balance-zel-do-ultradzwiekow-200nl\/","name":"HYDRO BALANCE \u017bel do ultrad\u017awi\u0119k\u00f3w intensywnie nawil\u017caj\u0105cy 200 ml","isPartOf":{"@id":"https:\/\/jogapiekna.com\/#website"},"primaryImageOfPage":{"@id":"https:\/\/jogapiekna.com\/produkt\/hydro-balance-zel-do-ultradzwiekow-200nl\/#primaryimage"},"image":{"@id":"https:\/\/jogapiekna.com\/produkt\/hydro-balance-zel-do-ultradzwiekow-200nl\/#primaryimage"},"thumbnailUrl":"https:\/\/jogapiekna.com\/wp-content\/uploads\/2023\/04\/zel-do-ultdzwiekow-hydro-balance.jpg","datePublished":"2023-04-03T15:15:00+00:00","dateModified":"2026-04-19T16:14:57+00:00","description":"\u017bel do ultrad\u017awi\u0119k\u00f3w intensywnie nawil\u017caj\u0105cy to produkt zawieraj\u0105cy kwas hialuronowy, kt\u00f3ry zapewnia odpowiednie nawil\u017cenie na wszystkich p\u0142aszczyznach. Stosowany systematycznie przywraca odpowiedni stopie\u0144 nawil\u017cenia i od\u017cywienia sk\u00f3ry.","breadcrumb":{"@id":"https:\/\/jogapiekna.com\/produkt\/hydro-balance-zel-do-ultradzwiekow-200nl\/#breadcrumb"},"inLanguage":"en-GB","potentialAction":[{"@type":"ReadAction","target":["https:\/\/jogapiekna.com\/produkt\/hydro-balance-zel-do-ultradzwiekow-200nl\/"]}]},{"@type":"ImageObject","inLanguage":"en-GB","@id":"https:\/\/jogapiekna.com\/produkt\/hydro-balance-zel-do-ultradzwiekow-200nl\/#primaryimage","url":"https:\/\/jogapiekna.com\/wp-content\/uploads\/2023\/04\/zel-do-ultdzwiekow-hydro-balance.jpg","contentUrl":"https:\/\/jogapiekna.com\/wp-content\/uploads\/2023\/04\/zel-do-ultdzwiekow-hydro-balance.jpg","width":1000,"height":1000,"caption":"HYDRO BALANCE \u017bel do ultrad\u017awi\u0119k\u00f3w intensywnie nawil\u017caj\u0105cy \/ 200 ml"},{"@type":"BreadcrumbList","@id":"https:\/\/jogapiekna.com\/produkt\/hydro-balance-zel-do-ultradzwiekow-200nl\/#breadcrumb","itemListElement":[{"@type":"ListItem","position":1,"name":"Strona g\u0142\u00f3wna","item":"https:\/\/jogapiekna.com\/"},{"@type":"ListItem","position":2,"name":"Sklep","item":"https:\/\/jogapiekna.com\/sklep\/"},{"@type":"ListItem","position":3,"name":"\u017bel do ultrad\u017awi\u0119k\u00f3w i zabieg\u00f3w RF nawil\u017caj\u0105cy APIS HYDRO BALANCE 200 ml"}]},{"@type":"WebSite","@id":"https:\/\/jogapiekna.com\/#website","url":"https:\/\/jogapiekna.com\/","name":"Yoga Beauty Marta Kuci\u0144ska","description":"Beauty Yoga helps women to maintain their beauty, reverse the signs of passing time and fatigue, regain a radiant appearance, natural smile and improve their self-esteem.","publisher":{"@id":"https:\/\/jogapiekna.com\/#organization"},"potentialAction":[{"@type":"SearchAction","target":{"@type":"EntryPoint","urlTemplate":"https:\/\/jogapiekna.com\/?s={search_term_string}"},"query-input":{"@type":"PropertyValueSpecification","valueRequired":true,"valueName":"search_term_string"}}],"inLanguage":"en-GB"},{"@type":"Organization","@id":"https:\/\/jogapiekna.com\/#organization","name":"Yoga Beauty Marta Kuci\u0144ska","url":"https:\/\/jogapiekna.com\/","logo":{"@type":"ImageObject","inLanguage":"en-GB","@id":"https:\/\/jogapiekna.com\/#\/schema\/logo\/image\/","url":"https:\/\/jogapiekna.com\/wp-content\/uploads\/2022\/09\/joga-piekna-logo_Rka.png","contentUrl":"https:\/\/jogapiekna.com\/wp-content\/uploads\/2022\/09\/joga-piekna-logo_Rka.png","width":231,"height":124,"caption":"Joga Pi\u0119kna Marta Kuci\u0144ska"},"image":{"@id":"https:\/\/jogapiekna.com\/#\/schema\/logo\/image\/"},"sameAs":["https:\/\/www.facebook.com\/JogaPieknaCom\/","https:\/\/www.instagram.com\/jogapieknacom\/"]}]}},"_links":{"self":[{"href":"https:\/\/jogapiekna.com\/en\/wp-json\/wp\/v2\/product\/119716","targetHints":{"allow":["GET"]}}],"collection":[{"href":"https:\/\/jogapiekna.com\/en\/wp-json\/wp\/v2\/product"}],"about":[{"href":"https:\/\/jogapiekna.com\/en\/wp-json\/wp\/v2\/types\/product"}],"replies":[{"embeddable":true,"href":"https:\/\/jogapiekna.com\/en\/wp-json\/wp\/v2\/comments?post=119716"}],"version-history":[{"count":3,"href":"https:\/\/jogapiekna.com\/en\/wp-json\/wp\/v2\/product\/119716\/revisions"}],"predecessor-version":[{"id":211862,"href":"https:\/\/jogapiekna.com\/en\/wp-json\/wp\/v2\/product\/119716\/revisions\/211862"}],"wp:featuredmedia":[{"embeddable":true,"href":"https:\/\/jogapiekna.com\/en\/wp-json\/wp\/v2\/media\/119717"}],"wp:attachment":[{"href":"https:\/\/jogapiekna.com\/en\/wp-json\/wp\/v2\/media?parent=119716"}],"wp:term":[{"taxonomy":"product_brand","embeddable":true,"href":"https:\/\/jogapiekna.com\/en\/wp-json\/wp\/v2\/product_brand?post=119716"},{"taxonomy":"product_cat","embeddable":true,"href":"https:\/\/jogapiekna.com\/en\/wp-json\/wp\/v2\/product_cat?post=119716"},{"taxonomy":"product_tag","embeddable":true,"href":"https:\/\/jogapiekna.com\/en\/wp-json\/wp\/v2\/product_tag?post=119716"}],"curies":[{"name":"wp","href":"https:\/\/api.w.org\/{rel}","templated":true}]}}