{"id":122091,"date":"2023-04-23T23:32:15","date_gmt":"2023-04-23T21:32:15","guid":{"rendered":"https:\/\/jogapiekna.com\/?post_type=product&#038;p=122091"},"modified":"2026-03-09T10:04:13","modified_gmt":"2026-03-09T09:04:13","slug":"piekne-oczy-z-joga-piekna_kurs-online","status":"publish","type":"product","link":"https:\/\/jogapiekna.com\/en\/product\/piekne-oczy-z-joga-piekna_kurs-online\/","title":{"rendered":"Beautiful eyes with Beauty Yoga-online course"},"content":{"rendered":"<p>Do you want to naturally rejuvenate the eye area? Looking for effective ways to reduce crow&#039;s feet, get rid of unsightly dark circles and puffiness under the eyes? I have prepared for you an online course in which you will learn how to take care of the skin around the eyes with love.<\/p>\n<p>The online course beautiful eyes with beauty yoga consists of several dozen video tutorials, from which you will learn what affects the appearance of the eye area, as well as what habits you should pay attention to. You will learn yoga exercises for the face-both theory and practice (you can do the exercises together with me). I&#039;ve supplemented the materials with simple automata, as well as a lot of additional tips that will make you enjoy the smooth skin around your eyes.<\/p>\n<p>&nbsp;<\/p>\n<h2>The course beautiful eyes with beauty yoga will allow you to take care of the delicate eye area<\/h2>\n<p>Facial yoga for the eye area will release the muscles from tension and smooth out crow&#039;s feet. Plus, it will firm and firm your skin, so dark circles won&#039;t be as noticeable.<br \/>\nHe will gently lift the corners of his eyes and the lowered lids. Regular practice will stimulate blood and lymph flow, which will reduce puffiness and bags.<br \/>\nBy strengthening the muscles responsible for eye movement, it will affect better vision.<\/p>\n<p>With the beautiful eyes with beauty yoga course, you will bring simple yoga exercises for the face and body into your daily life. You can do them with daily application of the cream-in the morning or in the evening. <strong>That&#039;s just a few minutes a day!<\/strong><\/p>\n<p>&nbsp;<\/p>\n<h2>What are the effects of facial yoga on the eye area?<\/h2>\n<p>Online course <strong>Beautiful eyes with Beauty yoga<\/strong> this will make your eyes regain their former energy. You will smooth out fine lines and learn how to reduce the problems of dark circles and puffiness.<\/p>\n<p><strong>Beauty Yoga Effects for the Eye area: <\/strong><br \/>\n* smooth skin around the eyes,<br \/>\n* reduction of crow&#039;s feet,<br \/>\n* raised upper eyelids and eye corners,<br \/>\n* reduce dark circles, bags and puffiness,<br \/>\n* large open eyes,<br \/>\n* improved vision for longer,<br \/>\n* a rested look.<\/p>\n<p>&nbsp;<\/p>\n<h2>What will you find in the online course beautiful eyes with beauty yoga?<\/h2>\n<p>* Essential knowledge of face yoga for the eye area.<br \/>\n* Video recordings of exercises for the eye area.<br \/>\n* Video with eye area massage.<br \/>\n* PDF: recipes for natural eye masks.<br \/>\n* PDF materials with exercises<\/p>\n<p>Beautiful eyes course with beauty yoga you can redo at your own pace whenever you feel comfortable. You get 2-year access to a convenient e-learning platform that you can use anytime, anywhere.<br \/>\nOn the platform you will find all the entries and additional materials for downloading (PDF with exercises, E-book with recipes).<br \/>\nAll you have to do is log in to the course platform to use all the materials.<\/p>\n<p><strong>Your access to the course belongs only to you!!! Any copying, processing, distribution of these materials in whole or in part, as well as providing Usernames to third parties is prohibited.<\/strong><\/p>\n<p>&nbsp;<\/p>\n<h3>Contraindications of facial yoga for the eye area<\/h3>\n<p>* Illnesses, infections, and colds are temporary limitations for performing facial yoga.<br \/>\n* Aesthetic medicine procedures are not a barrier to facial yoga. After the introduction of Botox, fillers should pass at least a month after the procedure, after applying the thread for at least two months.\u2028 In this case, it is definitely worth practicing after an individually selected exercise plan and massage.<\/p>\n<p>\u2013\u2013\u2013<br \/>\n<strong>IMPORTANT INFORMATION:<\/strong><br \/>\n<strong>Read before you book the course beautiful eyes with beauty yoga.<\/strong><\/p>\n<ul>\n<li>Check if you are sure <strong>right<\/strong> you enter your email address.<\/li>\n<li>By clicking \"Order with obligation to pay\", I agree that the performance will commence before the end of the withdrawal period and acknowledge that I lose my right of withdrawal once the digital content has been made available.<\/li>\n<li>Please make sure that the email containing your data is not included in spam. This often happens:)<\/li>\n<li>If you pay by regular transfer, please keep in mind that the placed payments may take up to 3 business days (depending on the operation of your bank).<\/li>\n<li>After payment, you will receive an email from us with a link to <strong>Course Panel<\/strong><\/li>\n<\/ul>\n<p><img fetchpriority=\"high\" decoding=\"async\" class=\"alignleft wp-image-15473 size-full\" src=\"https:\/\/jogapiekna.com\/wp-content\/uploads\/2022\/06\/potwierdzenie-zamowienia-kurs-online.jpg\" alt=\"joga twarzy kurs\" width=\"612\" height=\"412\" \/><\/p>","protected":false},"excerpt":{"rendered":"<p>The skin around the eyes is the first to show signs of aging.<br \/>\nCrow&#039;s feet, visible dark circles under the eyes and puffiness, drooping upper eyelids. Do you notice these changes in yourself?<\/p>\n<p>In the online course <strong>Beautiful eyes with Beauty yoga<\/strong> you will learn how to take care of this sensitive area. You will learn how to perform yoga exercises for the face and eyes around the eyes on your own. Bonus E-book: Recipes for natural eye masks will allow you to nourish and moisturize your skin using ingredients that are available in your kitchen.<\/p>\n<p><strong>IMPORTANT INFORMATION<\/strong><br \/>\n<strong>After payment, you will receive an email from us with a link to the course panel in a message called order confirmation.<\/strong><\/p>","protected":false},"featured_media":122095,"comment_status":"closed","ping_status":"closed","template":"","meta":{"_acf_changed":false,"site-sidebar-layout":"default","site-content-layout":"","ast-site-content-layout":"default","site-content-style":"default","site-sidebar-style":"default","ast-global-header-display":"","ast-banner-title-visibility":"","ast-main-header-display":"","ast-hfb-above-header-display":"","ast-hfb-below-header-display":"","ast-hfb-mobile-header-display":"","site-post-title":"","ast-breadcrumbs-content":"","ast-featured-img":"","footer-sml-layout":"","ast-disable-related-posts":"","theme-transparent-header-meta":"","adv-header-id-meta":"","stick-header-meta":"","header-above-stick-meta":"","header-main-stick-meta":"","header-below-stick-meta":"","astra-migrate-meta-layouts":"default","ast-page-background-enabled":"default","ast-page-background-meta":{"desktop":{"background-color":"var(--ast-global-color-5)","background-image":"","background-repeat":"repeat","background-position":"center center","background-size":"auto","background-attachment":"scroll","background-type":"","background-media":"","overlay-type":"","overlay-color":"","overlay-opacity":"","overlay-gradient":""},"tablet":{"background-color":"","background-image":"","background-repeat":"repeat","background-position":"center center","background-size":"auto","background-attachment":"scroll","background-type":"","background-media":"","overlay-type":"","overlay-color":"","overlay-opacity":"","overlay-gradient":""},"mobile":{"background-color":"","background-image":"","background-repeat":"repeat","background-position":"center center","background-size":"auto","background-attachment":"scroll","background-type":"","background-media":"","overlay-type":"","overlay-color":"","overlay-opacity":"","overlay-gradient":""}},"ast-content-background-meta":{"desktop":{"background-color":"var(--ast-global-color-4)","background-image":"","background-repeat":"repeat","background-position":"center center","background-size":"auto","background-attachment":"scroll","background-type":"","background-media":"","overlay-type":"","overlay-color":"","overlay-opacity":"","overlay-gradient":""},"tablet":{"background-color":"var(--ast-global-color-4)","background-image":"","background-repeat":"repeat","background-position":"center center","background-size":"auto","background-attachment":"scroll","background-type":"","background-media":"","overlay-type":"","overlay-color":"","overlay-opacity":"","overlay-gradient":""},"mobile":{"background-color":"var(--ast-global-color-4)","background-image":"","background-repeat":"repeat","background-position":"center center","background-size":"auto","background-attachment":"scroll","background-type":"","background-media":"","overlay-type":"","overlay-color":"","overlay-opacity":"","overlay-gradient":""}}},"product_brand":[],"product_cat":[203],"product_tag":[41,509,692],"class_list":{"0":"post-122091","1":"product","2":"type-product","3":"status-publish","4":"has-post-thumbnail","6":"product_cat-kursy-online","7":"product_tag-joga-twarzy","8":"product_tag-kursy-i-warsztaty","9":"product_tag-piekne-oczy","10":"desktop-align-left","11":"tablet-align-left","12":"mobile-align-left","14":"first","15":"instock","16":"downloadable","17":"virtual","18":"taxable","19":"purchasable","20":"product-type-simple"},"acf":[],"yoast_head":"<!-- This site is optimized with the Yoast SEO plugin v27.2 - https:\/\/yoast.com\/product\/yoast-seo-wordpress\/ -->\n<title>Kurs online PI\u0118KNE OCZY z Jog\u0105 Pi\u0119kna<\/title>\n<meta name=\"description\" content=\"W kursie online PI\u0118KNE OCZY z Jog\u0105 Pi\u0119kna dowiesz si\u0119, jak zatroszczy\u0107 si\u0119 o t\u0119 delikatn\u0105 stref\u0119 wok\u00f3\u0142 oczu.\" \/>\n<meta name=\"robots\" content=\"index, follow, max-snippet:-1, max-image-preview:large, max-video-preview:-1\" \/>\n<link rel=\"canonical\" href=\"https:\/\/jogapiekna.com\/en\/product\/piekne-oczy-z-joga-piekna_kurs-online\/\" \/>\n<meta property=\"og:locale\" content=\"en_GB\" \/>\n<meta property=\"og:type\" content=\"article\" \/>\n<meta property=\"og:title\" content=\"Kurs online PI\u0118KNE OCZY z Jog\u0105 Pi\u0119kna\" \/>\n<meta property=\"og:description\" content=\"W kursie online PI\u0118KNE OCZY z Jog\u0105 Pi\u0119kna dowiesz si\u0119, jak zatroszczy\u0107 si\u0119 o t\u0119 delikatn\u0105 stref\u0119 wok\u00f3\u0142 oczu.\" \/>\n<meta property=\"og:url\" content=\"https:\/\/jogapiekna.com\/en\/product\/piekne-oczy-z-joga-piekna_kurs-online\/\" \/>\n<meta property=\"og:site_name\" content=\"JOGA PI\u0118KNA | Joga Twarzy\" \/>\n<meta property=\"article:publisher\" content=\"https:\/\/www.facebook.com\/JogaPieknaCom\/\" \/>\n<meta property=\"article:modified_time\" content=\"2026-03-09T09:04:13+00:00\" \/>\n<meta property=\"og:image\" content=\"https:\/\/jogapiekna.com\/wp-content\/uploads\/2023\/04\/piekne-oczy-z-joga-piekna-kurs-online-martakucinska.jpg\" \/>\n\t<meta property=\"og:image:width\" content=\"1000\" \/>\n\t<meta property=\"og:image:height\" content=\"1000\" \/>\n\t<meta property=\"og:image:type\" content=\"image\/jpeg\" \/>\n<meta name=\"twitter:card\" content=\"summary_large_image\" \/>\n<meta name=\"twitter:label1\" content=\"Estimated reading time\" \/>\n\t<meta name=\"twitter:data1\" content=\"4 minutes\" \/>\n<script type=\"application\/ld+json\" class=\"yoast-schema-graph\">{\"@context\":\"https:\/\/schema.org\",\"@graph\":[{\"@type\":\"WebPage\",\"@id\":\"https:\/\/jogapiekna.com\/produkt\/piekne-oczy-z-joga-piekna_kurs-online\/\",\"url\":\"https:\/\/jogapiekna.com\/produkt\/piekne-oczy-z-joga-piekna_kurs-online\/\",\"name\":\"Kurs online PI\u0118KNE OCZY z Jog\u0105 Pi\u0119kna\",\"isPartOf\":{\"@id\":\"https:\/\/jogapiekna.com\/#website\"},\"primaryImageOfPage\":{\"@id\":\"https:\/\/jogapiekna.com\/produkt\/piekne-oczy-z-joga-piekna_kurs-online\/#primaryimage\"},\"image\":{\"@id\":\"https:\/\/jogapiekna.com\/produkt\/piekne-oczy-z-joga-piekna_kurs-online\/#primaryimage\"},\"thumbnailUrl\":\"https:\/\/jogapiekna.com\/wp-content\/uploads\/2023\/04\/piekne-oczy-z-joga-piekna-kurs-online-martakucinska.jpg\",\"datePublished\":\"2023-04-23T21:32:15+00:00\",\"dateModified\":\"2026-03-09T09:04:13+00:00\",\"description\":\"W kursie online PI\u0118KNE OCZY z Jog\u0105 Pi\u0119kna dowiesz si\u0119, jak zatroszczy\u0107 si\u0119 o t\u0119 delikatn\u0105 stref\u0119 wok\u00f3\u0142 oczu.\",\"breadcrumb\":{\"@id\":\"https:\/\/jogapiekna.com\/produkt\/piekne-oczy-z-joga-piekna_kurs-online\/#breadcrumb\"},\"inLanguage\":\"en-GB\",\"potentialAction\":[{\"@type\":\"ReadAction\",\"target\":[\"https:\/\/jogapiekna.com\/produkt\/piekne-oczy-z-joga-piekna_kurs-online\/\"]}]},{\"@type\":\"ImageObject\",\"inLanguage\":\"en-GB\",\"@id\":\"https:\/\/jogapiekna.com\/produkt\/piekne-oczy-z-joga-piekna_kurs-online\/#primaryimage\",\"url\":\"https:\/\/jogapiekna.com\/wp-content\/uploads\/2023\/04\/piekne-oczy-z-joga-piekna-kurs-online-martakucinska.jpg\",\"contentUrl\":\"https:\/\/jogapiekna.com\/wp-content\/uploads\/2023\/04\/piekne-oczy-z-joga-piekna-kurs-online-martakucinska.jpg\",\"width\":1000,\"height\":1000,\"caption\":\"PI\u0118KNE OCZY z Jog\u0105 Pi\u0119kna \u2013 kurs online\"},{\"@type\":\"BreadcrumbList\",\"@id\":\"https:\/\/jogapiekna.com\/produkt\/piekne-oczy-z-joga-piekna_kurs-online\/#breadcrumb\",\"itemListElement\":[{\"@type\":\"ListItem\",\"position\":1,\"name\":\"Strona g\u0142\u00f3wna\",\"item\":\"https:\/\/jogapiekna.com\/\"},{\"@type\":\"ListItem\",\"position\":2,\"name\":\"Sklep\",\"item\":\"https:\/\/jogapiekna.com\/sklep\/\"},{\"@type\":\"ListItem\",\"position\":3,\"name\":\"PI\u0118KNE OCZY z Jog\u0105 Pi\u0119kna \u2013 kurs online\"}]},{\"@type\":\"WebSite\",\"@id\":\"https:\/\/jogapiekna.com\/#website\",\"url\":\"https:\/\/jogapiekna.com\/\",\"name\":\"Joga Pi\u0119kna Marta Kuci\u0144ska\",\"description\":\"Joga Pi\u0119kna pomaga kobietom zachowa\u0107 urod\u0119, cofn\u0105\u0107 oznaki up\u0142ywaj\u0105cego czasu i zm\u0119czenia, odzyska\u0107 promienny wygl\u0105d, naturalny u\u015bmiech i popraw\u0119 w\u0142asnej samooceny.\",\"publisher\":{\"@id\":\"https:\/\/jogapiekna.com\/#organization\"},\"potentialAction\":[{\"@type\":\"SearchAction\",\"target\":{\"@type\":\"EntryPoint\",\"urlTemplate\":\"https:\/\/jogapiekna.com\/?s={search_term_string}\"},\"query-input\":{\"@type\":\"PropertyValueSpecification\",\"valueRequired\":true,\"valueName\":\"search_term_string\"}}],\"inLanguage\":\"en-GB\"},{\"@type\":\"Organization\",\"@id\":\"https:\/\/jogapiekna.com\/#organization\",\"name\":\"Joga Pi\u0119kna Marta Kuci\u0144ska\",\"url\":\"https:\/\/jogapiekna.com\/\",\"logo\":{\"@type\":\"ImageObject\",\"inLanguage\":\"en-GB\",\"@id\":\"https:\/\/jogapiekna.com\/#\/schema\/logo\/image\/\",\"url\":\"https:\/\/jogapiekna.com\/wp-content\/uploads\/2022\/09\/joga-piekna-logo_Rka.png\",\"contentUrl\":\"https:\/\/jogapiekna.com\/wp-content\/uploads\/2022\/09\/joga-piekna-logo_Rka.png\",\"width\":231,\"height\":124,\"caption\":\"Joga Pi\u0119kna Marta Kuci\u0144ska\"},\"image\":{\"@id\":\"https:\/\/jogapiekna.com\/#\/schema\/logo\/image\/\"},\"sameAs\":[\"https:\/\/www.facebook.com\/JogaPieknaCom\/\",\"https:\/\/www.instagram.com\/jogapieknacom\/\"]}]}<\/script>\n<!-- \/ Yoast SEO plugin. -->","yoast_head_json":{"title":"Online course beautiful eyes with beauty yoga","description":"W kursie online PI\u0118KNE OCZY z Jog\u0105 Pi\u0119kna dowiesz si\u0119, jak zatroszczy\u0107 si\u0119 o t\u0119 delikatn\u0105 stref\u0119 wok\u00f3\u0142 oczu.","robots":{"index":"index","follow":"follow","max-snippet":"max-snippet:-1","max-image-preview":"max-image-preview:large","max-video-preview":"max-video-preview:-1"},"canonical":"https:\/\/jogapiekna.com\/en\/product\/piekne-oczy-z-joga-piekna_kurs-online\/","og_locale":"en_GB","og_type":"article","og_title":"Kurs online PI\u0118KNE OCZY z Jog\u0105 Pi\u0119kna","og_description":"W kursie online PI\u0118KNE OCZY z Jog\u0105 Pi\u0119kna dowiesz si\u0119, jak zatroszczy\u0107 si\u0119 o t\u0119 delikatn\u0105 stref\u0119 wok\u00f3\u0142 oczu.","og_url":"https:\/\/jogapiekna.com\/en\/product\/piekne-oczy-z-joga-piekna_kurs-online\/","og_site_name":"JOGA PI\u0118KNA | Joga Twarzy","article_publisher":"https:\/\/www.facebook.com\/JogaPieknaCom\/","article_modified_time":"2026-03-09T09:04:13+00:00","og_image":[{"width":1000,"height":1000,"url":"https:\/\/jogapiekna.com\/wp-content\/uploads\/2023\/04\/piekne-oczy-z-joga-piekna-kurs-online-martakucinska.jpg","type":"image\/jpeg"}],"twitter_card":"summary_large_image","twitter_misc":{"Estimated reading time":"4 minutes"},"schema":{"@context":"https:\/\/schema.org","@graph":[{"@type":"WebPage","@id":"https:\/\/jogapiekna.com\/produkt\/piekne-oczy-z-joga-piekna_kurs-online\/","url":"https:\/\/jogapiekna.com\/produkt\/piekne-oczy-z-joga-piekna_kurs-online\/","name":"Online course beautiful eyes with beauty yoga","isPartOf":{"@id":"https:\/\/jogapiekna.com\/#website"},"primaryImageOfPage":{"@id":"https:\/\/jogapiekna.com\/produkt\/piekne-oczy-z-joga-piekna_kurs-online\/#primaryimage"},"image":{"@id":"https:\/\/jogapiekna.com\/produkt\/piekne-oczy-z-joga-piekna_kurs-online\/#primaryimage"},"thumbnailUrl":"https:\/\/jogapiekna.com\/wp-content\/uploads\/2023\/04\/piekne-oczy-z-joga-piekna-kurs-online-martakucinska.jpg","datePublished":"2023-04-23T21:32:15+00:00","dateModified":"2026-03-09T09:04:13+00:00","description":"W kursie online PI\u0118KNE OCZY z Jog\u0105 Pi\u0119kna dowiesz si\u0119, jak zatroszczy\u0107 si\u0119 o t\u0119 delikatn\u0105 stref\u0119 wok\u00f3\u0142 oczu.","breadcrumb":{"@id":"https:\/\/jogapiekna.com\/produkt\/piekne-oczy-z-joga-piekna_kurs-online\/#breadcrumb"},"inLanguage":"en-GB","potentialAction":[{"@type":"ReadAction","target":["https:\/\/jogapiekna.com\/produkt\/piekne-oczy-z-joga-piekna_kurs-online\/"]}]},{"@type":"ImageObject","inLanguage":"en-GB","@id":"https:\/\/jogapiekna.com\/produkt\/piekne-oczy-z-joga-piekna_kurs-online\/#primaryimage","url":"https:\/\/jogapiekna.com\/wp-content\/uploads\/2023\/04\/piekne-oczy-z-joga-piekna-kurs-online-martakucinska.jpg","contentUrl":"https:\/\/jogapiekna.com\/wp-content\/uploads\/2023\/04\/piekne-oczy-z-joga-piekna-kurs-online-martakucinska.jpg","width":1000,"height":1000,"caption":"PI\u0118KNE OCZY z Jog\u0105 Pi\u0119kna \u2013 kurs online"},{"@type":"BreadcrumbList","@id":"https:\/\/jogapiekna.com\/produkt\/piekne-oczy-z-joga-piekna_kurs-online\/#breadcrumb","itemListElement":[{"@type":"ListItem","position":1,"name":"Strona g\u0142\u00f3wna","item":"https:\/\/jogapiekna.com\/"},{"@type":"ListItem","position":2,"name":"Sklep","item":"https:\/\/jogapiekna.com\/sklep\/"},{"@type":"ListItem","position":3,"name":"PI\u0118KNE OCZY z Jog\u0105 Pi\u0119kna \u2013 kurs online"}]},{"@type":"WebSite","@id":"https:\/\/jogapiekna.com\/#website","url":"https:\/\/jogapiekna.com\/","name":"Yoga Beauty Marta Kuci\u0144ska","description":"Beauty Yoga helps women to maintain their beauty, reverse the signs of passing time and fatigue, regain a radiant appearance, natural smile and improve their self-esteem.","publisher":{"@id":"https:\/\/jogapiekna.com\/#organization"},"potentialAction":[{"@type":"SearchAction","target":{"@type":"EntryPoint","urlTemplate":"https:\/\/jogapiekna.com\/?s={search_term_string}"},"query-input":{"@type":"PropertyValueSpecification","valueRequired":true,"valueName":"search_term_string"}}],"inLanguage":"en-GB"},{"@type":"Organization","@id":"https:\/\/jogapiekna.com\/#organization","name":"Yoga Beauty Marta Kuci\u0144ska","url":"https:\/\/jogapiekna.com\/","logo":{"@type":"ImageObject","inLanguage":"en-GB","@id":"https:\/\/jogapiekna.com\/#\/schema\/logo\/image\/","url":"https:\/\/jogapiekna.com\/wp-content\/uploads\/2022\/09\/joga-piekna-logo_Rka.png","contentUrl":"https:\/\/jogapiekna.com\/wp-content\/uploads\/2022\/09\/joga-piekna-logo_Rka.png","width":231,"height":124,"caption":"Joga Pi\u0119kna Marta Kuci\u0144ska"},"image":{"@id":"https:\/\/jogapiekna.com\/#\/schema\/logo\/image\/"},"sameAs":["https:\/\/www.facebook.com\/JogaPieknaCom\/","https:\/\/www.instagram.com\/jogapieknacom\/"]}]}},"_links":{"self":[{"href":"https:\/\/jogapiekna.com\/en\/wp-json\/wp\/v2\/product\/122091","targetHints":{"allow":["GET"]}}],"collection":[{"href":"https:\/\/jogapiekna.com\/en\/wp-json\/wp\/v2\/product"}],"about":[{"href":"https:\/\/jogapiekna.com\/en\/wp-json\/wp\/v2\/types\/product"}],"replies":[{"embeddable":true,"href":"https:\/\/jogapiekna.com\/en\/wp-json\/wp\/v2\/comments?post=122091"}],"version-history":[{"count":2,"href":"https:\/\/jogapiekna.com\/en\/wp-json\/wp\/v2\/product\/122091\/revisions"}],"predecessor-version":[{"id":210794,"href":"https:\/\/jogapiekna.com\/en\/wp-json\/wp\/v2\/product\/122091\/revisions\/210794"}],"wp:featuredmedia":[{"embeddable":true,"href":"https:\/\/jogapiekna.com\/en\/wp-json\/wp\/v2\/media\/122095"}],"wp:attachment":[{"href":"https:\/\/jogapiekna.com\/en\/wp-json\/wp\/v2\/media?parent=122091"}],"wp:term":[{"taxonomy":"product_brand","embeddable":true,"href":"https:\/\/jogapiekna.com\/en\/wp-json\/wp\/v2\/product_brand?post=122091"},{"taxonomy":"product_cat","embeddable":true,"href":"https:\/\/jogapiekna.com\/en\/wp-json\/wp\/v2\/product_cat?post=122091"},{"taxonomy":"product_tag","embeddable":true,"href":"https:\/\/jogapiekna.com\/en\/wp-json\/wp\/v2\/product_tag?post=122091"}],"curies":[{"name":"wp","href":"https:\/\/api.w.org\/{rel}","templated":true}]}}