{"id":122550,"date":"2023-04-26T20:09:52","date_gmt":"2023-04-26T18:09:52","guid":{"rendered":"https:\/\/jogapiekna.com\/?post_type=product&#038;p=122550"},"modified":"2026-04-08T12:12:15","modified_gmt":"2026-04-08T10:12:15","slug":"mini-natural-poduszka-antyzmarszczkowa-poszewka-algi-i-bambus","status":"publish","type":"product","link":"https:\/\/jogapiekna.com\/en\/product\/mini-natural-poduszka-antyzmarszczkowa-poszewka-algi-i-bambus\/","title":{"rendered":"MINI NATURAL * jasiek anti-wrinkle pillow with seaweed and bamboo pillowcase"},"content":{"rendered":"<h2>Natural pillow <em>Bye Bye Wrinkles <\/em>MINI NATURAL bamboo coated with seaweed<\/h2>\n<p>Natural pillow <em>Bye Bye Wrinkles<\/em> MINI NATURAL Beauty Yoga with buckwheat filling and a pillowcase made of bamboo and seaweed will take care not only of your comfort during sleep, but also of the condition of your skin. Seaweed is rich in nutrients and antioxidants. They improve the elasticity of the skin and support its regeneration. In addition, they have an antibacterial effect.<\/p>\n<p>The special design of the butterfly pillow ensures that the skin does not wrinkle or bend at night. This way, you will avoid the problem of sleep wrinkles, and your skin will stay smooth and supple longer (without deep wrinkles and furrows).<\/p>\n<p><strong>Do you like sleeping on your side? Remember that every night, lines of wrinkles are fixed on your face, which are very difficult to reduce and smooth out. <\/strong><\/p>\n<p>Where do they appear <strong>sleep wrinkles<\/strong>? Most often in the delicate eye area, on the temples, between the eyebrows (lion&#039;s wrinkle), on the chin and cheeks. If you want to avoid them \u2014 try sleeping on your back or choose a pillow with cut-out wings. This shape allows you to reduce the contact of delicate facial tissues with bed linen, and also provides a comfortable support for the forehead and jaw.<\/p>\n<p><img fetchpriority=\"high\" decoding=\"async\" class=\"img-responsive\" src=\"https:\/\/jogapiekna.com\/wp-content\/uploads\/2021\/04\/poduszka-zwykla-poduszka-bbw-porownanie.jpg\" alt=\"Dlaczego warto wybra\u0107 poduszk\u0119 przeciwzmarszczkow\u0105 Bye Bye Wrinkles?\" width=\"800\" height=\"273\" \/><\/p>\n<p>&nbsp;<\/p>\n<h2>Why choose an Anti-wrinkle Pillow <em>Bye Bye Wrinkles<\/em>?<\/h2>\n<p><strong>Manufacturing accuracy <\/strong><br \/>\nMore than 17 years of experience in a clothing company have taught me that quality is the most important thing. Already at the design stage, a large number of so-called testing and peeling prototypes were created. Later, it was time to test the pillow before it went on sale. Every detail counts.<\/p>\n<p><strong>Poland production <\/strong><br \/>\nPillows are made in Polish sewing workshops, so we support the domestic business.<\/p>\n<p><strong>Pillow design is patented<\/strong><br \/>\nThe final look of the pillow was created on the basis of many tests, tests so that it not only protects the face from sleepy wrinkles, but also serves as a support for the cervical region.<\/p>\n<p>&nbsp;<\/p>\n<h2>Mini Anti-wrinkle Pillow-what size is it?<\/h2>\n<p>Small pillow <em>Bye Bye Wrinkles<\/em> MINI NATURAL is an offer for people who do not want to part with their favorite pillow of standard sizes. It has the shape of a &#034;pillow&#034; or &#034;mini-jasper&#034;, which is placed under the face on a regular pillow.<\/p>\n<p>Mini Anti-wrinkle pillow is an offer for you if:<\/p>\n<ul>\n<li>you travel a lot, fly by plane and sleep in a hotel<\/li>\n<li>do you want to combine a large standard pillow with a smaller one that takes care of your skin<\/li>\n<li>it happens that you fall asleep in the children&#039;s room or living room<\/li>\n<li>you like to have an extra Yashka\u201d on hand &#034; \u2014 one pillow is clearly not enough for you<\/li>\n<\/ul>\n<p><strong>Do you want to know which pillow to choose? Take a look at the tutorial video I&#039;ve prepared:<a href=\"https:\/\/www.youtube.com\/watch?v=TnspmD1CNOQ\" target=\"_blank\" rel=\"noopener\"> Bye Bye Wrinkles Classic Natural vs Mini Anti-wrinkle Pillow<\/a> <\/strong><\/p>\n<p><iframe title=\"YouTube video player\" src=\"https:\/\/www.youtube.com\/embed\/TnspmD1CNOQ?si=oziZLzjR0rcQeizF\" width=\"800\" height=\"450\" frameborder=\"0\" allowfullscreen=\"allowfullscreen\"><\/iframe><\/p>\n<p>&nbsp;<\/p>\n<h2>Mini Anti-wrinkle Pillow-size<\/h2>\n<p><img decoding=\"async\" class=\"img-responsive\" src=\"https:\/\/jogapiekna.com\/wp-content\/uploads\/2021\/04\/poduszka-jasiek-rozmiar.jpg\" alt=\"Poduszka jasiek \u2013 rozmiar\" width=\"800\" height=\"647\" \/><\/p>\n<p><strong>Width of upper wings:<\/strong> 38 cm<br \/>\n<strong>Width of lower wings:<\/strong> 30 cm<br \/>\n<strong>Height:<\/strong> 25 cm<\/p>\n<ul>\n<li>The pillow has the ability to adjust the thickness independently. This is a convenient solution for those who like to sleep on flat pillows. It closes with a zipper, so you can subtract or add the filling yourself.<\/li>\n<li>The size of the pillow is measured flat and can change under the influence of filling.<\/li>\n<\/ul>\n<p>&nbsp;<\/p>\n<h2>Natural pillow with buckwheat filling<\/h2>\n<p>Pillow <em>Bye Bye Wrinkles<\/em> MINI NATURAL is a version for supporters of using the benefits of nature. It&#039;s full <strong>peeled buckwheat husk<\/strong>which provide a number of advantages.<\/p>\n<ul>\n<li><strong>Buckwheat has natural thermoregulatory properties<\/strong>which means that the pillow maintains the correct temperature. It doesn&#039;t heat up too much, preventing sweating. It is cooler on warmer days and warmer on colder nights, which contributes to a comfortable sleep.<\/li>\n<li>Buckwheat filling has a porous structure that <strong>provides good air circulation<\/strong>. This allows you to effectively absorb moisture and regulate the humidity of the pillow, which helps keep the surface dry and fresh.<\/li>\n<li>The buckwheat husk filling is freely crumbled inside the lid. It adapts to the shape and contours of your body, so that your neck and head will have <strong>adequate support<\/strong>.<\/li>\n<li>Pillow with buckwheat filling MINI NATURAL <strong>this can help you reduce muscle tone and stress<\/strong>. Its flexibility and natural properties will allow you to relax the neck and shoulder muscles, which brings relief, especially if you work in a sitting position, suffer from headaches, migraines or muscle rigidity.<\/li>\n<li><strong>Buckwheat-HYPOALLERGENIC MATERIAL<\/strong>which means that it rarely causes allergic reactions. Thus, buckwheat pillows are suitable for people suffering from allergies, asthma or other respiratory diseases.<\/li>\n<li>Buckwheat husk, thanks to its natural tannin content, inhibits the growth of bacteria and mites.<\/li>\n<\/ul>\n<p>&nbsp;<\/p>\n<h2>Bamboo and seaweed pillowcase \u2014 what are the benefits?<\/h2>\n<ul>\n<li>The shell is made of bamboo fibers with the addition of algae. It&#039;s a natural plant fiber, which means it&#039;s skin-friendly.<\/li>\n<li>Bamboo has <strong>natural hypoallergenic properties<\/strong>this means that it is less susceptible to collecting dust, mites, and allergens that can cause allergic reactions in sensitive people.<\/li>\n<li>Fabric used <strong>it has properties that promote skin care<\/strong>. Soothes minor irritations, accelerates the healing of wounds and scratches.<\/li>\n<li>Pillowcase <strong>it has an anti-allergic effect<\/strong> and antibacterial (supports acne treatment).<\/li>\n<li>Bamboo is a plant that grows quickly and requires less water and pesticides compared to other plants grown for fiber. Therefore <strong>bamboo pillowcases are more eco-friendly<\/strong> than from other materials.<\/li>\n<li>Seaweed contains natural moisturizers, such as hyaluronic acid, which help maintain adequate levels of hydration in the skin.<\/li>\n<\/ul>\n<p>&nbsp;<\/p>\n<h2>Natural Anti-wrinkle Pillow-Care and Maintenance<\/h2>\n<p>Pillowcase in<strong>it is equipped with a zipper closure<\/strong>, with which you can easily pour the buckwheat husk filling into a container or glass dish. Then you can wash the coating according to the instructions on the label.<\/p>\n<p>Attention! Buckwheat husks are not cleaned in the standard way. Only periodic ventilation is recommended, which significantly prolongs their health.<\/p>\n<p>&nbsp;<\/p>\n<h3>Additional information<\/h3>\n<p>The pillow is a hygienic product and is non-refundable.<\/p>","protected":false},"excerpt":{"rendered":"<p>Natural Anti-wrinkle Pillow <em>Bye Bye Wrinkles<\/em> With a bamboo pillowcase infused with seaweed, it has soothing and soothing properties for the skin. The travel mini size allows you to use the pillow as a nursery or when traveling.<\/p>\n<ul>\n<li>reduces sleep wrinkles and prevents their appearance<\/li>\n<li>the butterfly shape ensures good support of the cervical region<\/li>\n<li>it takes care of the calm and comfortable (sleep also on the go)<\/li>\n<li>reduces puffiness on the face<\/li>\n<li>it has skin-nourishing and regenerating properties (thanks to algae)<\/li>\n<\/ul>","protected":false},"featured_media":202122,"comment_status":"closed","ping_status":"closed","template":"","meta":{"_acf_changed":false,"site-sidebar-layout":"default","site-content-layout":"","ast-site-content-layout":"default","site-content-style":"default","site-sidebar-style":"default","ast-global-header-display":"","ast-banner-title-visibility":"","ast-main-header-display":"","ast-hfb-above-header-display":"","ast-hfb-below-header-display":"","ast-hfb-mobile-header-display":"","site-post-title":"","ast-breadcrumbs-content":"","ast-featured-img":"","footer-sml-layout":"","ast-disable-related-posts":"","theme-transparent-header-meta":"default","adv-header-id-meta":"","stick-header-meta":"","header-above-stick-meta":"","header-main-stick-meta":"","header-below-stick-meta":"","astra-migrate-meta-layouts":"set","ast-page-background-enabled":"default","ast-page-background-meta":{"desktop":{"background-color":"var(--ast-global-color-5)","background-image":"","background-repeat":"repeat","background-position":"center center","background-size":"auto","background-attachment":"scroll","background-type":"","background-media":"","overlay-type":"","overlay-color":"","overlay-opacity":"","overlay-gradient":""},"tablet":{"background-color":"","background-image":"","background-repeat":"repeat","background-position":"center center","background-size":"auto","background-attachment":"scroll","background-type":"","background-media":"","overlay-type":"","overlay-color":"","overlay-opacity":"","overlay-gradient":""},"mobile":{"background-color":"","background-image":"","background-repeat":"repeat","background-position":"center center","background-size":"auto","background-attachment":"scroll","background-type":"","background-media":"","overlay-type":"","overlay-color":"","overlay-opacity":"","overlay-gradient":""}},"ast-content-background-meta":{"desktop":{"background-color":"var(--ast-global-color-4)","background-image":"","background-repeat":"repeat","background-position":"center center","background-size":"auto","background-attachment":"scroll","background-type":"","background-media":"","overlay-type":"","overlay-color":"","overlay-opacity":"","overlay-gradient":""},"tablet":{"background-color":"var(--ast-global-color-4)","background-image":"","background-repeat":"repeat","background-position":"center center","background-size":"auto","background-attachment":"scroll","background-type":"","background-media":"","overlay-type":"","overlay-color":"","overlay-opacity":"","overlay-gradient":""},"mobile":{"background-color":"var(--ast-global-color-4)","background-image":"","background-repeat":"repeat","background-position":"center center","background-size":"auto","background-attachment":"scroll","background-type":"","background-media":"","overlay-type":"","overlay-color":"","overlay-opacity":"","overlay-gradient":""}}},"product_brand":[],"product_cat":[297,943,112],"product_tag":[174,262,256,255,173,264,263],"class_list":{"0":"post-122550","1":"product","2":"type-product","3":"status-publish","4":"has-post-thumbnail","6":"product_cat-mini-poduszki-antyzmarszczkowe","7":"product_cat-poduszka-antyzmarszczkowa-mini-natural-jasiek-z-poszewka-algi-i-bambus","8":"product_cat-poduszki-antyzmarszczkowe","9":"product_tag-byebyewrinkles","10":"product_tag-likwidowanie-zmarszczek","11":"product_tag-pielegnacja-skory","12":"product_tag-pielegnacja-twarzy","13":"product_tag-poduszka-antyzmarszczkowa","14":"product_tag-zapobieganie-zmarszczkom","15":"product_tag-zdrowy-sen","16":"desktop-align-left","17":"tablet-align-left","18":"mobile-align-left","20":"first","21":"instock","22":"taxable","23":"shipping-taxable","24":"purchasable","25":"product-type-variable"},"acf":[],"yoast_head":"<!-- This site is optimized with the Yoast SEO plugin v27.2 - https:\/\/yoast.com\/product\/yoast-seo-wordpress\/ -->\n<title>Naturalna poduszka antyzmarszczkowa algi bambus | rozmiar podr\u00f3\u017cny<\/title>\n<meta name=\"description\" content=\"Naturalna poduszka z alg i bambusa minimalizuje powstawanie zmarszczek sennych. Zabierz j\u0105 w podr\u00f3\u017c lub u\u017cywaj jako ja\u015bka. Zam\u00f3w online!\" \/>\n<meta name=\"robots\" content=\"index, follow, max-snippet:-1, max-image-preview:large, max-video-preview:-1\" \/>\n<link rel=\"canonical\" href=\"https:\/\/jogapiekna.com\/en\/product\/mini-natural-poduszka-antyzmarszczkowa-poszewka-algi-i-bambus\/\" \/>\n<meta property=\"og:locale\" content=\"en_GB\" \/>\n<meta property=\"og:type\" content=\"article\" \/>\n<meta property=\"og:title\" content=\"Naturalna poduszka antyzmarszczkowa algi bambus | rozmiar podr\u00f3\u017cny\" \/>\n<meta property=\"og:description\" content=\"Naturalna poduszka z alg i bambusa minimalizuje powstawanie zmarszczek sennych. Zabierz j\u0105 w podr\u00f3\u017c lub u\u017cywaj jako ja\u015bka. Zam\u00f3w online!\" \/>\n<meta property=\"og:url\" content=\"https:\/\/jogapiekna.com\/en\/product\/mini-natural-poduszka-antyzmarszczkowa-poszewka-algi-i-bambus\/\" \/>\n<meta property=\"og:site_name\" content=\"JOGA PI\u0118KNA | Joga Twarzy\" \/>\n<meta property=\"article:publisher\" content=\"https:\/\/www.facebook.com\/JogaPieknaCom\/\" \/>\n<meta property=\"article:modified_time\" content=\"2026-04-08T10:12:15+00:00\" \/>\n<meta property=\"og:image\" content=\"https:\/\/jogapiekna.com\/wp-content\/uploads\/2023\/04\/Poduszka-antyzmarszczkowa-MINI-NATURAL-wypelnienie-kulki-algi-bambus-kolory_2025.jpg\" \/>\n\t<meta property=\"og:image:width\" content=\"1000\" \/>\n\t<meta property=\"og:image:height\" content=\"1000\" \/>\n\t<meta property=\"og:image:type\" content=\"image\/jpeg\" \/>\n<meta name=\"twitter:card\" content=\"summary_large_image\" \/>\n<meta name=\"twitter:label1\" content=\"Estimated reading time\" \/>\n\t<meta name=\"twitter:data1\" content=\"6 minutes\" \/>\n<script type=\"application\/ld+json\" class=\"yoast-schema-graph\">{\"@context\":\"https:\/\/schema.org\",\"@graph\":[{\"@type\":\"WebPage\",\"@id\":\"https:\/\/jogapiekna.com\/produkt\/mini-natural-poduszka-antyzmarszczkowa-poszewka-algi-i-bambus\/\",\"url\":\"https:\/\/jogapiekna.com\/produkt\/mini-natural-poduszka-antyzmarszczkowa-poszewka-algi-i-bambus\/\",\"name\":\"Naturalna poduszka antyzmarszczkowa algi bambus | rozmiar podr\u00f3\u017cny\",\"isPartOf\":{\"@id\":\"https:\/\/jogapiekna.com\/#website\"},\"primaryImageOfPage\":{\"@id\":\"https:\/\/jogapiekna.com\/produkt\/mini-natural-poduszka-antyzmarszczkowa-poszewka-algi-i-bambus\/#primaryimage\"},\"image\":{\"@id\":\"https:\/\/jogapiekna.com\/produkt\/mini-natural-poduszka-antyzmarszczkowa-poszewka-algi-i-bambus\/#primaryimage\"},\"thumbnailUrl\":\"https:\/\/jogapiekna.com\/wp-content\/uploads\/2023\/04\/Poduszka-antyzmarszczkowa-MINI-NATURAL-wypelnienie-kulki-algi-bambus-kolory_2025.jpg\",\"datePublished\":\"2023-04-26T18:09:52+00:00\",\"dateModified\":\"2026-04-08T10:12:15+00:00\",\"description\":\"Naturalna poduszka z alg i bambusa minimalizuje powstawanie zmarszczek sennych. Zabierz j\u0105 w podr\u00f3\u017c lub u\u017cywaj jako ja\u015bka. Zam\u00f3w online!\",\"breadcrumb\":{\"@id\":\"https:\/\/jogapiekna.com\/produkt\/mini-natural-poduszka-antyzmarszczkowa-poszewka-algi-i-bambus\/#breadcrumb\"},\"inLanguage\":\"en-GB\",\"potentialAction\":[{\"@type\":\"ReadAction\",\"target\":[\"https:\/\/jogapiekna.com\/produkt\/mini-natural-poduszka-antyzmarszczkowa-poszewka-algi-i-bambus\/\"]}]},{\"@type\":\"ImageObject\",\"inLanguage\":\"en-GB\",\"@id\":\"https:\/\/jogapiekna.com\/produkt\/mini-natural-poduszka-antyzmarszczkowa-poszewka-algi-i-bambus\/#primaryimage\",\"url\":\"https:\/\/jogapiekna.com\/wp-content\/uploads\/2023\/04\/Poduszka-antyzmarszczkowa-MINI-NATURAL-wypelnienie-kulki-algi-bambus-kolory_2025.jpg\",\"contentUrl\":\"https:\/\/jogapiekna.com\/wp-content\/uploads\/2023\/04\/Poduszka-antyzmarszczkowa-MINI-NATURAL-wypelnienie-kulki-algi-bambus-kolory_2025.jpg\",\"width\":1000,\"height\":1000,\"caption\":\"MINI NATURAL Poduszka antyzmarszczkowa z poszewk\u0105 bambusow\u0105 z algami\"},{\"@type\":\"BreadcrumbList\",\"@id\":\"https:\/\/jogapiekna.com\/produkt\/mini-natural-poduszka-antyzmarszczkowa-poszewka-algi-i-bambus\/#breadcrumb\",\"itemListElement\":[{\"@type\":\"ListItem\",\"position\":1,\"name\":\"Strona g\u0142\u00f3wna\",\"item\":\"https:\/\/jogapiekna.com\/\"},{\"@type\":\"ListItem\",\"position\":2,\"name\":\"Sklep\",\"item\":\"https:\/\/jogapiekna.com\/sklep\/\"},{\"@type\":\"ListItem\",\"position\":3,\"name\":\"Poduszka antyzmarszczkowa MINI NATURAL \u2022 jasiek z poszewk\u0105 algi i bambus\"}]},{\"@type\":\"WebSite\",\"@id\":\"https:\/\/jogapiekna.com\/#website\",\"url\":\"https:\/\/jogapiekna.com\/\",\"name\":\"Joga Pi\u0119kna Marta Kuci\u0144ska\",\"description\":\"Joga Pi\u0119kna pomaga kobietom zachowa\u0107 urod\u0119, cofn\u0105\u0107 oznaki up\u0142ywaj\u0105cego czasu i zm\u0119czenia, odzyska\u0107 promienny wygl\u0105d, naturalny u\u015bmiech i popraw\u0119 w\u0142asnej samooceny.\",\"publisher\":{\"@id\":\"https:\/\/jogapiekna.com\/#organization\"},\"potentialAction\":[{\"@type\":\"SearchAction\",\"target\":{\"@type\":\"EntryPoint\",\"urlTemplate\":\"https:\/\/jogapiekna.com\/?s={search_term_string}\"},\"query-input\":{\"@type\":\"PropertyValueSpecification\",\"valueRequired\":true,\"valueName\":\"search_term_string\"}}],\"inLanguage\":\"en-GB\"},{\"@type\":\"Organization\",\"@id\":\"https:\/\/jogapiekna.com\/#organization\",\"name\":\"Joga Pi\u0119kna Marta Kuci\u0144ska\",\"url\":\"https:\/\/jogapiekna.com\/\",\"logo\":{\"@type\":\"ImageObject\",\"inLanguage\":\"en-GB\",\"@id\":\"https:\/\/jogapiekna.com\/#\/schema\/logo\/image\/\",\"url\":\"https:\/\/jogapiekna.com\/wp-content\/uploads\/2022\/09\/joga-piekna-logo_Rka.png\",\"contentUrl\":\"https:\/\/jogapiekna.com\/wp-content\/uploads\/2022\/09\/joga-piekna-logo_Rka.png\",\"width\":231,\"height\":124,\"caption\":\"Joga Pi\u0119kna Marta Kuci\u0144ska\"},\"image\":{\"@id\":\"https:\/\/jogapiekna.com\/#\/schema\/logo\/image\/\"},\"sameAs\":[\"https:\/\/www.facebook.com\/JogaPieknaCom\/\",\"https:\/\/www.instagram.com\/jogapieknacom\/\"]}]}<\/script>\n<!-- \/ Yoast SEO plugin. -->","yoast_head_json":{"title":"Naturalna poduszka antyzmarszczkowa algi bambus | rozmiar podr\u00f3\u017cny","description":"Naturalna poduszka z alg i bambusa minimalizuje powstawanie zmarszczek sennych. Zabierz j\u0105 w podr\u00f3\u017c lub u\u017cywaj jako ja\u015bka. Zam\u00f3w online!","robots":{"index":"index","follow":"follow","max-snippet":"max-snippet:-1","max-image-preview":"max-image-preview:large","max-video-preview":"max-video-preview:-1"},"canonical":"https:\/\/jogapiekna.com\/en\/product\/mini-natural-poduszka-antyzmarszczkowa-poszewka-algi-i-bambus\/","og_locale":"en_GB","og_type":"article","og_title":"Naturalna poduszka antyzmarszczkowa algi bambus | rozmiar podr\u00f3\u017cny","og_description":"Naturalna poduszka z alg i bambusa minimalizuje powstawanie zmarszczek sennych. Zabierz j\u0105 w podr\u00f3\u017c lub u\u017cywaj jako ja\u015bka. Zam\u00f3w online!","og_url":"https:\/\/jogapiekna.com\/en\/product\/mini-natural-poduszka-antyzmarszczkowa-poszewka-algi-i-bambus\/","og_site_name":"JOGA PI\u0118KNA | Joga Twarzy","article_publisher":"https:\/\/www.facebook.com\/JogaPieknaCom\/","article_modified_time":"2026-04-08T10:12:15+00:00","og_image":[{"width":1000,"height":1000,"url":"https:\/\/jogapiekna.com\/wp-content\/uploads\/2023\/04\/Poduszka-antyzmarszczkowa-MINI-NATURAL-wypelnienie-kulki-algi-bambus-kolory_2025.jpg","type":"image\/jpeg"}],"twitter_card":"summary_large_image","twitter_misc":{"Estimated reading time":"6 minutes"},"schema":{"@context":"https:\/\/schema.org","@graph":[{"@type":"WebPage","@id":"https:\/\/jogapiekna.com\/produkt\/mini-natural-poduszka-antyzmarszczkowa-poszewka-algi-i-bambus\/","url":"https:\/\/jogapiekna.com\/produkt\/mini-natural-poduszka-antyzmarszczkowa-poszewka-algi-i-bambus\/","name":"Naturalna poduszka antyzmarszczkowa algi bambus | rozmiar podr\u00f3\u017cny","isPartOf":{"@id":"https:\/\/jogapiekna.com\/#website"},"primaryImageOfPage":{"@id":"https:\/\/jogapiekna.com\/produkt\/mini-natural-poduszka-antyzmarszczkowa-poszewka-algi-i-bambus\/#primaryimage"},"image":{"@id":"https:\/\/jogapiekna.com\/produkt\/mini-natural-poduszka-antyzmarszczkowa-poszewka-algi-i-bambus\/#primaryimage"},"thumbnailUrl":"https:\/\/jogapiekna.com\/wp-content\/uploads\/2023\/04\/Poduszka-antyzmarszczkowa-MINI-NATURAL-wypelnienie-kulki-algi-bambus-kolory_2025.jpg","datePublished":"2023-04-26T18:09:52+00:00","dateModified":"2026-04-08T10:12:15+00:00","description":"Naturalna poduszka z alg i bambusa minimalizuje powstawanie zmarszczek sennych. Zabierz j\u0105 w podr\u00f3\u017c lub u\u017cywaj jako ja\u015bka. Zam\u00f3w online!","breadcrumb":{"@id":"https:\/\/jogapiekna.com\/produkt\/mini-natural-poduszka-antyzmarszczkowa-poszewka-algi-i-bambus\/#breadcrumb"},"inLanguage":"en-GB","potentialAction":[{"@type":"ReadAction","target":["https:\/\/jogapiekna.com\/produkt\/mini-natural-poduszka-antyzmarszczkowa-poszewka-algi-i-bambus\/"]}]},{"@type":"ImageObject","inLanguage":"en-GB","@id":"https:\/\/jogapiekna.com\/produkt\/mini-natural-poduszka-antyzmarszczkowa-poszewka-algi-i-bambus\/#primaryimage","url":"https:\/\/jogapiekna.com\/wp-content\/uploads\/2023\/04\/Poduszka-antyzmarszczkowa-MINI-NATURAL-wypelnienie-kulki-algi-bambus-kolory_2025.jpg","contentUrl":"https:\/\/jogapiekna.com\/wp-content\/uploads\/2023\/04\/Poduszka-antyzmarszczkowa-MINI-NATURAL-wypelnienie-kulki-algi-bambus-kolory_2025.jpg","width":1000,"height":1000,"caption":"MINI NATURAL Poduszka antyzmarszczkowa z poszewk\u0105 bambusow\u0105 z algami"},{"@type":"BreadcrumbList","@id":"https:\/\/jogapiekna.com\/produkt\/mini-natural-poduszka-antyzmarszczkowa-poszewka-algi-i-bambus\/#breadcrumb","itemListElement":[{"@type":"ListItem","position":1,"name":"Strona g\u0142\u00f3wna","item":"https:\/\/jogapiekna.com\/"},{"@type":"ListItem","position":2,"name":"Sklep","item":"https:\/\/jogapiekna.com\/sklep\/"},{"@type":"ListItem","position":3,"name":"Poduszka antyzmarszczkowa MINI NATURAL \u2022 jasiek z poszewk\u0105 algi i bambus"}]},{"@type":"WebSite","@id":"https:\/\/jogapiekna.com\/#website","url":"https:\/\/jogapiekna.com\/","name":"Yoga Beauty Marta Kuci\u0144ska","description":"Beauty Yoga helps women to maintain their beauty, reverse the signs of passing time and fatigue, regain a radiant appearance, natural smile and improve their self-esteem.","publisher":{"@id":"https:\/\/jogapiekna.com\/#organization"},"potentialAction":[{"@type":"SearchAction","target":{"@type":"EntryPoint","urlTemplate":"https:\/\/jogapiekna.com\/?s={search_term_string}"},"query-input":{"@type":"PropertyValueSpecification","valueRequired":true,"valueName":"search_term_string"}}],"inLanguage":"en-GB"},{"@type":"Organization","@id":"https:\/\/jogapiekna.com\/#organization","name":"Yoga Beauty Marta Kuci\u0144ska","url":"https:\/\/jogapiekna.com\/","logo":{"@type":"ImageObject","inLanguage":"en-GB","@id":"https:\/\/jogapiekna.com\/#\/schema\/logo\/image\/","url":"https:\/\/jogapiekna.com\/wp-content\/uploads\/2022\/09\/joga-piekna-logo_Rka.png","contentUrl":"https:\/\/jogapiekna.com\/wp-content\/uploads\/2022\/09\/joga-piekna-logo_Rka.png","width":231,"height":124,"caption":"Joga Pi\u0119kna Marta Kuci\u0144ska"},"image":{"@id":"https:\/\/jogapiekna.com\/#\/schema\/logo\/image\/"},"sameAs":["https:\/\/www.facebook.com\/JogaPieknaCom\/","https:\/\/www.instagram.com\/jogapieknacom\/"]}]}},"_links":{"self":[{"href":"https:\/\/jogapiekna.com\/en\/wp-json\/wp\/v2\/product\/122550","targetHints":{"allow":["GET"]}}],"collection":[{"href":"https:\/\/jogapiekna.com\/en\/wp-json\/wp\/v2\/product"}],"about":[{"href":"https:\/\/jogapiekna.com\/en\/wp-json\/wp\/v2\/types\/product"}],"replies":[{"embeddable":true,"href":"https:\/\/jogapiekna.com\/en\/wp-json\/wp\/v2\/comments?post=122550"}],"version-history":[{"count":2,"href":"https:\/\/jogapiekna.com\/en\/wp-json\/wp\/v2\/product\/122550\/revisions"}],"predecessor-version":[{"id":211163,"href":"https:\/\/jogapiekna.com\/en\/wp-json\/wp\/v2\/product\/122550\/revisions\/211163"}],"wp:featuredmedia":[{"embeddable":true,"href":"https:\/\/jogapiekna.com\/en\/wp-json\/wp\/v2\/media\/202122"}],"wp:attachment":[{"href":"https:\/\/jogapiekna.com\/en\/wp-json\/wp\/v2\/media?parent=122550"}],"wp:term":[{"taxonomy":"product_brand","embeddable":true,"href":"https:\/\/jogapiekna.com\/en\/wp-json\/wp\/v2\/product_brand?post=122550"},{"taxonomy":"product_cat","embeddable":true,"href":"https:\/\/jogapiekna.com\/en\/wp-json\/wp\/v2\/product_cat?post=122550"},{"taxonomy":"product_tag","embeddable":true,"href":"https:\/\/jogapiekna.com\/en\/wp-json\/wp\/v2\/product_tag?post=122550"}],"curies":[{"name":"wp","href":"https:\/\/api.w.org\/{rel}","templated":true}]}}