{"id":128257,"date":"2023-06-22T15:13:22","date_gmt":"2023-06-22T13:13:22","guid":{"rendered":"https:\/\/jogapiekna.com\/?post_type=product&#038;p=128257"},"modified":"2026-03-29T23:34:26","modified_gmt":"2026-03-29T21:34:26","slug":"perelki-mietowe-doterra-choroba-lokomocyjna","status":"publish","type":"product","link":"https:\/\/jogapiekna.com\/en\/product\/perelki-mietowe-doterra-choroba-lokomocyjna\/","title":{"rendered":"doTERRA * SuperMint\u2122Peppermint Balls * refreshment * motion sickness"},"content":{"rendered":"<p><strong>doTERRA SuperMint Mentha Blend is a tiny, soft and comfortable vegetarian ball. Each ball contains a proprietary blend of CPTG \u00ae essential oils from peppermint, Japanese mint, bergamot and peppermint for a refreshing burst of fragrance.<\/strong><\/p>\n<p><strong>indication:<\/strong><\/p>\n<ul>\n<li>It refreshes your breath.<\/li>\n<li>According to preclinical studies, it can maintain a clean, healthy oral cavity when used daily.<\/li>\n<li>This may contribute to the feeling of an open airway.<\/li>\n<li>Relieves occasional upset stomach.<\/li>\n<li>It provides a convenient way to use doTERRA SuperMint blend when traveling or traveling.<\/li>\n<\/ul>\n<p><strong>How to use:<\/strong><\/p>\n<ul>\n<li>Dissolve one ball in your mouth to freshen your breath.<\/li>\n<li>Chew four balls after a meal to improve your oral health.<\/li>\n<li>Use while traveling to relieve an occasional upset stomach.<\/li>\n<\/ul>\n<p><strong>Attention!<\/strong><br \/>\nKeep out of reach of children. If you are pregnant, nursing, or under medical supervision, please consult your doctor. Store in a cool, dry place.<\/p>\n<p><strong>All doTERRA oils are clean and safe. They are certified CPTG (Certified Pure Therapeutic Grade\u00ae) - certified pure therapeutic grade.<\/strong> They can be safely used internally, lubricated the body, and inhaled.<\/p>\n<p><strong>CPTG-Certified Pure Therapeutic Grade (ACKT-Certified Pure therapeutic Grade)<\/strong> doTERRA oils, which makes it absolutely safe to use oils orally (those intended for internal use), as well as in small children.<\/p>\n<p>What does such a certificate mean?<\/p>\n<ul>\n<li>quality without pesticides and heavy metals,<\/li>\n<li>no artificial colors or fillers,<\/li>\n<li>controlled sowing in areas where the plant occurs naturally, and harvesting at the optimal time,<\/li>\n<li>no admixtures of other vegetable oils.<\/li>\n<\/ul>","protected":false},"excerpt":{"rendered":"<p>doTERRA SuperMint Mentha Blend is a tiny, soft and comfortable vegetarian ball. Each ball contains a proprietary blend of CPTG \u00ae essential oils from peppermint, Japanese mint, bergamot and peppermint for a refreshing burst of fragrance.<\/p>\n<p>Quantity: <strong>125 beads<\/strong><\/p>","protected":false},"featured_media":128259,"comment_status":"closed","ping_status":"closed","template":"","meta":{"_acf_changed":false,"site-sidebar-layout":"default","site-content-layout":"","ast-site-content-layout":"default","site-content-style":"default","site-sidebar-style":"default","ast-global-header-display":"","ast-banner-title-visibility":"","ast-main-header-display":"","ast-hfb-above-header-display":"","ast-hfb-below-header-display":"","ast-hfb-mobile-header-display":"","site-post-title":"","ast-breadcrumbs-content":"","ast-featured-img":"","footer-sml-layout":"","ast-disable-related-posts":"","theme-transparent-header-meta":"","adv-header-id-meta":"","stick-header-meta":"","header-above-stick-meta":"","header-main-stick-meta":"","header-below-stick-meta":"","astra-migrate-meta-layouts":"default","ast-page-background-enabled":"default","ast-page-background-meta":{"desktop":{"background-color":"var(--ast-global-color-5)","background-image":"","background-repeat":"repeat","background-position":"center center","background-size":"auto","background-attachment":"scroll","background-type":"","background-media":"","overlay-type":"","overlay-color":"","overlay-opacity":"","overlay-gradient":""},"tablet":{"background-color":"","background-image":"","background-repeat":"repeat","background-position":"center center","background-size":"auto","background-attachment":"scroll","background-type":"","background-media":"","overlay-type":"","overlay-color":"","overlay-opacity":"","overlay-gradient":""},"mobile":{"background-color":"","background-image":"","background-repeat":"repeat","background-position":"center center","background-size":"auto","background-attachment":"scroll","background-type":"","background-media":"","overlay-type":"","overlay-color":"","overlay-opacity":"","overlay-gradient":""}},"ast-content-background-meta":{"desktop":{"background-color":"var(--ast-global-color-4)","background-image":"","background-repeat":"repeat","background-position":"center center","background-size":"auto","background-attachment":"scroll","background-type":"","background-media":"","overlay-type":"","overlay-color":"","overlay-opacity":"","overlay-gradient":""},"tablet":{"background-color":"var(--ast-global-color-4)","background-image":"","background-repeat":"repeat","background-position":"center center","background-size":"auto","background-attachment":"scroll","background-type":"","background-media":"","overlay-type":"","overlay-color":"","overlay-opacity":"","overlay-gradient":""},"mobile":{"background-color":"var(--ast-global-color-4)","background-image":"","background-repeat":"repeat","background-position":"center center","background-size":"auto","background-attachment":"scroll","background-type":"","background-media":"","overlay-type":"","overlay-color":"","overlay-opacity":"","overlay-gradient":""}}},"product_brand":[],"product_cat":[642],"product_tag":[451,144,442,707,706,224,708],"class_list":{"0":"post-128257","1":"product","2":"type-product","3":"status-publish","4":"has-post-thumbnail","6":"product_cat-olejki-eteryczne","7":"product_tag-choroba-lokomocyjna","8":"product_tag-doterra","9":"product_tag-mieta","10":"product_tag-odswiezenie","11":"product_tag-perelki","12":"product_tag-rozmaryn","13":"product_tag-supermint","14":"desktop-align-left","15":"tablet-align-left","16":"mobile-align-left","18":"first","19":"outofstock","20":"taxable","21":"shipping-taxable","22":"purchasable","23":"product-type-simple"},"acf":[],"yoast_head":"<!-- This site is optimized with the Yoast SEO plugin v27.2 - https:\/\/yoast.com\/product\/yoast-seo-wordpress\/ -->\n<title>Pere\u0142ki mi\u0119towe doTERRA \u2022 SuperMint\u2122 \u2022 od\u015bwie\u017cenie \u2022 choroba lokomocyjna | Joga Pi\u0119kna<\/title>\n<meta name=\"description\" content=\"doTERRA SuperMint Mentha Blend to male\u0144kie, mi\u0119kkie i wygodne wegetaria\u0144skie kuleczki. Ka\u017cda kulka zawiera zastrze\u017con\u0105 mieszank\u0119 olejk\u00f3w eterycznych CPTG \u00ae z mi\u0119ty pieprzowej, mi\u0119ty japo\u0144skiej, bergamotki i mi\u0119ty zielonej, zapewniaj\u0105c orze\u017awiaj\u0105cy wybuch smaku.\" \/>\n<meta name=\"robots\" content=\"index, follow, max-snippet:-1, max-image-preview:large, max-video-preview:-1\" \/>\n<link rel=\"canonical\" href=\"https:\/\/jogapiekna.com\/en\/product\/perelki-mietowe-doterra-choroba-lokomocyjna\/\" \/>\n<meta property=\"og:locale\" content=\"en_GB\" \/>\n<meta property=\"og:type\" content=\"article\" \/>\n<meta property=\"og:title\" content=\"Pere\u0142ki mi\u0119towe doTERRA \u2022 SuperMint\u2122 \u2022 od\u015bwie\u017cenie \u2022 choroba lokomocyjna | Joga Pi\u0119kna\" \/>\n<meta property=\"og:description\" content=\"doTERRA SuperMint Mentha Blend to male\u0144kie, mi\u0119kkie i wygodne wegetaria\u0144skie kuleczki. Ka\u017cda kulka zawiera zastrze\u017con\u0105 mieszank\u0119 olejk\u00f3w eterycznych CPTG \u00ae z mi\u0119ty pieprzowej, mi\u0119ty japo\u0144skiej, bergamotki i mi\u0119ty zielonej, zapewniaj\u0105c orze\u017awiaj\u0105cy wybuch smaku.\" \/>\n<meta property=\"og:url\" content=\"https:\/\/jogapiekna.com\/en\/product\/perelki-mietowe-doterra-choroba-lokomocyjna\/\" \/>\n<meta property=\"og:site_name\" content=\"JOGA PI\u0118KNA | Joga Twarzy\" \/>\n<meta property=\"article:publisher\" content=\"https:\/\/www.facebook.com\/JogaPieknaCom\/\" \/>\n<meta property=\"article:modified_time\" content=\"2026-03-29T21:34:26+00:00\" \/>\n<meta property=\"og:image\" content=\"https:\/\/jogapiekna.com\/wp-content\/uploads\/2023\/06\/pastylki-doTERRA-mietowe-odswiezenie-choroba-lokomocyjna.jpg\" \/>\n\t<meta property=\"og:image:width\" content=\"1000\" \/>\n\t<meta property=\"og:image:height\" content=\"1000\" \/>\n\t<meta property=\"og:image:type\" content=\"image\/jpeg\" \/>\n<meta name=\"twitter:card\" content=\"summary_large_image\" \/>\n<meta name=\"twitter:label1\" content=\"Estimated reading time\" \/>\n\t<meta name=\"twitter:data1\" content=\"2 minutes\" \/>\n<script type=\"application\/ld+json\" class=\"yoast-schema-graph\">{\"@context\":\"https:\/\/schema.org\",\"@graph\":[{\"@type\":\"WebPage\",\"@id\":\"https:\/\/jogapiekna.com\/produkt\/perelki-mietowe-doterra-choroba-lokomocyjna\/\",\"url\":\"https:\/\/jogapiekna.com\/produkt\/perelki-mietowe-doterra-choroba-lokomocyjna\/\",\"name\":\"Pere\u0142ki mi\u0119towe doTERRA \u2022 SuperMint\u2122 \u2022 od\u015bwie\u017cenie \u2022 choroba lokomocyjna | Joga Pi\u0119kna\",\"isPartOf\":{\"@id\":\"https:\/\/jogapiekna.com\/#website\"},\"primaryImageOfPage\":{\"@id\":\"https:\/\/jogapiekna.com\/produkt\/perelki-mietowe-doterra-choroba-lokomocyjna\/#primaryimage\"},\"image\":{\"@id\":\"https:\/\/jogapiekna.com\/produkt\/perelki-mietowe-doterra-choroba-lokomocyjna\/#primaryimage\"},\"thumbnailUrl\":\"https:\/\/jogapiekna.com\/wp-content\/uploads\/2023\/06\/pastylki-doTERRA-mietowe-odswiezenie-choroba-lokomocyjna.jpg\",\"datePublished\":\"2023-06-22T13:13:22+00:00\",\"dateModified\":\"2026-03-29T21:34:26+00:00\",\"description\":\"doTERRA SuperMint Mentha Blend to male\u0144kie, mi\u0119kkie i wygodne wegetaria\u0144skie kuleczki. Ka\u017cda kulka zawiera zastrze\u017con\u0105 mieszank\u0119 olejk\u00f3w eterycznych CPTG \u00ae z mi\u0119ty pieprzowej, mi\u0119ty japo\u0144skiej, bergamotki i mi\u0119ty zielonej, zapewniaj\u0105c orze\u017awiaj\u0105cy wybuch smaku.\",\"breadcrumb\":{\"@id\":\"https:\/\/jogapiekna.com\/produkt\/perelki-mietowe-doterra-choroba-lokomocyjna\/#breadcrumb\"},\"inLanguage\":\"en-GB\",\"potentialAction\":[{\"@type\":\"ReadAction\",\"target\":[\"https:\/\/jogapiekna.com\/produkt\/perelki-mietowe-doterra-choroba-lokomocyjna\/\"]}]},{\"@type\":\"ImageObject\",\"inLanguage\":\"en-GB\",\"@id\":\"https:\/\/jogapiekna.com\/produkt\/perelki-mietowe-doterra-choroba-lokomocyjna\/#primaryimage\",\"url\":\"https:\/\/jogapiekna.com\/wp-content\/uploads\/2023\/06\/pastylki-doTERRA-mietowe-odswiezenie-choroba-lokomocyjna.jpg\",\"contentUrl\":\"https:\/\/jogapiekna.com\/wp-content\/uploads\/2023\/06\/pastylki-doTERRA-mietowe-odswiezenie-choroba-lokomocyjna.jpg\",\"width\":1000,\"height\":1000,\"caption\":\"Pere\u0142ki mi\u0119towe doTERRA \u2022 SuperMint\u2122\u2022 od\u015bwie\u017cenie \u2022 choroba lokomocyjna\"},{\"@type\":\"BreadcrumbList\",\"@id\":\"https:\/\/jogapiekna.com\/produkt\/perelki-mietowe-doterra-choroba-lokomocyjna\/#breadcrumb\",\"itemListElement\":[{\"@type\":\"ListItem\",\"position\":1,\"name\":\"Strona g\u0142\u00f3wna\",\"item\":\"https:\/\/jogapiekna.com\/\"},{\"@type\":\"ListItem\",\"position\":2,\"name\":\"Sklep\",\"item\":\"https:\/\/jogapiekna.com\/sklep\/\"},{\"@type\":\"ListItem\",\"position\":3,\"name\":\"Pere\u0142ki mi\u0119towe doTERRA \u2022 SuperMint\u2122 \u2022 od\u015bwie\u017cenie \u2022 choroba lokomocyjna\"}]},{\"@type\":\"WebSite\",\"@id\":\"https:\/\/jogapiekna.com\/#website\",\"url\":\"https:\/\/jogapiekna.com\/\",\"name\":\"Joga Pi\u0119kna Marta Kuci\u0144ska\",\"description\":\"Joga Pi\u0119kna pomaga kobietom zachowa\u0107 urod\u0119, cofn\u0105\u0107 oznaki up\u0142ywaj\u0105cego czasu i zm\u0119czenia, odzyska\u0107 promienny wygl\u0105d, naturalny u\u015bmiech i popraw\u0119 w\u0142asnej samooceny.\",\"publisher\":{\"@id\":\"https:\/\/jogapiekna.com\/#organization\"},\"potentialAction\":[{\"@type\":\"SearchAction\",\"target\":{\"@type\":\"EntryPoint\",\"urlTemplate\":\"https:\/\/jogapiekna.com\/?s={search_term_string}\"},\"query-input\":{\"@type\":\"PropertyValueSpecification\",\"valueRequired\":true,\"valueName\":\"search_term_string\"}}],\"inLanguage\":\"en-GB\"},{\"@type\":\"Organization\",\"@id\":\"https:\/\/jogapiekna.com\/#organization\",\"name\":\"Joga Pi\u0119kna Marta Kuci\u0144ska\",\"url\":\"https:\/\/jogapiekna.com\/\",\"logo\":{\"@type\":\"ImageObject\",\"inLanguage\":\"en-GB\",\"@id\":\"https:\/\/jogapiekna.com\/#\/schema\/logo\/image\/\",\"url\":\"https:\/\/jogapiekna.com\/wp-content\/uploads\/2022\/09\/joga-piekna-logo_Rka.png\",\"contentUrl\":\"https:\/\/jogapiekna.com\/wp-content\/uploads\/2022\/09\/joga-piekna-logo_Rka.png\",\"width\":231,\"height\":124,\"caption\":\"Joga Pi\u0119kna Marta Kuci\u0144ska\"},\"image\":{\"@id\":\"https:\/\/jogapiekna.com\/#\/schema\/logo\/image\/\"},\"sameAs\":[\"https:\/\/www.facebook.com\/JogaPieknaCom\/\",\"https:\/\/www.instagram.com\/jogapieknacom\/\"]}]}<\/script>\n<!-- \/ Yoast SEO plugin. -->","yoast_head_json":{"title":"Pere\u0142ki mi\u0119towe doTERRA \u2022 SuperMint\u2122 \u2022 od\u015bwie\u017cenie \u2022 choroba lokomocyjna | Joga Pi\u0119kna","description":"doTERRA SuperMint Mentha Blend is a tiny, soft and comfortable vegetarian ball. Each ball contains a proprietary blend of CPTG \u00ae essential oils from peppermint, Japanese mint, bergamot and peppermint for a refreshing burst of fragrance.","robots":{"index":"index","follow":"follow","max-snippet":"max-snippet:-1","max-image-preview":"max-image-preview:large","max-video-preview":"max-video-preview:-1"},"canonical":"https:\/\/jogapiekna.com\/en\/product\/perelki-mietowe-doterra-choroba-lokomocyjna\/","og_locale":"en_GB","og_type":"article","og_title":"Pere\u0142ki mi\u0119towe doTERRA \u2022 SuperMint\u2122 \u2022 od\u015bwie\u017cenie \u2022 choroba lokomocyjna | Joga Pi\u0119kna","og_description":"doTERRA SuperMint Mentha Blend to male\u0144kie, mi\u0119kkie i wygodne wegetaria\u0144skie kuleczki. Ka\u017cda kulka zawiera zastrze\u017con\u0105 mieszank\u0119 olejk\u00f3w eterycznych CPTG \u00ae z mi\u0119ty pieprzowej, mi\u0119ty japo\u0144skiej, bergamotki i mi\u0119ty zielonej, zapewniaj\u0105c orze\u017awiaj\u0105cy wybuch smaku.","og_url":"https:\/\/jogapiekna.com\/en\/product\/perelki-mietowe-doterra-choroba-lokomocyjna\/","og_site_name":"JOGA PI\u0118KNA | Joga Twarzy","article_publisher":"https:\/\/www.facebook.com\/JogaPieknaCom\/","article_modified_time":"2026-03-29T21:34:26+00:00","og_image":[{"width":1000,"height":1000,"url":"https:\/\/jogapiekna.com\/wp-content\/uploads\/2023\/06\/pastylki-doTERRA-mietowe-odswiezenie-choroba-lokomocyjna.jpg","type":"image\/jpeg"}],"twitter_card":"summary_large_image","twitter_misc":{"Estimated reading time":"2 minutes"},"schema":{"@context":"https:\/\/schema.org","@graph":[{"@type":"WebPage","@id":"https:\/\/jogapiekna.com\/produkt\/perelki-mietowe-doterra-choroba-lokomocyjna\/","url":"https:\/\/jogapiekna.com\/produkt\/perelki-mietowe-doterra-choroba-lokomocyjna\/","name":"Pere\u0142ki mi\u0119towe doTERRA \u2022 SuperMint\u2122 \u2022 od\u015bwie\u017cenie \u2022 choroba lokomocyjna | Joga Pi\u0119kna","isPartOf":{"@id":"https:\/\/jogapiekna.com\/#website"},"primaryImageOfPage":{"@id":"https:\/\/jogapiekna.com\/produkt\/perelki-mietowe-doterra-choroba-lokomocyjna\/#primaryimage"},"image":{"@id":"https:\/\/jogapiekna.com\/produkt\/perelki-mietowe-doterra-choroba-lokomocyjna\/#primaryimage"},"thumbnailUrl":"https:\/\/jogapiekna.com\/wp-content\/uploads\/2023\/06\/pastylki-doTERRA-mietowe-odswiezenie-choroba-lokomocyjna.jpg","datePublished":"2023-06-22T13:13:22+00:00","dateModified":"2026-03-29T21:34:26+00:00","description":"doTERRA SuperMint Mentha Blend is a tiny, soft and comfortable vegetarian ball. Each ball contains a proprietary blend of CPTG \u00ae essential oils from peppermint, Japanese mint, bergamot and peppermint for a refreshing burst of fragrance.","breadcrumb":{"@id":"https:\/\/jogapiekna.com\/produkt\/perelki-mietowe-doterra-choroba-lokomocyjna\/#breadcrumb"},"inLanguage":"en-GB","potentialAction":[{"@type":"ReadAction","target":["https:\/\/jogapiekna.com\/produkt\/perelki-mietowe-doterra-choroba-lokomocyjna\/"]}]},{"@type":"ImageObject","inLanguage":"en-GB","@id":"https:\/\/jogapiekna.com\/produkt\/perelki-mietowe-doterra-choroba-lokomocyjna\/#primaryimage","url":"https:\/\/jogapiekna.com\/wp-content\/uploads\/2023\/06\/pastylki-doTERRA-mietowe-odswiezenie-choroba-lokomocyjna.jpg","contentUrl":"https:\/\/jogapiekna.com\/wp-content\/uploads\/2023\/06\/pastylki-doTERRA-mietowe-odswiezenie-choroba-lokomocyjna.jpg","width":1000,"height":1000,"caption":"Pere\u0142ki mi\u0119towe doTERRA \u2022 SuperMint\u2122\u2022 od\u015bwie\u017cenie \u2022 choroba lokomocyjna"},{"@type":"BreadcrumbList","@id":"https:\/\/jogapiekna.com\/produkt\/perelki-mietowe-doterra-choroba-lokomocyjna\/#breadcrumb","itemListElement":[{"@type":"ListItem","position":1,"name":"Strona g\u0142\u00f3wna","item":"https:\/\/jogapiekna.com\/"},{"@type":"ListItem","position":2,"name":"Sklep","item":"https:\/\/jogapiekna.com\/sklep\/"},{"@type":"ListItem","position":3,"name":"Pere\u0142ki mi\u0119towe doTERRA \u2022 SuperMint\u2122 \u2022 od\u015bwie\u017cenie \u2022 choroba lokomocyjna"}]},{"@type":"WebSite","@id":"https:\/\/jogapiekna.com\/#website","url":"https:\/\/jogapiekna.com\/","name":"Yoga Beauty Marta Kuci\u0144ska","description":"Beauty Yoga helps women to maintain their beauty, reverse the signs of passing time and fatigue, regain a radiant appearance, natural smile and improve their self-esteem.","publisher":{"@id":"https:\/\/jogapiekna.com\/#organization"},"potentialAction":[{"@type":"SearchAction","target":{"@type":"EntryPoint","urlTemplate":"https:\/\/jogapiekna.com\/?s={search_term_string}"},"query-input":{"@type":"PropertyValueSpecification","valueRequired":true,"valueName":"search_term_string"}}],"inLanguage":"en-GB"},{"@type":"Organization","@id":"https:\/\/jogapiekna.com\/#organization","name":"Yoga Beauty Marta Kuci\u0144ska","url":"https:\/\/jogapiekna.com\/","logo":{"@type":"ImageObject","inLanguage":"en-GB","@id":"https:\/\/jogapiekna.com\/#\/schema\/logo\/image\/","url":"https:\/\/jogapiekna.com\/wp-content\/uploads\/2022\/09\/joga-piekna-logo_Rka.png","contentUrl":"https:\/\/jogapiekna.com\/wp-content\/uploads\/2022\/09\/joga-piekna-logo_Rka.png","width":231,"height":124,"caption":"Joga Pi\u0119kna Marta Kuci\u0144ska"},"image":{"@id":"https:\/\/jogapiekna.com\/#\/schema\/logo\/image\/"},"sameAs":["https:\/\/www.facebook.com\/JogaPieknaCom\/","https:\/\/www.instagram.com\/jogapieknacom\/"]}]}},"_links":{"self":[{"href":"https:\/\/jogapiekna.com\/en\/wp-json\/wp\/v2\/product\/128257","targetHints":{"allow":["GET"]}}],"collection":[{"href":"https:\/\/jogapiekna.com\/en\/wp-json\/wp\/v2\/product"}],"about":[{"href":"https:\/\/jogapiekna.com\/en\/wp-json\/wp\/v2\/types\/product"}],"replies":[{"embeddable":true,"href":"https:\/\/jogapiekna.com\/en\/wp-json\/wp\/v2\/comments?post=128257"}],"version-history":[{"count":1,"href":"https:\/\/jogapiekna.com\/en\/wp-json\/wp\/v2\/product\/128257\/revisions"}],"predecessor-version":[{"id":211219,"href":"https:\/\/jogapiekna.com\/en\/wp-json\/wp\/v2\/product\/128257\/revisions\/211219"}],"wp:featuredmedia":[{"embeddable":true,"href":"https:\/\/jogapiekna.com\/en\/wp-json\/wp\/v2\/media\/128259"}],"wp:attachment":[{"href":"https:\/\/jogapiekna.com\/en\/wp-json\/wp\/v2\/media?parent=128257"}],"wp:term":[{"taxonomy":"product_brand","embeddable":true,"href":"https:\/\/jogapiekna.com\/en\/wp-json\/wp\/v2\/product_brand?post=128257"},{"taxonomy":"product_cat","embeddable":true,"href":"https:\/\/jogapiekna.com\/en\/wp-json\/wp\/v2\/product_cat?post=128257"},{"taxonomy":"product_tag","embeddable":true,"href":"https:\/\/jogapiekna.com\/en\/wp-json\/wp\/v2\/product_tag?post=128257"}],"curies":[{"name":"wp","href":"https:\/\/api.w.org\/{rel}","templated":true}]}}