{"id":128827,"date":"2023-06-29T18:16:49","date_gmt":"2023-06-29T16:16:49","guid":{"rendered":"https:\/\/jogapiekna.com\/?post_type=product&#038;p=128827"},"modified":"2026-02-07T22:44:03","modified_gmt":"2026-02-07T21:44:03","slug":"pure-shilajit-mumio-naturalny-suplement-na-zmeczenie-60-kapsulek","status":"publish","type":"product","link":"https:\/\/jogapiekna.com\/en\/product\/pure-shilajit-mumio-naturalny-suplement-na-zmeczenie-60-kapsulek\/","title":{"rendered":"Pure Shilajit * Natural Fatigue Supplement * 60 capsules"},"content":{"rendered":"<p>Do you often feel tired? Does it happen that a low level of energy makes you unwilling to perform everyday tasks? Don&#039;t have the energy to train or pursue your hobbies? Do you want to naturally increase your physical performance by restoring your vitality and balance?<\/p>\n<p>Shilajit, or Mimio, is a dark, sticky substance found mainly in Himalayan rocks. It only stands out in hot weather, appearing on dry limestone granites that are exposed to wind and sun.<\/p>\n<p>Contains inorganic and organic compounds-products of hydrocarbon metabolism, petroleum products and plant debris m.in mulberry and juniper, algae and lichens that penetrate rock cracks, forming dying organic substances, fulvic acid and humic acid, carbon-60, numerous minerals and plant antioxidants. That is, all the richness of nourishing, strengthening ingredients and it is 100% natural origin!<\/p>\n<p><strong>Mummies, due to their potential health benefits, are recognized as one of the most important components of the oldest medicine in the world. <a href=\"https:\/\/jogapiekna.com\/en\/ajurwedyjskie-piekno\/\">Ayurveda Books<\/a>.<\/strong><\/p>\n<p>&nbsp;<\/p>\n<h2>How do Pure Shilajeet capsules affect the body?<\/h2>\n<p>Regular intake of a Mumio-based supplement in the form of Pure Shilajeet capsules increases the body&#039;s strength, endurance, and strength. Reduces general weakness, which is often the result of overwork or a large number of mental stimuli.<\/p>\n<p>The natural substances contained in the capsules help to purify the blood and rejuvenate the tissues from the inside out. In addition, they have a positive effect on the nervous system, reduce stress levels, strengthen memory, make it easier to study and work in concentration.<\/p>\n<p>&nbsp;<\/p>\n<h2>Pure Shilajeet for improving potency<\/h2>\n<p>Pure Shilajeet capsules also have an effect on increasing libido in both women and men. It is worth turning to them if you are looking for a natural supplement that will allow you to maintain sexual activity. In addition, they help increase the production of reproductive fluids, which is a support for people who are looking for offspring.<\/p>\n<p>See also: <a href=\"https:\/\/jogapiekna.com\/en\/product\/nari-sakhi-uklad-rozrodczy-60-kapsulek\/\">a supplement that supports the female reproductive system<\/a><\/p>\n<p>&nbsp;<\/p>\n<h2>Complete blend of Pure Shilajeet (1 capsule)<\/h2>\n<p>* purified Shilajeet (Mumio) 450 mg<br \/>\n* capsule shell (vegan capsule): glazed substance<\/p>\n<p>&nbsp;<\/p>\n<h2>Effects of Regular Use of Pure Shilajeet<\/h2>\n<p>* improves physical performance<br \/>\n* adds vigor and strength<br \/>\n* improves digestion, helps fight obesity<br \/>\n* positive effect on potency<br \/>\n* increases libido<br \/>\n* cleanses the blood of toxins and detoxifies the body<br \/>\n* supports the urinary tract (for example, with cystitis)<br \/>\n* improves concentration<br \/>\n* reduces stress and anxiety<br \/>\n* takes care of your emotional balance<br \/>\n* rejuvenates body tissues<br \/>\n* stimulates hormone balance<br \/>\n* prevents hair loss<\/p>\n<p>&nbsp;<\/p>\n<h2>How to dose Pure Shilajeet Mummies or Capsules?<\/h2>\n<p>To restore your natural vigor and energy, take 1 capsule 2 times a day. At this dosage, 1 pack is enough for 1 month of regular use.<\/p>\n<p>Additional information:<br \/>\n\u2022 Producent: JIVA Ayurvedic Pharmacy Ltd.<br \/>\n* Country of Origin: India<\/p>\n<p>* Do not exceed the recommended daily intake. A dietary supplement cannot be used as a substitute for a varied diet. It is necessary to adhere to a healthy lifestyle and a balanced diet. Do not use with hypersensitivity to the components of the drug. The product is not intended for pregnant or lactating women and children.<\/p>\n<p>* Taking herbal preparations it is best to consult a doctor or pharmacist, because choosing the right herbal preparation requires the same knowledge as for a chemical preparation. Keep in mind that herbal preparations may interact with the medications you are taking and may pose a health hazard.<\/p>","protected":false},"excerpt":{"rendered":"<p>When you don&#039;t have enough energy, you feel sleepy and constantly tired-reach out <strong>natural supplement Shilajeet, or shilajie<\/strong> in its purest form. This dark substance, native to the Himalayas, has been used in Ayurveda for thousands of years. No wonder in the ancient Indian language it means <em><strong>conqueror of mountains and weaknesses<\/strong><\/em>.<\/p>\n<p><strong>Container:<\/strong> 60 g (450 mg)<br \/>\n<strong>Recommended daily intake:<\/strong> 2 capsules per day<br \/>\n1 pack lasts 1-2 months of use<\/p>","protected":false},"featured_media":128826,"comment_status":"closed","ping_status":"closed","template":"","meta":{"_acf_changed":false,"site-sidebar-layout":"default","site-content-layout":"","ast-site-content-layout":"default","site-content-style":"default","site-sidebar-style":"default","ast-global-header-display":"","ast-banner-title-visibility":"","ast-main-header-display":"","ast-hfb-above-header-display":"","ast-hfb-below-header-display":"","ast-hfb-mobile-header-display":"","site-post-title":"","ast-breadcrumbs-content":"","ast-featured-img":"","footer-sml-layout":"","ast-disable-related-posts":"","theme-transparent-header-meta":"","adv-header-id-meta":"","stick-header-meta":"","header-above-stick-meta":"","header-main-stick-meta":"","header-below-stick-meta":"","astra-migrate-meta-layouts":"default","ast-page-background-enabled":"default","ast-page-background-meta":{"desktop":{"background-color":"var(--ast-global-color-5)","background-image":"","background-repeat":"repeat","background-position":"center center","background-size":"auto","background-attachment":"scroll","background-type":"","background-media":"","overlay-type":"","overlay-color":"","overlay-opacity":"","overlay-gradient":""},"tablet":{"background-color":"","background-image":"","background-repeat":"repeat","background-position":"center center","background-size":"auto","background-attachment":"scroll","background-type":"","background-media":"","overlay-type":"","overlay-color":"","overlay-opacity":"","overlay-gradient":""},"mobile":{"background-color":"","background-image":"","background-repeat":"repeat","background-position":"center center","background-size":"auto","background-attachment":"scroll","background-type":"","background-media":"","overlay-type":"","overlay-color":"","overlay-opacity":"","overlay-gradient":""}},"ast-content-background-meta":{"desktop":{"background-color":"var(--ast-global-color-4)","background-image":"","background-repeat":"repeat","background-position":"center center","background-size":"auto","background-attachment":"scroll","background-type":"","background-media":"","overlay-type":"","overlay-color":"","overlay-opacity":"","overlay-gradient":""},"tablet":{"background-color":"var(--ast-global-color-4)","background-image":"","background-repeat":"repeat","background-position":"center center","background-size":"auto","background-attachment":"scroll","background-type":"","background-media":"","overlay-type":"","overlay-color":"","overlay-opacity":"","overlay-gradient":""},"mobile":{"background-color":"var(--ast-global-color-4)","background-image":"","background-repeat":"repeat","background-position":"center center","background-size":"auto","background-attachment":"scroll","background-type":"","background-media":"","overlay-type":"","overlay-color":"","overlay-opacity":"","overlay-gradient":""}}},"product_brand":[],"product_cat":[639],"product_tag":[682,367],"class_list":{"0":"post-128827","1":"product","2":"type-product","3":"status-publish","4":"has-post-thumbnail","6":"product_cat-suplementy","7":"product_tag-nari-sakhi","8":"product_tag-uklad-rozrodczy","9":"desktop-align-left","10":"tablet-align-left","11":"mobile-align-left","13":"first","14":"instock","15":"taxable","16":"shipping-taxable","17":"purchasable","18":"product-type-simple"},"acf":[],"yoast_head":"<!-- This site is optimized with the Yoast SEO plugin v27.4 - https:\/\/yoast.com\/product\/yoast-seo-wordpress\/ -->\n<title>Kapsu\u0142ki Pure Shilajit 100% Mumio \u2022 spos\u00f3b na zm\u0119czenie<\/title>\n<meta name=\"description\" content=\"Zm\u0119czenie? Stres? Brak energii? Naturalny suplement Shilajeet, czyli Mumio w czystej postaci jest stosowany w Ajurwedzie od tysi\u0119cy lat. Zam\u00f3w online.\" \/>\n<meta name=\"robots\" content=\"index, follow, max-snippet:-1, max-image-preview:large, max-video-preview:-1\" \/>\n<link rel=\"canonical\" href=\"https:\/\/jogapiekna.com\/en\/product\/pure-shilajit-mumio-naturalny-suplement-na-zmeczenie-60-kapsulek\/\" \/>\n<meta property=\"og:locale\" content=\"en_GB\" \/>\n<meta property=\"og:type\" content=\"article\" \/>\n<meta property=\"og:title\" content=\"Kapsu\u0142ki Pure Shilajit 100% Mumio \u2022 spos\u00f3b na zm\u0119czenie\" \/>\n<meta property=\"og:description\" content=\"Zm\u0119czenie? Stres? Brak energii? Naturalny suplement Shilajeet, czyli Mumio w czystej postaci jest stosowany w Ajurwedzie od tysi\u0119cy lat. Zam\u00f3w online.\" \/>\n<meta property=\"og:url\" content=\"https:\/\/jogapiekna.com\/en\/product\/pure-shilajit-mumio-naturalny-suplement-na-zmeczenie-60-kapsulek\/\" \/>\n<meta property=\"og:site_name\" content=\"JOGA PI\u0118KNA | Joga Twarzy\" \/>\n<meta property=\"article:publisher\" content=\"https:\/\/www.facebook.com\/JogaPieknaCom\/\" \/>\n<meta property=\"article:modified_time\" content=\"2026-02-07T21:44:03+00:00\" \/>\n<meta property=\"og:image\" content=\"https:\/\/jogapiekna.com\/wp-content\/uploads\/2023\/06\/Pure-Shilajit-naturalny-suplement-na-zmeczenie.jpg\" \/>\n\t<meta property=\"og:image:width\" content=\"1000\" \/>\n\t<meta property=\"og:image:height\" content=\"1000\" \/>\n\t<meta property=\"og:image:type\" content=\"image\/jpeg\" \/>\n<meta name=\"twitter:card\" content=\"summary_large_image\" \/>\n<meta name=\"twitter:label1\" content=\"Estimated reading time\" \/>\n\t<meta name=\"twitter:data1\" content=\"4 minutes\" \/>\n<script type=\"application\/ld+json\" class=\"yoast-schema-graph\">{\"@context\":\"https:\\\/\\\/schema.org\",\"@graph\":[{\"@type\":\"WebPage\",\"@id\":\"https:\\\/\\\/jogapiekna.com\\\/produkt\\\/pure-shilajit-mumio-naturalny-suplement-na-zmeczenie-60-kapsulek\\\/\",\"url\":\"https:\\\/\\\/jogapiekna.com\\\/produkt\\\/pure-shilajit-mumio-naturalny-suplement-na-zmeczenie-60-kapsulek\\\/\",\"name\":\"Kapsu\u0142ki Pure Shilajit 100% Mumio \u2022 spos\u00f3b na zm\u0119czenie\",\"isPartOf\":{\"@id\":\"https:\\\/\\\/jogapiekna.com\\\/#website\"},\"primaryImageOfPage\":{\"@id\":\"https:\\\/\\\/jogapiekna.com\\\/produkt\\\/pure-shilajit-mumio-naturalny-suplement-na-zmeczenie-60-kapsulek\\\/#primaryimage\"},\"image\":{\"@id\":\"https:\\\/\\\/jogapiekna.com\\\/produkt\\\/pure-shilajit-mumio-naturalny-suplement-na-zmeczenie-60-kapsulek\\\/#primaryimage\"},\"thumbnailUrl\":\"https:\\\/\\\/jogapiekna.com\\\/wp-content\\\/uploads\\\/2023\\\/06\\\/Pure-Shilajit-naturalny-suplement-na-zmeczenie.jpg\",\"datePublished\":\"2023-06-29T16:16:49+00:00\",\"dateModified\":\"2026-02-07T21:44:03+00:00\",\"description\":\"Zm\u0119czenie? Stres? Brak energii? Naturalny suplement Shilajeet, czyli Mumio w czystej postaci jest stosowany w Ajurwedzie od tysi\u0119cy lat. Zam\u00f3w online.\",\"breadcrumb\":{\"@id\":\"https:\\\/\\\/jogapiekna.com\\\/produkt\\\/pure-shilajit-mumio-naturalny-suplement-na-zmeczenie-60-kapsulek\\\/#breadcrumb\"},\"inLanguage\":\"en-GB\",\"potentialAction\":[{\"@type\":\"ReadAction\",\"target\":[\"https:\\\/\\\/jogapiekna.com\\\/produkt\\\/pure-shilajit-mumio-naturalny-suplement-na-zmeczenie-60-kapsulek\\\/\"]}]},{\"@type\":\"ImageObject\",\"inLanguage\":\"en-GB\",\"@id\":\"https:\\\/\\\/jogapiekna.com\\\/produkt\\\/pure-shilajit-mumio-naturalny-suplement-na-zmeczenie-60-kapsulek\\\/#primaryimage\",\"url\":\"https:\\\/\\\/jogapiekna.com\\\/wp-content\\\/uploads\\\/2023\\\/06\\\/Pure-Shilajit-naturalny-suplement-na-zmeczenie.jpg\",\"contentUrl\":\"https:\\\/\\\/jogapiekna.com\\\/wp-content\\\/uploads\\\/2023\\\/06\\\/Pure-Shilajit-naturalny-suplement-na-zmeczenie.jpg\",\"width\":1000,\"height\":1000,\"caption\":\"Pure Shilajit \u2022 Mumio \u2022 naturalny suplement na zm\u0119czenie \u2022 60 kapsu\u0142ek\"},{\"@type\":\"BreadcrumbList\",\"@id\":\"https:\\\/\\\/jogapiekna.com\\\/produkt\\\/pure-shilajit-mumio-naturalny-suplement-na-zmeczenie-60-kapsulek\\\/#breadcrumb\",\"itemListElement\":[{\"@type\":\"ListItem\",\"position\":1,\"name\":\"Strona g\u0142\u00f3wna\",\"item\":\"https:\\\/\\\/jogapiekna.com\\\/\"},{\"@type\":\"ListItem\",\"position\":2,\"name\":\"Sklep\",\"item\":\"https:\\\/\\\/jogapiekna.com\\\/sklep\\\/\"},{\"@type\":\"ListItem\",\"position\":3,\"name\":\"Pure Shilajit \u2022 naturalny suplement na zm\u0119czenie \u2022 60 kapsu\u0142ek\"}]},{\"@type\":\"WebSite\",\"@id\":\"https:\\\/\\\/jogapiekna.com\\\/#website\",\"url\":\"https:\\\/\\\/jogapiekna.com\\\/\",\"name\":\"Joga Pi\u0119kna Marta Kuci\u0144ska\",\"description\":\"Joga Pi\u0119kna pomaga kobietom zachowa\u0107 urod\u0119, cofn\u0105\u0107 oznaki up\u0142ywaj\u0105cego czasu i zm\u0119czenia, odzyska\u0107 promienny wygl\u0105d, naturalny u\u015bmiech i popraw\u0119 w\u0142asnej samooceny.\",\"publisher\":{\"@id\":\"https:\\\/\\\/jogapiekna.com\\\/#organization\"},\"potentialAction\":[{\"@type\":\"SearchAction\",\"target\":{\"@type\":\"EntryPoint\",\"urlTemplate\":\"https:\\\/\\\/jogapiekna.com\\\/?s={search_term_string}\"},\"query-input\":{\"@type\":\"PropertyValueSpecification\",\"valueRequired\":true,\"valueName\":\"search_term_string\"}}],\"inLanguage\":\"en-GB\"},{\"@type\":\"Organization\",\"@id\":\"https:\\\/\\\/jogapiekna.com\\\/#organization\",\"name\":\"Joga Pi\u0119kna Marta Kuci\u0144ska\",\"url\":\"https:\\\/\\\/jogapiekna.com\\\/\",\"logo\":{\"@type\":\"ImageObject\",\"inLanguage\":\"en-GB\",\"@id\":\"https:\\\/\\\/jogapiekna.com\\\/#\\\/schema\\\/logo\\\/image\\\/\",\"url\":\"https:\\\/\\\/jogapiekna.com\\\/wp-content\\\/uploads\\\/2022\\\/09\\\/joga-piekna-logo_Rka.png\",\"contentUrl\":\"https:\\\/\\\/jogapiekna.com\\\/wp-content\\\/uploads\\\/2022\\\/09\\\/joga-piekna-logo_Rka.png\",\"width\":231,\"height\":124,\"caption\":\"Joga Pi\u0119kna Marta Kuci\u0144ska\"},\"image\":{\"@id\":\"https:\\\/\\\/jogapiekna.com\\\/#\\\/schema\\\/logo\\\/image\\\/\"},\"sameAs\":[\"https:\\\/\\\/www.facebook.com\\\/JogaPieknaCom\\\/\",\"https:\\\/\\\/www.instagram.com\\\/jogapieknacom\\\/\"]}]}<\/script>\n<!-- \/ Yoast SEO plugin. -->","yoast_head_json":{"title":"Kapsu\u0142ki Pure Shilajit 100% Mumio \u2022 spos\u00f3b na zm\u0119czenie","description":"Zm\u0119czenie? Stres? Brak energii? Naturalny suplement Shilajeet, czyli Mumio w czystej postaci jest stosowany w Ajurwedzie od tysi\u0119cy lat. Zam\u00f3w online.","robots":{"index":"index","follow":"follow","max-snippet":"max-snippet:-1","max-image-preview":"max-image-preview:large","max-video-preview":"max-video-preview:-1"},"canonical":"https:\/\/jogapiekna.com\/en\/product\/pure-shilajit-mumio-naturalny-suplement-na-zmeczenie-60-kapsulek\/","og_locale":"en_GB","og_type":"article","og_title":"Kapsu\u0142ki Pure Shilajit 100% Mumio \u2022 spos\u00f3b na zm\u0119czenie","og_description":"Zm\u0119czenie? Stres? Brak energii? Naturalny suplement Shilajeet, czyli Mumio w czystej postaci jest stosowany w Ajurwedzie od tysi\u0119cy lat. Zam\u00f3w online.","og_url":"https:\/\/jogapiekna.com\/en\/product\/pure-shilajit-mumio-naturalny-suplement-na-zmeczenie-60-kapsulek\/","og_site_name":"JOGA PI\u0118KNA | Joga Twarzy","article_publisher":"https:\/\/www.facebook.com\/JogaPieknaCom\/","article_modified_time":"2026-02-07T21:44:03+00:00","og_image":[{"width":1000,"height":1000,"url":"https:\/\/jogapiekna.com\/wp-content\/uploads\/2023\/06\/Pure-Shilajit-naturalny-suplement-na-zmeczenie.jpg","type":"image\/jpeg"}],"twitter_card":"summary_large_image","twitter_misc":{"Estimated reading time":"4 minutes"},"schema":{"@context":"https:\/\/schema.org","@graph":[{"@type":"WebPage","@id":"https:\/\/jogapiekna.com\/produkt\/pure-shilajit-mumio-naturalny-suplement-na-zmeczenie-60-kapsulek\/","url":"https:\/\/jogapiekna.com\/produkt\/pure-shilajit-mumio-naturalny-suplement-na-zmeczenie-60-kapsulek\/","name":"Kapsu\u0142ki Pure Shilajit 100% Mumio \u2022 spos\u00f3b na zm\u0119czenie","isPartOf":{"@id":"https:\/\/jogapiekna.com\/#website"},"primaryImageOfPage":{"@id":"https:\/\/jogapiekna.com\/produkt\/pure-shilajit-mumio-naturalny-suplement-na-zmeczenie-60-kapsulek\/#primaryimage"},"image":{"@id":"https:\/\/jogapiekna.com\/produkt\/pure-shilajit-mumio-naturalny-suplement-na-zmeczenie-60-kapsulek\/#primaryimage"},"thumbnailUrl":"https:\/\/jogapiekna.com\/wp-content\/uploads\/2023\/06\/Pure-Shilajit-naturalny-suplement-na-zmeczenie.jpg","datePublished":"2023-06-29T16:16:49+00:00","dateModified":"2026-02-07T21:44:03+00:00","description":"Zm\u0119czenie? Stres? Brak energii? Naturalny suplement Shilajeet, czyli Mumio w czystej postaci jest stosowany w Ajurwedzie od tysi\u0119cy lat. Zam\u00f3w online.","breadcrumb":{"@id":"https:\/\/jogapiekna.com\/produkt\/pure-shilajit-mumio-naturalny-suplement-na-zmeczenie-60-kapsulek\/#breadcrumb"},"inLanguage":"en-GB","potentialAction":[{"@type":"ReadAction","target":["https:\/\/jogapiekna.com\/produkt\/pure-shilajit-mumio-naturalny-suplement-na-zmeczenie-60-kapsulek\/"]}]},{"@type":"ImageObject","inLanguage":"en-GB","@id":"https:\/\/jogapiekna.com\/produkt\/pure-shilajit-mumio-naturalny-suplement-na-zmeczenie-60-kapsulek\/#primaryimage","url":"https:\/\/jogapiekna.com\/wp-content\/uploads\/2023\/06\/Pure-Shilajit-naturalny-suplement-na-zmeczenie.jpg","contentUrl":"https:\/\/jogapiekna.com\/wp-content\/uploads\/2023\/06\/Pure-Shilajit-naturalny-suplement-na-zmeczenie.jpg","width":1000,"height":1000,"caption":"Pure Shilajit \u2022 Mumio \u2022 naturalny suplement na zm\u0119czenie \u2022 60 kapsu\u0142ek"},{"@type":"BreadcrumbList","@id":"https:\/\/jogapiekna.com\/produkt\/pure-shilajit-mumio-naturalny-suplement-na-zmeczenie-60-kapsulek\/#breadcrumb","itemListElement":[{"@type":"ListItem","position":1,"name":"Strona g\u0142\u00f3wna","item":"https:\/\/jogapiekna.com\/"},{"@type":"ListItem","position":2,"name":"Sklep","item":"https:\/\/jogapiekna.com\/sklep\/"},{"@type":"ListItem","position":3,"name":"Pure Shilajit \u2022 naturalny suplement na zm\u0119czenie \u2022 60 kapsu\u0142ek"}]},{"@type":"WebSite","@id":"https:\/\/jogapiekna.com\/#website","url":"https:\/\/jogapiekna.com\/","name":"Yoga Beauty Marta Kuci\u0144ska","description":"Beauty Yoga helps women to maintain their beauty, reverse the signs of passing time and fatigue, regain a radiant appearance, natural smile and improve their self-esteem.","publisher":{"@id":"https:\/\/jogapiekna.com\/#organization"},"potentialAction":[{"@type":"SearchAction","target":{"@type":"EntryPoint","urlTemplate":"https:\/\/jogapiekna.com\/?s={search_term_string}"},"query-input":{"@type":"PropertyValueSpecification","valueRequired":true,"valueName":"search_term_string"}}],"inLanguage":"en-GB"},{"@type":"Organization","@id":"https:\/\/jogapiekna.com\/#organization","name":"Yoga Beauty Marta Kuci\u0144ska","url":"https:\/\/jogapiekna.com\/","logo":{"@type":"ImageObject","inLanguage":"en-GB","@id":"https:\/\/jogapiekna.com\/#\/schema\/logo\/image\/","url":"https:\/\/jogapiekna.com\/wp-content\/uploads\/2022\/09\/joga-piekna-logo_Rka.png","contentUrl":"https:\/\/jogapiekna.com\/wp-content\/uploads\/2022\/09\/joga-piekna-logo_Rka.png","width":231,"height":124,"caption":"Joga Pi\u0119kna Marta Kuci\u0144ska"},"image":{"@id":"https:\/\/jogapiekna.com\/#\/schema\/logo\/image\/"},"sameAs":["https:\/\/www.facebook.com\/JogaPieknaCom\/","https:\/\/www.instagram.com\/jogapieknacom\/"]}]}},"_links":{"self":[{"href":"https:\/\/jogapiekna.com\/en\/wp-json\/wp\/v2\/product\/128827","targetHints":{"allow":["GET"]}}],"collection":[{"href":"https:\/\/jogapiekna.com\/en\/wp-json\/wp\/v2\/product"}],"about":[{"href":"https:\/\/jogapiekna.com\/en\/wp-json\/wp\/v2\/types\/product"}],"replies":[{"embeddable":true,"href":"https:\/\/jogapiekna.com\/en\/wp-json\/wp\/v2\/comments?post=128827"}],"version-history":[{"count":1,"href":"https:\/\/jogapiekna.com\/en\/wp-json\/wp\/v2\/product\/128827\/revisions"}],"predecessor-version":[{"id":212834,"href":"https:\/\/jogapiekna.com\/en\/wp-json\/wp\/v2\/product\/128827\/revisions\/212834"}],"wp:featuredmedia":[{"embeddable":true,"href":"https:\/\/jogapiekna.com\/en\/wp-json\/wp\/v2\/media\/128826"}],"wp:attachment":[{"href":"https:\/\/jogapiekna.com\/en\/wp-json\/wp\/v2\/media?parent=128827"}],"wp:term":[{"taxonomy":"product_brand","embeddable":true,"href":"https:\/\/jogapiekna.com\/en\/wp-json\/wp\/v2\/product_brand?post=128827"},{"taxonomy":"product_cat","embeddable":true,"href":"https:\/\/jogapiekna.com\/en\/wp-json\/wp\/v2\/product_cat?post=128827"},{"taxonomy":"product_tag","embeddable":true,"href":"https:\/\/jogapiekna.com\/en\/wp-json\/wp\/v2\/product_tag?post=128827"}],"curies":[{"name":"wp","href":"https:\/\/api.w.org\/{rel}","templated":true}]}}