{"id":131912,"date":"2023-08-04T11:31:30","date_gmt":"2023-08-04T09:31:30","guid":{"rendered":"https:\/\/jogapiekna.com\/?post_type=product&#038;p=131912"},"modified":"2026-04-02T11:59:51","modified_gmt":"2026-04-02T09:59:51","slug":"olejek-eteryczny-doterra-tymianek-thyme-15-ml","status":"publish","type":"product","link":"https:\/\/jogapiekna.com\/en\/product\/olejek-eteryczny-doterra-tymianek-thyme-15-ml\/","title":{"rendered":"doTERRA Essential Oil * thyme * thyme * 15 ml"},"content":{"rendered":"<p>More than just a delicious spice, the perennial herb also produces a powerful essential oil with powerful benefits. Thyme has been used since ancient times to support the immune and respiratory systems and the healthy appearance of the skin. It has also been used as a cleansing and preserving agent.<\/p>\n<p>The main chemical component of thyme oil is thymol. Thymol supports healthy immune function and provides antioxidant support. Another ingredient in thyme is carvacrol. Carvacrol also has antioxidant properties and supports the health of the cardiovascular, immune, respiratory, musculoskeletal, digestive and nervous systems. Both thymol and carvacrol also have a cleansing effect.<\/p>\n<p>Because of its high thymol content, thyme should always be diluted with carrier oil before topical application.<\/p>\n<p>&nbsp;<br \/>\n<strong>indication:<\/strong><br \/>\n* Take orally to support a healthy immune response.<br \/>\n* Dilute with carrier oil and apply topically to make your skin look healthy.<br \/>\n* Spray to freshen the air.<br \/>\n* Add to recipes for a fresh herbal flavor.<\/p>\n<p>&nbsp;<br \/>\n<strong>How to use:<\/strong><\/p>\n<p>\u2022 <strong>Aromatic application:<\/strong>\u00a0Add three to four drops to the diffuser of your choice.\u2028<br \/>\n\u2022 <strong>Local application:<\/strong>\u00a0Dilute one drop of essential oil with 10 drops of carrier oil to minimize skin sensitivity. See additional precautions below.\u2028<br \/>\n\u2022 <strong>Internal use:<\/strong>\u00a0Dilute one drop in four fl oz of water.<\/p>\n<p><strong>Attention!<\/strong><br \/>\nThis may cause skin irritation. Keep out of reach of children. Consult your doctor if you are pregnant or undergoing treatment. Avoid contact with the eyes, the inside of the ears, and other sensitive areas of the body.<\/p>\n<p><strong>All doTERRA oils are clean and safe. They are certified CPTG (Certified Pure Therapeutic Grade\u00ae) - certified pure therapeutic grade.<\/strong> They can be safely used internally, lubricated the body, and inhaled.<\/p>\n<p><strong>CPTG-Certified Pure Therapeutic Grade (ACKT-Certified Pure therapeutic Grade)<\/strong> doTERRA oils, which makes it absolutely safe to use oils orally (those intended for internal use), as well as in small children.<\/p>\n<p>What does such a certificate mean?<\/p>\n<ul>\n<li>quality without pesticides and heavy metals,<\/li>\n<li>no artificial colors or fillers,<\/li>\n<li>kontrolowane uprawy na obszarach, gdzie naturalnie wyst\u0119puje dana ro\u015blina i zbieranie jej w optymalnym momencie<\/li>\n<li>brak domieszek olejk\u00f3w z innych ro\u015blinnych<\/li>\n<li>brak domieszek olejk\u00f3w syntetycznych<\/li>\n<\/ul>","protected":false},"excerpt":{"rendered":"<p>15 ml \/ 300 drops<\/p>","protected":false},"featured_media":131911,"comment_status":"closed","ping_status":"closed","template":"","meta":{"_acf_changed":false,"site-sidebar-layout":"default","site-content-layout":"","ast-site-content-layout":"default","site-content-style":"default","site-sidebar-style":"default","ast-global-header-display":"","ast-banner-title-visibility":"","ast-main-header-display":"","ast-hfb-above-header-display":"","ast-hfb-below-header-display":"","ast-hfb-mobile-header-display":"","site-post-title":"","ast-breadcrumbs-content":"","ast-featured-img":"","footer-sml-layout":"","ast-disable-related-posts":"","theme-transparent-header-meta":"","adv-header-id-meta":"","stick-header-meta":"","header-above-stick-meta":"","header-main-stick-meta":"","header-below-stick-meta":"","astra-migrate-meta-layouts":"default","ast-page-background-enabled":"default","ast-page-background-meta":{"desktop":{"background-color":"var(--ast-global-color-5)","background-image":"","background-repeat":"repeat","background-position":"center center","background-size":"auto","background-attachment":"scroll","background-type":"","background-media":"","overlay-type":"","overlay-color":"","overlay-opacity":"","overlay-gradient":""},"tablet":{"background-color":"","background-image":"","background-repeat":"repeat","background-position":"center center","background-size":"auto","background-attachment":"scroll","background-type":"","background-media":"","overlay-type":"","overlay-color":"","overlay-opacity":"","overlay-gradient":""},"mobile":{"background-color":"","background-image":"","background-repeat":"repeat","background-position":"center center","background-size":"auto","background-attachment":"scroll","background-type":"","background-media":"","overlay-type":"","overlay-color":"","overlay-opacity":"","overlay-gradient":""}},"ast-content-background-meta":{"desktop":{"background-color":"var(--ast-global-color-4)","background-image":"","background-repeat":"repeat","background-position":"center center","background-size":"auto","background-attachment":"scroll","background-type":"","background-media":"","overlay-type":"","overlay-color":"","overlay-opacity":"","overlay-gradient":""},"tablet":{"background-color":"var(--ast-global-color-4)","background-image":"","background-repeat":"repeat","background-position":"center center","background-size":"auto","background-attachment":"scroll","background-type":"","background-media":"","overlay-type":"","overlay-color":"","overlay-opacity":"","overlay-gradient":""},"mobile":{"background-color":"var(--ast-global-color-4)","background-image":"","background-repeat":"repeat","background-position":"center center","background-size":"auto","background-attachment":"scroll","background-type":"","background-media":"","overlay-type":"","overlay-color":"","overlay-opacity":"","overlay-gradient":""}}},"product_brand":[],"product_cat":[642],"product_tag":[157,144,57,719,718],"class_list":{"0":"post-131912","1":"product","2":"type-product","3":"status-publish","4":"has-post-thumbnail","6":"product_cat-olejki-eteryczne","7":"product_tag-aromaterapia","8":"product_tag-doterra","9":"product_tag-olejek-eteryczny","10":"product_tag-thyme","11":"product_tag-tymianek","12":"desktop-align-left","13":"tablet-align-left","14":"mobile-align-left","16":"first","17":"instock","18":"taxable","19":"shipping-taxable","20":"purchasable","21":"product-type-simple"},"acf":[],"yoast_head":"<!-- This site is optimized with the Yoast SEO plugin v27.2 - https:\/\/yoast.com\/product\/yoast-seo-wordpress\/ -->\n<title>OLEJEK eteryczny doTERRA \u2022 Tymianek \u2022 Thyme \u2022 15 ml<\/title>\n<meta name=\"description\" content=\"Tymianek by\u0142 u\u017cywany od czas\u00f3w staro\u017cytnych do wspomagania uk\u0142adu odporno\u015bciowego i oddechowego oraz zdrowego wygl\u0105du sk\u00f3ry.\u00a0By\u0142 r\u00f3wnie\u017c u\u017cywany jako \u015brodek oczyszczaj\u0105cy i konserwuj\u0105cy.\" \/>\n<meta name=\"robots\" content=\"index, follow, max-snippet:-1, max-image-preview:large, max-video-preview:-1\" \/>\n<link rel=\"canonical\" href=\"https:\/\/jogapiekna.com\/en\/product\/olejek-eteryczny-doterra-tymianek-thyme-15-ml\/\" \/>\n<meta property=\"og:locale\" content=\"en_GB\" \/>\n<meta property=\"og:type\" content=\"article\" \/>\n<meta property=\"og:title\" content=\"OLEJEK eteryczny doTERRA \u2022 Tymianek \u2022 Thyme \u2022 15 ml\" \/>\n<meta property=\"og:description\" content=\"Tymianek by\u0142 u\u017cywany od czas\u00f3w staro\u017cytnych do wspomagania uk\u0142adu odporno\u015bciowego i oddechowego oraz zdrowego wygl\u0105du sk\u00f3ry.\u00a0By\u0142 r\u00f3wnie\u017c u\u017cywany jako \u015brodek oczyszczaj\u0105cy i konserwuj\u0105cy.\" \/>\n<meta property=\"og:url\" content=\"https:\/\/jogapiekna.com\/en\/product\/olejek-eteryczny-doterra-tymianek-thyme-15-ml\/\" \/>\n<meta property=\"og:site_name\" content=\"JOGA PI\u0118KNA | Joga Twarzy\" \/>\n<meta property=\"article:publisher\" content=\"https:\/\/www.facebook.com\/JogaPieknaCom\/\" \/>\n<meta property=\"article:modified_time\" content=\"2026-04-02T09:59:51+00:00\" \/>\n<meta property=\"og:image\" content=\"https:\/\/jogapiekna.com\/wp-content\/uploads\/2023\/08\/joga-piekna_olejek-thyme-doterra.jpg\" \/>\n\t<meta property=\"og:image:width\" content=\"1000\" \/>\n\t<meta property=\"og:image:height\" content=\"1000\" \/>\n\t<meta property=\"og:image:type\" content=\"image\/jpeg\" \/>\n<meta name=\"twitter:card\" content=\"summary_large_image\" \/>\n<meta name=\"twitter:label1\" content=\"Estimated reading time\" \/>\n\t<meta name=\"twitter:data1\" content=\"2 minutes\" \/>\n<script type=\"application\/ld+json\" class=\"yoast-schema-graph\">{\"@context\":\"https:\/\/schema.org\",\"@graph\":[{\"@type\":\"WebPage\",\"@id\":\"https:\/\/jogapiekna.com\/produkt\/olejek-eteryczny-doterra-tymianek-thyme-15-ml\/\",\"url\":\"https:\/\/jogapiekna.com\/produkt\/olejek-eteryczny-doterra-tymianek-thyme-15-ml\/\",\"name\":\"OLEJEK eteryczny doTERRA \u2022 Tymianek \u2022 Thyme \u2022 15 ml\",\"isPartOf\":{\"@id\":\"https:\/\/jogapiekna.com\/#website\"},\"primaryImageOfPage\":{\"@id\":\"https:\/\/jogapiekna.com\/produkt\/olejek-eteryczny-doterra-tymianek-thyme-15-ml\/#primaryimage\"},\"image\":{\"@id\":\"https:\/\/jogapiekna.com\/produkt\/olejek-eteryczny-doterra-tymianek-thyme-15-ml\/#primaryimage\"},\"thumbnailUrl\":\"https:\/\/jogapiekna.com\/wp-content\/uploads\/2023\/08\/joga-piekna_olejek-thyme-doterra.jpg\",\"datePublished\":\"2023-08-04T09:31:30+00:00\",\"dateModified\":\"2026-04-02T09:59:51+00:00\",\"description\":\"Tymianek by\u0142 u\u017cywany od czas\u00f3w staro\u017cytnych do wspomagania uk\u0142adu odporno\u015bciowego i oddechowego oraz zdrowego wygl\u0105du sk\u00f3ry.\u00a0By\u0142 r\u00f3wnie\u017c u\u017cywany jako \u015brodek oczyszczaj\u0105cy i konserwuj\u0105cy.\",\"breadcrumb\":{\"@id\":\"https:\/\/jogapiekna.com\/produkt\/olejek-eteryczny-doterra-tymianek-thyme-15-ml\/#breadcrumb\"},\"inLanguage\":\"en-GB\",\"potentialAction\":[{\"@type\":\"ReadAction\",\"target\":[\"https:\/\/jogapiekna.com\/produkt\/olejek-eteryczny-doterra-tymianek-thyme-15-ml\/\"]}]},{\"@type\":\"ImageObject\",\"inLanguage\":\"en-GB\",\"@id\":\"https:\/\/jogapiekna.com\/produkt\/olejek-eteryczny-doterra-tymianek-thyme-15-ml\/#primaryimage\",\"url\":\"https:\/\/jogapiekna.com\/wp-content\/uploads\/2023\/08\/joga-piekna_olejek-thyme-doterra.jpg\",\"contentUrl\":\"https:\/\/jogapiekna.com\/wp-content\/uploads\/2023\/08\/joga-piekna_olejek-thyme-doterra.jpg\",\"width\":1000,\"height\":1000,\"caption\":\"OLEJEK eteryczny doTERRA \u2022 Tymianek \u2022 Thyme \u2022 15 ml\"},{\"@type\":\"BreadcrumbList\",\"@id\":\"https:\/\/jogapiekna.com\/produkt\/olejek-eteryczny-doterra-tymianek-thyme-15-ml\/#breadcrumb\",\"itemListElement\":[{\"@type\":\"ListItem\",\"position\":1,\"name\":\"Strona g\u0142\u00f3wna\",\"item\":\"https:\/\/jogapiekna.com\/\"},{\"@type\":\"ListItem\",\"position\":2,\"name\":\"Sklep\",\"item\":\"https:\/\/jogapiekna.com\/sklep\/\"},{\"@type\":\"ListItem\",\"position\":3,\"name\":\"OLEJEK eteryczny doTERRA \u2022 Tymianek \u2022 Thyme \u2022 15 ml\"}]},{\"@type\":\"WebSite\",\"@id\":\"https:\/\/jogapiekna.com\/#website\",\"url\":\"https:\/\/jogapiekna.com\/\",\"name\":\"Joga Pi\u0119kna Marta Kuci\u0144ska\",\"description\":\"Joga Pi\u0119kna pomaga kobietom zachowa\u0107 urod\u0119, cofn\u0105\u0107 oznaki up\u0142ywaj\u0105cego czasu i zm\u0119czenia, odzyska\u0107 promienny wygl\u0105d, naturalny u\u015bmiech i popraw\u0119 w\u0142asnej samooceny.\",\"publisher\":{\"@id\":\"https:\/\/jogapiekna.com\/#organization\"},\"potentialAction\":[{\"@type\":\"SearchAction\",\"target\":{\"@type\":\"EntryPoint\",\"urlTemplate\":\"https:\/\/jogapiekna.com\/?s={search_term_string}\"},\"query-input\":{\"@type\":\"PropertyValueSpecification\",\"valueRequired\":true,\"valueName\":\"search_term_string\"}}],\"inLanguage\":\"en-GB\"},{\"@type\":\"Organization\",\"@id\":\"https:\/\/jogapiekna.com\/#organization\",\"name\":\"Joga Pi\u0119kna Marta Kuci\u0144ska\",\"url\":\"https:\/\/jogapiekna.com\/\",\"logo\":{\"@type\":\"ImageObject\",\"inLanguage\":\"en-GB\",\"@id\":\"https:\/\/jogapiekna.com\/#\/schema\/logo\/image\/\",\"url\":\"https:\/\/jogapiekna.com\/wp-content\/uploads\/2022\/09\/joga-piekna-logo_Rka.png\",\"contentUrl\":\"https:\/\/jogapiekna.com\/wp-content\/uploads\/2022\/09\/joga-piekna-logo_Rka.png\",\"width\":231,\"height\":124,\"caption\":\"Joga Pi\u0119kna Marta Kuci\u0144ska\"},\"image\":{\"@id\":\"https:\/\/jogapiekna.com\/#\/schema\/logo\/image\/\"},\"sameAs\":[\"https:\/\/www.facebook.com\/JogaPieknaCom\/\",\"https:\/\/www.instagram.com\/jogapieknacom\/\"]}]}<\/script>\n<!-- \/ Yoast SEO plugin. -->","yoast_head_json":{"title":"OLEJEK eteryczny doTERRA \u2022 Tymianek \u2022 Thyme \u2022 15 ml","description":"Tymianek by\u0142 u\u017cywany od czas\u00f3w staro\u017cytnych do wspomagania uk\u0142adu odporno\u015bciowego i oddechowego oraz zdrowego wygl\u0105du sk\u00f3ry.\u00a0By\u0142 r\u00f3wnie\u017c u\u017cywany jako \u015brodek oczyszczaj\u0105cy i konserwuj\u0105cy.","robots":{"index":"index","follow":"follow","max-snippet":"max-snippet:-1","max-image-preview":"max-image-preview:large","max-video-preview":"max-video-preview:-1"},"canonical":"https:\/\/jogapiekna.com\/en\/product\/olejek-eteryczny-doterra-tymianek-thyme-15-ml\/","og_locale":"en_GB","og_type":"article","og_title":"OLEJEK eteryczny doTERRA \u2022 Tymianek \u2022 Thyme \u2022 15 ml","og_description":"Tymianek by\u0142 u\u017cywany od czas\u00f3w staro\u017cytnych do wspomagania uk\u0142adu odporno\u015bciowego i oddechowego oraz zdrowego wygl\u0105du sk\u00f3ry.\u00a0By\u0142 r\u00f3wnie\u017c u\u017cywany jako \u015brodek oczyszczaj\u0105cy i konserwuj\u0105cy.","og_url":"https:\/\/jogapiekna.com\/en\/product\/olejek-eteryczny-doterra-tymianek-thyme-15-ml\/","og_site_name":"JOGA PI\u0118KNA | Joga Twarzy","article_publisher":"https:\/\/www.facebook.com\/JogaPieknaCom\/","article_modified_time":"2026-04-02T09:59:51+00:00","og_image":[{"width":1000,"height":1000,"url":"https:\/\/jogapiekna.com\/wp-content\/uploads\/2023\/08\/joga-piekna_olejek-thyme-doterra.jpg","type":"image\/jpeg"}],"twitter_card":"summary_large_image","twitter_misc":{"Estimated reading time":"2 minutes"},"schema":{"@context":"https:\/\/schema.org","@graph":[{"@type":"WebPage","@id":"https:\/\/jogapiekna.com\/produkt\/olejek-eteryczny-doterra-tymianek-thyme-15-ml\/","url":"https:\/\/jogapiekna.com\/produkt\/olejek-eteryczny-doterra-tymianek-thyme-15-ml\/","name":"OLEJEK eteryczny doTERRA \u2022 Tymianek \u2022 Thyme \u2022 15 ml","isPartOf":{"@id":"https:\/\/jogapiekna.com\/#website"},"primaryImageOfPage":{"@id":"https:\/\/jogapiekna.com\/produkt\/olejek-eteryczny-doterra-tymianek-thyme-15-ml\/#primaryimage"},"image":{"@id":"https:\/\/jogapiekna.com\/produkt\/olejek-eteryczny-doterra-tymianek-thyme-15-ml\/#primaryimage"},"thumbnailUrl":"https:\/\/jogapiekna.com\/wp-content\/uploads\/2023\/08\/joga-piekna_olejek-thyme-doterra.jpg","datePublished":"2023-08-04T09:31:30+00:00","dateModified":"2026-04-02T09:59:51+00:00","description":"Tymianek by\u0142 u\u017cywany od czas\u00f3w staro\u017cytnych do wspomagania uk\u0142adu odporno\u015bciowego i oddechowego oraz zdrowego wygl\u0105du sk\u00f3ry.\u00a0By\u0142 r\u00f3wnie\u017c u\u017cywany jako \u015brodek oczyszczaj\u0105cy i konserwuj\u0105cy.","breadcrumb":{"@id":"https:\/\/jogapiekna.com\/produkt\/olejek-eteryczny-doterra-tymianek-thyme-15-ml\/#breadcrumb"},"inLanguage":"en-GB","potentialAction":[{"@type":"ReadAction","target":["https:\/\/jogapiekna.com\/produkt\/olejek-eteryczny-doterra-tymianek-thyme-15-ml\/"]}]},{"@type":"ImageObject","inLanguage":"en-GB","@id":"https:\/\/jogapiekna.com\/produkt\/olejek-eteryczny-doterra-tymianek-thyme-15-ml\/#primaryimage","url":"https:\/\/jogapiekna.com\/wp-content\/uploads\/2023\/08\/joga-piekna_olejek-thyme-doterra.jpg","contentUrl":"https:\/\/jogapiekna.com\/wp-content\/uploads\/2023\/08\/joga-piekna_olejek-thyme-doterra.jpg","width":1000,"height":1000,"caption":"OLEJEK eteryczny doTERRA \u2022 Tymianek \u2022 Thyme \u2022 15 ml"},{"@type":"BreadcrumbList","@id":"https:\/\/jogapiekna.com\/produkt\/olejek-eteryczny-doterra-tymianek-thyme-15-ml\/#breadcrumb","itemListElement":[{"@type":"ListItem","position":1,"name":"Strona g\u0142\u00f3wna","item":"https:\/\/jogapiekna.com\/"},{"@type":"ListItem","position":2,"name":"Sklep","item":"https:\/\/jogapiekna.com\/sklep\/"},{"@type":"ListItem","position":3,"name":"OLEJEK eteryczny doTERRA \u2022 Tymianek \u2022 Thyme \u2022 15 ml"}]},{"@type":"WebSite","@id":"https:\/\/jogapiekna.com\/#website","url":"https:\/\/jogapiekna.com\/","name":"Yoga Beauty Marta Kuci\u0144ska","description":"Beauty Yoga helps women to maintain their beauty, reverse the signs of passing time and fatigue, regain a radiant appearance, natural smile and improve their self-esteem.","publisher":{"@id":"https:\/\/jogapiekna.com\/#organization"},"potentialAction":[{"@type":"SearchAction","target":{"@type":"EntryPoint","urlTemplate":"https:\/\/jogapiekna.com\/?s={search_term_string}"},"query-input":{"@type":"PropertyValueSpecification","valueRequired":true,"valueName":"search_term_string"}}],"inLanguage":"en-GB"},{"@type":"Organization","@id":"https:\/\/jogapiekna.com\/#organization","name":"Yoga Beauty Marta Kuci\u0144ska","url":"https:\/\/jogapiekna.com\/","logo":{"@type":"ImageObject","inLanguage":"en-GB","@id":"https:\/\/jogapiekna.com\/#\/schema\/logo\/image\/","url":"https:\/\/jogapiekna.com\/wp-content\/uploads\/2022\/09\/joga-piekna-logo_Rka.png","contentUrl":"https:\/\/jogapiekna.com\/wp-content\/uploads\/2022\/09\/joga-piekna-logo_Rka.png","width":231,"height":124,"caption":"Joga Pi\u0119kna Marta Kuci\u0144ska"},"image":{"@id":"https:\/\/jogapiekna.com\/#\/schema\/logo\/image\/"},"sameAs":["https:\/\/www.facebook.com\/JogaPieknaCom\/","https:\/\/www.instagram.com\/jogapieknacom\/"]}]}},"_links":{"self":[{"href":"https:\/\/jogapiekna.com\/en\/wp-json\/wp\/v2\/product\/131912","targetHints":{"allow":["GET"]}}],"collection":[{"href":"https:\/\/jogapiekna.com\/en\/wp-json\/wp\/v2\/product"}],"about":[{"href":"https:\/\/jogapiekna.com\/en\/wp-json\/wp\/v2\/types\/product"}],"replies":[{"embeddable":true,"href":"https:\/\/jogapiekna.com\/en\/wp-json\/wp\/v2\/comments?post=131912"}],"version-history":[{"count":1,"href":"https:\/\/jogapiekna.com\/en\/wp-json\/wp\/v2\/product\/131912\/revisions"}],"predecessor-version":[{"id":211217,"href":"https:\/\/jogapiekna.com\/en\/wp-json\/wp\/v2\/product\/131912\/revisions\/211217"}],"wp:featuredmedia":[{"embeddable":true,"href":"https:\/\/jogapiekna.com\/en\/wp-json\/wp\/v2\/media\/131911"}],"wp:attachment":[{"href":"https:\/\/jogapiekna.com\/en\/wp-json\/wp\/v2\/media?parent=131912"}],"wp:term":[{"taxonomy":"product_brand","embeddable":true,"href":"https:\/\/jogapiekna.com\/en\/wp-json\/wp\/v2\/product_brand?post=131912"},{"taxonomy":"product_cat","embeddable":true,"href":"https:\/\/jogapiekna.com\/en\/wp-json\/wp\/v2\/product_cat?post=131912"},{"taxonomy":"product_tag","embeddable":true,"href":"https:\/\/jogapiekna.com\/en\/wp-json\/wp\/v2\/product_tag?post=131912"}],"curies":[{"name":"wp","href":"https:\/\/api.w.org\/{rel}","templated":true}]}}