{"id":134484,"date":"2023-09-06T15:17:00","date_gmt":"2023-09-06T13:17:00","guid":{"rendered":"https:\/\/jogapiekna.com\/?post_type=product&#038;p=134484"},"modified":"2026-04-04T16:22:22","modified_gmt":"2026-04-04T14:22:22","slug":"plytka-guasha-ze-stali-nierdzewnej-odporna-na-uszkodzenia","status":"publish","type":"product","link":"https:\/\/jogapiekna.com\/en\/product\/plytka-guasha-ze-stali-nierdzewnej-odporna-na-uszkodzenia\/","title":{"rendered":"GuaSha stainless steel plate \/ resistant to damage"},"content":{"rendered":"<p>If you accidentally broke a Gouache stone or often travel and carry your massagers in a suitcase \u2013 <strong>stainless steel plate<\/strong> this solution is created just for you. This material is completely unbreakable, resistant to damage and cracks. Successful p<strong>it falls from a height<\/strong>. <\/p>\n<p>In addition, stainless steel is often used in kitchen settings \u2013 <strong>does not absorb bacteria<\/strong>which can be transmitted to the skin during massage. It is also hypoallergenic, meaning it does not cause allergic reactions. This is very important, especially if you are prone to breakouts and your skin is sensitive and prone to irritation.<\/p>\n<p>&nbsp;<\/p>\n<h2>Why use a Gouache massage?<\/h2>\n<p>Regular Gouache massage is one of the easiest ways to get rid of morning puffiness on the face. It stimulates the circulation of blood and lymph, strengthens and oxygenates the skin, relaxes tense muscles and facilitates the cleansing of tissues from toxins. <\/p>\n<p>If you include it in your daily routine, wrinkles will become noticeably smaller, and the skin of the face and neck will become more dense. Improve muscle mobility and overall facial condition. <\/p>\n<p>In addition, each gouache ritual is incredibly relaxing. This reduces stress and tension, which can have a positive effect on your well-being.<\/p>\n<p>&nbsp;<\/p>\n<h2> How does a gouache stone differ from a stainless steel tile?  <\/h2>\n<p>Gouache stone is usually made from natural minerals such as <a href=\"https:\/\/jogapiekna.com\/en\/product\/masazer-kamien-gua-sha-kwarc-rozowy\/\">rose quartz<\/a>, <a href=\"https:\/\/jogapiekna.com\/en\/product-category\/akcesoria\/page\/2\/\">amethyst<\/a> or <a href=\"https:\/\/jogapiekna.com\/en\/product\/masazer-joga-piekna-do-masazu-twarzy-szyi-i-dekoltu-kamien-gua-sha-obsydian-czarny\/\">obsidian<\/a>, as long as <strong>stainless steel plate<\/strong> it is an alloy of iron with admixtures of chromium and other metals. It is an extremely strong material that is resistant to damage, breakage or cracks. <\/p>\n<p>Stainless steel plates have <strong>smooth<\/strong>, <strong>metal surface<\/strong>. They are slightly heavier compared to rocks. They are suitable for storing in the refrigerator, which allows you to conduct cool morning facial massages that reduce puffiness.<\/p>\n<p><strong>GuaSha Massage Effects with stainless steel plate <\/strong><\/p>\n<ul>\n<li>reduces puffiness on the face<\/li>\n<li>makes your face look slimmer <\/li>\n<li>accelerates the elimination of toxins and stimulates lymphatic drainage<\/li>\n<li>cheek contour <\/li>\n<li>calms hyperactive facial muscles, which prevents the formation of facial wrinkles <\/li>\n<li>strongly strengthens and oxygenates the skin<\/li>\n<li>stimulates collagen synthesis, which reduces the appearance of wrinkles<\/li>\n<li>massages tense muscles<\/li>\n<li>reduces second chin and lower jaw sagging <\/li>\n<\/ul>\n<p>&nbsp;<\/p>\n<h2>How to use the stainless steel gua sha massager?<\/h2>\n<ul>\n<li>Before starting the massage, the stainless steel Gouache plate can be cooled for several to ten minutes in the refrigerator(although, of course, not necessarily).  <\/li>\n<li>Then thoroughly clean your face and decollete.\u2028<\/li>\n<li>For a massage, apply a serum \/ oil or your favorite moisturizer. You can also use essential oils for massage, for example. <a href=\"https:\/\/jogapiekna.com\/en\/product\/citrus-glow-olejek-do-masazu-50ml\/\">Citrus Glow oil<\/a>.<\/li>\n<\/ul>\n<p>&nbsp;<\/p>\n<h3> How to get a Gouache massage?  <\/h3>\n<p>Guasha is a special form of traditional Chinese therapeutic massage that involves scraping the skin. Start the Gouache massage each time from the upper parts of the face, gradually going down, in accordance with the direction of the arrows-Fig. 1.<\/p>\n<p><img decoding=\"async\" class=\"alignleft size-full wp-image-10664\" src=\"https:\/\/jogapiekna.com\/wp-content\/uploads\/2020\/01\/kamien-gua-sha_technika.jpg\" alt=\"\" width=\"\u201e399\u201d\" height=\"\u201e600\u201d\" \/><\/p>\n<p>&nbsp;<\/p>\n<h2> Contraindications for Gouache facial massage  <\/h2>\n<ul>\n<li>damaged skin<\/li>\n<li>damaged veins<\/li>\n<li>highly capillary skin<\/li>\n<li>moles<\/li>\n<li>cuts and bruises<\/li>\n<li>extensive acne lesions<\/li>\n<li>rosacea in the active phase<\/li>\n<li>cancer diseases<\/li>\n<\/ul>","protected":false},"excerpt":{"rendered":"<p>A regular GuaSha massage with a stainless steel plate will strengthen the skin, reduce puffiness, smooth out fine lines and help you take care of a clear facial contour. Stainless steel <strong>resistant to any damage<\/strong> i <strong>does not absorb bacteria<\/strong>. This is the choice for you if you travel frequently or are looking for a strong, durable massager that will last you for years to come.<\/p>\n<p><strong>Size:<\/strong> 85mm x 55mm<br \/>\n<strong>Material:<\/strong> 100% stainless steel (grade 304) in silver<\/p>","protected":false},"featured_media":134489,"comment_status":"closed","ping_status":"closed","template":"","meta":{"_acf_changed":false,"site-sidebar-layout":"default","site-content-layout":"","ast-site-content-layout":"default","site-content-style":"default","site-sidebar-style":"default","ast-global-header-display":"","ast-banner-title-visibility":"","ast-main-header-display":"","ast-hfb-above-header-display":"","ast-hfb-below-header-display":"","ast-hfb-mobile-header-display":"","site-post-title":"","ast-breadcrumbs-content":"","ast-featured-img":"","footer-sml-layout":"","ast-disable-related-posts":"","theme-transparent-header-meta":"","adv-header-id-meta":"","stick-header-meta":"","header-above-stick-meta":"","header-main-stick-meta":"","header-below-stick-meta":"","astra-migrate-meta-layouts":"default","ast-page-background-enabled":"default","ast-page-background-meta":{"desktop":{"background-color":"var(--ast-global-color-5)","background-image":"","background-repeat":"repeat","background-position":"center center","background-size":"auto","background-attachment":"scroll","background-type":"","background-media":"","overlay-type":"","overlay-color":"","overlay-opacity":"","overlay-gradient":""},"tablet":{"background-color":"","background-image":"","background-repeat":"repeat","background-position":"center center","background-size":"auto","background-attachment":"scroll","background-type":"","background-media":"","overlay-type":"","overlay-color":"","overlay-opacity":"","overlay-gradient":""},"mobile":{"background-color":"","background-image":"","background-repeat":"repeat","background-position":"center center","background-size":"auto","background-attachment":"scroll","background-type":"","background-media":"","overlay-type":"","overlay-color":"","overlay-opacity":"","overlay-gradient":""}},"ast-content-background-meta":{"desktop":{"background-color":"var(--ast-global-color-4)","background-image":"","background-repeat":"repeat","background-position":"center center","background-size":"auto","background-attachment":"scroll","background-type":"","background-media":"","overlay-type":"","overlay-color":"","overlay-opacity":"","overlay-gradient":""},"tablet":{"background-color":"var(--ast-global-color-4)","background-image":"","background-repeat":"repeat","background-position":"center center","background-size":"auto","background-attachment":"scroll","background-type":"","background-media":"","overlay-type":"","overlay-color":"","overlay-opacity":"","overlay-gradient":""},"mobile":{"background-color":"var(--ast-global-color-4)","background-image":"","background-repeat":"repeat","background-position":"center center","background-size":"auto","background-attachment":"scroll","background-type":"","background-media":"","overlay-type":"","overlay-color":"","overlay-opacity":"","overlay-gradient":""}}},"product_brand":[],"product_cat":[21,611,620,610],"product_tag":[41,208,60,256,255,720],"class_list":{"0":"post-134484","1":"product","2":"type-product","3":"status-publish","4":"has-post-thumbnail","6":"product_cat-akcesoria","7":"product_cat-gua-sha-rollery","8":"product_cat-masaz-ciala","9":"product_cat-masaz-twarzy-i-szyi","10":"product_tag-joga-twarzy","11":"product_tag-kamien-gua-sha","12":"product_tag-masazer-do-twarzy","13":"product_tag-pielegnacja-skory","14":"product_tag-pielegnacja-twarzy","15":"product_tag-stal-nierdzewna","16":"desktop-align-left","17":"tablet-align-left","18":"mobile-align-left","20":"first","21":"instock","22":"taxable","23":"shipping-taxable","24":"purchasable","25":"product-type-simple"},"acf":[],"yoast_head":"<!-- This site is optimized with the Yoast SEO plugin v27.2 - https:\/\/yoast.com\/product\/yoast-seo-wordpress\/ -->\n<title>P\u0142ytka GuaSha ze stali nierdzewnej | odporna na st\u0142uczenia<\/title>\n<meta name=\"description\" content=\"Masa\u017c GuaSha p\u0142ytk\u0105 ze stali nierdzewnej redukuje obrz\u0119ki i uj\u0119drnia sk\u00f3r\u0119. To spos\u00f3b na wysmuklenie twarzy i popraw\u0119 kondycji cery. Zam\u00f3w online!\" \/>\n<meta name=\"robots\" content=\"index, follow, max-snippet:-1, max-image-preview:large, max-video-preview:-1\" \/>\n<link rel=\"canonical\" href=\"https:\/\/jogapiekna.com\/en\/product\/plytka-guasha-ze-stali-nierdzewnej-odporna-na-uszkodzenia\/\" \/>\n<meta property=\"og:locale\" content=\"en_GB\" \/>\n<meta property=\"og:type\" content=\"article\" \/>\n<meta property=\"og:title\" content=\"P\u0142ytka GuaSha ze stali nierdzewnej | odporna na st\u0142uczenia\" \/>\n<meta property=\"og:description\" content=\"Masa\u017c GuaSha p\u0142ytk\u0105 ze stali nierdzewnej redukuje obrz\u0119ki i uj\u0119drnia sk\u00f3r\u0119. To spos\u00f3b na wysmuklenie twarzy i popraw\u0119 kondycji cery. Zam\u00f3w online!\" \/>\n<meta property=\"og:url\" content=\"https:\/\/jogapiekna.com\/en\/product\/plytka-guasha-ze-stali-nierdzewnej-odporna-na-uszkodzenia\/\" \/>\n<meta property=\"og:site_name\" content=\"JOGA PI\u0118KNA | Joga Twarzy\" \/>\n<meta property=\"article:publisher\" content=\"https:\/\/www.facebook.com\/JogaPieknaCom\/\" \/>\n<meta property=\"article:modified_time\" content=\"2026-04-04T14:22:22+00:00\" \/>\n<meta property=\"og:image\" content=\"https:\/\/jogapiekna.com\/wp-content\/uploads\/2023\/09\/guasha-stal-nierdzewna-jogapiekna.jpg\" \/>\n\t<meta property=\"og:image:width\" content=\"1000\" \/>\n\t<meta property=\"og:image:height\" content=\"1000\" \/>\n\t<meta property=\"og:image:type\" content=\"image\/jpeg\" \/>\n<meta name=\"twitter:card\" content=\"summary_large_image\" \/>\n<meta name=\"twitter:label1\" content=\"Estimated reading time\" \/>\n\t<meta name=\"twitter:data1\" content=\"3 minutes\" \/>\n<script type=\"application\/ld+json\" class=\"yoast-schema-graph\">{\"@context\":\"https:\/\/schema.org\",\"@graph\":[{\"@type\":\"WebPage\",\"@id\":\"https:\/\/jogapiekna.com\/produkt\/plytka-guasha-ze-stali-nierdzewnej-odporna-na-uszkodzenia\/\",\"url\":\"https:\/\/jogapiekna.com\/produkt\/plytka-guasha-ze-stali-nierdzewnej-odporna-na-uszkodzenia\/\",\"name\":\"P\u0142ytka GuaSha ze stali nierdzewnej | odporna na st\u0142uczenia\",\"isPartOf\":{\"@id\":\"https:\/\/jogapiekna.com\/#website\"},\"primaryImageOfPage\":{\"@id\":\"https:\/\/jogapiekna.com\/produkt\/plytka-guasha-ze-stali-nierdzewnej-odporna-na-uszkodzenia\/#primaryimage\"},\"image\":{\"@id\":\"https:\/\/jogapiekna.com\/produkt\/plytka-guasha-ze-stali-nierdzewnej-odporna-na-uszkodzenia\/#primaryimage\"},\"thumbnailUrl\":\"https:\/\/jogapiekna.com\/wp-content\/uploads\/2023\/09\/guasha-stal-nierdzewna-jogapiekna.jpg\",\"datePublished\":\"2023-09-06T13:17:00+00:00\",\"dateModified\":\"2026-04-04T14:22:22+00:00\",\"description\":\"Masa\u017c GuaSha p\u0142ytk\u0105 ze stali nierdzewnej redukuje obrz\u0119ki i uj\u0119drnia sk\u00f3r\u0119. To spos\u00f3b na wysmuklenie twarzy i popraw\u0119 kondycji cery. Zam\u00f3w online!\",\"breadcrumb\":{\"@id\":\"https:\/\/jogapiekna.com\/produkt\/plytka-guasha-ze-stali-nierdzewnej-odporna-na-uszkodzenia\/#breadcrumb\"},\"inLanguage\":\"en-GB\",\"potentialAction\":[{\"@type\":\"ReadAction\",\"target\":[\"https:\/\/jogapiekna.com\/produkt\/plytka-guasha-ze-stali-nierdzewnej-odporna-na-uszkodzenia\/\"]}]},{\"@type\":\"ImageObject\",\"inLanguage\":\"en-GB\",\"@id\":\"https:\/\/jogapiekna.com\/produkt\/plytka-guasha-ze-stali-nierdzewnej-odporna-na-uszkodzenia\/#primaryimage\",\"url\":\"https:\/\/jogapiekna.com\/wp-content\/uploads\/2023\/09\/guasha-stal-nierdzewna-jogapiekna.jpg\",\"contentUrl\":\"https:\/\/jogapiekna.com\/wp-content\/uploads\/2023\/09\/guasha-stal-nierdzewna-jogapiekna.jpg\",\"width\":1000,\"height\":1000,\"caption\":\"P\u0142ytka GuaSha ze stali nierdzewnej | odporna na uszkodzenia\"},{\"@type\":\"BreadcrumbList\",\"@id\":\"https:\/\/jogapiekna.com\/produkt\/plytka-guasha-ze-stali-nierdzewnej-odporna-na-uszkodzenia\/#breadcrumb\",\"itemListElement\":[{\"@type\":\"ListItem\",\"position\":1,\"name\":\"Strona g\u0142\u00f3wna\",\"item\":\"https:\/\/jogapiekna.com\/\"},{\"@type\":\"ListItem\",\"position\":2,\"name\":\"Sklep\",\"item\":\"https:\/\/jogapiekna.com\/sklep\/\"},{\"@type\":\"ListItem\",\"position\":3,\"name\":\"P\u0142ytka GuaSha ze stali nierdzewnej | odporna na uszkodzenia\"}]},{\"@type\":\"WebSite\",\"@id\":\"https:\/\/jogapiekna.com\/#website\",\"url\":\"https:\/\/jogapiekna.com\/\",\"name\":\"Joga Pi\u0119kna Marta Kuci\u0144ska\",\"description\":\"Joga Pi\u0119kna pomaga kobietom zachowa\u0107 urod\u0119, cofn\u0105\u0107 oznaki up\u0142ywaj\u0105cego czasu i zm\u0119czenia, odzyska\u0107 promienny wygl\u0105d, naturalny u\u015bmiech i popraw\u0119 w\u0142asnej samooceny.\",\"publisher\":{\"@id\":\"https:\/\/jogapiekna.com\/#organization\"},\"potentialAction\":[{\"@type\":\"SearchAction\",\"target\":{\"@type\":\"EntryPoint\",\"urlTemplate\":\"https:\/\/jogapiekna.com\/?s={search_term_string}\"},\"query-input\":{\"@type\":\"PropertyValueSpecification\",\"valueRequired\":true,\"valueName\":\"search_term_string\"}}],\"inLanguage\":\"en-GB\"},{\"@type\":\"Organization\",\"@id\":\"https:\/\/jogapiekna.com\/#organization\",\"name\":\"Joga Pi\u0119kna Marta Kuci\u0144ska\",\"url\":\"https:\/\/jogapiekna.com\/\",\"logo\":{\"@type\":\"ImageObject\",\"inLanguage\":\"en-GB\",\"@id\":\"https:\/\/jogapiekna.com\/#\/schema\/logo\/image\/\",\"url\":\"https:\/\/jogapiekna.com\/wp-content\/uploads\/2022\/09\/joga-piekna-logo_Rka.png\",\"contentUrl\":\"https:\/\/jogapiekna.com\/wp-content\/uploads\/2022\/09\/joga-piekna-logo_Rka.png\",\"width\":231,\"height\":124,\"caption\":\"Joga Pi\u0119kna Marta Kuci\u0144ska\"},\"image\":{\"@id\":\"https:\/\/jogapiekna.com\/#\/schema\/logo\/image\/\"},\"sameAs\":[\"https:\/\/www.facebook.com\/JogaPieknaCom\/\",\"https:\/\/www.instagram.com\/jogapieknacom\/\"]}]}<\/script>\n<!-- \/ Yoast SEO plugin. -->","yoast_head_json":{"title":"P\u0142ytka GuaSha ze stali nierdzewnej | odporna na st\u0142uczenia","description":"Masa\u017c GuaSha p\u0142ytk\u0105 ze stali nierdzewnej redukuje obrz\u0119ki i uj\u0119drnia sk\u00f3r\u0119. To spos\u00f3b na wysmuklenie twarzy i popraw\u0119 kondycji cery. Zam\u00f3w online!","robots":{"index":"index","follow":"follow","max-snippet":"max-snippet:-1","max-image-preview":"max-image-preview:large","max-video-preview":"max-video-preview:-1"},"canonical":"https:\/\/jogapiekna.com\/en\/product\/plytka-guasha-ze-stali-nierdzewnej-odporna-na-uszkodzenia\/","og_locale":"en_GB","og_type":"article","og_title":"P\u0142ytka GuaSha ze stali nierdzewnej | odporna na st\u0142uczenia","og_description":"Masa\u017c GuaSha p\u0142ytk\u0105 ze stali nierdzewnej redukuje obrz\u0119ki i uj\u0119drnia sk\u00f3r\u0119. To spos\u00f3b na wysmuklenie twarzy i popraw\u0119 kondycji cery. Zam\u00f3w online!","og_url":"https:\/\/jogapiekna.com\/en\/product\/plytka-guasha-ze-stali-nierdzewnej-odporna-na-uszkodzenia\/","og_site_name":"JOGA PI\u0118KNA | Joga Twarzy","article_publisher":"https:\/\/www.facebook.com\/JogaPieknaCom\/","article_modified_time":"2026-04-04T14:22:22+00:00","og_image":[{"width":1000,"height":1000,"url":"https:\/\/jogapiekna.com\/wp-content\/uploads\/2023\/09\/guasha-stal-nierdzewna-jogapiekna.jpg","type":"image\/jpeg"}],"twitter_card":"summary_large_image","twitter_misc":{"Estimated reading time":"3 minutes"},"schema":{"@context":"https:\/\/schema.org","@graph":[{"@type":"WebPage","@id":"https:\/\/jogapiekna.com\/produkt\/plytka-guasha-ze-stali-nierdzewnej-odporna-na-uszkodzenia\/","url":"https:\/\/jogapiekna.com\/produkt\/plytka-guasha-ze-stali-nierdzewnej-odporna-na-uszkodzenia\/","name":"P\u0142ytka GuaSha ze stali nierdzewnej | odporna na st\u0142uczenia","isPartOf":{"@id":"https:\/\/jogapiekna.com\/#website"},"primaryImageOfPage":{"@id":"https:\/\/jogapiekna.com\/produkt\/plytka-guasha-ze-stali-nierdzewnej-odporna-na-uszkodzenia\/#primaryimage"},"image":{"@id":"https:\/\/jogapiekna.com\/produkt\/plytka-guasha-ze-stali-nierdzewnej-odporna-na-uszkodzenia\/#primaryimage"},"thumbnailUrl":"https:\/\/jogapiekna.com\/wp-content\/uploads\/2023\/09\/guasha-stal-nierdzewna-jogapiekna.jpg","datePublished":"2023-09-06T13:17:00+00:00","dateModified":"2026-04-04T14:22:22+00:00","description":"Masa\u017c GuaSha p\u0142ytk\u0105 ze stali nierdzewnej redukuje obrz\u0119ki i uj\u0119drnia sk\u00f3r\u0119. To spos\u00f3b na wysmuklenie twarzy i popraw\u0119 kondycji cery. Zam\u00f3w online!","breadcrumb":{"@id":"https:\/\/jogapiekna.com\/produkt\/plytka-guasha-ze-stali-nierdzewnej-odporna-na-uszkodzenia\/#breadcrumb"},"inLanguage":"en-GB","potentialAction":[{"@type":"ReadAction","target":["https:\/\/jogapiekna.com\/produkt\/plytka-guasha-ze-stali-nierdzewnej-odporna-na-uszkodzenia\/"]}]},{"@type":"ImageObject","inLanguage":"en-GB","@id":"https:\/\/jogapiekna.com\/produkt\/plytka-guasha-ze-stali-nierdzewnej-odporna-na-uszkodzenia\/#primaryimage","url":"https:\/\/jogapiekna.com\/wp-content\/uploads\/2023\/09\/guasha-stal-nierdzewna-jogapiekna.jpg","contentUrl":"https:\/\/jogapiekna.com\/wp-content\/uploads\/2023\/09\/guasha-stal-nierdzewna-jogapiekna.jpg","width":1000,"height":1000,"caption":"P\u0142ytka GuaSha ze stali nierdzewnej | odporna na uszkodzenia"},{"@type":"BreadcrumbList","@id":"https:\/\/jogapiekna.com\/produkt\/plytka-guasha-ze-stali-nierdzewnej-odporna-na-uszkodzenia\/#breadcrumb","itemListElement":[{"@type":"ListItem","position":1,"name":"Strona g\u0142\u00f3wna","item":"https:\/\/jogapiekna.com\/"},{"@type":"ListItem","position":2,"name":"Sklep","item":"https:\/\/jogapiekna.com\/sklep\/"},{"@type":"ListItem","position":3,"name":"P\u0142ytka GuaSha ze stali nierdzewnej | odporna na uszkodzenia"}]},{"@type":"WebSite","@id":"https:\/\/jogapiekna.com\/#website","url":"https:\/\/jogapiekna.com\/","name":"Yoga Beauty Marta Kuci\u0144ska","description":"Beauty Yoga helps women to maintain their beauty, reverse the signs of passing time and fatigue, regain a radiant appearance, natural smile and improve their self-esteem.","publisher":{"@id":"https:\/\/jogapiekna.com\/#organization"},"potentialAction":[{"@type":"SearchAction","target":{"@type":"EntryPoint","urlTemplate":"https:\/\/jogapiekna.com\/?s={search_term_string}"},"query-input":{"@type":"PropertyValueSpecification","valueRequired":true,"valueName":"search_term_string"}}],"inLanguage":"en-GB"},{"@type":"Organization","@id":"https:\/\/jogapiekna.com\/#organization","name":"Yoga Beauty Marta Kuci\u0144ska","url":"https:\/\/jogapiekna.com\/","logo":{"@type":"ImageObject","inLanguage":"en-GB","@id":"https:\/\/jogapiekna.com\/#\/schema\/logo\/image\/","url":"https:\/\/jogapiekna.com\/wp-content\/uploads\/2022\/09\/joga-piekna-logo_Rka.png","contentUrl":"https:\/\/jogapiekna.com\/wp-content\/uploads\/2022\/09\/joga-piekna-logo_Rka.png","width":231,"height":124,"caption":"Joga Pi\u0119kna Marta Kuci\u0144ska"},"image":{"@id":"https:\/\/jogapiekna.com\/#\/schema\/logo\/image\/"},"sameAs":["https:\/\/www.facebook.com\/JogaPieknaCom\/","https:\/\/www.instagram.com\/jogapieknacom\/"]}]}},"_links":{"self":[{"href":"https:\/\/jogapiekna.com\/en\/wp-json\/wp\/v2\/product\/134484","targetHints":{"allow":["GET"]}}],"collection":[{"href":"https:\/\/jogapiekna.com\/en\/wp-json\/wp\/v2\/product"}],"about":[{"href":"https:\/\/jogapiekna.com\/en\/wp-json\/wp\/v2\/types\/product"}],"replies":[{"embeddable":true,"href":"https:\/\/jogapiekna.com\/en\/wp-json\/wp\/v2\/comments?post=134484"}],"version-history":[{"count":2,"href":"https:\/\/jogapiekna.com\/en\/wp-json\/wp\/v2\/product\/134484\/revisions"}],"predecessor-version":[{"id":210791,"href":"https:\/\/jogapiekna.com\/en\/wp-json\/wp\/v2\/product\/134484\/revisions\/210791"}],"wp:featuredmedia":[{"embeddable":true,"href":"https:\/\/jogapiekna.com\/en\/wp-json\/wp\/v2\/media\/134489"}],"wp:attachment":[{"href":"https:\/\/jogapiekna.com\/en\/wp-json\/wp\/v2\/media?parent=134484"}],"wp:term":[{"taxonomy":"product_brand","embeddable":true,"href":"https:\/\/jogapiekna.com\/en\/wp-json\/wp\/v2\/product_brand?post=134484"},{"taxonomy":"product_cat","embeddable":true,"href":"https:\/\/jogapiekna.com\/en\/wp-json\/wp\/v2\/product_cat?post=134484"},{"taxonomy":"product_tag","embeddable":true,"href":"https:\/\/jogapiekna.com\/en\/wp-json\/wp\/v2\/product_tag?post=134484"}],"curies":[{"name":"wp","href":"https:\/\/api.w.org\/{rel}","templated":true}]}}