{"id":135904,"date":"2023-09-26T23:44:14","date_gmt":"2023-09-26T21:44:14","guid":{"rendered":"https:\/\/jogapiekna.com\/?post_type=product&#038;p=135904"},"modified":"2026-04-04T20:41:09","modified_gmt":"2026-04-04T18:41:09","slug":"drewniany-masazer-obrotowy","status":"publish","type":"product","link":"https:\/\/jogapiekna.com\/en\/product\/drewniany-masazer-obrotowy\/","title":{"rendered":"Wooden Massager with Rotating Rose Quartz Ball Yoga Beauty"},"content":{"rendered":"<p>Looking for a convenient and intuitive massager that will help you reduce morning puffiness, keep your skin firm and taut, and better absorb the active ingredients that you apply to your face during your daily skincare routine? Yoga Beauty Wooden massager with a rotating rose quartz ball is an offer for people who love <strong>simple and easy to use accessories<\/strong>.<\/p>\n<p>It is made from extremely hard raw materials-natural wood and rose quartz. It has an ergonomic design that fits perfectly in your hand. It is small, so you can successfully throw it in your makeup bag or suitcase when you go on a trip.<\/p>\n<p>It is suitable for face and neck massage - regardless of your face type. This will help you relax tight chewing gums and remaining muscles. This will also allow you to prepare your skin for applying your favorite serum, oil, or cream. Supports wrinkle smoothing m.in lion&#039;s furrow, which occurs between the eyebrows due to facial expressions, transverse wrinkles on the forehead, as well as crow&#039;s feet around the eyes.<\/p>\n<p>&nbsp;<\/p>\n<h2>Features of Quartz Ball Wood Massager<\/h2>\n<ul>\n<li>high quality and long-lasting components<\/li>\n<li>a convenient mushroom shape that folds into the palm of your hand<\/li>\n<li>perfect for all skin types<\/li>\n<li>supports tissue relaxation<\/li>\n<li>it is suitable for beginners who are looking for an intuitive massager for the face, neck and delicate eye area<\/li>\n<\/ul>\n<p>&nbsp;<\/p>\n<h2>Why is the massage part made of rose quartz?<\/h2>\n<p>Rose quartz is a semi-precious stone. It is usually associated with love, harmony and calm. This helps balance and purify the energy in the body. Ma <strong>relaxing and calming properties<\/strong>. It contains many natural trace elements and minerals, such as magnesium, iron, phosphorus and potassium, which have antioxidant properties and <strong>they help protect cells from free radicals<\/strong>.<\/p>\n<ul>\n<li>improves skin tone, reduces puffiness and puffiness<\/li>\n<li>it has natural cooling properties<\/li>\n<li>helps with migraines and other headaches<\/li>\n<li>it has a therapeutic effect on the psychophysical state-it supports concentration and calmness, relieves anxiety, internal tension and nervousness<\/li>\n<li>reduces stress<\/li>\n<\/ul>\n<p>&nbsp;<\/p>\n<h2>Effects of regular massage with a wooden mushroom with a rotating quartz ball<\/h2>\n<ul>\n<li>strengthens the skin and improves its elasticity<\/li>\n<li>relaxation of tense muscles and chewers<\/li>\n<li>support for tissue regeneration<\/li>\n<li>skin relaxation<\/li>\n<li>lymphatic stimulation and reduction of edema<\/li>\n<li>improving the absorption of active ingredients used in cosmetics<\/li>\n<li>smoothing out wrinkles m.in crow&#039;s feet, lion wrinkles, cross wrinkles on the forehead<\/li>\n<\/ul>\n<p>&nbsp;<\/p>\n<h2>How to use a wooden massage mushroom?<\/h2>\n<ul>\n<li>Before starting the massage, thoroughly clean the skin of the face, neck and decollete.<\/li>\n<li>For a massage, apply a serum \/ oil or your favorite moisturizer. You can also use massage oil, for example, for massage. <a href=\"https:\/\/jogapiekna.com\/en\/product\/olejek-do-masazu-120-ml\/\">Jiva Ayurvedic Oil<\/a>.<\/li>\n<li>The duration of one massage should be about 5-10 minutes. It should be done several times a week.<\/li>\n<li>When doing a massage, you have full control over the force of the press. It is best to use medium-intensity massagers.<\/li>\n<li>The massage begins each time with the lower parts of the face, gradually moving up.<\/li>\n<\/ul>\n<p>&nbsp;<\/p>\n<h2>Contraindications<\/h2>\n<ul>\n<li>damaged skin<\/li>\n<li>highly capillary skin<\/li>\n<li>cuts and bruises<\/li>\n<li>acne in the active phase<\/li>\n<\/ul>\n<hr \/>\n<p>Regular massage is a great addition <a href=\"https:\/\/jogapiekna.com\/en\/joga-twarzy\/\">face yoga<\/a>. If you want to learn more about this, please visit my channel at <a href=\"https:\/\/www.youtube.com\/@jogapiekna\">YouTube: Beauty Yoga<\/a>, where I share proven exercises for facial muscles, instructions for rejuvenating massage, as well as tips for holistic care of health, well-being and youth.<\/p>","protected":false},"excerpt":{"rendered":"<p>You can always have it at your fingertips! Handmade Wooden Massager with Rotating Ball made of Natural Rose Quartz <strong>extremely intuitive accessory for face and neck massage<\/strong>. It relaxes chewing gums and other tense muscles, helps smooth out wrinkles and prepares the skin for applying cosmetics. The small size and durability of the raw materials used (wood + quartz) make the massager ideal for home comfort, as well as during trips.<\/p>\n<p><strong>massager dimensions:<\/strong> 4.5 cm x 6.4 cm<br \/>\n<strong>material:<\/strong> natural wood and rose quartz<\/p>","protected":false},"featured_media":135906,"comment_status":"closed","ping_status":"closed","template":"","meta":{"_acf_changed":false,"site-sidebar-layout":"default","site-content-layout":"","ast-site-content-layout":"default","site-content-style":"default","site-sidebar-style":"default","ast-global-header-display":"","ast-banner-title-visibility":"","ast-main-header-display":"","ast-hfb-above-header-display":"","ast-hfb-below-header-display":"","ast-hfb-mobile-header-display":"","site-post-title":"","ast-breadcrumbs-content":"","ast-featured-img":"","footer-sml-layout":"","ast-disable-related-posts":"","theme-transparent-header-meta":"","adv-header-id-meta":"","stick-header-meta":"","header-above-stick-meta":"","header-main-stick-meta":"","header-below-stick-meta":"","astra-migrate-meta-layouts":"default","ast-page-background-enabled":"default","ast-page-background-meta":{"desktop":{"background-color":"var(--ast-global-color-5)","background-image":"","background-repeat":"repeat","background-position":"center center","background-size":"auto","background-attachment":"scroll","background-type":"","background-media":"","overlay-type":"","overlay-color":"","overlay-opacity":"","overlay-gradient":""},"tablet":{"background-color":"","background-image":"","background-repeat":"repeat","background-position":"center center","background-size":"auto","background-attachment":"scroll","background-type":"","background-media":"","overlay-type":"","overlay-color":"","overlay-opacity":"","overlay-gradient":""},"mobile":{"background-color":"","background-image":"","background-repeat":"repeat","background-position":"center center","background-size":"auto","background-attachment":"scroll","background-type":"","background-media":"","overlay-type":"","overlay-color":"","overlay-opacity":"","overlay-gradient":""}},"ast-content-background-meta":{"desktop":{"background-color":"var(--ast-global-color-4)","background-image":"","background-repeat":"repeat","background-position":"center center","background-size":"auto","background-attachment":"scroll","background-type":"","background-media":"","overlay-type":"","overlay-color":"","overlay-opacity":"","overlay-gradient":""},"tablet":{"background-color":"var(--ast-global-color-4)","background-image":"","background-repeat":"repeat","background-position":"center center","background-size":"auto","background-attachment":"scroll","background-type":"","background-media":"","overlay-type":"","overlay-color":"","overlay-opacity":"","overlay-gradient":""},"mobile":{"background-color":"var(--ast-global-color-4)","background-image":"","background-repeat":"repeat","background-position":"center center","background-size":"auto","background-attachment":"scroll","background-type":"","background-media":"","overlay-type":"","overlay-color":"","overlay-opacity":"","overlay-gradient":""}}},"product_brand":[],"product_cat":[21,611,610],"product_tag":[250,41,225],"class_list":{"0":"post-135904","1":"product","2":"type-product","3":"status-publish","4":"has-post-thumbnail","6":"product_cat-akcesoria","7":"product_cat-gua-sha-rollery","8":"product_cat-masaz-twarzy-i-szyi","9":"product_tag-akcesoria","10":"product_tag-joga-twarzy","11":"product_tag-kwarc-rozowy","12":"desktop-align-left","13":"tablet-align-left","14":"mobile-align-left","16":"first","17":"instock","18":"taxable","19":"shipping-taxable","20":"purchasable","21":"product-type-simple"},"acf":[],"yoast_head":"<!-- This site is optimized with the Yoast SEO plugin v27.2 - https:\/\/yoast.com\/product\/yoast-seo-wordpress\/ -->\n<title>Drewniany masa\u017cer z obrotow\u0105 kulk\u0105 z r\u00f3\u017cowego kwarcu<\/title>\n<meta name=\"description\" content=\"Por\u0119czny, intuicyjny masa\u017cer z drewna i kwarcu, kt\u00f3ry rozlu\u017ania napi\u0119te mi\u0119\u015bnie, pomaga wyg\u0142adzi\u0107 zmarszczki i zadba\u0107 o dobr\u0105 kondycj\u0119 sk\u00f3ry. Zam\u00f3w online.\" \/>\n<meta name=\"robots\" content=\"index, follow, max-snippet:-1, max-image-preview:large, max-video-preview:-1\" \/>\n<link rel=\"canonical\" href=\"https:\/\/jogapiekna.com\/en\/product\/drewniany-masazer-obrotowy\/\" \/>\n<meta property=\"og:locale\" content=\"en_GB\" \/>\n<meta property=\"og:type\" content=\"article\" \/>\n<meta property=\"og:title\" content=\"Drewniany masa\u017cer z obrotow\u0105 kulk\u0105 z r\u00f3\u017cowego kwarcu\" \/>\n<meta property=\"og:description\" content=\"Por\u0119czny, intuicyjny masa\u017cer z drewna i kwarcu, kt\u00f3ry rozlu\u017ania napi\u0119te mi\u0119\u015bnie, pomaga wyg\u0142adzi\u0107 zmarszczki i zadba\u0107 o dobr\u0105 kondycj\u0119 sk\u00f3ry. Zam\u00f3w online.\" \/>\n<meta property=\"og:url\" content=\"https:\/\/jogapiekna.com\/en\/product\/drewniany-masazer-obrotowy\/\" \/>\n<meta property=\"og:site_name\" content=\"JOGA PI\u0118KNA | Joga Twarzy\" \/>\n<meta property=\"article:publisher\" content=\"https:\/\/www.facebook.com\/JogaPieknaCom\/\" \/>\n<meta property=\"article:modified_time\" content=\"2026-04-04T18:41:09+00:00\" \/>\n<meta property=\"og:image\" content=\"https:\/\/jogapiekna.com\/wp-content\/uploads\/2023\/09\/masazer-kulka-w-drewnie-jogapiekna_01.jpg\" \/>\n\t<meta property=\"og:image:width\" content=\"1000\" \/>\n\t<meta property=\"og:image:height\" content=\"1000\" \/>\n\t<meta property=\"og:image:type\" content=\"image\/jpeg\" \/>\n<meta name=\"twitter:card\" content=\"summary_large_image\" \/>\n<meta name=\"twitter:label1\" content=\"Estimated reading time\" \/>\n\t<meta name=\"twitter:data1\" content=\"4 minutes\" \/>\n<script type=\"application\/ld+json\" class=\"yoast-schema-graph\">{\"@context\":\"https:\/\/schema.org\",\"@graph\":[{\"@type\":\"WebPage\",\"@id\":\"https:\/\/jogapiekna.com\/produkt\/drewniany-masazer-obrotowy\/\",\"url\":\"https:\/\/jogapiekna.com\/produkt\/drewniany-masazer-obrotowy\/\",\"name\":\"Drewniany masa\u017cer z obrotow\u0105 kulk\u0105 z r\u00f3\u017cowego kwarcu\",\"isPartOf\":{\"@id\":\"https:\/\/jogapiekna.com\/#website\"},\"primaryImageOfPage\":{\"@id\":\"https:\/\/jogapiekna.com\/produkt\/drewniany-masazer-obrotowy\/#primaryimage\"},\"image\":{\"@id\":\"https:\/\/jogapiekna.com\/produkt\/drewniany-masazer-obrotowy\/#primaryimage\"},\"thumbnailUrl\":\"https:\/\/jogapiekna.com\/wp-content\/uploads\/2023\/09\/masazer-kulka-w-drewnie-jogapiekna_01.jpg\",\"datePublished\":\"2023-09-26T21:44:14+00:00\",\"dateModified\":\"2026-04-04T18:41:09+00:00\",\"description\":\"Por\u0119czny, intuicyjny masa\u017cer z drewna i kwarcu, kt\u00f3ry rozlu\u017ania napi\u0119te mi\u0119\u015bnie, pomaga wyg\u0142adzi\u0107 zmarszczki i zadba\u0107 o dobr\u0105 kondycj\u0119 sk\u00f3ry. Zam\u00f3w online.\",\"breadcrumb\":{\"@id\":\"https:\/\/jogapiekna.com\/produkt\/drewniany-masazer-obrotowy\/#breadcrumb\"},\"inLanguage\":\"en-GB\",\"potentialAction\":[{\"@type\":\"ReadAction\",\"target\":[\"https:\/\/jogapiekna.com\/produkt\/drewniany-masazer-obrotowy\/\"]}]},{\"@type\":\"ImageObject\",\"inLanguage\":\"en-GB\",\"@id\":\"https:\/\/jogapiekna.com\/produkt\/drewniany-masazer-obrotowy\/#primaryimage\",\"url\":\"https:\/\/jogapiekna.com\/wp-content\/uploads\/2023\/09\/masazer-kulka-w-drewnie-jogapiekna_01.jpg\",\"contentUrl\":\"https:\/\/jogapiekna.com\/wp-content\/uploads\/2023\/09\/masazer-kulka-w-drewnie-jogapiekna_01.jpg\",\"width\":1000,\"height\":1000,\"caption\":\"Drewniany masa\u017cer z obrotow\u0105 kulk\u0105 z r\u00f3\u017cowego kwarcu Joga Pi\u0119kna\"},{\"@type\":\"BreadcrumbList\",\"@id\":\"https:\/\/jogapiekna.com\/produkt\/drewniany-masazer-obrotowy\/#breadcrumb\",\"itemListElement\":[{\"@type\":\"ListItem\",\"position\":1,\"name\":\"Strona g\u0142\u00f3wna\",\"item\":\"https:\/\/jogapiekna.com\/\"},{\"@type\":\"ListItem\",\"position\":2,\"name\":\"Sklep\",\"item\":\"https:\/\/jogapiekna.com\/sklep\/\"},{\"@type\":\"ListItem\",\"position\":3,\"name\":\"Drewniany masa\u017cer z obrotow\u0105 kulk\u0105 z r\u00f3\u017cowego kwarcu Joga Pi\u0119kna\"}]},{\"@type\":\"WebSite\",\"@id\":\"https:\/\/jogapiekna.com\/#website\",\"url\":\"https:\/\/jogapiekna.com\/\",\"name\":\"Joga Pi\u0119kna Marta Kuci\u0144ska\",\"description\":\"Joga Pi\u0119kna pomaga kobietom zachowa\u0107 urod\u0119, cofn\u0105\u0107 oznaki up\u0142ywaj\u0105cego czasu i zm\u0119czenia, odzyska\u0107 promienny wygl\u0105d, naturalny u\u015bmiech i popraw\u0119 w\u0142asnej samooceny.\",\"publisher\":{\"@id\":\"https:\/\/jogapiekna.com\/#organization\"},\"potentialAction\":[{\"@type\":\"SearchAction\",\"target\":{\"@type\":\"EntryPoint\",\"urlTemplate\":\"https:\/\/jogapiekna.com\/?s={search_term_string}\"},\"query-input\":{\"@type\":\"PropertyValueSpecification\",\"valueRequired\":true,\"valueName\":\"search_term_string\"}}],\"inLanguage\":\"en-GB\"},{\"@type\":\"Organization\",\"@id\":\"https:\/\/jogapiekna.com\/#organization\",\"name\":\"Joga Pi\u0119kna Marta Kuci\u0144ska\",\"url\":\"https:\/\/jogapiekna.com\/\",\"logo\":{\"@type\":\"ImageObject\",\"inLanguage\":\"en-GB\",\"@id\":\"https:\/\/jogapiekna.com\/#\/schema\/logo\/image\/\",\"url\":\"https:\/\/jogapiekna.com\/wp-content\/uploads\/2022\/09\/joga-piekna-logo_Rka.png\",\"contentUrl\":\"https:\/\/jogapiekna.com\/wp-content\/uploads\/2022\/09\/joga-piekna-logo_Rka.png\",\"width\":231,\"height\":124,\"caption\":\"Joga Pi\u0119kna Marta Kuci\u0144ska\"},\"image\":{\"@id\":\"https:\/\/jogapiekna.com\/#\/schema\/logo\/image\/\"},\"sameAs\":[\"https:\/\/www.facebook.com\/JogaPieknaCom\/\",\"https:\/\/www.instagram.com\/jogapieknacom\/\"]}]}<\/script>\n<!-- \/ Yoast SEO plugin. -->","yoast_head_json":{"title":"Wooden massager with rotating ball made of pink quartz","description":"Por\u0119czny, intuicyjny masa\u017cer z drewna i kwarcu, kt\u00f3ry rozlu\u017ania napi\u0119te mi\u0119\u015bnie, pomaga wyg\u0142adzi\u0107 zmarszczki i zadba\u0107 o dobr\u0105 kondycj\u0119 sk\u00f3ry. Zam\u00f3w online.","robots":{"index":"index","follow":"follow","max-snippet":"max-snippet:-1","max-image-preview":"max-image-preview:large","max-video-preview":"max-video-preview:-1"},"canonical":"https:\/\/jogapiekna.com\/en\/product\/drewniany-masazer-obrotowy\/","og_locale":"en_GB","og_type":"article","og_title":"Drewniany masa\u017cer z obrotow\u0105 kulk\u0105 z r\u00f3\u017cowego kwarcu","og_description":"Por\u0119czny, intuicyjny masa\u017cer z drewna i kwarcu, kt\u00f3ry rozlu\u017ania napi\u0119te mi\u0119\u015bnie, pomaga wyg\u0142adzi\u0107 zmarszczki i zadba\u0107 o dobr\u0105 kondycj\u0119 sk\u00f3ry. Zam\u00f3w online.","og_url":"https:\/\/jogapiekna.com\/en\/product\/drewniany-masazer-obrotowy\/","og_site_name":"JOGA PI\u0118KNA | Joga Twarzy","article_publisher":"https:\/\/www.facebook.com\/JogaPieknaCom\/","article_modified_time":"2026-04-04T18:41:09+00:00","og_image":[{"width":1000,"height":1000,"url":"https:\/\/jogapiekna.com\/wp-content\/uploads\/2023\/09\/masazer-kulka-w-drewnie-jogapiekna_01.jpg","type":"image\/jpeg"}],"twitter_card":"summary_large_image","twitter_misc":{"Estimated reading time":"4 minutes"},"schema":{"@context":"https:\/\/schema.org","@graph":[{"@type":"WebPage","@id":"https:\/\/jogapiekna.com\/produkt\/drewniany-masazer-obrotowy\/","url":"https:\/\/jogapiekna.com\/produkt\/drewniany-masazer-obrotowy\/","name":"Wooden massager with rotating ball made of pink quartz","isPartOf":{"@id":"https:\/\/jogapiekna.com\/#website"},"primaryImageOfPage":{"@id":"https:\/\/jogapiekna.com\/produkt\/drewniany-masazer-obrotowy\/#primaryimage"},"image":{"@id":"https:\/\/jogapiekna.com\/produkt\/drewniany-masazer-obrotowy\/#primaryimage"},"thumbnailUrl":"https:\/\/jogapiekna.com\/wp-content\/uploads\/2023\/09\/masazer-kulka-w-drewnie-jogapiekna_01.jpg","datePublished":"2023-09-26T21:44:14+00:00","dateModified":"2026-04-04T18:41:09+00:00","description":"Por\u0119czny, intuicyjny masa\u017cer z drewna i kwarcu, kt\u00f3ry rozlu\u017ania napi\u0119te mi\u0119\u015bnie, pomaga wyg\u0142adzi\u0107 zmarszczki i zadba\u0107 o dobr\u0105 kondycj\u0119 sk\u00f3ry. Zam\u00f3w online.","breadcrumb":{"@id":"https:\/\/jogapiekna.com\/produkt\/drewniany-masazer-obrotowy\/#breadcrumb"},"inLanguage":"en-GB","potentialAction":[{"@type":"ReadAction","target":["https:\/\/jogapiekna.com\/produkt\/drewniany-masazer-obrotowy\/"]}]},{"@type":"ImageObject","inLanguage":"en-GB","@id":"https:\/\/jogapiekna.com\/produkt\/drewniany-masazer-obrotowy\/#primaryimage","url":"https:\/\/jogapiekna.com\/wp-content\/uploads\/2023\/09\/masazer-kulka-w-drewnie-jogapiekna_01.jpg","contentUrl":"https:\/\/jogapiekna.com\/wp-content\/uploads\/2023\/09\/masazer-kulka-w-drewnie-jogapiekna_01.jpg","width":1000,"height":1000,"caption":"Drewniany masa\u017cer z obrotow\u0105 kulk\u0105 z r\u00f3\u017cowego kwarcu Joga Pi\u0119kna"},{"@type":"BreadcrumbList","@id":"https:\/\/jogapiekna.com\/produkt\/drewniany-masazer-obrotowy\/#breadcrumb","itemListElement":[{"@type":"ListItem","position":1,"name":"Strona g\u0142\u00f3wna","item":"https:\/\/jogapiekna.com\/"},{"@type":"ListItem","position":2,"name":"Sklep","item":"https:\/\/jogapiekna.com\/sklep\/"},{"@type":"ListItem","position":3,"name":"Drewniany masa\u017cer z obrotow\u0105 kulk\u0105 z r\u00f3\u017cowego kwarcu Joga Pi\u0119kna"}]},{"@type":"WebSite","@id":"https:\/\/jogapiekna.com\/#website","url":"https:\/\/jogapiekna.com\/","name":"Yoga Beauty Marta Kuci\u0144ska","description":"Beauty Yoga helps women to maintain their beauty, reverse the signs of passing time and fatigue, regain a radiant appearance, natural smile and improve their self-esteem.","publisher":{"@id":"https:\/\/jogapiekna.com\/#organization"},"potentialAction":[{"@type":"SearchAction","target":{"@type":"EntryPoint","urlTemplate":"https:\/\/jogapiekna.com\/?s={search_term_string}"},"query-input":{"@type":"PropertyValueSpecification","valueRequired":true,"valueName":"search_term_string"}}],"inLanguage":"en-GB"},{"@type":"Organization","@id":"https:\/\/jogapiekna.com\/#organization","name":"Yoga Beauty Marta Kuci\u0144ska","url":"https:\/\/jogapiekna.com\/","logo":{"@type":"ImageObject","inLanguage":"en-GB","@id":"https:\/\/jogapiekna.com\/#\/schema\/logo\/image\/","url":"https:\/\/jogapiekna.com\/wp-content\/uploads\/2022\/09\/joga-piekna-logo_Rka.png","contentUrl":"https:\/\/jogapiekna.com\/wp-content\/uploads\/2022\/09\/joga-piekna-logo_Rka.png","width":231,"height":124,"caption":"Joga Pi\u0119kna Marta Kuci\u0144ska"},"image":{"@id":"https:\/\/jogapiekna.com\/#\/schema\/logo\/image\/"},"sameAs":["https:\/\/www.facebook.com\/JogaPieknaCom\/","https:\/\/www.instagram.com\/jogapieknacom\/"]}]}},"_links":{"self":[{"href":"https:\/\/jogapiekna.com\/en\/wp-json\/wp\/v2\/product\/135904","targetHints":{"allow":["GET"]}}],"collection":[{"href":"https:\/\/jogapiekna.com\/en\/wp-json\/wp\/v2\/product"}],"about":[{"href":"https:\/\/jogapiekna.com\/en\/wp-json\/wp\/v2\/types\/product"}],"replies":[{"embeddable":true,"href":"https:\/\/jogapiekna.com\/en\/wp-json\/wp\/v2\/comments?post=135904"}],"version-history":[{"count":1,"href":"https:\/\/jogapiekna.com\/en\/wp-json\/wp\/v2\/product\/135904\/revisions"}],"predecessor-version":[{"id":210790,"href":"https:\/\/jogapiekna.com\/en\/wp-json\/wp\/v2\/product\/135904\/revisions\/210790"}],"wp:featuredmedia":[{"embeddable":true,"href":"https:\/\/jogapiekna.com\/en\/wp-json\/wp\/v2\/media\/135906"}],"wp:attachment":[{"href":"https:\/\/jogapiekna.com\/en\/wp-json\/wp\/v2\/media?parent=135904"}],"wp:term":[{"taxonomy":"product_brand","embeddable":true,"href":"https:\/\/jogapiekna.com\/en\/wp-json\/wp\/v2\/product_brand?post=135904"},{"taxonomy":"product_cat","embeddable":true,"href":"https:\/\/jogapiekna.com\/en\/wp-json\/wp\/v2\/product_cat?post=135904"},{"taxonomy":"product_tag","embeddable":true,"href":"https:\/\/jogapiekna.com\/en\/wp-json\/wp\/v2\/product_tag?post=135904"}],"curies":[{"name":"wp","href":"https:\/\/api.w.org\/{rel}","templated":true}]}}