{"id":143962,"date":"2023-10-29T15:12:10","date_gmt":"2023-10-29T14:12:10","guid":{"rendered":"https:\/\/jogapiekna.com\/?post_type=product&#038;p=143962"},"modified":"2026-04-02T11:59:32","modified_gmt":"2026-04-02T09:59:32","slug":"koraliki-mietowe-doterra-peppermint-beadlet-wsparcie-dolegliwosci-zoladkowych-kaszel-odswiezenie","status":"publish","type":"product","link":"https:\/\/jogapiekna.com\/en\/product\/koraliki-mietowe-doterra-peppermint-beadlet-wsparcie-dolegliwosci-zoladkowych-kaszel-odswiezenie\/","title":{"rendered":"doTERRA Mint Beads * Peppermint beads * Stomach support * Cough relief * Refreshment"},"content":{"rendered":"<p><strong>Through a unique and exclusive process, d\u014dTERRA captures the unique benefits of peppermint essential oil in the convenient form of soft vegetarian balls. Each tiny bead provides a refreshing rush of peppermint as it dissolves in the mouth while stimulating the senses while inhaling the cooling aroma of pure peppermint essential oil. essential oil. <\/strong><\/p>\n<p>More than lip mint, d\u014dTERRA Peppermint Beadlets can be used for oral care, enhancing the feeling of clean airways, digestive comfort, and in all other situations where peppermint essential oil is used internally.<\/p>\n<p><strong>Application<\/strong><\/p>\n<ul>\n<li>Dissolve one tablet in your mouth to freshen your breath.<\/li>\n<li>Take after meals to improve oral health and digestion.<\/li>\n<li>Keep the bottle handy when traveling to help ease the occasional upset stomach.<\/li>\n<\/ul>\n<p><strong>Using<\/strong><br \/>\nConsume one marshmallow at will.<\/p>\n<p><strong>Main advantages<\/strong><\/p>\n<ul>\n<li>It refreshes your breath and promotes healthy oral hygiene.<\/li>\n<li>Relieves occasional upset stomach<\/li>\n<li>This may temporarily help to relieve a cough and give you a feeling of clear airways<\/li>\n<li>Convenient for travel and takeaway<\/li>\n<\/ul>\n<p><strong>Attention!<\/strong><br \/>\nContains: coconut<\/p>\n<p>Keep out of reach of children. If you are pregnant, nursing, or under medical supervision, please consult your doctor. Store in a cool, dry place.<\/p>\n<p><strong>All doTERRA oils are clean and safe. They are certified CPTG (Certified Pure Therapeutic Grade\u00ae) - certified pure therapeutic grade.<\/strong> They can be safely used internally, lubricated the body, and inhaled.<\/p>\n<p><strong>CPTG-Certified Pure Therapeutic Grade (ACKT-Certified Pure therapeutic Grade)<\/strong> doTERRA oils, which makes it absolutely safe to use oils orally (those intended for internal use), as well as in small children.<\/p>\n<p>What does such a certificate mean?<\/p>\n<ul>\n<li>quality without pesticides and heavy metals,<\/li>\n<li>no artificial colors or fillers,<\/li>\n<li>controlled sowing in areas where the plant occurs naturally, and harvesting at the optimal time,<\/li>\n<li>no admixtures of other vegetable oils.<\/li>\n<\/ul>","protected":false},"excerpt":{"rendered":"<p>doTERRA Peppermint Beadlet-tiny, soft and comfortable vegetarian balls.<br \/>\nQuantity: <strong>125 beads<\/strong><\/p>","protected":false},"featured_media":143960,"comment_status":"closed","ping_status":"closed","template":"","meta":{"_acf_changed":false,"site-sidebar-layout":"default","site-content-layout":"","ast-site-content-layout":"default","site-content-style":"default","site-sidebar-style":"default","ast-global-header-display":"","ast-banner-title-visibility":"","ast-main-header-display":"","ast-hfb-above-header-display":"","ast-hfb-below-header-display":"","ast-hfb-mobile-header-display":"","site-post-title":"","ast-breadcrumbs-content":"","ast-featured-img":"","footer-sml-layout":"","ast-disable-related-posts":"","theme-transparent-header-meta":"default","adv-header-id-meta":"","stick-header-meta":"","header-above-stick-meta":"","header-main-stick-meta":"","header-below-stick-meta":"","astra-migrate-meta-layouts":"set","ast-page-background-enabled":"default","ast-page-background-meta":{"desktop":{"background-color":"var(--ast-global-color-5)","background-image":"","background-repeat":"repeat","background-position":"center center","background-size":"auto","background-attachment":"scroll","background-type":"","background-media":"","overlay-type":"","overlay-color":"","overlay-opacity":"","overlay-gradient":""},"tablet":{"background-color":"","background-image":"","background-repeat":"repeat","background-position":"center center","background-size":"auto","background-attachment":"scroll","background-type":"","background-media":"","overlay-type":"","overlay-color":"","overlay-opacity":"","overlay-gradient":""},"mobile":{"background-color":"","background-image":"","background-repeat":"repeat","background-position":"center center","background-size":"auto","background-attachment":"scroll","background-type":"","background-media":"","overlay-type":"","overlay-color":"","overlay-opacity":"","overlay-gradient":""}},"ast-content-background-meta":{"desktop":{"background-color":"var(--ast-global-color-4)","background-image":"","background-repeat":"repeat","background-position":"center center","background-size":"auto","background-attachment":"scroll","background-type":"","background-media":"","overlay-type":"","overlay-color":"","overlay-opacity":"","overlay-gradient":""},"tablet":{"background-color":"var(--ast-global-color-4)","background-image":"","background-repeat":"repeat","background-position":"center center","background-size":"auto","background-attachment":"scroll","background-type":"","background-media":"","overlay-type":"","overlay-color":"","overlay-opacity":"","overlay-gradient":""},"mobile":{"background-color":"var(--ast-global-color-4)","background-image":"","background-repeat":"repeat","background-position":"center center","background-size":"auto","background-attachment":"scroll","background-type":"","background-media":"","overlay-type":"","overlay-color":"","overlay-opacity":"","overlay-gradient":""}}},"product_brand":[],"product_cat":[642],"product_tag":[451,144,442,707,706,224,708],"class_list":{"0":"post-143962","1":"product","2":"type-product","3":"status-publish","4":"has-post-thumbnail","6":"product_cat-olejki-eteryczne","7":"product_tag-choroba-lokomocyjna","8":"product_tag-doterra","9":"product_tag-mieta","10":"product_tag-odswiezenie","11":"product_tag-perelki","12":"product_tag-rozmaryn","13":"product_tag-supermint","14":"desktop-align-left","15":"tablet-align-left","16":"mobile-align-left","18":"first","19":"instock","20":"taxable","21":"shipping-taxable","22":"purchasable","23":"product-type-simple"},"acf":[],"yoast_head":"<!-- This site is optimized with the Yoast SEO plugin v27.2 - https:\/\/yoast.com\/product\/yoast-seo-wordpress\/ -->\n<title>Koraliki mi\u0119towe doTERRA \u2022 Peppermint Beadlet \u2022 wsparcie dolegliwo\u015bci \u017co\u0142\u0105dkowych \u2022 kaszel \u2022 od\u015bwie\u017cenie | Joga Pi\u0119kna<\/title>\n<meta name=\"description\" content=\"doTERRA Peppermint Beadlet to male\u0144kie, mi\u0119kkie i wygodne wegetaria\u0144skie kuleczki \u2013 wsparcie dolegliwo\u015bci \u017co\u0142\u0105dkowych \u2022 kaszel \u2022 od\u015bwie\u017cenie\" \/>\n<meta name=\"robots\" content=\"index, follow, max-snippet:-1, max-image-preview:large, max-video-preview:-1\" \/>\n<link rel=\"canonical\" href=\"https:\/\/jogapiekna.com\/en\/product\/koraliki-mietowe-doterra-peppermint-beadlet-wsparcie-dolegliwosci-zoladkowych-kaszel-odswiezenie\/\" \/>\n<meta property=\"og:locale\" content=\"en_GB\" \/>\n<meta property=\"og:type\" content=\"article\" \/>\n<meta property=\"og:title\" content=\"Koraliki mi\u0119towe doTERRA \u2022 Peppermint Beadlet \u2022 wsparcie dolegliwo\u015bci \u017co\u0142\u0105dkowych \u2022 kaszel \u2022 od\u015bwie\u017cenie | Joga Pi\u0119kna\" \/>\n<meta property=\"og:description\" content=\"doTERRA Peppermint Beadlet to male\u0144kie, mi\u0119kkie i wygodne wegetaria\u0144skie kuleczki \u2013 wsparcie dolegliwo\u015bci \u017co\u0142\u0105dkowych \u2022 kaszel \u2022 od\u015bwie\u017cenie\" \/>\n<meta property=\"og:url\" content=\"https:\/\/jogapiekna.com\/en\/product\/koraliki-mietowe-doterra-peppermint-beadlet-wsparcie-dolegliwosci-zoladkowych-kaszel-odswiezenie\/\" \/>\n<meta property=\"og:site_name\" content=\"JOGA PI\u0118KNA | Joga Twarzy\" \/>\n<meta property=\"article:publisher\" content=\"https:\/\/www.facebook.com\/JogaPieknaCom\/\" \/>\n<meta property=\"article:modified_time\" content=\"2026-04-02T09:59:32+00:00\" \/>\n<meta property=\"og:image\" content=\"https:\/\/jogapiekna.com\/wp-content\/uploads\/2023\/10\/koraliki-doTERRA-mietowe-dolegliwosci-zoladkowe.jpg\" \/>\n\t<meta property=\"og:image:width\" content=\"1000\" \/>\n\t<meta property=\"og:image:height\" content=\"1000\" \/>\n\t<meta property=\"og:image:type\" content=\"image\/jpeg\" \/>\n<meta name=\"twitter:card\" content=\"summary_large_image\" \/>\n<meta name=\"twitter:label1\" content=\"Estimated reading time\" \/>\n\t<meta name=\"twitter:data1\" content=\"2 minutes\" \/>\n<script type=\"application\/ld+json\" class=\"yoast-schema-graph\">{\"@context\":\"https:\/\/schema.org\",\"@graph\":[{\"@type\":\"WebPage\",\"@id\":\"https:\/\/jogapiekna.com\/produkt\/koraliki-mietowe-doterra-peppermint-beadlet-wsparcie-dolegliwosci-zoladkowych-kaszel-odswiezenie\/\",\"url\":\"https:\/\/jogapiekna.com\/produkt\/koraliki-mietowe-doterra-peppermint-beadlet-wsparcie-dolegliwosci-zoladkowych-kaszel-odswiezenie\/\",\"name\":\"Koraliki mi\u0119towe doTERRA \u2022 Peppermint Beadlet \u2022 wsparcie dolegliwo\u015bci \u017co\u0142\u0105dkowych \u2022 kaszel \u2022 od\u015bwie\u017cenie | Joga Pi\u0119kna\",\"isPartOf\":{\"@id\":\"https:\/\/jogapiekna.com\/#website\"},\"primaryImageOfPage\":{\"@id\":\"https:\/\/jogapiekna.com\/produkt\/koraliki-mietowe-doterra-peppermint-beadlet-wsparcie-dolegliwosci-zoladkowych-kaszel-odswiezenie\/#primaryimage\"},\"image\":{\"@id\":\"https:\/\/jogapiekna.com\/produkt\/koraliki-mietowe-doterra-peppermint-beadlet-wsparcie-dolegliwosci-zoladkowych-kaszel-odswiezenie\/#primaryimage\"},\"thumbnailUrl\":\"https:\/\/jogapiekna.com\/wp-content\/uploads\/2023\/10\/koraliki-doTERRA-mietowe-dolegliwosci-zoladkowe.jpg\",\"datePublished\":\"2023-10-29T14:12:10+00:00\",\"dateModified\":\"2026-04-02T09:59:32+00:00\",\"description\":\"doTERRA Peppermint Beadlet to male\u0144kie, mi\u0119kkie i wygodne wegetaria\u0144skie kuleczki \u2013 wsparcie dolegliwo\u015bci \u017co\u0142\u0105dkowych \u2022 kaszel \u2022 od\u015bwie\u017cenie\",\"breadcrumb\":{\"@id\":\"https:\/\/jogapiekna.com\/produkt\/koraliki-mietowe-doterra-peppermint-beadlet-wsparcie-dolegliwosci-zoladkowych-kaszel-odswiezenie\/#breadcrumb\"},\"inLanguage\":\"en-GB\",\"potentialAction\":[{\"@type\":\"ReadAction\",\"target\":[\"https:\/\/jogapiekna.com\/produkt\/koraliki-mietowe-doterra-peppermint-beadlet-wsparcie-dolegliwosci-zoladkowych-kaszel-odswiezenie\/\"]}]},{\"@type\":\"ImageObject\",\"inLanguage\":\"en-GB\",\"@id\":\"https:\/\/jogapiekna.com\/produkt\/koraliki-mietowe-doterra-peppermint-beadlet-wsparcie-dolegliwosci-zoladkowych-kaszel-odswiezenie\/#primaryimage\",\"url\":\"https:\/\/jogapiekna.com\/wp-content\/uploads\/2023\/10\/koraliki-doTERRA-mietowe-dolegliwosci-zoladkowe.jpg\",\"contentUrl\":\"https:\/\/jogapiekna.com\/wp-content\/uploads\/2023\/10\/koraliki-doTERRA-mietowe-dolegliwosci-zoladkowe.jpg\",\"width\":1000,\"height\":1000,\"caption\":\"Koraliki mi\u0119towe doTERRA \u2022 Peppermint Beadlet \u2022 wsparcie dolegliwo\u015bci \u017co\u0142\u0105dkowych \u2022 kaszel \u2022 od\u015bwie\u017cenie\"},{\"@type\":\"BreadcrumbList\",\"@id\":\"https:\/\/jogapiekna.com\/produkt\/koraliki-mietowe-doterra-peppermint-beadlet-wsparcie-dolegliwosci-zoladkowych-kaszel-odswiezenie\/#breadcrumb\",\"itemListElement\":[{\"@type\":\"ListItem\",\"position\":1,\"name\":\"Strona g\u0142\u00f3wna\",\"item\":\"https:\/\/jogapiekna.com\/\"},{\"@type\":\"ListItem\",\"position\":2,\"name\":\"Sklep\",\"item\":\"https:\/\/jogapiekna.com\/sklep\/\"},{\"@type\":\"ListItem\",\"position\":3,\"name\":\"Koraliki mi\u0119towe doTERRA \u2022 Peppermint Beadlet \u2022 wsparcie dolegliwo\u015bci \u017co\u0142\u0105dkowych \u2022 kaszel \u2022 od\u015bwie\u017cenie\"}]},{\"@type\":\"WebSite\",\"@id\":\"https:\/\/jogapiekna.com\/#website\",\"url\":\"https:\/\/jogapiekna.com\/\",\"name\":\"Joga Pi\u0119kna Marta Kuci\u0144ska\",\"description\":\"Joga Pi\u0119kna pomaga kobietom zachowa\u0107 urod\u0119, cofn\u0105\u0107 oznaki up\u0142ywaj\u0105cego czasu i zm\u0119czenia, odzyska\u0107 promienny wygl\u0105d, naturalny u\u015bmiech i popraw\u0119 w\u0142asnej samooceny.\",\"publisher\":{\"@id\":\"https:\/\/jogapiekna.com\/#organization\"},\"potentialAction\":[{\"@type\":\"SearchAction\",\"target\":{\"@type\":\"EntryPoint\",\"urlTemplate\":\"https:\/\/jogapiekna.com\/?s={search_term_string}\"},\"query-input\":{\"@type\":\"PropertyValueSpecification\",\"valueRequired\":true,\"valueName\":\"search_term_string\"}}],\"inLanguage\":\"en-GB\"},{\"@type\":\"Organization\",\"@id\":\"https:\/\/jogapiekna.com\/#organization\",\"name\":\"Joga Pi\u0119kna Marta Kuci\u0144ska\",\"url\":\"https:\/\/jogapiekna.com\/\",\"logo\":{\"@type\":\"ImageObject\",\"inLanguage\":\"en-GB\",\"@id\":\"https:\/\/jogapiekna.com\/#\/schema\/logo\/image\/\",\"url\":\"https:\/\/jogapiekna.com\/wp-content\/uploads\/2022\/09\/joga-piekna-logo_Rka.png\",\"contentUrl\":\"https:\/\/jogapiekna.com\/wp-content\/uploads\/2022\/09\/joga-piekna-logo_Rka.png\",\"width\":231,\"height\":124,\"caption\":\"Joga Pi\u0119kna Marta Kuci\u0144ska\"},\"image\":{\"@id\":\"https:\/\/jogapiekna.com\/#\/schema\/logo\/image\/\"},\"sameAs\":[\"https:\/\/www.facebook.com\/JogaPieknaCom\/\",\"https:\/\/www.instagram.com\/jogapieknacom\/\"]}]}<\/script>\n<!-- \/ Yoast SEO plugin. -->","yoast_head_json":{"title":"Koraliki mi\u0119towe doTERRA \u2022 Peppermint Beadlet \u2022 wsparcie dolegliwo\u015bci \u017co\u0142\u0105dkowych \u2022 kaszel \u2022 od\u015bwie\u017cenie | Joga Pi\u0119kna","description":"doTERRA Peppermint Beadlet to male\u0144kie, mi\u0119kkie i wygodne wegetaria\u0144skie kuleczki \u2013 wsparcie dolegliwo\u015bci \u017co\u0142\u0105dkowych \u2022 kaszel \u2022 od\u015bwie\u017cenie","robots":{"index":"index","follow":"follow","max-snippet":"max-snippet:-1","max-image-preview":"max-image-preview:large","max-video-preview":"max-video-preview:-1"},"canonical":"https:\/\/jogapiekna.com\/en\/product\/koraliki-mietowe-doterra-peppermint-beadlet-wsparcie-dolegliwosci-zoladkowych-kaszel-odswiezenie\/","og_locale":"en_GB","og_type":"article","og_title":"Koraliki mi\u0119towe doTERRA \u2022 Peppermint Beadlet \u2022 wsparcie dolegliwo\u015bci \u017co\u0142\u0105dkowych \u2022 kaszel \u2022 od\u015bwie\u017cenie | Joga Pi\u0119kna","og_description":"doTERRA Peppermint Beadlet to male\u0144kie, mi\u0119kkie i wygodne wegetaria\u0144skie kuleczki \u2013 wsparcie dolegliwo\u015bci \u017co\u0142\u0105dkowych \u2022 kaszel \u2022 od\u015bwie\u017cenie","og_url":"https:\/\/jogapiekna.com\/en\/product\/koraliki-mietowe-doterra-peppermint-beadlet-wsparcie-dolegliwosci-zoladkowych-kaszel-odswiezenie\/","og_site_name":"JOGA PI\u0118KNA | Joga Twarzy","article_publisher":"https:\/\/www.facebook.com\/JogaPieknaCom\/","article_modified_time":"2026-04-02T09:59:32+00:00","og_image":[{"width":1000,"height":1000,"url":"https:\/\/jogapiekna.com\/wp-content\/uploads\/2023\/10\/koraliki-doTERRA-mietowe-dolegliwosci-zoladkowe.jpg","type":"image\/jpeg"}],"twitter_card":"summary_large_image","twitter_misc":{"Estimated reading time":"2 minutes"},"schema":{"@context":"https:\/\/schema.org","@graph":[{"@type":"WebPage","@id":"https:\/\/jogapiekna.com\/produkt\/koraliki-mietowe-doterra-peppermint-beadlet-wsparcie-dolegliwosci-zoladkowych-kaszel-odswiezenie\/","url":"https:\/\/jogapiekna.com\/produkt\/koraliki-mietowe-doterra-peppermint-beadlet-wsparcie-dolegliwosci-zoladkowych-kaszel-odswiezenie\/","name":"Koraliki mi\u0119towe doTERRA \u2022 Peppermint Beadlet \u2022 wsparcie dolegliwo\u015bci \u017co\u0142\u0105dkowych \u2022 kaszel \u2022 od\u015bwie\u017cenie | Joga Pi\u0119kna","isPartOf":{"@id":"https:\/\/jogapiekna.com\/#website"},"primaryImageOfPage":{"@id":"https:\/\/jogapiekna.com\/produkt\/koraliki-mietowe-doterra-peppermint-beadlet-wsparcie-dolegliwosci-zoladkowych-kaszel-odswiezenie\/#primaryimage"},"image":{"@id":"https:\/\/jogapiekna.com\/produkt\/koraliki-mietowe-doterra-peppermint-beadlet-wsparcie-dolegliwosci-zoladkowych-kaszel-odswiezenie\/#primaryimage"},"thumbnailUrl":"https:\/\/jogapiekna.com\/wp-content\/uploads\/2023\/10\/koraliki-doTERRA-mietowe-dolegliwosci-zoladkowe.jpg","datePublished":"2023-10-29T14:12:10+00:00","dateModified":"2026-04-02T09:59:32+00:00","description":"doTERRA Peppermint Beadlet to male\u0144kie, mi\u0119kkie i wygodne wegetaria\u0144skie kuleczki \u2013 wsparcie dolegliwo\u015bci \u017co\u0142\u0105dkowych \u2022 kaszel \u2022 od\u015bwie\u017cenie","breadcrumb":{"@id":"https:\/\/jogapiekna.com\/produkt\/koraliki-mietowe-doterra-peppermint-beadlet-wsparcie-dolegliwosci-zoladkowych-kaszel-odswiezenie\/#breadcrumb"},"inLanguage":"en-GB","potentialAction":[{"@type":"ReadAction","target":["https:\/\/jogapiekna.com\/produkt\/koraliki-mietowe-doterra-peppermint-beadlet-wsparcie-dolegliwosci-zoladkowych-kaszel-odswiezenie\/"]}]},{"@type":"ImageObject","inLanguage":"en-GB","@id":"https:\/\/jogapiekna.com\/produkt\/koraliki-mietowe-doterra-peppermint-beadlet-wsparcie-dolegliwosci-zoladkowych-kaszel-odswiezenie\/#primaryimage","url":"https:\/\/jogapiekna.com\/wp-content\/uploads\/2023\/10\/koraliki-doTERRA-mietowe-dolegliwosci-zoladkowe.jpg","contentUrl":"https:\/\/jogapiekna.com\/wp-content\/uploads\/2023\/10\/koraliki-doTERRA-mietowe-dolegliwosci-zoladkowe.jpg","width":1000,"height":1000,"caption":"Koraliki mi\u0119towe doTERRA \u2022 Peppermint Beadlet \u2022 wsparcie dolegliwo\u015bci \u017co\u0142\u0105dkowych \u2022 kaszel \u2022 od\u015bwie\u017cenie"},{"@type":"BreadcrumbList","@id":"https:\/\/jogapiekna.com\/produkt\/koraliki-mietowe-doterra-peppermint-beadlet-wsparcie-dolegliwosci-zoladkowych-kaszel-odswiezenie\/#breadcrumb","itemListElement":[{"@type":"ListItem","position":1,"name":"Strona g\u0142\u00f3wna","item":"https:\/\/jogapiekna.com\/"},{"@type":"ListItem","position":2,"name":"Sklep","item":"https:\/\/jogapiekna.com\/sklep\/"},{"@type":"ListItem","position":3,"name":"Koraliki mi\u0119towe doTERRA \u2022 Peppermint Beadlet \u2022 wsparcie dolegliwo\u015bci \u017co\u0142\u0105dkowych \u2022 kaszel \u2022 od\u015bwie\u017cenie"}]},{"@type":"WebSite","@id":"https:\/\/jogapiekna.com\/#website","url":"https:\/\/jogapiekna.com\/","name":"Yoga Beauty Marta Kuci\u0144ska","description":"Beauty Yoga helps women to maintain their beauty, reverse the signs of passing time and fatigue, regain a radiant appearance, natural smile and improve their self-esteem.","publisher":{"@id":"https:\/\/jogapiekna.com\/#organization"},"potentialAction":[{"@type":"SearchAction","target":{"@type":"EntryPoint","urlTemplate":"https:\/\/jogapiekna.com\/?s={search_term_string}"},"query-input":{"@type":"PropertyValueSpecification","valueRequired":true,"valueName":"search_term_string"}}],"inLanguage":"en-GB"},{"@type":"Organization","@id":"https:\/\/jogapiekna.com\/#organization","name":"Yoga Beauty Marta Kuci\u0144ska","url":"https:\/\/jogapiekna.com\/","logo":{"@type":"ImageObject","inLanguage":"en-GB","@id":"https:\/\/jogapiekna.com\/#\/schema\/logo\/image\/","url":"https:\/\/jogapiekna.com\/wp-content\/uploads\/2022\/09\/joga-piekna-logo_Rka.png","contentUrl":"https:\/\/jogapiekna.com\/wp-content\/uploads\/2022\/09\/joga-piekna-logo_Rka.png","width":231,"height":124,"caption":"Joga Pi\u0119kna Marta Kuci\u0144ska"},"image":{"@id":"https:\/\/jogapiekna.com\/#\/schema\/logo\/image\/"},"sameAs":["https:\/\/www.facebook.com\/JogaPieknaCom\/","https:\/\/www.instagram.com\/jogapieknacom\/"]}]}},"_links":{"self":[{"href":"https:\/\/jogapiekna.com\/en\/wp-json\/wp\/v2\/product\/143962","targetHints":{"allow":["GET"]}}],"collection":[{"href":"https:\/\/jogapiekna.com\/en\/wp-json\/wp\/v2\/product"}],"about":[{"href":"https:\/\/jogapiekna.com\/en\/wp-json\/wp\/v2\/types\/product"}],"replies":[{"embeddable":true,"href":"https:\/\/jogapiekna.com\/en\/wp-json\/wp\/v2\/comments?post=143962"}],"version-history":[{"count":3,"href":"https:\/\/jogapiekna.com\/en\/wp-json\/wp\/v2\/product\/143962\/revisions"}],"predecessor-version":[{"id":215802,"href":"https:\/\/jogapiekna.com\/en\/wp-json\/wp\/v2\/product\/143962\/revisions\/215802"}],"wp:featuredmedia":[{"embeddable":true,"href":"https:\/\/jogapiekna.com\/en\/wp-json\/wp\/v2\/media\/143960"}],"wp:attachment":[{"href":"https:\/\/jogapiekna.com\/en\/wp-json\/wp\/v2\/media?parent=143962"}],"wp:term":[{"taxonomy":"product_brand","embeddable":true,"href":"https:\/\/jogapiekna.com\/en\/wp-json\/wp\/v2\/product_brand?post=143962"},{"taxonomy":"product_cat","embeddable":true,"href":"https:\/\/jogapiekna.com\/en\/wp-json\/wp\/v2\/product_cat?post=143962"},{"taxonomy":"product_tag","embeddable":true,"href":"https:\/\/jogapiekna.com\/en\/wp-json\/wp\/v2\/product_tag?post=143962"}],"curies":[{"name":"wp","href":"https:\/\/api.w.org\/{rel}","templated":true}]}}