{"id":143963,"date":"2023-10-29T15:20:56","date_gmt":"2023-10-29T14:20:56","guid":{"rendered":"https:\/\/jogapiekna.com\/?post_type=product&#038;p=143963"},"modified":"2026-03-24T11:54:39","modified_gmt":"2026-03-24T10:54:39","slug":"giloy-korzen-niesmiertelnosci-60kapsulek","status":"publish","type":"product","link":"https:\/\/jogapiekna.com\/en\/product\/giloy-korzen-niesmiertelnosci-60kapsulek\/","title":{"rendered":"Giloy * root of immortality * 60 capsules"},"content":{"rendered":"<p>Giloy (guduchi) is an Ayurvedic herb that has been used and recommended in Indian medicine for centuries. In Sanskrit, Giloy is known as &#034;Amrita\u201d, which literally means&#034; the root of immortality &#034; because of its rich health benefits. The Charak Samhita is described as one of the Medhya rasayanas (rejuvenation of the mind). The properties of herbs called &#034;Rasayana&#034; provide longevity, improve memory, strengthen the immune system, increase the body&#039;s resistance to infections and improve overall health. It also has antioxidant, anti-inflammatory, antipyretic, anti-arthritis, anti-allergic, anti-diabetic, and wound-healing properties.<\/p>\n<p>&nbsp;<\/p>\n<h2>What is included in Giloy<\/h2>\n<p>Guduchi \/ Giloy (Tinospora Cordifolia)<\/p>\n<p>Capsule shell (vegan capsule):<\/p>\n<p>glazed substance-Hypromellose \/ hydroxypropylmethylcellulose (Hypromellose)<\/p>\n<p>&nbsp;<\/p>\n<h2>Application<\/h2>\n<p>* Breathing problems<br \/>\n* Weak resistance<br \/>\n* Cold, cough, fever<br \/>\n* Support in the treatment of asthma<br \/>\n* Allergies<br \/>\n* Fatigue \/ weakness<br \/>\n* Detoxification \/ removal of toxins<br \/>\n* Digestive problems<br \/>\n* Arthritis and joint diseases<br \/>\n* During recovery<br \/>\n* Suppresses skin aging<br \/>\n* Gout<br \/>\n* Colic and abdominal pain<br \/>\n* Useful for diabetics<\/p>\n<p>&nbsp;<\/p>\n<h3>Dosage<\/h3>\n<p>Take 1 capsule twice a day with warm water.<\/p>\n<p>&nbsp;<\/p>\n<h2>Contraindications<\/h2>\n<p>* Pregnancy<br \/>\n* Breast-feeding<\/p>","protected":false},"excerpt":{"rendered":"<p>Giloy capsules have numerous health benefits of the Ayurvedic wonder herb Giloy (Guduchi), also known as tinospora cordifolia. Giloy, as an immunomodulatory herb, boosts the body&#039;s immune system by stimulating white blood cells, which are responsible for preventing infections. It is a source of antioxidants, which are plant compounds that can fight free radicals and prevent cell damage due to oxidation. Giloy also has anti-allergic, antiviral and antibacterial properties and helps fight colds, coughs, fevers and allergies. This helps maintain the health of the respiratory system, joints, and intestines.<\/p>\n<p>* Saaf Saaf is a natural vegan supplement.<br \/>\n* 60 capsules will last for a month of use.<br \/>\n* Recommended daily dose: 2 capsules<\/p>","protected":false},"featured_media":143964,"comment_status":"closed","ping_status":"closed","template":"","meta":{"_acf_changed":false,"site-sidebar-layout":"default","site-content-layout":"","ast-site-content-layout":"default","site-content-style":"default","site-sidebar-style":"default","ast-global-header-display":"","ast-banner-title-visibility":"","ast-main-header-display":"","ast-hfb-above-header-display":"","ast-hfb-below-header-display":"","ast-hfb-mobile-header-display":"","site-post-title":"","ast-breadcrumbs-content":"","ast-featured-img":"","footer-sml-layout":"","ast-disable-related-posts":"","theme-transparent-header-meta":"","adv-header-id-meta":"","stick-header-meta":"","header-above-stick-meta":"","header-main-stick-meta":"","header-below-stick-meta":"","astra-migrate-meta-layouts":"default","ast-page-background-enabled":"default","ast-page-background-meta":{"desktop":{"background-color":"var(--ast-global-color-5)","background-image":"","background-repeat":"repeat","background-position":"center center","background-size":"auto","background-attachment":"scroll","background-type":"","background-media":"","overlay-type":"","overlay-color":"","overlay-opacity":"","overlay-gradient":""},"tablet":{"background-color":"","background-image":"","background-repeat":"repeat","background-position":"center center","background-size":"auto","background-attachment":"scroll","background-type":"","background-media":"","overlay-type":"","overlay-color":"","overlay-opacity":"","overlay-gradient":""},"mobile":{"background-color":"","background-image":"","background-repeat":"repeat","background-position":"center center","background-size":"auto","background-attachment":"scroll","background-type":"","background-media":"","overlay-type":"","overlay-color":"","overlay-opacity":"","overlay-gradient":""}},"ast-content-background-meta":{"desktop":{"background-color":"var(--ast-global-color-4)","background-image":"","background-repeat":"repeat","background-position":"center center","background-size":"auto","background-attachment":"scroll","background-type":"","background-media":"","overlay-type":"","overlay-color":"","overlay-opacity":"","overlay-gradient":""},"tablet":{"background-color":"var(--ast-global-color-4)","background-image":"","background-repeat":"repeat","background-position":"center center","background-size":"auto","background-attachment":"scroll","background-type":"","background-media":"","overlay-type":"","overlay-color":"","overlay-opacity":"","overlay-gradient":""},"mobile":{"background-color":"var(--ast-global-color-4)","background-image":"","background-repeat":"repeat","background-position":"center center","background-size":"auto","background-attachment":"scroll","background-type":"","background-media":"","overlay-type":"","overlay-color":"","overlay-opacity":"","overlay-gradient":""}}},"product_brand":[],"product_cat":[639],"product_tag":[],"class_list":{"0":"post-143963","1":"product","2":"type-product","3":"status-publish","4":"has-post-thumbnail","6":"product_cat-suplementy","7":"desktop-align-left","8":"tablet-align-left","9":"mobile-align-left","11":"first","12":"instock","13":"taxable","14":"shipping-taxable","15":"purchasable","16":"product-type-simple"},"acf":[],"yoast_head":"<!-- This site is optimized with the Yoast SEO plugin v27.2 - https:\/\/yoast.com\/product\/yoast-seo-wordpress\/ -->\n<title>Giloy \u2022 korze\u0144 nie\u015bmiertelno\u015bci \u2022 60 kapsu\u0142ek | Joga Pi\u0119kna | Naturalne odm\u0142adzanie<\/title>\n<meta name=\"description\" content=\"Kapsu\u0142ki Giloy posiadaj\u0105 liczne w\u0142a\u015bciwo\u015bci zdrowotne ajurwedyjskiego cudownego zio\u0142a Giloy (Guduchi), znanego r\u00f3wnie\u017c jako Tinospora cordifolia. Giloy, jako zio\u0142o immunomoduluj\u0105ce, wzmacnia odporno\u015b\u0107 organizmu poprzez stymulacj\u0119 bia\u0142ych krwinek, kt\u00f3re s\u0105 odpowiedzialne za zapobieganie infekcjom.\" \/>\n<meta name=\"robots\" content=\"index, follow, max-snippet:-1, max-image-preview:large, max-video-preview:-1\" \/>\n<link rel=\"canonical\" href=\"https:\/\/jogapiekna.com\/en\/product\/giloy-korzen-niesmiertelnosci-60kapsulek\/\" \/>\n<meta property=\"og:locale\" content=\"en_GB\" \/>\n<meta property=\"og:type\" content=\"article\" \/>\n<meta property=\"og:title\" content=\"Giloy \u2022 korze\u0144 nie\u015bmiertelno\u015bci \u2022 60 kapsu\u0142ek | Joga Pi\u0119kna | Naturalne odm\u0142adzanie\" \/>\n<meta property=\"og:description\" content=\"Kapsu\u0142ki Giloy posiadaj\u0105 liczne w\u0142a\u015bciwo\u015bci zdrowotne ajurwedyjskiego cudownego zio\u0142a Giloy (Guduchi), znanego r\u00f3wnie\u017c jako Tinospora cordifolia. Giloy, jako zio\u0142o immunomoduluj\u0105ce, wzmacnia odporno\u015b\u0107 organizmu poprzez stymulacj\u0119 bia\u0142ych krwinek, kt\u00f3re s\u0105 odpowiedzialne za zapobieganie infekcjom.\" \/>\n<meta property=\"og:url\" content=\"https:\/\/jogapiekna.com\/en\/product\/giloy-korzen-niesmiertelnosci-60kapsulek\/\" \/>\n<meta property=\"og:site_name\" content=\"JOGA PI\u0118KNA | Joga Twarzy\" \/>\n<meta property=\"article:publisher\" content=\"https:\/\/www.facebook.com\/JogaPieknaCom\/\" \/>\n<meta property=\"article:modified_time\" content=\"2026-03-24T10:54:39+00:00\" \/>\n<meta property=\"og:image\" content=\"https:\/\/jogapiekna.com\/wp-content\/uploads\/2023\/10\/giloy-60-tabletek-jiva.jpg\" \/>\n\t<meta property=\"og:image:width\" content=\"1000\" \/>\n\t<meta property=\"og:image:height\" content=\"1000\" \/>\n\t<meta property=\"og:image:type\" content=\"image\/jpeg\" \/>\n<meta name=\"twitter:card\" content=\"summary_large_image\" \/>\n<meta name=\"twitter:label1\" content=\"Estimated reading time\" \/>\n\t<meta name=\"twitter:data1\" content=\"2 minutes\" \/>\n<script type=\"application\/ld+json\" class=\"yoast-schema-graph\">{\"@context\":\"https:\/\/schema.org\",\"@graph\":[{\"@type\":\"WebPage\",\"@id\":\"https:\/\/jogapiekna.com\/produkt\/giloy-korzen-niesmiertelnosci-60kapsulek\/\",\"url\":\"https:\/\/jogapiekna.com\/produkt\/giloy-korzen-niesmiertelnosci-60kapsulek\/\",\"name\":\"Giloy \u2022 korze\u0144 nie\u015bmiertelno\u015bci \u2022 60 kapsu\u0142ek | Joga Pi\u0119kna | Naturalne odm\u0142adzanie\",\"isPartOf\":{\"@id\":\"https:\/\/jogapiekna.com\/#website\"},\"primaryImageOfPage\":{\"@id\":\"https:\/\/jogapiekna.com\/produkt\/giloy-korzen-niesmiertelnosci-60kapsulek\/#primaryimage\"},\"image\":{\"@id\":\"https:\/\/jogapiekna.com\/produkt\/giloy-korzen-niesmiertelnosci-60kapsulek\/#primaryimage\"},\"thumbnailUrl\":\"https:\/\/jogapiekna.com\/wp-content\/uploads\/2023\/10\/giloy-60-tabletek-jiva.jpg\",\"datePublished\":\"2023-10-29T14:20:56+00:00\",\"dateModified\":\"2026-03-24T10:54:39+00:00\",\"description\":\"Kapsu\u0142ki Giloy posiadaj\u0105 liczne w\u0142a\u015bciwo\u015bci zdrowotne ajurwedyjskiego cudownego zio\u0142a Giloy (Guduchi), znanego r\u00f3wnie\u017c jako Tinospora cordifolia. Giloy, jako zio\u0142o immunomoduluj\u0105ce, wzmacnia odporno\u015b\u0107 organizmu poprzez stymulacj\u0119 bia\u0142ych krwinek, kt\u00f3re s\u0105 odpowiedzialne za zapobieganie infekcjom.\",\"breadcrumb\":{\"@id\":\"https:\/\/jogapiekna.com\/produkt\/giloy-korzen-niesmiertelnosci-60kapsulek\/#breadcrumb\"},\"inLanguage\":\"en-GB\",\"potentialAction\":[{\"@type\":\"ReadAction\",\"target\":[\"https:\/\/jogapiekna.com\/produkt\/giloy-korzen-niesmiertelnosci-60kapsulek\/\"]}]},{\"@type\":\"ImageObject\",\"inLanguage\":\"en-GB\",\"@id\":\"https:\/\/jogapiekna.com\/produkt\/giloy-korzen-niesmiertelnosci-60kapsulek\/#primaryimage\",\"url\":\"https:\/\/jogapiekna.com\/wp-content\/uploads\/2023\/10\/giloy-60-tabletek-jiva.jpg\",\"contentUrl\":\"https:\/\/jogapiekna.com\/wp-content\/uploads\/2023\/10\/giloy-60-tabletek-jiva.jpg\",\"width\":1000,\"height\":1000,\"caption\":\"Giloy \u2013 60 kapsu\u0142ek\"},{\"@type\":\"BreadcrumbList\",\"@id\":\"https:\/\/jogapiekna.com\/produkt\/giloy-korzen-niesmiertelnosci-60kapsulek\/#breadcrumb\",\"itemListElement\":[{\"@type\":\"ListItem\",\"position\":1,\"name\":\"Strona g\u0142\u00f3wna\",\"item\":\"https:\/\/jogapiekna.com\/\"},{\"@type\":\"ListItem\",\"position\":2,\"name\":\"Sklep\",\"item\":\"https:\/\/jogapiekna.com\/sklep\/\"},{\"@type\":\"ListItem\",\"position\":3,\"name\":\"Giloy \u2022 korze\u0144 nie\u015bmiertelno\u015bci \u2022 60 kapsu\u0142ek\"}]},{\"@type\":\"WebSite\",\"@id\":\"https:\/\/jogapiekna.com\/#website\",\"url\":\"https:\/\/jogapiekna.com\/\",\"name\":\"Joga Pi\u0119kna Marta Kuci\u0144ska\",\"description\":\"Joga Pi\u0119kna pomaga kobietom zachowa\u0107 urod\u0119, cofn\u0105\u0107 oznaki up\u0142ywaj\u0105cego czasu i zm\u0119czenia, odzyska\u0107 promienny wygl\u0105d, naturalny u\u015bmiech i popraw\u0119 w\u0142asnej samooceny.\",\"publisher\":{\"@id\":\"https:\/\/jogapiekna.com\/#organization\"},\"potentialAction\":[{\"@type\":\"SearchAction\",\"target\":{\"@type\":\"EntryPoint\",\"urlTemplate\":\"https:\/\/jogapiekna.com\/?s={search_term_string}\"},\"query-input\":{\"@type\":\"PropertyValueSpecification\",\"valueRequired\":true,\"valueName\":\"search_term_string\"}}],\"inLanguage\":\"en-GB\"},{\"@type\":\"Organization\",\"@id\":\"https:\/\/jogapiekna.com\/#organization\",\"name\":\"Joga Pi\u0119kna Marta Kuci\u0144ska\",\"url\":\"https:\/\/jogapiekna.com\/\",\"logo\":{\"@type\":\"ImageObject\",\"inLanguage\":\"en-GB\",\"@id\":\"https:\/\/jogapiekna.com\/#\/schema\/logo\/image\/\",\"url\":\"https:\/\/jogapiekna.com\/wp-content\/uploads\/2022\/09\/joga-piekna-logo_Rka.png\",\"contentUrl\":\"https:\/\/jogapiekna.com\/wp-content\/uploads\/2022\/09\/joga-piekna-logo_Rka.png\",\"width\":231,\"height\":124,\"caption\":\"Joga Pi\u0119kna Marta Kuci\u0144ska\"},\"image\":{\"@id\":\"https:\/\/jogapiekna.com\/#\/schema\/logo\/image\/\"},\"sameAs\":[\"https:\/\/www.facebook.com\/JogaPieknaCom\/\",\"https:\/\/www.instagram.com\/jogapieknacom\/\"]}]}<\/script>\n<!-- \/ Yoast SEO plugin. -->","yoast_head_json":{"title":"Giloy \u2022 korze\u0144 nie\u015bmiertelno\u015bci \u2022 60 kapsu\u0142ek | Joga Pi\u0119kna | Naturalne odm\u0142adzanie","description":"Kapsu\u0142ki Giloy posiadaj\u0105 liczne w\u0142a\u015bciwo\u015bci zdrowotne ajurwedyjskiego cudownego zio\u0142a Giloy (Guduchi), znanego r\u00f3wnie\u017c jako Tinospora cordifolia. Giloy, jako zio\u0142o immunomoduluj\u0105ce, wzmacnia odporno\u015b\u0107 organizmu poprzez stymulacj\u0119 bia\u0142ych krwinek, kt\u00f3re s\u0105 odpowiedzialne za zapobieganie infekcjom.","robots":{"index":"index","follow":"follow","max-snippet":"max-snippet:-1","max-image-preview":"max-image-preview:large","max-video-preview":"max-video-preview:-1"},"canonical":"https:\/\/jogapiekna.com\/en\/product\/giloy-korzen-niesmiertelnosci-60kapsulek\/","og_locale":"en_GB","og_type":"article","og_title":"Giloy \u2022 korze\u0144 nie\u015bmiertelno\u015bci \u2022 60 kapsu\u0142ek | Joga Pi\u0119kna | Naturalne odm\u0142adzanie","og_description":"Kapsu\u0142ki Giloy posiadaj\u0105 liczne w\u0142a\u015bciwo\u015bci zdrowotne ajurwedyjskiego cudownego zio\u0142a Giloy (Guduchi), znanego r\u00f3wnie\u017c jako Tinospora cordifolia. Giloy, jako zio\u0142o immunomoduluj\u0105ce, wzmacnia odporno\u015b\u0107 organizmu poprzez stymulacj\u0119 bia\u0142ych krwinek, kt\u00f3re s\u0105 odpowiedzialne za zapobieganie infekcjom.","og_url":"https:\/\/jogapiekna.com\/en\/product\/giloy-korzen-niesmiertelnosci-60kapsulek\/","og_site_name":"JOGA PI\u0118KNA | Joga Twarzy","article_publisher":"https:\/\/www.facebook.com\/JogaPieknaCom\/","article_modified_time":"2026-03-24T10:54:39+00:00","og_image":[{"width":1000,"height":1000,"url":"https:\/\/jogapiekna.com\/wp-content\/uploads\/2023\/10\/giloy-60-tabletek-jiva.jpg","type":"image\/jpeg"}],"twitter_card":"summary_large_image","twitter_misc":{"Estimated reading time":"2 minutes"},"schema":{"@context":"https:\/\/schema.org","@graph":[{"@type":"WebPage","@id":"https:\/\/jogapiekna.com\/produkt\/giloy-korzen-niesmiertelnosci-60kapsulek\/","url":"https:\/\/jogapiekna.com\/produkt\/giloy-korzen-niesmiertelnosci-60kapsulek\/","name":"Giloy \u2022 korze\u0144 nie\u015bmiertelno\u015bci \u2022 60 kapsu\u0142ek | Joga Pi\u0119kna | Naturalne odm\u0142adzanie","isPartOf":{"@id":"https:\/\/jogapiekna.com\/#website"},"primaryImageOfPage":{"@id":"https:\/\/jogapiekna.com\/produkt\/giloy-korzen-niesmiertelnosci-60kapsulek\/#primaryimage"},"image":{"@id":"https:\/\/jogapiekna.com\/produkt\/giloy-korzen-niesmiertelnosci-60kapsulek\/#primaryimage"},"thumbnailUrl":"https:\/\/jogapiekna.com\/wp-content\/uploads\/2023\/10\/giloy-60-tabletek-jiva.jpg","datePublished":"2023-10-29T14:20:56+00:00","dateModified":"2026-03-24T10:54:39+00:00","description":"Kapsu\u0142ki Giloy posiadaj\u0105 liczne w\u0142a\u015bciwo\u015bci zdrowotne ajurwedyjskiego cudownego zio\u0142a Giloy (Guduchi), znanego r\u00f3wnie\u017c jako Tinospora cordifolia. Giloy, jako zio\u0142o immunomoduluj\u0105ce, wzmacnia odporno\u015b\u0107 organizmu poprzez stymulacj\u0119 bia\u0142ych krwinek, kt\u00f3re s\u0105 odpowiedzialne za zapobieganie infekcjom.","breadcrumb":{"@id":"https:\/\/jogapiekna.com\/produkt\/giloy-korzen-niesmiertelnosci-60kapsulek\/#breadcrumb"},"inLanguage":"en-GB","potentialAction":[{"@type":"ReadAction","target":["https:\/\/jogapiekna.com\/produkt\/giloy-korzen-niesmiertelnosci-60kapsulek\/"]}]},{"@type":"ImageObject","inLanguage":"en-GB","@id":"https:\/\/jogapiekna.com\/produkt\/giloy-korzen-niesmiertelnosci-60kapsulek\/#primaryimage","url":"https:\/\/jogapiekna.com\/wp-content\/uploads\/2023\/10\/giloy-60-tabletek-jiva.jpg","contentUrl":"https:\/\/jogapiekna.com\/wp-content\/uploads\/2023\/10\/giloy-60-tabletek-jiva.jpg","width":1000,"height":1000,"caption":"Giloy \u2013 60 kapsu\u0142ek"},{"@type":"BreadcrumbList","@id":"https:\/\/jogapiekna.com\/produkt\/giloy-korzen-niesmiertelnosci-60kapsulek\/#breadcrumb","itemListElement":[{"@type":"ListItem","position":1,"name":"Strona g\u0142\u00f3wna","item":"https:\/\/jogapiekna.com\/"},{"@type":"ListItem","position":2,"name":"Sklep","item":"https:\/\/jogapiekna.com\/sklep\/"},{"@type":"ListItem","position":3,"name":"Giloy \u2022 korze\u0144 nie\u015bmiertelno\u015bci \u2022 60 kapsu\u0142ek"}]},{"@type":"WebSite","@id":"https:\/\/jogapiekna.com\/#website","url":"https:\/\/jogapiekna.com\/","name":"Yoga Beauty Marta Kuci\u0144ska","description":"Beauty Yoga helps women to maintain their beauty, reverse the signs of passing time and fatigue, regain a radiant appearance, natural smile and improve their self-esteem.","publisher":{"@id":"https:\/\/jogapiekna.com\/#organization"},"potentialAction":[{"@type":"SearchAction","target":{"@type":"EntryPoint","urlTemplate":"https:\/\/jogapiekna.com\/?s={search_term_string}"},"query-input":{"@type":"PropertyValueSpecification","valueRequired":true,"valueName":"search_term_string"}}],"inLanguage":"en-GB"},{"@type":"Organization","@id":"https:\/\/jogapiekna.com\/#organization","name":"Yoga Beauty Marta Kuci\u0144ska","url":"https:\/\/jogapiekna.com\/","logo":{"@type":"ImageObject","inLanguage":"en-GB","@id":"https:\/\/jogapiekna.com\/#\/schema\/logo\/image\/","url":"https:\/\/jogapiekna.com\/wp-content\/uploads\/2022\/09\/joga-piekna-logo_Rka.png","contentUrl":"https:\/\/jogapiekna.com\/wp-content\/uploads\/2022\/09\/joga-piekna-logo_Rka.png","width":231,"height":124,"caption":"Joga Pi\u0119kna Marta Kuci\u0144ska"},"image":{"@id":"https:\/\/jogapiekna.com\/#\/schema\/logo\/image\/"},"sameAs":["https:\/\/www.facebook.com\/JogaPieknaCom\/","https:\/\/www.instagram.com\/jogapieknacom\/"]}]}},"_links":{"self":[{"href":"https:\/\/jogapiekna.com\/en\/wp-json\/wp\/v2\/product\/143963","targetHints":{"allow":["GET"]}}],"collection":[{"href":"https:\/\/jogapiekna.com\/en\/wp-json\/wp\/v2\/product"}],"about":[{"href":"https:\/\/jogapiekna.com\/en\/wp-json\/wp\/v2\/types\/product"}],"replies":[{"embeddable":true,"href":"https:\/\/jogapiekna.com\/en\/wp-json\/wp\/v2\/comments?post=143963"}],"version-history":[{"count":0,"href":"https:\/\/jogapiekna.com\/en\/wp-json\/wp\/v2\/product\/143963\/revisions"}],"wp:featuredmedia":[{"embeddable":true,"href":"https:\/\/jogapiekna.com\/en\/wp-json\/wp\/v2\/media\/143964"}],"wp:attachment":[{"href":"https:\/\/jogapiekna.com\/en\/wp-json\/wp\/v2\/media?parent=143963"}],"wp:term":[{"taxonomy":"product_brand","embeddable":true,"href":"https:\/\/jogapiekna.com\/en\/wp-json\/wp\/v2\/product_brand?post=143963"},{"taxonomy":"product_cat","embeddable":true,"href":"https:\/\/jogapiekna.com\/en\/wp-json\/wp\/v2\/product_cat?post=143963"},{"taxonomy":"product_tag","embeddable":true,"href":"https:\/\/jogapiekna.com\/en\/wp-json\/wp\/v2\/product_tag?post=143963"}],"curies":[{"name":"wp","href":"https:\/\/api.w.org\/{rel}","templated":true}]}}