{"id":145085,"date":"2023-11-13T09:57:54","date_gmt":"2023-11-13T08:57:54","guid":{"rendered":"https:\/\/jogapiekna.com\/?post_type=product&#038;p=145085"},"modified":"2026-04-12T08:48:15","modified_gmt":"2026-04-12T06:48:15","slug":"plastry-mimiczne-przeciwzmarszczkowe-joga-piekna-na-cala-twarz-160-sztuk","status":"publish","type":"product","link":"https:\/\/jogapiekna.com\/en\/product\/plastry-mimiczne-przeciwzmarszczkowe-joga-piekna-na-cala-twarz-160-sztuk\/","title":{"rendered":"Anti-wrinkle Yoga face patches \u2022 for the whole face * 160 pcs"},"content":{"rendered":"<p>Regular application of facial patches to fixed wrinkles allows them to drain away. In addition, it will also help you control facial movements, preventing subsequent lines from forming and fixing. It&#039;s also a simple, proven way to enhance the effects of anti-aging exercises and facial massages.<\/p>\n<p>What&#039;s the secret? Thermoplastic polyurethane patches use a skin-friendly adhesive. Properly applied to smoothed skin-they block its uncontrolled operation.<\/p>\n<p>In the package you get <strong>as many as 160 slices on 16 sheets<\/strong>. In the MIX kit, they come in different shapes.<\/p>\n<p>The patches hold well and do not peel off even during sleep. The app is fast and hassle-free, which makes it a very simple but effective way to smooth out the skin and suppress its aging processes.<\/p>\n<p>&nbsp;<\/p>\n<h2>Results of applying mimic patches<\/h2>\n<ul>\n<li>you can easily control your facial expressions<\/li>\n<li>you can stop the formation and deepening of facial wrinkles<\/li>\n<li>reducing the risk of sleep wrinkles<\/li>\n<li>you limit the uncontrolled movement of the skin<\/li>\n<li>patches fix the effects of yoga<\/li>\n<li>you will notice a visible reduction in wrinkles<\/li>\n<li>the skin is smoothed out<\/li>\n<\/ul>\n<p>&nbsp;<\/p>\n<h2>Wrinkles \u2013 where do they come from and how to get rid of them?<\/h2>\n<p>Over the years, the skin loses its elasticity and firmness. This is due to a natural decrease in the production of collagen and elastin, that is, proteins that are responsible for maintaining skin elasticity. When the skin is flabby, it gets bigger <strong>prone to muscle movements<\/strong>, especially frequently repeated ones performed during facial movements.<\/p>\n<p>Every time you smile, squint, or frown in surprise \u2014 <strong>wrinkles on the face, i.e. creases in the form of lines, are deepened and fixed<\/strong>which makes them all the more visible.<\/p>\n<p><strong>Constantly smoothing the skin and slowing down its movements helps prevent the appearance of wrinkles.<\/strong> Yoga beauty anti-wrinkle patches work both prophylactically and temporarily. You can use them, for example, when sleeping, working at the computer, or in strong sun to prevent squinting of the eyes.<\/p>\n<p>&nbsp;<\/p>\n<h2>The effect of mimic patches<\/h2>\n<p>How do MIX facial patches work (for the whole face)? If you stick the patch in accordance with the instructions-on pre-carefully smoothed with your finger or using a massager, wrinkled and taut skin-anti-allergic glue and translucent TPU material will immobilize the skin, blocking the uncontrolled work of tissues.<\/p>\n<p>If you combine the use of anti-wrinkle patches with <a href=\"https:\/\/jogapiekna.com\/en\/joga-twarzy\/\">yoga for the face<\/a>with proper skin care and hydration, you can not only smooth out and smooth out wrinkles, but also stop their formation in the future.<\/p>\n<p>Mimic patches of various shapes are easily suitable for many areas of the face and neck. <strong>Longitudinal facial sections<\/strong> they are perfect for transverse wrinkles on the forehead and neck, <strong>triangular slices<\/strong> - on crow&#039;s feet or lion&#039;s wrinkle, <strong>smaller arches<\/strong> on the smoker&#039;s wrinkles and corners of the mouth, and <strong>large oval slices<\/strong> for example, on wrinkles in the cheeks or lower jaw.<\/p>\n<p>&nbsp;<\/p>\n<h3>Anti-wrinkle Patches MIX yoga beauty<\/h3>\n<ul>\n<li>4 different shapes<\/li>\n<li>HYPOALLERGENIC medical adhesive, safe for the skin<\/li>\n<li>made of durable thermoplastic polyurethane<\/li>\n<\/ul>\n<p>&nbsp;<\/p>\n<h2>Mix of mimic patches-places and frequency of application<\/h2>\n<ul>\n<li><strong>Longitudinal facial sections<\/strong><br \/>\n* transverse wrinkles on the forehead<br \/>\n* transverse wrinkles on the neck<\/li>\n<li><strong>Triangular facial spots<\/strong><br \/>\n* lion&#039;s wrinkle<br \/>\n* crow&#039;s feet<\/li>\n<li><strong>Slices in the shape of small onions<\/strong><br \/>\n* smoker&#039;s wrinkles<br \/>\n* wrinkles at the corners of the mouth<\/li>\n<li><strong>Oval slices<\/strong><br \/>\n* wrinkles on the cheeks<br \/>\n* wrinkles around the lower jaw<\/li>\n<\/ul>\n<p>Mimic patches can be used as <strong>during the day<\/strong> for example, during cleaning, sunbathing, walking, remote work, and <strong>at night<\/strong>by preventing sleep wrinkles, perpetuating the effects of yoga, and smoothing out facial lines that you&#039;ve scratched during the day. You can use them every day.<\/p>\n<p>&nbsp;<\/p>\n<h3>How to apply anti-wrinkle patches?<\/h3>\n<ul>\n<li>Before applying the patches, clean the skin without using sensitizing or irritating agents. The skin should not be greasy before applying the patch.<\/li>\n<li>First, massage the wrinkle and try to smooth it out as much as possible. To do this, lightly press it with your finger or the appropriate <a href=\"https:\/\/jogapiekna.com\/en\/product-category\/akcesoria\/masaz-twarzy-i-szyi\/\">massager yoga babe<\/a>. Do not stretch the skin. If it seems smoothed out, stick a Band-Aid on it.<\/li>\n<li>If the patch is wavy after application, remove it and apply again. Otherwise, the skin will also be wavy, meaning you won&#039;t achieve a smoothing effect.<\/li>\n<li>You can apply multiple patches next to each other, increasing their coverage. The edges may overlap. This is a good solution if the contour of the patch cuts into the skin, and there is a risk of being marked on the skin.<\/li>\n<li>The patches can be applied for several hours or overnight.<\/li>\n<\/ul>\n<p>Attention! If this is the first time you&#039;ve applied anti-wrinkle spots, or if you&#039;ve recently added retinol, vitamin A, C, or acid-rich cosmetics to your care routine \u2014 before applying them to your face \u2014 <strong>take a short allergy test<\/strong>by sticking the patch on an inconspicuous place. For more information, see the attached brochure.<\/p>\n<p>&nbsp;<\/p>\n<h2>Contraindications to the use of mimic patches<\/h2>\n<ul>\n<li>cracked or irritated skin<\/li>\n<li>allergic skin reaction<\/li>\n<li>chemical facial peeling done less than 6 weeks ago<\/li>\n<li>regular use of cosmetics with retinol, vitamin A, C, or acids (before this, you must pass an allergy test \u2014 if it is positive, you can use patches)<\/li>\n<li>fresh tan, sunburn<\/li>\n<li>highly sensitive skin<\/li>\n<\/ul>\n<hr \/>\n<p><strong>We invite you for an individual consultation <\/strong><\/p>\n<p>Would you like to learn more about using facial patches? You want to get a personalized yoga exercise plan for your face. massage and apply patches to meet your skin&#039;s needs? My name is Marta Kusinska and I specialize in natural rejuvenation. I am a biologist by training, a third-degree Ayurveda consultant, and a certified facial yoga teacher. Take advantage of <a href=\"https:\/\/jogapiekna.com\/en\/product-category\/kursy-i-konsultacje\/konsultacje-indywidualne\/\">individual consultation<\/a>.<\/p>\n<p><iframe title=\"YouTube video player\" src=\"https:\/\/www.youtube.com\/embed\/4G3SW-opbgo?si=ixIRda31FdmdoGF2\" width=\"560\" height=\"315\" frameborder=\"0\" allowfullscreen=\"allowfullscreen\"><\/iframe><\/p>\n<p><iframe title=\"YouTube video player\" src=\"https:\/\/www.youtube.com\/embed\/OuVnY4KqP10?si=6mnVx1Pi_ycKbocW\" width=\"560\" height=\"315\" frameborder=\"0\" allowfullscreen=\"allowfullscreen\"><\/iframe><\/p>","protected":false},"excerpt":{"rendered":"<p>MIX anti-wrinkle facial patches in various forms will help you get rid of wrinkles. They also act as a preventive measure, that is, they prevent their deepening and formation in places where you often wrinkle your skin. They are semi-transparent, which makes their use almost invisible.<\/p>\n<p><strong>Various forms of patches<\/strong> you can easily adapt to many types of wrinkles. They will work m.in when smoothing nasolabial furrows, transverse wrinkles on the forehead and neck, lion wrinkles or smoker&#039;s wrinkles.<\/p>\n<p><strong>Material:<\/strong> thermoplastic polyurethane (TPU)<br \/>\n<strong>Glue:<\/strong> medical, safe for the skin<br \/>\n<strong>Quantity per pack:<\/strong> 160 slices per 10 sheets<\/p>","protected":false},"featured_media":145081,"comment_status":"closed","ping_status":"closed","template":"","meta":{"_acf_changed":false,"site-sidebar-layout":"default","site-content-layout":"","ast-site-content-layout":"default","site-content-style":"default","site-sidebar-style":"default","ast-global-header-display":"","ast-banner-title-visibility":"","ast-main-header-display":"","ast-hfb-above-header-display":"","ast-hfb-below-header-display":"","ast-hfb-mobile-header-display":"","site-post-title":"","ast-breadcrumbs-content":"","ast-featured-img":"","footer-sml-layout":"","ast-disable-related-posts":"","theme-transparent-header-meta":"default","adv-header-id-meta":"","stick-header-meta":"","header-above-stick-meta":"","header-main-stick-meta":"","header-below-stick-meta":"","astra-migrate-meta-layouts":"set","ast-page-background-enabled":"default","ast-page-background-meta":{"desktop":{"background-color":"var(--ast-global-color-5)","background-image":"","background-repeat":"repeat","background-position":"center center","background-size":"auto","background-attachment":"scroll","background-type":"","background-media":"","overlay-type":"","overlay-color":"","overlay-opacity":"","overlay-gradient":""},"tablet":{"background-color":"","background-image":"","background-repeat":"repeat","background-position":"center center","background-size":"auto","background-attachment":"scroll","background-type":"","background-media":"","overlay-type":"","overlay-color":"","overlay-opacity":"","overlay-gradient":""},"mobile":{"background-color":"","background-image":"","background-repeat":"repeat","background-position":"center center","background-size":"auto","background-attachment":"scroll","background-type":"","background-media":"","overlay-type":"","overlay-color":"","overlay-opacity":"","overlay-gradient":""}},"ast-content-background-meta":{"desktop":{"background-color":"var(--ast-global-color-4)","background-image":"","background-repeat":"repeat","background-position":"center center","background-size":"auto","background-attachment":"scroll","background-type":"","background-media":"","overlay-type":"","overlay-color":"","overlay-opacity":"","overlay-gradient":""},"tablet":{"background-color":"var(--ast-global-color-4)","background-image":"","background-repeat":"repeat","background-position":"center center","background-size":"auto","background-attachment":"scroll","background-type":"","background-media":"","overlay-type":"","overlay-color":"","overlay-opacity":"","overlay-gradient":""},"mobile":{"background-color":"var(--ast-global-color-4)","background-image":"","background-repeat":"repeat","background-position":"center center","background-size":"auto","background-attachment":"scroll","background-type":"","background-media":"","overlay-type":"","overlay-color":"","overlay-opacity":"","overlay-gradient":""}}},"product_brand":[],"product_cat":[21,621,742],"product_tag":[250,411,41,743],"class_list":{"0":"post-145085","1":"product","2":"type-product","3":"status-publish","4":"has-post-thumbnail","6":"product_cat-akcesoria","7":"product_cat-kinesiotaping-estetyczny","8":"product_cat-plastry","9":"product_tag-akcesoria","10":"product_tag-dzialanie-przeciwzmarszczkowe","11":"product_tag-joga-twarzy","12":"product_tag-plastry","13":"desktop-align-left","14":"tablet-align-left","15":"mobile-align-left","17":"first","18":"outofstock","19":"taxable","20":"shipping-taxable","21":"purchasable","22":"product-type-simple"},"acf":[],"yoast_head":"<!-- This site is optimized with the Yoast SEO plugin v27.2 - https:\/\/yoast.com\/product\/yoast-seo-wordpress\/ -->\n<title>Plastry mimiczne przeciwzmarszczkowe Joga Pi\u0119kna<\/title>\n<meta name=\"description\" content=\"Plastry mimiczne przeciwzmarszczkowe MIX w r\u00f3\u017cnych kszta\u0142tach pozwol\u0105 Ci sp\u0142yci\u0107 zmarszczki. Dzia\u0142aj\u0105 te\u017c profilaktycznie, czyli hamuj\u0105 ich pog\u0142\u0119bianie i powstawanie, w miejscach, w kt\u00f3rych cz\u0119sto marszczysz sk\u00f3r\u0119. S\u0105 p\u00f3\u0142przezroczyste, dzi\u0119ki czemu ich aplikacja jest niemal niezauwa\u017calna.\" \/>\n<meta name=\"robots\" content=\"index, follow, max-snippet:-1, max-image-preview:large, max-video-preview:-1\" \/>\n<link rel=\"canonical\" href=\"https:\/\/jogapiekna.com\/en\/product\/plastry-mimiczne-przeciwzmarszczkowe-joga-piekna-na-cala-twarz-160-sztuk\/\" \/>\n<meta property=\"og:locale\" content=\"en_GB\" \/>\n<meta property=\"og:type\" content=\"article\" \/>\n<meta property=\"og:title\" content=\"Plastry mimiczne przeciwzmarszczkowe Joga Pi\u0119kna\" \/>\n<meta property=\"og:description\" content=\"Plastry mimiczne przeciwzmarszczkowe MIX w r\u00f3\u017cnych kszta\u0142tach pozwol\u0105 Ci sp\u0142yci\u0107 zmarszczki. Dzia\u0142aj\u0105 te\u017c profilaktycznie, czyli hamuj\u0105 ich pog\u0142\u0119bianie i powstawanie, w miejscach, w kt\u00f3rych cz\u0119sto marszczysz sk\u00f3r\u0119. S\u0105 p\u00f3\u0142przezroczyste, dzi\u0119ki czemu ich aplikacja jest niemal niezauwa\u017calna.\" \/>\n<meta property=\"og:url\" content=\"https:\/\/jogapiekna.com\/en\/product\/plastry-mimiczne-przeciwzmarszczkowe-joga-piekna-na-cala-twarz-160-sztuk\/\" \/>\n<meta property=\"og:site_name\" content=\"JOGA PI\u0118KNA | Joga Twarzy\" \/>\n<meta property=\"article:publisher\" content=\"https:\/\/www.facebook.com\/JogaPieknaCom\/\" \/>\n<meta property=\"article:modified_time\" content=\"2026-04-12T06:48:15+00:00\" \/>\n<meta property=\"og:image\" content=\"https:\/\/jogapiekna.com\/wp-content\/uploads\/2023\/11\/mimiczne-plastry-antyzmarszczkowe-cala-twarz.jpg\" \/>\n\t<meta property=\"og:image:width\" content=\"1000\" \/>\n\t<meta property=\"og:image:height\" content=\"1000\" \/>\n\t<meta property=\"og:image:type\" content=\"image\/jpeg\" \/>\n<meta name=\"twitter:card\" content=\"summary_large_image\" \/>\n<meta name=\"twitter:label1\" content=\"Estimated reading time\" \/>\n\t<meta name=\"twitter:data1\" content=\"5 minutes\" \/>\n<script type=\"application\/ld+json\" class=\"yoast-schema-graph\">{\"@context\":\"https:\/\/schema.org\",\"@graph\":[{\"@type\":\"WebPage\",\"@id\":\"https:\/\/jogapiekna.com\/produkt\/plastry-mimiczne-przeciwzmarszczkowe-joga-piekna-na-cala-twarz-160-sztuk\/\",\"url\":\"https:\/\/jogapiekna.com\/produkt\/plastry-mimiczne-przeciwzmarszczkowe-joga-piekna-na-cala-twarz-160-sztuk\/\",\"name\":\"Plastry mimiczne przeciwzmarszczkowe Joga Pi\u0119kna\",\"isPartOf\":{\"@id\":\"https:\/\/jogapiekna.com\/#website\"},\"primaryImageOfPage\":{\"@id\":\"https:\/\/jogapiekna.com\/produkt\/plastry-mimiczne-przeciwzmarszczkowe-joga-piekna-na-cala-twarz-160-sztuk\/#primaryimage\"},\"image\":{\"@id\":\"https:\/\/jogapiekna.com\/produkt\/plastry-mimiczne-przeciwzmarszczkowe-joga-piekna-na-cala-twarz-160-sztuk\/#primaryimage\"},\"thumbnailUrl\":\"https:\/\/jogapiekna.com\/wp-content\/uploads\/2023\/11\/mimiczne-plastry-antyzmarszczkowe-cala-twarz.jpg\",\"datePublished\":\"2023-11-13T08:57:54+00:00\",\"dateModified\":\"2026-04-12T06:48:15+00:00\",\"description\":\"Plastry mimiczne przeciwzmarszczkowe MIX w r\u00f3\u017cnych kszta\u0142tach pozwol\u0105 Ci sp\u0142yci\u0107 zmarszczki. Dzia\u0142aj\u0105 te\u017c profilaktycznie, czyli hamuj\u0105 ich pog\u0142\u0119bianie i powstawanie, w miejscach, w kt\u00f3rych cz\u0119sto marszczysz sk\u00f3r\u0119. S\u0105 p\u00f3\u0142przezroczyste, dzi\u0119ki czemu ich aplikacja jest niemal niezauwa\u017calna.\",\"breadcrumb\":{\"@id\":\"https:\/\/jogapiekna.com\/produkt\/plastry-mimiczne-przeciwzmarszczkowe-joga-piekna-na-cala-twarz-160-sztuk\/#breadcrumb\"},\"inLanguage\":\"en-GB\",\"potentialAction\":[{\"@type\":\"ReadAction\",\"target\":[\"https:\/\/jogapiekna.com\/produkt\/plastry-mimiczne-przeciwzmarszczkowe-joga-piekna-na-cala-twarz-160-sztuk\/\"]}]},{\"@type\":\"ImageObject\",\"inLanguage\":\"en-GB\",\"@id\":\"https:\/\/jogapiekna.com\/produkt\/plastry-mimiczne-przeciwzmarszczkowe-joga-piekna-na-cala-twarz-160-sztuk\/#primaryimage\",\"url\":\"https:\/\/jogapiekna.com\/wp-content\/uploads\/2023\/11\/mimiczne-plastry-antyzmarszczkowe-cala-twarz.jpg\",\"contentUrl\":\"https:\/\/jogapiekna.com\/wp-content\/uploads\/2023\/11\/mimiczne-plastry-antyzmarszczkowe-cala-twarz.jpg\",\"width\":1000,\"height\":1000,\"caption\":\"Plastry mimiczne przeciwzmarszczkowe Joga Pi\u0119kna \u2022 Na ca\u0142\u0105 twarz \u2022 160 sztuk\"},{\"@type\":\"BreadcrumbList\",\"@id\":\"https:\/\/jogapiekna.com\/produkt\/plastry-mimiczne-przeciwzmarszczkowe-joga-piekna-na-cala-twarz-160-sztuk\/#breadcrumb\",\"itemListElement\":[{\"@type\":\"ListItem\",\"position\":1,\"name\":\"Strona g\u0142\u00f3wna\",\"item\":\"https:\/\/jogapiekna.com\/\"},{\"@type\":\"ListItem\",\"position\":2,\"name\":\"Sklep\",\"item\":\"https:\/\/jogapiekna.com\/sklep\/\"},{\"@type\":\"ListItem\",\"position\":3,\"name\":\"Plastry mimiczne przeciwzmarszczkowe Joga Pi\u0119kna \u2022 na ca\u0142\u0105 twarz \u2022 160 sztuk\"}]},{\"@type\":\"WebSite\",\"@id\":\"https:\/\/jogapiekna.com\/#website\",\"url\":\"https:\/\/jogapiekna.com\/\",\"name\":\"Joga Pi\u0119kna Marta Kuci\u0144ska\",\"description\":\"Joga Pi\u0119kna pomaga kobietom zachowa\u0107 urod\u0119, cofn\u0105\u0107 oznaki up\u0142ywaj\u0105cego czasu i zm\u0119czenia, odzyska\u0107 promienny wygl\u0105d, naturalny u\u015bmiech i popraw\u0119 w\u0142asnej samooceny.\",\"publisher\":{\"@id\":\"https:\/\/jogapiekna.com\/#organization\"},\"potentialAction\":[{\"@type\":\"SearchAction\",\"target\":{\"@type\":\"EntryPoint\",\"urlTemplate\":\"https:\/\/jogapiekna.com\/?s={search_term_string}\"},\"query-input\":{\"@type\":\"PropertyValueSpecification\",\"valueRequired\":true,\"valueName\":\"search_term_string\"}}],\"inLanguage\":\"en-GB\"},{\"@type\":\"Organization\",\"@id\":\"https:\/\/jogapiekna.com\/#organization\",\"name\":\"Joga Pi\u0119kna Marta Kuci\u0144ska\",\"url\":\"https:\/\/jogapiekna.com\/\",\"logo\":{\"@type\":\"ImageObject\",\"inLanguage\":\"en-GB\",\"@id\":\"https:\/\/jogapiekna.com\/#\/schema\/logo\/image\/\",\"url\":\"https:\/\/jogapiekna.com\/wp-content\/uploads\/2022\/09\/joga-piekna-logo_Rka.png\",\"contentUrl\":\"https:\/\/jogapiekna.com\/wp-content\/uploads\/2022\/09\/joga-piekna-logo_Rka.png\",\"width\":231,\"height\":124,\"caption\":\"Joga Pi\u0119kna Marta Kuci\u0144ska\"},\"image\":{\"@id\":\"https:\/\/jogapiekna.com\/#\/schema\/logo\/image\/\"},\"sameAs\":[\"https:\/\/www.facebook.com\/JogaPieknaCom\/\",\"https:\/\/www.instagram.com\/jogapieknacom\/\"]}]}<\/script>\n<!-- \/ Yoast SEO plugin. -->","yoast_head_json":{"title":"Plastry mimiczne przeciwzmarszczkowe Joga Pi\u0119kna","description":"MIX anti-wrinkle facial patches in various forms will help you get rid of wrinkles. They also act as a preventive measure, that is, they prevent their deepening and formation in places where you often wrinkle your skin. They are semi-transparent, which makes their use almost invisible.","robots":{"index":"index","follow":"follow","max-snippet":"max-snippet:-1","max-image-preview":"max-image-preview:large","max-video-preview":"max-video-preview:-1"},"canonical":"https:\/\/jogapiekna.com\/en\/product\/plastry-mimiczne-przeciwzmarszczkowe-joga-piekna-na-cala-twarz-160-sztuk\/","og_locale":"en_GB","og_type":"article","og_title":"Plastry mimiczne przeciwzmarszczkowe Joga Pi\u0119kna","og_description":"Plastry mimiczne przeciwzmarszczkowe MIX w r\u00f3\u017cnych kszta\u0142tach pozwol\u0105 Ci sp\u0142yci\u0107 zmarszczki. Dzia\u0142aj\u0105 te\u017c profilaktycznie, czyli hamuj\u0105 ich pog\u0142\u0119bianie i powstawanie, w miejscach, w kt\u00f3rych cz\u0119sto marszczysz sk\u00f3r\u0119. S\u0105 p\u00f3\u0142przezroczyste, dzi\u0119ki czemu ich aplikacja jest niemal niezauwa\u017calna.","og_url":"https:\/\/jogapiekna.com\/en\/product\/plastry-mimiczne-przeciwzmarszczkowe-joga-piekna-na-cala-twarz-160-sztuk\/","og_site_name":"JOGA PI\u0118KNA | Joga Twarzy","article_publisher":"https:\/\/www.facebook.com\/JogaPieknaCom\/","article_modified_time":"2026-04-12T06:48:15+00:00","og_image":[{"width":1000,"height":1000,"url":"https:\/\/jogapiekna.com\/wp-content\/uploads\/2023\/11\/mimiczne-plastry-antyzmarszczkowe-cala-twarz.jpg","type":"image\/jpeg"}],"twitter_card":"summary_large_image","twitter_misc":{"Estimated reading time":"5 minutes"},"schema":{"@context":"https:\/\/schema.org","@graph":[{"@type":"WebPage","@id":"https:\/\/jogapiekna.com\/produkt\/plastry-mimiczne-przeciwzmarszczkowe-joga-piekna-na-cala-twarz-160-sztuk\/","url":"https:\/\/jogapiekna.com\/produkt\/plastry-mimiczne-przeciwzmarszczkowe-joga-piekna-na-cala-twarz-160-sztuk\/","name":"Plastry mimiczne przeciwzmarszczkowe Joga Pi\u0119kna","isPartOf":{"@id":"https:\/\/jogapiekna.com\/#website"},"primaryImageOfPage":{"@id":"https:\/\/jogapiekna.com\/produkt\/plastry-mimiczne-przeciwzmarszczkowe-joga-piekna-na-cala-twarz-160-sztuk\/#primaryimage"},"image":{"@id":"https:\/\/jogapiekna.com\/produkt\/plastry-mimiczne-przeciwzmarszczkowe-joga-piekna-na-cala-twarz-160-sztuk\/#primaryimage"},"thumbnailUrl":"https:\/\/jogapiekna.com\/wp-content\/uploads\/2023\/11\/mimiczne-plastry-antyzmarszczkowe-cala-twarz.jpg","datePublished":"2023-11-13T08:57:54+00:00","dateModified":"2026-04-12T06:48:15+00:00","description":"MIX anti-wrinkle facial patches in various forms will help you get rid of wrinkles. They also act as a preventive measure, that is, they prevent their deepening and formation in places where you often wrinkle your skin. They are semi-transparent, which makes their use almost invisible.","breadcrumb":{"@id":"https:\/\/jogapiekna.com\/produkt\/plastry-mimiczne-przeciwzmarszczkowe-joga-piekna-na-cala-twarz-160-sztuk\/#breadcrumb"},"inLanguage":"en-GB","potentialAction":[{"@type":"ReadAction","target":["https:\/\/jogapiekna.com\/produkt\/plastry-mimiczne-przeciwzmarszczkowe-joga-piekna-na-cala-twarz-160-sztuk\/"]}]},{"@type":"ImageObject","inLanguage":"en-GB","@id":"https:\/\/jogapiekna.com\/produkt\/plastry-mimiczne-przeciwzmarszczkowe-joga-piekna-na-cala-twarz-160-sztuk\/#primaryimage","url":"https:\/\/jogapiekna.com\/wp-content\/uploads\/2023\/11\/mimiczne-plastry-antyzmarszczkowe-cala-twarz.jpg","contentUrl":"https:\/\/jogapiekna.com\/wp-content\/uploads\/2023\/11\/mimiczne-plastry-antyzmarszczkowe-cala-twarz.jpg","width":1000,"height":1000,"caption":"Plastry mimiczne przeciwzmarszczkowe Joga Pi\u0119kna \u2022 Na ca\u0142\u0105 twarz \u2022 160 sztuk"},{"@type":"BreadcrumbList","@id":"https:\/\/jogapiekna.com\/produkt\/plastry-mimiczne-przeciwzmarszczkowe-joga-piekna-na-cala-twarz-160-sztuk\/#breadcrumb","itemListElement":[{"@type":"ListItem","position":1,"name":"Strona g\u0142\u00f3wna","item":"https:\/\/jogapiekna.com\/"},{"@type":"ListItem","position":2,"name":"Sklep","item":"https:\/\/jogapiekna.com\/sklep\/"},{"@type":"ListItem","position":3,"name":"Plastry mimiczne przeciwzmarszczkowe Joga Pi\u0119kna \u2022 na ca\u0142\u0105 twarz \u2022 160 sztuk"}]},{"@type":"WebSite","@id":"https:\/\/jogapiekna.com\/#website","url":"https:\/\/jogapiekna.com\/","name":"Yoga Beauty Marta Kuci\u0144ska","description":"Beauty Yoga helps women to maintain their beauty, reverse the signs of passing time and fatigue, regain a radiant appearance, natural smile and improve their self-esteem.","publisher":{"@id":"https:\/\/jogapiekna.com\/#organization"},"potentialAction":[{"@type":"SearchAction","target":{"@type":"EntryPoint","urlTemplate":"https:\/\/jogapiekna.com\/?s={search_term_string}"},"query-input":{"@type":"PropertyValueSpecification","valueRequired":true,"valueName":"search_term_string"}}],"inLanguage":"en-GB"},{"@type":"Organization","@id":"https:\/\/jogapiekna.com\/#organization","name":"Yoga Beauty Marta Kuci\u0144ska","url":"https:\/\/jogapiekna.com\/","logo":{"@type":"ImageObject","inLanguage":"en-GB","@id":"https:\/\/jogapiekna.com\/#\/schema\/logo\/image\/","url":"https:\/\/jogapiekna.com\/wp-content\/uploads\/2022\/09\/joga-piekna-logo_Rka.png","contentUrl":"https:\/\/jogapiekna.com\/wp-content\/uploads\/2022\/09\/joga-piekna-logo_Rka.png","width":231,"height":124,"caption":"Joga Pi\u0119kna Marta Kuci\u0144ska"},"image":{"@id":"https:\/\/jogapiekna.com\/#\/schema\/logo\/image\/"},"sameAs":["https:\/\/www.facebook.com\/JogaPieknaCom\/","https:\/\/www.instagram.com\/jogapieknacom\/"]}]}},"_links":{"self":[{"href":"https:\/\/jogapiekna.com\/en\/wp-json\/wp\/v2\/product\/145085","targetHints":{"allow":["GET"]}}],"collection":[{"href":"https:\/\/jogapiekna.com\/en\/wp-json\/wp\/v2\/product"}],"about":[{"href":"https:\/\/jogapiekna.com\/en\/wp-json\/wp\/v2\/types\/product"}],"replies":[{"embeddable":true,"href":"https:\/\/jogapiekna.com\/en\/wp-json\/wp\/v2\/comments?post=145085"}],"version-history":[{"count":4,"href":"https:\/\/jogapiekna.com\/en\/wp-json\/wp\/v2\/product\/145085\/revisions"}],"predecessor-version":[{"id":215299,"href":"https:\/\/jogapiekna.com\/en\/wp-json\/wp\/v2\/product\/145085\/revisions\/215299"}],"wp:featuredmedia":[{"embeddable":true,"href":"https:\/\/jogapiekna.com\/en\/wp-json\/wp\/v2\/media\/145081"}],"wp:attachment":[{"href":"https:\/\/jogapiekna.com\/en\/wp-json\/wp\/v2\/media?parent=145085"}],"wp:term":[{"taxonomy":"product_brand","embeddable":true,"href":"https:\/\/jogapiekna.com\/en\/wp-json\/wp\/v2\/product_brand?post=145085"},{"taxonomy":"product_cat","embeddable":true,"href":"https:\/\/jogapiekna.com\/en\/wp-json\/wp\/v2\/product_cat?post=145085"},{"taxonomy":"product_tag","embeddable":true,"href":"https:\/\/jogapiekna.com\/en\/wp-json\/wp\/v2\/product_tag?post=145085"}],"curies":[{"name":"wp","href":"https:\/\/api.w.org\/{rel}","templated":true}]}}