{"id":145159,"date":"2023-11-14T00:31:58","date_gmt":"2023-11-13T23:31:58","guid":{"rendered":"https:\/\/jogapiekna.com\/?post_type=product&#038;p=145159"},"modified":"2026-04-09T10:34:25","modified_gmt":"2026-04-09T08:34:25","slug":"plastry-mimiczne-przeciwzmarszczkowe-joga-piekna-czola-lwia-zmarszczka-144-sztuki","status":"publish","type":"product","link":"https:\/\/jogapiekna.com\/en\/product\/plastry-mimiczne-przeciwzmarszczkowe-joga-piekna-czola-lwia-zmarszczka-144-sztuki\/","title":{"rendered":"Facial patches yoga beauty triangular * for the forehead and lion wrinkles \u2022 144 pcs."},"content":{"rendered":"<h2><strong>Anti-wrinkle face patches<\/strong><\/h2>\n<p>Do you want to plump up facial wrinkles? Are you looking for a non-invasive method that will simultaneously smooth lines on your face, prevent them from deepening and reappearing? Triangular <strong>facial plasters<\/strong> made of thermoplastic polyurethane is a convenient method of smoothing the skin in \u201esensitive areas\u201d exposed to intensive muscle work.<\/p>\n<p>In the package you get up to 144 <strong>wrinkle patches<\/strong> on 16 leaves. Both the material of the patches and the adhesive used are safe for the skin. Our <strong>anti-wrinkle face patches<\/strong> They stick well and do not peel off even when sleeping. Application is quick and hassle-free.<\/p>\n<h2><strong>Facial patches<\/strong> anti-wrinkle effects<\/h2>\n<ul>\n<li>suppressing the formation and deepening of facial wrinkles<\/li>\n<li>suppressing the formation of sleepy wrinkles<\/li>\n<li>reduce wrinkles<\/li>\n<li>minimizing skin movements<\/li>\n<li>maintaining tight skin<\/li>\n<li>easier control of facial movement<\/li>\n<li>fixing the effects of yoga for the face<\/li>\n<li>they help you control your facial expressions<\/li>\n<\/ul>\n<h2>How do wrinkles form?<\/h2>\n<p>Over the years, the skin loses its elasticity and firmness. This is due to a natural decrease in the production of collagen and elastin, that is, proteins that are responsible for maintaining skin elasticity. When the skin is flabby, it gets bigger <b>prone to muscle movements<\/b>, especially frequently repeated ones performed during facial movements.<\/p>\n<p>Every time you smile, squint, or frown in surprise \u2014 <b>wrinkles on the face, i.e. creases in the form of lines, are deepened and fixed<\/b>which makes them all the more visible.<\/p>\n<p><b>Constantly smoothing the skin and slowing down its movements helps prevent the appearance of wrinkles.<\/b> <strong><em>Facial patches<\/em><\/strong><em> Beauty Yoga<\/em> they work both prophylactically and urgently. You can use them, for example, when sleeping, working at the computer, or in strong sun to prevent squinting of the eyes.<\/p>\n<h2>How do anti-wrinkle face patches work?<\/h2>\n<p><strong><em>Wrinkle patches<\/em><\/strong><em> Beauty Yoga<\/em> in a triangular shape glued onto previously smoothed, taut skin blocks the uncontrolled work of the tissues. This prevents the skin from wrinkling, so wrinkles do not deepen. They act a bit like tooth caps - they keep the skin in the right position while ensuring that it is smoothed.<\/p>\n<p>If you combine the use of anti-wrinkle patches with <a href=\"https:\/\/jogapiekna.com\/en\/joga-twarzy\/\">yoga for the face<\/a>with proper skin care and hydration, you can not only smooth out and smooth out wrinkles, but also stop their formation in the future.<\/p>\n<p><strong>Anti-wrinkle face patches<\/strong> are perfect for facial wrinkles. It is one of the best ways to <b>smoothing the lion's wrinkle<\/b> between the eyebrows, or crow's feet in the eye area, which appear fastest on our face.<\/p>\n<ul>\n<li>stimulate the work of tissues<\/li>\n<li>smooth the skin<\/li>\n<li>reduces wrinkles<\/li>\n<li>prevent the appearance of new wrinkles<\/li>\n<\/ul>\n<h3>Triangular wrinkle patches - sites and frequency of application<\/h3>\n<ul>\n<li>lion&#039;s wrinkle<\/li>\n<li>crow&#039;s feet<\/li>\n<\/ul>\n<p><strong>Facial patches<\/strong> anti-wrinkle you can use both <b>during the day<\/b> for example, when cleaning or working remotely, and <b>at night<\/b>by preventing sleep wrinkles, perpetuating the effects of yoga, and smoothing out facial lines that you&#039;ve scratched during the day. You can use them every day.<\/p>\n<h3>Features <strong>anti-wrinkle patches<\/strong> Beauty Yoga<\/h3>\n<ul>\n<li>triangular shape<\/li>\n<li>hypoallergenic glue, safe for the skin<\/li>\n<li>made of durable thermoplastic polyurethane<\/li>\n<\/ul>\n<p>In the world of care, the following are becoming increasingly popular <strong>Korean wrinkle patches<\/strong> and <strong>silicone plasters for wrinkles<\/strong>. Their action is mainly based on mechanical smoothing of the skin and immobilisation of the facial muscles, which produces a temporary wrinkle-flattening effect. The Yoga Beauty anti-wrinkle patches were created with a completely different premise, to support the skin gently, in a rhythm of daily attentiveness, without rigid pressure or a feeling of \u201etightening\u201d.<\/p>\n<p>Thanks to the use of durable, breathable polyurethane and hypoallergenic adhesive, the patches are almost imperceptible on the skin, do not cause irritation and do not breach the hydrolipid barrier. Their triangular shape makes it easy to precisely fit them to the areas around the mouth, eyes or forehead, where facial wrinkles most often appear. Unlike classic <strong>silicone wrinkle patches<\/strong>, patches from Yoga Beauty that are light, flexible and skin-friendly.<\/p>\n<p>Although <strong>Korean wrinkle patches<\/strong> i <strong>silicone plasters for wrinkles<\/strong> may seem like an attractive solution, many people give up after the first few attempts because of strong adhesives, a stiff form or discomfort when peeling them off. Yoga Beauty patches are the answer: soft, gentle, effective. They are a conscious alternative for those who are looking for natural methods to smooth their skin without sacrificing comfort and safety. So if you are considering choosing between <strong>Korean wrinkle patches<\/strong>, <strong>silicone plasters for wrinkles<\/strong>, and something truly harmonious - reach for Yoga Beauty and feel the difference.<\/p>\n<h2>How to apply <strong>anti-wrinkle face patches<\/strong>?<\/h2>\n<ul>\n<li>Before application <strong>wrinkle patches<\/strong> Clean the skin without using sensitisers or irritants. The skin must not be oily before applying the patch.<\/li>\n<li>First, massage the wrinkle and try to smooth it out as much as possible. To do this, lightly press it with your finger or the appropriate <a href=\"https:\/\/jogapiekna.com\/en\/product-category\/akcesoria\/masaz-twarzy-i-szyi\/\">massager yoga babe<\/a>. Do not stretch the skin. If it seems smoothed out - stick <strong>facial patch<\/strong>.<\/li>\n<li>If the patch is wavy after application, remove it and apply again. Otherwise, the skin will also be wavy, meaning you won&#039;t achieve a smoothing effect.<\/li>\n<li>You can layer several side by side <strong>wrinkle patches<\/strong>, increasing their range. The edges can overlap. This is good if the contour of the patch cuts into the skin and there is a risk of marking on the skin.<\/li>\n<li>The patches can be applied for several hours or overnight.<\/li>\n<\/ul>\n<p>Note: If you are reaching out for the first time to <strong>anti-wrinkle face patches<\/strong> or you have recently introduced retinol, cosmetics with vitamin A, C or acids into your skincare routine - before applying these to your face - carry out a short allergy test by applying a patch in a hardly visible area. You will find detailed information on this in the enclosed leaflet.<\/p>\n<h2>Contraindications to application <strong>facial patches<\/strong><\/h2>\n<ul>\n<li>cracked or irritated skin<\/li>\n<li>allergic skin reaction<\/li>\n<li>chemical facial peeling done less than 6 weeks ago<\/li>\n<li>regular use of cosmetics with retinol, vitamin A, C, or acids (before this, you must pass an allergy test \u2014 if it is positive, you can use patches)<\/li>\n<li>fresh tan, sunburn<\/li>\n<li>highly sensitive skin<\/li>\n<\/ul>\n<hr \/>\n<p>We invite you for an individual consultation<\/p>\n<p>You are keen to learn more about the use of <strong>facial patches<\/strong>? Would you like a personalised plan of facial yoga exercises, massages and patch application, tailored to your skin's needs? My name is Marta Kuci\u0144ska and I specialise in natural rejuvenation. I am a biologist by training, a 3rd degree ayurveda consultant and a certified facial yoga teacher. Take advantage of <a href=\"https:\/\/jogapiekna.com\/en\/product-category\/kursy-i-konsultacje\/konsultacje-indywidualne\/\">individual consultation<\/a>.<\/p>\n<p><iframe title=\"YouTube video player\" src=\"https:\/\/www.youtube.com\/embed\/4G3SW-opbgo?si=ixIRda31FdmdoGF2\" width=\"560\" height=\"315\" frameborder=\"0\" allowfullscreen=\"allowfullscreen\"><\/iframe><\/p>\n<p><iframe title=\"YouTube video player\" src=\"https:\/\/www.youtube.com\/embed\/OuVnY4KqP10?si=6mnVx1Pi_ycKbocW\" width=\"560\" height=\"315\" frameborder=\"0\" allowfullscreen=\"allowfullscreen\"><\/iframe><\/p>","protected":false},"excerpt":{"rendered":"<p>Triangular <strong>facial plasters<\/strong> Anti-wrinkle treatments inhibit the formation and deepening of sleep and facial wrinkles. You can use them prophylactically to maintain smooth skin - or ad hoc, smoothing out the lines that have already become fixed on your face.<\/p>\n<p>Triangular shape <strong>wrinkle patches<\/strong> is ideal for lion's wrinkle and crow's feet. The patches are translucent and do not peel off at night. The pack lasts for many months of regular use.<\/p>\n<p><strong>Material: <\/strong>thermoplastic polyurethane (TPU)<br \/>\n<strong>Glue:<\/strong> medical, safe for the skin<br \/>\n<strong>Quantity per pack:<\/strong> 144 triangular slices on 16 sheets<br \/>\n<strong>Single patch size:<\/strong> 4,5 x 2,8<\/p>","protected":false},"featured_media":145160,"comment_status":"closed","ping_status":"closed","template":"","meta":{"_acf_changed":false,"site-sidebar-layout":"default","site-content-layout":"","ast-site-content-layout":"default","site-content-style":"default","site-sidebar-style":"default","ast-global-header-display":"","ast-banner-title-visibility":"","ast-main-header-display":"","ast-hfb-above-header-display":"","ast-hfb-below-header-display":"","ast-hfb-mobile-header-display":"","site-post-title":"","ast-breadcrumbs-content":"","ast-featured-img":"","footer-sml-layout":"","ast-disable-related-posts":"","theme-transparent-header-meta":"default","adv-header-id-meta":"","stick-header-meta":"","header-above-stick-meta":"","header-main-stick-meta":"","header-below-stick-meta":"","astra-migrate-meta-layouts":"set","ast-page-background-enabled":"default","ast-page-background-meta":{"desktop":{"background-color":"var(--ast-global-color-5)","background-image":"","background-repeat":"repeat","background-position":"center center","background-size":"auto","background-attachment":"scroll","background-type":"","background-media":"","overlay-type":"","overlay-color":"","overlay-opacity":"","overlay-gradient":""},"tablet":{"background-color":"","background-image":"","background-repeat":"repeat","background-position":"center center","background-size":"auto","background-attachment":"scroll","background-type":"","background-media":"","overlay-type":"","overlay-color":"","overlay-opacity":"","overlay-gradient":""},"mobile":{"background-color":"","background-image":"","background-repeat":"repeat","background-position":"center center","background-size":"auto","background-attachment":"scroll","background-type":"","background-media":"","overlay-type":"","overlay-color":"","overlay-opacity":"","overlay-gradient":""}},"ast-content-background-meta":{"desktop":{"background-color":"var(--ast-global-color-4)","background-image":"","background-repeat":"repeat","background-position":"center center","background-size":"auto","background-attachment":"scroll","background-type":"","background-media":"","overlay-type":"","overlay-color":"","overlay-opacity":"","overlay-gradient":""},"tablet":{"background-color":"var(--ast-global-color-4)","background-image":"","background-repeat":"repeat","background-position":"center center","background-size":"auto","background-attachment":"scroll","background-type":"","background-media":"","overlay-type":"","overlay-color":"","overlay-opacity":"","overlay-gradient":""},"mobile":{"background-color":"var(--ast-global-color-4)","background-image":"","background-repeat":"repeat","background-position":"center center","background-size":"auto","background-attachment":"scroll","background-type":"","background-media":"","overlay-type":"","overlay-color":"","overlay-opacity":"","overlay-gradient":""}}},"product_brand":[],"product_cat":[21,621,742],"product_tag":[250,411,41,743],"class_list":{"0":"post-145159","1":"product","2":"type-product","3":"status-publish","4":"has-post-thumbnail","6":"product_cat-akcesoria","7":"product_cat-kinesiotaping-estetyczny","8":"product_cat-plastry","9":"product_tag-akcesoria","10":"product_tag-dzialanie-przeciwzmarszczkowe","11":"product_tag-joga-twarzy","12":"product_tag-plastry","13":"desktop-align-left","14":"tablet-align-left","15":"mobile-align-left","17":"first","18":"instock","19":"taxable","20":"shipping-taxable","21":"purchasable","22":"product-type-simple"},"acf":[],"yoast_head":"<!-- This site is optimized with the Yoast SEO plugin v27.2 - https:\/\/yoast.com\/product\/yoast-seo-wordpress\/ -->\n<title>Plastry mimiczne na zmarszczki \u2014 piel\u0119gnacja Joga Pi\u0119kna<\/title>\n<meta name=\"description\" content=\"Wybierz oddychaj\u0105ce plastry z medycznego TPU. Delikatne, trwa\u0142e, skuteczne \u2013 stworzone z my\u015bl\u0105 o uwa\u017cnej piel\u0119gnacji. Odkryj wieczorny rytua\u0142 z Joga Pi\u0119kna.\" \/>\n<meta name=\"robots\" content=\"index, follow, max-snippet:-1, max-image-preview:large, max-video-preview:-1\" \/>\n<link rel=\"canonical\" href=\"https:\/\/jogapiekna.com\/en\/product\/plastry-mimiczne-przeciwzmarszczkowe-joga-piekna-czola-lwia-zmarszczka-144-sztuki\/\" \/>\n<meta property=\"og:locale\" content=\"en_GB\" \/>\n<meta property=\"og:type\" content=\"article\" \/>\n<meta property=\"og:title\" content=\"Plastry mimiczne na zmarszczki \u2014 piel\u0119gnacja Joga Pi\u0119kna\" \/>\n<meta property=\"og:description\" content=\"Wybierz oddychaj\u0105ce plastry z medycznego TPU. Delikatne, trwa\u0142e, skuteczne \u2013 stworzone z my\u015bl\u0105 o uwa\u017cnej piel\u0119gnacji. Odkryj wieczorny rytua\u0142 z Joga Pi\u0119kna.\" \/>\n<meta property=\"og:url\" content=\"https:\/\/jogapiekna.com\/en\/product\/plastry-mimiczne-przeciwzmarszczkowe-joga-piekna-czola-lwia-zmarszczka-144-sztuki\/\" \/>\n<meta property=\"og:site_name\" content=\"JOGA PI\u0118KNA | Joga Twarzy\" \/>\n<meta property=\"article:publisher\" content=\"https:\/\/www.facebook.com\/JogaPieknaCom\/\" \/>\n<meta property=\"article:modified_time\" content=\"2026-04-09T08:34:25+00:00\" \/>\n<meta property=\"og:image\" content=\"https:\/\/jogapiekna.com\/wp-content\/uploads\/2023\/11\/mimiczne-plastry-antyzmarszczkowe-czolo-lwia-zmarszczka.jpg\" \/>\n\t<meta property=\"og:image:width\" content=\"1000\" \/>\n\t<meta property=\"og:image:height\" content=\"1000\" \/>\n\t<meta property=\"og:image:type\" content=\"image\/jpeg\" \/>\n<meta name=\"twitter:card\" content=\"summary_large_image\" \/>\n<meta name=\"twitter:label1\" content=\"Estimated reading time\" \/>\n\t<meta name=\"twitter:data1\" content=\"6 minutes\" \/>\n<script type=\"application\/ld+json\" class=\"yoast-schema-graph\">{\"@context\":\"https:\/\/schema.org\",\"@graph\":[{\"@type\":\"WebPage\",\"@id\":\"https:\/\/jogapiekna.com\/produkt\/plastry-mimiczne-przeciwzmarszczkowe-joga-piekna-czola-lwia-zmarszczka-144-sztuki\/\",\"url\":\"https:\/\/jogapiekna.com\/produkt\/plastry-mimiczne-przeciwzmarszczkowe-joga-piekna-czola-lwia-zmarszczka-144-sztuki\/\",\"name\":\"Plastry mimiczne na zmarszczki \u2014 piel\u0119gnacja Joga Pi\u0119kna\",\"isPartOf\":{\"@id\":\"https:\/\/jogapiekna.com\/#website\"},\"primaryImageOfPage\":{\"@id\":\"https:\/\/jogapiekna.com\/produkt\/plastry-mimiczne-przeciwzmarszczkowe-joga-piekna-czola-lwia-zmarszczka-144-sztuki\/#primaryimage\"},\"image\":{\"@id\":\"https:\/\/jogapiekna.com\/produkt\/plastry-mimiczne-przeciwzmarszczkowe-joga-piekna-czola-lwia-zmarszczka-144-sztuki\/#primaryimage\"},\"thumbnailUrl\":\"https:\/\/jogapiekna.com\/wp-content\/uploads\/2023\/11\/mimiczne-plastry-antyzmarszczkowe-czolo-lwia-zmarszczka.jpg\",\"datePublished\":\"2023-11-13T23:31:58+00:00\",\"dateModified\":\"2026-04-09T08:34:25+00:00\",\"description\":\"Wybierz oddychaj\u0105ce plastry z medycznego TPU. Delikatne, trwa\u0142e, skuteczne \u2013 stworzone z my\u015bl\u0105 o uwa\u017cnej piel\u0119gnacji. Odkryj wieczorny rytua\u0142 z Joga Pi\u0119kna.\",\"breadcrumb\":{\"@id\":\"https:\/\/jogapiekna.com\/produkt\/plastry-mimiczne-przeciwzmarszczkowe-joga-piekna-czola-lwia-zmarszczka-144-sztuki\/#breadcrumb\"},\"inLanguage\":\"en-GB\",\"potentialAction\":[{\"@type\":\"ReadAction\",\"target\":[\"https:\/\/jogapiekna.com\/produkt\/plastry-mimiczne-przeciwzmarszczkowe-joga-piekna-czola-lwia-zmarszczka-144-sztuki\/\"]}]},{\"@type\":\"ImageObject\",\"inLanguage\":\"en-GB\",\"@id\":\"https:\/\/jogapiekna.com\/produkt\/plastry-mimiczne-przeciwzmarszczkowe-joga-piekna-czola-lwia-zmarszczka-144-sztuki\/#primaryimage\",\"url\":\"https:\/\/jogapiekna.com\/wp-content\/uploads\/2023\/11\/mimiczne-plastry-antyzmarszczkowe-czolo-lwia-zmarszczka.jpg\",\"contentUrl\":\"https:\/\/jogapiekna.com\/wp-content\/uploads\/2023\/11\/mimiczne-plastry-antyzmarszczkowe-czolo-lwia-zmarszczka.jpg\",\"width\":1000,\"height\":1000,\"caption\":\"Plastry mimiczne Joga Pi\u0119kna tr\u00f3jk\u0105tne \u2022na czo\u0142o i lwia zmarszczk\u0119 \u2022 144 sztuki\"},{\"@type\":\"BreadcrumbList\",\"@id\":\"https:\/\/jogapiekna.com\/produkt\/plastry-mimiczne-przeciwzmarszczkowe-joga-piekna-czola-lwia-zmarszczka-144-sztuki\/#breadcrumb\",\"itemListElement\":[{\"@type\":\"ListItem\",\"position\":1,\"name\":\"Strona g\u0142\u00f3wna\",\"item\":\"https:\/\/jogapiekna.com\/\"},{\"@type\":\"ListItem\",\"position\":2,\"name\":\"Sklep\",\"item\":\"https:\/\/jogapiekna.com\/sklep\/\"},{\"@type\":\"ListItem\",\"position\":3,\"name\":\"Plastry mimiczne Joga Pi\u0119kna tr\u00f3jk\u0105tne \u2022 na czo\u0142o i lwi\u0105 zmarszczk\u0119 \u2022 144 sztuki\"}]},{\"@type\":\"WebSite\",\"@id\":\"https:\/\/jogapiekna.com\/#website\",\"url\":\"https:\/\/jogapiekna.com\/\",\"name\":\"Joga Pi\u0119kna Marta Kuci\u0144ska\",\"description\":\"Joga Pi\u0119kna pomaga kobietom zachowa\u0107 urod\u0119, cofn\u0105\u0107 oznaki up\u0142ywaj\u0105cego czasu i zm\u0119czenia, odzyska\u0107 promienny wygl\u0105d, naturalny u\u015bmiech i popraw\u0119 w\u0142asnej samooceny.\",\"publisher\":{\"@id\":\"https:\/\/jogapiekna.com\/#organization\"},\"potentialAction\":[{\"@type\":\"SearchAction\",\"target\":{\"@type\":\"EntryPoint\",\"urlTemplate\":\"https:\/\/jogapiekna.com\/?s={search_term_string}\"},\"query-input\":{\"@type\":\"PropertyValueSpecification\",\"valueRequired\":true,\"valueName\":\"search_term_string\"}}],\"inLanguage\":\"en-GB\"},{\"@type\":\"Organization\",\"@id\":\"https:\/\/jogapiekna.com\/#organization\",\"name\":\"Joga Pi\u0119kna Marta Kuci\u0144ska\",\"url\":\"https:\/\/jogapiekna.com\/\",\"logo\":{\"@type\":\"ImageObject\",\"inLanguage\":\"en-GB\",\"@id\":\"https:\/\/jogapiekna.com\/#\/schema\/logo\/image\/\",\"url\":\"https:\/\/jogapiekna.com\/wp-content\/uploads\/2022\/09\/joga-piekna-logo_Rka.png\",\"contentUrl\":\"https:\/\/jogapiekna.com\/wp-content\/uploads\/2022\/09\/joga-piekna-logo_Rka.png\",\"width\":231,\"height\":124,\"caption\":\"Joga Pi\u0119kna Marta Kuci\u0144ska\"},\"image\":{\"@id\":\"https:\/\/jogapiekna.com\/#\/schema\/logo\/image\/\"},\"sameAs\":[\"https:\/\/www.facebook.com\/JogaPieknaCom\/\",\"https:\/\/www.instagram.com\/jogapieknacom\/\"]}]}<\/script>\n<!-- \/ Yoast SEO plugin. -->","yoast_head_json":{"title":"Plastry mimiczne na zmarszczki \u2014 piel\u0119gnacja Joga Pi\u0119kna","description":"Wybierz oddychaj\u0105ce plastry z medycznego TPU. Delikatne, trwa\u0142e, skuteczne \u2013 stworzone z my\u015bl\u0105 o uwa\u017cnej piel\u0119gnacji. Odkryj wieczorny rytua\u0142 z Joga Pi\u0119kna.","robots":{"index":"index","follow":"follow","max-snippet":"max-snippet:-1","max-image-preview":"max-image-preview:large","max-video-preview":"max-video-preview:-1"},"canonical":"https:\/\/jogapiekna.com\/en\/product\/plastry-mimiczne-przeciwzmarszczkowe-joga-piekna-czola-lwia-zmarszczka-144-sztuki\/","og_locale":"en_GB","og_type":"article","og_title":"Plastry mimiczne na zmarszczki \u2014 piel\u0119gnacja Joga Pi\u0119kna","og_description":"Wybierz oddychaj\u0105ce plastry z medycznego TPU. Delikatne, trwa\u0142e, skuteczne \u2013 stworzone z my\u015bl\u0105 o uwa\u017cnej piel\u0119gnacji. Odkryj wieczorny rytua\u0142 z Joga Pi\u0119kna.","og_url":"https:\/\/jogapiekna.com\/en\/product\/plastry-mimiczne-przeciwzmarszczkowe-joga-piekna-czola-lwia-zmarszczka-144-sztuki\/","og_site_name":"JOGA PI\u0118KNA | Joga Twarzy","article_publisher":"https:\/\/www.facebook.com\/JogaPieknaCom\/","article_modified_time":"2026-04-09T08:34:25+00:00","og_image":[{"width":1000,"height":1000,"url":"https:\/\/jogapiekna.com\/wp-content\/uploads\/2023\/11\/mimiczne-plastry-antyzmarszczkowe-czolo-lwia-zmarszczka.jpg","type":"image\/jpeg"}],"twitter_card":"summary_large_image","twitter_misc":{"Estimated reading time":"6 minutes"},"schema":{"@context":"https:\/\/schema.org","@graph":[{"@type":"WebPage","@id":"https:\/\/jogapiekna.com\/produkt\/plastry-mimiczne-przeciwzmarszczkowe-joga-piekna-czola-lwia-zmarszczka-144-sztuki\/","url":"https:\/\/jogapiekna.com\/produkt\/plastry-mimiczne-przeciwzmarszczkowe-joga-piekna-czola-lwia-zmarszczka-144-sztuki\/","name":"Plastry mimiczne na zmarszczki \u2014 piel\u0119gnacja Joga Pi\u0119kna","isPartOf":{"@id":"https:\/\/jogapiekna.com\/#website"},"primaryImageOfPage":{"@id":"https:\/\/jogapiekna.com\/produkt\/plastry-mimiczne-przeciwzmarszczkowe-joga-piekna-czola-lwia-zmarszczka-144-sztuki\/#primaryimage"},"image":{"@id":"https:\/\/jogapiekna.com\/produkt\/plastry-mimiczne-przeciwzmarszczkowe-joga-piekna-czola-lwia-zmarszczka-144-sztuki\/#primaryimage"},"thumbnailUrl":"https:\/\/jogapiekna.com\/wp-content\/uploads\/2023\/11\/mimiczne-plastry-antyzmarszczkowe-czolo-lwia-zmarszczka.jpg","datePublished":"2023-11-13T23:31:58+00:00","dateModified":"2026-04-09T08:34:25+00:00","description":"Wybierz oddychaj\u0105ce plastry z medycznego TPU. Delikatne, trwa\u0142e, skuteczne \u2013 stworzone z my\u015bl\u0105 o uwa\u017cnej piel\u0119gnacji. Odkryj wieczorny rytua\u0142 z Joga Pi\u0119kna.","breadcrumb":{"@id":"https:\/\/jogapiekna.com\/produkt\/plastry-mimiczne-przeciwzmarszczkowe-joga-piekna-czola-lwia-zmarszczka-144-sztuki\/#breadcrumb"},"inLanguage":"en-GB","potentialAction":[{"@type":"ReadAction","target":["https:\/\/jogapiekna.com\/produkt\/plastry-mimiczne-przeciwzmarszczkowe-joga-piekna-czola-lwia-zmarszczka-144-sztuki\/"]}]},{"@type":"ImageObject","inLanguage":"en-GB","@id":"https:\/\/jogapiekna.com\/produkt\/plastry-mimiczne-przeciwzmarszczkowe-joga-piekna-czola-lwia-zmarszczka-144-sztuki\/#primaryimage","url":"https:\/\/jogapiekna.com\/wp-content\/uploads\/2023\/11\/mimiczne-plastry-antyzmarszczkowe-czolo-lwia-zmarszczka.jpg","contentUrl":"https:\/\/jogapiekna.com\/wp-content\/uploads\/2023\/11\/mimiczne-plastry-antyzmarszczkowe-czolo-lwia-zmarszczka.jpg","width":1000,"height":1000,"caption":"Plastry mimiczne Joga Pi\u0119kna tr\u00f3jk\u0105tne \u2022na czo\u0142o i lwia zmarszczk\u0119 \u2022 144 sztuki"},{"@type":"BreadcrumbList","@id":"https:\/\/jogapiekna.com\/produkt\/plastry-mimiczne-przeciwzmarszczkowe-joga-piekna-czola-lwia-zmarszczka-144-sztuki\/#breadcrumb","itemListElement":[{"@type":"ListItem","position":1,"name":"Strona g\u0142\u00f3wna","item":"https:\/\/jogapiekna.com\/"},{"@type":"ListItem","position":2,"name":"Sklep","item":"https:\/\/jogapiekna.com\/sklep\/"},{"@type":"ListItem","position":3,"name":"Plastry mimiczne Joga Pi\u0119kna tr\u00f3jk\u0105tne \u2022 na czo\u0142o i lwi\u0105 zmarszczk\u0119 \u2022 144 sztuki"}]},{"@type":"WebSite","@id":"https:\/\/jogapiekna.com\/#website","url":"https:\/\/jogapiekna.com\/","name":"Yoga Beauty Marta Kuci\u0144ska","description":"Beauty Yoga helps women to maintain their beauty, reverse the signs of passing time and fatigue, regain a radiant appearance, natural smile and improve their self-esteem.","publisher":{"@id":"https:\/\/jogapiekna.com\/#organization"},"potentialAction":[{"@type":"SearchAction","target":{"@type":"EntryPoint","urlTemplate":"https:\/\/jogapiekna.com\/?s={search_term_string}"},"query-input":{"@type":"PropertyValueSpecification","valueRequired":true,"valueName":"search_term_string"}}],"inLanguage":"en-GB"},{"@type":"Organization","@id":"https:\/\/jogapiekna.com\/#organization","name":"Yoga Beauty Marta Kuci\u0144ska","url":"https:\/\/jogapiekna.com\/","logo":{"@type":"ImageObject","inLanguage":"en-GB","@id":"https:\/\/jogapiekna.com\/#\/schema\/logo\/image\/","url":"https:\/\/jogapiekna.com\/wp-content\/uploads\/2022\/09\/joga-piekna-logo_Rka.png","contentUrl":"https:\/\/jogapiekna.com\/wp-content\/uploads\/2022\/09\/joga-piekna-logo_Rka.png","width":231,"height":124,"caption":"Joga Pi\u0119kna Marta Kuci\u0144ska"},"image":{"@id":"https:\/\/jogapiekna.com\/#\/schema\/logo\/image\/"},"sameAs":["https:\/\/www.facebook.com\/JogaPieknaCom\/","https:\/\/www.instagram.com\/jogapieknacom\/"]}]}},"_links":{"self":[{"href":"https:\/\/jogapiekna.com\/en\/wp-json\/wp\/v2\/product\/145159","targetHints":{"allow":["GET"]}}],"collection":[{"href":"https:\/\/jogapiekna.com\/en\/wp-json\/wp\/v2\/product"}],"about":[{"href":"https:\/\/jogapiekna.com\/en\/wp-json\/wp\/v2\/types\/product"}],"replies":[{"embeddable":true,"href":"https:\/\/jogapiekna.com\/en\/wp-json\/wp\/v2\/comments?post=145159"}],"version-history":[{"count":5,"href":"https:\/\/jogapiekna.com\/en\/wp-json\/wp\/v2\/product\/145159\/revisions"}],"predecessor-version":[{"id":215298,"href":"https:\/\/jogapiekna.com\/en\/wp-json\/wp\/v2\/product\/145159\/revisions\/215298"}],"wp:featuredmedia":[{"embeddable":true,"href":"https:\/\/jogapiekna.com\/en\/wp-json\/wp\/v2\/media\/145160"}],"wp:attachment":[{"href":"https:\/\/jogapiekna.com\/en\/wp-json\/wp\/v2\/media?parent=145159"}],"wp:term":[{"taxonomy":"product_brand","embeddable":true,"href":"https:\/\/jogapiekna.com\/en\/wp-json\/wp\/v2\/product_brand?post=145159"},{"taxonomy":"product_cat","embeddable":true,"href":"https:\/\/jogapiekna.com\/en\/wp-json\/wp\/v2\/product_cat?post=145159"},{"taxonomy":"product_tag","embeddable":true,"href":"https:\/\/jogapiekna.com\/en\/wp-json\/wp\/v2\/product_tag?post=145159"}],"curies":[{"name":"wp","href":"https:\/\/api.w.org\/{rel}","templated":true}]}}