{"id":145901,"date":"2023-11-22T13:13:42","date_gmt":"2023-11-22T12:13:42","guid":{"rendered":"https:\/\/jogapiekna.com\/?post_type=product&#038;p=145901"},"modified":"2026-01-20T14:50:28","modified_gmt":"2026-01-20T13:50:28","slug":"algiz-pelnia-ochrony-plakat-40x50-cm","status":"publish","type":"product","link":"https:\/\/jogapiekna.com\/en\/product\/algiz-pelnia-ochrony-plakat-40x50-cm\/","title":{"rendered":"Algiz-full protection * poster 40 \u00d7 50 cm"},"content":{"rendered":"<p>We present you unique posters with runes. These are works created using the author&#039;s photographs of the full moon, enriched with mystical rune symbols by photographer Mikhail Greg.<\/p>\n<p>A rune is a sign or letter used in ancient writing systems, such as the fuark used in ancient Norse and Germanic writing. Runes were used not only as writing systems, but also had deep symbolic and magical significance for the cultures that used them.<\/p>\n<p>Traditionally, runes consist of a set of individual signs or letters, usually engraved on stones, wood, or metal. Each sign had its own name, a connection to a particular sound in the runic alphabet, and a symbolic meaning, often associated with aspects of everyday life, nature, magic, or spirituality.<\/p>\n<p>Originally, runes were used to write, communicate, and record information. However, their meaning went beyond the purely linguistic aspect-they were used in magical practices, divination, and as symbols related to deeper spiritual or philosophical concepts.<\/p>\n<p>Today, runes are used in many esoteric practices, Tarot, and in some forms of meditation or personal development. They have many interpretations, and their use may vary depending on the context and culture that interests them.<\/p>\n<p>&nbsp;<\/p>\n<h2><strong> Algiz-Full Protection  <\/strong> <\/h2>\n<p>The Algiz rune is a powerful symbol of protection, intuition, and security, fusing with a connection to the divine. Its shape, which resembles a straight human hand, symbolizes support and care. Algiz is a protective rune that helps you avoid dangers and increase your spiritual awareness.<\/p>\n<p>Describing its importance highlights its role in enhancing protection, intuition, and the ability to connect with higher consciousness. It is also a rune that can be used in magical practices to enhance protection and develop intuition.<\/p>\n<p>The Algiz rune poster can serve as a wonderful reminder of the need for calm and balance in life, while emphasizing the power of intuition and protection. <\/p>","protected":false},"excerpt":{"rendered":"<p><strong>Size:<\/strong> 40\u00d750 cm<br \/>\nPosters are printed on high-quality paper weighing 200 g.<\/p>","protected":false},"featured_media":145881,"comment_status":"closed","ping_status":"closed","template":"","meta":{"_acf_changed":false,"site-sidebar-layout":"default","site-content-layout":"","ast-site-content-layout":"default","site-content-style":"default","site-sidebar-style":"default","ast-global-header-display":"","ast-banner-title-visibility":"","ast-main-header-display":"","ast-hfb-above-header-display":"","ast-hfb-below-header-display":"","ast-hfb-mobile-header-display":"","site-post-title":"","ast-breadcrumbs-content":"","ast-featured-img":"","footer-sml-layout":"","ast-disable-related-posts":"","theme-transparent-header-meta":"","adv-header-id-meta":"","stick-header-meta":"","header-above-stick-meta":"","header-main-stick-meta":"","header-below-stick-meta":"","astra-migrate-meta-layouts":"default","ast-page-background-enabled":"default","ast-page-background-meta":{"desktop":{"background-color":"var(--ast-global-color-5)","background-image":"","background-repeat":"repeat","background-position":"center center","background-size":"auto","background-attachment":"scroll","background-type":"","background-media":"","overlay-type":"","overlay-color":"","overlay-opacity":"","overlay-gradient":""},"tablet":{"background-color":"","background-image":"","background-repeat":"repeat","background-position":"center center","background-size":"auto","background-attachment":"scroll","background-type":"","background-media":"","overlay-type":"","overlay-color":"","overlay-opacity":"","overlay-gradient":""},"mobile":{"background-color":"","background-image":"","background-repeat":"repeat","background-position":"center center","background-size":"auto","background-attachment":"scroll","background-type":"","background-media":"","overlay-type":"","overlay-color":"","overlay-opacity":"","overlay-gradient":""}},"ast-content-background-meta":{"desktop":{"background-color":"var(--ast-global-color-4)","background-image":"","background-repeat":"repeat","background-position":"center center","background-size":"auto","background-attachment":"scroll","background-type":"","background-media":"","overlay-type":"","overlay-color":"","overlay-opacity":"","overlay-gradient":""},"tablet":{"background-color":"var(--ast-global-color-4)","background-image":"","background-repeat":"repeat","background-position":"center center","background-size":"auto","background-attachment":"scroll","background-type":"","background-media":"","overlay-type":"","overlay-color":"","overlay-opacity":"","overlay-gradient":""},"mobile":{"background-color":"var(--ast-global-color-4)","background-image":"","background-repeat":"repeat","background-position":"center center","background-size":"auto","background-attachment":"scroll","background-type":"","background-media":"","overlay-type":"","overlay-color":"","overlay-opacity":"","overlay-gradient":""}}},"product_brand":[],"product_cat":[908],"product_tag":[751,749,750],"class_list":{"0":"post-145901","1":"product","2":"type-product","3":"status-publish","4":"has-post-thumbnail","6":"product_cat-szkice","7":"product_tag-pelnia","8":"product_tag-plakat","9":"product_tag-runa","10":"desktop-align-left","11":"tablet-align-left","12":"mobile-align-left","14":"first","15":"outofstock","16":"taxable","17":"shipping-taxable","18":"purchasable","19":"product-type-simple"},"acf":[],"yoast_head":"<!-- This site is optimized with the Yoast SEO plugin v27.2 - https:\/\/yoast.com\/product\/yoast-seo-wordpress\/ -->\n<title>Algiz \u2013 Pe\u0142nia Ochrony \u2022 plakat 40x50 cm<\/title>\n<meta name=\"description\" content=\"Runa Algiz jest silnym symbolem ochrony, intuicji i bezpiecze\u0144stwa, \u0142\u0105cz\u0105cym si\u0119 z po\u0142\u0105czeniem z bosko\u015bci\u0105. Jej kszta\u0142t przypominaj\u0105cy wyprostowan\u0105 ludzk\u0105 r\u0119k\u0119 symbolizuje wsparcie i opiek\u0119. Algiz jest run\u0105 ochronn\u0105, pomagaj\u0105c\u0105 w unikaniu niebezpiecze\u0144stw oraz zwi\u0119kszaniu \u015bwiadomo\u015bci duchowej.\" \/>\n<meta name=\"robots\" content=\"index, follow, max-snippet:-1, max-image-preview:large, max-video-preview:-1\" \/>\n<link rel=\"canonical\" href=\"https:\/\/jogapiekna.com\/en\/product\/algiz-pelnia-ochrony-plakat-40x50-cm\/\" \/>\n<meta property=\"og:locale\" content=\"en_GB\" \/>\n<meta property=\"og:type\" content=\"article\" \/>\n<meta property=\"og:title\" content=\"Algiz \u2013 Pe\u0142nia Ochrony \u2022 plakat 40x50 cm\" \/>\n<meta property=\"og:description\" content=\"Runa Algiz jest silnym symbolem ochrony, intuicji i bezpiecze\u0144stwa, \u0142\u0105cz\u0105cym si\u0119 z po\u0142\u0105czeniem z bosko\u015bci\u0105. Jej kszta\u0142t przypominaj\u0105cy wyprostowan\u0105 ludzk\u0105 r\u0119k\u0119 symbolizuje wsparcie i opiek\u0119. Algiz jest run\u0105 ochronn\u0105, pomagaj\u0105c\u0105 w unikaniu niebezpiecze\u0144stw oraz zwi\u0119kszaniu \u015bwiadomo\u015bci duchowej.\" \/>\n<meta property=\"og:url\" content=\"https:\/\/jogapiekna.com\/en\/product\/algiz-pelnia-ochrony-plakat-40x50-cm\/\" \/>\n<meta property=\"og:site_name\" content=\"JOGA PI\u0118KNA | Joga Twarzy\" \/>\n<meta property=\"article:publisher\" content=\"https:\/\/www.facebook.com\/JogaPieknaCom\/\" \/>\n<meta property=\"article:modified_time\" content=\"2026-01-20T13:50:28+00:00\" \/>\n<meta property=\"og:image\" content=\"https:\/\/jogapiekna.com\/wp-content\/uploads\/2023\/11\/FullMoon_40cm50cmAlgizINST.jpg\" \/>\n\t<meta property=\"og:image:width\" content=\"1000\" \/>\n\t<meta property=\"og:image:height\" content=\"1000\" \/>\n\t<meta property=\"og:image:type\" content=\"image\/jpeg\" \/>\n<meta name=\"twitter:card\" content=\"summary_large_image\" \/>\n<meta name=\"twitter:label1\" content=\"Estimated reading time\" \/>\n\t<meta name=\"twitter:data1\" content=\"2 minutes\" \/>\n<script type=\"application\/ld+json\" class=\"yoast-schema-graph\">{\"@context\":\"https:\/\/schema.org\",\"@graph\":[{\"@type\":\"WebPage\",\"@id\":\"https:\/\/jogapiekna.com\/produkt\/algiz-pelnia-ochrony-plakat-40x50-cm\/\",\"url\":\"https:\/\/jogapiekna.com\/produkt\/algiz-pelnia-ochrony-plakat-40x50-cm\/\",\"name\":\"Algiz \u2013 Pe\u0142nia Ochrony \u2022 plakat 40x50 cm\",\"isPartOf\":{\"@id\":\"https:\/\/jogapiekna.com\/#website\"},\"primaryImageOfPage\":{\"@id\":\"https:\/\/jogapiekna.com\/produkt\/algiz-pelnia-ochrony-plakat-40x50-cm\/#primaryimage\"},\"image\":{\"@id\":\"https:\/\/jogapiekna.com\/produkt\/algiz-pelnia-ochrony-plakat-40x50-cm\/#primaryimage\"},\"thumbnailUrl\":\"https:\/\/jogapiekna.com\/wp-content\/uploads\/2023\/11\/FullMoon_40cm50cmAlgizINST.jpg\",\"datePublished\":\"2023-11-22T12:13:42+00:00\",\"dateModified\":\"2026-01-20T13:50:28+00:00\",\"description\":\"Runa Algiz jest silnym symbolem ochrony, intuicji i bezpiecze\u0144stwa, \u0142\u0105cz\u0105cym si\u0119 z po\u0142\u0105czeniem z bosko\u015bci\u0105. Jej kszta\u0142t przypominaj\u0105cy wyprostowan\u0105 ludzk\u0105 r\u0119k\u0119 symbolizuje wsparcie i opiek\u0119. Algiz jest run\u0105 ochronn\u0105, pomagaj\u0105c\u0105 w unikaniu niebezpiecze\u0144stw oraz zwi\u0119kszaniu \u015bwiadomo\u015bci duchowej.\",\"breadcrumb\":{\"@id\":\"https:\/\/jogapiekna.com\/produkt\/algiz-pelnia-ochrony-plakat-40x50-cm\/#breadcrumb\"},\"inLanguage\":\"en-GB\",\"potentialAction\":[{\"@type\":\"ReadAction\",\"target\":[\"https:\/\/jogapiekna.com\/produkt\/algiz-pelnia-ochrony-plakat-40x50-cm\/\"]}]},{\"@type\":\"ImageObject\",\"inLanguage\":\"en-GB\",\"@id\":\"https:\/\/jogapiekna.com\/produkt\/algiz-pelnia-ochrony-plakat-40x50-cm\/#primaryimage\",\"url\":\"https:\/\/jogapiekna.com\/wp-content\/uploads\/2023\/11\/FullMoon_40cm50cmAlgizINST.jpg\",\"contentUrl\":\"https:\/\/jogapiekna.com\/wp-content\/uploads\/2023\/11\/FullMoon_40cm50cmAlgizINST.jpg\",\"width\":1000,\"height\":1000,\"caption\":\"Algiz \u2013 Pe\u0142nia Ochrony\"},{\"@type\":\"BreadcrumbList\",\"@id\":\"https:\/\/jogapiekna.com\/produkt\/algiz-pelnia-ochrony-plakat-40x50-cm\/#breadcrumb\",\"itemListElement\":[{\"@type\":\"ListItem\",\"position\":1,\"name\":\"Strona g\u0142\u00f3wna\",\"item\":\"https:\/\/jogapiekna.com\/\"},{\"@type\":\"ListItem\",\"position\":2,\"name\":\"Sklep\",\"item\":\"https:\/\/jogapiekna.com\/sklep\/\"},{\"@type\":\"ListItem\",\"position\":3,\"name\":\"Algiz \u2013 Pe\u0142nia Ochrony \u2022 plakat 40&#215;50 cm\"}]},{\"@type\":\"WebSite\",\"@id\":\"https:\/\/jogapiekna.com\/#website\",\"url\":\"https:\/\/jogapiekna.com\/\",\"name\":\"Joga Pi\u0119kna Marta Kuci\u0144ska\",\"description\":\"Joga Pi\u0119kna pomaga kobietom zachowa\u0107 urod\u0119, cofn\u0105\u0107 oznaki up\u0142ywaj\u0105cego czasu i zm\u0119czenia, odzyska\u0107 promienny wygl\u0105d, naturalny u\u015bmiech i popraw\u0119 w\u0142asnej samooceny.\",\"publisher\":{\"@id\":\"https:\/\/jogapiekna.com\/#organization\"},\"potentialAction\":[{\"@type\":\"SearchAction\",\"target\":{\"@type\":\"EntryPoint\",\"urlTemplate\":\"https:\/\/jogapiekna.com\/?s={search_term_string}\"},\"query-input\":{\"@type\":\"PropertyValueSpecification\",\"valueRequired\":true,\"valueName\":\"search_term_string\"}}],\"inLanguage\":\"en-GB\"},{\"@type\":\"Organization\",\"@id\":\"https:\/\/jogapiekna.com\/#organization\",\"name\":\"Joga Pi\u0119kna Marta Kuci\u0144ska\",\"url\":\"https:\/\/jogapiekna.com\/\",\"logo\":{\"@type\":\"ImageObject\",\"inLanguage\":\"en-GB\",\"@id\":\"https:\/\/jogapiekna.com\/#\/schema\/logo\/image\/\",\"url\":\"https:\/\/jogapiekna.com\/wp-content\/uploads\/2022\/09\/joga-piekna-logo_Rka.png\",\"contentUrl\":\"https:\/\/jogapiekna.com\/wp-content\/uploads\/2022\/09\/joga-piekna-logo_Rka.png\",\"width\":231,\"height\":124,\"caption\":\"Joga Pi\u0119kna Marta Kuci\u0144ska\"},\"image\":{\"@id\":\"https:\/\/jogapiekna.com\/#\/schema\/logo\/image\/\"},\"sameAs\":[\"https:\/\/www.facebook.com\/JogaPieknaCom\/\",\"https:\/\/www.instagram.com\/jogapieknacom\/\"]}]}<\/script>\n<!-- \/ Yoast SEO plugin. -->","yoast_head_json":{"title":"Algiz \u2013 Pe\u0142nia Ochrony \u2022 plakat 40x50 cm","description":"The Algiz rune is a powerful symbol of protection, intuition, and security, fusing with a connection to the divine. Its shape, which resembles a straight human hand, symbolizes support and care. Algiz is a protective rune that helps you avoid dangers and increase your spiritual awareness.","robots":{"index":"index","follow":"follow","max-snippet":"max-snippet:-1","max-image-preview":"max-image-preview:large","max-video-preview":"max-video-preview:-1"},"canonical":"https:\/\/jogapiekna.com\/en\/product\/algiz-pelnia-ochrony-plakat-40x50-cm\/","og_locale":"en_GB","og_type":"article","og_title":"Algiz \u2013 Pe\u0142nia Ochrony \u2022 plakat 40x50 cm","og_description":"Runa Algiz jest silnym symbolem ochrony, intuicji i bezpiecze\u0144stwa, \u0142\u0105cz\u0105cym si\u0119 z po\u0142\u0105czeniem z bosko\u015bci\u0105. Jej kszta\u0142t przypominaj\u0105cy wyprostowan\u0105 ludzk\u0105 r\u0119k\u0119 symbolizuje wsparcie i opiek\u0119. Algiz jest run\u0105 ochronn\u0105, pomagaj\u0105c\u0105 w unikaniu niebezpiecze\u0144stw oraz zwi\u0119kszaniu \u015bwiadomo\u015bci duchowej.","og_url":"https:\/\/jogapiekna.com\/en\/product\/algiz-pelnia-ochrony-plakat-40x50-cm\/","og_site_name":"JOGA PI\u0118KNA | Joga Twarzy","article_publisher":"https:\/\/www.facebook.com\/JogaPieknaCom\/","article_modified_time":"2026-01-20T13:50:28+00:00","og_image":[{"width":1000,"height":1000,"url":"https:\/\/jogapiekna.com\/wp-content\/uploads\/2023\/11\/FullMoon_40cm50cmAlgizINST.jpg","type":"image\/jpeg"}],"twitter_card":"summary_large_image","twitter_misc":{"Estimated reading time":"2 minutes"},"schema":{"@context":"https:\/\/schema.org","@graph":[{"@type":"WebPage","@id":"https:\/\/jogapiekna.com\/produkt\/algiz-pelnia-ochrony-plakat-40x50-cm\/","url":"https:\/\/jogapiekna.com\/produkt\/algiz-pelnia-ochrony-plakat-40x50-cm\/","name":"Algiz \u2013 Pe\u0142nia Ochrony \u2022 plakat 40x50 cm","isPartOf":{"@id":"https:\/\/jogapiekna.com\/#website"},"primaryImageOfPage":{"@id":"https:\/\/jogapiekna.com\/produkt\/algiz-pelnia-ochrony-plakat-40x50-cm\/#primaryimage"},"image":{"@id":"https:\/\/jogapiekna.com\/produkt\/algiz-pelnia-ochrony-plakat-40x50-cm\/#primaryimage"},"thumbnailUrl":"https:\/\/jogapiekna.com\/wp-content\/uploads\/2023\/11\/FullMoon_40cm50cmAlgizINST.jpg","datePublished":"2023-11-22T12:13:42+00:00","dateModified":"2026-01-20T13:50:28+00:00","description":"The Algiz rune is a powerful symbol of protection, intuition, and security, fusing with a connection to the divine. Its shape, which resembles a straight human hand, symbolizes support and care. Algiz is a protective rune that helps you avoid dangers and increase your spiritual awareness.","breadcrumb":{"@id":"https:\/\/jogapiekna.com\/produkt\/algiz-pelnia-ochrony-plakat-40x50-cm\/#breadcrumb"},"inLanguage":"en-GB","potentialAction":[{"@type":"ReadAction","target":["https:\/\/jogapiekna.com\/produkt\/algiz-pelnia-ochrony-plakat-40x50-cm\/"]}]},{"@type":"ImageObject","inLanguage":"en-GB","@id":"https:\/\/jogapiekna.com\/produkt\/algiz-pelnia-ochrony-plakat-40x50-cm\/#primaryimage","url":"https:\/\/jogapiekna.com\/wp-content\/uploads\/2023\/11\/FullMoon_40cm50cmAlgizINST.jpg","contentUrl":"https:\/\/jogapiekna.com\/wp-content\/uploads\/2023\/11\/FullMoon_40cm50cmAlgizINST.jpg","width":1000,"height":1000,"caption":"Algiz \u2013 Pe\u0142nia Ochrony"},{"@type":"BreadcrumbList","@id":"https:\/\/jogapiekna.com\/produkt\/algiz-pelnia-ochrony-plakat-40x50-cm\/#breadcrumb","itemListElement":[{"@type":"ListItem","position":1,"name":"Strona g\u0142\u00f3wna","item":"https:\/\/jogapiekna.com\/"},{"@type":"ListItem","position":2,"name":"Sklep","item":"https:\/\/jogapiekna.com\/sklep\/"},{"@type":"ListItem","position":3,"name":"Algiz \u2013 Pe\u0142nia Ochrony \u2022 plakat 40&#215;50 cm"}]},{"@type":"WebSite","@id":"https:\/\/jogapiekna.com\/#website","url":"https:\/\/jogapiekna.com\/","name":"Yoga Beauty Marta Kuci\u0144ska","description":"Beauty Yoga helps women to maintain their beauty, reverse the signs of passing time and fatigue, regain a radiant appearance, natural smile and improve their self-esteem.","publisher":{"@id":"https:\/\/jogapiekna.com\/#organization"},"potentialAction":[{"@type":"SearchAction","target":{"@type":"EntryPoint","urlTemplate":"https:\/\/jogapiekna.com\/?s={search_term_string}"},"query-input":{"@type":"PropertyValueSpecification","valueRequired":true,"valueName":"search_term_string"}}],"inLanguage":"en-GB"},{"@type":"Organization","@id":"https:\/\/jogapiekna.com\/#organization","name":"Yoga Beauty Marta Kuci\u0144ska","url":"https:\/\/jogapiekna.com\/","logo":{"@type":"ImageObject","inLanguage":"en-GB","@id":"https:\/\/jogapiekna.com\/#\/schema\/logo\/image\/","url":"https:\/\/jogapiekna.com\/wp-content\/uploads\/2022\/09\/joga-piekna-logo_Rka.png","contentUrl":"https:\/\/jogapiekna.com\/wp-content\/uploads\/2022\/09\/joga-piekna-logo_Rka.png","width":231,"height":124,"caption":"Joga Pi\u0119kna Marta Kuci\u0144ska"},"image":{"@id":"https:\/\/jogapiekna.com\/#\/schema\/logo\/image\/"},"sameAs":["https:\/\/www.facebook.com\/JogaPieknaCom\/","https:\/\/www.instagram.com\/jogapieknacom\/"]}]}},"_links":{"self":[{"href":"https:\/\/jogapiekna.com\/en\/wp-json\/wp\/v2\/product\/145901","targetHints":{"allow":["GET"]}}],"collection":[{"href":"https:\/\/jogapiekna.com\/en\/wp-json\/wp\/v2\/product"}],"about":[{"href":"https:\/\/jogapiekna.com\/en\/wp-json\/wp\/v2\/types\/product"}],"replies":[{"embeddable":true,"href":"https:\/\/jogapiekna.com\/en\/wp-json\/wp\/v2\/comments?post=145901"}],"version-history":[{"count":1,"href":"https:\/\/jogapiekna.com\/en\/wp-json\/wp\/v2\/product\/145901\/revisions"}],"predecessor-version":[{"id":215207,"href":"https:\/\/jogapiekna.com\/en\/wp-json\/wp\/v2\/product\/145901\/revisions\/215207"}],"wp:featuredmedia":[{"embeddable":true,"href":"https:\/\/jogapiekna.com\/en\/wp-json\/wp\/v2\/media\/145881"}],"wp:attachment":[{"href":"https:\/\/jogapiekna.com\/en\/wp-json\/wp\/v2\/media?parent=145901"}],"wp:term":[{"taxonomy":"product_brand","embeddable":true,"href":"https:\/\/jogapiekna.com\/en\/wp-json\/wp\/v2\/product_brand?post=145901"},{"taxonomy":"product_cat","embeddable":true,"href":"https:\/\/jogapiekna.com\/en\/wp-json\/wp\/v2\/product_cat?post=145901"},{"taxonomy":"product_tag","embeddable":true,"href":"https:\/\/jogapiekna.com\/en\/wp-json\/wp\/v2\/product_tag?post=145901"}],"curies":[{"name":"wp","href":"https:\/\/api.w.org\/{rel}","templated":true}]}}