{"id":145905,"date":"2023-11-22T13:20:19","date_gmt":"2023-11-22T12:20:19","guid":{"rendered":"https:\/\/jogapiekna.com\/?post_type=product&#038;p=145905"},"modified":"2026-01-20T14:48:07","modified_gmt":"2026-01-20T13:48:07","slug":"thurisaz-pelnia-zycia-plakat-40x50-cm","status":"publish","type":"product","link":"https:\/\/jogapiekna.com\/en\/product\/thurisaz-pelnia-zycia-plakat-40x50-cm\/","title":{"rendered":"Thurisaz-fullness of life * poster 40 \u00d7 50 cm"},"content":{"rendered":"<p>We present to you unique posters with Runes. These are works of art created using the author's photographs of the full moon, enriched with the mystical symbols of the Runes by photographer Michael Greg.<\/p>\n<p>A rune is a sign or letter used in ancient writing systems, such as the fuark used in ancient Norse and Germanic writing. Runes were used not only as writing systems, but also had deep symbolic and magical significance for the cultures that used them.<\/p>\n<p>Traditionally, runes consist of a set of individual signs or letters, usually engraved on stones, wood, or metal. Each sign had its own name, a connection to a particular sound in the runic alphabet, and a symbolic meaning, often associated with aspects of everyday life, nature, magic, or spirituality.<\/p>\n<p>Originally, runes were used to write, communicate, and record information. However, their meaning went beyond the purely linguistic aspect-they were used in magical practices, divination, and as symbols related to deeper spiritual or philosophical concepts.<\/p>\n<p>Today, runes are used in many esoteric practices, Tarot, and in some forms of meditation or personal development. They have many interpretations, and their use may vary depending on the context and culture that interests them.<\/p>\n<p>&nbsp;<\/p>\n<h2><strong> Turisaz-Fullness of Life <\/strong><\/h2>\n<p>Rune Turisaz-a symbol of strength, protection and overcoming obstacles. Its meaning is associated with action, courage and perseverance in overcoming difficulties. Thurisaz also symbolizes protection from threats and the ability to protect yourself and others.<\/p>\n<p>This rune reminds you that life isn&#039;t always easy, but inner strength, determination, and courage can help you survive even the most difficult moments. Thurisaz also refers to the process of transformation by overcoming challenges, which leads to personal growth.<\/p>\n<p>The Turisaz rune poster can be an inspiring reminder of strength, courage, and the ability to overcome challenges that lead to a fuller life.<\/p>","protected":false},"excerpt":{"rendered":"<p><strong>Size:<\/strong> 40\u00d750 cm<br \/>\nPosters are printed on high-quality paper weighing 200 g.<\/p>","protected":false},"featured_media":145887,"comment_status":"closed","ping_status":"closed","template":"","meta":{"_acf_changed":false,"site-sidebar-layout":"default","site-content-layout":"","ast-site-content-layout":"default","site-content-style":"default","site-sidebar-style":"default","ast-global-header-display":"","ast-banner-title-visibility":"","ast-main-header-display":"","ast-hfb-above-header-display":"","ast-hfb-below-header-display":"","ast-hfb-mobile-header-display":"","site-post-title":"","ast-breadcrumbs-content":"","ast-featured-img":"","footer-sml-layout":"","ast-disable-related-posts":"","theme-transparent-header-meta":"default","adv-header-id-meta":"","stick-header-meta":"","header-above-stick-meta":"","header-main-stick-meta":"","header-below-stick-meta":"","astra-migrate-meta-layouts":"set","ast-page-background-enabled":"default","ast-page-background-meta":{"desktop":{"background-color":"var(--ast-global-color-5)","background-image":"","background-repeat":"repeat","background-position":"center center","background-size":"auto","background-attachment":"scroll","background-type":"","background-media":"","overlay-type":"","overlay-color":"","overlay-opacity":"","overlay-gradient":""},"tablet":{"background-color":"","background-image":"","background-repeat":"repeat","background-position":"center center","background-size":"auto","background-attachment":"scroll","background-type":"","background-media":"","overlay-type":"","overlay-color":"","overlay-opacity":"","overlay-gradient":""},"mobile":{"background-color":"","background-image":"","background-repeat":"repeat","background-position":"center center","background-size":"auto","background-attachment":"scroll","background-type":"","background-media":"","overlay-type":"","overlay-color":"","overlay-opacity":"","overlay-gradient":""}},"ast-content-background-meta":{"desktop":{"background-color":"var(--ast-global-color-4)","background-image":"","background-repeat":"repeat","background-position":"center center","background-size":"auto","background-attachment":"scroll","background-type":"","background-media":"","overlay-type":"","overlay-color":"","overlay-opacity":"","overlay-gradient":""},"tablet":{"background-color":"var(--ast-global-color-4)","background-image":"","background-repeat":"repeat","background-position":"center center","background-size":"auto","background-attachment":"scroll","background-type":"","background-media":"","overlay-type":"","overlay-color":"","overlay-opacity":"","overlay-gradient":""},"mobile":{"background-color":"var(--ast-global-color-4)","background-image":"","background-repeat":"repeat","background-position":"center center","background-size":"auto","background-attachment":"scroll","background-type":"","background-media":"","overlay-type":"","overlay-color":"","overlay-opacity":"","overlay-gradient":""}}},"product_brand":[],"product_cat":[625],"product_tag":[751,749,750],"class_list":{"0":"post-145905","1":"product","2":"type-product","3":"status-publish","4":"has-post-thumbnail","6":"product_cat-promocje","7":"product_tag-pelnia","8":"product_tag-plakat","9":"product_tag-runa","10":"desktop-align-left","11":"tablet-align-left","12":"mobile-align-left","14":"first","15":"instock","16":"sale","17":"taxable","18":"shipping-taxable","19":"purchasable","20":"product-type-simple"},"acf":[],"yoast_head":"<!-- This site is optimized with the Yoast SEO plugin v27.2 - https:\/\/yoast.com\/product\/yoast-seo-wordpress\/ -->\n<title>Thurisaz \u2013 Pe\u0142nia \u017bycia \u2022 plakat 40x50 cm<\/title>\n<meta name=\"description\" content=\"Runa Thurisaz jest symbolem si\u0142y, ochrony i prze\u0142amania przeszk\u00f3d. Jej znaczenie jest zwi\u0105zane z dzia\u0142aniem, odwag\u0105 oraz wytrwa\u0142o\u015bci\u0105 w pokonywaniu trudno\u015bci. Thurisaz symbolizuje r\u00f3wnie\u017c ochron\u0119 przed zagro\u017ceniami oraz zdolno\u015b\u0107 do obrony siebie i innych.\" \/>\n<meta name=\"robots\" content=\"index, follow, max-snippet:-1, max-image-preview:large, max-video-preview:-1\" \/>\n<link rel=\"canonical\" href=\"https:\/\/jogapiekna.com\/en\/product\/thurisaz-pelnia-zycia-plakat-40x50-cm\/\" \/>\n<meta property=\"og:locale\" content=\"en_GB\" \/>\n<meta property=\"og:type\" content=\"article\" \/>\n<meta property=\"og:title\" content=\"Thurisaz \u2013 Pe\u0142nia \u017bycia \u2022 plakat 40x50 cm\" \/>\n<meta property=\"og:description\" content=\"Runa Thurisaz jest symbolem si\u0142y, ochrony i prze\u0142amania przeszk\u00f3d. Jej znaczenie jest zwi\u0105zane z dzia\u0142aniem, odwag\u0105 oraz wytrwa\u0142o\u015bci\u0105 w pokonywaniu trudno\u015bci. Thurisaz symbolizuje r\u00f3wnie\u017c ochron\u0119 przed zagro\u017ceniami oraz zdolno\u015b\u0107 do obrony siebie i innych.\" \/>\n<meta property=\"og:url\" content=\"https:\/\/jogapiekna.com\/en\/product\/thurisaz-pelnia-zycia-plakat-40x50-cm\/\" \/>\n<meta property=\"og:site_name\" content=\"JOGA PI\u0118KNA | Joga Twarzy\" \/>\n<meta property=\"article:publisher\" content=\"https:\/\/www.facebook.com\/JogaPieknaCom\/\" \/>\n<meta property=\"article:modified_time\" content=\"2026-01-20T13:48:07+00:00\" \/>\n<meta property=\"og:image\" content=\"https:\/\/jogapiekna.com\/wp-content\/uploads\/2023\/11\/FullMoon_40cm50cmThurisazINST.jpg\" \/>\n\t<meta property=\"og:image:width\" content=\"1000\" \/>\n\t<meta property=\"og:image:height\" content=\"1000\" \/>\n\t<meta property=\"og:image:type\" content=\"image\/jpeg\" \/>\n<meta name=\"twitter:card\" content=\"summary_large_image\" \/>\n<meta name=\"twitter:label1\" content=\"Estimated reading time\" \/>\n\t<meta name=\"twitter:data1\" content=\"2 minutes\" \/>\n<script type=\"application\/ld+json\" class=\"yoast-schema-graph\">{\"@context\":\"https:\/\/schema.org\",\"@graph\":[{\"@type\":\"WebPage\",\"@id\":\"https:\/\/jogapiekna.com\/produkt\/thurisaz-pelnia-zycia-plakat-40x50-cm\/\",\"url\":\"https:\/\/jogapiekna.com\/produkt\/thurisaz-pelnia-zycia-plakat-40x50-cm\/\",\"name\":\"Thurisaz \u2013 Pe\u0142nia \u017bycia \u2022 plakat 40x50 cm\",\"isPartOf\":{\"@id\":\"https:\/\/jogapiekna.com\/#website\"},\"primaryImageOfPage\":{\"@id\":\"https:\/\/jogapiekna.com\/produkt\/thurisaz-pelnia-zycia-plakat-40x50-cm\/#primaryimage\"},\"image\":{\"@id\":\"https:\/\/jogapiekna.com\/produkt\/thurisaz-pelnia-zycia-plakat-40x50-cm\/#primaryimage\"},\"thumbnailUrl\":\"https:\/\/jogapiekna.com\/wp-content\/uploads\/2023\/11\/FullMoon_40cm50cmThurisazINST.jpg\",\"datePublished\":\"2023-11-22T12:20:19+00:00\",\"dateModified\":\"2026-01-20T13:48:07+00:00\",\"description\":\"Runa Thurisaz jest symbolem si\u0142y, ochrony i prze\u0142amania przeszk\u00f3d. Jej znaczenie jest zwi\u0105zane z dzia\u0142aniem, odwag\u0105 oraz wytrwa\u0142o\u015bci\u0105 w pokonywaniu trudno\u015bci. Thurisaz symbolizuje r\u00f3wnie\u017c ochron\u0119 przed zagro\u017ceniami oraz zdolno\u015b\u0107 do obrony siebie i innych.\",\"breadcrumb\":{\"@id\":\"https:\/\/jogapiekna.com\/produkt\/thurisaz-pelnia-zycia-plakat-40x50-cm\/#breadcrumb\"},\"inLanguage\":\"en-GB\",\"potentialAction\":[{\"@type\":\"ReadAction\",\"target\":[\"https:\/\/jogapiekna.com\/produkt\/thurisaz-pelnia-zycia-plakat-40x50-cm\/\"]}]},{\"@type\":\"ImageObject\",\"inLanguage\":\"en-GB\",\"@id\":\"https:\/\/jogapiekna.com\/produkt\/thurisaz-pelnia-zycia-plakat-40x50-cm\/#primaryimage\",\"url\":\"https:\/\/jogapiekna.com\/wp-content\/uploads\/2023\/11\/FullMoon_40cm50cmThurisazINST.jpg\",\"contentUrl\":\"https:\/\/jogapiekna.com\/wp-content\/uploads\/2023\/11\/FullMoon_40cm50cmThurisazINST.jpg\",\"width\":1000,\"height\":1000,\"caption\":\"Thurisaz \u2013 Pe\u0142nia \u017bycia\"},{\"@type\":\"BreadcrumbList\",\"@id\":\"https:\/\/jogapiekna.com\/produkt\/thurisaz-pelnia-zycia-plakat-40x50-cm\/#breadcrumb\",\"itemListElement\":[{\"@type\":\"ListItem\",\"position\":1,\"name\":\"Strona g\u0142\u00f3wna\",\"item\":\"https:\/\/jogapiekna.com\/\"},{\"@type\":\"ListItem\",\"position\":2,\"name\":\"Sklep\",\"item\":\"https:\/\/jogapiekna.com\/sklep\/\"},{\"@type\":\"ListItem\",\"position\":3,\"name\":\"Thurisaz \u2013 Pe\u0142nia \u017bycia \u2022 plakat 40&#215;50 cm\"}]},{\"@type\":\"WebSite\",\"@id\":\"https:\/\/jogapiekna.com\/#website\",\"url\":\"https:\/\/jogapiekna.com\/\",\"name\":\"Joga Pi\u0119kna Marta Kuci\u0144ska\",\"description\":\"Joga Pi\u0119kna pomaga kobietom zachowa\u0107 urod\u0119, cofn\u0105\u0107 oznaki up\u0142ywaj\u0105cego czasu i zm\u0119czenia, odzyska\u0107 promienny wygl\u0105d, naturalny u\u015bmiech i popraw\u0119 w\u0142asnej samooceny.\",\"publisher\":{\"@id\":\"https:\/\/jogapiekna.com\/#organization\"},\"potentialAction\":[{\"@type\":\"SearchAction\",\"target\":{\"@type\":\"EntryPoint\",\"urlTemplate\":\"https:\/\/jogapiekna.com\/?s={search_term_string}\"},\"query-input\":{\"@type\":\"PropertyValueSpecification\",\"valueRequired\":true,\"valueName\":\"search_term_string\"}}],\"inLanguage\":\"en-GB\"},{\"@type\":\"Organization\",\"@id\":\"https:\/\/jogapiekna.com\/#organization\",\"name\":\"Joga Pi\u0119kna Marta Kuci\u0144ska\",\"url\":\"https:\/\/jogapiekna.com\/\",\"logo\":{\"@type\":\"ImageObject\",\"inLanguage\":\"en-GB\",\"@id\":\"https:\/\/jogapiekna.com\/#\/schema\/logo\/image\/\",\"url\":\"https:\/\/jogapiekna.com\/wp-content\/uploads\/2022\/09\/joga-piekna-logo_Rka.png\",\"contentUrl\":\"https:\/\/jogapiekna.com\/wp-content\/uploads\/2022\/09\/joga-piekna-logo_Rka.png\",\"width\":231,\"height\":124,\"caption\":\"Joga Pi\u0119kna Marta Kuci\u0144ska\"},\"image\":{\"@id\":\"https:\/\/jogapiekna.com\/#\/schema\/logo\/image\/\"},\"sameAs\":[\"https:\/\/www.facebook.com\/JogaPieknaCom\/\",\"https:\/\/www.instagram.com\/jogapieknacom\/\"]}]}<\/script>\n<!-- \/ Yoast SEO plugin. -->","yoast_head_json":{"title":"Thurisaz - Fullness of Life - poster 40x50 cm","description":"Rune Turisaz-a symbol of strength, protection and overcoming obstacles. Its meaning is associated with action, courage and perseverance in overcoming difficulties. Thurisaz also symbolizes protection from threats and the ability to protect yourself and others.","robots":{"index":"index","follow":"follow","max-snippet":"max-snippet:-1","max-image-preview":"max-image-preview:large","max-video-preview":"max-video-preview:-1"},"canonical":"https:\/\/jogapiekna.com\/en\/product\/thurisaz-pelnia-zycia-plakat-40x50-cm\/","og_locale":"en_GB","og_type":"article","og_title":"Thurisaz \u2013 Pe\u0142nia \u017bycia \u2022 plakat 40x50 cm","og_description":"Runa Thurisaz jest symbolem si\u0142y, ochrony i prze\u0142amania przeszk\u00f3d. Jej znaczenie jest zwi\u0105zane z dzia\u0142aniem, odwag\u0105 oraz wytrwa\u0142o\u015bci\u0105 w pokonywaniu trudno\u015bci. Thurisaz symbolizuje r\u00f3wnie\u017c ochron\u0119 przed zagro\u017ceniami oraz zdolno\u015b\u0107 do obrony siebie i innych.","og_url":"https:\/\/jogapiekna.com\/en\/product\/thurisaz-pelnia-zycia-plakat-40x50-cm\/","og_site_name":"JOGA PI\u0118KNA | Joga Twarzy","article_publisher":"https:\/\/www.facebook.com\/JogaPieknaCom\/","article_modified_time":"2026-01-20T13:48:07+00:00","og_image":[{"width":1000,"height":1000,"url":"https:\/\/jogapiekna.com\/wp-content\/uploads\/2023\/11\/FullMoon_40cm50cmThurisazINST.jpg","type":"image\/jpeg"}],"twitter_card":"summary_large_image","twitter_misc":{"Estimated reading time":"2 minutes"},"schema":{"@context":"https:\/\/schema.org","@graph":[{"@type":"WebPage","@id":"https:\/\/jogapiekna.com\/produkt\/thurisaz-pelnia-zycia-plakat-40x50-cm\/","url":"https:\/\/jogapiekna.com\/produkt\/thurisaz-pelnia-zycia-plakat-40x50-cm\/","name":"Thurisaz - Fullness of Life - poster 40x50 cm","isPartOf":{"@id":"https:\/\/jogapiekna.com\/#website"},"primaryImageOfPage":{"@id":"https:\/\/jogapiekna.com\/produkt\/thurisaz-pelnia-zycia-plakat-40x50-cm\/#primaryimage"},"image":{"@id":"https:\/\/jogapiekna.com\/produkt\/thurisaz-pelnia-zycia-plakat-40x50-cm\/#primaryimage"},"thumbnailUrl":"https:\/\/jogapiekna.com\/wp-content\/uploads\/2023\/11\/FullMoon_40cm50cmThurisazINST.jpg","datePublished":"2023-11-22T12:20:19+00:00","dateModified":"2026-01-20T13:48:07+00:00","description":"Rune Turisaz-a symbol of strength, protection and overcoming obstacles. Its meaning is associated with action, courage and perseverance in overcoming difficulties. Thurisaz also symbolizes protection from threats and the ability to protect yourself and others.","breadcrumb":{"@id":"https:\/\/jogapiekna.com\/produkt\/thurisaz-pelnia-zycia-plakat-40x50-cm\/#breadcrumb"},"inLanguage":"en-GB","potentialAction":[{"@type":"ReadAction","target":["https:\/\/jogapiekna.com\/produkt\/thurisaz-pelnia-zycia-plakat-40x50-cm\/"]}]},{"@type":"ImageObject","inLanguage":"en-GB","@id":"https:\/\/jogapiekna.com\/produkt\/thurisaz-pelnia-zycia-plakat-40x50-cm\/#primaryimage","url":"https:\/\/jogapiekna.com\/wp-content\/uploads\/2023\/11\/FullMoon_40cm50cmThurisazINST.jpg","contentUrl":"https:\/\/jogapiekna.com\/wp-content\/uploads\/2023\/11\/FullMoon_40cm50cmThurisazINST.jpg","width":1000,"height":1000,"caption":"Thurisaz \u2013 Pe\u0142nia \u017bycia"},{"@type":"BreadcrumbList","@id":"https:\/\/jogapiekna.com\/produkt\/thurisaz-pelnia-zycia-plakat-40x50-cm\/#breadcrumb","itemListElement":[{"@type":"ListItem","position":1,"name":"Strona g\u0142\u00f3wna","item":"https:\/\/jogapiekna.com\/"},{"@type":"ListItem","position":2,"name":"Sklep","item":"https:\/\/jogapiekna.com\/sklep\/"},{"@type":"ListItem","position":3,"name":"Thurisaz \u2013 Pe\u0142nia \u017bycia \u2022 plakat 40&#215;50 cm"}]},{"@type":"WebSite","@id":"https:\/\/jogapiekna.com\/#website","url":"https:\/\/jogapiekna.com\/","name":"Yoga Beauty Marta Kuci\u0144ska","description":"Beauty Yoga helps women to maintain their beauty, reverse the signs of passing time and fatigue, regain a radiant appearance, natural smile and improve their self-esteem.","publisher":{"@id":"https:\/\/jogapiekna.com\/#organization"},"potentialAction":[{"@type":"SearchAction","target":{"@type":"EntryPoint","urlTemplate":"https:\/\/jogapiekna.com\/?s={search_term_string}"},"query-input":{"@type":"PropertyValueSpecification","valueRequired":true,"valueName":"search_term_string"}}],"inLanguage":"en-GB"},{"@type":"Organization","@id":"https:\/\/jogapiekna.com\/#organization","name":"Yoga Beauty Marta Kuci\u0144ska","url":"https:\/\/jogapiekna.com\/","logo":{"@type":"ImageObject","inLanguage":"en-GB","@id":"https:\/\/jogapiekna.com\/#\/schema\/logo\/image\/","url":"https:\/\/jogapiekna.com\/wp-content\/uploads\/2022\/09\/joga-piekna-logo_Rka.png","contentUrl":"https:\/\/jogapiekna.com\/wp-content\/uploads\/2022\/09\/joga-piekna-logo_Rka.png","width":231,"height":124,"caption":"Joga Pi\u0119kna Marta Kuci\u0144ska"},"image":{"@id":"https:\/\/jogapiekna.com\/#\/schema\/logo\/image\/"},"sameAs":["https:\/\/www.facebook.com\/JogaPieknaCom\/","https:\/\/www.instagram.com\/jogapieknacom\/"]}]}},"_links":{"self":[{"href":"https:\/\/jogapiekna.com\/en\/wp-json\/wp\/v2\/product\/145905","targetHints":{"allow":["GET"]}}],"collection":[{"href":"https:\/\/jogapiekna.com\/en\/wp-json\/wp\/v2\/product"}],"about":[{"href":"https:\/\/jogapiekna.com\/en\/wp-json\/wp\/v2\/types\/product"}],"replies":[{"embeddable":true,"href":"https:\/\/jogapiekna.com\/en\/wp-json\/wp\/v2\/comments?post=145905"}],"version-history":[{"count":1,"href":"https:\/\/jogapiekna.com\/en\/wp-json\/wp\/v2\/product\/145905\/revisions"}],"predecessor-version":[{"id":215205,"href":"https:\/\/jogapiekna.com\/en\/wp-json\/wp\/v2\/product\/145905\/revisions\/215205"}],"wp:featuredmedia":[{"embeddable":true,"href":"https:\/\/jogapiekna.com\/en\/wp-json\/wp\/v2\/media\/145887"}],"wp:attachment":[{"href":"https:\/\/jogapiekna.com\/en\/wp-json\/wp\/v2\/media?parent=145905"}],"wp:term":[{"taxonomy":"product_brand","embeddable":true,"href":"https:\/\/jogapiekna.com\/en\/wp-json\/wp\/v2\/product_brand?post=145905"},{"taxonomy":"product_cat","embeddable":true,"href":"https:\/\/jogapiekna.com\/en\/wp-json\/wp\/v2\/product_cat?post=145905"},{"taxonomy":"product_tag","embeddable":true,"href":"https:\/\/jogapiekna.com\/en\/wp-json\/wp\/v2\/product_tag?post=145905"}],"curies":[{"name":"wp","href":"https:\/\/api.w.org\/{rel}","templated":true}]}}