{"id":148866,"date":"2023-12-11T12:32:36","date_gmt":"2023-12-11T11:32:36","guid":{"rendered":"https:\/\/jogapiekna.com\/?post_type=product&#038;p=148866"},"modified":"2026-02-16T10:18:17","modified_gmt":"2026-02-16T09:18:17","slug":"proceanis-collagen-drink-kolagen-morski-do-picia-500-ml","status":"publish","type":"product","link":"https:\/\/jogapiekna.com\/en\/product\/proceanis-collagen-drink-kolagen-morski-do-picia-500-ml\/","title":{"rendered":"Proceanis \u00ae COLLAGEN DRINK-Marine collagen for drinking 500 ml"},"content":{"rendered":"<p>Do you care about the condition of your skin and hair? Want to know how to strengthen your skin from the inside out? What should I do to keep it firm, firm, and hydrated despite the time that has passed?<\/p>\n<p>I&#039;ve found a unique way to support your skincare, exercise, and massage routine, namely <strong>regular consumption of marine collagen<\/strong> with the addition of elastin and silicon.<\/p>\n<p>The microelements contained in Collagen Drink supplement help to maintain a good condition of the skin, as well as hair, nails and connective tissue. They support the formation of new collagen fibers and help protect cells from oxidative stress, meaning they take care of your well-being and appearance on several levels simultaneously.<\/p>\n<p>&nbsp;<\/p>\n<h2>PROCEANIS Collagen drink is the only and first marine collagen drink in Europe<\/h2>\n<p>What is the secret of this dietary supplement? I don&#039;t know if you know, but <strong>human skin is almost the same as the skin matrix of a North Atlantic cod<\/strong>. Contains exactly the same amino acids m.in glycine, proline hydroxyproline, methionine and cysteine. It is these compounds that create and strengthen the collagen fibers responsible for tissue elasticity.<\/p>\n<p>Doctors very often turn to fish skin when repairing tissues that have received burns. As of 2022, North Atlantic cod fish skin <strong>this is an approved medical product<\/strong>. Its beneficial effect on the condition of human skin is confirmed by numerous studies. That&#039;s why you should include it in your daily routine. The benefits are huge!<\/p>\n<p>&nbsp;<\/p>\n<h2>Who is this collagen drink for?<\/h2>\n<p><strong>When should I use this supplement?<\/strong><\/p>\n<ul>\n<li>If you have mature skin, with visible lines of wrinkles.<\/li>\n<li>If you care about regenerating the skin and improving its cavities.<\/li>\n<li>If you are struggling with weak hair loss, you want to improve their condition.<\/li>\n<li>When your complexion has a grayish tinge.<\/li>\n<li>If you want to protect yourself from the effects of oxidative stress.<\/li>\n<\/ul>\n<p><strong>This add-on is suitable for:<\/strong><\/p>\n<ul>\n<li>people with non-flexible skin,<\/li>\n<li>pregnant and lactating women who want to take care of their skin,<\/li>\n<li>people with atopic, dry, gray skin (eczema, gas station, dermatitis, Hashimoto&#039;s),<\/li>\n<li>for diabetics,<\/li>\n<li>people with different skin types: oily, dry, combination.<\/li>\n<\/ul>\n<p>&nbsp;<\/p>\n<h2>PROCEANIS collagen drink contains up to 3000 mg of collagen peptides from wild cod<\/h2>\n<p>What&#039;s important is peptides <strong>very well absorbed by the body<\/strong>. This is affected by their size, which is 3 KDA. This size is ideal when it comes to the breakdown of peptides by gastric and enzymatic acid in the stomach and small intestine.<\/p>\n<p>&nbsp;<\/p>\n<h2>What exactly is included in the PROCEANIS collagen drink?<\/h2>\n<p><strong>HERE ARE THE BEST INGREDIENTS: <\/strong><br \/>\nZinc, manganese, copper, biotin, wild cod collagen (from certified sustainable catches), horsetail silicon including flavonoids, acerola extract, saffron, vitamin C, eggshell membrane including elastin and natural collagen.<\/p>\n<p><strong>FULL TEAM:<\/strong><br \/>\n11.5% water, cod collagen (from certified sustainable fisheries), coconut flower syrup, pomegranate extract, 1% acerola juice concentrate (acerola juice concentrate, ascorbic acid), 0.8% horsetail extract, 0.7% eggshell membrane, carrot concentrate, saffron concentrate, citric acid, zinc gluconate, manganese gluconate, copper gluconate, xanthan gum thickener, preservative potassium sorbate, lemon juice concentrate, biotin, natural flavor<\/p>\n<p><img fetchpriority=\"high\" decoding=\"async\" class=\"alignnone size-full wp-image-148717\" src=\"https:\/\/jogapiekna.com\/wp-content\/uploads\/2023\/12\/proceanis-collagen-drink-info.jpg\" alt=\"COLLAGEN DRINK Proceanis \u2013 kolagen morski do picia 500 ml\" width=\"1200\" height=\"750\" srcset=\"https:\/\/jogapiekna.com\/wp-content\/uploads\/2023\/12\/proceanis-collagen-drink-info.jpg 1200w, https:\/\/jogapiekna.com\/wp-content\/uploads\/2023\/12\/proceanis-collagen-drink-info-300x188.jpg 300w, https:\/\/jogapiekna.com\/wp-content\/uploads\/2023\/12\/proceanis-collagen-drink-info-1024x640.jpg 1024w, https:\/\/jogapiekna.com\/wp-content\/uploads\/2023\/12\/proceanis-collagen-drink-info-768x480.jpg 768w, https:\/\/jogapiekna.com\/wp-content\/uploads\/2023\/12\/proceanis-collagen-drink-info-600x375.jpg 600w\" sizes=\"(max-width: 1200px) 100vw, 1200px\" \/><\/p>\n<p><strong>Collagen Drink PROCEANIS <\/strong><\/p>\n<ul>\n<li><strong>up to 3000 mg of collagen peptides<\/strong> from wild cod from sustainable fisheries in the Norwegian Sea<\/li>\n<li>the first collagen in Poland<strong> with egg membrane and natural elastin<\/strong><\/li>\n<li><strong>nutricosmetic for day and night<\/strong><\/li>\n<li>the world&#039;s only liquid marine collagen <strong>odorless and tasteless fish<\/strong><\/li>\n<li><strong>safe for everyone<\/strong> - allergy sufferers, diabetics, pregnant women, nursing women<\/li>\n<li>manufactured in Germany in GMP and HACCP certified factories<\/li>\n<\/ul>\n<p><strong>Fish Collagen Dosage collagen drink <\/strong><\/p>\n<ul>\n<li>The daily portion is <strong>25 ml<\/strong>. The liquid should not be diluted with water or other beverages. Just drink it with a glass of water.<\/li>\n<li>Collagen drink is best taken in the evening, regardless of the meal.<\/li>\n<li>Shake the bottle before use.<\/li>\n<li>Do not store the product at this temperature. above 25C, keep it in a dry place and protect it from sunlight.<\/li>\n<li>After opening, use within 30 days.<\/li>\n<li>Keep away from small children.<\/li>\n<\/ul>\n<p>Attention! The product does not contain artificial colors, flavors, sweeteners, lactose and gluten, <strong>but it contains a fish allergen<\/strong>.<br \/>\nRemember that no dietary supplement is a substitute for a balanced and balanced diet and a healthy lifestyle.<\/p>","protected":false},"excerpt":{"rendered":"<p>Take care of your skin from the inside out. Collagen drink is a dietary supplement with marine collagen, elastin and silicon that increases skin elasticity, strengthens collagen fibers and helps in tissue regeneration.<\/p>\n<ul>\n<li>Nutricosmetic for day and night.<\/li>\n<li>Contains up to 3000 mg of collagen peptides from wild cod.<\/li>\n<li>No smell or taste of fish.<\/li>\n<li>Manufacturer: Proceanis<\/li>\n<li>Capacity: 500ml<\/li>\n<\/ul>","protected":false},"featured_media":148710,"comment_status":"closed","ping_status":"closed","template":"","meta":{"_acf_changed":false,"site-sidebar-layout":"default","site-content-layout":"","ast-site-content-layout":"default","site-content-style":"default","site-sidebar-style":"default","ast-global-header-display":"","ast-banner-title-visibility":"","ast-main-header-display":"","ast-hfb-above-header-display":"","ast-hfb-below-header-display":"","ast-hfb-mobile-header-display":"","site-post-title":"","ast-breadcrumbs-content":"","ast-featured-img":"","footer-sml-layout":"","ast-disable-related-posts":"","theme-transparent-header-meta":"","adv-header-id-meta":"","stick-header-meta":"","header-above-stick-meta":"","header-main-stick-meta":"","header-below-stick-meta":"","astra-migrate-meta-layouts":"default","ast-page-background-enabled":"default","ast-page-background-meta":{"desktop":{"background-color":"var(--ast-global-color-5)","background-image":"","background-repeat":"repeat","background-position":"center center","background-size":"auto","background-attachment":"scroll","background-type":"","background-media":"","overlay-type":"","overlay-color":"","overlay-opacity":"","overlay-gradient":""},"tablet":{"background-color":"","background-image":"","background-repeat":"repeat","background-position":"center center","background-size":"auto","background-attachment":"scroll","background-type":"","background-media":"","overlay-type":"","overlay-color":"","overlay-opacity":"","overlay-gradient":""},"mobile":{"background-color":"","background-image":"","background-repeat":"repeat","background-position":"center center","background-size":"auto","background-attachment":"scroll","background-type":"","background-media":"","overlay-type":"","overlay-color":"","overlay-opacity":"","overlay-gradient":""}},"ast-content-background-meta":{"desktop":{"background-color":"var(--ast-global-color-4)","background-image":"","background-repeat":"repeat","background-position":"center center","background-size":"auto","background-attachment":"scroll","background-type":"","background-media":"","overlay-type":"","overlay-color":"","overlay-opacity":"","overlay-gradient":""},"tablet":{"background-color":"var(--ast-global-color-4)","background-image":"","background-repeat":"repeat","background-position":"center center","background-size":"auto","background-attachment":"scroll","background-type":"","background-media":"","overlay-type":"","overlay-color":"","overlay-opacity":"","overlay-gradient":""},"mobile":{"background-color":"var(--ast-global-color-4)","background-image":"","background-repeat":"repeat","background-position":"center center","background-size":"auto","background-attachment":"scroll","background-type":"","background-media":"","overlay-type":"","overlay-color":"","overlay-opacity":"","overlay-gradient":""}}},"product_brand":[],"product_cat":[639],"product_tag":[241,756,244,755],"class_list":{"0":"post-148866","1":"product","2":"type-product","3":"status-publish","4":"has-post-thumbnail","6":"product_cat-suplementy","7":"product_tag-beauty-drink","8":"product_tag-collagen","9":"product_tag-holistyczna-pielegancja","10":"product_tag-kolagen","11":"desktop-align-left","12":"tablet-align-left","13":"mobile-align-left","15":"first","16":"instock","17":"taxable","18":"shipping-taxable","19":"purchasable","20":"product-type-simple"},"acf":[],"yoast_head":"<!-- This site is optimized with the Yoast SEO plugin v27.4 - https:\/\/yoast.com\/product\/yoast-seo-wordpress\/ -->\n<title>Collagen Drink Proceanis \u2013 kolagen morski do picia<\/title>\n<meta name=\"description\" content=\"Zadbaj o elastyczno\u015b\u0107 sk\u00f3ry od \u015brodka. Collagen Drink Proceanis to pierwszy suplement diety z kolagenem morskim do picia. Zam\u00f3w online w sklepie Joga Pi\u0119kna.\" \/>\n<meta name=\"robots\" content=\"index, follow, max-snippet:-1, max-image-preview:large, max-video-preview:-1\" \/>\n<link rel=\"canonical\" href=\"https:\/\/jogapiekna.com\/en\/product\/proceanis-collagen-drink-kolagen-morski-do-picia-500-ml\/\" \/>\n<meta property=\"og:locale\" content=\"en_GB\" \/>\n<meta property=\"og:type\" content=\"article\" \/>\n<meta property=\"og:title\" content=\"Collagen Drink Proceanis \u2013 kolagen morski do picia\" \/>\n<meta property=\"og:description\" content=\"Zadbaj o elastyczno\u015b\u0107 sk\u00f3ry od \u015brodka. Collagen Drink Proceanis to pierwszy suplement diety z kolagenem morskim do picia. Zam\u00f3w online w sklepie Joga Pi\u0119kna.\" \/>\n<meta property=\"og:url\" content=\"https:\/\/jogapiekna.com\/en\/product\/proceanis-collagen-drink-kolagen-morski-do-picia-500-ml\/\" \/>\n<meta property=\"og:site_name\" content=\"JOGA PI\u0118KNA | Joga Twarzy\" \/>\n<meta property=\"article:publisher\" content=\"https:\/\/www.facebook.com\/JogaPieknaCom\/\" \/>\n<meta property=\"article:modified_time\" content=\"2026-02-16T09:18:17+00:00\" \/>\n<meta property=\"og:image\" content=\"https:\/\/jogapiekna.com\/wp-content\/uploads\/2023\/12\/proceanis-collagen-drink-jogapiekna-500-ml.jpg\" \/>\n\t<meta property=\"og:image:width\" content=\"1000\" \/>\n\t<meta property=\"og:image:height\" content=\"1000\" \/>\n\t<meta property=\"og:image:type\" content=\"image\/jpeg\" \/>\n<meta name=\"twitter:card\" content=\"summary_large_image\" \/>\n<meta name=\"twitter:label1\" content=\"Estimated reading time\" \/>\n\t<meta name=\"twitter:data1\" content=\"5 minutes\" \/>\n<script type=\"application\/ld+json\" class=\"yoast-schema-graph\">{\"@context\":\"https:\\\/\\\/schema.org\",\"@graph\":[{\"@type\":\"WebPage\",\"@id\":\"https:\\\/\\\/jogapiekna.com\\\/produkt\\\/proceanis-collagen-drink-kolagen-morski-do-picia-500-ml\\\/\",\"url\":\"https:\\\/\\\/jogapiekna.com\\\/produkt\\\/proceanis-collagen-drink-kolagen-morski-do-picia-500-ml\\\/\",\"name\":\"Collagen Drink Proceanis \u2013 kolagen morski do picia\",\"isPartOf\":{\"@id\":\"https:\\\/\\\/jogapiekna.com\\\/#website\"},\"primaryImageOfPage\":{\"@id\":\"https:\\\/\\\/jogapiekna.com\\\/produkt\\\/proceanis-collagen-drink-kolagen-morski-do-picia-500-ml\\\/#primaryimage\"},\"image\":{\"@id\":\"https:\\\/\\\/jogapiekna.com\\\/produkt\\\/proceanis-collagen-drink-kolagen-morski-do-picia-500-ml\\\/#primaryimage\"},\"thumbnailUrl\":\"https:\\\/\\\/jogapiekna.com\\\/wp-content\\\/uploads\\\/2023\\\/12\\\/proceanis-collagen-drink-jogapiekna-500-ml.jpg\",\"datePublished\":\"2023-12-11T11:32:36+00:00\",\"dateModified\":\"2026-02-16T09:18:17+00:00\",\"description\":\"Zadbaj o elastyczno\u015b\u0107 sk\u00f3ry od \u015brodka. Collagen Drink Proceanis to pierwszy suplement diety z kolagenem morskim do picia. Zam\u00f3w online w sklepie Joga Pi\u0119kna.\",\"breadcrumb\":{\"@id\":\"https:\\\/\\\/jogapiekna.com\\\/produkt\\\/proceanis-collagen-drink-kolagen-morski-do-picia-500-ml\\\/#breadcrumb\"},\"inLanguage\":\"en-GB\",\"potentialAction\":[{\"@type\":\"ReadAction\",\"target\":[\"https:\\\/\\\/jogapiekna.com\\\/produkt\\\/proceanis-collagen-drink-kolagen-morski-do-picia-500-ml\\\/\"]}]},{\"@type\":\"ImageObject\",\"inLanguage\":\"en-GB\",\"@id\":\"https:\\\/\\\/jogapiekna.com\\\/produkt\\\/proceanis-collagen-drink-kolagen-morski-do-picia-500-ml\\\/#primaryimage\",\"url\":\"https:\\\/\\\/jogapiekna.com\\\/wp-content\\\/uploads\\\/2023\\\/12\\\/proceanis-collagen-drink-jogapiekna-500-ml.jpg\",\"contentUrl\":\"https:\\\/\\\/jogapiekna.com\\\/wp-content\\\/uploads\\\/2023\\\/12\\\/proceanis-collagen-drink-jogapiekna-500-ml.jpg\",\"width\":1000,\"height\":1000,\"caption\":\"COLLAGEN DRINK Proceanis \u2013 kolagen morski do picia 500 ml\"},{\"@type\":\"BreadcrumbList\",\"@id\":\"https:\\\/\\\/jogapiekna.com\\\/produkt\\\/proceanis-collagen-drink-kolagen-morski-do-picia-500-ml\\\/#breadcrumb\",\"itemListElement\":[{\"@type\":\"ListItem\",\"position\":1,\"name\":\"Strona g\u0142\u00f3wna\",\"item\":\"https:\\\/\\\/jogapiekna.com\\\/\"},{\"@type\":\"ListItem\",\"position\":2,\"name\":\"Sklep\",\"item\":\"https:\\\/\\\/jogapiekna.com\\\/sklep\\\/\"},{\"@type\":\"ListItem\",\"position\":3,\"name\":\"Proceanis\u00ae COLLAGEN DRINK \u2013 kolagen morski do picia 500 ml\"}]},{\"@type\":\"WebSite\",\"@id\":\"https:\\\/\\\/jogapiekna.com\\\/#website\",\"url\":\"https:\\\/\\\/jogapiekna.com\\\/\",\"name\":\"Joga Pi\u0119kna Marta Kuci\u0144ska\",\"description\":\"Joga Pi\u0119kna pomaga kobietom zachowa\u0107 urod\u0119, cofn\u0105\u0107 oznaki up\u0142ywaj\u0105cego czasu i zm\u0119czenia, odzyska\u0107 promienny wygl\u0105d, naturalny u\u015bmiech i popraw\u0119 w\u0142asnej samooceny.\",\"publisher\":{\"@id\":\"https:\\\/\\\/jogapiekna.com\\\/#organization\"},\"potentialAction\":[{\"@type\":\"SearchAction\",\"target\":{\"@type\":\"EntryPoint\",\"urlTemplate\":\"https:\\\/\\\/jogapiekna.com\\\/?s={search_term_string}\"},\"query-input\":{\"@type\":\"PropertyValueSpecification\",\"valueRequired\":true,\"valueName\":\"search_term_string\"}}],\"inLanguage\":\"en-GB\"},{\"@type\":\"Organization\",\"@id\":\"https:\\\/\\\/jogapiekna.com\\\/#organization\",\"name\":\"Joga Pi\u0119kna Marta Kuci\u0144ska\",\"url\":\"https:\\\/\\\/jogapiekna.com\\\/\",\"logo\":{\"@type\":\"ImageObject\",\"inLanguage\":\"en-GB\",\"@id\":\"https:\\\/\\\/jogapiekna.com\\\/#\\\/schema\\\/logo\\\/image\\\/\",\"url\":\"https:\\\/\\\/jogapiekna.com\\\/wp-content\\\/uploads\\\/2022\\\/09\\\/joga-piekna-logo_Rka.png\",\"contentUrl\":\"https:\\\/\\\/jogapiekna.com\\\/wp-content\\\/uploads\\\/2022\\\/09\\\/joga-piekna-logo_Rka.png\",\"width\":231,\"height\":124,\"caption\":\"Joga Pi\u0119kna Marta Kuci\u0144ska\"},\"image\":{\"@id\":\"https:\\\/\\\/jogapiekna.com\\\/#\\\/schema\\\/logo\\\/image\\\/\"},\"sameAs\":[\"https:\\\/\\\/www.facebook.com\\\/JogaPieknaCom\\\/\",\"https:\\\/\\\/www.instagram.com\\\/jogapieknacom\\\/\"]}]}<\/script>\n<!-- \/ Yoast SEO plugin. -->","yoast_head_json":{"title":"Collagen Drink Proceanis \u2013 kolagen morski do picia","description":"Zadbaj o elastyczno\u015b\u0107 sk\u00f3ry od \u015brodka. Collagen Drink Proceanis to pierwszy suplement diety z kolagenem morskim do picia. Zam\u00f3w online w sklepie Joga Pi\u0119kna.","robots":{"index":"index","follow":"follow","max-snippet":"max-snippet:-1","max-image-preview":"max-image-preview:large","max-video-preview":"max-video-preview:-1"},"canonical":"https:\/\/jogapiekna.com\/en\/product\/proceanis-collagen-drink-kolagen-morski-do-picia-500-ml\/","og_locale":"en_GB","og_type":"article","og_title":"Collagen Drink Proceanis \u2013 kolagen morski do picia","og_description":"Zadbaj o elastyczno\u015b\u0107 sk\u00f3ry od \u015brodka. Collagen Drink Proceanis to pierwszy suplement diety z kolagenem morskim do picia. Zam\u00f3w online w sklepie Joga Pi\u0119kna.","og_url":"https:\/\/jogapiekna.com\/en\/product\/proceanis-collagen-drink-kolagen-morski-do-picia-500-ml\/","og_site_name":"JOGA PI\u0118KNA | Joga Twarzy","article_publisher":"https:\/\/www.facebook.com\/JogaPieknaCom\/","article_modified_time":"2026-02-16T09:18:17+00:00","og_image":[{"width":1000,"height":1000,"url":"https:\/\/jogapiekna.com\/wp-content\/uploads\/2023\/12\/proceanis-collagen-drink-jogapiekna-500-ml.jpg","type":"image\/jpeg"}],"twitter_card":"summary_large_image","twitter_misc":{"Estimated reading time":"5 minutes"},"schema":{"@context":"https:\/\/schema.org","@graph":[{"@type":"WebPage","@id":"https:\/\/jogapiekna.com\/produkt\/proceanis-collagen-drink-kolagen-morski-do-picia-500-ml\/","url":"https:\/\/jogapiekna.com\/produkt\/proceanis-collagen-drink-kolagen-morski-do-picia-500-ml\/","name":"Collagen Drink Proceanis \u2013 kolagen morski do picia","isPartOf":{"@id":"https:\/\/jogapiekna.com\/#website"},"primaryImageOfPage":{"@id":"https:\/\/jogapiekna.com\/produkt\/proceanis-collagen-drink-kolagen-morski-do-picia-500-ml\/#primaryimage"},"image":{"@id":"https:\/\/jogapiekna.com\/produkt\/proceanis-collagen-drink-kolagen-morski-do-picia-500-ml\/#primaryimage"},"thumbnailUrl":"https:\/\/jogapiekna.com\/wp-content\/uploads\/2023\/12\/proceanis-collagen-drink-jogapiekna-500-ml.jpg","datePublished":"2023-12-11T11:32:36+00:00","dateModified":"2026-02-16T09:18:17+00:00","description":"Zadbaj o elastyczno\u015b\u0107 sk\u00f3ry od \u015brodka. Collagen Drink Proceanis to pierwszy suplement diety z kolagenem morskim do picia. Zam\u00f3w online w sklepie Joga Pi\u0119kna.","breadcrumb":{"@id":"https:\/\/jogapiekna.com\/produkt\/proceanis-collagen-drink-kolagen-morski-do-picia-500-ml\/#breadcrumb"},"inLanguage":"en-GB","potentialAction":[{"@type":"ReadAction","target":["https:\/\/jogapiekna.com\/produkt\/proceanis-collagen-drink-kolagen-morski-do-picia-500-ml\/"]}]},{"@type":"ImageObject","inLanguage":"en-GB","@id":"https:\/\/jogapiekna.com\/produkt\/proceanis-collagen-drink-kolagen-morski-do-picia-500-ml\/#primaryimage","url":"https:\/\/jogapiekna.com\/wp-content\/uploads\/2023\/12\/proceanis-collagen-drink-jogapiekna-500-ml.jpg","contentUrl":"https:\/\/jogapiekna.com\/wp-content\/uploads\/2023\/12\/proceanis-collagen-drink-jogapiekna-500-ml.jpg","width":1000,"height":1000,"caption":"COLLAGEN DRINK Proceanis \u2013 kolagen morski do picia 500 ml"},{"@type":"BreadcrumbList","@id":"https:\/\/jogapiekna.com\/produkt\/proceanis-collagen-drink-kolagen-morski-do-picia-500-ml\/#breadcrumb","itemListElement":[{"@type":"ListItem","position":1,"name":"Strona g\u0142\u00f3wna","item":"https:\/\/jogapiekna.com\/"},{"@type":"ListItem","position":2,"name":"Sklep","item":"https:\/\/jogapiekna.com\/sklep\/"},{"@type":"ListItem","position":3,"name":"Proceanis\u00ae COLLAGEN DRINK \u2013 kolagen morski do picia 500 ml"}]},{"@type":"WebSite","@id":"https:\/\/jogapiekna.com\/#website","url":"https:\/\/jogapiekna.com\/","name":"Yoga Beauty Marta Kuci\u0144ska","description":"Beauty Yoga helps women to maintain their beauty, reverse the signs of passing time and fatigue, regain a radiant appearance, natural smile and improve their self-esteem.","publisher":{"@id":"https:\/\/jogapiekna.com\/#organization"},"potentialAction":[{"@type":"SearchAction","target":{"@type":"EntryPoint","urlTemplate":"https:\/\/jogapiekna.com\/?s={search_term_string}"},"query-input":{"@type":"PropertyValueSpecification","valueRequired":true,"valueName":"search_term_string"}}],"inLanguage":"en-GB"},{"@type":"Organization","@id":"https:\/\/jogapiekna.com\/#organization","name":"Yoga Beauty Marta Kuci\u0144ska","url":"https:\/\/jogapiekna.com\/","logo":{"@type":"ImageObject","inLanguage":"en-GB","@id":"https:\/\/jogapiekna.com\/#\/schema\/logo\/image\/","url":"https:\/\/jogapiekna.com\/wp-content\/uploads\/2022\/09\/joga-piekna-logo_Rka.png","contentUrl":"https:\/\/jogapiekna.com\/wp-content\/uploads\/2022\/09\/joga-piekna-logo_Rka.png","width":231,"height":124,"caption":"Joga Pi\u0119kna Marta Kuci\u0144ska"},"image":{"@id":"https:\/\/jogapiekna.com\/#\/schema\/logo\/image\/"},"sameAs":["https:\/\/www.facebook.com\/JogaPieknaCom\/","https:\/\/www.instagram.com\/jogapieknacom\/"]}]}},"_links":{"self":[{"href":"https:\/\/jogapiekna.com\/en\/wp-json\/wp\/v2\/product\/148866","targetHints":{"allow":["GET"]}}],"collection":[{"href":"https:\/\/jogapiekna.com\/en\/wp-json\/wp\/v2\/product"}],"about":[{"href":"https:\/\/jogapiekna.com\/en\/wp-json\/wp\/v2\/types\/product"}],"replies":[{"embeddable":true,"href":"https:\/\/jogapiekna.com\/en\/wp-json\/wp\/v2\/comments?post=148866"}],"version-history":[{"count":2,"href":"https:\/\/jogapiekna.com\/en\/wp-json\/wp\/v2\/product\/148866\/revisions"}],"predecessor-version":[{"id":212769,"href":"https:\/\/jogapiekna.com\/en\/wp-json\/wp\/v2\/product\/148866\/revisions\/212769"}],"wp:featuredmedia":[{"embeddable":true,"href":"https:\/\/jogapiekna.com\/en\/wp-json\/wp\/v2\/media\/148710"}],"wp:attachment":[{"href":"https:\/\/jogapiekna.com\/en\/wp-json\/wp\/v2\/media?parent=148866"}],"wp:term":[{"taxonomy":"product_brand","embeddable":true,"href":"https:\/\/jogapiekna.com\/en\/wp-json\/wp\/v2\/product_brand?post=148866"},{"taxonomy":"product_cat","embeddable":true,"href":"https:\/\/jogapiekna.com\/en\/wp-json\/wp\/v2\/product_cat?post=148866"},{"taxonomy":"product_tag","embeddable":true,"href":"https:\/\/jogapiekna.com\/en\/wp-json\/wp\/v2\/product_tag?post=148866"}],"curies":[{"name":"wp","href":"https:\/\/api.w.org\/{rel}","templated":true}]}}