{"id":154468,"date":"2024-01-25T22:36:52","date_gmt":"2024-01-25T21:36:52","guid":{"rendered":"https:\/\/jogapiekna.com\/?post_type=product&#038;p=154468"},"modified":"2026-02-02T10:07:15","modified_gmt":"2026-02-02T09:07:15","slug":"olejek-eteryczny-doterra-sandalwood-drzewo-sandalowe-5-ml","status":"publish","type":"product","link":"https:\/\/jogapiekna.com\/en\/product\/olejek-eteryczny-doterra-sandalwood-drzewo-sandalowe-5-ml\/","title":{"rendered":"doTERRA Essential Oil * Sandalwood \u2022 sandalwood * 5 ml"},"content":{"rendered":"<p>Sandalwood oil is an essential oil derived from the wood of the sandalwood tree (Santalum album). The oil extraction process usually involves steam distillation of the wood, which preserves its characteristic smell and properties.<\/p>\n<p>Sandalwood oil has a characteristic sweet woody aroma. This is one of the features that makes it widely used in aromatherapy and perfumery.<\/p>\n<p>It is often used in aromatherapy because of its relaxing properties. It is believed that this fragrance helps in reducing stress, relieves nervous tension and maintains emotional balance.<\/p>\n<p>Sandalwood oil is valued in cosmetics for its beneficial properties for the skin. It can help soothe skin irritation, provide hydration, and also reduce the appearance of skin imperfections such as acne.<\/p>\n<p>In some traditions, sandalwood oil has been used for spiritual and meditative purposes. Its fragrance is considered useful for creating a calm environment that promotes concentration of the mind.<br \/>\nSandalwood oil can be used in several ways, such as adding a few drops to an air fragrance, mixing it with a carrier (such as a base oil) and applying it to the skin, adding it to a bath, or using it during a massage.<\/p>\n<p>&nbsp;<\/p>\n<h3>Main advantages<\/h3>\n<p>The main benefits of using sandalwood oil include:<\/p>\n<ol>\n<li><strong>A Grounding, Meditative Fragrance:<\/strong> Sandalwood oil is known for its earthy and relaxing fragrance. Its use can help create a calm atmosphere that promotes meditation, relaxation and concentration of the mind.<\/li>\n<li><strong>Creating A Positive Atmosphere<\/strong><\/li>\n<li><strong>Healthy, Smooth Skin<\/strong><\/li>\n<li><strong>Reducing The Visibility Of Skin Defects<\/strong><\/li>\n<\/ol>\n<p>&nbsp;<\/p>\n<h3> Instructions for use <\/h3>\n<p><strong>Aromatic application:<\/strong>\u00a0Add three to four drops to the diffuser of your choice.\u2028<\/p>\n<p><strong>Local application:<\/strong>\u00a0Apply one or two drops to the desired area. Dilute with carrier oil to minimize skin sensitivity.<\/p>\n<p><strong>Attention!<\/strong><br \/>\nPossible skin sensitivity. Keep out of reach of children. If you are pregnant, nursing, or under medical supervision, please consult your doctor. Avoid contact with eyes, inner ears, and sensitive areas.<\/p>\n<p><strong>All doTERRA oils are clean and safe. They are certified CPTG (Certified Pure Therapeutic Grade\u00ae) - certified pure therapeutic grade.<\/strong> They can be safely used internally, lubricated the body, and inhaled.<\/p>\n<p><strong>CPTG-Certified Pure Therapeutic Grade (ACKT-Certified Pure therapeutic Grade)<\/strong> doTERRA oils, which makes it absolutely safe to use oils orally (those intended for internal use), as well as in small children.<\/p>\n<p>What does such a certificate mean?<\/p>\n<ul>\n<li>quality without pesticides and heavy metals,<\/li>\n<li>no artificial colors or fillers,<\/li>\n<li>kontrolowane uprawy na obszarach, gdzie naturalnie wyst\u0119puje dana ro\u015blina i zbieranie jej w optymalnym momencie<\/li>\n<li>brak domieszek olejk\u00f3w z innych ro\u015blinnych<\/li>\n<li>brak domieszek olejk\u00f3w syntetycznych<\/li>\n<\/ul>","protected":false},"excerpt":{"rendered":"<p>5 ml<\/p>","protected":false},"featured_media":154467,"comment_status":"closed","ping_status":"closed","template":"","meta":{"_acf_changed":false,"site-sidebar-layout":"default","site-content-layout":"","ast-site-content-layout":"default","site-content-style":"default","site-sidebar-style":"default","ast-global-header-display":"","ast-banner-title-visibility":"","ast-main-header-display":"","ast-hfb-above-header-display":"","ast-hfb-below-header-display":"","ast-hfb-mobile-header-display":"","site-post-title":"","ast-breadcrumbs-content":"","ast-featured-img":"","footer-sml-layout":"","ast-disable-related-posts":"","theme-transparent-header-meta":"","adv-header-id-meta":"","stick-header-meta":"","header-above-stick-meta":"","header-main-stick-meta":"","header-below-stick-meta":"","astra-migrate-meta-layouts":"default","ast-page-background-enabled":"default","ast-page-background-meta":{"desktop":{"background-color":"var(--ast-global-color-5)","background-image":"","background-repeat":"repeat","background-position":"center center","background-size":"auto","background-attachment":"scroll","background-type":"","background-media":"","overlay-type":"","overlay-color":"","overlay-opacity":"","overlay-gradient":""},"tablet":{"background-color":"","background-image":"","background-repeat":"repeat","background-position":"center center","background-size":"auto","background-attachment":"scroll","background-type":"","background-media":"","overlay-type":"","overlay-color":"","overlay-opacity":"","overlay-gradient":""},"mobile":{"background-color":"","background-image":"","background-repeat":"repeat","background-position":"center center","background-size":"auto","background-attachment":"scroll","background-type":"","background-media":"","overlay-type":"","overlay-color":"","overlay-opacity":"","overlay-gradient":""}},"ast-content-background-meta":{"desktop":{"background-color":"var(--ast-global-color-4)","background-image":"","background-repeat":"repeat","background-position":"center center","background-size":"auto","background-attachment":"scroll","background-type":"","background-media":"","overlay-type":"","overlay-color":"","overlay-opacity":"","overlay-gradient":""},"tablet":{"background-color":"var(--ast-global-color-4)","background-image":"","background-repeat":"repeat","background-position":"center center","background-size":"auto","background-attachment":"scroll","background-type":"","background-media":"","overlay-type":"","overlay-color":"","overlay-opacity":"","overlay-gradient":""},"mobile":{"background-color":"var(--ast-global-color-4)","background-image":"","background-repeat":"repeat","background-position":"center center","background-size":"auto","background-attachment":"scroll","background-type":"","background-media":"","overlay-type":"","overlay-color":"","overlay-opacity":"","overlay-gradient":""}}},"product_brand":[],"product_cat":[642],"product_tag":[157,144,57],"class_list":{"0":"post-154468","1":"product","2":"type-product","3":"status-publish","4":"has-post-thumbnail","6":"product_cat-olejki-eteryczne","7":"product_tag-aromaterapia","8":"product_tag-doterra","9":"product_tag-olejek-eteryczny","10":"desktop-align-left","11":"tablet-align-left","12":"mobile-align-left","14":"first","15":"instock","16":"taxable","17":"shipping-taxable","18":"purchasable","19":"product-type-simple"},"acf":[],"yoast_head":"<!-- This site is optimized with the Yoast SEO plugin v27.2 - https:\/\/yoast.com\/product\/yoast-seo-wordpress\/ -->\n<title>Olejek eteryczny doTERRA \u2022 Sandalwood \u2022 Drzewo sanda\u0142owe \u2022 5 ml<\/title>\n<meta name=\"description\" content=\"Olejek z drzewa sanda\u0142owego to olej eteryczny pozyskiwany z drewna drzewa sanda\u0142owego (Santalum album). Proces ekstrakcji olejku zwykle obejmuje destylacj\u0119 parow\u0105 drewna, co pozwala na zachowanie jego charakterystycznego zapachu i w\u0142a\u015bciwo\u015bci.\" \/>\n<meta name=\"robots\" content=\"index, follow, max-snippet:-1, max-image-preview:large, max-video-preview:-1\" \/>\n<link rel=\"canonical\" href=\"https:\/\/jogapiekna.com\/en\/product\/olejek-eteryczny-doterra-sandalwood-drzewo-sandalowe-5-ml\/\" \/>\n<meta property=\"og:locale\" content=\"en_GB\" \/>\n<meta property=\"og:type\" content=\"article\" \/>\n<meta property=\"og:title\" content=\"Olejek eteryczny doTERRA \u2022 Sandalwood \u2022 Drzewo sanda\u0142owe \u2022 5 ml\" \/>\n<meta property=\"og:description\" content=\"Olejek z drzewa sanda\u0142owego to olej eteryczny pozyskiwany z drewna drzewa sanda\u0142owego (Santalum album). Proces ekstrakcji olejku zwykle obejmuje destylacj\u0119 parow\u0105 drewna, co pozwala na zachowanie jego charakterystycznego zapachu i w\u0142a\u015bciwo\u015bci.\" \/>\n<meta property=\"og:url\" content=\"https:\/\/jogapiekna.com\/en\/product\/olejek-eteryczny-doterra-sandalwood-drzewo-sandalowe-5-ml\/\" \/>\n<meta property=\"og:site_name\" content=\"JOGA PI\u0118KNA | Joga Twarzy\" \/>\n<meta property=\"article:publisher\" content=\"https:\/\/www.facebook.com\/JogaPieknaCom\/\" \/>\n<meta property=\"article:modified_time\" content=\"2026-02-02T09:07:15+00:00\" \/>\n<meta property=\"og:image\" content=\"https:\/\/jogapiekna.com\/wp-content\/uploads\/2024\/01\/joga-piekna_olejek-5ml_sandalwood-doterra.jpg\" \/>\n\t<meta property=\"og:image:width\" content=\"1000\" \/>\n\t<meta property=\"og:image:height\" content=\"1000\" \/>\n\t<meta property=\"og:image:type\" content=\"image\/jpeg\" \/>\n<meta name=\"twitter:card\" content=\"summary_large_image\" \/>\n<meta name=\"twitter:label1\" content=\"Estimated reading time\" \/>\n\t<meta name=\"twitter:data1\" content=\"3 minutes\" \/>\n<script type=\"application\/ld+json\" class=\"yoast-schema-graph\">{\"@context\":\"https:\/\/schema.org\",\"@graph\":[{\"@type\":\"WebPage\",\"@id\":\"https:\/\/jogapiekna.com\/produkt\/olejek-eteryczny-doterra-sandalwood-drzewo-sandalowe-5-ml\/\",\"url\":\"https:\/\/jogapiekna.com\/produkt\/olejek-eteryczny-doterra-sandalwood-drzewo-sandalowe-5-ml\/\",\"name\":\"Olejek eteryczny doTERRA \u2022 Sandalwood \u2022 Drzewo sanda\u0142owe \u2022 5 ml\",\"isPartOf\":{\"@id\":\"https:\/\/jogapiekna.com\/#website\"},\"primaryImageOfPage\":{\"@id\":\"https:\/\/jogapiekna.com\/produkt\/olejek-eteryczny-doterra-sandalwood-drzewo-sandalowe-5-ml\/#primaryimage\"},\"image\":{\"@id\":\"https:\/\/jogapiekna.com\/produkt\/olejek-eteryczny-doterra-sandalwood-drzewo-sandalowe-5-ml\/#primaryimage\"},\"thumbnailUrl\":\"https:\/\/jogapiekna.com\/wp-content\/uploads\/2024\/01\/joga-piekna_olejek-5ml_sandalwood-doterra.jpg\",\"datePublished\":\"2024-01-25T21:36:52+00:00\",\"dateModified\":\"2026-02-02T09:07:15+00:00\",\"description\":\"Olejek z drzewa sanda\u0142owego to olej eteryczny pozyskiwany z drewna drzewa sanda\u0142owego (Santalum album). Proces ekstrakcji olejku zwykle obejmuje destylacj\u0119 parow\u0105 drewna, co pozwala na zachowanie jego charakterystycznego zapachu i w\u0142a\u015bciwo\u015bci.\",\"breadcrumb\":{\"@id\":\"https:\/\/jogapiekna.com\/produkt\/olejek-eteryczny-doterra-sandalwood-drzewo-sandalowe-5-ml\/#breadcrumb\"},\"inLanguage\":\"en-GB\",\"potentialAction\":[{\"@type\":\"ReadAction\",\"target\":[\"https:\/\/jogapiekna.com\/produkt\/olejek-eteryczny-doterra-sandalwood-drzewo-sandalowe-5-ml\/\"]}]},{\"@type\":\"ImageObject\",\"inLanguage\":\"en-GB\",\"@id\":\"https:\/\/jogapiekna.com\/produkt\/olejek-eteryczny-doterra-sandalwood-drzewo-sandalowe-5-ml\/#primaryimage\",\"url\":\"https:\/\/jogapiekna.com\/wp-content\/uploads\/2024\/01\/joga-piekna_olejek-5ml_sandalwood-doterra.jpg\",\"contentUrl\":\"https:\/\/jogapiekna.com\/wp-content\/uploads\/2024\/01\/joga-piekna_olejek-5ml_sandalwood-doterra.jpg\",\"width\":1000,\"height\":1000,\"caption\":\"Olejek eteryczny doTERRA \u2022 Sandalwood \u2022 Drzewo sanda\u0142owe \u2022 5 ml\"},{\"@type\":\"BreadcrumbList\",\"@id\":\"https:\/\/jogapiekna.com\/produkt\/olejek-eteryczny-doterra-sandalwood-drzewo-sandalowe-5-ml\/#breadcrumb\",\"itemListElement\":[{\"@type\":\"ListItem\",\"position\":1,\"name\":\"Strona g\u0142\u00f3wna\",\"item\":\"https:\/\/jogapiekna.com\/\"},{\"@type\":\"ListItem\",\"position\":2,\"name\":\"Sklep\",\"item\":\"https:\/\/jogapiekna.com\/sklep\/\"},{\"@type\":\"ListItem\",\"position\":3,\"name\":\"Olejek eteryczny doTERRA \u2022 Sandalwood \u2022 Drzewo sanda\u0142owe \u2022 5 ml\"}]},{\"@type\":\"WebSite\",\"@id\":\"https:\/\/jogapiekna.com\/#website\",\"url\":\"https:\/\/jogapiekna.com\/\",\"name\":\"Joga Pi\u0119kna Marta Kuci\u0144ska\",\"description\":\"Joga Pi\u0119kna pomaga kobietom zachowa\u0107 urod\u0119, cofn\u0105\u0107 oznaki up\u0142ywaj\u0105cego czasu i zm\u0119czenia, odzyska\u0107 promienny wygl\u0105d, naturalny u\u015bmiech i popraw\u0119 w\u0142asnej samooceny.\",\"publisher\":{\"@id\":\"https:\/\/jogapiekna.com\/#organization\"},\"potentialAction\":[{\"@type\":\"SearchAction\",\"target\":{\"@type\":\"EntryPoint\",\"urlTemplate\":\"https:\/\/jogapiekna.com\/?s={search_term_string}\"},\"query-input\":{\"@type\":\"PropertyValueSpecification\",\"valueRequired\":true,\"valueName\":\"search_term_string\"}}],\"inLanguage\":\"en-GB\"},{\"@type\":\"Organization\",\"@id\":\"https:\/\/jogapiekna.com\/#organization\",\"name\":\"Joga Pi\u0119kna Marta Kuci\u0144ska\",\"url\":\"https:\/\/jogapiekna.com\/\",\"logo\":{\"@type\":\"ImageObject\",\"inLanguage\":\"en-GB\",\"@id\":\"https:\/\/jogapiekna.com\/#\/schema\/logo\/image\/\",\"url\":\"https:\/\/jogapiekna.com\/wp-content\/uploads\/2022\/09\/joga-piekna-logo_Rka.png\",\"contentUrl\":\"https:\/\/jogapiekna.com\/wp-content\/uploads\/2022\/09\/joga-piekna-logo_Rka.png\",\"width\":231,\"height\":124,\"caption\":\"Joga Pi\u0119kna Marta Kuci\u0144ska\"},\"image\":{\"@id\":\"https:\/\/jogapiekna.com\/#\/schema\/logo\/image\/\"},\"sameAs\":[\"https:\/\/www.facebook.com\/JogaPieknaCom\/\",\"https:\/\/www.instagram.com\/jogapieknacom\/\"]}]}<\/script>\n<!-- \/ Yoast SEO plugin. -->","yoast_head_json":{"title":"Olejek eteryczny doTERRA \u2022 Sandalwood \u2022 Drzewo sanda\u0142owe \u2022 5 ml","description":"Sandalwood oil is an essential oil derived from the wood of the sandalwood tree (Santalum album). The oil extraction process usually involves steam distillation of the wood, which preserves its characteristic smell and properties.","robots":{"index":"index","follow":"follow","max-snippet":"max-snippet:-1","max-image-preview":"max-image-preview:large","max-video-preview":"max-video-preview:-1"},"canonical":"https:\/\/jogapiekna.com\/en\/product\/olejek-eteryczny-doterra-sandalwood-drzewo-sandalowe-5-ml\/","og_locale":"en_GB","og_type":"article","og_title":"Olejek eteryczny doTERRA \u2022 Sandalwood \u2022 Drzewo sanda\u0142owe \u2022 5 ml","og_description":"Olejek z drzewa sanda\u0142owego to olej eteryczny pozyskiwany z drewna drzewa sanda\u0142owego (Santalum album). Proces ekstrakcji olejku zwykle obejmuje destylacj\u0119 parow\u0105 drewna, co pozwala na zachowanie jego charakterystycznego zapachu i w\u0142a\u015bciwo\u015bci.","og_url":"https:\/\/jogapiekna.com\/en\/product\/olejek-eteryczny-doterra-sandalwood-drzewo-sandalowe-5-ml\/","og_site_name":"JOGA PI\u0118KNA | Joga Twarzy","article_publisher":"https:\/\/www.facebook.com\/JogaPieknaCom\/","article_modified_time":"2026-02-02T09:07:15+00:00","og_image":[{"width":1000,"height":1000,"url":"https:\/\/jogapiekna.com\/wp-content\/uploads\/2024\/01\/joga-piekna_olejek-5ml_sandalwood-doterra.jpg","type":"image\/jpeg"}],"twitter_card":"summary_large_image","twitter_misc":{"Estimated reading time":"3 minutes"},"schema":{"@context":"https:\/\/schema.org","@graph":[{"@type":"WebPage","@id":"https:\/\/jogapiekna.com\/produkt\/olejek-eteryczny-doterra-sandalwood-drzewo-sandalowe-5-ml\/","url":"https:\/\/jogapiekna.com\/produkt\/olejek-eteryczny-doterra-sandalwood-drzewo-sandalowe-5-ml\/","name":"Olejek eteryczny doTERRA \u2022 Sandalwood \u2022 Drzewo sanda\u0142owe \u2022 5 ml","isPartOf":{"@id":"https:\/\/jogapiekna.com\/#website"},"primaryImageOfPage":{"@id":"https:\/\/jogapiekna.com\/produkt\/olejek-eteryczny-doterra-sandalwood-drzewo-sandalowe-5-ml\/#primaryimage"},"image":{"@id":"https:\/\/jogapiekna.com\/produkt\/olejek-eteryczny-doterra-sandalwood-drzewo-sandalowe-5-ml\/#primaryimage"},"thumbnailUrl":"https:\/\/jogapiekna.com\/wp-content\/uploads\/2024\/01\/joga-piekna_olejek-5ml_sandalwood-doterra.jpg","datePublished":"2024-01-25T21:36:52+00:00","dateModified":"2026-02-02T09:07:15+00:00","description":"Sandalwood oil is an essential oil derived from the wood of the sandalwood tree (Santalum album). The oil extraction process usually involves steam distillation of the wood, which preserves its characteristic smell and properties.","breadcrumb":{"@id":"https:\/\/jogapiekna.com\/produkt\/olejek-eteryczny-doterra-sandalwood-drzewo-sandalowe-5-ml\/#breadcrumb"},"inLanguage":"en-GB","potentialAction":[{"@type":"ReadAction","target":["https:\/\/jogapiekna.com\/produkt\/olejek-eteryczny-doterra-sandalwood-drzewo-sandalowe-5-ml\/"]}]},{"@type":"ImageObject","inLanguage":"en-GB","@id":"https:\/\/jogapiekna.com\/produkt\/olejek-eteryczny-doterra-sandalwood-drzewo-sandalowe-5-ml\/#primaryimage","url":"https:\/\/jogapiekna.com\/wp-content\/uploads\/2024\/01\/joga-piekna_olejek-5ml_sandalwood-doterra.jpg","contentUrl":"https:\/\/jogapiekna.com\/wp-content\/uploads\/2024\/01\/joga-piekna_olejek-5ml_sandalwood-doterra.jpg","width":1000,"height":1000,"caption":"Olejek eteryczny doTERRA \u2022 Sandalwood \u2022 Drzewo sanda\u0142owe \u2022 5 ml"},{"@type":"BreadcrumbList","@id":"https:\/\/jogapiekna.com\/produkt\/olejek-eteryczny-doterra-sandalwood-drzewo-sandalowe-5-ml\/#breadcrumb","itemListElement":[{"@type":"ListItem","position":1,"name":"Strona g\u0142\u00f3wna","item":"https:\/\/jogapiekna.com\/"},{"@type":"ListItem","position":2,"name":"Sklep","item":"https:\/\/jogapiekna.com\/sklep\/"},{"@type":"ListItem","position":3,"name":"Olejek eteryczny doTERRA \u2022 Sandalwood \u2022 Drzewo sanda\u0142owe \u2022 5 ml"}]},{"@type":"WebSite","@id":"https:\/\/jogapiekna.com\/#website","url":"https:\/\/jogapiekna.com\/","name":"Yoga Beauty Marta Kuci\u0144ska","description":"Beauty Yoga helps women to maintain their beauty, reverse the signs of passing time and fatigue, regain a radiant appearance, natural smile and improve their self-esteem.","publisher":{"@id":"https:\/\/jogapiekna.com\/#organization"},"potentialAction":[{"@type":"SearchAction","target":{"@type":"EntryPoint","urlTemplate":"https:\/\/jogapiekna.com\/?s={search_term_string}"},"query-input":{"@type":"PropertyValueSpecification","valueRequired":true,"valueName":"search_term_string"}}],"inLanguage":"en-GB"},{"@type":"Organization","@id":"https:\/\/jogapiekna.com\/#organization","name":"Yoga Beauty Marta Kuci\u0144ska","url":"https:\/\/jogapiekna.com\/","logo":{"@type":"ImageObject","inLanguage":"en-GB","@id":"https:\/\/jogapiekna.com\/#\/schema\/logo\/image\/","url":"https:\/\/jogapiekna.com\/wp-content\/uploads\/2022\/09\/joga-piekna-logo_Rka.png","contentUrl":"https:\/\/jogapiekna.com\/wp-content\/uploads\/2022\/09\/joga-piekna-logo_Rka.png","width":231,"height":124,"caption":"Joga Pi\u0119kna Marta Kuci\u0144ska"},"image":{"@id":"https:\/\/jogapiekna.com\/#\/schema\/logo\/image\/"},"sameAs":["https:\/\/www.facebook.com\/JogaPieknaCom\/","https:\/\/www.instagram.com\/jogapieknacom\/"]}]}},"_links":{"self":[{"href":"https:\/\/jogapiekna.com\/en\/wp-json\/wp\/v2\/product\/154468","targetHints":{"allow":["GET"]}}],"collection":[{"href":"https:\/\/jogapiekna.com\/en\/wp-json\/wp\/v2\/product"}],"about":[{"href":"https:\/\/jogapiekna.com\/en\/wp-json\/wp\/v2\/types\/product"}],"replies":[{"embeddable":true,"href":"https:\/\/jogapiekna.com\/en\/wp-json\/wp\/v2\/comments?post=154468"}],"version-history":[{"count":1,"href":"https:\/\/jogapiekna.com\/en\/wp-json\/wp\/v2\/product\/154468\/revisions"}],"predecessor-version":[{"id":211216,"href":"https:\/\/jogapiekna.com\/en\/wp-json\/wp\/v2\/product\/154468\/revisions\/211216"}],"wp:featuredmedia":[{"embeddable":true,"href":"https:\/\/jogapiekna.com\/en\/wp-json\/wp\/v2\/media\/154467"}],"wp:attachment":[{"href":"https:\/\/jogapiekna.com\/en\/wp-json\/wp\/v2\/media?parent=154468"}],"wp:term":[{"taxonomy":"product_brand","embeddable":true,"href":"https:\/\/jogapiekna.com\/en\/wp-json\/wp\/v2\/product_brand?post=154468"},{"taxonomy":"product_cat","embeddable":true,"href":"https:\/\/jogapiekna.com\/en\/wp-json\/wp\/v2\/product_cat?post=154468"},{"taxonomy":"product_tag","embeddable":true,"href":"https:\/\/jogapiekna.com\/en\/wp-json\/wp\/v2\/product_tag?post=154468"}],"curies":[{"name":"wp","href":"https:\/\/api.w.org\/{rel}","templated":true}]}}