{"id":158099,"date":"2024-02-21T12:50:55","date_gmt":"2024-02-21T11:50:55","guid":{"rendered":"https:\/\/jogapiekna.com\/?post_type=product&#038;p=158099"},"modified":"2026-03-15T23:37:02","modified_gmt":"2026-03-15T22:37:02","slug":"krem-peptydowy-pod-oczy-slavia-cosmetics-15-ml","status":"publish","type":"product","link":"https:\/\/jogapiekna.com\/en\/product\/krem-peptydowy-pod-oczy-slavia-cosmetics-15-ml\/","title":{"rendered":"Radiant Smoothness - Peptide Eye Cream by Slavia Cosmetics - 15 ml - New packaging!"},"content":{"rendered":"<h2>A peptide eye cream that reduces signs of fatigue<\/h2>\n<p>Care for the skin around the eyes should be gentle and at the same time effective. Can this be combined? Can an eye cream be suitable for sensitive skin and restore it without irritation? Of course! Provided that it has <strong>natural ingredients<\/strong>.<\/p>\n<p>Peptide Eye Cream <strong>subtly smoothes fine facial wrinkles<\/strong>by providing your delicate eye area with everything it needs to look refreshed and radiant. Not only <strong>it will lighten dark circles and reduce signs of fatigue<\/strong>but it will also give your look a youthful freshness. It will make you look radiant, regardless of everyday challenges.<\/p>\n<p>&nbsp;<\/p>\n<h2>Top Ingredients Peptide Eye Cream<\/h2>\n<p>Want to reduce signs of fatigue? Get rid of fine facial wrinkles? Lighten dark circles under the eyes and moisturize and nourish these areas of the face? However, to do this, you will need <strong>multiple ingredients<\/strong>. The good news is that you&#039;ll find them all <strong>in one product<\/strong>.<\/p>\n<p><strong>Dawnergy complex<\/strong> - a revolutionary nonapeptide that stimulates the synthesis of collagen and elastin, restoring the skin at the cellular level. Makes your skin look more natural. <strong>vital and energetic<\/strong>, and the signs of fatigue disappear, as if by magic. Visibly reduces discoloration and <strong>evens out the skin tone<\/strong>. Strengthens and softens wrinkles. This is a must have among the eye cream ingredients!<\/p>\n<p><strong>Trehalose<\/strong> this is a double sugar, similar in structure to NMF-a natural moisturizing factor in human skin. It retains water for long-lasting hydration. Works <strong>anti-wrinkle and antioxidant<\/strong>. Thanks to it, the skin around the eyes will be soft, smooth and full of life, ready to meet every new day.<\/p>\n<p><strong>Blackberry Fruit Extract<\/strong> it is a powerful antioxidant that <strong>protects the delicate skin around the eyes<\/strong> from the harmful effects of free radicals. Brightens and nourishes the skin. Minimizes the appearance of dark circles under the eyes.<\/p>\n<p><strong>Horse Chestnut Seed Extract<\/strong> soothes the skin-reduces puffiness and <strong>improves microcirculation<\/strong>. Contained in the eye cream, it makes the look more open and full of shine, and you can enjoy <strong>clearer eye contour<\/strong>.<\/p>\n<p><strong>Hydrolyzed Rhizobian Rubber<\/strong> provides <strong>instant lifting effect<\/strong>. Thanks to it, the skin around the eyes is noticeably tightened and smoothed, which makes wrinkles and fine lines less noticeable.<\/p>\n<p>&nbsp;<\/p>\n<h3>Who is this cream for?<\/h3>\n<ul>\n<li>For people with <strong>mature complexion<\/strong>people who want to reduce the appearance of wrinkles and fine lines around the eyes.<\/li>\n<li>For skin with visible signs of fatigue, in need of intensive hydration and recovery.<\/li>\n<li>For people with a dull complexion who want to restore the skin&#039;s vitality and freshness.<\/li>\n<li>Excellent <strong>for skin exposed to free radicals<\/strong> and external factors that require protection and increase immunity.<\/li>\n<li>For those who crave a lifting effect and <strong>anti-aliasing<\/strong> soft skin around the eyes, so that the look has found a young elasticity and radiance.<\/li>\n<li>To reduce hyperpigmentation and dark circles under the eyes.<\/li>\n<\/ul>\n<p>&nbsp;<\/p>\n<h2>Action of peptide eye cream<\/h2>\n<ul>\n<li>The skin around the eyes will be deeply moisturized and nourished-it will become <strong>soft and radiant<\/strong>.<\/li>\n<li>You&#039;ll notice smoothing, softening, and a gentle <strong>lifting the under-eye area<\/strong> - it will give your look a youthful look.<\/li>\n<li>The cream will lighten, brighten and <strong>evens out the skin tone<\/strong> around the eyes, restoring its freshness and shine.<\/li>\n<li>You will see a reduction in puffiness and dark circles under your eyes, which will make your eyes look rested and full of life.<\/li>\n<\/ul>\n<p>Studies comparing the effects after 4 weeks of regular use of the cream showed a reduction in dark circles under the eyes from blue to yellow by an average of 41% and from black to white by an average of 6%. Additionally <strong>100% of respondents<\/strong> he pointed to <strong>visible anti-aliasing effect<\/strong>hydration and tightening of the skin around the eyes.<\/p>\n<p>&nbsp;<\/p>\n<h3>Why do I trust the brand Salvia Cosmetics?<\/h3>\n<p>I really like that the Salvia Cosmetics brand is backed by people with a passion for nature. These are vegan cosmetics created with full confidence in their quality. <strong>positive effects on the skin and the environment<\/strong>, without animal testing and with respect for the environment.<\/p>\n<p>Salvia Cosmetics products also feature carefully formulated active ingredients that fight the signs of aging and help keep your skin healthy and radiant.<\/p>\n<p>I know that this is a brand that creates its products with people like me. On the one hand, its creators care about our planet, and on the other hand, they want to consciously and ethically use the power that natural ingredients give. I believe that at the moment this is one of the best beauty options on our market, and I am happy to share it with you.<\/p>\n<p>&nbsp;<\/p>\n<h3>Composition of peptide eye cream<\/h3>\n<p><em>Aqua, Decyl Cocoate, Avena Sativa (Oat) Kernel Oil, Propanediol, Glyceryl Stearate Citrate, Glyceryl Stearate, Papaver Rhoeas (Corn Poppy) Seed Oil, Sorbitol, Squalane, Trehalose, Cetearyl Olivate, Cetearyl Alcohol, Cetearyl Glucoside, Glycerin, Helianthus Annuus (Sunflower) Seed Oil, Sorbitan Olivate, Fructose, Nonapeptide-1, Tocopherol, Coffea Arabica (Green Coffee) Seed Oil, Rubus Fruticosus (Blackberry) Fruit Extract, Aesculus Hippocastanum (Horse Chestnut) Extract, Anogeissus Leiocarpa (African Birch) Bark Extract, Crataegus Monogyna (Hawthorn) Flower Extract, Jasminum Sambac (Jasmine) Flower Extract, Acacia Senegal Gum, Hydrolyzed Rhizobian Gum, Cellulose, Sodium Lactate, Xanthan Gum, Benzyl Alcohol, Dehydroacetic Acid, Sodium Benzoate, Potassium Sorbate, Citric Acid, Sodium Phosphate, Caprylyl Glycol, Disodium Phosphate<\/em><\/p>\n<p>&nbsp;<\/p>\n<h3>How to apply the cream? \u2013 installation<\/h3>\n<p>Before applying eye cream, take care of proper preparation of the skin.<\/p>\n<ul>\n<li>Start with <strong>thorough cleaning<\/strong> clean your face to remove any debris and allow the active ingredients to penetrate deeper. To properly prepare the skin for the action of the cream, you can use <a href=\"https:\/\/jogapiekna.com\/en\/product\/zel-nawilzajacy-do-mycia-twarzy-150ml\/\">moisturizing gel cleanser with gluconolactone 4% from Slavia Cosmetics<\/a>.<\/li>\n<li>After cleansing, gently dry your skin and apply a toner that will restore it to its proper pH.<\/li>\n<li>Then apply a small amount of cream to the skin around the eyes and on the eyelids.Gently stroke the cream with your fingertips.<\/li>\n<li>For better effects <strong>apply the cream twice a day<\/strong> - morning and evening.<\/li>\n<\/ul>\n<p>In addition, I encourage you to combine applying a cream with a massage that rejuvenates the eye area. You will find detailed instructions in this place:<br \/>\n<strong><a href=\"https:\/\/www.youtube.com\/watch?v=z5IAmgdr-xE\">This massage rejuvenates the eye area!  Beauty Yoga<\/a><\/strong><\/p>","protected":false},"excerpt":{"rendered":"<p>Is it enough that you are a little tired, and it is immediately evident by the dark horseshoes under your eyes? Do you live at full speed and expect cosmetics to keep up with your pace, acting instantly and concretely? I understand you perfectly! <strong>Peptidate Eye Cream<\/strong> it quickly smooths out facial wrinkles and provides gentle but effective care for sensitive skin around the eyes. It will lighten dark circles and reduce signs of fatigue.<\/p>\n<ul>\n<li>Counteracts signs of aging, reduces dark circles under the eyes<\/li>\n<li>Protects delicate skin, regenerates and intensely moisturizes<\/li>\n<li>Non-aromatized<\/li>\n<li>Capacity: 15 ml<\/li>\n<li>Usage: Day and night<\/li>\n<\/ul>","protected":false},"featured_media":216064,"comment_status":"closed","ping_status":"closed","template":"","meta":{"_acf_changed":false,"site-sidebar-layout":"default","site-content-layout":"","ast-site-content-layout":"default","site-content-style":"default","site-sidebar-style":"default","ast-global-header-display":"","ast-banner-title-visibility":"","ast-main-header-display":"","ast-hfb-above-header-display":"","ast-hfb-below-header-display":"","ast-hfb-mobile-header-display":"","site-post-title":"","ast-breadcrumbs-content":"","ast-featured-img":"","footer-sml-layout":"","ast-disable-related-posts":"","theme-transparent-header-meta":"default","adv-header-id-meta":"","stick-header-meta":"","header-above-stick-meta":"","header-main-stick-meta":"","header-below-stick-meta":"","astra-migrate-meta-layouts":"set","ast-page-background-enabled":"default","ast-page-background-meta":{"desktop":{"background-color":"var(--ast-global-color-5)","background-image":"","background-repeat":"repeat","background-position":"center center","background-size":"auto","background-attachment":"scroll","background-type":"","background-media":"","overlay-type":"","overlay-color":"","overlay-opacity":"","overlay-gradient":""},"tablet":{"background-color":"","background-image":"","background-repeat":"repeat","background-position":"center center","background-size":"auto","background-attachment":"scroll","background-type":"","background-media":"","overlay-type":"","overlay-color":"","overlay-opacity":"","overlay-gradient":""},"mobile":{"background-color":"","background-image":"","background-repeat":"repeat","background-position":"center center","background-size":"auto","background-attachment":"scroll","background-type":"","background-media":"","overlay-type":"","overlay-color":"","overlay-opacity":"","overlay-gradient":""}},"ast-content-background-meta":{"desktop":{"background-color":"var(--ast-global-color-4)","background-image":"","background-repeat":"repeat","background-position":"center center","background-size":"auto","background-attachment":"scroll","background-type":"","background-media":"","overlay-type":"","overlay-color":"","overlay-opacity":"","overlay-gradient":""},"tablet":{"background-color":"var(--ast-global-color-4)","background-image":"","background-repeat":"repeat","background-position":"center center","background-size":"auto","background-attachment":"scroll","background-type":"","background-media":"","overlay-type":"","overlay-color":"","overlay-opacity":"","overlay-gradient":""},"mobile":{"background-color":"var(--ast-global-color-4)","background-image":"","background-repeat":"repeat","background-position":"center center","background-size":"auto","background-attachment":"scroll","background-type":"","background-media":"","overlay-type":"","overlay-color":"","overlay-opacity":"","overlay-gradient":""}}},"product_brand":[],"product_cat":[331],"product_tag":[],"class_list":{"0":"post-158099","1":"product","2":"type-product","3":"status-publish","4":"has-post-thumbnail","6":"product_cat-kosmetyki","7":"desktop-align-left","8":"tablet-align-left","9":"mobile-align-left","11":"first","12":"outofstock","13":"taxable","14":"shipping-taxable","15":"purchasable","16":"product-type-simple"},"acf":[],"yoast_head":"<!-- This site is optimized with the Yoast SEO plugin v27.2 - https:\/\/yoast.com\/product\/yoast-seo-wordpress\/ -->\n<title>Promienna G\u0142adko\u015b\u0107 \u2022 Peptydowy Krem pod oczy Slavia Cosmetics \u2022 15 ml<\/title>\n<meta name=\"robots\" content=\"index, follow, max-snippet:-1, max-image-preview:large, max-video-preview:-1\" \/>\n<link rel=\"canonical\" href=\"https:\/\/jogapiekna.com\/en\/product\/krem-peptydowy-pod-oczy-slavia-cosmetics-15-ml\/\" \/>\n<meta property=\"og:locale\" content=\"en_GB\" \/>\n<meta property=\"og:type\" content=\"article\" \/>\n<meta property=\"og:title\" content=\"Promienna G\u0142adko\u015b\u0107 \u2022 Peptydowy Krem pod oczy Slavia Cosmetics \u2022 15 ml\" \/>\n<meta property=\"og:description\" content=\"Wystarczy, \u017ce jeste\u015b odrobin\u0119 zm\u0119czona, a od razu widac to po ciemnych podkowach pod Twoimi oczami? \u017byjesz na pe\u0142nych obrotach i oczekujesz, \u017ce kosmetyki b\u0119d\u0105 nad\u0105\u017ca\u0107 za Twoim tempem, dzia\u0142aj\u0105c natychmiastowo i konkretnie? Doskonale Ci\u0119 rozumiem! Krem pod oczy z peptydatmi ekspresowo wyg\u0142adzi zmarszczki mimiczne i zadba o delikatn\u0105, ale skuteczn\u0105 piel\u0119gnacj\u0119 wra\u017cliwej sk\u00f3ry wok\u00f3\u0142 oczu. Rozja\u015bni cienie i zredukuje oznaki zm\u0119czenia.   Przeciwdzia\u0142a oznakom starzenia, redukuje cienie pod oczami  Chroni delikatn\u0105 sk\u00f3r\u0119, regeneruje i intensywnie nawil\u017ca  Bezzapachowy  Pojemno\u015b\u0107: 15 ml  Stosowanie: na dzie\u0144 i na noc\" \/>\n<meta property=\"og:url\" content=\"https:\/\/jogapiekna.com\/en\/product\/krem-peptydowy-pod-oczy-slavia-cosmetics-15-ml\/\" \/>\n<meta property=\"og:site_name\" content=\"JOGA PI\u0118KNA | Joga Twarzy\" \/>\n<meta property=\"article:publisher\" content=\"https:\/\/www.facebook.com\/JogaPieknaCom\/\" \/>\n<meta property=\"article:modified_time\" content=\"2026-03-15T22:37:02+00:00\" \/>\n<meta property=\"og:image\" content=\"https:\/\/jogapiekna.com\/wp-content\/uploads\/2024\/02\/slavia-peptydowy-krem-pod-oczy-15ml-nowe-opakowanie.jpg\" \/>\n\t<meta property=\"og:image:width\" content=\"1000\" \/>\n\t<meta property=\"og:image:height\" content=\"1000\" \/>\n\t<meta property=\"og:image:type\" content=\"image\/jpeg\" \/>\n<meta name=\"twitter:card\" content=\"summary_large_image\" \/>\n<meta name=\"twitter:label1\" content=\"Estimated reading time\" \/>\n\t<meta name=\"twitter:data1\" content=\"6 minutes\" \/>\n<script type=\"application\/ld+json\" class=\"yoast-schema-graph\">{\"@context\":\"https:\/\/schema.org\",\"@graph\":[{\"@type\":\"WebPage\",\"@id\":\"https:\/\/jogapiekna.com\/produkt\/krem-peptydowy-pod-oczy-slavia-cosmetics-15-ml\/\",\"url\":\"https:\/\/jogapiekna.com\/produkt\/krem-peptydowy-pod-oczy-slavia-cosmetics-15-ml\/\",\"name\":\"Promienna G\u0142adko\u015b\u0107 \u2022 Peptydowy Krem pod oczy Slavia Cosmetics \u2022 15 ml\",\"isPartOf\":{\"@id\":\"https:\/\/jogapiekna.com\/#website\"},\"primaryImageOfPage\":{\"@id\":\"https:\/\/jogapiekna.com\/produkt\/krem-peptydowy-pod-oczy-slavia-cosmetics-15-ml\/#primaryimage\"},\"image\":{\"@id\":\"https:\/\/jogapiekna.com\/produkt\/krem-peptydowy-pod-oczy-slavia-cosmetics-15-ml\/#primaryimage\"},\"thumbnailUrl\":\"https:\/\/jogapiekna.com\/wp-content\/uploads\/2024\/02\/slavia-peptydowy-krem-pod-oczy-15ml-nowe-opakowanie.jpg\",\"datePublished\":\"2024-02-21T11:50:55+00:00\",\"dateModified\":\"2026-03-15T22:37:02+00:00\",\"breadcrumb\":{\"@id\":\"https:\/\/jogapiekna.com\/produkt\/krem-peptydowy-pod-oczy-slavia-cosmetics-15-ml\/#breadcrumb\"},\"inLanguage\":\"en-GB\",\"potentialAction\":[{\"@type\":\"ReadAction\",\"target\":[\"https:\/\/jogapiekna.com\/produkt\/krem-peptydowy-pod-oczy-slavia-cosmetics-15-ml\/\"]}]},{\"@type\":\"ImageObject\",\"inLanguage\":\"en-GB\",\"@id\":\"https:\/\/jogapiekna.com\/produkt\/krem-peptydowy-pod-oczy-slavia-cosmetics-15-ml\/#primaryimage\",\"url\":\"https:\/\/jogapiekna.com\/wp-content\/uploads\/2024\/02\/slavia-peptydowy-krem-pod-oczy-15ml-nowe-opakowanie.jpg\",\"contentUrl\":\"https:\/\/jogapiekna.com\/wp-content\/uploads\/2024\/02\/slavia-peptydowy-krem-pod-oczy-15ml-nowe-opakowanie.jpg\",\"width\":1000,\"height\":1000,\"caption\":\"Promienna G\u0142adko\u015b\u0107 \u2022 Peptydowy Krem pod oczy Slavia Cosmetics \u2022 15 ml\"},{\"@type\":\"BreadcrumbList\",\"@id\":\"https:\/\/jogapiekna.com\/produkt\/krem-peptydowy-pod-oczy-slavia-cosmetics-15-ml\/#breadcrumb\",\"itemListElement\":[{\"@type\":\"ListItem\",\"position\":1,\"name\":\"Strona g\u0142\u00f3wna\",\"item\":\"https:\/\/jogapiekna.com\/\"},{\"@type\":\"ListItem\",\"position\":2,\"name\":\"Sklep\",\"item\":\"https:\/\/jogapiekna.com\/sklep\/\"},{\"@type\":\"ListItem\",\"position\":3,\"name\":\"Promienna G\u0142adko\u015b\u0107 \u2022 Peptydowy Krem pod oczy Slavia Cosmetics \u2022 15 ml \u2022 Nowe Opakowanie!\"}]},{\"@type\":\"WebSite\",\"@id\":\"https:\/\/jogapiekna.com\/#website\",\"url\":\"https:\/\/jogapiekna.com\/\",\"name\":\"Joga Pi\u0119kna Marta Kuci\u0144ska\",\"description\":\"Joga Pi\u0119kna pomaga kobietom zachowa\u0107 urod\u0119, cofn\u0105\u0107 oznaki up\u0142ywaj\u0105cego czasu i zm\u0119czenia, odzyska\u0107 promienny wygl\u0105d, naturalny u\u015bmiech i popraw\u0119 w\u0142asnej samooceny.\",\"publisher\":{\"@id\":\"https:\/\/jogapiekna.com\/#organization\"},\"potentialAction\":[{\"@type\":\"SearchAction\",\"target\":{\"@type\":\"EntryPoint\",\"urlTemplate\":\"https:\/\/jogapiekna.com\/?s={search_term_string}\"},\"query-input\":{\"@type\":\"PropertyValueSpecification\",\"valueRequired\":true,\"valueName\":\"search_term_string\"}}],\"inLanguage\":\"en-GB\"},{\"@type\":\"Organization\",\"@id\":\"https:\/\/jogapiekna.com\/#organization\",\"name\":\"Joga Pi\u0119kna Marta Kuci\u0144ska\",\"url\":\"https:\/\/jogapiekna.com\/\",\"logo\":{\"@type\":\"ImageObject\",\"inLanguage\":\"en-GB\",\"@id\":\"https:\/\/jogapiekna.com\/#\/schema\/logo\/image\/\",\"url\":\"https:\/\/jogapiekna.com\/wp-content\/uploads\/2022\/09\/joga-piekna-logo_Rka.png\",\"contentUrl\":\"https:\/\/jogapiekna.com\/wp-content\/uploads\/2022\/09\/joga-piekna-logo_Rka.png\",\"width\":231,\"height\":124,\"caption\":\"Joga Pi\u0119kna Marta Kuci\u0144ska\"},\"image\":{\"@id\":\"https:\/\/jogapiekna.com\/#\/schema\/logo\/image\/\"},\"sameAs\":[\"https:\/\/www.facebook.com\/JogaPieknaCom\/\",\"https:\/\/www.instagram.com\/jogapieknacom\/\"]}]}<\/script>\n<!-- \/ Yoast SEO plugin. -->","yoast_head_json":{"title":"Promienna G\u0142adko\u015b\u0107 \u2022 Peptydowy Krem pod oczy Slavia Cosmetics \u2022 15 ml","robots":{"index":"index","follow":"follow","max-snippet":"max-snippet:-1","max-image-preview":"max-image-preview:large","max-video-preview":"max-video-preview:-1"},"canonical":"https:\/\/jogapiekna.com\/en\/product\/krem-peptydowy-pod-oczy-slavia-cosmetics-15-ml\/","og_locale":"en_GB","og_type":"article","og_title":"Promienna G\u0142adko\u015b\u0107 \u2022 Peptydowy Krem pod oczy Slavia Cosmetics \u2022 15 ml","og_description":"Wystarczy, \u017ce jeste\u015b odrobin\u0119 zm\u0119czona, a od razu widac to po ciemnych podkowach pod Twoimi oczami? \u017byjesz na pe\u0142nych obrotach i oczekujesz, \u017ce kosmetyki b\u0119d\u0105 nad\u0105\u017ca\u0107 za Twoim tempem, dzia\u0142aj\u0105c natychmiastowo i konkretnie? Doskonale Ci\u0119 rozumiem! Krem pod oczy z peptydatmi ekspresowo wyg\u0142adzi zmarszczki mimiczne i zadba o delikatn\u0105, ale skuteczn\u0105 piel\u0119gnacj\u0119 wra\u017cliwej sk\u00f3ry wok\u00f3\u0142 oczu. Rozja\u015bni cienie i zredukuje oznaki zm\u0119czenia.   Przeciwdzia\u0142a oznakom starzenia, redukuje cienie pod oczami  Chroni delikatn\u0105 sk\u00f3r\u0119, regeneruje i intensywnie nawil\u017ca  Bezzapachowy  Pojemno\u015b\u0107: 15 ml  Stosowanie: na dzie\u0144 i na noc","og_url":"https:\/\/jogapiekna.com\/en\/product\/krem-peptydowy-pod-oczy-slavia-cosmetics-15-ml\/","og_site_name":"JOGA PI\u0118KNA | Joga Twarzy","article_publisher":"https:\/\/www.facebook.com\/JogaPieknaCom\/","article_modified_time":"2026-03-15T22:37:02+00:00","og_image":[{"width":1000,"height":1000,"url":"https:\/\/jogapiekna.com\/wp-content\/uploads\/2024\/02\/slavia-peptydowy-krem-pod-oczy-15ml-nowe-opakowanie.jpg","type":"image\/jpeg"}],"twitter_card":"summary_large_image","twitter_misc":{"Estimated reading time":"6 minutes"},"schema":{"@context":"https:\/\/schema.org","@graph":[{"@type":"WebPage","@id":"https:\/\/jogapiekna.com\/produkt\/krem-peptydowy-pod-oczy-slavia-cosmetics-15-ml\/","url":"https:\/\/jogapiekna.com\/produkt\/krem-peptydowy-pod-oczy-slavia-cosmetics-15-ml\/","name":"Promienna G\u0142adko\u015b\u0107 \u2022 Peptydowy Krem pod oczy Slavia Cosmetics \u2022 15 ml","isPartOf":{"@id":"https:\/\/jogapiekna.com\/#website"},"primaryImageOfPage":{"@id":"https:\/\/jogapiekna.com\/produkt\/krem-peptydowy-pod-oczy-slavia-cosmetics-15-ml\/#primaryimage"},"image":{"@id":"https:\/\/jogapiekna.com\/produkt\/krem-peptydowy-pod-oczy-slavia-cosmetics-15-ml\/#primaryimage"},"thumbnailUrl":"https:\/\/jogapiekna.com\/wp-content\/uploads\/2024\/02\/slavia-peptydowy-krem-pod-oczy-15ml-nowe-opakowanie.jpg","datePublished":"2024-02-21T11:50:55+00:00","dateModified":"2026-03-15T22:37:02+00:00","breadcrumb":{"@id":"https:\/\/jogapiekna.com\/produkt\/krem-peptydowy-pod-oczy-slavia-cosmetics-15-ml\/#breadcrumb"},"inLanguage":"en-GB","potentialAction":[{"@type":"ReadAction","target":["https:\/\/jogapiekna.com\/produkt\/krem-peptydowy-pod-oczy-slavia-cosmetics-15-ml\/"]}]},{"@type":"ImageObject","inLanguage":"en-GB","@id":"https:\/\/jogapiekna.com\/produkt\/krem-peptydowy-pod-oczy-slavia-cosmetics-15-ml\/#primaryimage","url":"https:\/\/jogapiekna.com\/wp-content\/uploads\/2024\/02\/slavia-peptydowy-krem-pod-oczy-15ml-nowe-opakowanie.jpg","contentUrl":"https:\/\/jogapiekna.com\/wp-content\/uploads\/2024\/02\/slavia-peptydowy-krem-pod-oczy-15ml-nowe-opakowanie.jpg","width":1000,"height":1000,"caption":"Promienna G\u0142adko\u015b\u0107 \u2022 Peptydowy Krem pod oczy Slavia Cosmetics \u2022 15 ml"},{"@type":"BreadcrumbList","@id":"https:\/\/jogapiekna.com\/produkt\/krem-peptydowy-pod-oczy-slavia-cosmetics-15-ml\/#breadcrumb","itemListElement":[{"@type":"ListItem","position":1,"name":"Strona g\u0142\u00f3wna","item":"https:\/\/jogapiekna.com\/"},{"@type":"ListItem","position":2,"name":"Sklep","item":"https:\/\/jogapiekna.com\/sklep\/"},{"@type":"ListItem","position":3,"name":"Promienna G\u0142adko\u015b\u0107 \u2022 Peptydowy Krem pod oczy Slavia Cosmetics \u2022 15 ml \u2022 Nowe Opakowanie!"}]},{"@type":"WebSite","@id":"https:\/\/jogapiekna.com\/#website","url":"https:\/\/jogapiekna.com\/","name":"Yoga Beauty Marta Kuci\u0144ska","description":"Beauty Yoga helps women to maintain their beauty, reverse the signs of passing time and fatigue, regain a radiant appearance, natural smile and improve their self-esteem.","publisher":{"@id":"https:\/\/jogapiekna.com\/#organization"},"potentialAction":[{"@type":"SearchAction","target":{"@type":"EntryPoint","urlTemplate":"https:\/\/jogapiekna.com\/?s={search_term_string}"},"query-input":{"@type":"PropertyValueSpecification","valueRequired":true,"valueName":"search_term_string"}}],"inLanguage":"en-GB"},{"@type":"Organization","@id":"https:\/\/jogapiekna.com\/#organization","name":"Yoga Beauty Marta Kuci\u0144ska","url":"https:\/\/jogapiekna.com\/","logo":{"@type":"ImageObject","inLanguage":"en-GB","@id":"https:\/\/jogapiekna.com\/#\/schema\/logo\/image\/","url":"https:\/\/jogapiekna.com\/wp-content\/uploads\/2022\/09\/joga-piekna-logo_Rka.png","contentUrl":"https:\/\/jogapiekna.com\/wp-content\/uploads\/2022\/09\/joga-piekna-logo_Rka.png","width":231,"height":124,"caption":"Joga Pi\u0119kna Marta Kuci\u0144ska"},"image":{"@id":"https:\/\/jogapiekna.com\/#\/schema\/logo\/image\/"},"sameAs":["https:\/\/www.facebook.com\/JogaPieknaCom\/","https:\/\/www.instagram.com\/jogapieknacom\/"]}]}},"_links":{"self":[{"href":"https:\/\/jogapiekna.com\/en\/wp-json\/wp\/v2\/product\/158099","targetHints":{"allow":["GET"]}}],"collection":[{"href":"https:\/\/jogapiekna.com\/en\/wp-json\/wp\/v2\/product"}],"about":[{"href":"https:\/\/jogapiekna.com\/en\/wp-json\/wp\/v2\/types\/product"}],"replies":[{"embeddable":true,"href":"https:\/\/jogapiekna.com\/en\/wp-json\/wp\/v2\/comments?post=158099"}],"version-history":[{"count":5,"href":"https:\/\/jogapiekna.com\/en\/wp-json\/wp\/v2\/product\/158099\/revisions"}],"predecessor-version":[{"id":216065,"href":"https:\/\/jogapiekna.com\/en\/wp-json\/wp\/v2\/product\/158099\/revisions\/216065"}],"wp:featuredmedia":[{"embeddable":true,"href":"https:\/\/jogapiekna.com\/en\/wp-json\/wp\/v2\/media\/216064"}],"wp:attachment":[{"href":"https:\/\/jogapiekna.com\/en\/wp-json\/wp\/v2\/media?parent=158099"}],"wp:term":[{"taxonomy":"product_brand","embeddable":true,"href":"https:\/\/jogapiekna.com\/en\/wp-json\/wp\/v2\/product_brand?post=158099"},{"taxonomy":"product_cat","embeddable":true,"href":"https:\/\/jogapiekna.com\/en\/wp-json\/wp\/v2\/product_cat?post=158099"},{"taxonomy":"product_tag","embeddable":true,"href":"https:\/\/jogapiekna.com\/en\/wp-json\/wp\/v2\/product_tag?post=158099"}],"curies":[{"name":"wp","href":"https:\/\/api.w.org\/{rel}","templated":true}]}}