{"id":158303,"date":"2024-02-23T09:12:38","date_gmt":"2024-02-23T08:12:38","guid":{"rendered":"https:\/\/jogapiekna.com\/?post_type=product&#038;p=158303"},"modified":"2026-03-11T14:14:21","modified_gmt":"2026-03-11T13:14:21","slug":"enzymatyczny-peeling-wygladzajacy-twarz-slavia-cosmetics-50-ml","status":"publish","type":"product","link":"https:\/\/jogapiekna.com\/en\/product\/enzymatyczny-peeling-wygladzajacy-twarz-slavia-cosmetics-50-ml\/","title":{"rendered":"Enzyme facial scrub Slavia Cosmetics \u2022 50 ml"},"content":{"rendered":"<h2>Enzyme scrub for smoothing the face<\/h2>\n<p>Are you tired of the daily makeup that you use to cover up imperfections on your face? Do you want to wake up with a radiant and smooth complexion and use the primer only for walks and special occasions? Do you regularly moisturize your skin, but do not see a satisfactory effect? It&#039;s time to take care of <strong>gentle exfoliation of dead skin<\/strong>. This is the foundation of care that we often forget about.<\/p>\n<p>Enzyme facial scrub deeply cleanses and is non-invasive. Unlike mechanical exfoliation, it gently dissolves dead skin, making it easier to get rid of dead skin. <strong>the skin becomes smooth and radiant<\/strong> and properly prepared to take the nourishing ingredients of the serum and cream.<\/p>\n<p>&nbsp;<\/p>\n<h2>Main Ingredients of Enzyme Smoothing Facial Scrub<\/h2>\n<p>The natural ingredients contained in the peeling are responsible for cleansing and smoothing the skin of the face. They are gentle-they do not cause damage or irritation, but they are turbo-effective. The disadvantages disappear. The skin becomes smooth, soft to the touch and perfect <strong>absorbs nourishing and moisturizing ingredients<\/strong>.<\/p>\n<p><strong>Bioenzyme from the purple willow bark<\/strong> this is your new ally in the fight for a clean skin. Cleanses and helps eliminate imperfections, leaving your complexion looking healthy and radiant \u2014 <strong>no contamination<\/strong>.<\/p>\n<p><strong>Papain and Bromelain<\/strong> it is an absolute duo of enzymes that not only exfoliates dead skin, but also moisturizes the skin, leaving it silky smooth. With it, you can enjoy accordingly <strong>hydrated complexion with even complexion, no blackheads<\/strong>.<\/p>\n<p><strong>Pumpkin Bioenzyme<\/strong> It is another ingredient that gently exfoliates dead skin, smoothing the skin and increasing its hydration. Gives a smooth skin effect <strong>as after professional procedures<\/strong> in a beauty salon.<\/p>\n<p><strong>Radish Bioenzyme<\/strong> it is a kind of protective shield against bacteria and fungi that can cause acne. This makes the complexion not only hydrated, but also resistant to the appearance of new flaws.<\/p>\n<p><strong>Niacinamide-Vitamin B3<\/strong>, regulates the sebaceous glands that produce sebum. <strong>Reduces pore visibility<\/strong>, improves skin texture and evens out its tone. Strengthens resistance to external factors, and also helps in the fight against signs of aging, i.e. fine lines and wrinkles. It also has an anti-inflammatory effect \u2014 <strong>relieves redness<\/strong>.<\/p>\n<p><strong>Bisabolol<\/strong> it has a calming effect on the skin. <strong>Brings relief<\/strong>, intensely moisturizes and effectively relieves irritation. Promotes regeneration of the epidermis.<\/p>\n<p>&nbsp;<\/p>\n<h2>Who is this scrub for?<\/h2>\n<ul>\n<li>For people with oily and combination skin.<\/li>\n<li>For those with sensitive facial skin that requires a non-invasive gentle exfoliation.<\/li>\n<li>If you have problematic, acne-prone skin and are looking for a way to reduce and stop the appearance of new imperfections.<\/li>\n<li>If you notice the first signs of aging.<\/li>\n<li>For people with dry skin.<\/li>\n<li>For those who are looking for an effective solution to even out the tone and smooth the skin.<\/li>\n<li>For the face without gloss.<\/li>\n<\/ul>\n<p>&nbsp;<\/p>\n<h3>Action, that is, what effects you will notice with regular use<\/h3>\n<ul>\n<li>The enzyme exfoliation will deeply hydrate your skin, providing it with essential nutrients. Over time, you will notice that your complexion is getting darker. <strong>more flexible and full of shine<\/strong>. She will look healthier and more cheerful.<\/li>\n<li>You will enjoy smooth skin, <strong>no rough spots<\/strong>. Enzymes work gently but effectively-they reduce fine lines and improve skin texture, and this gives it a young and radiant appearance.<\/li>\n<li>Enzyme peeling effectively removes dead skin cells. Your skin will be <strong>better absorb nutrients<\/strong> cream or serum, which will increase their effectiveness.<\/li>\n<li><strong>It will strengthen the hydrolipidic barrier<\/strong> and it will prevent excessive moisture loss. It will keep the skin in good condition and better protect it from harmful external factors.<\/li>\n<\/ul>\n<p>Hardware studies comparing the effects before and after 4 exfoliation applications showed a maximum smoothing of the skin by 34% and a maximum reduction in sebum secretion by as much as 89%.<\/p>\n<p>&nbsp;<\/p>\n<h3>Why do I trust the brand Salvia Cosmetics?<\/h3>\n<p>I really like that the Salvia Cosmetics brand is backed by people with a passion for nature. These are vegan cosmetics created with full confidence in their quality. <strong>positive effects on the skin and the environment<\/strong>, without animal testing and with respect for the environment.<\/p>\n<p>Salvia Cosmetics products also feature carefully formulated active ingredients that fight the signs of aging and help keep your skin healthy and radiant.<\/p>\n<p>I know that this is a brand that creates its products with people like me. On the one hand, its creators care about our planet, and on the other hand, they want to consciously and ethically use the power that natural ingredients give. I believe that at the moment this is one of the best beauty options on our market, and I am happy to share it with you.<\/p>\n<p>&nbsp;<\/p>\n<h3>Composition of an enzymatic smoothing scrub<\/h3>\n<p><em>Aqua, Coco-Caprylate\/Caprate, Sorbitan Stearate, Mentha Piperita Leaf Water, Glycerin, Carthamus Tinctorius (Safflower) Seed Oil, Glyceryl Stearate, Simmondsia Chinensis (Jojoba) Seed Oil, Lactobacillus\/Pumpkin Fruit Ferment Filtrate, Cetearyl Olivate, Bisabolol, Sorbitan Olivate, Niacinamide, Squalane, Bromelain, Papain, Nigella Sativa Seed Oil, Trigonella Foenum-Graecum Seed Oil, Cucumis Sativus (Cucumber) Seed Oil, Melissa Officinalis Leaf Extract, Hibiscus Sabdariffa Flower Extract, Cynara Scolymus (Artichoke) Leaf Extract, Beta Vulgaris Root Extract, Lactobacillus\/Salix Purpurea Bark Ferment Extract, Leuconostoc\/Radish Root Ferment Filtrate, Tocopherol, Helianthus Annuus (Sunflower) Seed Oil, Glucose, Glucoside, Xylitylglucoside, Anhydroxylitol, Xylitol, Xanthan Gum, Sucrose Cocoate, Citric Acid, Lactic Acid, Sodium Benzoate, Potassium Sorbate, Dehydroacetic Acid, Benzyl Alcohol, Parfum, Citronellol, Alpha-Isomethyl Ionone, Hexyl Cinnamal, Hydroxycitronellal, Limonene, Linalool<\/em><\/p>\n<p>&nbsp;<\/p>\n<h3>How to do a peel? \u2013 installation<\/h3>\n<p>Before making an enzymatic smoothing scrub, take care of proper preparation of the skin.<\/p>\n<ul>\n<li style=\"list-style-type: none;\">\n<ul>\n<li>Start with <strong>gentle cleansing<\/strong> remove makeup and dirt from your face, allowing the enzymes to work more efficiently. To properly prepare the skin for exfoliation, you can use <a href=\"https:\/\/jogapiekna.com\/en\/product\/zel-nawilzajacy-do-mycia-twarzy-150ml\/\">moisturizing gel cleanser with gluconolactone 4% from Slavia Cosmetics<\/a>.<\/li>\n<li>After cleansing, gently wipe the skin with a towel, applying it to your face.<\/li>\n<li>Then apply a small amount of the scrub to the skin, avoiding the area around the eyes and mouth. Spread the product evenly, lightly massaging the face so that the active enzymes can evenly affect the epidermis.<\/li>\n<li>Leave the scrub on your skin for a few minutes. <strong>3 to 15 minutes<\/strong>. For an even better effect, you can apply it before taking a shower.<\/li>\n<li>After the specified time has elapsed, thoroughly rinse the scrub with warm water and gently pat the skin dry again.<\/li>\n<li>In <strong>closing care<\/strong> you should also use a tonic to restore the correct pH of the skin, as well as apply a serum and cream that matches your skin type.<\/li>\n<li>For better effects <strong>use the scrub once or twice a week<\/strong>.<\/li>\n<\/ul>\n<\/li>\n<\/ul>\n<p>Regular use of an enzyme scrub combined with proper moisturizing care will significantly improve the texture of your skin, making it smoother, more radiant and refreshing.<\/p>","protected":false},"excerpt":{"rendered":"<p>Looking for a scrub that won&#039;t be too aggressive for your skin? Try <strong>enzymatic smoothing scrub<\/strong>. Natural enzymes dissolve dead skin cells without irritating the skin. The scrub cleanses, smoothes and nourishes, as well as combats imperfections \u2014 reduces discoloration and fine lines.<\/p>\n<ul>\n<li>Gently exfoliates dead skin without irritation<\/li>\n<li>Smoothes and restores natural radiance<\/li>\n<li>Fragrance: delicate, pink<\/li>\n<li>Capacity: 50ml<\/li>\n<li>Using: once a week<\/li>\n<\/ul>","protected":false},"featured_media":173696,"comment_status":"closed","ping_status":"closed","template":"","meta":{"_acf_changed":false,"site-sidebar-layout":"default","site-content-layout":"","ast-site-content-layout":"default","site-content-style":"default","site-sidebar-style":"default","ast-global-header-display":"","ast-banner-title-visibility":"","ast-main-header-display":"","ast-hfb-above-header-display":"","ast-hfb-below-header-display":"","ast-hfb-mobile-header-display":"","site-post-title":"","ast-breadcrumbs-content":"","ast-featured-img":"","footer-sml-layout":"","ast-disable-related-posts":"","theme-transparent-header-meta":"default","adv-header-id-meta":"","stick-header-meta":"","header-above-stick-meta":"","header-main-stick-meta":"","header-below-stick-meta":"","astra-migrate-meta-layouts":"set","ast-page-background-enabled":"default","ast-page-background-meta":{"desktop":{"background-color":"var(--ast-global-color-5)","background-image":"","background-repeat":"repeat","background-position":"center center","background-size":"auto","background-attachment":"scroll","background-type":"","background-media":"","overlay-type":"","overlay-color":"","overlay-opacity":"","overlay-gradient":""},"tablet":{"background-color":"","background-image":"","background-repeat":"repeat","background-position":"center center","background-size":"auto","background-attachment":"scroll","background-type":"","background-media":"","overlay-type":"","overlay-color":"","overlay-opacity":"","overlay-gradient":""},"mobile":{"background-color":"","background-image":"","background-repeat":"repeat","background-position":"center center","background-size":"auto","background-attachment":"scroll","background-type":"","background-media":"","overlay-type":"","overlay-color":"","overlay-opacity":"","overlay-gradient":""}},"ast-content-background-meta":{"desktop":{"background-color":"var(--ast-global-color-4)","background-image":"","background-repeat":"repeat","background-position":"center center","background-size":"auto","background-attachment":"scroll","background-type":"","background-media":"","overlay-type":"","overlay-color":"","overlay-opacity":"","overlay-gradient":""},"tablet":{"background-color":"var(--ast-global-color-4)","background-image":"","background-repeat":"repeat","background-position":"center center","background-size":"auto","background-attachment":"scroll","background-type":"","background-media":"","overlay-type":"","overlay-color":"","overlay-opacity":"","overlay-gradient":""},"mobile":{"background-color":"var(--ast-global-color-4)","background-image":"","background-repeat":"repeat","background-position":"center center","background-size":"auto","background-attachment":"scroll","background-type":"","background-media":"","overlay-type":"","overlay-color":"","overlay-opacity":"","overlay-gradient":""}}},"product_brand":[],"product_cat":[331],"product_tag":[],"class_list":{"0":"post-158303","1":"product","2":"type-product","3":"status-publish","4":"has-post-thumbnail","6":"product_cat-kosmetyki","7":"desktop-align-left","8":"tablet-align-left","9":"mobile-align-left","11":"first","12":"instock","13":"taxable","14":"shipping-taxable","15":"purchasable","16":"product-type-simple"},"acf":[],"yoast_head":"<!-- This site is optimized with the Yoast SEO plugin v27.2 - https:\/\/yoast.com\/product\/yoast-seo-wordpress\/ -->\n<title>Enzymatyczny Peeling Wyg\u0142adzaj\u0105cy Twarz Slavia Cosmetics \u2022 50 ml<\/title>\n<meta name=\"robots\" content=\"index, follow, max-snippet:-1, max-image-preview:large, max-video-preview:-1\" \/>\n<link rel=\"canonical\" href=\"https:\/\/jogapiekna.com\/en\/product\/enzymatyczny-peeling-wygladzajacy-twarz-slavia-cosmetics-50-ml\/\" \/>\n<meta property=\"og:locale\" content=\"en_GB\" \/>\n<meta property=\"og:type\" content=\"article\" \/>\n<meta property=\"og:title\" content=\"Enzymatyczny Peeling Wyg\u0142adzaj\u0105cy Twarz Slavia Cosmetics \u2022 50 ml\" \/>\n<meta property=\"og:description\" content=\"Szukasz peelingu, kt\u00f3ry nie b\u0119dzie zbyt agresywny dla Twojej sk\u00f3ry? Wypr\u00f3buj enzymatyczny peeling wyg\u0142adzaj\u0105cy. Naturalne enzymy rozpuszczaj\u0105 martwe kom\u00f3rki nask\u00f3rka, nie podra\u017cniaj\u0105c sk\u00f3ry. Peeling oczyszcza, wyg\u0142adza i piel\u0119gnuje, a dodatkowo walczy z niedoskona\u0142o\u015bciami \u2014 redukuje przebarwienia i drobne linie.   Delikatnie z\u0142uszcza martwy nask\u00f3rek bez podra\u017cnie\u0144  Wyg\u0142adza i przywraca naturalny blask  Zapach: delikatny, r\u00f3\u017cany  Pojemno\u015b\u0107: 50 ml  Stosowanie: raz w tygodniu\" \/>\n<meta property=\"og:url\" content=\"https:\/\/jogapiekna.com\/en\/product\/enzymatyczny-peeling-wygladzajacy-twarz-slavia-cosmetics-50-ml\/\" \/>\n<meta property=\"og:site_name\" content=\"JOGA PI\u0118KNA | Joga Twarzy\" \/>\n<meta property=\"article:publisher\" content=\"https:\/\/www.facebook.com\/JogaPieknaCom\/\" \/>\n<meta property=\"article:modified_time\" content=\"2026-03-11T13:14:21+00:00\" \/>\n<meta property=\"og:image\" content=\"https:\/\/jogapiekna.com\/wp-content\/uploads\/2024\/02\/Enzymatyczny-peeling-do-twarzy-slavia_nowe-opakowanie.jpg\" \/>\n\t<meta property=\"og:image:width\" content=\"1000\" \/>\n\t<meta property=\"og:image:height\" content=\"1000\" \/>\n\t<meta property=\"og:image:type\" content=\"image\/jpeg\" \/>\n<meta name=\"twitter:card\" content=\"summary_large_image\" \/>\n<meta name=\"twitter:label1\" content=\"Estimated reading time\" \/>\n\t<meta name=\"twitter:data1\" content=\"6 minutes\" \/>\n<script type=\"application\/ld+json\" class=\"yoast-schema-graph\">{\"@context\":\"https:\/\/schema.org\",\"@graph\":[{\"@type\":\"WebPage\",\"@id\":\"https:\/\/jogapiekna.com\/produkt\/enzymatyczny-peeling-wygladzajacy-twarz-slavia-cosmetics-50-ml\/\",\"url\":\"https:\/\/jogapiekna.com\/produkt\/enzymatyczny-peeling-wygladzajacy-twarz-slavia-cosmetics-50-ml\/\",\"name\":\"Enzymatyczny Peeling Wyg\u0142adzaj\u0105cy Twarz Slavia Cosmetics \u2022 50 ml\",\"isPartOf\":{\"@id\":\"https:\/\/jogapiekna.com\/#website\"},\"primaryImageOfPage\":{\"@id\":\"https:\/\/jogapiekna.com\/produkt\/enzymatyczny-peeling-wygladzajacy-twarz-slavia-cosmetics-50-ml\/#primaryimage\"},\"image\":{\"@id\":\"https:\/\/jogapiekna.com\/produkt\/enzymatyczny-peeling-wygladzajacy-twarz-slavia-cosmetics-50-ml\/#primaryimage\"},\"thumbnailUrl\":\"https:\/\/jogapiekna.com\/wp-content\/uploads\/2024\/02\/Enzymatyczny-peeling-do-twarzy-slavia_nowe-opakowanie.jpg\",\"datePublished\":\"2024-02-23T08:12:38+00:00\",\"dateModified\":\"2026-03-11T13:14:21+00:00\",\"breadcrumb\":{\"@id\":\"https:\/\/jogapiekna.com\/produkt\/enzymatyczny-peeling-wygladzajacy-twarz-slavia-cosmetics-50-ml\/#breadcrumb\"},\"inLanguage\":\"en-GB\",\"potentialAction\":[{\"@type\":\"ReadAction\",\"target\":[\"https:\/\/jogapiekna.com\/produkt\/enzymatyczny-peeling-wygladzajacy-twarz-slavia-cosmetics-50-ml\/\"]}]},{\"@type\":\"ImageObject\",\"inLanguage\":\"en-GB\",\"@id\":\"https:\/\/jogapiekna.com\/produkt\/enzymatyczny-peeling-wygladzajacy-twarz-slavia-cosmetics-50-ml\/#primaryimage\",\"url\":\"https:\/\/jogapiekna.com\/wp-content\/uploads\/2024\/02\/Enzymatyczny-peeling-do-twarzy-slavia_nowe-opakowanie.jpg\",\"contentUrl\":\"https:\/\/jogapiekna.com\/wp-content\/uploads\/2024\/02\/Enzymatyczny-peeling-do-twarzy-slavia_nowe-opakowanie.jpg\",\"width\":1000,\"height\":1000,\"caption\":\"Enzymatyczny Peeling Wyg\u0142adzaj\u0105cy Twarz Slavia Cosmetics \u2022 50 ml\"},{\"@type\":\"BreadcrumbList\",\"@id\":\"https:\/\/jogapiekna.com\/produkt\/enzymatyczny-peeling-wygladzajacy-twarz-slavia-cosmetics-50-ml\/#breadcrumb\",\"itemListElement\":[{\"@type\":\"ListItem\",\"position\":1,\"name\":\"Strona g\u0142\u00f3wna\",\"item\":\"https:\/\/jogapiekna.com\/\"},{\"@type\":\"ListItem\",\"position\":2,\"name\":\"Sklep\",\"item\":\"https:\/\/jogapiekna.com\/sklep\/\"},{\"@type\":\"ListItem\",\"position\":3,\"name\":\"Enzymatyczny Peeling Wyg\u0142adzaj\u0105cy Twarz Slavia Cosmetics \u2022 50 ml\"}]},{\"@type\":\"WebSite\",\"@id\":\"https:\/\/jogapiekna.com\/#website\",\"url\":\"https:\/\/jogapiekna.com\/\",\"name\":\"Joga Pi\u0119kna Marta Kuci\u0144ska\",\"description\":\"Joga Pi\u0119kna pomaga kobietom zachowa\u0107 urod\u0119, cofn\u0105\u0107 oznaki up\u0142ywaj\u0105cego czasu i zm\u0119czenia, odzyska\u0107 promienny wygl\u0105d, naturalny u\u015bmiech i popraw\u0119 w\u0142asnej samooceny.\",\"publisher\":{\"@id\":\"https:\/\/jogapiekna.com\/#organization\"},\"potentialAction\":[{\"@type\":\"SearchAction\",\"target\":{\"@type\":\"EntryPoint\",\"urlTemplate\":\"https:\/\/jogapiekna.com\/?s={search_term_string}\"},\"query-input\":{\"@type\":\"PropertyValueSpecification\",\"valueRequired\":true,\"valueName\":\"search_term_string\"}}],\"inLanguage\":\"en-GB\"},{\"@type\":\"Organization\",\"@id\":\"https:\/\/jogapiekna.com\/#organization\",\"name\":\"Joga Pi\u0119kna Marta Kuci\u0144ska\",\"url\":\"https:\/\/jogapiekna.com\/\",\"logo\":{\"@type\":\"ImageObject\",\"inLanguage\":\"en-GB\",\"@id\":\"https:\/\/jogapiekna.com\/#\/schema\/logo\/image\/\",\"url\":\"https:\/\/jogapiekna.com\/wp-content\/uploads\/2022\/09\/joga-piekna-logo_Rka.png\",\"contentUrl\":\"https:\/\/jogapiekna.com\/wp-content\/uploads\/2022\/09\/joga-piekna-logo_Rka.png\",\"width\":231,\"height\":124,\"caption\":\"Joga Pi\u0119kna Marta Kuci\u0144ska\"},\"image\":{\"@id\":\"https:\/\/jogapiekna.com\/#\/schema\/logo\/image\/\"},\"sameAs\":[\"https:\/\/www.facebook.com\/JogaPieknaCom\/\",\"https:\/\/www.instagram.com\/jogapieknacom\/\"]}]}<\/script>\n<!-- \/ Yoast SEO plugin. -->","yoast_head_json":{"title":"Enzyme facial scrub Slavia Cosmetics \u2022 50 ml","robots":{"index":"index","follow":"follow","max-snippet":"max-snippet:-1","max-image-preview":"max-image-preview:large","max-video-preview":"max-video-preview:-1"},"canonical":"https:\/\/jogapiekna.com\/en\/product\/enzymatyczny-peeling-wygladzajacy-twarz-slavia-cosmetics-50-ml\/","og_locale":"en_GB","og_type":"article","og_title":"Enzymatyczny Peeling Wyg\u0142adzaj\u0105cy Twarz Slavia Cosmetics \u2022 50 ml","og_description":"Szukasz peelingu, kt\u00f3ry nie b\u0119dzie zbyt agresywny dla Twojej sk\u00f3ry? Wypr\u00f3buj enzymatyczny peeling wyg\u0142adzaj\u0105cy. Naturalne enzymy rozpuszczaj\u0105 martwe kom\u00f3rki nask\u00f3rka, nie podra\u017cniaj\u0105c sk\u00f3ry. Peeling oczyszcza, wyg\u0142adza i piel\u0119gnuje, a dodatkowo walczy z niedoskona\u0142o\u015bciami \u2014 redukuje przebarwienia i drobne linie.   Delikatnie z\u0142uszcza martwy nask\u00f3rek bez podra\u017cnie\u0144  Wyg\u0142adza i przywraca naturalny blask  Zapach: delikatny, r\u00f3\u017cany  Pojemno\u015b\u0107: 50 ml  Stosowanie: raz w tygodniu","og_url":"https:\/\/jogapiekna.com\/en\/product\/enzymatyczny-peeling-wygladzajacy-twarz-slavia-cosmetics-50-ml\/","og_site_name":"JOGA PI\u0118KNA | Joga Twarzy","article_publisher":"https:\/\/www.facebook.com\/JogaPieknaCom\/","article_modified_time":"2026-03-11T13:14:21+00:00","og_image":[{"width":1000,"height":1000,"url":"https:\/\/jogapiekna.com\/wp-content\/uploads\/2024\/02\/Enzymatyczny-peeling-do-twarzy-slavia_nowe-opakowanie.jpg","type":"image\/jpeg"}],"twitter_card":"summary_large_image","twitter_misc":{"Estimated reading time":"6 minutes"},"schema":{"@context":"https:\/\/schema.org","@graph":[{"@type":"WebPage","@id":"https:\/\/jogapiekna.com\/produkt\/enzymatyczny-peeling-wygladzajacy-twarz-slavia-cosmetics-50-ml\/","url":"https:\/\/jogapiekna.com\/produkt\/enzymatyczny-peeling-wygladzajacy-twarz-slavia-cosmetics-50-ml\/","name":"Enzyme facial scrub Slavia Cosmetics \u2022 50 ml","isPartOf":{"@id":"https:\/\/jogapiekna.com\/#website"},"primaryImageOfPage":{"@id":"https:\/\/jogapiekna.com\/produkt\/enzymatyczny-peeling-wygladzajacy-twarz-slavia-cosmetics-50-ml\/#primaryimage"},"image":{"@id":"https:\/\/jogapiekna.com\/produkt\/enzymatyczny-peeling-wygladzajacy-twarz-slavia-cosmetics-50-ml\/#primaryimage"},"thumbnailUrl":"https:\/\/jogapiekna.com\/wp-content\/uploads\/2024\/02\/Enzymatyczny-peeling-do-twarzy-slavia_nowe-opakowanie.jpg","datePublished":"2024-02-23T08:12:38+00:00","dateModified":"2026-03-11T13:14:21+00:00","breadcrumb":{"@id":"https:\/\/jogapiekna.com\/produkt\/enzymatyczny-peeling-wygladzajacy-twarz-slavia-cosmetics-50-ml\/#breadcrumb"},"inLanguage":"en-GB","potentialAction":[{"@type":"ReadAction","target":["https:\/\/jogapiekna.com\/produkt\/enzymatyczny-peeling-wygladzajacy-twarz-slavia-cosmetics-50-ml\/"]}]},{"@type":"ImageObject","inLanguage":"en-GB","@id":"https:\/\/jogapiekna.com\/produkt\/enzymatyczny-peeling-wygladzajacy-twarz-slavia-cosmetics-50-ml\/#primaryimage","url":"https:\/\/jogapiekna.com\/wp-content\/uploads\/2024\/02\/Enzymatyczny-peeling-do-twarzy-slavia_nowe-opakowanie.jpg","contentUrl":"https:\/\/jogapiekna.com\/wp-content\/uploads\/2024\/02\/Enzymatyczny-peeling-do-twarzy-slavia_nowe-opakowanie.jpg","width":1000,"height":1000,"caption":"Enzymatyczny Peeling Wyg\u0142adzaj\u0105cy Twarz Slavia Cosmetics \u2022 50 ml"},{"@type":"BreadcrumbList","@id":"https:\/\/jogapiekna.com\/produkt\/enzymatyczny-peeling-wygladzajacy-twarz-slavia-cosmetics-50-ml\/#breadcrumb","itemListElement":[{"@type":"ListItem","position":1,"name":"Strona g\u0142\u00f3wna","item":"https:\/\/jogapiekna.com\/"},{"@type":"ListItem","position":2,"name":"Sklep","item":"https:\/\/jogapiekna.com\/sklep\/"},{"@type":"ListItem","position":3,"name":"Enzymatyczny Peeling Wyg\u0142adzaj\u0105cy Twarz Slavia Cosmetics \u2022 50 ml"}]},{"@type":"WebSite","@id":"https:\/\/jogapiekna.com\/#website","url":"https:\/\/jogapiekna.com\/","name":"Yoga Beauty Marta Kuci\u0144ska","description":"Beauty Yoga helps women to maintain their beauty, reverse the signs of passing time and fatigue, regain a radiant appearance, natural smile and improve their self-esteem.","publisher":{"@id":"https:\/\/jogapiekna.com\/#organization"},"potentialAction":[{"@type":"SearchAction","target":{"@type":"EntryPoint","urlTemplate":"https:\/\/jogapiekna.com\/?s={search_term_string}"},"query-input":{"@type":"PropertyValueSpecification","valueRequired":true,"valueName":"search_term_string"}}],"inLanguage":"en-GB"},{"@type":"Organization","@id":"https:\/\/jogapiekna.com\/#organization","name":"Yoga Beauty Marta Kuci\u0144ska","url":"https:\/\/jogapiekna.com\/","logo":{"@type":"ImageObject","inLanguage":"en-GB","@id":"https:\/\/jogapiekna.com\/#\/schema\/logo\/image\/","url":"https:\/\/jogapiekna.com\/wp-content\/uploads\/2022\/09\/joga-piekna-logo_Rka.png","contentUrl":"https:\/\/jogapiekna.com\/wp-content\/uploads\/2022\/09\/joga-piekna-logo_Rka.png","width":231,"height":124,"caption":"Joga Pi\u0119kna Marta Kuci\u0144ska"},"image":{"@id":"https:\/\/jogapiekna.com\/#\/schema\/logo\/image\/"},"sameAs":["https:\/\/www.facebook.com\/JogaPieknaCom\/","https:\/\/www.instagram.com\/jogapieknacom\/"]}]}},"_links":{"self":[{"href":"https:\/\/jogapiekna.com\/en\/wp-json\/wp\/v2\/product\/158303","targetHints":{"allow":["GET"]}}],"collection":[{"href":"https:\/\/jogapiekna.com\/en\/wp-json\/wp\/v2\/product"}],"about":[{"href":"https:\/\/jogapiekna.com\/en\/wp-json\/wp\/v2\/types\/product"}],"replies":[{"embeddable":true,"href":"https:\/\/jogapiekna.com\/en\/wp-json\/wp\/v2\/comments?post=158303"}],"version-history":[{"count":3,"href":"https:\/\/jogapiekna.com\/en\/wp-json\/wp\/v2\/product\/158303\/revisions"}],"predecessor-version":[{"id":216587,"href":"https:\/\/jogapiekna.com\/en\/wp-json\/wp\/v2\/product\/158303\/revisions\/216587"}],"wp:featuredmedia":[{"embeddable":true,"href":"https:\/\/jogapiekna.com\/en\/wp-json\/wp\/v2\/media\/173696"}],"wp:attachment":[{"href":"https:\/\/jogapiekna.com\/en\/wp-json\/wp\/v2\/media?parent=158303"}],"wp:term":[{"taxonomy":"product_brand","embeddable":true,"href":"https:\/\/jogapiekna.com\/en\/wp-json\/wp\/v2\/product_brand?post=158303"},{"taxonomy":"product_cat","embeddable":true,"href":"https:\/\/jogapiekna.com\/en\/wp-json\/wp\/v2\/product_cat?post=158303"},{"taxonomy":"product_tag","embeddable":true,"href":"https:\/\/jogapiekna.com\/en\/wp-json\/wp\/v2\/product_tag?post=158303"}],"curies":[{"name":"wp","href":"https:\/\/api.w.org\/{rel}","templated":true}]}}