{"id":159191,"date":"2024-02-29T09:55:28","date_gmt":"2024-02-29T08:55:28","guid":{"rendered":"https:\/\/jogapiekna.com\/?post_type=product&#038;p=159191"},"modified":"2026-03-11T14:20:20","modified_gmt":"2026-03-11T13:20:20","slug":"oczyszczajacy-olejek-do-demakijazu-100ml","status":"publish","type":"product","link":"https:\/\/jogapiekna.com\/en\/product\/oczyszczajacy-olejek-do-demakijazu-100ml\/","title":{"rendered":"Cleansing Hydrophilic Oil for Face and Eye Makeup Removal - Slavia Cosmetics - 100 ml."},"content":{"rendered":"<p>&nbsp;<\/p>\n<h2>Hydrophilic Cleansing Oil for face and eye makeup Removal<\/h2>\n<p>Looking for a makeup remover oil that will be effective yet gentle on sensitive skin? Do the oils you know leave a greasy, hard-to-wash film on your skin? You like strong makeup, but it&#039;s just as important to you <strong>lasting cleaning<\/strong>, preferably already at the first stage of care? Check out how it works <strong>natural hydropholic oil for makeup removal<\/strong> od Slavia Cosmetics.<\/p>\n<p>Cleansing hydrophilic oil for removing face and eye makeup effectively removes makeup while simultaneously caring for the skin. <strong>Hydrophilic formula<\/strong> just add a little water to turn the butter into butter, <strong>lightweight, easy-to-wash emulsion<\/strong>. There is no greasy film, a feeling of skin tightening and irritation.<\/p>\n<p>&nbsp;<\/p>\n<h2>Key Ingredients of Hydrophilic Cleansing Oil for Face and Eye Makeup Removal<\/h2>\n<p>A sophisticated combination of valuable oils and an abundance of natural active ingredients ensures deep cleansing and strong hydration, leaving the skin soft to the touch and resistant to premature aging.<\/p>\n<p><strong>Sunflower Seed Oil<\/strong> It is a treasure trove of vitamins and antioxidants that deeply moisturize the skin, protecting it from the harmful effects of free radicals. It makes the skin of the face more soft and supple.<\/p>\n<p><strong>Jojoba Oil<\/strong> it is extremely close to the natural oils produced by the skin, which makes it excellent <strong>regulates the level of hydration and soothes <\/strong>any irritation. Thanks to it, your skin will be perfectly balanced and nourished.<\/p>\n<p><strong>Argan Oil<\/strong>Often referred to as liquid gold, it is rich in vitamin E and fatty acids that nourish the skin and promote its recovery. Leads to the fact that <strong>wrinkles become less noticeable<\/strong>and the skin becomes elastic.<\/p>\n<p><strong>Aloe Extract<\/strong> it has a calming effect-it brings relief to sensitive, irritated, reddened skin. Provides extra hydration.<\/p>\n<p><strong>Prickly Pear Extract<\/strong> it has an antioxidant and revitalizing effect, restoring the radiance and vitality of the skin. It is rich in vitamins, minerals and fatty acids. Suitable for people with sensitive skin.<\/p>\n<p><strong>Vitamin E<\/strong> it is a powerful antioxidant. Protects the skin from the negative effects of external factors, while supporting recovery processes. Helps fight the signs of aging, so <strong>your skin looks younger and more radiant<\/strong>. In addition, it improves its elasticity, providing firmness and a healthy appearance.<\/p>\n<p>&nbsp;<\/p>\n<h2>Who is this makeup remover oil for?<\/h2>\n<ul>\n<li>Suitable for all skin types, including sensitive and acne-prone skin.<\/li>\n<li>For people with dry and dehydrated skin who need deep hydration and nutrition.<\/li>\n<li>For those who want to fight the first signs of aging of the skin of the face.<\/li>\n<li>For those who are looking for a product for daily makeup removal, which is not only <strong>cleanses, but also cares for<\/strong> skin, preventing it from drying out.<br \/>\nIf you are looking for an easy-to-use product for removing makeup and the first stage of cleansing, which<strong> easily washed off<\/strong>, does not leave a greasy film on the skin and a tight feeling.<\/li>\n<\/ul>\n<p>&nbsp;<\/p>\n<h2>What effects will you notice with regular use?<\/h2>\n<ul>\n<li>Effectively, you can easily remove even waterproof makeup and products with SPF.<\/li>\n<li>Your skin will be intense <strong>hydrated, smooth and velvety<\/strong> by touch.<\/li>\n<li>You will feel the effect of softening, smoothing, refreshing and soothing the skin.<\/li>\n<li>The oil does not irritate and <strong>doesn&#039;t cover his eyes<\/strong>so without worrying, you can also wash off your eye shadow and waterproof mascara.<\/li>\n<li>No tightening effect and no load on the skin.<\/li>\n<li>After use, the oil does not leave an unpleasant greasy layer.<\/li>\n<li>The product is emulsified with water, so you can easily wash off its remnants and dissolved makeup from your face.<\/li>\n<\/ul>\n<p>&nbsp;<\/p>\n<h3>Why do I trust the brand Salvia Cosmetics?<\/h3>\n<p>I really like that the Salvia Cosmetics brand is backed by people with a passion for nature. These are vegan cosmetics created with full confidence in their quality. <strong>positive effects on the skin and the environment<\/strong>, without animal testing and with respect for the environment.<\/p>\n<p>Salvia Cosmetics products also feature carefully formulated active ingredients that fight the signs of aging and help keep your skin healthy and radiant.<\/p>\n<p>I know that this is a brand that creates its products with people like me. On the one hand, its creators care about our planet, and on the other hand, they want to consciously and ethically use the power that natural ingredients give. I believe that at the moment this is one of the best beauty options on our market, and I am happy to share it with you.<\/p>\n<p>&nbsp;<\/p>\n<h3>Composition of hydrophilic cleansing oil for removing face and eye makeup<\/h3>\n<p><em>Helianthus Annuus Seed Oil, Polyglyceryl-4 Oleate, Coco-Caprylate\/Caprate, Simmondsia Chinensis Seed Oil, Avena Sativa Kernel Oil, Adansonia Digitata Seed Oil, Argania Spinosa Kernel Oil, Carthamus Tinctorius Seed Oil, Cucumis Sativus Seed Oil, Nigella Sativa Seed Oil, Vaccinium Macrocarpon Seed Oil, Aloe Barbadensis Leaf Extract, Crocus Sativus Flower Extract, Opuntia Ficus-Indica Fruit Extract, Tocopherol, Caprylic\/Capric Triglyceride, Parfum, Geraniol<\/em><\/p>\n<p>&nbsp;<\/p>\n<h3>How to use hydrophilic oil to remove makeup? \u2013 installation<\/h3>\n<ol>\n<li>Apply a small amount of oil to dry skin.<\/li>\n<li>Gently massage your face in a circular motion to remove makeup and dirt. Without worrying about irritation, dissolve eye shadow, mascara and lipstick on your lips in the same way.<\/li>\n<li>Moisten your face with water so that the oil turns into a gentle emulsion, which will make it easier to wash off the product.<\/li>\n<li>Wash your face with warm water, then gently wipe the skin with a towel.<\/li>\n<li>After removing your makeup with oil, use <a href=\"https:\/\/jogapiekna.com\/en\/product\/zel-nawilzajacy-do-mycia-twarzy-150ml\/\">moisturizing gel cleanser with gluconolactone 4% from Slavia Cosmetics<\/a>for deep cleansing of the skin.<\/li>\n<li>Apply a tonic to balance the skin&#039;s pH, and then apply your favorite serum and moisturizer for maximum care.<\/li>\n<li><strong>Use the oil daily, in the evening<\/strong> and whenever you want to thoroughly clean your face - get rid of makeup or products with SPF.<\/li>\n<\/ol>\n<p>After cleansing your face, you should apply <strong>gentle massage<\/strong>which stimulates microcirculation and enhances the effect of subsequent cosmetics, such as serums or creams. Look <a href=\"https:\/\/www.youtube.com\/watch?v=g5bKiy08uW8\">video with instructions for facial massage<\/a>. See how quickly you can incorporate these techniques into your daily care routine.<\/p>","protected":false},"excerpt":{"rendered":"<p>Do you want to effectively wash off your makeup at the first stage of care? Check <strong>complex action of hydropholic cleansing oil for makeup removal<\/strong> face and eyes. It does a great job with water-resistant makeup and removes SPF. In addition, it nourishes and moisturizes the skin of the face. <strong>Emulsifies with water<\/strong> - easily washed off without leaving a greasy film on the skin.<\/p>\n<ul>\n<li>Effectively removes even water-resistant face and eye makeup<\/li>\n<li>Cleanses, reduces sebum production and prevents imperfections<\/li>\n<li>Aroma: fresh green tea with ginger<\/li>\n<li>Capacity: 100ml<\/li>\n<li>Using: as the first stage of cleansing in the evening<\/li>\n<\/ul>","protected":false},"featured_media":159192,"comment_status":"closed","ping_status":"closed","template":"","meta":{"_acf_changed":false,"site-sidebar-layout":"default","site-content-layout":"","ast-site-content-layout":"default","site-content-style":"default","site-sidebar-style":"default","ast-global-header-display":"","ast-banner-title-visibility":"","ast-main-header-display":"","ast-hfb-above-header-display":"","ast-hfb-below-header-display":"","ast-hfb-mobile-header-display":"","site-post-title":"","ast-breadcrumbs-content":"","ast-featured-img":"","footer-sml-layout":"","ast-disable-related-posts":"","theme-transparent-header-meta":"default","adv-header-id-meta":"","stick-header-meta":"","header-above-stick-meta":"","header-main-stick-meta":"","header-below-stick-meta":"","astra-migrate-meta-layouts":"set","ast-page-background-enabled":"default","ast-page-background-meta":{"desktop":{"background-color":"var(--ast-global-color-5)","background-image":"","background-repeat":"repeat","background-position":"center center","background-size":"auto","background-attachment":"scroll","background-type":"","background-media":"","overlay-type":"","overlay-color":"","overlay-opacity":"","overlay-gradient":""},"tablet":{"background-color":"","background-image":"","background-repeat":"repeat","background-position":"center center","background-size":"auto","background-attachment":"scroll","background-type":"","background-media":"","overlay-type":"","overlay-color":"","overlay-opacity":"","overlay-gradient":""},"mobile":{"background-color":"","background-image":"","background-repeat":"repeat","background-position":"center center","background-size":"auto","background-attachment":"scroll","background-type":"","background-media":"","overlay-type":"","overlay-color":"","overlay-opacity":"","overlay-gradient":""}},"ast-content-background-meta":{"desktop":{"background-color":"var(--ast-global-color-4)","background-image":"","background-repeat":"repeat","background-position":"center center","background-size":"auto","background-attachment":"scroll","background-type":"","background-media":"","overlay-type":"","overlay-color":"","overlay-opacity":"","overlay-gradient":""},"tablet":{"background-color":"var(--ast-global-color-4)","background-image":"","background-repeat":"repeat","background-position":"center center","background-size":"auto","background-attachment":"scroll","background-type":"","background-media":"","overlay-type":"","overlay-color":"","overlay-opacity":"","overlay-gradient":""},"mobile":{"background-color":"var(--ast-global-color-4)","background-image":"","background-repeat":"repeat","background-position":"center center","background-size":"auto","background-attachment":"scroll","background-type":"","background-media":"","overlay-type":"","overlay-color":"","overlay-opacity":"","overlay-gradient":""}}},"product_brand":[],"product_cat":[331],"product_tag":[],"class_list":{"0":"post-159191","1":"product","2":"type-product","3":"status-publish","4":"has-post-thumbnail","6":"product_cat-kosmetyki","7":"desktop-align-left","8":"tablet-align-left","9":"mobile-align-left","11":"first","12":"instock","13":"taxable","14":"shipping-taxable","15":"purchasable","16":"product-type-simple"},"acf":[],"yoast_head":"<!-- This site is optimized with the Yoast SEO plugin v27.2 - https:\/\/yoast.com\/product\/yoast-seo-wordpress\/ -->\n<title>Oczyszczaj\u0105cy Olejek Hydrofilowy do Demakija\u017cu Twarzy i Oczu Slavia Cosmetics \u2022 100 ml<\/title>\n<meta name=\"robots\" content=\"index, follow, max-snippet:-1, max-image-preview:large, max-video-preview:-1\" \/>\n<link rel=\"canonical\" href=\"https:\/\/jogapiekna.com\/en\/product\/oczyszczajacy-olejek-do-demakijazu-100ml\/\" \/>\n<meta property=\"og:locale\" content=\"en_GB\" \/>\n<meta property=\"og:type\" content=\"article\" \/>\n<meta property=\"og:title\" content=\"Oczyszczaj\u0105cy Olejek Hydrofilowy do Demakija\u017cu Twarzy i Oczu Slavia Cosmetics \u2022 100 ml\" \/>\n<meta property=\"og:description\" content=\"Chcesz skutecznie zmy\u0107 makija\u017c ju\u017c na pierwszym etapie piel\u0119gnacji? Sprawd\u017a kompleksowe dzia\u0142anie oczyszczaj\u0105cego olejku hydrofoliowego do demakija\u017cu twarzy i oczu. \u015awietnie radzi sobie z wodoodpornym makija\u017cem i usuwa SPF. Dodatkowo piel\u0119gnuje i nawil\u017ca sk\u00f3r\u0119 twarzy. Emulguje z wod\u0105 \u2013 \u0142atwo si\u0119 sp\u0142ukuje, nie pozostawiaj\u0105c t\u0142ustego filmu na sk\u00f3rze.   Skutecznie usuwa nawet wodoodporny makija\u017c twarzy i oczu  Oczyszcza, redukuje produkcj\u0119 sebum i zapobiega niedoskona\u0142o\u015bciom  Zapach: \u015bwie\u017cy, zielona herbata z imbirem  Pojemno\u015b\u0107: 100 ml  Stosowanie: jako pierwszy etap oczyszczania wieczorem\" \/>\n<meta property=\"og:url\" content=\"https:\/\/jogapiekna.com\/en\/product\/oczyszczajacy-olejek-do-demakijazu-100ml\/\" \/>\n<meta property=\"og:site_name\" content=\"JOGA PI\u0118KNA | Joga Twarzy\" \/>\n<meta property=\"article:publisher\" content=\"https:\/\/www.facebook.com\/JogaPieknaCom\/\" \/>\n<meta property=\"article:modified_time\" content=\"2026-03-11T13:20:20+00:00\" \/>\n<meta property=\"og:image\" content=\"https:\/\/jogapiekna.com\/wp-content\/uploads\/2024\/02\/hydrofilowy-olejek-do-demakijazu-slavia.jpg\" \/>\n\t<meta property=\"og:image:width\" content=\"1000\" \/>\n\t<meta property=\"og:image:height\" content=\"1000\" \/>\n\t<meta property=\"og:image:type\" content=\"image\/jpeg\" \/>\n<meta name=\"twitter:card\" content=\"summary_large_image\" \/>\n<meta name=\"twitter:label1\" content=\"Estimated reading time\" \/>\n\t<meta name=\"twitter:data1\" content=\"6 minutes\" \/>\n<script type=\"application\/ld+json\" class=\"yoast-schema-graph\">{\"@context\":\"https:\/\/schema.org\",\"@graph\":[{\"@type\":\"WebPage\",\"@id\":\"https:\/\/jogapiekna.com\/produkt\/oczyszczajacy-olejek-do-demakijazu-100ml\/\",\"url\":\"https:\/\/jogapiekna.com\/produkt\/oczyszczajacy-olejek-do-demakijazu-100ml\/\",\"name\":\"Oczyszczaj\u0105cy Olejek Hydrofilowy do Demakija\u017cu Twarzy i Oczu Slavia Cosmetics \u2022 100 ml\",\"isPartOf\":{\"@id\":\"https:\/\/jogapiekna.com\/#website\"},\"primaryImageOfPage\":{\"@id\":\"https:\/\/jogapiekna.com\/produkt\/oczyszczajacy-olejek-do-demakijazu-100ml\/#primaryimage\"},\"image\":{\"@id\":\"https:\/\/jogapiekna.com\/produkt\/oczyszczajacy-olejek-do-demakijazu-100ml\/#primaryimage\"},\"thumbnailUrl\":\"https:\/\/jogapiekna.com\/wp-content\/uploads\/2024\/02\/hydrofilowy-olejek-do-demakijazu-slavia.jpg\",\"datePublished\":\"2024-02-29T08:55:28+00:00\",\"dateModified\":\"2026-03-11T13:20:20+00:00\",\"breadcrumb\":{\"@id\":\"https:\/\/jogapiekna.com\/produkt\/oczyszczajacy-olejek-do-demakijazu-100ml\/#breadcrumb\"},\"inLanguage\":\"en-GB\",\"potentialAction\":[{\"@type\":\"ReadAction\",\"target\":[\"https:\/\/jogapiekna.com\/produkt\/oczyszczajacy-olejek-do-demakijazu-100ml\/\"]}]},{\"@type\":\"ImageObject\",\"inLanguage\":\"en-GB\",\"@id\":\"https:\/\/jogapiekna.com\/produkt\/oczyszczajacy-olejek-do-demakijazu-100ml\/#primaryimage\",\"url\":\"https:\/\/jogapiekna.com\/wp-content\/uploads\/2024\/02\/hydrofilowy-olejek-do-demakijazu-slavia.jpg\",\"contentUrl\":\"https:\/\/jogapiekna.com\/wp-content\/uploads\/2024\/02\/hydrofilowy-olejek-do-demakijazu-slavia.jpg\",\"width\":1000,\"height\":1000,\"caption\":\"Oczyszczaj\u0105cy Olejek Hydrofilowy do Demakija\u017cu Twarzy i Oczu Slavia Cosmetics \u2022 100 ml\"},{\"@type\":\"BreadcrumbList\",\"@id\":\"https:\/\/jogapiekna.com\/produkt\/oczyszczajacy-olejek-do-demakijazu-100ml\/#breadcrumb\",\"itemListElement\":[{\"@type\":\"ListItem\",\"position\":1,\"name\":\"Strona g\u0142\u00f3wna\",\"item\":\"https:\/\/jogapiekna.com\/\"},{\"@type\":\"ListItem\",\"position\":2,\"name\":\"Sklep\",\"item\":\"https:\/\/jogapiekna.com\/sklep\/\"},{\"@type\":\"ListItem\",\"position\":3,\"name\":\"Oczyszczaj\u0105cy Olejek Hydrofilowy do Demakija\u017cu Twarzy i Oczu \u2022 Slavia Cosmetics \u2022 100 ml\"}]},{\"@type\":\"WebSite\",\"@id\":\"https:\/\/jogapiekna.com\/#website\",\"url\":\"https:\/\/jogapiekna.com\/\",\"name\":\"Joga Pi\u0119kna Marta Kuci\u0144ska\",\"description\":\"Joga Pi\u0119kna pomaga kobietom zachowa\u0107 urod\u0119, cofn\u0105\u0107 oznaki up\u0142ywaj\u0105cego czasu i zm\u0119czenia, odzyska\u0107 promienny wygl\u0105d, naturalny u\u015bmiech i popraw\u0119 w\u0142asnej samooceny.\",\"publisher\":{\"@id\":\"https:\/\/jogapiekna.com\/#organization\"},\"potentialAction\":[{\"@type\":\"SearchAction\",\"target\":{\"@type\":\"EntryPoint\",\"urlTemplate\":\"https:\/\/jogapiekna.com\/?s={search_term_string}\"},\"query-input\":{\"@type\":\"PropertyValueSpecification\",\"valueRequired\":true,\"valueName\":\"search_term_string\"}}],\"inLanguage\":\"en-GB\"},{\"@type\":\"Organization\",\"@id\":\"https:\/\/jogapiekna.com\/#organization\",\"name\":\"Joga Pi\u0119kna Marta Kuci\u0144ska\",\"url\":\"https:\/\/jogapiekna.com\/\",\"logo\":{\"@type\":\"ImageObject\",\"inLanguage\":\"en-GB\",\"@id\":\"https:\/\/jogapiekna.com\/#\/schema\/logo\/image\/\",\"url\":\"https:\/\/jogapiekna.com\/wp-content\/uploads\/2022\/09\/joga-piekna-logo_Rka.png\",\"contentUrl\":\"https:\/\/jogapiekna.com\/wp-content\/uploads\/2022\/09\/joga-piekna-logo_Rka.png\",\"width\":231,\"height\":124,\"caption\":\"Joga Pi\u0119kna Marta Kuci\u0144ska\"},\"image\":{\"@id\":\"https:\/\/jogapiekna.com\/#\/schema\/logo\/image\/\"},\"sameAs\":[\"https:\/\/www.facebook.com\/JogaPieknaCom\/\",\"https:\/\/www.instagram.com\/jogapieknacom\/\"]}]}<\/script>\n<!-- \/ Yoast SEO plugin. -->","yoast_head_json":{"title":"Slavia Cosmetics Face and Eye Makeup Remover Hydrophilic Cleansing Oil \u2022 100 ml","robots":{"index":"index","follow":"follow","max-snippet":"max-snippet:-1","max-image-preview":"max-image-preview:large","max-video-preview":"max-video-preview:-1"},"canonical":"https:\/\/jogapiekna.com\/en\/product\/oczyszczajacy-olejek-do-demakijazu-100ml\/","og_locale":"en_GB","og_type":"article","og_title":"Oczyszczaj\u0105cy Olejek Hydrofilowy do Demakija\u017cu Twarzy i Oczu Slavia Cosmetics \u2022 100 ml","og_description":"Chcesz skutecznie zmy\u0107 makija\u017c ju\u017c na pierwszym etapie piel\u0119gnacji? Sprawd\u017a kompleksowe dzia\u0142anie oczyszczaj\u0105cego olejku hydrofoliowego do demakija\u017cu twarzy i oczu. \u015awietnie radzi sobie z wodoodpornym makija\u017cem i usuwa SPF. Dodatkowo piel\u0119gnuje i nawil\u017ca sk\u00f3r\u0119 twarzy. Emulguje z wod\u0105 \u2013 \u0142atwo si\u0119 sp\u0142ukuje, nie pozostawiaj\u0105c t\u0142ustego filmu na sk\u00f3rze.   Skutecznie usuwa nawet wodoodporny makija\u017c twarzy i oczu  Oczyszcza, redukuje produkcj\u0119 sebum i zapobiega niedoskona\u0142o\u015bciom  Zapach: \u015bwie\u017cy, zielona herbata z imbirem  Pojemno\u015b\u0107: 100 ml  Stosowanie: jako pierwszy etap oczyszczania wieczorem","og_url":"https:\/\/jogapiekna.com\/en\/product\/oczyszczajacy-olejek-do-demakijazu-100ml\/","og_site_name":"JOGA PI\u0118KNA | Joga Twarzy","article_publisher":"https:\/\/www.facebook.com\/JogaPieknaCom\/","article_modified_time":"2026-03-11T13:20:20+00:00","og_image":[{"width":1000,"height":1000,"url":"https:\/\/jogapiekna.com\/wp-content\/uploads\/2024\/02\/hydrofilowy-olejek-do-demakijazu-slavia.jpg","type":"image\/jpeg"}],"twitter_card":"summary_large_image","twitter_misc":{"Estimated reading time":"6 minutes"},"schema":{"@context":"https:\/\/schema.org","@graph":[{"@type":"WebPage","@id":"https:\/\/jogapiekna.com\/produkt\/oczyszczajacy-olejek-do-demakijazu-100ml\/","url":"https:\/\/jogapiekna.com\/produkt\/oczyszczajacy-olejek-do-demakijazu-100ml\/","name":"Slavia Cosmetics Face and Eye Makeup Remover Hydrophilic Cleansing Oil \u2022 100 ml","isPartOf":{"@id":"https:\/\/jogapiekna.com\/#website"},"primaryImageOfPage":{"@id":"https:\/\/jogapiekna.com\/produkt\/oczyszczajacy-olejek-do-demakijazu-100ml\/#primaryimage"},"image":{"@id":"https:\/\/jogapiekna.com\/produkt\/oczyszczajacy-olejek-do-demakijazu-100ml\/#primaryimage"},"thumbnailUrl":"https:\/\/jogapiekna.com\/wp-content\/uploads\/2024\/02\/hydrofilowy-olejek-do-demakijazu-slavia.jpg","datePublished":"2024-02-29T08:55:28+00:00","dateModified":"2026-03-11T13:20:20+00:00","breadcrumb":{"@id":"https:\/\/jogapiekna.com\/produkt\/oczyszczajacy-olejek-do-demakijazu-100ml\/#breadcrumb"},"inLanguage":"en-GB","potentialAction":[{"@type":"ReadAction","target":["https:\/\/jogapiekna.com\/produkt\/oczyszczajacy-olejek-do-demakijazu-100ml\/"]}]},{"@type":"ImageObject","inLanguage":"en-GB","@id":"https:\/\/jogapiekna.com\/produkt\/oczyszczajacy-olejek-do-demakijazu-100ml\/#primaryimage","url":"https:\/\/jogapiekna.com\/wp-content\/uploads\/2024\/02\/hydrofilowy-olejek-do-demakijazu-slavia.jpg","contentUrl":"https:\/\/jogapiekna.com\/wp-content\/uploads\/2024\/02\/hydrofilowy-olejek-do-demakijazu-slavia.jpg","width":1000,"height":1000,"caption":"Oczyszczaj\u0105cy Olejek Hydrofilowy do Demakija\u017cu Twarzy i Oczu Slavia Cosmetics \u2022 100 ml"},{"@type":"BreadcrumbList","@id":"https:\/\/jogapiekna.com\/produkt\/oczyszczajacy-olejek-do-demakijazu-100ml\/#breadcrumb","itemListElement":[{"@type":"ListItem","position":1,"name":"Strona g\u0142\u00f3wna","item":"https:\/\/jogapiekna.com\/"},{"@type":"ListItem","position":2,"name":"Sklep","item":"https:\/\/jogapiekna.com\/sklep\/"},{"@type":"ListItem","position":3,"name":"Oczyszczaj\u0105cy Olejek Hydrofilowy do Demakija\u017cu Twarzy i Oczu \u2022 Slavia Cosmetics \u2022 100 ml"}]},{"@type":"WebSite","@id":"https:\/\/jogapiekna.com\/#website","url":"https:\/\/jogapiekna.com\/","name":"Yoga Beauty Marta Kuci\u0144ska","description":"Beauty Yoga helps women to maintain their beauty, reverse the signs of passing time and fatigue, regain a radiant appearance, natural smile and improve their self-esteem.","publisher":{"@id":"https:\/\/jogapiekna.com\/#organization"},"potentialAction":[{"@type":"SearchAction","target":{"@type":"EntryPoint","urlTemplate":"https:\/\/jogapiekna.com\/?s={search_term_string}"},"query-input":{"@type":"PropertyValueSpecification","valueRequired":true,"valueName":"search_term_string"}}],"inLanguage":"en-GB"},{"@type":"Organization","@id":"https:\/\/jogapiekna.com\/#organization","name":"Yoga Beauty Marta Kuci\u0144ska","url":"https:\/\/jogapiekna.com\/","logo":{"@type":"ImageObject","inLanguage":"en-GB","@id":"https:\/\/jogapiekna.com\/#\/schema\/logo\/image\/","url":"https:\/\/jogapiekna.com\/wp-content\/uploads\/2022\/09\/joga-piekna-logo_Rka.png","contentUrl":"https:\/\/jogapiekna.com\/wp-content\/uploads\/2022\/09\/joga-piekna-logo_Rka.png","width":231,"height":124,"caption":"Joga Pi\u0119kna Marta Kuci\u0144ska"},"image":{"@id":"https:\/\/jogapiekna.com\/#\/schema\/logo\/image\/"},"sameAs":["https:\/\/www.facebook.com\/JogaPieknaCom\/","https:\/\/www.instagram.com\/jogapieknacom\/"]}]}},"_links":{"self":[{"href":"https:\/\/jogapiekna.com\/en\/wp-json\/wp\/v2\/product\/159191","targetHints":{"allow":["GET"]}}],"collection":[{"href":"https:\/\/jogapiekna.com\/en\/wp-json\/wp\/v2\/product"}],"about":[{"href":"https:\/\/jogapiekna.com\/en\/wp-json\/wp\/v2\/types\/product"}],"replies":[{"embeddable":true,"href":"https:\/\/jogapiekna.com\/en\/wp-json\/wp\/v2\/comments?post=159191"}],"version-history":[{"count":3,"href":"https:\/\/jogapiekna.com\/en\/wp-json\/wp\/v2\/product\/159191\/revisions"}],"predecessor-version":[{"id":214834,"href":"https:\/\/jogapiekna.com\/en\/wp-json\/wp\/v2\/product\/159191\/revisions\/214834"}],"wp:featuredmedia":[{"embeddable":true,"href":"https:\/\/jogapiekna.com\/en\/wp-json\/wp\/v2\/media\/159192"}],"wp:attachment":[{"href":"https:\/\/jogapiekna.com\/en\/wp-json\/wp\/v2\/media?parent=159191"}],"wp:term":[{"taxonomy":"product_brand","embeddable":true,"href":"https:\/\/jogapiekna.com\/en\/wp-json\/wp\/v2\/product_brand?post=159191"},{"taxonomy":"product_cat","embeddable":true,"href":"https:\/\/jogapiekna.com\/en\/wp-json\/wp\/v2\/product_cat?post=159191"},{"taxonomy":"product_tag","embeddable":true,"href":"https:\/\/jogapiekna.com\/en\/wp-json\/wp\/v2\/product_tag?post=159191"}],"curies":[{"name":"wp","href":"https:\/\/api.w.org\/{rel}","templated":true}]}}