{"id":161329,"date":"2024-03-18T11:07:38","date_gmt":"2024-03-18T10:07:38","guid":{"rendered":"https:\/\/jogapiekna.com\/?post_type=product&#038;p=161329"},"modified":"2026-03-23T21:36:53","modified_gmt":"2026-03-23T20:36:53","slug":"olejek-eteryczny-doterra-touch-magnolia-10-ml","status":"publish","type":"product","link":"https:\/\/jogapiekna.com\/en\/product\/olejek-eteryczny-doterra-touch-magnolia-10-ml\/","title":{"rendered":"doTERRA Touch Essential Oil * Magnolia * a touch of magnolia * 10 ml"},"content":{"rendered":"<p>Magnolia Touch is an essential oil distilled by steam from the strong petals of the magnolia flower, which is a frequently traveled flower scattered throughout South Asia, the Pacific, and North America. Magnolia flowers, also known as white champaca or white Jade orchid, have been used for centuries in traditional Chinese health practices to maintain the body&#039;s balance. Magnolia doTERRA oil has a fruity and floral aroma that helps create a relaxing atmosphere. This oil, rich in linalool like lavender and bergamot, can help ease feelings of stress and anxiety. Combined with fractionated coconut oil, Magnolia Touch moisturizes and soothes the skin, adding purity and hydration to your daily care routine. Add to your routine to keep your skin looking radiant and well-hydrated. As a personal fragrance, Magnolia Touch doTERRA provides constant comfort, uplifting and refreshing.<\/p>\n<p><strong> Application: <\/strong><\/p>\n<ul>\n<li>Use Magnolia Touch every day as your new personal fragrance.<\/li>\n<li>When your skin needs comfort, apply Magnolia to feel its soothing touch.<\/li>\n<li>Combine with bergamot or ylang-ylang to make your skin look healthy and adjust its daily fragrance.<\/li>\n<li>Apply to the soles of your feet to feel calm and relaxed.<\/li>\n<\/ul>\n<p>&nbsp;<br \/>\n<strong> Instructions for use: <\/strong><\/p>\n<ul>\n<li> Topical application: apply to the desired area. <\/li>\n<\/ul>\n<p>&nbsp;<br \/>\n<strong> Main advantages <\/strong><\/p>\n<ul>\n<li> Soothing and relaxing<\/li>\n<li> This can help keep your skin clean and healthy<\/li>\n<li> Soothes the skin<\/li>\n<li> This can help ease feelings of anxiety<\/li>\n<\/ul>\n<p>&nbsp;<br \/>\n<strong> Ingredients <\/strong><br \/>\nFractionated coconut oil, magnolia flower <\/p>\n<p>&nbsp;<br \/>\n<strong>Aromatic description<\/strong><br \/>\nFruit, floral, balsamic<\/p>\n<p>&nbsp;<br \/>\n<strong>Main Ingredients<\/strong><br \/>\nLinalool<\/p>\n<p>&nbsp;<br \/>\n<strong>Warnings:<\/strong><br \/>\nPossible skin sensitivity. Keep out of reach of children. If you are pregnant, nursing, or under medical supervision, please consult your doctor. Avoid contact with eyes, inner ears, and sensitive areas.<\/p>\n<p>&nbsp;<br \/>\n<strong>All doTERRA oils are clean and safe. They are certified CPTG (Certified Pure Therapeutic Grade\u00ae) - certified pure therapeutic grade.<\/strong> They can be safely used internally, lubricated the body, and inhaled.<\/p>\n<p><strong>CPTG-Certified Pure Therapeutic Grade (ACKT-Certified Pure therapeutic Grade)<\/strong> doTERRA oils, which makes it absolutely safe to use oils orally (those intended for internal use), as well as in small children.<\/p>\n<p>What does such a certificate mean?<\/p>\n<ul>\n<li>quality without pesticides and heavy metals,<\/li>\n<li>no artificial colors or fillers,<\/li>\n<li>kontrolowane uprawy na obszarach, gdzie naturalnie wyst\u0119puje dana ro\u015blina i zbieranie jej w optymalnym momencie<\/li>\n<li>brak domieszek olejk\u00f3w z innych ro\u015blinnych<\/li>\n<li>brak domieszek olejk\u00f3w syntetycznych<\/li>\n<\/ul>","protected":false},"excerpt":{"rendered":"<p style=\"text-align: left;\">10 ml<\/p>","protected":false},"featured_media":161330,"comment_status":"closed","ping_status":"closed","template":"","meta":{"_acf_changed":false,"site-sidebar-layout":"default","site-content-layout":"","ast-site-content-layout":"default","site-content-style":"default","site-sidebar-style":"default","ast-global-header-display":"","ast-banner-title-visibility":"","ast-main-header-display":"","ast-hfb-above-header-display":"","ast-hfb-below-header-display":"","ast-hfb-mobile-header-display":"","site-post-title":"","ast-breadcrumbs-content":"","ast-featured-img":"","footer-sml-layout":"","ast-disable-related-posts":"","theme-transparent-header-meta":"","adv-header-id-meta":"","stick-header-meta":"","header-above-stick-meta":"","header-main-stick-meta":"","header-below-stick-meta":"","astra-migrate-meta-layouts":"default","ast-page-background-enabled":"default","ast-page-background-meta":{"desktop":{"background-color":"var(--ast-global-color-5)","background-image":"","background-repeat":"repeat","background-position":"center center","background-size":"auto","background-attachment":"scroll","background-type":"","background-media":"","overlay-type":"","overlay-color":"","overlay-opacity":"","overlay-gradient":""},"tablet":{"background-color":"","background-image":"","background-repeat":"repeat","background-position":"center center","background-size":"auto","background-attachment":"scroll","background-type":"","background-media":"","overlay-type":"","overlay-color":"","overlay-opacity":"","overlay-gradient":""},"mobile":{"background-color":"","background-image":"","background-repeat":"repeat","background-position":"center center","background-size":"auto","background-attachment":"scroll","background-type":"","background-media":"","overlay-type":"","overlay-color":"","overlay-opacity":"","overlay-gradient":""}},"ast-content-background-meta":{"desktop":{"background-color":"var(--ast-global-color-4)","background-image":"","background-repeat":"repeat","background-position":"center center","background-size":"auto","background-attachment":"scroll","background-type":"","background-media":"","overlay-type":"","overlay-color":"","overlay-opacity":"","overlay-gradient":""},"tablet":{"background-color":"var(--ast-global-color-4)","background-image":"","background-repeat":"repeat","background-position":"center center","background-size":"auto","background-attachment":"scroll","background-type":"","background-media":"","overlay-type":"","overlay-color":"","overlay-opacity":"","overlay-gradient":""},"mobile":{"background-color":"var(--ast-global-color-4)","background-image":"","background-repeat":"repeat","background-position":"center center","background-size":"auto","background-attachment":"scroll","background-type":"","background-media":"","overlay-type":"","overlay-color":"","overlay-opacity":"","overlay-gradient":""}}},"product_brand":[],"product_cat":[642],"product_tag":[144,764,762,420,57],"class_list":{"0":"post-161329","1":"product","2":"type-product","3":"status-publish","4":"has-post-thumbnail","6":"product_cat-olejki-eteryczne","7":"product_tag-doterra","8":"product_tag-magnolia","9":"product_tag-nawilzenie","10":"product_tag-nawilzenie-skory","11":"product_tag-olejek-eteryczny","12":"desktop-align-left","13":"tablet-align-left","14":"mobile-align-left","16":"first","17":"outofstock","18":"taxable","19":"shipping-taxable","20":"purchasable","21":"product-type-simple"},"acf":[],"yoast_head":"<!-- This site is optimized with the Yoast SEO plugin v27.2 - https:\/\/yoast.com\/product\/yoast-seo-wordpress\/ -->\n<title>OLEJEK eteryczny doTERRA Touch \u2022 Magnolia \u2022 Dotyk Magnolii \u2022 10 ml<\/title>\n<meta name=\"description\" content=\"Magnolia Touch to olejek eteryczny destylowany parowo z mocnych p\u0142atk\u00f3w kwiatu magnolii, kt\u00f3ra jest cz\u0119sto podr\u00f3\u017cuj\u0105cym kwiatem, rozproszonym po ca\u0142ej Azji Po\u0142udniowej, Pacyfiku i Ameryce P\u00f3\u0142nocnej.\" \/>\n<meta name=\"robots\" content=\"index, follow, max-snippet:-1, max-image-preview:large, max-video-preview:-1\" \/>\n<link rel=\"canonical\" href=\"https:\/\/jogapiekna.com\/en\/product\/olejek-eteryczny-doterra-touch-magnolia-10-ml\/\" \/>\n<meta property=\"og:locale\" content=\"en_GB\" \/>\n<meta property=\"og:type\" content=\"article\" \/>\n<meta property=\"og:title\" content=\"OLEJEK eteryczny doTERRA Touch \u2022 Magnolia \u2022 Dotyk Magnolii \u2022 10 ml\" \/>\n<meta property=\"og:description\" content=\"Magnolia Touch to olejek eteryczny destylowany parowo z mocnych p\u0142atk\u00f3w kwiatu magnolii, kt\u00f3ra jest cz\u0119sto podr\u00f3\u017cuj\u0105cym kwiatem, rozproszonym po ca\u0142ej Azji Po\u0142udniowej, Pacyfiku i Ameryce P\u00f3\u0142nocnej.\" \/>\n<meta property=\"og:url\" content=\"https:\/\/jogapiekna.com\/en\/product\/olejek-eteryczny-doterra-touch-magnolia-10-ml\/\" \/>\n<meta property=\"og:site_name\" content=\"JOGA PI\u0118KNA | Joga Twarzy\" \/>\n<meta property=\"article:publisher\" content=\"https:\/\/www.facebook.com\/JogaPieknaCom\/\" \/>\n<meta property=\"article:modified_time\" content=\"2026-03-23T20:36:53+00:00\" \/>\n<meta property=\"og:image\" content=\"https:\/\/jogapiekna.com\/wp-content\/uploads\/2024\/03\/jogapiekna_olejek-rollon_doterra-magnolia.jpg\" \/>\n\t<meta property=\"og:image:width\" content=\"1000\" \/>\n\t<meta property=\"og:image:height\" content=\"1000\" \/>\n\t<meta property=\"og:image:type\" content=\"image\/jpeg\" \/>\n<meta name=\"twitter:card\" content=\"summary_large_image\" \/>\n<meta name=\"twitter:label1\" content=\"Estimated reading time\" \/>\n\t<meta name=\"twitter:data1\" content=\"3 minutes\" \/>\n<script type=\"application\/ld+json\" class=\"yoast-schema-graph\">{\"@context\":\"https:\/\/schema.org\",\"@graph\":[{\"@type\":\"WebPage\",\"@id\":\"https:\/\/jogapiekna.com\/produkt\/olejek-eteryczny-doterra-touch-magnolia-10-ml\/\",\"url\":\"https:\/\/jogapiekna.com\/produkt\/olejek-eteryczny-doterra-touch-magnolia-10-ml\/\",\"name\":\"OLEJEK eteryczny doTERRA Touch \u2022 Magnolia \u2022 Dotyk Magnolii \u2022 10 ml\",\"isPartOf\":{\"@id\":\"https:\/\/jogapiekna.com\/#website\"},\"primaryImageOfPage\":{\"@id\":\"https:\/\/jogapiekna.com\/produkt\/olejek-eteryczny-doterra-touch-magnolia-10-ml\/#primaryimage\"},\"image\":{\"@id\":\"https:\/\/jogapiekna.com\/produkt\/olejek-eteryczny-doterra-touch-magnolia-10-ml\/#primaryimage\"},\"thumbnailUrl\":\"https:\/\/jogapiekna.com\/wp-content\/uploads\/2024\/03\/jogapiekna_olejek-rollon_doterra-magnolia.jpg\",\"datePublished\":\"2024-03-18T10:07:38+00:00\",\"dateModified\":\"2026-03-23T20:36:53+00:00\",\"description\":\"Magnolia Touch to olejek eteryczny destylowany parowo z mocnych p\u0142atk\u00f3w kwiatu magnolii, kt\u00f3ra jest cz\u0119sto podr\u00f3\u017cuj\u0105cym kwiatem, rozproszonym po ca\u0142ej Azji Po\u0142udniowej, Pacyfiku i Ameryce P\u00f3\u0142nocnej.\",\"breadcrumb\":{\"@id\":\"https:\/\/jogapiekna.com\/produkt\/olejek-eteryczny-doterra-touch-magnolia-10-ml\/#breadcrumb\"},\"inLanguage\":\"en-GB\",\"potentialAction\":[{\"@type\":\"ReadAction\",\"target\":[\"https:\/\/jogapiekna.com\/produkt\/olejek-eteryczny-doterra-touch-magnolia-10-ml\/\"]}]},{\"@type\":\"ImageObject\",\"inLanguage\":\"en-GB\",\"@id\":\"https:\/\/jogapiekna.com\/produkt\/olejek-eteryczny-doterra-touch-magnolia-10-ml\/#primaryimage\",\"url\":\"https:\/\/jogapiekna.com\/wp-content\/uploads\/2024\/03\/jogapiekna_olejek-rollon_doterra-magnolia.jpg\",\"contentUrl\":\"https:\/\/jogapiekna.com\/wp-content\/uploads\/2024\/03\/jogapiekna_olejek-rollon_doterra-magnolia.jpg\",\"width\":1000,\"height\":1000,\"caption\":\"OLEJEK eteryczny doTERRA Touch \u2022 Magnolia \u2022 Dotyk Magnolii \u2022 10 ml\"},{\"@type\":\"BreadcrumbList\",\"@id\":\"https:\/\/jogapiekna.com\/produkt\/olejek-eteryczny-doterra-touch-magnolia-10-ml\/#breadcrumb\",\"itemListElement\":[{\"@type\":\"ListItem\",\"position\":1,\"name\":\"Strona g\u0142\u00f3wna\",\"item\":\"https:\/\/jogapiekna.com\/\"},{\"@type\":\"ListItem\",\"position\":2,\"name\":\"Sklep\",\"item\":\"https:\/\/jogapiekna.com\/sklep\/\"},{\"@type\":\"ListItem\",\"position\":3,\"name\":\"OLEJEK eteryczny doTERRA Touch \u2022 Magnolia \u2022 Dotyk Magnolii \u2022 10 ml\"}]},{\"@type\":\"WebSite\",\"@id\":\"https:\/\/jogapiekna.com\/#website\",\"url\":\"https:\/\/jogapiekna.com\/\",\"name\":\"Joga Pi\u0119kna Marta Kuci\u0144ska\",\"description\":\"Joga Pi\u0119kna pomaga kobietom zachowa\u0107 urod\u0119, cofn\u0105\u0107 oznaki up\u0142ywaj\u0105cego czasu i zm\u0119czenia, odzyska\u0107 promienny wygl\u0105d, naturalny u\u015bmiech i popraw\u0119 w\u0142asnej samooceny.\",\"publisher\":{\"@id\":\"https:\/\/jogapiekna.com\/#organization\"},\"potentialAction\":[{\"@type\":\"SearchAction\",\"target\":{\"@type\":\"EntryPoint\",\"urlTemplate\":\"https:\/\/jogapiekna.com\/?s={search_term_string}\"},\"query-input\":{\"@type\":\"PropertyValueSpecification\",\"valueRequired\":true,\"valueName\":\"search_term_string\"}}],\"inLanguage\":\"en-GB\"},{\"@type\":\"Organization\",\"@id\":\"https:\/\/jogapiekna.com\/#organization\",\"name\":\"Joga Pi\u0119kna Marta Kuci\u0144ska\",\"url\":\"https:\/\/jogapiekna.com\/\",\"logo\":{\"@type\":\"ImageObject\",\"inLanguage\":\"en-GB\",\"@id\":\"https:\/\/jogapiekna.com\/#\/schema\/logo\/image\/\",\"url\":\"https:\/\/jogapiekna.com\/wp-content\/uploads\/2022\/09\/joga-piekna-logo_Rka.png\",\"contentUrl\":\"https:\/\/jogapiekna.com\/wp-content\/uploads\/2022\/09\/joga-piekna-logo_Rka.png\",\"width\":231,\"height\":124,\"caption\":\"Joga Pi\u0119kna Marta Kuci\u0144ska\"},\"image\":{\"@id\":\"https:\/\/jogapiekna.com\/#\/schema\/logo\/image\/\"},\"sameAs\":[\"https:\/\/www.facebook.com\/JogaPieknaCom\/\",\"https:\/\/www.instagram.com\/jogapieknacom\/\"]}]}<\/script>\n<!-- \/ Yoast SEO plugin. -->","yoast_head_json":{"title":"doTERRA Touch Essential Oil * Magnolia * a touch of magnolia * 10 ml","description":"Magnolia Touch to olejek eteryczny destylowany parowo z mocnych p\u0142atk\u00f3w kwiatu magnolii, kt\u00f3ra jest cz\u0119sto podr\u00f3\u017cuj\u0105cym kwiatem, rozproszonym po ca\u0142ej Azji Po\u0142udniowej, Pacyfiku i Ameryce P\u00f3\u0142nocnej.","robots":{"index":"index","follow":"follow","max-snippet":"max-snippet:-1","max-image-preview":"max-image-preview:large","max-video-preview":"max-video-preview:-1"},"canonical":"https:\/\/jogapiekna.com\/en\/product\/olejek-eteryczny-doterra-touch-magnolia-10-ml\/","og_locale":"en_GB","og_type":"article","og_title":"OLEJEK eteryczny doTERRA Touch \u2022 Magnolia \u2022 Dotyk Magnolii \u2022 10 ml","og_description":"Magnolia Touch to olejek eteryczny destylowany parowo z mocnych p\u0142atk\u00f3w kwiatu magnolii, kt\u00f3ra jest cz\u0119sto podr\u00f3\u017cuj\u0105cym kwiatem, rozproszonym po ca\u0142ej Azji Po\u0142udniowej, Pacyfiku i Ameryce P\u00f3\u0142nocnej.","og_url":"https:\/\/jogapiekna.com\/en\/product\/olejek-eteryczny-doterra-touch-magnolia-10-ml\/","og_site_name":"JOGA PI\u0118KNA | Joga Twarzy","article_publisher":"https:\/\/www.facebook.com\/JogaPieknaCom\/","article_modified_time":"2026-03-23T20:36:53+00:00","og_image":[{"width":1000,"height":1000,"url":"https:\/\/jogapiekna.com\/wp-content\/uploads\/2024\/03\/jogapiekna_olejek-rollon_doterra-magnolia.jpg","type":"image\/jpeg"}],"twitter_card":"summary_large_image","twitter_misc":{"Estimated reading time":"3 minutes"},"schema":{"@context":"https:\/\/schema.org","@graph":[{"@type":"WebPage","@id":"https:\/\/jogapiekna.com\/produkt\/olejek-eteryczny-doterra-touch-magnolia-10-ml\/","url":"https:\/\/jogapiekna.com\/produkt\/olejek-eteryczny-doterra-touch-magnolia-10-ml\/","name":"doTERRA Touch Essential Oil * Magnolia * a touch of magnolia * 10 ml","isPartOf":{"@id":"https:\/\/jogapiekna.com\/#website"},"primaryImageOfPage":{"@id":"https:\/\/jogapiekna.com\/produkt\/olejek-eteryczny-doterra-touch-magnolia-10-ml\/#primaryimage"},"image":{"@id":"https:\/\/jogapiekna.com\/produkt\/olejek-eteryczny-doterra-touch-magnolia-10-ml\/#primaryimage"},"thumbnailUrl":"https:\/\/jogapiekna.com\/wp-content\/uploads\/2024\/03\/jogapiekna_olejek-rollon_doterra-magnolia.jpg","datePublished":"2024-03-18T10:07:38+00:00","dateModified":"2026-03-23T20:36:53+00:00","description":"Magnolia Touch to olejek eteryczny destylowany parowo z mocnych p\u0142atk\u00f3w kwiatu magnolii, kt\u00f3ra jest cz\u0119sto podr\u00f3\u017cuj\u0105cym kwiatem, rozproszonym po ca\u0142ej Azji Po\u0142udniowej, Pacyfiku i Ameryce P\u00f3\u0142nocnej.","breadcrumb":{"@id":"https:\/\/jogapiekna.com\/produkt\/olejek-eteryczny-doterra-touch-magnolia-10-ml\/#breadcrumb"},"inLanguage":"en-GB","potentialAction":[{"@type":"ReadAction","target":["https:\/\/jogapiekna.com\/produkt\/olejek-eteryczny-doterra-touch-magnolia-10-ml\/"]}]},{"@type":"ImageObject","inLanguage":"en-GB","@id":"https:\/\/jogapiekna.com\/produkt\/olejek-eteryczny-doterra-touch-magnolia-10-ml\/#primaryimage","url":"https:\/\/jogapiekna.com\/wp-content\/uploads\/2024\/03\/jogapiekna_olejek-rollon_doterra-magnolia.jpg","contentUrl":"https:\/\/jogapiekna.com\/wp-content\/uploads\/2024\/03\/jogapiekna_olejek-rollon_doterra-magnolia.jpg","width":1000,"height":1000,"caption":"OLEJEK eteryczny doTERRA Touch \u2022 Magnolia \u2022 Dotyk Magnolii \u2022 10 ml"},{"@type":"BreadcrumbList","@id":"https:\/\/jogapiekna.com\/produkt\/olejek-eteryczny-doterra-touch-magnolia-10-ml\/#breadcrumb","itemListElement":[{"@type":"ListItem","position":1,"name":"Strona g\u0142\u00f3wna","item":"https:\/\/jogapiekna.com\/"},{"@type":"ListItem","position":2,"name":"Sklep","item":"https:\/\/jogapiekna.com\/sklep\/"},{"@type":"ListItem","position":3,"name":"OLEJEK eteryczny doTERRA Touch \u2022 Magnolia \u2022 Dotyk Magnolii \u2022 10 ml"}]},{"@type":"WebSite","@id":"https:\/\/jogapiekna.com\/#website","url":"https:\/\/jogapiekna.com\/","name":"Yoga Beauty Marta Kuci\u0144ska","description":"Beauty Yoga helps women to maintain their beauty, reverse the signs of passing time and fatigue, regain a radiant appearance, natural smile and improve their self-esteem.","publisher":{"@id":"https:\/\/jogapiekna.com\/#organization"},"potentialAction":[{"@type":"SearchAction","target":{"@type":"EntryPoint","urlTemplate":"https:\/\/jogapiekna.com\/?s={search_term_string}"},"query-input":{"@type":"PropertyValueSpecification","valueRequired":true,"valueName":"search_term_string"}}],"inLanguage":"en-GB"},{"@type":"Organization","@id":"https:\/\/jogapiekna.com\/#organization","name":"Yoga Beauty Marta Kuci\u0144ska","url":"https:\/\/jogapiekna.com\/","logo":{"@type":"ImageObject","inLanguage":"en-GB","@id":"https:\/\/jogapiekna.com\/#\/schema\/logo\/image\/","url":"https:\/\/jogapiekna.com\/wp-content\/uploads\/2022\/09\/joga-piekna-logo_Rka.png","contentUrl":"https:\/\/jogapiekna.com\/wp-content\/uploads\/2022\/09\/joga-piekna-logo_Rka.png","width":231,"height":124,"caption":"Joga Pi\u0119kna Marta Kuci\u0144ska"},"image":{"@id":"https:\/\/jogapiekna.com\/#\/schema\/logo\/image\/"},"sameAs":["https:\/\/www.facebook.com\/JogaPieknaCom\/","https:\/\/www.instagram.com\/jogapieknacom\/"]}]}},"_links":{"self":[{"href":"https:\/\/jogapiekna.com\/en\/wp-json\/wp\/v2\/product\/161329","targetHints":{"allow":["GET"]}}],"collection":[{"href":"https:\/\/jogapiekna.com\/en\/wp-json\/wp\/v2\/product"}],"about":[{"href":"https:\/\/jogapiekna.com\/en\/wp-json\/wp\/v2\/types\/product"}],"replies":[{"embeddable":true,"href":"https:\/\/jogapiekna.com\/en\/wp-json\/wp\/v2\/comments?post=161329"}],"version-history":[{"count":1,"href":"https:\/\/jogapiekna.com\/en\/wp-json\/wp\/v2\/product\/161329\/revisions"}],"predecessor-version":[{"id":213719,"href":"https:\/\/jogapiekna.com\/en\/wp-json\/wp\/v2\/product\/161329\/revisions\/213719"}],"wp:featuredmedia":[{"embeddable":true,"href":"https:\/\/jogapiekna.com\/en\/wp-json\/wp\/v2\/media\/161330"}],"wp:attachment":[{"href":"https:\/\/jogapiekna.com\/en\/wp-json\/wp\/v2\/media?parent=161329"}],"wp:term":[{"taxonomy":"product_brand","embeddable":true,"href":"https:\/\/jogapiekna.com\/en\/wp-json\/wp\/v2\/product_brand?post=161329"},{"taxonomy":"product_cat","embeddable":true,"href":"https:\/\/jogapiekna.com\/en\/wp-json\/wp\/v2\/product_cat?post=161329"},{"taxonomy":"product_tag","embeddable":true,"href":"https:\/\/jogapiekna.com\/en\/wp-json\/wp\/v2\/product_tag?post=161329"}],"curies":[{"name":"wp","href":"https:\/\/api.w.org\/{rel}","templated":true}]}}