{"id":161337,"date":"2024-03-18T11:27:00","date_gmt":"2024-03-18T10:27:00","guid":{"rendered":"https:\/\/jogapiekna.com\/?post_type=product&#038;p=161337"},"modified":"2026-02-02T10:05:28","modified_gmt":"2026-02-02T09:05:28","slug":"olejek-eteryczny-doterra-touch-helichrysum-10-ml","status":"publish","type":"product","link":"https:\/\/jogapiekna.com\/en\/product\/olejek-eteryczny-doterra-touch-helichrysum-10-ml\/","title":{"rendered":"doTERRA Touch Essential Oil * Immortelle * Immortelle Skin Oil Blend \u2022 10 ml"},"content":{"rendered":"<p>Helichrysum Touch is a blend of essential oils derived from a small perennial herb whose narrow golden leaves and flower balls are distinctive features. The name &#034;helichrysum&#034; comes from the Greek words &#034;helios&#034;, meaning &#034;sun&#034;, and &#034;chrysos&#034;, meaning&#034; gold&#034;, referring to the color of flowers.<\/p>\n<p>Immortelle, also known as the immortal or eternal flower, is prized for its skin-rejuvenating properties. Helichrysum essential oil is often used in anti-aging products, as preclinical studies show that it can support and protect the skin, reducing the appearance of wrinkles and discoloration.<\/p>\n<p>Helichrysum Touch combines CPTG-certified helichrysum Pure Tested Grade \u00ae Essential Oil with fractionated coconut oil to reduce the appearance of acne and promote a radiant, youthful complexion when applied topically.<\/p>\n<p>Juniper berry oil is a refreshing addition to blended diffusers, revitalizing massages, skin care products, and natural cleansers.<\/p>\n<p>&nbsp;<br \/>\n<strong> Application: <\/strong><\/p>\n<ul>\n<li>Apply Helichrysum Touch to topical areas of the skin to reduce the appearance of acne and promote a healthy skin appearance.<\/li>\n<li>Add juniper berry oil to the diffuser mix to create a refreshing aroma and freshen the air in the room.<\/li>\n<li>Use the oil in massages to nourish the skin and give it a youthful glow.<\/li>\n<li>Add skin care to your daily routine to support the regeneration processes and keep your skin toned.<\/li>\n<\/ul>\n<p>&nbsp;<br \/>\n<strong> Instructions for use: <\/strong><br \/>\nTopical application: apply to the desired area.<\/p>\n<p>&nbsp;<br \/>\n<strong> Main advantages: <\/strong><\/p>\n<ul>\n<li>A blend of Helichrysum Touch essential oils soothes, repairs and rejuvenates the skin.\u00a0<\/li>\n<li>A blend of Helichrysum Touch oils provides a radiant, youthful complexion.\u00a0<\/li>\n<\/ul>\n<p>&nbsp;<br \/>\n<strong> Warnings: <\/strong><br \/>\nAvoid contact with eyes, inner ears, and sensitive areas. Keep out of reach of children. If you are pregnant, nursing, or have any health problems, consult your doctor before use.<\/p>\n<p>&nbsp;<br \/>\n<strong>All doTERRA oils are clean and safe. They are certified CPTG (Certified Pure Therapeutic Grade\u00ae) - certified pure therapeutic grade.<\/strong> They can be safely used internally, lubricated the body, and inhaled.<\/p>\n<p><strong>CPTG-Certified Pure Therapeutic Grade (ACKT-Certified Pure therapeutic Grade)<\/strong> doTERRA oils, which makes it absolutely safe to use oils orally (those intended for internal use), as well as in small children.<\/p>\n<p>What does such a certificate mean?<\/p>\n<ul>\n<li>quality without pesticides and heavy metals,<\/li>\n<li>no artificial colors or fillers,<\/li>\n<li>kontrolowane uprawy na obszarach, gdzie naturalnie wyst\u0119puje dana ro\u015blina i zbieranie jej w optymalnym momencie<\/li>\n<li>brak domieszek olejk\u00f3w z innych ro\u015blinnych<\/li>\n<li>brak domieszek olejk\u00f3w syntetycznych<\/li>\n<\/ul>","protected":false},"excerpt":{"rendered":"<p style=\"text-align: left;\">10 ml<\/p>","protected":false},"featured_media":161338,"comment_status":"closed","ping_status":"closed","template":"","meta":{"_acf_changed":false,"site-sidebar-layout":"default","site-content-layout":"","ast-site-content-layout":"default","site-content-style":"default","site-sidebar-style":"default","ast-global-header-display":"","ast-banner-title-visibility":"","ast-main-header-display":"","ast-hfb-above-header-display":"","ast-hfb-below-header-display":"","ast-hfb-mobile-header-display":"","site-post-title":"","ast-breadcrumbs-content":"","ast-featured-img":"","footer-sml-layout":"","ast-disable-related-posts":"","theme-transparent-header-meta":"","adv-header-id-meta":"","stick-header-meta":"","header-above-stick-meta":"","header-main-stick-meta":"","header-below-stick-meta":"","astra-migrate-meta-layouts":"default","ast-page-background-enabled":"default","ast-page-background-meta":{"desktop":{"background-color":"var(--ast-global-color-5)","background-image":"","background-repeat":"repeat","background-position":"center center","background-size":"auto","background-attachment":"scroll","background-type":"","background-media":"","overlay-type":"","overlay-color":"","overlay-opacity":"","overlay-gradient":""},"tablet":{"background-color":"","background-image":"","background-repeat":"repeat","background-position":"center center","background-size":"auto","background-attachment":"scroll","background-type":"","background-media":"","overlay-type":"","overlay-color":"","overlay-opacity":"","overlay-gradient":""},"mobile":{"background-color":"","background-image":"","background-repeat":"repeat","background-position":"center center","background-size":"auto","background-attachment":"scroll","background-type":"","background-media":"","overlay-type":"","overlay-color":"","overlay-opacity":"","overlay-gradient":""}},"ast-content-background-meta":{"desktop":{"background-color":"var(--ast-global-color-4)","background-image":"","background-repeat":"repeat","background-position":"center center","background-size":"auto","background-attachment":"scroll","background-type":"","background-media":"","overlay-type":"","overlay-color":"","overlay-opacity":"","overlay-gradient":""},"tablet":{"background-color":"var(--ast-global-color-4)","background-image":"","background-repeat":"repeat","background-position":"center center","background-size":"auto","background-attachment":"scroll","background-type":"","background-media":"","overlay-type":"","overlay-color":"","overlay-opacity":"","overlay-gradient":""},"mobile":{"background-color":"var(--ast-global-color-4)","background-image":"","background-repeat":"repeat","background-position":"center center","background-size":"auto","background-attachment":"scroll","background-type":"","background-media":"","overlay-type":"","overlay-color":"","overlay-opacity":"","overlay-gradient":""}}},"product_brand":[],"product_cat":[642],"product_tag":[144,411,765,762],"class_list":{"0":"post-161337","1":"product","2":"type-product","3":"status-publish","4":"has-post-thumbnail","6":"product_cat-olejki-eteryczne","7":"product_tag-doterra","8":"product_tag-dzialanie-przeciwzmarszczkowe","9":"product_tag-helichrysum","10":"product_tag-nawilzenie","11":"desktop-align-left","12":"tablet-align-left","13":"mobile-align-left","15":"first","16":"instock","17":"taxable","18":"shipping-taxable","19":"purchasable","20":"product-type-simple"},"acf":[],"yoast_head":"<!-- This site is optimized with the Yoast SEO plugin v27.2 - https:\/\/yoast.com\/product\/yoast-seo-wordpress\/ -->\n<title>OLEJEK eteryczny doTERRA Touch \u2022 Helichrysum \u2022 Mieszanka olejk\u00f3w Helichrysum dla sk\u00f3ry \u2022 10 ml<\/title>\n<meta name=\"description\" content=\"Helichrysum Touch to mieszanka olejk\u00f3w eterycznych pozyskiwanych z ma\u0142ego, wieloletniego zio\u0142a, kt\u00f3rego w\u0105skie, z\u0142ote li\u015bcie i kule kwiaciaste s\u0105 charakterystycznymi cechami. Nazwa &quot;helichrysum&quot; wywodzi si\u0119 z greckich s\u0142\u00f3w &quot;helios&quot;, oznaczaj\u0105cego &quot;s\u0142o\u0144ce&quot;, oraz &quot;chrysos&quot;, oznaczaj\u0105cego &quot;z\u0142oto&quot;, odnosz\u0105c si\u0119 do koloru kwiat\u00f3w.\" \/>\n<meta name=\"robots\" content=\"index, follow, max-snippet:-1, max-image-preview:large, max-video-preview:-1\" \/>\n<link rel=\"canonical\" href=\"https:\/\/jogapiekna.com\/en\/product\/olejek-eteryczny-doterra-touch-helichrysum-10-ml\/\" \/>\n<meta property=\"og:locale\" content=\"en_GB\" \/>\n<meta property=\"og:type\" content=\"article\" \/>\n<meta property=\"og:title\" content=\"OLEJEK eteryczny doTERRA Touch \u2022 Helichrysum \u2022 Mieszanka olejk\u00f3w Helichrysum dla sk\u00f3ry \u2022 10 ml\" \/>\n<meta property=\"og:description\" content=\"Helichrysum Touch to mieszanka olejk\u00f3w eterycznych pozyskiwanych z ma\u0142ego, wieloletniego zio\u0142a, kt\u00f3rego w\u0105skie, z\u0142ote li\u015bcie i kule kwiaciaste s\u0105 charakterystycznymi cechami. Nazwa &quot;helichrysum&quot; wywodzi si\u0119 z greckich s\u0142\u00f3w &quot;helios&quot;, oznaczaj\u0105cego &quot;s\u0142o\u0144ce&quot;, oraz &quot;chrysos&quot;, oznaczaj\u0105cego &quot;z\u0142oto&quot;, odnosz\u0105c si\u0119 do koloru kwiat\u00f3w.\" \/>\n<meta property=\"og:url\" content=\"https:\/\/jogapiekna.com\/en\/product\/olejek-eteryczny-doterra-touch-helichrysum-10-ml\/\" \/>\n<meta property=\"og:site_name\" content=\"JOGA PI\u0118KNA | Joga Twarzy\" \/>\n<meta property=\"article:publisher\" content=\"https:\/\/www.facebook.com\/JogaPieknaCom\/\" \/>\n<meta property=\"article:modified_time\" content=\"2026-02-02T09:05:28+00:00\" \/>\n<meta property=\"og:image\" content=\"https:\/\/jogapiekna.com\/wp-content\/uploads\/2024\/03\/jogapiekna_olejek-rollon_doterra-helichrysum.jpg\" \/>\n\t<meta property=\"og:image:width\" content=\"1000\" \/>\n\t<meta property=\"og:image:height\" content=\"1000\" \/>\n\t<meta property=\"og:image:type\" content=\"image\/jpeg\" \/>\n<meta name=\"twitter:card\" content=\"summary_large_image\" \/>\n<meta name=\"twitter:label1\" content=\"Estimated reading time\" \/>\n\t<meta name=\"twitter:data1\" content=\"3 minutes\" \/>\n<script type=\"application\/ld+json\" class=\"yoast-schema-graph\">{\"@context\":\"https:\/\/schema.org\",\"@graph\":[{\"@type\":\"WebPage\",\"@id\":\"https:\/\/jogapiekna.com\/produkt\/olejek-eteryczny-doterra-touch-helichrysum-10-ml\/\",\"url\":\"https:\/\/jogapiekna.com\/produkt\/olejek-eteryczny-doterra-touch-helichrysum-10-ml\/\",\"name\":\"OLEJEK eteryczny doTERRA Touch \u2022 Helichrysum \u2022 Mieszanka olejk\u00f3w Helichrysum dla sk\u00f3ry \u2022 10 ml\",\"isPartOf\":{\"@id\":\"https:\/\/jogapiekna.com\/#website\"},\"primaryImageOfPage\":{\"@id\":\"https:\/\/jogapiekna.com\/produkt\/olejek-eteryczny-doterra-touch-helichrysum-10-ml\/#primaryimage\"},\"image\":{\"@id\":\"https:\/\/jogapiekna.com\/produkt\/olejek-eteryczny-doterra-touch-helichrysum-10-ml\/#primaryimage\"},\"thumbnailUrl\":\"https:\/\/jogapiekna.com\/wp-content\/uploads\/2024\/03\/jogapiekna_olejek-rollon_doterra-helichrysum.jpg\",\"datePublished\":\"2024-03-18T10:27:00+00:00\",\"dateModified\":\"2026-02-02T09:05:28+00:00\",\"description\":\"Helichrysum Touch to mieszanka olejk\u00f3w eterycznych pozyskiwanych z ma\u0142ego, wieloletniego zio\u0142a, kt\u00f3rego w\u0105skie, z\u0142ote li\u015bcie i kule kwiaciaste s\u0105 charakterystycznymi cechami. Nazwa \\\"helichrysum\\\" wywodzi si\u0119 z greckich s\u0142\u00f3w \\\"helios\\\", oznaczaj\u0105cego \\\"s\u0142o\u0144ce\\\", oraz \\\"chrysos\\\", oznaczaj\u0105cego \\\"z\u0142oto\\\", odnosz\u0105c si\u0119 do koloru kwiat\u00f3w.\",\"breadcrumb\":{\"@id\":\"https:\/\/jogapiekna.com\/produkt\/olejek-eteryczny-doterra-touch-helichrysum-10-ml\/#breadcrumb\"},\"inLanguage\":\"en-GB\",\"potentialAction\":[{\"@type\":\"ReadAction\",\"target\":[\"https:\/\/jogapiekna.com\/produkt\/olejek-eteryczny-doterra-touch-helichrysum-10-ml\/\"]}]},{\"@type\":\"ImageObject\",\"inLanguage\":\"en-GB\",\"@id\":\"https:\/\/jogapiekna.com\/produkt\/olejek-eteryczny-doterra-touch-helichrysum-10-ml\/#primaryimage\",\"url\":\"https:\/\/jogapiekna.com\/wp-content\/uploads\/2024\/03\/jogapiekna_olejek-rollon_doterra-helichrysum.jpg\",\"contentUrl\":\"https:\/\/jogapiekna.com\/wp-content\/uploads\/2024\/03\/jogapiekna_olejek-rollon_doterra-helichrysum.jpg\",\"width\":1000,\"height\":1000,\"caption\":\"OLEJEK eteryczny doTERRA Touch \u2022 Helichrysum \u2022 Mieszanka olejk\u00f3w Helichrysum dla sk\u00f3ry \u2022 10 ml\"},{\"@type\":\"BreadcrumbList\",\"@id\":\"https:\/\/jogapiekna.com\/produkt\/olejek-eteryczny-doterra-touch-helichrysum-10-ml\/#breadcrumb\",\"itemListElement\":[{\"@type\":\"ListItem\",\"position\":1,\"name\":\"Strona g\u0142\u00f3wna\",\"item\":\"https:\/\/jogapiekna.com\/\"},{\"@type\":\"ListItem\",\"position\":2,\"name\":\"Sklep\",\"item\":\"https:\/\/jogapiekna.com\/sklep\/\"},{\"@type\":\"ListItem\",\"position\":3,\"name\":\"OLEJEK eteryczny doTERRA Touch \u2022 Helichrysum \u2022 Mieszanka olejk\u00f3w Helichrysum dla sk\u00f3ry \u2022 10 ml\"}]},{\"@type\":\"WebSite\",\"@id\":\"https:\/\/jogapiekna.com\/#website\",\"url\":\"https:\/\/jogapiekna.com\/\",\"name\":\"Joga Pi\u0119kna Marta Kuci\u0144ska\",\"description\":\"Joga Pi\u0119kna pomaga kobietom zachowa\u0107 urod\u0119, cofn\u0105\u0107 oznaki up\u0142ywaj\u0105cego czasu i zm\u0119czenia, odzyska\u0107 promienny wygl\u0105d, naturalny u\u015bmiech i popraw\u0119 w\u0142asnej samooceny.\",\"publisher\":{\"@id\":\"https:\/\/jogapiekna.com\/#organization\"},\"potentialAction\":[{\"@type\":\"SearchAction\",\"target\":{\"@type\":\"EntryPoint\",\"urlTemplate\":\"https:\/\/jogapiekna.com\/?s={search_term_string}\"},\"query-input\":{\"@type\":\"PropertyValueSpecification\",\"valueRequired\":true,\"valueName\":\"search_term_string\"}}],\"inLanguage\":\"en-GB\"},{\"@type\":\"Organization\",\"@id\":\"https:\/\/jogapiekna.com\/#organization\",\"name\":\"Joga Pi\u0119kna Marta Kuci\u0144ska\",\"url\":\"https:\/\/jogapiekna.com\/\",\"logo\":{\"@type\":\"ImageObject\",\"inLanguage\":\"en-GB\",\"@id\":\"https:\/\/jogapiekna.com\/#\/schema\/logo\/image\/\",\"url\":\"https:\/\/jogapiekna.com\/wp-content\/uploads\/2022\/09\/joga-piekna-logo_Rka.png\",\"contentUrl\":\"https:\/\/jogapiekna.com\/wp-content\/uploads\/2022\/09\/joga-piekna-logo_Rka.png\",\"width\":231,\"height\":124,\"caption\":\"Joga Pi\u0119kna Marta Kuci\u0144ska\"},\"image\":{\"@id\":\"https:\/\/jogapiekna.com\/#\/schema\/logo\/image\/\"},\"sameAs\":[\"https:\/\/www.facebook.com\/JogaPieknaCom\/\",\"https:\/\/www.instagram.com\/jogapieknacom\/\"]}]}<\/script>\n<!-- \/ Yoast SEO plugin. -->","yoast_head_json":{"title":"doTERRA Touch Essential Oil * Immortelle * Immortelle Skin Oil Blend \u2022 10 ml","description":"Helichrysum Touch to mieszanka olejk\u00f3w eterycznych pozyskiwanych z ma\u0142ego, wieloletniego zio\u0142a, kt\u00f3rego w\u0105skie, z\u0142ote li\u015bcie i kule kwiaciaste s\u0105 charakterystycznymi cechami. Nazwa \"helichrysum\" wywodzi si\u0119 z greckich s\u0142\u00f3w \"helios\", oznaczaj\u0105cego \"s\u0142o\u0144ce\", oraz \"chrysos\", oznaczaj\u0105cego \"z\u0142oto\", odnosz\u0105c si\u0119 do koloru kwiat\u00f3w.","robots":{"index":"index","follow":"follow","max-snippet":"max-snippet:-1","max-image-preview":"max-image-preview:large","max-video-preview":"max-video-preview:-1"},"canonical":"https:\/\/jogapiekna.com\/en\/product\/olejek-eteryczny-doterra-touch-helichrysum-10-ml\/","og_locale":"en_GB","og_type":"article","og_title":"OLEJEK eteryczny doTERRA Touch \u2022 Helichrysum \u2022 Mieszanka olejk\u00f3w Helichrysum dla sk\u00f3ry \u2022 10 ml","og_description":"Helichrysum Touch to mieszanka olejk\u00f3w eterycznych pozyskiwanych z ma\u0142ego, wieloletniego zio\u0142a, kt\u00f3rego w\u0105skie, z\u0142ote li\u015bcie i kule kwiaciaste s\u0105 charakterystycznymi cechami. Nazwa \"helichrysum\" wywodzi si\u0119 z greckich s\u0142\u00f3w \"helios\", oznaczaj\u0105cego \"s\u0142o\u0144ce\", oraz \"chrysos\", oznaczaj\u0105cego \"z\u0142oto\", odnosz\u0105c si\u0119 do koloru kwiat\u00f3w.","og_url":"https:\/\/jogapiekna.com\/en\/product\/olejek-eteryczny-doterra-touch-helichrysum-10-ml\/","og_site_name":"JOGA PI\u0118KNA | Joga Twarzy","article_publisher":"https:\/\/www.facebook.com\/JogaPieknaCom\/","article_modified_time":"2026-02-02T09:05:28+00:00","og_image":[{"width":1000,"height":1000,"url":"https:\/\/jogapiekna.com\/wp-content\/uploads\/2024\/03\/jogapiekna_olejek-rollon_doterra-helichrysum.jpg","type":"image\/jpeg"}],"twitter_card":"summary_large_image","twitter_misc":{"Estimated reading time":"3 minutes"},"schema":{"@context":"https:\/\/schema.org","@graph":[{"@type":"WebPage","@id":"https:\/\/jogapiekna.com\/produkt\/olejek-eteryczny-doterra-touch-helichrysum-10-ml\/","url":"https:\/\/jogapiekna.com\/produkt\/olejek-eteryczny-doterra-touch-helichrysum-10-ml\/","name":"doTERRA Touch Essential Oil * Immortelle * Immortelle Skin Oil Blend \u2022 10 ml","isPartOf":{"@id":"https:\/\/jogapiekna.com\/#website"},"primaryImageOfPage":{"@id":"https:\/\/jogapiekna.com\/produkt\/olejek-eteryczny-doterra-touch-helichrysum-10-ml\/#primaryimage"},"image":{"@id":"https:\/\/jogapiekna.com\/produkt\/olejek-eteryczny-doterra-touch-helichrysum-10-ml\/#primaryimage"},"thumbnailUrl":"https:\/\/jogapiekna.com\/wp-content\/uploads\/2024\/03\/jogapiekna_olejek-rollon_doterra-helichrysum.jpg","datePublished":"2024-03-18T10:27:00+00:00","dateModified":"2026-02-02T09:05:28+00:00","description":"Helichrysum Touch to mieszanka olejk\u00f3w eterycznych pozyskiwanych z ma\u0142ego, wieloletniego zio\u0142a, kt\u00f3rego w\u0105skie, z\u0142ote li\u015bcie i kule kwiaciaste s\u0105 charakterystycznymi cechami. Nazwa \"helichrysum\" wywodzi si\u0119 z greckich s\u0142\u00f3w \"helios\", oznaczaj\u0105cego \"s\u0142o\u0144ce\", oraz \"chrysos\", oznaczaj\u0105cego \"z\u0142oto\", odnosz\u0105c si\u0119 do koloru kwiat\u00f3w.","breadcrumb":{"@id":"https:\/\/jogapiekna.com\/produkt\/olejek-eteryczny-doterra-touch-helichrysum-10-ml\/#breadcrumb"},"inLanguage":"en-GB","potentialAction":[{"@type":"ReadAction","target":["https:\/\/jogapiekna.com\/produkt\/olejek-eteryczny-doterra-touch-helichrysum-10-ml\/"]}]},{"@type":"ImageObject","inLanguage":"en-GB","@id":"https:\/\/jogapiekna.com\/produkt\/olejek-eteryczny-doterra-touch-helichrysum-10-ml\/#primaryimage","url":"https:\/\/jogapiekna.com\/wp-content\/uploads\/2024\/03\/jogapiekna_olejek-rollon_doterra-helichrysum.jpg","contentUrl":"https:\/\/jogapiekna.com\/wp-content\/uploads\/2024\/03\/jogapiekna_olejek-rollon_doterra-helichrysum.jpg","width":1000,"height":1000,"caption":"OLEJEK eteryczny doTERRA Touch \u2022 Helichrysum \u2022 Mieszanka olejk\u00f3w Helichrysum dla sk\u00f3ry \u2022 10 ml"},{"@type":"BreadcrumbList","@id":"https:\/\/jogapiekna.com\/produkt\/olejek-eteryczny-doterra-touch-helichrysum-10-ml\/#breadcrumb","itemListElement":[{"@type":"ListItem","position":1,"name":"Strona g\u0142\u00f3wna","item":"https:\/\/jogapiekna.com\/"},{"@type":"ListItem","position":2,"name":"Sklep","item":"https:\/\/jogapiekna.com\/sklep\/"},{"@type":"ListItem","position":3,"name":"OLEJEK eteryczny doTERRA Touch \u2022 Helichrysum \u2022 Mieszanka olejk\u00f3w Helichrysum dla sk\u00f3ry \u2022 10 ml"}]},{"@type":"WebSite","@id":"https:\/\/jogapiekna.com\/#website","url":"https:\/\/jogapiekna.com\/","name":"Yoga Beauty Marta Kuci\u0144ska","description":"Beauty Yoga helps women to maintain their beauty, reverse the signs of passing time and fatigue, regain a radiant appearance, natural smile and improve their self-esteem.","publisher":{"@id":"https:\/\/jogapiekna.com\/#organization"},"potentialAction":[{"@type":"SearchAction","target":{"@type":"EntryPoint","urlTemplate":"https:\/\/jogapiekna.com\/?s={search_term_string}"},"query-input":{"@type":"PropertyValueSpecification","valueRequired":true,"valueName":"search_term_string"}}],"inLanguage":"en-GB"},{"@type":"Organization","@id":"https:\/\/jogapiekna.com\/#organization","name":"Yoga Beauty Marta Kuci\u0144ska","url":"https:\/\/jogapiekna.com\/","logo":{"@type":"ImageObject","inLanguage":"en-GB","@id":"https:\/\/jogapiekna.com\/#\/schema\/logo\/image\/","url":"https:\/\/jogapiekna.com\/wp-content\/uploads\/2022\/09\/joga-piekna-logo_Rka.png","contentUrl":"https:\/\/jogapiekna.com\/wp-content\/uploads\/2022\/09\/joga-piekna-logo_Rka.png","width":231,"height":124,"caption":"Joga Pi\u0119kna Marta Kuci\u0144ska"},"image":{"@id":"https:\/\/jogapiekna.com\/#\/schema\/logo\/image\/"},"sameAs":["https:\/\/www.facebook.com\/JogaPieknaCom\/","https:\/\/www.instagram.com\/jogapieknacom\/"]}]}},"_links":{"self":[{"href":"https:\/\/jogapiekna.com\/en\/wp-json\/wp\/v2\/product\/161337","targetHints":{"allow":["GET"]}}],"collection":[{"href":"https:\/\/jogapiekna.com\/en\/wp-json\/wp\/v2\/product"}],"about":[{"href":"https:\/\/jogapiekna.com\/en\/wp-json\/wp\/v2\/types\/product"}],"replies":[{"embeddable":true,"href":"https:\/\/jogapiekna.com\/en\/wp-json\/wp\/v2\/comments?post=161337"}],"version-history":[{"count":1,"href":"https:\/\/jogapiekna.com\/en\/wp-json\/wp\/v2\/product\/161337\/revisions"}],"predecessor-version":[{"id":211214,"href":"https:\/\/jogapiekna.com\/en\/wp-json\/wp\/v2\/product\/161337\/revisions\/211214"}],"wp:featuredmedia":[{"embeddable":true,"href":"https:\/\/jogapiekna.com\/en\/wp-json\/wp\/v2\/media\/161338"}],"wp:attachment":[{"href":"https:\/\/jogapiekna.com\/en\/wp-json\/wp\/v2\/media?parent=161337"}],"wp:term":[{"taxonomy":"product_brand","embeddable":true,"href":"https:\/\/jogapiekna.com\/en\/wp-json\/wp\/v2\/product_brand?post=161337"},{"taxonomy":"product_cat","embeddable":true,"href":"https:\/\/jogapiekna.com\/en\/wp-json\/wp\/v2\/product_cat?post=161337"},{"taxonomy":"product_tag","embeddable":true,"href":"https:\/\/jogapiekna.com\/en\/wp-json\/wp\/v2\/product_tag?post=161337"}],"curies":[{"name":"wp","href":"https:\/\/api.w.org\/{rel}","templated":true}]}}