{"id":163592,"date":"2024-04-11T20:35:50","date_gmt":"2024-04-11T18:35:50","guid":{"rendered":"https:\/\/jogapiekna.com\/?post_type=product&#038;p=163592"},"modified":"2026-02-02T10:05:12","modified_gmt":"2026-02-02T09:05:12","slug":"olejek-eteryczny-doterra-supermint-mieszanka-mietowych-olejkow-eterycznych-15-ml","status":"publish","type":"product","link":"https:\/\/jogapiekna.com\/en\/product\/olejek-eteryczny-doterra-supermint-mieszanka-mietowych-olejkow-eterycznych-15-ml\/","title":{"rendered":"doTERRA * SuperMint\u2122Essential Oil * mint essential oil blend \u2022 15 ml"},"content":{"rendered":"<p>The SuperMint blend is the quintessence of freshness and purity, created from high-quality doTERRA mint oils. The unique formula combines mint, Japanese, bergamot and green, which have been carefully selected to provide an unforgettable fragrance and sensual experience.<\/p>\n<p>Using CPTG\u2122 (Certified Pure Quality) essential oils, we guarantee not only an intense but also pure and authentic mint flavor. Notes of herbs and subtle sweetness combine perfectly with the main hint of mint, creating a blend that pleases the senses and refreshes any space.<\/p>\n<p>Supermint is not only perfectly combined with a variety of dishes, adding a special taste to them, but also invigorating to the taste buds and senses. Menthol, known for its cooling effect, makes this blend ideal for adding to water, which not only refreshes the breath, but also brings relief after a hearty meal.<\/p>\n<p>SuperMint oil is not only a product for consumption, but also a great way to create a relaxing atmosphere at home or in the office. Its refreshing fragrance relaxes and revitalizes, providing a sense of lightness and purity in any environment.<\/p>\n<p>Discover a new definition of freshness with SuperMint doTERRA and allow yourself to relax and refresh with every breath.<\/p>\n<p><strong>Main advantages:<\/strong><\/p>\n<ul>\n<li>A combination of essential oils of peppermint, Japanese mint, bergamot mint and peppermint.<\/li>\n<li>It gives sweet and savory dishes a minty touch that enlivens the taste buds and senses.<\/li>\n<li>Herbal notes create a strong, refreshing blend.<\/li>\n<li>The cooling effect allows you to freshen your breath and provides light relief after a hearty meal.<\/li>\n<\/ul>\n<p><strong> Application: <\/strong><\/p>\n<ul>\n<li>Add one drop to sweet foods like homemade cookies or cookies.<\/li>\n<li>Try tea, hot chocolate, or a fruit smoothie with one drop of this mixture.<\/li>\n<li>Make your own ice cubes using a mixture of Super Mint and lemonade.<\/li>\n<li>Apply a drop of SuperMint blend with Clove Essential Oil to your toothbrush to create an intense mint refreshing effect.<\/li>\n<\/ul>\n<p><strong>Using:<\/strong><br \/>\nIt can be used as a seasoning.<\/p>\n<p><strong>Attention!<\/strong><br \/>\nThis may cause skin irritation. Keep out of reach of children. If you are pregnant, nursing, or under medical supervision, please consult your doctor. Avoid contact with your face, eyes, the inside of your ears, and other sensitive areas.<\/p>\n<p><strong>All doTERRA oils are clean and safe. They are certified CPTG (Certified Pure Therapeutic Grade\u00ae) - certified pure therapeutic grade.<\/strong> They can be safely used internally, lubricated the body, and inhaled.<\/p>\n<p><strong>CPTG-Certified Pure Therapeutic Grade (ACKT-Certified Pure therapeutic Grade)<\/strong> doTERRA oils, which makes it absolutely safe to use oils orally (those intended for internal use), as well as in small children.<\/p>\n<p>What does such a certificate mean?<\/p>\n<ul>\n<li>quality without pesticides and heavy metals,<\/li>\n<li>no artificial colors or fillers,<\/li>\n<li>kontrolowane uprawy na obszarach, gdzie naturalnie wyst\u0119puje dana ro\u015blina i zbieranie jej w optymalnym momencie<\/li>\n<li>brak domieszek olejk\u00f3w z innych ro\u015blinnych<\/li>\n<li>brak domieszek olejk\u00f3w syntetycznych<\/li>\n<\/ul>","protected":false},"excerpt":{"rendered":"<p>15 ml \/ 300 drops<\/p>","protected":false},"featured_media":163591,"comment_status":"closed","ping_status":"closed","template":"","meta":{"_acf_changed":false,"site-sidebar-layout":"default","site-content-layout":"","ast-site-content-layout":"default","site-content-style":"default","site-sidebar-style":"default","ast-global-header-display":"","ast-banner-title-visibility":"","ast-main-header-display":"","ast-hfb-above-header-display":"","ast-hfb-below-header-display":"","ast-hfb-mobile-header-display":"","site-post-title":"","ast-breadcrumbs-content":"","ast-featured-img":"","footer-sml-layout":"","ast-disable-related-posts":"","theme-transparent-header-meta":"","adv-header-id-meta":"","stick-header-meta":"","header-above-stick-meta":"","header-main-stick-meta":"","header-below-stick-meta":"","astra-migrate-meta-layouts":"default","ast-page-background-enabled":"default","ast-page-background-meta":{"desktop":{"background-color":"var(--ast-global-color-5)","background-image":"","background-repeat":"repeat","background-position":"center center","background-size":"auto","background-attachment":"scroll","background-type":"","background-media":"","overlay-type":"","overlay-color":"","overlay-opacity":"","overlay-gradient":""},"tablet":{"background-color":"","background-image":"","background-repeat":"repeat","background-position":"center center","background-size":"auto","background-attachment":"scroll","background-type":"","background-media":"","overlay-type":"","overlay-color":"","overlay-opacity":"","overlay-gradient":""},"mobile":{"background-color":"","background-image":"","background-repeat":"repeat","background-position":"center center","background-size":"auto","background-attachment":"scroll","background-type":"","background-media":"","overlay-type":"","overlay-color":"","overlay-opacity":"","overlay-gradient":""}},"ast-content-background-meta":{"desktop":{"background-color":"var(--ast-global-color-4)","background-image":"","background-repeat":"repeat","background-position":"center center","background-size":"auto","background-attachment":"scroll","background-type":"","background-media":"","overlay-type":"","overlay-color":"","overlay-opacity":"","overlay-gradient":""},"tablet":{"background-color":"var(--ast-global-color-4)","background-image":"","background-repeat":"repeat","background-position":"center center","background-size":"auto","background-attachment":"scroll","background-type":"","background-media":"","overlay-type":"","overlay-color":"","overlay-opacity":"","overlay-gradient":""},"mobile":{"background-color":"var(--ast-global-color-4)","background-image":"","background-repeat":"repeat","background-position":"center center","background-size":"auto","background-attachment":"scroll","background-type":"","background-media":"","overlay-type":"","overlay-color":"","overlay-opacity":"","overlay-gradient":""}}},"product_brand":[],"product_cat":[642],"product_tag":[157,144,57],"class_list":{"0":"post-163592","1":"product","2":"type-product","3":"status-publish","4":"has-post-thumbnail","6":"product_cat-olejki-eteryczne","7":"product_tag-aromaterapia","8":"product_tag-doterra","9":"product_tag-olejek-eteryczny","10":"desktop-align-left","11":"tablet-align-left","12":"mobile-align-left","14":"first","15":"instock","16":"taxable","17":"shipping-taxable","18":"purchasable","19":"product-type-simple"},"acf":[],"yoast_head":"<!-- This site is optimized with the Yoast SEO plugin v27.2 - https:\/\/yoast.com\/product\/yoast-seo-wordpress\/ -->\n<title>OLEJEK eteryczny doTERRA \u2022 SuperMint\u2122 \u2022 15 ml<\/title>\n<meta name=\"description\" content=\"Mieszanka SuperMint to kwintesencja \u015bwie\u017co\u015bci i czysto\u015bci, stworzona z najwy\u017cszej jako\u015bci mi\u0119towych olejk\u00f3w doTERRA. Wyj\u0105tkowa formu\u0142a \u0142\u0105czy w sobie mi\u0119t\u0119 pieprzow\u0105, japo\u0144sk\u0105, bergamotow\u0105 i zielon\u0105, kt\u00f3re zosta\u0142y starannie wyselekcjonowane, aby zapewni\u0107 niezapomniany aromat i doznania zmys\u0142owe.\" \/>\n<meta name=\"robots\" content=\"index, follow, max-snippet:-1, max-image-preview:large, max-video-preview:-1\" \/>\n<link rel=\"canonical\" href=\"https:\/\/jogapiekna.com\/en\/product\/olejek-eteryczny-doterra-supermint-mieszanka-mietowych-olejkow-eterycznych-15-ml\/\" \/>\n<meta property=\"og:locale\" content=\"en_GB\" \/>\n<meta property=\"og:type\" content=\"article\" \/>\n<meta property=\"og:title\" content=\"OLEJEK eteryczny doTERRA \u2022 SuperMint\u2122 \u2022 15 ml\" \/>\n<meta property=\"og:description\" content=\"Mieszanka SuperMint to kwintesencja \u015bwie\u017co\u015bci i czysto\u015bci, stworzona z najwy\u017cszej jako\u015bci mi\u0119towych olejk\u00f3w doTERRA. Wyj\u0105tkowa formu\u0142a \u0142\u0105czy w sobie mi\u0119t\u0119 pieprzow\u0105, japo\u0144sk\u0105, bergamotow\u0105 i zielon\u0105, kt\u00f3re zosta\u0142y starannie wyselekcjonowane, aby zapewni\u0107 niezapomniany aromat i doznania zmys\u0142owe.\" \/>\n<meta property=\"og:url\" content=\"https:\/\/jogapiekna.com\/en\/product\/olejek-eteryczny-doterra-supermint-mieszanka-mietowych-olejkow-eterycznych-15-ml\/\" \/>\n<meta property=\"og:site_name\" content=\"JOGA PI\u0118KNA | Joga Twarzy\" \/>\n<meta property=\"article:publisher\" content=\"https:\/\/www.facebook.com\/JogaPieknaCom\/\" \/>\n<meta property=\"article:modified_time\" content=\"2026-02-02T09:05:12+00:00\" \/>\n<meta property=\"og:image\" content=\"https:\/\/jogapiekna.com\/wp-content\/uploads\/2024\/04\/joga-piekna_olejek-super-mint-doterra.jpg\" \/>\n\t<meta property=\"og:image:width\" content=\"1000\" \/>\n\t<meta property=\"og:image:height\" content=\"1000\" \/>\n\t<meta property=\"og:image:type\" content=\"image\/jpeg\" \/>\n<meta name=\"twitter:card\" content=\"summary_large_image\" \/>\n<meta name=\"twitter:label1\" content=\"Estimated reading time\" \/>\n\t<meta name=\"twitter:data1\" content=\"3 minutes\" \/>\n<script type=\"application\/ld+json\" class=\"yoast-schema-graph\">{\"@context\":\"https:\/\/schema.org\",\"@graph\":[{\"@type\":\"WebPage\",\"@id\":\"https:\/\/jogapiekna.com\/produkt\/olejek-eteryczny-doterra-supermint-mieszanka-mietowych-olejkow-eterycznych-15-ml\/\",\"url\":\"https:\/\/jogapiekna.com\/produkt\/olejek-eteryczny-doterra-supermint-mieszanka-mietowych-olejkow-eterycznych-15-ml\/\",\"name\":\"OLEJEK eteryczny doTERRA \u2022 SuperMint\u2122 \u2022 15 ml\",\"isPartOf\":{\"@id\":\"https:\/\/jogapiekna.com\/#website\"},\"primaryImageOfPage\":{\"@id\":\"https:\/\/jogapiekna.com\/produkt\/olejek-eteryczny-doterra-supermint-mieszanka-mietowych-olejkow-eterycznych-15-ml\/#primaryimage\"},\"image\":{\"@id\":\"https:\/\/jogapiekna.com\/produkt\/olejek-eteryczny-doterra-supermint-mieszanka-mietowych-olejkow-eterycznych-15-ml\/#primaryimage\"},\"thumbnailUrl\":\"https:\/\/jogapiekna.com\/wp-content\/uploads\/2024\/04\/joga-piekna_olejek-super-mint-doterra.jpg\",\"datePublished\":\"2024-04-11T18:35:50+00:00\",\"dateModified\":\"2026-02-02T09:05:12+00:00\",\"description\":\"Mieszanka SuperMint to kwintesencja \u015bwie\u017co\u015bci i czysto\u015bci, stworzona z najwy\u017cszej jako\u015bci mi\u0119towych olejk\u00f3w doTERRA. Wyj\u0105tkowa formu\u0142a \u0142\u0105czy w sobie mi\u0119t\u0119 pieprzow\u0105, japo\u0144sk\u0105, bergamotow\u0105 i zielon\u0105, kt\u00f3re zosta\u0142y starannie wyselekcjonowane, aby zapewni\u0107 niezapomniany aromat i doznania zmys\u0142owe.\",\"breadcrumb\":{\"@id\":\"https:\/\/jogapiekna.com\/produkt\/olejek-eteryczny-doterra-supermint-mieszanka-mietowych-olejkow-eterycznych-15-ml\/#breadcrumb\"},\"inLanguage\":\"en-GB\",\"potentialAction\":[{\"@type\":\"ReadAction\",\"target\":[\"https:\/\/jogapiekna.com\/produkt\/olejek-eteryczny-doterra-supermint-mieszanka-mietowych-olejkow-eterycznych-15-ml\/\"]}]},{\"@type\":\"ImageObject\",\"inLanguage\":\"en-GB\",\"@id\":\"https:\/\/jogapiekna.com\/produkt\/olejek-eteryczny-doterra-supermint-mieszanka-mietowych-olejkow-eterycznych-15-ml\/#primaryimage\",\"url\":\"https:\/\/jogapiekna.com\/wp-content\/uploads\/2024\/04\/joga-piekna_olejek-super-mint-doterra.jpg\",\"contentUrl\":\"https:\/\/jogapiekna.com\/wp-content\/uploads\/2024\/04\/joga-piekna_olejek-super-mint-doterra.jpg\",\"width\":1000,\"height\":1000,\"caption\":\"OLEJEK eteryczny doTERRA \u2022 SuperMint\u2122\u2022 Mieszanka mi\u0119towych olejk\u00f3w eterycznych \u2022 15 ml\"},{\"@type\":\"BreadcrumbList\",\"@id\":\"https:\/\/jogapiekna.com\/produkt\/olejek-eteryczny-doterra-supermint-mieszanka-mietowych-olejkow-eterycznych-15-ml\/#breadcrumb\",\"itemListElement\":[{\"@type\":\"ListItem\",\"position\":1,\"name\":\"Strona g\u0142\u00f3wna\",\"item\":\"https:\/\/jogapiekna.com\/\"},{\"@type\":\"ListItem\",\"position\":2,\"name\":\"Sklep\",\"item\":\"https:\/\/jogapiekna.com\/sklep\/\"},{\"@type\":\"ListItem\",\"position\":3,\"name\":\"OLEJEK eteryczny doTERRA \u2022 SuperMint\u2122\u2022 Mieszanka mi\u0119towych olejk\u00f3w eterycznych \u2022 15 ml\"}]},{\"@type\":\"WebSite\",\"@id\":\"https:\/\/jogapiekna.com\/#website\",\"url\":\"https:\/\/jogapiekna.com\/\",\"name\":\"Joga Pi\u0119kna Marta Kuci\u0144ska\",\"description\":\"Joga Pi\u0119kna pomaga kobietom zachowa\u0107 urod\u0119, cofn\u0105\u0107 oznaki up\u0142ywaj\u0105cego czasu i zm\u0119czenia, odzyska\u0107 promienny wygl\u0105d, naturalny u\u015bmiech i popraw\u0119 w\u0142asnej samooceny.\",\"publisher\":{\"@id\":\"https:\/\/jogapiekna.com\/#organization\"},\"potentialAction\":[{\"@type\":\"SearchAction\",\"target\":{\"@type\":\"EntryPoint\",\"urlTemplate\":\"https:\/\/jogapiekna.com\/?s={search_term_string}\"},\"query-input\":{\"@type\":\"PropertyValueSpecification\",\"valueRequired\":true,\"valueName\":\"search_term_string\"}}],\"inLanguage\":\"en-GB\"},{\"@type\":\"Organization\",\"@id\":\"https:\/\/jogapiekna.com\/#organization\",\"name\":\"Joga Pi\u0119kna Marta Kuci\u0144ska\",\"url\":\"https:\/\/jogapiekna.com\/\",\"logo\":{\"@type\":\"ImageObject\",\"inLanguage\":\"en-GB\",\"@id\":\"https:\/\/jogapiekna.com\/#\/schema\/logo\/image\/\",\"url\":\"https:\/\/jogapiekna.com\/wp-content\/uploads\/2022\/09\/joga-piekna-logo_Rka.png\",\"contentUrl\":\"https:\/\/jogapiekna.com\/wp-content\/uploads\/2022\/09\/joga-piekna-logo_Rka.png\",\"width\":231,\"height\":124,\"caption\":\"Joga Pi\u0119kna Marta Kuci\u0144ska\"},\"image\":{\"@id\":\"https:\/\/jogapiekna.com\/#\/schema\/logo\/image\/\"},\"sameAs\":[\"https:\/\/www.facebook.com\/JogaPieknaCom\/\",\"https:\/\/www.instagram.com\/jogapieknacom\/\"]}]}<\/script>\n<!-- \/ Yoast SEO plugin. -->","yoast_head_json":{"title":"OLEJEK eteryczny doTERRA \u2022 SuperMint\u2122 \u2022 15 ml","description":"The SuperMint blend is the quintessence of freshness and purity, created from high-quality doTERRA mint oils. The unique formula combines mint, Japanese, bergamot and green, which have been carefully selected to provide an unforgettable fragrance and sensual experience.","robots":{"index":"index","follow":"follow","max-snippet":"max-snippet:-1","max-image-preview":"max-image-preview:large","max-video-preview":"max-video-preview:-1"},"canonical":"https:\/\/jogapiekna.com\/en\/product\/olejek-eteryczny-doterra-supermint-mieszanka-mietowych-olejkow-eterycznych-15-ml\/","og_locale":"en_GB","og_type":"article","og_title":"OLEJEK eteryczny doTERRA \u2022 SuperMint\u2122 \u2022 15 ml","og_description":"Mieszanka SuperMint to kwintesencja \u015bwie\u017co\u015bci i czysto\u015bci, stworzona z najwy\u017cszej jako\u015bci mi\u0119towych olejk\u00f3w doTERRA. Wyj\u0105tkowa formu\u0142a \u0142\u0105czy w sobie mi\u0119t\u0119 pieprzow\u0105, japo\u0144sk\u0105, bergamotow\u0105 i zielon\u0105, kt\u00f3re zosta\u0142y starannie wyselekcjonowane, aby zapewni\u0107 niezapomniany aromat i doznania zmys\u0142owe.","og_url":"https:\/\/jogapiekna.com\/en\/product\/olejek-eteryczny-doterra-supermint-mieszanka-mietowych-olejkow-eterycznych-15-ml\/","og_site_name":"JOGA PI\u0118KNA | Joga Twarzy","article_publisher":"https:\/\/www.facebook.com\/JogaPieknaCom\/","article_modified_time":"2026-02-02T09:05:12+00:00","og_image":[{"width":1000,"height":1000,"url":"https:\/\/jogapiekna.com\/wp-content\/uploads\/2024\/04\/joga-piekna_olejek-super-mint-doterra.jpg","type":"image\/jpeg"}],"twitter_card":"summary_large_image","twitter_misc":{"Estimated reading time":"3 minutes"},"schema":{"@context":"https:\/\/schema.org","@graph":[{"@type":"WebPage","@id":"https:\/\/jogapiekna.com\/produkt\/olejek-eteryczny-doterra-supermint-mieszanka-mietowych-olejkow-eterycznych-15-ml\/","url":"https:\/\/jogapiekna.com\/produkt\/olejek-eteryczny-doterra-supermint-mieszanka-mietowych-olejkow-eterycznych-15-ml\/","name":"OLEJEK eteryczny doTERRA \u2022 SuperMint\u2122 \u2022 15 ml","isPartOf":{"@id":"https:\/\/jogapiekna.com\/#website"},"primaryImageOfPage":{"@id":"https:\/\/jogapiekna.com\/produkt\/olejek-eteryczny-doterra-supermint-mieszanka-mietowych-olejkow-eterycznych-15-ml\/#primaryimage"},"image":{"@id":"https:\/\/jogapiekna.com\/produkt\/olejek-eteryczny-doterra-supermint-mieszanka-mietowych-olejkow-eterycznych-15-ml\/#primaryimage"},"thumbnailUrl":"https:\/\/jogapiekna.com\/wp-content\/uploads\/2024\/04\/joga-piekna_olejek-super-mint-doterra.jpg","datePublished":"2024-04-11T18:35:50+00:00","dateModified":"2026-02-02T09:05:12+00:00","description":"The SuperMint blend is the quintessence of freshness and purity, created from high-quality doTERRA mint oils. The unique formula combines mint, Japanese, bergamot and green, which have been carefully selected to provide an unforgettable fragrance and sensual experience.","breadcrumb":{"@id":"https:\/\/jogapiekna.com\/produkt\/olejek-eteryczny-doterra-supermint-mieszanka-mietowych-olejkow-eterycznych-15-ml\/#breadcrumb"},"inLanguage":"en-GB","potentialAction":[{"@type":"ReadAction","target":["https:\/\/jogapiekna.com\/produkt\/olejek-eteryczny-doterra-supermint-mieszanka-mietowych-olejkow-eterycznych-15-ml\/"]}]},{"@type":"ImageObject","inLanguage":"en-GB","@id":"https:\/\/jogapiekna.com\/produkt\/olejek-eteryczny-doterra-supermint-mieszanka-mietowych-olejkow-eterycznych-15-ml\/#primaryimage","url":"https:\/\/jogapiekna.com\/wp-content\/uploads\/2024\/04\/joga-piekna_olejek-super-mint-doterra.jpg","contentUrl":"https:\/\/jogapiekna.com\/wp-content\/uploads\/2024\/04\/joga-piekna_olejek-super-mint-doterra.jpg","width":1000,"height":1000,"caption":"OLEJEK eteryczny doTERRA \u2022 SuperMint\u2122\u2022 Mieszanka mi\u0119towych olejk\u00f3w eterycznych \u2022 15 ml"},{"@type":"BreadcrumbList","@id":"https:\/\/jogapiekna.com\/produkt\/olejek-eteryczny-doterra-supermint-mieszanka-mietowych-olejkow-eterycznych-15-ml\/#breadcrumb","itemListElement":[{"@type":"ListItem","position":1,"name":"Strona g\u0142\u00f3wna","item":"https:\/\/jogapiekna.com\/"},{"@type":"ListItem","position":2,"name":"Sklep","item":"https:\/\/jogapiekna.com\/sklep\/"},{"@type":"ListItem","position":3,"name":"OLEJEK eteryczny doTERRA \u2022 SuperMint\u2122\u2022 Mieszanka mi\u0119towych olejk\u00f3w eterycznych \u2022 15 ml"}]},{"@type":"WebSite","@id":"https:\/\/jogapiekna.com\/#website","url":"https:\/\/jogapiekna.com\/","name":"Yoga Beauty Marta Kuci\u0144ska","description":"Beauty Yoga helps women to maintain their beauty, reverse the signs of passing time and fatigue, regain a radiant appearance, natural smile and improve their self-esteem.","publisher":{"@id":"https:\/\/jogapiekna.com\/#organization"},"potentialAction":[{"@type":"SearchAction","target":{"@type":"EntryPoint","urlTemplate":"https:\/\/jogapiekna.com\/?s={search_term_string}"},"query-input":{"@type":"PropertyValueSpecification","valueRequired":true,"valueName":"search_term_string"}}],"inLanguage":"en-GB"},{"@type":"Organization","@id":"https:\/\/jogapiekna.com\/#organization","name":"Yoga Beauty Marta Kuci\u0144ska","url":"https:\/\/jogapiekna.com\/","logo":{"@type":"ImageObject","inLanguage":"en-GB","@id":"https:\/\/jogapiekna.com\/#\/schema\/logo\/image\/","url":"https:\/\/jogapiekna.com\/wp-content\/uploads\/2022\/09\/joga-piekna-logo_Rka.png","contentUrl":"https:\/\/jogapiekna.com\/wp-content\/uploads\/2022\/09\/joga-piekna-logo_Rka.png","width":231,"height":124,"caption":"Joga Pi\u0119kna Marta Kuci\u0144ska"},"image":{"@id":"https:\/\/jogapiekna.com\/#\/schema\/logo\/image\/"},"sameAs":["https:\/\/www.facebook.com\/JogaPieknaCom\/","https:\/\/www.instagram.com\/jogapieknacom\/"]}]}},"_links":{"self":[{"href":"https:\/\/jogapiekna.com\/en\/wp-json\/wp\/v2\/product\/163592","targetHints":{"allow":["GET"]}}],"collection":[{"href":"https:\/\/jogapiekna.com\/en\/wp-json\/wp\/v2\/product"}],"about":[{"href":"https:\/\/jogapiekna.com\/en\/wp-json\/wp\/v2\/types\/product"}],"replies":[{"embeddable":true,"href":"https:\/\/jogapiekna.com\/en\/wp-json\/wp\/v2\/comments?post=163592"}],"version-history":[{"count":1,"href":"https:\/\/jogapiekna.com\/en\/wp-json\/wp\/v2\/product\/163592\/revisions"}],"predecessor-version":[{"id":211213,"href":"https:\/\/jogapiekna.com\/en\/wp-json\/wp\/v2\/product\/163592\/revisions\/211213"}],"wp:featuredmedia":[{"embeddable":true,"href":"https:\/\/jogapiekna.com\/en\/wp-json\/wp\/v2\/media\/163591"}],"wp:attachment":[{"href":"https:\/\/jogapiekna.com\/en\/wp-json\/wp\/v2\/media?parent=163592"}],"wp:term":[{"taxonomy":"product_brand","embeddable":true,"href":"https:\/\/jogapiekna.com\/en\/wp-json\/wp\/v2\/product_brand?post=163592"},{"taxonomy":"product_cat","embeddable":true,"href":"https:\/\/jogapiekna.com\/en\/wp-json\/wp\/v2\/product_cat?post=163592"},{"taxonomy":"product_tag","embeddable":true,"href":"https:\/\/jogapiekna.com\/en\/wp-json\/wp\/v2\/product_tag?post=163592"}],"curies":[{"name":"wp","href":"https:\/\/api.w.org\/{rel}","templated":true}]}}