{"id":1664,"date":"2019-04-09T11:11:36","date_gmt":"2019-04-09T09:11:36","guid":{"rendered":"https:\/\/jogapiekna.com\/?post_type=product&#038;p=1664"},"modified":"2026-04-06T15:09:00","modified_gmt":"2026-04-06T13:09:00","slug":"poszewka-bawelniana","status":"publish","type":"product","link":"https:\/\/jogapiekna.com\/en\/product\/poszewka-bawelniana\/","title":{"rendered":"Bye Bye Wrinkles Cotton Pillowcase"},"content":{"rendered":"<p>Each of us has certain habits when it comes to choosing textiles for the bedroom. <strong>Natural Cotton<\/strong> this is one of the most common options. Not without reason. This is an attractive price and extremely versatile option.<\/p>\n<p><strong>Cotton Pillowcases<\/strong> in <a href=\"https:\/\/jogapiekna.com\/en\/product-category\/poduszki-antyzmarszczkowe\/\" target=\"_blank\" rel=\"noopener\"><strong>anti-wrinkle pillow <em>Bye Bye Wrinkles<\/em><\/strong><\/a>they are made of natural satin cotton, which makes them very pleasant to the touch. Their use is absolutely hassle-free. They do not require special handling, such as using special programs in the washing machine. They are durable and take care of your comfort. Special cutouts are perfect for the wings of the anti-wrinkle pillow.<\/p>\n<p>&nbsp;<\/p>\n<h2>What is the Bye Bye Wrinkles Pillow?<\/h2>\n<p><a href=\"https:\/\/jogapiekna.com\/en\/product-category\/poduszki-antyzmarszczkowe\/\" target=\"_blank\" rel=\"noopener\">Pillow <em>Bye Bye Wrinkles<\/em><\/a> this <strong>guarantee a wrinkle-free sleep experience<\/strong>. A unique product that minimizes wrinkles on the face during sleep, so that wrinkles that occur at night are reduced, in particular, under the eyes, on the temples, between the eyebrows, on the chin and on the cheeks. The wing cushion cutouts reduce the contact of delicate facial tissues with the pillow, and also provide a comfortable support for the forehead and lower jaw.<\/p>\n<p>The Bye Bye Wrinkles pillow will appeal to those who sleep on their side and on their back-the comfortable ergonomic shape allows you to properly support the cervical region, while maintaining the correct position of this part of the spine. At the same time, the optimal size ensures that the face does not move to another place during sleep, and when turning the head to the side, the face is constantly protected from creases.<\/p>\n<p>&nbsp;<\/p>\n<h2>Properties of satin cotton, from which the pillowcase is made<\/h2>\n<ul>\n<li>the cotton cover is soft to the touch<\/li>\n<li>cotton has hygroscopic properties-it absorbs excess moisture<\/li>\n<li>it is versatile-suitable for both summer and winter<\/li>\n<li>cotton is easy to clean and wash<\/li>\n<li>the pillowcase is very strong<\/li>\n<li>this is economical-for people who care about a good quality product at a lower price<\/li>\n<\/ul>\n<p>Looking for an anti-wrinkle cotton pillowcase &#034;in stock &#034;or&#034; on shift &#034; - at an even more attractive price? In the store you will also find <a href=\"https:\/\/jogapiekna.com\/en\/product\/2-gatunek-poszewka-bawelniana-do-poduszki-bye-bye-wrinkles-joga-piekna\/\" target=\"_blank\" rel=\"noopener\">cotton bedding class II<\/a>.<\/p>","protected":false},"excerpt":{"rendered":"<p>Your favorite fabric in the bedroom <strong>natural cotton<\/strong>? This is a very versatile choice. Cotton pillowcases are light, soft on the skin, have hygroscopic properties, that is, they absorb moisture and provide sleep comfort all year round, both in summer and in the colder months.<\/p>\n<p>Here you will order <strong>cotton Pillow Case for Bye Bye Wrinkles Yoga Beauty<\/strong>.<\/p>\n<p>Composition: 100% cotton sateen.<\/p>","protected":false},"featured_media":202166,"comment_status":"closed","ping_status":"closed","template":"","meta":{"_acf_changed":false,"site-sidebar-layout":"default","site-content-layout":"","ast-site-content-layout":"default","site-content-style":"default","site-sidebar-style":"default","ast-global-header-display":"","ast-banner-title-visibility":"","ast-main-header-display":"","ast-hfb-above-header-display":"","ast-hfb-below-header-display":"","ast-hfb-mobile-header-display":"","site-post-title":"","ast-breadcrumbs-content":"","ast-featured-img":"","footer-sml-layout":"","ast-disable-related-posts":"","theme-transparent-header-meta":"default","adv-header-id-meta":"","stick-header-meta":"","header-above-stick-meta":"","header-main-stick-meta":"","header-below-stick-meta":"","astra-migrate-meta-layouts":"set","ast-page-background-enabled":"default","ast-page-background-meta":{"desktop":{"background-color":"var(--ast-global-color-5)","background-image":"","background-repeat":"repeat","background-position":"center center","background-size":"auto","background-attachment":"scroll","background-type":"","background-media":"","overlay-type":"","overlay-color":"","overlay-opacity":"","overlay-gradient":""},"tablet":{"background-color":"","background-image":"","background-repeat":"repeat","background-position":"center center","background-size":"auto","background-attachment":"scroll","background-type":"","background-media":"","overlay-type":"","overlay-color":"","overlay-opacity":"","overlay-gradient":""},"mobile":{"background-color":"","background-image":"","background-repeat":"repeat","background-position":"center center","background-size":"auto","background-attachment":"scroll","background-type":"","background-media":"","overlay-type":"","overlay-color":"","overlay-opacity":"","overlay-gradient":""}},"ast-content-background-meta":{"desktop":{"background-color":"var(--ast-global-color-4)","background-image":"","background-repeat":"repeat","background-position":"center center","background-size":"auto","background-attachment":"scroll","background-type":"","background-media":"","overlay-type":"","overlay-color":"","overlay-opacity":"","overlay-gradient":""},"tablet":{"background-color":"var(--ast-global-color-4)","background-image":"","background-repeat":"repeat","background-position":"center center","background-size":"auto","background-attachment":"scroll","background-type":"","background-media":"","overlay-type":"","overlay-color":"","overlay-opacity":"","overlay-gradient":""},"mobile":{"background-color":"var(--ast-global-color-4)","background-image":"","background-repeat":"repeat","background-position":"center center","background-size":"auto","background-attachment":"scroll","background-type":"","background-media":"","overlay-type":"","overlay-color":"","overlay-opacity":"","overlay-gradient":""}}},"product_brand":[],"product_cat":[695,117],"product_tag":[174,262,256,255,173,264,263],"class_list":{"0":"post-1664","1":"product","2":"type-product","3":"status-publish","4":"has-post-thumbnail","6":"product_cat-do-poduszek-classic-natural-travel","7":"product_cat-poszewki-do-poduszek","8":"product_tag-byebyewrinkles","9":"product_tag-likwidowanie-zmarszczek","10":"product_tag-pielegnacja-skory","11":"product_tag-pielegnacja-twarzy","12":"product_tag-poduszka-antyzmarszczkowa","13":"product_tag-zapobieganie-zmarszczkom","14":"product_tag-zdrowy-sen","15":"desktop-align-left","16":"tablet-align-left","17":"mobile-align-left","19":"first","20":"instock","21":"taxable","22":"shipping-taxable","23":"purchasable","24":"product-type-variable"},"acf":[],"yoast_head":"<!-- This site is optimized with the Yoast SEO plugin v27.2 - https:\/\/yoast.com\/product\/yoast-seo-wordpress\/ -->\n<title>Poszewka bawe\u0142niana na poduszk\u0119 Bye Bye Wrinkles\u00a0<\/title>\n<meta name=\"description\" content=\"Poznaj w\u0142a\u015bciwo\u015bci poszewki bawe\u0142nianej na poduszk\u0119 antyzmarszczkow\u0105 Bye Bye Wrinkles. Jest uniwersalna, mi\u0142a w dotyku i dba o Tw\u00f3j komfort.\u00a0\" \/>\n<meta name=\"robots\" content=\"index, follow, max-snippet:-1, max-image-preview:large, max-video-preview:-1\" \/>\n<link rel=\"canonical\" href=\"https:\/\/jogapiekna.com\/en\/product\/poszewka-bawelniana\/\" \/>\n<meta property=\"og:locale\" content=\"en_GB\" \/>\n<meta property=\"og:type\" content=\"article\" \/>\n<meta property=\"og:title\" content=\"Poszewka bawe\u0142niana na poduszk\u0119 Bye Bye Wrinkles\u00a0\" \/>\n<meta property=\"og:description\" content=\"Poznaj w\u0142a\u015bciwo\u015bci poszewki bawe\u0142nianej na poduszk\u0119 antyzmarszczkow\u0105 Bye Bye Wrinkles. Jest uniwersalna, mi\u0142a w dotyku i dba o Tw\u00f3j komfort.\u00a0\" \/>\n<meta property=\"og:url\" content=\"https:\/\/jogapiekna.com\/en\/product\/poszewka-bawelniana\/\" \/>\n<meta property=\"og:site_name\" content=\"JOGA PI\u0118KNA | Joga Twarzy\" \/>\n<meta property=\"article:publisher\" content=\"https:\/\/www.facebook.com\/JogaPieknaCom\/\" \/>\n<meta property=\"article:modified_time\" content=\"2026-04-06T13:09:00+00:00\" \/>\n<meta property=\"og:image\" content=\"https:\/\/jogapiekna.com\/wp-content\/uploads\/2019\/04\/Poszewka-bawelniana-na-poduszke-antyzmarszczkowa-ByeByeWrinkles-kolory_2025.jpg\" \/>\n\t<meta property=\"og:image:width\" content=\"1000\" \/>\n\t<meta property=\"og:image:height\" content=\"1000\" \/>\n\t<meta property=\"og:image:type\" content=\"image\/jpeg\" \/>\n<meta name=\"twitter:card\" content=\"summary_large_image\" \/>\n<meta name=\"twitter:label1\" content=\"Estimated reading time\" \/>\n\t<meta name=\"twitter:data1\" content=\"2 minutes\" \/>\n<script type=\"application\/ld+json\" class=\"yoast-schema-graph\">{\"@context\":\"https:\/\/schema.org\",\"@graph\":[{\"@type\":\"WebPage\",\"@id\":\"https:\/\/jogapiekna.com\/produkt\/poszewka-bawelniana\/\",\"url\":\"https:\/\/jogapiekna.com\/produkt\/poszewka-bawelniana\/\",\"name\":\"Poszewka bawe\u0142niana na poduszk\u0119 Bye Bye Wrinkles\u00a0\",\"isPartOf\":{\"@id\":\"https:\/\/jogapiekna.com\/#website\"},\"primaryImageOfPage\":{\"@id\":\"https:\/\/jogapiekna.com\/produkt\/poszewka-bawelniana\/#primaryimage\"},\"image\":{\"@id\":\"https:\/\/jogapiekna.com\/produkt\/poszewka-bawelniana\/#primaryimage\"},\"thumbnailUrl\":\"https:\/\/jogapiekna.com\/wp-content\/uploads\/2019\/04\/Poszewka-bawelniana-na-poduszke-antyzmarszczkowa-ByeByeWrinkles-kolory_2025.jpg\",\"datePublished\":\"2019-04-09T09:11:36+00:00\",\"dateModified\":\"2026-04-06T13:09:00+00:00\",\"description\":\"Poznaj w\u0142a\u015bciwo\u015bci poszewki bawe\u0142nianej na poduszk\u0119 antyzmarszczkow\u0105 Bye Bye Wrinkles. Jest uniwersalna, mi\u0142a w dotyku i dba o Tw\u00f3j komfort.\u00a0\",\"breadcrumb\":{\"@id\":\"https:\/\/jogapiekna.com\/produkt\/poszewka-bawelniana\/#breadcrumb\"},\"inLanguage\":\"en-GB\",\"potentialAction\":[{\"@type\":\"ReadAction\",\"target\":[\"https:\/\/jogapiekna.com\/produkt\/poszewka-bawelniana\/\"]}]},{\"@type\":\"ImageObject\",\"inLanguage\":\"en-GB\",\"@id\":\"https:\/\/jogapiekna.com\/produkt\/poszewka-bawelniana\/#primaryimage\",\"url\":\"https:\/\/jogapiekna.com\/wp-content\/uploads\/2019\/04\/Poszewka-bawelniana-na-poduszke-antyzmarszczkowa-ByeByeWrinkles-kolory_2025.jpg\",\"contentUrl\":\"https:\/\/jogapiekna.com\/wp-content\/uploads\/2019\/04\/Poszewka-bawelniana-na-poduszke-antyzmarszczkowa-ByeByeWrinkles-kolory_2025.jpg\",\"width\":1000,\"height\":1000,\"caption\":\"Poszewka bawe\u0142niana na poduszk\u0119 Bye Bye Wrinkles\"},{\"@type\":\"BreadcrumbList\",\"@id\":\"https:\/\/jogapiekna.com\/produkt\/poszewka-bawelniana\/#breadcrumb\",\"itemListElement\":[{\"@type\":\"ListItem\",\"position\":1,\"name\":\"Strona g\u0142\u00f3wna\",\"item\":\"https:\/\/jogapiekna.com\/\"},{\"@type\":\"ListItem\",\"position\":2,\"name\":\"Sklep\",\"item\":\"https:\/\/jogapiekna.com\/sklep\/\"},{\"@type\":\"ListItem\",\"position\":3,\"name\":\"Poszewka bawe\u0142niana na poduszk\u0119 Bye Bye Wrinkles\"}]},{\"@type\":\"WebSite\",\"@id\":\"https:\/\/jogapiekna.com\/#website\",\"url\":\"https:\/\/jogapiekna.com\/\",\"name\":\"Joga Pi\u0119kna Marta Kuci\u0144ska\",\"description\":\"Joga Pi\u0119kna pomaga kobietom zachowa\u0107 urod\u0119, cofn\u0105\u0107 oznaki up\u0142ywaj\u0105cego czasu i zm\u0119czenia, odzyska\u0107 promienny wygl\u0105d, naturalny u\u015bmiech i popraw\u0119 w\u0142asnej samooceny.\",\"publisher\":{\"@id\":\"https:\/\/jogapiekna.com\/#organization\"},\"potentialAction\":[{\"@type\":\"SearchAction\",\"target\":{\"@type\":\"EntryPoint\",\"urlTemplate\":\"https:\/\/jogapiekna.com\/?s={search_term_string}\"},\"query-input\":{\"@type\":\"PropertyValueSpecification\",\"valueRequired\":true,\"valueName\":\"search_term_string\"}}],\"inLanguage\":\"en-GB\"},{\"@type\":\"Organization\",\"@id\":\"https:\/\/jogapiekna.com\/#organization\",\"name\":\"Joga Pi\u0119kna Marta Kuci\u0144ska\",\"url\":\"https:\/\/jogapiekna.com\/\",\"logo\":{\"@type\":\"ImageObject\",\"inLanguage\":\"en-GB\",\"@id\":\"https:\/\/jogapiekna.com\/#\/schema\/logo\/image\/\",\"url\":\"https:\/\/jogapiekna.com\/wp-content\/uploads\/2022\/09\/joga-piekna-logo_Rka.png\",\"contentUrl\":\"https:\/\/jogapiekna.com\/wp-content\/uploads\/2022\/09\/joga-piekna-logo_Rka.png\",\"width\":231,\"height\":124,\"caption\":\"Joga Pi\u0119kna Marta Kuci\u0144ska\"},\"image\":{\"@id\":\"https:\/\/jogapiekna.com\/#\/schema\/logo\/image\/\"},\"sameAs\":[\"https:\/\/www.facebook.com\/JogaPieknaCom\/\",\"https:\/\/www.instagram.com\/jogapieknacom\/\"]}]}<\/script>\n<!-- \/ Yoast SEO plugin. -->","yoast_head_json":{"title":"Bye Bye Wrinkles Cotton Pillowcase\u00a0","description":"Poznaj w\u0142a\u015bciwo\u015bci poszewki bawe\u0142nianej na poduszk\u0119 antyzmarszczkow\u0105 Bye Bye Wrinkles. Jest uniwersalna, mi\u0142a w dotyku i dba o Tw\u00f3j komfort.\u00a0","robots":{"index":"index","follow":"follow","max-snippet":"max-snippet:-1","max-image-preview":"max-image-preview:large","max-video-preview":"max-video-preview:-1"},"canonical":"https:\/\/jogapiekna.com\/en\/product\/poszewka-bawelniana\/","og_locale":"en_GB","og_type":"article","og_title":"Poszewka bawe\u0142niana na poduszk\u0119 Bye Bye Wrinkles\u00a0","og_description":"Poznaj w\u0142a\u015bciwo\u015bci poszewki bawe\u0142nianej na poduszk\u0119 antyzmarszczkow\u0105 Bye Bye Wrinkles. Jest uniwersalna, mi\u0142a w dotyku i dba o Tw\u00f3j komfort.\u00a0","og_url":"https:\/\/jogapiekna.com\/en\/product\/poszewka-bawelniana\/","og_site_name":"JOGA PI\u0118KNA | Joga Twarzy","article_publisher":"https:\/\/www.facebook.com\/JogaPieknaCom\/","article_modified_time":"2026-04-06T13:09:00+00:00","og_image":[{"width":1000,"height":1000,"url":"https:\/\/jogapiekna.com\/wp-content\/uploads\/2019\/04\/Poszewka-bawelniana-na-poduszke-antyzmarszczkowa-ByeByeWrinkles-kolory_2025.jpg","type":"image\/jpeg"}],"twitter_card":"summary_large_image","twitter_misc":{"Estimated reading time":"2 minutes"},"schema":{"@context":"https:\/\/schema.org","@graph":[{"@type":"WebPage","@id":"https:\/\/jogapiekna.com\/produkt\/poszewka-bawelniana\/","url":"https:\/\/jogapiekna.com\/produkt\/poszewka-bawelniana\/","name":"Bye Bye Wrinkles Cotton Pillowcase\u00a0","isPartOf":{"@id":"https:\/\/jogapiekna.com\/#website"},"primaryImageOfPage":{"@id":"https:\/\/jogapiekna.com\/produkt\/poszewka-bawelniana\/#primaryimage"},"image":{"@id":"https:\/\/jogapiekna.com\/produkt\/poszewka-bawelniana\/#primaryimage"},"thumbnailUrl":"https:\/\/jogapiekna.com\/wp-content\/uploads\/2019\/04\/Poszewka-bawelniana-na-poduszke-antyzmarszczkowa-ByeByeWrinkles-kolory_2025.jpg","datePublished":"2019-04-09T09:11:36+00:00","dateModified":"2026-04-06T13:09:00+00:00","description":"Poznaj w\u0142a\u015bciwo\u015bci poszewki bawe\u0142nianej na poduszk\u0119 antyzmarszczkow\u0105 Bye Bye Wrinkles. Jest uniwersalna, mi\u0142a w dotyku i dba o Tw\u00f3j komfort.\u00a0","breadcrumb":{"@id":"https:\/\/jogapiekna.com\/produkt\/poszewka-bawelniana\/#breadcrumb"},"inLanguage":"en-GB","potentialAction":[{"@type":"ReadAction","target":["https:\/\/jogapiekna.com\/produkt\/poszewka-bawelniana\/"]}]},{"@type":"ImageObject","inLanguage":"en-GB","@id":"https:\/\/jogapiekna.com\/produkt\/poszewka-bawelniana\/#primaryimage","url":"https:\/\/jogapiekna.com\/wp-content\/uploads\/2019\/04\/Poszewka-bawelniana-na-poduszke-antyzmarszczkowa-ByeByeWrinkles-kolory_2025.jpg","contentUrl":"https:\/\/jogapiekna.com\/wp-content\/uploads\/2019\/04\/Poszewka-bawelniana-na-poduszke-antyzmarszczkowa-ByeByeWrinkles-kolory_2025.jpg","width":1000,"height":1000,"caption":"Poszewka bawe\u0142niana na poduszk\u0119 Bye Bye Wrinkles"},{"@type":"BreadcrumbList","@id":"https:\/\/jogapiekna.com\/produkt\/poszewka-bawelniana\/#breadcrumb","itemListElement":[{"@type":"ListItem","position":1,"name":"Strona g\u0142\u00f3wna","item":"https:\/\/jogapiekna.com\/"},{"@type":"ListItem","position":2,"name":"Sklep","item":"https:\/\/jogapiekna.com\/sklep\/"},{"@type":"ListItem","position":3,"name":"Poszewka bawe\u0142niana na poduszk\u0119 Bye Bye Wrinkles"}]},{"@type":"WebSite","@id":"https:\/\/jogapiekna.com\/#website","url":"https:\/\/jogapiekna.com\/","name":"Yoga Beauty Marta Kuci\u0144ska","description":"Beauty Yoga helps women to maintain their beauty, reverse the signs of passing time and fatigue, regain a radiant appearance, natural smile and improve their self-esteem.","publisher":{"@id":"https:\/\/jogapiekna.com\/#organization"},"potentialAction":[{"@type":"SearchAction","target":{"@type":"EntryPoint","urlTemplate":"https:\/\/jogapiekna.com\/?s={search_term_string}"},"query-input":{"@type":"PropertyValueSpecification","valueRequired":true,"valueName":"search_term_string"}}],"inLanguage":"en-GB"},{"@type":"Organization","@id":"https:\/\/jogapiekna.com\/#organization","name":"Yoga Beauty Marta Kuci\u0144ska","url":"https:\/\/jogapiekna.com\/","logo":{"@type":"ImageObject","inLanguage":"en-GB","@id":"https:\/\/jogapiekna.com\/#\/schema\/logo\/image\/","url":"https:\/\/jogapiekna.com\/wp-content\/uploads\/2022\/09\/joga-piekna-logo_Rka.png","contentUrl":"https:\/\/jogapiekna.com\/wp-content\/uploads\/2022\/09\/joga-piekna-logo_Rka.png","width":231,"height":124,"caption":"Joga Pi\u0119kna Marta Kuci\u0144ska"},"image":{"@id":"https:\/\/jogapiekna.com\/#\/schema\/logo\/image\/"},"sameAs":["https:\/\/www.facebook.com\/JogaPieknaCom\/","https:\/\/www.instagram.com\/jogapieknacom\/"]}]}},"_links":{"self":[{"href":"https:\/\/jogapiekna.com\/en\/wp-json\/wp\/v2\/product\/1664","targetHints":{"allow":["GET"]}}],"collection":[{"href":"https:\/\/jogapiekna.com\/en\/wp-json\/wp\/v2\/product"}],"about":[{"href":"https:\/\/jogapiekna.com\/en\/wp-json\/wp\/v2\/types\/product"}],"replies":[{"embeddable":true,"href":"https:\/\/jogapiekna.com\/en\/wp-json\/wp\/v2\/comments?post=1664"}],"version-history":[{"count":6,"href":"https:\/\/jogapiekna.com\/en\/wp-json\/wp\/v2\/product\/1664\/revisions"}],"predecessor-version":[{"id":190714,"href":"https:\/\/jogapiekna.com\/en\/wp-json\/wp\/v2\/product\/1664\/revisions\/190714"}],"wp:featuredmedia":[{"embeddable":true,"href":"https:\/\/jogapiekna.com\/en\/wp-json\/wp\/v2\/media\/202166"}],"wp:attachment":[{"href":"https:\/\/jogapiekna.com\/en\/wp-json\/wp\/v2\/media?parent=1664"}],"wp:term":[{"taxonomy":"product_brand","embeddable":true,"href":"https:\/\/jogapiekna.com\/en\/wp-json\/wp\/v2\/product_brand?post=1664"},{"taxonomy":"product_cat","embeddable":true,"href":"https:\/\/jogapiekna.com\/en\/wp-json\/wp\/v2\/product_cat?post=1664"},{"taxonomy":"product_tag","embeddable":true,"href":"https:\/\/jogapiekna.com\/en\/wp-json\/wp\/v2\/product_tag?post=1664"}],"curies":[{"name":"wp","href":"https:\/\/api.w.org\/{rel}","templated":true}]}}