{"id":175751,"date":"2024-09-26T11:09:50","date_gmt":"2024-09-26T09:09:50","guid":{"rendered":"https:\/\/jogapiekna.com\/?post_type=product&#038;p=175751"},"modified":"2026-02-05T15:37:53","modified_gmt":"2026-02-05T14:37:53","slug":"turmeric-kurkuma-amla-60","status":"publish","type":"product","link":"https:\/\/jogapiekna.com\/en\/product\/turmeric-kurkuma-amla-60\/","title":{"rendered":"Turmeric - legendary turmeric with Amla - 60 capsules"},"content":{"rendered":"<p><strong>Turmeric capsules<\/strong> is made from a powerful blend of the purest form of Haldi and Amla. The main active ingredient curcuminoids - derived from Haldi (Turmeric), which provides numerous health benefits, while Amla (Indian Gooseberry) enhances nutrient absorption. This capsule contains curcumin - an extract from turmeric that <strong>protects the heart<\/strong>, <strong>brain<\/strong>, <strong>joints<\/strong> i <strong>strengthens brain function<\/strong>. Turmeric has supportive properties for inflammation in the body. Through long-term use, it helps to <strong>boosts immunity and prevents disease progression<\/strong> in the body. In addition, its tridosha balancing properties enhance the body's natural healing ability. Turmeric capsules also protect the skin from <strong>acne, infections and allergies<\/strong> and provide <strong>anti-ageing support<\/strong>, making you look youthful.<\/p>\n<p><strong>Turmeric<\/strong> is used in Ayurveda to balance the Vata, Pitta and Kapha doshas. It has many beneficial effects on the blood, plasma and circulatory system (rasa and rakta dhatus). It also ignites agni (digestive fire), helping to reduce Kapha dosha and remove toxins from the body (ama). Properties <strong>anti-inflammatory and antioxidant properties<\/strong> Haldi helps prevent the progression of disease in the body by increasing the <strong>the body's natural healing ability and by strengthening the immune system from within<\/strong>. It also helps <strong>reduce diabetes-related complications such as ulcers, wounds and kidney damage<\/strong>.<\/p>\n<p>&nbsp;<\/p>\n<h2>Key Ingredients<\/h2>\n<p>- Haldi (Long turmeric \/ Long oyster \/ Curcuma longa)<br \/>\n- Amla (Indian gooseberry \/ Tansy leaf (Emblica officinalis)<\/p>\n<p>&nbsp;<\/p>\n<h3>Full team<\/h3>\n<p>- Turmeric rhizome powder (Curcuma longa) - 300mg<br \/>\n- Turmeric rhizome extract (Curcuma longa) - 50mg<br \/>\nof which: curcuminoids - 45mg<br \/>\n- Powdered fruit of tansy leaf (Emblica officinalis) - 100ml<\/p>\n<p>Capsule shell (vegan capsule):<br \/>\n- Glazing agent - Hypromellose \/ Hydroxypropylmethylcellulose (Hypromellose)<\/p>\n<p>&nbsp;<\/p>\n<h2>Application:<\/h2>\n<p>- Cleanses the body<br \/>\n- Detoxifies the body of toxins<br \/>\n- Slows down the ageing process<br \/>\n* Weak resistance<br \/>\n- Acne<br \/>\n- Skin allergies<br \/>\n- Skin infections<br \/>\n- Counteracts skin seborrhoea<br \/>\n- Inflammatory conditions of the body and skin<br \/>\n- Balances blood sugar levels<br \/>\n- Helps with joint problems<br \/>\n- Improves food absorption in the intestines<br \/>\n- Cleanses the intestines<\/p>\n<p>&nbsp;<\/p>\n<h2>Contraindications:<\/h2>\n<p>- Acute jaundice<br \/>\n- Hepatitis<br \/>\n* Pregnancy<\/p>","protected":false},"excerpt":{"rendered":"<p>The classic, legendary turmeric - alongside it - the queen of herbs Amla<\/p>\n<p>- Cleanses and detoxifies the body<br \/>\n- Keeps skin free from acne and dermatitis<br \/>\n- Used in the treatment of allergies<br \/>\n- Balances blood sugar levels<br \/>\n- Poor immunity\/infections<br \/>\n- Helps with joint problems<br \/>\n- Slows down the ageing process<\/p>\n<p><strong>Container:<\/strong> 60 capsules<br \/>\n<strong>Recommended serving:<\/strong> 1 capsule 2 times a day<br \/>\n<strong>1 pack is enough for 1 month of use<\/strong><\/p>\n<p><strong>EXPIRY DATE: 09\/2026\u00a0<\/strong><\/p>","protected":false},"featured_media":175749,"comment_status":"closed","ping_status":"closed","template":"","meta":{"_acf_changed":false,"site-sidebar-layout":"default","site-content-layout":"","ast-site-content-layout":"default","site-content-style":"default","site-sidebar-style":"default","ast-global-header-display":"","ast-banner-title-visibility":"","ast-main-header-display":"","ast-hfb-above-header-display":"","ast-hfb-below-header-display":"","ast-hfb-mobile-header-display":"","site-post-title":"","ast-breadcrumbs-content":"","ast-featured-img":"","footer-sml-layout":"","ast-disable-related-posts":"","theme-transparent-header-meta":"default","adv-header-id-meta":"","stick-header-meta":"","header-above-stick-meta":"","header-main-stick-meta":"","header-below-stick-meta":"","astra-migrate-meta-layouts":"set","ast-page-background-enabled":"default","ast-page-background-meta":{"desktop":{"background-color":"var(--ast-global-color-5)","background-image":"","background-repeat":"repeat","background-position":"center center","background-size":"auto","background-attachment":"scroll","background-type":"","background-media":"","overlay-type":"","overlay-color":"","overlay-opacity":"","overlay-gradient":""},"tablet":{"background-color":"","background-image":"","background-repeat":"repeat","background-position":"center center","background-size":"auto","background-attachment":"scroll","background-type":"","background-media":"","overlay-type":"","overlay-color":"","overlay-opacity":"","overlay-gradient":""},"mobile":{"background-color":"","background-image":"","background-repeat":"repeat","background-position":"center center","background-size":"auto","background-attachment":"scroll","background-type":"","background-media":"","overlay-type":"","overlay-color":"","overlay-opacity":"","overlay-gradient":""}},"ast-content-background-meta":{"desktop":{"background-color":"var(--ast-global-color-4)","background-image":"","background-repeat":"repeat","background-position":"center center","background-size":"auto","background-attachment":"scroll","background-type":"","background-media":"","overlay-type":"","overlay-color":"","overlay-opacity":"","overlay-gradient":""},"tablet":{"background-color":"var(--ast-global-color-4)","background-image":"","background-repeat":"repeat","background-position":"center center","background-size":"auto","background-attachment":"scroll","background-type":"","background-media":"","overlay-type":"","overlay-color":"","overlay-opacity":"","overlay-gradient":""},"mobile":{"background-color":"var(--ast-global-color-4)","background-image":"","background-repeat":"repeat","background-position":"center center","background-size":"auto","background-attachment":"scroll","background-type":"","background-media":"","overlay-type":"","overlay-color":"","overlay-opacity":"","overlay-gradient":""}}},"product_brand":[],"product_cat":[639],"product_tag":[682,367],"class_list":{"0":"post-175751","1":"product","2":"type-product","3":"status-publish","4":"has-post-thumbnail","6":"product_cat-suplementy","7":"product_tag-nari-sakhi","8":"product_tag-uklad-rozrodczy","9":"desktop-align-left","10":"tablet-align-left","11":"mobile-align-left","13":"first","14":"instock","15":"taxable","16":"shipping-taxable","17":"purchasable","18":"product-type-simple"},"acf":[],"yoast_head":"<!-- This site is optimized with the Yoast SEO plugin v27.2 - https:\/\/yoast.com\/product\/yoast-seo-wordpress\/ -->\n<title>Turmeric \u2013 legendarna kurkuma z dodatkiem Amla \u2013 60 kapsu\u0142ek<\/title>\n<meta name=\"description\" content=\"Turmeric w kapsu\u0142kach jest wykonany z pot\u0119\u017cnej mieszanki najczystszej formy Haldi i Amla.\" \/>\n<meta name=\"robots\" content=\"index, follow, max-snippet:-1, max-image-preview:large, max-video-preview:-1\" \/>\n<link rel=\"canonical\" href=\"https:\/\/jogapiekna.com\/en\/product\/turmeric-kurkuma-amla-60\/\" \/>\n<meta property=\"og:locale\" content=\"en_GB\" \/>\n<meta property=\"og:type\" content=\"article\" \/>\n<meta property=\"og:title\" content=\"Turmeric \u2013 legendarna kurkuma z dodatkiem Amla \u2013 60 kapsu\u0142ek\" \/>\n<meta property=\"og:description\" content=\"Turmeric w kapsu\u0142kach jest wykonany z pot\u0119\u017cnej mieszanki najczystszej formy Haldi i Amla.\" \/>\n<meta property=\"og:url\" content=\"https:\/\/jogapiekna.com\/en\/product\/turmeric-kurkuma-amla-60\/\" \/>\n<meta property=\"og:site_name\" content=\"JOGA PI\u0118KNA | Joga Twarzy\" \/>\n<meta property=\"article:publisher\" content=\"https:\/\/www.facebook.com\/JogaPieknaCom\/\" \/>\n<meta property=\"article:modified_time\" content=\"2026-02-05T14:37:53+00:00\" \/>\n<meta property=\"og:image\" content=\"https:\/\/jogapiekna.com\/wp-content\/uploads\/2024\/09\/Turmeric-kurkuma-Amla.jpg\" \/>\n\t<meta property=\"og:image:width\" content=\"1000\" \/>\n\t<meta property=\"og:image:height\" content=\"1000\" \/>\n\t<meta property=\"og:image:type\" content=\"image\/jpeg\" \/>\n<meta name=\"twitter:card\" content=\"summary_large_image\" \/>\n<meta name=\"twitter:label1\" content=\"Estimated reading time\" \/>\n\t<meta name=\"twitter:data1\" content=\"3 minutes\" \/>\n<script type=\"application\/ld+json\" class=\"yoast-schema-graph\">{\"@context\":\"https:\/\/schema.org\",\"@graph\":[{\"@type\":\"WebPage\",\"@id\":\"https:\/\/jogapiekna.com\/produkt\/turmeric-kurkuma-amla-60\/\",\"url\":\"https:\/\/jogapiekna.com\/produkt\/turmeric-kurkuma-amla-60\/\",\"name\":\"Turmeric \u2013 legendarna kurkuma z dodatkiem Amla \u2013 60 kapsu\u0142ek\",\"isPartOf\":{\"@id\":\"https:\/\/jogapiekna.com\/#website\"},\"primaryImageOfPage\":{\"@id\":\"https:\/\/jogapiekna.com\/produkt\/turmeric-kurkuma-amla-60\/#primaryimage\"},\"image\":{\"@id\":\"https:\/\/jogapiekna.com\/produkt\/turmeric-kurkuma-amla-60\/#primaryimage\"},\"thumbnailUrl\":\"https:\/\/jogapiekna.com\/wp-content\/uploads\/2024\/09\/Turmeric-kurkuma-Amla.jpg\",\"datePublished\":\"2024-09-26T09:09:50+00:00\",\"dateModified\":\"2026-02-05T14:37:53+00:00\",\"description\":\"Turmeric w kapsu\u0142kach jest wykonany z pot\u0119\u017cnej mieszanki najczystszej formy Haldi i Amla.\",\"breadcrumb\":{\"@id\":\"https:\/\/jogapiekna.com\/produkt\/turmeric-kurkuma-amla-60\/#breadcrumb\"},\"inLanguage\":\"en-GB\",\"potentialAction\":[{\"@type\":\"ReadAction\",\"target\":[\"https:\/\/jogapiekna.com\/produkt\/turmeric-kurkuma-amla-60\/\"]}]},{\"@type\":\"ImageObject\",\"inLanguage\":\"en-GB\",\"@id\":\"https:\/\/jogapiekna.com\/produkt\/turmeric-kurkuma-amla-60\/#primaryimage\",\"url\":\"https:\/\/jogapiekna.com\/wp-content\/uploads\/2024\/09\/Turmeric-kurkuma-Amla.jpg\",\"contentUrl\":\"https:\/\/jogapiekna.com\/wp-content\/uploads\/2024\/09\/Turmeric-kurkuma-Amla.jpg\",\"width\":1000,\"height\":1000,\"caption\":\"Turmeric \u2013 legendarna kurkuma z dodatkiem Amla \u2013 60 kapsu\u0142ek\"},{\"@type\":\"BreadcrumbList\",\"@id\":\"https:\/\/jogapiekna.com\/produkt\/turmeric-kurkuma-amla-60\/#breadcrumb\",\"itemListElement\":[{\"@type\":\"ListItem\",\"position\":1,\"name\":\"Strona g\u0142\u00f3wna\",\"item\":\"https:\/\/jogapiekna.com\/\"},{\"@type\":\"ListItem\",\"position\":2,\"name\":\"Sklep\",\"item\":\"https:\/\/jogapiekna.com\/sklep\/\"},{\"@type\":\"ListItem\",\"position\":3,\"name\":\"Turmeric \u2022 legendarna kurkuma z dodatkiem Amla \u2022 60 kapsu\u0142ek\"}]},{\"@type\":\"WebSite\",\"@id\":\"https:\/\/jogapiekna.com\/#website\",\"url\":\"https:\/\/jogapiekna.com\/\",\"name\":\"Joga Pi\u0119kna Marta Kuci\u0144ska\",\"description\":\"Joga Pi\u0119kna pomaga kobietom zachowa\u0107 urod\u0119, cofn\u0105\u0107 oznaki up\u0142ywaj\u0105cego czasu i zm\u0119czenia, odzyska\u0107 promienny wygl\u0105d, naturalny u\u015bmiech i popraw\u0119 w\u0142asnej samooceny.\",\"publisher\":{\"@id\":\"https:\/\/jogapiekna.com\/#organization\"},\"potentialAction\":[{\"@type\":\"SearchAction\",\"target\":{\"@type\":\"EntryPoint\",\"urlTemplate\":\"https:\/\/jogapiekna.com\/?s={search_term_string}\"},\"query-input\":{\"@type\":\"PropertyValueSpecification\",\"valueRequired\":true,\"valueName\":\"search_term_string\"}}],\"inLanguage\":\"en-GB\"},{\"@type\":\"Organization\",\"@id\":\"https:\/\/jogapiekna.com\/#organization\",\"name\":\"Joga Pi\u0119kna Marta Kuci\u0144ska\",\"url\":\"https:\/\/jogapiekna.com\/\",\"logo\":{\"@type\":\"ImageObject\",\"inLanguage\":\"en-GB\",\"@id\":\"https:\/\/jogapiekna.com\/#\/schema\/logo\/image\/\",\"url\":\"https:\/\/jogapiekna.com\/wp-content\/uploads\/2022\/09\/joga-piekna-logo_Rka.png\",\"contentUrl\":\"https:\/\/jogapiekna.com\/wp-content\/uploads\/2022\/09\/joga-piekna-logo_Rka.png\",\"width\":231,\"height\":124,\"caption\":\"Joga Pi\u0119kna Marta Kuci\u0144ska\"},\"image\":{\"@id\":\"https:\/\/jogapiekna.com\/#\/schema\/logo\/image\/\"},\"sameAs\":[\"https:\/\/www.facebook.com\/JogaPieknaCom\/\",\"https:\/\/www.instagram.com\/jogapieknacom\/\"]}]}<\/script>\n<!-- \/ Yoast SEO plugin. -->","yoast_head_json":{"title":"Turmeric \u2013 legendarna kurkuma z dodatkiem Amla \u2013 60 kapsu\u0142ek","description":"Turmeric w kapsu\u0142kach jest wykonany z pot\u0119\u017cnej mieszanki najczystszej formy Haldi i Amla.","robots":{"index":"index","follow":"follow","max-snippet":"max-snippet:-1","max-image-preview":"max-image-preview:large","max-video-preview":"max-video-preview:-1"},"canonical":"https:\/\/jogapiekna.com\/en\/product\/turmeric-kurkuma-amla-60\/","og_locale":"en_GB","og_type":"article","og_title":"Turmeric \u2013 legendarna kurkuma z dodatkiem Amla \u2013 60 kapsu\u0142ek","og_description":"Turmeric w kapsu\u0142kach jest wykonany z pot\u0119\u017cnej mieszanki najczystszej formy Haldi i Amla.","og_url":"https:\/\/jogapiekna.com\/en\/product\/turmeric-kurkuma-amla-60\/","og_site_name":"JOGA PI\u0118KNA | Joga Twarzy","article_publisher":"https:\/\/www.facebook.com\/JogaPieknaCom\/","article_modified_time":"2026-02-05T14:37:53+00:00","og_image":[{"width":1000,"height":1000,"url":"https:\/\/jogapiekna.com\/wp-content\/uploads\/2024\/09\/Turmeric-kurkuma-Amla.jpg","type":"image\/jpeg"}],"twitter_card":"summary_large_image","twitter_misc":{"Estimated reading time":"3 minutes"},"schema":{"@context":"https:\/\/schema.org","@graph":[{"@type":"WebPage","@id":"https:\/\/jogapiekna.com\/produkt\/turmeric-kurkuma-amla-60\/","url":"https:\/\/jogapiekna.com\/produkt\/turmeric-kurkuma-amla-60\/","name":"Turmeric \u2013 legendarna kurkuma z dodatkiem Amla \u2013 60 kapsu\u0142ek","isPartOf":{"@id":"https:\/\/jogapiekna.com\/#website"},"primaryImageOfPage":{"@id":"https:\/\/jogapiekna.com\/produkt\/turmeric-kurkuma-amla-60\/#primaryimage"},"image":{"@id":"https:\/\/jogapiekna.com\/produkt\/turmeric-kurkuma-amla-60\/#primaryimage"},"thumbnailUrl":"https:\/\/jogapiekna.com\/wp-content\/uploads\/2024\/09\/Turmeric-kurkuma-Amla.jpg","datePublished":"2024-09-26T09:09:50+00:00","dateModified":"2026-02-05T14:37:53+00:00","description":"Turmeric w kapsu\u0142kach jest wykonany z pot\u0119\u017cnej mieszanki najczystszej formy Haldi i Amla.","breadcrumb":{"@id":"https:\/\/jogapiekna.com\/produkt\/turmeric-kurkuma-amla-60\/#breadcrumb"},"inLanguage":"en-GB","potentialAction":[{"@type":"ReadAction","target":["https:\/\/jogapiekna.com\/produkt\/turmeric-kurkuma-amla-60\/"]}]},{"@type":"ImageObject","inLanguage":"en-GB","@id":"https:\/\/jogapiekna.com\/produkt\/turmeric-kurkuma-amla-60\/#primaryimage","url":"https:\/\/jogapiekna.com\/wp-content\/uploads\/2024\/09\/Turmeric-kurkuma-Amla.jpg","contentUrl":"https:\/\/jogapiekna.com\/wp-content\/uploads\/2024\/09\/Turmeric-kurkuma-Amla.jpg","width":1000,"height":1000,"caption":"Turmeric \u2013 legendarna kurkuma z dodatkiem Amla \u2013 60 kapsu\u0142ek"},{"@type":"BreadcrumbList","@id":"https:\/\/jogapiekna.com\/produkt\/turmeric-kurkuma-amla-60\/#breadcrumb","itemListElement":[{"@type":"ListItem","position":1,"name":"Strona g\u0142\u00f3wna","item":"https:\/\/jogapiekna.com\/"},{"@type":"ListItem","position":2,"name":"Sklep","item":"https:\/\/jogapiekna.com\/sklep\/"},{"@type":"ListItem","position":3,"name":"Turmeric \u2022 legendarna kurkuma z dodatkiem Amla \u2022 60 kapsu\u0142ek"}]},{"@type":"WebSite","@id":"https:\/\/jogapiekna.com\/#website","url":"https:\/\/jogapiekna.com\/","name":"Yoga Beauty Marta Kuci\u0144ska","description":"Beauty Yoga helps women to maintain their beauty, reverse the signs of passing time and fatigue, regain a radiant appearance, natural smile and improve their self-esteem.","publisher":{"@id":"https:\/\/jogapiekna.com\/#organization"},"potentialAction":[{"@type":"SearchAction","target":{"@type":"EntryPoint","urlTemplate":"https:\/\/jogapiekna.com\/?s={search_term_string}"},"query-input":{"@type":"PropertyValueSpecification","valueRequired":true,"valueName":"search_term_string"}}],"inLanguage":"en-GB"},{"@type":"Organization","@id":"https:\/\/jogapiekna.com\/#organization","name":"Yoga Beauty Marta Kuci\u0144ska","url":"https:\/\/jogapiekna.com\/","logo":{"@type":"ImageObject","inLanguage":"en-GB","@id":"https:\/\/jogapiekna.com\/#\/schema\/logo\/image\/","url":"https:\/\/jogapiekna.com\/wp-content\/uploads\/2022\/09\/joga-piekna-logo_Rka.png","contentUrl":"https:\/\/jogapiekna.com\/wp-content\/uploads\/2022\/09\/joga-piekna-logo_Rka.png","width":231,"height":124,"caption":"Joga Pi\u0119kna Marta Kuci\u0144ska"},"image":{"@id":"https:\/\/jogapiekna.com\/#\/schema\/logo\/image\/"},"sameAs":["https:\/\/www.facebook.com\/JogaPieknaCom\/","https:\/\/www.instagram.com\/jogapieknacom\/"]}]}},"_links":{"self":[{"href":"https:\/\/jogapiekna.com\/en\/wp-json\/wp\/v2\/product\/175751","targetHints":{"allow":["GET"]}}],"collection":[{"href":"https:\/\/jogapiekna.com\/en\/wp-json\/wp\/v2\/product"}],"about":[{"href":"https:\/\/jogapiekna.com\/en\/wp-json\/wp\/v2\/types\/product"}],"replies":[{"embeddable":true,"href":"https:\/\/jogapiekna.com\/en\/wp-json\/wp\/v2\/comments?post=175751"}],"version-history":[{"count":3,"href":"https:\/\/jogapiekna.com\/en\/wp-json\/wp\/v2\/product\/175751\/revisions"}],"predecessor-version":[{"id":216174,"href":"https:\/\/jogapiekna.com\/en\/wp-json\/wp\/v2\/product\/175751\/revisions\/216174"}],"wp:featuredmedia":[{"embeddable":true,"href":"https:\/\/jogapiekna.com\/en\/wp-json\/wp\/v2\/media\/175749"}],"wp:attachment":[{"href":"https:\/\/jogapiekna.com\/en\/wp-json\/wp\/v2\/media?parent=175751"}],"wp:term":[{"taxonomy":"product_brand","embeddable":true,"href":"https:\/\/jogapiekna.com\/en\/wp-json\/wp\/v2\/product_brand?post=175751"},{"taxonomy":"product_cat","embeddable":true,"href":"https:\/\/jogapiekna.com\/en\/wp-json\/wp\/v2\/product_cat?post=175751"},{"taxonomy":"product_tag","embeddable":true,"href":"https:\/\/jogapiekna.com\/en\/wp-json\/wp\/v2\/product_tag?post=175751"}],"curies":[{"name":"wp","href":"https:\/\/api.w.org\/{rel}","templated":true}]}}