{"id":176436,"date":"2024-10-08T13:33:00","date_gmt":"2024-10-08T11:33:00","guid":{"rendered":"https:\/\/jogapiekna.com\/?post_type=product&#038;p=176436"},"modified":"2026-03-27T21:09:04","modified_gmt":"2026-03-27T20:09:04","slug":"gua-sha-karbowana-sodalit","status":"publish","type":"product","link":"https:\/\/jogapiekna.com\/en\/product\/gua-sha-karbowana-sodalit\/","title":{"rendered":"Gua-Sha stone blue sodalite - fluted edges - multifunctional massager"},"content":{"rendered":"<p>Do you want to naturally sculpt your facial oval, reduce puffiness and restore a healthy glow to your skin? Are you looking for an effective way to relax and <strong>Relief of muscular tension after a long day<\/strong>? The Gua-Sha stone made of blue sodalite, with its fluted edges, is the ideal solution for you. By combining a traditional massage technique, with the unique properties of the natural stone, you can not only improve the appearance of your skin, but also introduce a moment of relaxation and harmony into your daily beauty ritual.<\/p>\n<p>&nbsp;<\/p>\n<h2>What does a Gua-Sha massage offer?<\/h2>\n<p>Gua-Sha massage is an ancient technique with a range of skin and health benefits. Regular practice stimulates blood circulation, which promotes better oxygenation of the skin and cell regeneration.<strong> Acts as a natural lifting<\/strong> - Firms the skin, improves the oval of the face and reduces the appearance of fine lines and wrinkles. It promotes lymphatic drainage, effectively reducing puffiness and dark circles under the eyes, plus relieves muscle tension for a feeling of relaxation and relief, especially after a stressful day.<\/p>\n<p>&nbsp;<\/p>\n<h3>Effects of Gua Sha massage<\/h3>\n<ul>\n<li>Natural face lift and oval improvement<\/li>\n<li>Stimulation of blood circulation and improved oxygenation of the skin<\/li>\n<li>Reduction of puffiness and dark circles under the eyes<\/li>\n<li>Supporting lymphatic drainage<\/li>\n<li>Reduction of muscle tension and feeling of relaxation<\/li>\n<li>Smooth fine lines and improve skin elasticity<\/li>\n<li>Stimulating cell regeneration for a radiant appearance<\/li>\n<\/ul>\n<p>&nbsp;<\/p>\n<h2>Sodalite massager - what properties does it have?<\/h2>\n<p>Blue sodalite is a stone with exceptional properties that not only have a positive effect on the skin, but also on wellbeing.<\/p>\n<p>Sodalite is known for its action <strong>soothing and calming<\/strong>, The stone has a beneficial effect on the body, making massage with it helpful in reducing stress and tension. The stone supports emotional balance and promotes harmony, so it is ideal for evening relaxation rituals.<\/p>\n<p>In addition, sodalite has an anti-inflammatory and cooling effect, which soothes skin irritation and helps reduce puffiness, leaving the complexion refreshed and bright.<\/p>\n<p>&nbsp;<\/p>\n<h3>Positive effects of sodalite<\/h3>\n<ul>\n<li>Has a soothing and calming effect, reducing stress and tension<\/li>\n<li>Supports emotional balance and promotes harmony<\/li>\n<li>It has anti-inflammatory and cooling properties, soothing skin irritations<\/li>\n<li>Helps reduce puffiness and refreshes the complexion<\/li>\n<li>Enhances concentration and mental clarity<\/li>\n<\/ul>\n<p>&nbsp;<\/p>\n<h2>What do Gua-Sha's corrugated edges offer?<\/h2>\n<p>The corrugated edges of the Gua-Sha stone not only enhance the effectiveness of the massage, they also <strong>make it extremely multifunctional<\/strong> care tool. Thanks to its irregular surface, you can use the stone in a variety of ways - to gently massage the face, neck and d\u00e9collet\u00e9, or to more intensively stimulate the <strong>higher voltage areas<\/strong>, such as shoulders or back.<\/p>\n<p>The corrugated edges facilitate precise contouring of facial contours, increase the effectiveness of lymphatic drainage and improve micro-circulation to help smooth wrinkles and firm skin.<\/p>\n<p>The multifunctionality of the massager allows it to be tailored to individual needs, making it ideal for both daily care and a deeper, relaxing full-body massage.<\/p>\n<p>&nbsp;<\/p>\n<h2>How to use the Gua-Sha massager?<\/h2>\n<p>To take full advantage of the benefits of the Gua-Sha massager, it is advisable to prepare the skin properly and use the correct massage technique.<\/p>\n<ul>\n<li>We start by washing the face thoroughly to remove impurities and make-up residue.<\/li>\n<li>Apply a serum, massage oil or moisturiser to the skin. Gua-Sha massage is best performed on a slippery surface so that the stone glides smoothly over the skin, avoiding stretching it.<\/li>\n<li>For best results, the massage should last about 5-10 minutes and be performed regularly, such as 3-4 times a week.<\/li>\n<\/ul>\n<p>&nbsp;<\/p>\n<h3>How to get a massage?<\/h3>\n<p>Gua-Sha is a special form of traditional Chinese therapeutic massage that <strong>consists of scraping the skin<\/strong>.<\/p>\n<p>Begin the tile massage from the upper parts of the face each time, moving gradually downwards in accordance with the direction of the arrows - see Fig.1. Move in accordance with the numbered stages.<\/p>\n<p><img decoding=\"async\" class=\"alignleft size-full wp-image-10664\" src=\"https:\/\/jogapiekna.com\/wp-content\/uploads\/2020\/01\/kamien-gua-sha_technika.jpg\" alt=\"\" width=\"\u201e399\u201d\" height=\"\u201e600\u201d\" \/><\/p>\n<p>&nbsp;<\/p>\n<h2>Contraindications for gua sha facial massage<\/h2>\n<ul>\n<li>damaged skin<\/li>\n<li>damaged veins<\/li>\n<li>highly capillary skin<\/li>\n<li>moles<\/li>\n<li>cuts and bruises<\/li>\n<li>extensive acne lesions<\/li>\n<li>rosacea in the active phase<\/li>\n<li>cancer diseases<\/li>\n<\/ul>\n<hr \/>\n<p>Regular massage is a great addition <a href=\"https:\/\/jogapiekna.com\/en\/joga-twarzy\/\">face yoga<\/a>. If you want to learn more about this, please visit my channel at <a href=\"https:\/\/www.youtube.com\/@jogapiekna\">YouTube: Beauty Yoga<\/a>, where I share proven exercises for facial muscles, instructions for rejuvenating massage, as well as tips for holistic care of health, well-being and youth.<\/p>","protected":false},"excerpt":{"rendered":"<p><strong>Gua-Sha plate<\/strong> from blue sodalite is a multifunctional massager that combines traditional massage technique with the unique properties of natural stone. <strong>Corrugated edges<\/strong> enhance the massage effect, precisely stimulating selected areas of the face, promoting lymphatic drainage and reducing puffiness. <strong>Blue sodalite<\/strong>, known for its soothing properties, supports tranquillity and emotional balance, while promoting healthy-looking skin, giving it a glow and freshness.<\/p>\n<p><strong>Size:<\/strong> 8.5cm x 5.5cm x 0.6cm (+\/- 0.2 cm)<br \/>\n<strong>Material:<\/strong> natural blue sodalite<\/p>","protected":false},"featured_media":176625,"comment_status":"closed","ping_status":"closed","template":"","meta":{"_acf_changed":false,"site-sidebar-layout":"default","site-content-layout":"","ast-site-content-layout":"default","site-content-style":"default","site-sidebar-style":"default","ast-global-header-display":"","ast-banner-title-visibility":"","ast-main-header-display":"","ast-hfb-above-header-display":"","ast-hfb-below-header-display":"","ast-hfb-mobile-header-display":"","site-post-title":"","ast-breadcrumbs-content":"","ast-featured-img":"","footer-sml-layout":"","ast-disable-related-posts":"","theme-transparent-header-meta":"default","adv-header-id-meta":"","stick-header-meta":"","header-above-stick-meta":"","header-main-stick-meta":"","header-below-stick-meta":"","astra-migrate-meta-layouts":"set","ast-page-background-enabled":"default","ast-page-background-meta":{"desktop":{"background-color":"var(--ast-global-color-5)","background-image":"","background-repeat":"repeat","background-position":"center center","background-size":"auto","background-attachment":"scroll","background-type":"","background-media":"","overlay-type":"","overlay-color":"","overlay-opacity":"","overlay-gradient":""},"tablet":{"background-color":"","background-image":"","background-repeat":"repeat","background-position":"center center","background-size":"auto","background-attachment":"scroll","background-type":"","background-media":"","overlay-type":"","overlay-color":"","overlay-opacity":"","overlay-gradient":""},"mobile":{"background-color":"","background-image":"","background-repeat":"repeat","background-position":"center center","background-size":"auto","background-attachment":"scroll","background-type":"","background-media":"","overlay-type":"","overlay-color":"","overlay-opacity":"","overlay-gradient":""}},"ast-content-background-meta":{"desktop":{"background-color":"var(--ast-global-color-4)","background-image":"","background-repeat":"repeat","background-position":"center center","background-size":"auto","background-attachment":"scroll","background-type":"","background-media":"","overlay-type":"","overlay-color":"","overlay-opacity":"","overlay-gradient":""},"tablet":{"background-color":"var(--ast-global-color-4)","background-image":"","background-repeat":"repeat","background-position":"center center","background-size":"auto","background-attachment":"scroll","background-type":"","background-media":"","overlay-type":"","overlay-color":"","overlay-opacity":"","overlay-gradient":""},"mobile":{"background-color":"var(--ast-global-color-4)","background-image":"","background-repeat":"repeat","background-position":"center center","background-size":"auto","background-attachment":"scroll","background-type":"","background-media":"","overlay-type":"","overlay-color":"","overlay-opacity":"","overlay-gradient":""}}},"product_brand":[],"product_cat":[908],"product_tag":[315,41,208,268,260,60,256,255,785],"class_list":{"0":"post-176436","1":"product","2":"type-product","3":"status-publish","4":"has-post-thumbnail","6":"product_cat-szkice","7":"product_tag-gua-sha-karbowana","8":"product_tag-joga-twarzy","9":"product_tag-kamien-gua-sha","10":"product_tag-krysztal-gorski","11":"product_tag-masaz-twarzy","12":"product_tag-masazer-do-twarzy","13":"product_tag-pielegnacja-skory","14":"product_tag-pielegnacja-twarzy","15":"product_tag-sodalit","16":"desktop-align-left","17":"tablet-align-left","18":"mobile-align-left","20":"first","21":"outofstock","22":"taxable","23":"shipping-taxable","24":"purchasable","25":"product-type-simple"},"acf":[],"yoast_head":"<!-- This site is optimized with the Yoast SEO plugin v27.4 - https:\/\/yoast.com\/product\/yoast-seo-wordpress\/ -->\n<title>Multifunkcyjny masa\u017cer GuaSha Sodalit | karbowane kraw\u0119dzie<\/title>\n<meta name=\"description\" content=\"Wprowad\u017a do swojej rutyny masa\u017c niebieskim kamieniem GuaSha z sodalitu z karbowanymi kraw\u0119dziami. Poznaj w\u0142a\u015bciwo\u015bci i sprawd\u017a, jak go u\u017cywa\u0107. NOWO\u015a\u0106!\" \/>\n<meta name=\"robots\" content=\"index, follow, max-snippet:-1, max-image-preview:large, max-video-preview:-1\" \/>\n<link rel=\"canonical\" href=\"https:\/\/jogapiekna.com\/en\/product\/gua-sha-karbowana-sodalit\/\" \/>\n<meta property=\"og:locale\" content=\"en_GB\" \/>\n<meta property=\"og:type\" content=\"article\" \/>\n<meta property=\"og:title\" content=\"Multifunkcyjny masa\u017cer GuaSha Sodalit | karbowane kraw\u0119dzie\" \/>\n<meta property=\"og:description\" content=\"Wprowad\u017a do swojej rutyny masa\u017c niebieskim kamieniem GuaSha z sodalitu z karbowanymi kraw\u0119dziami. Poznaj w\u0142a\u015bciwo\u015bci i sprawd\u017a, jak go u\u017cywa\u0107. NOWO\u015a\u0106!\" \/>\n<meta property=\"og:url\" content=\"https:\/\/jogapiekna.com\/en\/product\/gua-sha-karbowana-sodalit\/\" \/>\n<meta property=\"og:site_name\" content=\"JOGA PI\u0118KNA | Joga Twarzy\" \/>\n<meta property=\"article:publisher\" content=\"https:\/\/www.facebook.com\/JogaPieknaCom\/\" \/>\n<meta property=\"article:modified_time\" content=\"2026-03-27T20:09:04+00:00\" \/>\n<meta property=\"og:image\" content=\"https:\/\/jogapiekna.com\/wp-content\/uploads\/2024\/10\/GuaSha-do-masazu-szyi-twarzy-i-dekoltu-niebieski-sodalit-jogapiekna.jpg\" \/>\n\t<meta property=\"og:image:width\" content=\"1000\" \/>\n\t<meta property=\"og:image:height\" content=\"1000\" \/>\n\t<meta property=\"og:image:type\" content=\"image\/jpeg\" \/>\n<meta name=\"twitter:card\" content=\"summary_large_image\" \/>\n<meta name=\"twitter:label1\" content=\"Estimated reading time\" \/>\n\t<meta name=\"twitter:data1\" content=\"4 minutes\" \/>\n<script type=\"application\/ld+json\" class=\"yoast-schema-graph\">{\"@context\":\"https:\\\/\\\/schema.org\",\"@graph\":[{\"@type\":\"WebPage\",\"@id\":\"https:\\\/\\\/jogapiekna.com\\\/produkt\\\/gua-sha-karbowana-sodalit\\\/\",\"url\":\"https:\\\/\\\/jogapiekna.com\\\/produkt\\\/gua-sha-karbowana-sodalit\\\/\",\"name\":\"Multifunkcyjny masa\u017cer GuaSha Sodalit | karbowane kraw\u0119dzie\",\"isPartOf\":{\"@id\":\"https:\\\/\\\/jogapiekna.com\\\/#website\"},\"primaryImageOfPage\":{\"@id\":\"https:\\\/\\\/jogapiekna.com\\\/produkt\\\/gua-sha-karbowana-sodalit\\\/#primaryimage\"},\"image\":{\"@id\":\"https:\\\/\\\/jogapiekna.com\\\/produkt\\\/gua-sha-karbowana-sodalit\\\/#primaryimage\"},\"thumbnailUrl\":\"https:\\\/\\\/jogapiekna.com\\\/wp-content\\\/uploads\\\/2024\\\/10\\\/GuaSha-do-masazu-szyi-twarzy-i-dekoltu-niebieski-sodalit-jogapiekna.jpg\",\"datePublished\":\"2024-10-08T11:33:00+00:00\",\"dateModified\":\"2026-03-27T20:09:04+00:00\",\"description\":\"Wprowad\u017a do swojej rutyny masa\u017c niebieskim kamieniem GuaSha z sodalitu z karbowanymi kraw\u0119dziami. Poznaj w\u0142a\u015bciwo\u015bci i sprawd\u017a, jak go u\u017cywa\u0107. NOWO\u015a\u0106!\",\"breadcrumb\":{\"@id\":\"https:\\\/\\\/jogapiekna.com\\\/produkt\\\/gua-sha-karbowana-sodalit\\\/#breadcrumb\"},\"inLanguage\":\"en-GB\",\"potentialAction\":[{\"@type\":\"ReadAction\",\"target\":[\"https:\\\/\\\/jogapiekna.com\\\/produkt\\\/gua-sha-karbowana-sodalit\\\/\"]}]},{\"@type\":\"ImageObject\",\"inLanguage\":\"en-GB\",\"@id\":\"https:\\\/\\\/jogapiekna.com\\\/produkt\\\/gua-sha-karbowana-sodalit\\\/#primaryimage\",\"url\":\"https:\\\/\\\/jogapiekna.com\\\/wp-content\\\/uploads\\\/2024\\\/10\\\/GuaSha-do-masazu-szyi-twarzy-i-dekoltu-niebieski-sodalit-jogapiekna.jpg\",\"contentUrl\":\"https:\\\/\\\/jogapiekna.com\\\/wp-content\\\/uploads\\\/2024\\\/10\\\/GuaSha-do-masazu-szyi-twarzy-i-dekoltu-niebieski-sodalit-jogapiekna.jpg\",\"width\":1000,\"height\":1000},{\"@type\":\"BreadcrumbList\",\"@id\":\"https:\\\/\\\/jogapiekna.com\\\/produkt\\\/gua-sha-karbowana-sodalit\\\/#breadcrumb\",\"itemListElement\":[{\"@type\":\"ListItem\",\"position\":1,\"name\":\"Strona g\u0142\u00f3wna\",\"item\":\"https:\\\/\\\/jogapiekna.com\\\/\"},{\"@type\":\"ListItem\",\"position\":2,\"name\":\"Sklep\",\"item\":\"https:\\\/\\\/jogapiekna.com\\\/sklep\\\/\"},{\"@type\":\"ListItem\",\"position\":3,\"name\":\"Kamie\u0144 Gua-Sha niebieski sodalit \u2022 karbowane kraw\u0119dzie \u2022 multifunkcyjny masa\u017cer\"}]},{\"@type\":\"WebSite\",\"@id\":\"https:\\\/\\\/jogapiekna.com\\\/#website\",\"url\":\"https:\\\/\\\/jogapiekna.com\\\/\",\"name\":\"Joga Pi\u0119kna Marta Kuci\u0144ska\",\"description\":\"Joga Pi\u0119kna pomaga kobietom zachowa\u0107 urod\u0119, cofn\u0105\u0107 oznaki up\u0142ywaj\u0105cego czasu i zm\u0119czenia, odzyska\u0107 promienny wygl\u0105d, naturalny u\u015bmiech i popraw\u0119 w\u0142asnej samooceny.\",\"publisher\":{\"@id\":\"https:\\\/\\\/jogapiekna.com\\\/#organization\"},\"potentialAction\":[{\"@type\":\"SearchAction\",\"target\":{\"@type\":\"EntryPoint\",\"urlTemplate\":\"https:\\\/\\\/jogapiekna.com\\\/?s={search_term_string}\"},\"query-input\":{\"@type\":\"PropertyValueSpecification\",\"valueRequired\":true,\"valueName\":\"search_term_string\"}}],\"inLanguage\":\"en-GB\"},{\"@type\":\"Organization\",\"@id\":\"https:\\\/\\\/jogapiekna.com\\\/#organization\",\"name\":\"Joga Pi\u0119kna Marta Kuci\u0144ska\",\"url\":\"https:\\\/\\\/jogapiekna.com\\\/\",\"logo\":{\"@type\":\"ImageObject\",\"inLanguage\":\"en-GB\",\"@id\":\"https:\\\/\\\/jogapiekna.com\\\/#\\\/schema\\\/logo\\\/image\\\/\",\"url\":\"https:\\\/\\\/jogapiekna.com\\\/wp-content\\\/uploads\\\/2022\\\/09\\\/joga-piekna-logo_Rka.png\",\"contentUrl\":\"https:\\\/\\\/jogapiekna.com\\\/wp-content\\\/uploads\\\/2022\\\/09\\\/joga-piekna-logo_Rka.png\",\"width\":231,\"height\":124,\"caption\":\"Joga Pi\u0119kna Marta Kuci\u0144ska\"},\"image\":{\"@id\":\"https:\\\/\\\/jogapiekna.com\\\/#\\\/schema\\\/logo\\\/image\\\/\"},\"sameAs\":[\"https:\\\/\\\/www.facebook.com\\\/JogaPieknaCom\\\/\",\"https:\\\/\\\/www.instagram.com\\\/jogapieknacom\\\/\"]}]}<\/script>\n<!-- \/ Yoast SEO plugin. -->","yoast_head_json":{"title":"Multifunkcyjny masa\u017cer GuaSha Sodalit | karbowane kraw\u0119dzie","description":"Wprowad\u017a do swojej rutyny masa\u017c niebieskim kamieniem GuaSha z sodalitu z karbowanymi kraw\u0119dziami. Poznaj w\u0142a\u015bciwo\u015bci i sprawd\u017a, jak go u\u017cywa\u0107. NOWO\u015a\u0106!","robots":{"index":"index","follow":"follow","max-snippet":"max-snippet:-1","max-image-preview":"max-image-preview:large","max-video-preview":"max-video-preview:-1"},"canonical":"https:\/\/jogapiekna.com\/en\/product\/gua-sha-karbowana-sodalit\/","og_locale":"en_GB","og_type":"article","og_title":"Multifunkcyjny masa\u017cer GuaSha Sodalit | karbowane kraw\u0119dzie","og_description":"Wprowad\u017a do swojej rutyny masa\u017c niebieskim kamieniem GuaSha z sodalitu z karbowanymi kraw\u0119dziami. Poznaj w\u0142a\u015bciwo\u015bci i sprawd\u017a, jak go u\u017cywa\u0107. NOWO\u015a\u0106!","og_url":"https:\/\/jogapiekna.com\/en\/product\/gua-sha-karbowana-sodalit\/","og_site_name":"JOGA PI\u0118KNA | Joga Twarzy","article_publisher":"https:\/\/www.facebook.com\/JogaPieknaCom\/","article_modified_time":"2026-03-27T20:09:04+00:00","og_image":[{"width":1000,"height":1000,"url":"https:\/\/jogapiekna.com\/wp-content\/uploads\/2024\/10\/GuaSha-do-masazu-szyi-twarzy-i-dekoltu-niebieski-sodalit-jogapiekna.jpg","type":"image\/jpeg"}],"twitter_card":"summary_large_image","twitter_misc":{"Estimated reading time":"4 minutes"},"schema":{"@context":"https:\/\/schema.org","@graph":[{"@type":"WebPage","@id":"https:\/\/jogapiekna.com\/produkt\/gua-sha-karbowana-sodalit\/","url":"https:\/\/jogapiekna.com\/produkt\/gua-sha-karbowana-sodalit\/","name":"Multifunkcyjny masa\u017cer GuaSha Sodalit | karbowane kraw\u0119dzie","isPartOf":{"@id":"https:\/\/jogapiekna.com\/#website"},"primaryImageOfPage":{"@id":"https:\/\/jogapiekna.com\/produkt\/gua-sha-karbowana-sodalit\/#primaryimage"},"image":{"@id":"https:\/\/jogapiekna.com\/produkt\/gua-sha-karbowana-sodalit\/#primaryimage"},"thumbnailUrl":"https:\/\/jogapiekna.com\/wp-content\/uploads\/2024\/10\/GuaSha-do-masazu-szyi-twarzy-i-dekoltu-niebieski-sodalit-jogapiekna.jpg","datePublished":"2024-10-08T11:33:00+00:00","dateModified":"2026-03-27T20:09:04+00:00","description":"Wprowad\u017a do swojej rutyny masa\u017c niebieskim kamieniem GuaSha z sodalitu z karbowanymi kraw\u0119dziami. Poznaj w\u0142a\u015bciwo\u015bci i sprawd\u017a, jak go u\u017cywa\u0107. NOWO\u015a\u0106!","breadcrumb":{"@id":"https:\/\/jogapiekna.com\/produkt\/gua-sha-karbowana-sodalit\/#breadcrumb"},"inLanguage":"en-GB","potentialAction":[{"@type":"ReadAction","target":["https:\/\/jogapiekna.com\/produkt\/gua-sha-karbowana-sodalit\/"]}]},{"@type":"ImageObject","inLanguage":"en-GB","@id":"https:\/\/jogapiekna.com\/produkt\/gua-sha-karbowana-sodalit\/#primaryimage","url":"https:\/\/jogapiekna.com\/wp-content\/uploads\/2024\/10\/GuaSha-do-masazu-szyi-twarzy-i-dekoltu-niebieski-sodalit-jogapiekna.jpg","contentUrl":"https:\/\/jogapiekna.com\/wp-content\/uploads\/2024\/10\/GuaSha-do-masazu-szyi-twarzy-i-dekoltu-niebieski-sodalit-jogapiekna.jpg","width":1000,"height":1000},{"@type":"BreadcrumbList","@id":"https:\/\/jogapiekna.com\/produkt\/gua-sha-karbowana-sodalit\/#breadcrumb","itemListElement":[{"@type":"ListItem","position":1,"name":"Strona g\u0142\u00f3wna","item":"https:\/\/jogapiekna.com\/"},{"@type":"ListItem","position":2,"name":"Sklep","item":"https:\/\/jogapiekna.com\/sklep\/"},{"@type":"ListItem","position":3,"name":"Kamie\u0144 Gua-Sha niebieski sodalit \u2022 karbowane kraw\u0119dzie \u2022 multifunkcyjny masa\u017cer"}]},{"@type":"WebSite","@id":"https:\/\/jogapiekna.com\/#website","url":"https:\/\/jogapiekna.com\/","name":"Yoga Beauty Marta Kuci\u0144ska","description":"Beauty Yoga helps women to maintain their beauty, reverse the signs of passing time and fatigue, regain a radiant appearance, natural smile and improve their self-esteem.","publisher":{"@id":"https:\/\/jogapiekna.com\/#organization"},"potentialAction":[{"@type":"SearchAction","target":{"@type":"EntryPoint","urlTemplate":"https:\/\/jogapiekna.com\/?s={search_term_string}"},"query-input":{"@type":"PropertyValueSpecification","valueRequired":true,"valueName":"search_term_string"}}],"inLanguage":"en-GB"},{"@type":"Organization","@id":"https:\/\/jogapiekna.com\/#organization","name":"Yoga Beauty Marta Kuci\u0144ska","url":"https:\/\/jogapiekna.com\/","logo":{"@type":"ImageObject","inLanguage":"en-GB","@id":"https:\/\/jogapiekna.com\/#\/schema\/logo\/image\/","url":"https:\/\/jogapiekna.com\/wp-content\/uploads\/2022\/09\/joga-piekna-logo_Rka.png","contentUrl":"https:\/\/jogapiekna.com\/wp-content\/uploads\/2022\/09\/joga-piekna-logo_Rka.png","width":231,"height":124,"caption":"Joga Pi\u0119kna Marta Kuci\u0144ska"},"image":{"@id":"https:\/\/jogapiekna.com\/#\/schema\/logo\/image\/"},"sameAs":["https:\/\/www.facebook.com\/JogaPieknaCom\/","https:\/\/www.instagram.com\/jogapieknacom\/"]}]}},"_links":{"self":[{"href":"https:\/\/jogapiekna.com\/en\/wp-json\/wp\/v2\/product\/176436","targetHints":{"allow":["GET"]}}],"collection":[{"href":"https:\/\/jogapiekna.com\/en\/wp-json\/wp\/v2\/product"}],"about":[{"href":"https:\/\/jogapiekna.com\/en\/wp-json\/wp\/v2\/types\/product"}],"replies":[{"embeddable":true,"href":"https:\/\/jogapiekna.com\/en\/wp-json\/wp\/v2\/comments?post=176436"}],"version-history":[{"count":3,"href":"https:\/\/jogapiekna.com\/en\/wp-json\/wp\/v2\/product\/176436\/revisions"}],"predecessor-version":[{"id":215425,"href":"https:\/\/jogapiekna.com\/en\/wp-json\/wp\/v2\/product\/176436\/revisions\/215425"}],"wp:featuredmedia":[{"embeddable":true,"href":"https:\/\/jogapiekna.com\/en\/wp-json\/wp\/v2\/media\/176625"}],"wp:attachment":[{"href":"https:\/\/jogapiekna.com\/en\/wp-json\/wp\/v2\/media?parent=176436"}],"wp:term":[{"taxonomy":"product_brand","embeddable":true,"href":"https:\/\/jogapiekna.com\/en\/wp-json\/wp\/v2\/product_brand?post=176436"},{"taxonomy":"product_cat","embeddable":true,"href":"https:\/\/jogapiekna.com\/en\/wp-json\/wp\/v2\/product_cat?post=176436"},{"taxonomy":"product_tag","embeddable":true,"href":"https:\/\/jogapiekna.com\/en\/wp-json\/wp\/v2\/product_tag?post=176436"}],"curies":[{"name":"wp","href":"https:\/\/api.w.org\/{rel}","templated":true}]}}