{"id":17922,"date":"2019-12-09T11:07:01","date_gmt":"2019-12-09T10:07:01","guid":{"rendered":"https:\/\/jogapiekna.com\/?post_type=product&#038;p=17922"},"modified":"2024-12-05T13:18:28","modified_gmt":"2024-12-05T12:18:28","slug":"voucher-prezentowy-200-zl","status":"publish","type":"product","link":"https:\/\/jogapiekna.com\/en\/product\/voucher-prezentowy-200-zl\/","title":{"rendered":"Yoga Beauty Gift Voucher \u2022 200 PLN"},"content":{"rendered":"<p>No gift idea?<br \/>\nA gift voucher to a yoga beauty shop is the perfect gift.<br \/>\nA gifted person will choose what they want to spend this amount on.<\/p>\n<p>Electronic voucher for self-printing.<br \/>\nFormat A5<br \/>\nVoucher value: \u00a3200<br \/>\nVoucher validity period: 6 months from the date of purchase<\/p>\n<p>The voucher can be used to purchase a product with a minimum amount equal to its face value. If the full value of the gift voucher is not used, the difference will not be refunded. If the amount of goods ordered exceeds the value of the voucher, the difference should be paid additionally using the method chosen at the checkout.<\/p>\n<p>The voucher cannot be used to cover delivery costs.<br \/>\nThe voucher cannot be exchanged for cash.<\/p>","protected":false},"excerpt":{"rendered":"<p>Electronic voucher for self-printing.<br \/>\nFormat A5<br \/>\nVoucher value: \u00a3200<br \/>\nVoucher validity period: 6 months from the date of purchase<\/p>\n<p>If you are purchasing a gift voucher and want the pdf voucher to be sent to a specific email address, please fill in the fields below.<\/p>","protected":false},"featured_media":94743,"comment_status":"closed","ping_status":"closed","template":"","meta":{"_acf_changed":false,"site-sidebar-layout":"default","site-content-layout":"","ast-site-content-layout":"default","site-content-style":"default","site-sidebar-style":"default","ast-global-header-display":"","ast-banner-title-visibility":"","ast-main-header-display":"","ast-hfb-above-header-display":"","ast-hfb-below-header-display":"","ast-hfb-mobile-header-display":"","site-post-title":"","ast-breadcrumbs-content":"","ast-featured-img":"","footer-sml-layout":"","ast-disable-related-posts":"","theme-transparent-header-meta":"","adv-header-id-meta":"","stick-header-meta":"","header-above-stick-meta":"","header-main-stick-meta":"","header-below-stick-meta":"","astra-migrate-meta-layouts":"default","ast-page-background-enabled":"default","ast-page-background-meta":{"desktop":{"background-color":"var(--ast-global-color-5)","background-image":"","background-repeat":"repeat","background-position":"center center","background-size":"auto","background-attachment":"scroll","background-type":"","background-media":"","overlay-type":"","overlay-color":"","overlay-opacity":"","overlay-gradient":""},"tablet":{"background-color":"","background-image":"","background-repeat":"repeat","background-position":"center center","background-size":"auto","background-attachment":"scroll","background-type":"","background-media":"","overlay-type":"","overlay-color":"","overlay-opacity":"","overlay-gradient":""},"mobile":{"background-color":"","background-image":"","background-repeat":"repeat","background-position":"center center","background-size":"auto","background-attachment":"scroll","background-type":"","background-media":"","overlay-type":"","overlay-color":"","overlay-opacity":"","overlay-gradient":""}},"ast-content-background-meta":{"desktop":{"background-color":"var(--ast-global-color-4)","background-image":"","background-repeat":"repeat","background-position":"center center","background-size":"auto","background-attachment":"scroll","background-type":"","background-media":"","overlay-type":"","overlay-color":"","overlay-opacity":"","overlay-gradient":""},"tablet":{"background-color":"var(--ast-global-color-4)","background-image":"","background-repeat":"repeat","background-position":"center center","background-size":"auto","background-attachment":"scroll","background-type":"","background-media":"","overlay-type":"","overlay-color":"","overlay-opacity":"","overlay-gradient":""},"mobile":{"background-color":"var(--ast-global-color-4)","background-image":"","background-repeat":"repeat","background-position":"center center","background-size":"auto","background-attachment":"scroll","background-type":"","background-media":"","overlay-type":"","overlay-color":"","overlay-opacity":"","overlay-gradient":""}}},"product_brand":[],"product_cat":[204],"product_tag":[],"class_list":{"0":"post-17922","1":"product","2":"type-product","3":"status-publish","4":"has-post-thumbnail","6":"product_cat-vouchery","7":"desktop-align-left","8":"tablet-align-left","9":"mobile-align-left","11":"first","12":"instock","13":"downloadable","14":"virtual","15":"taxable","16":"purchasable","17":"product-type-simple"},"acf":[],"yoast_head":"<!-- This site is optimized with the Yoast SEO plugin v27.2 - https:\/\/yoast.com\/product\/yoast-seo-wordpress\/ -->\n<title>JOGA PI\u0118KNA Voucher prezentowy \u2013 200 z\u0142<\/title>\n<meta name=\"description\" content=\"Nie masz pomys\u0142u na prezent?Voucher prezentowy do sklepu Jogi Pi\u0119kna, to prezent idealny.Obdarowana osoba sama wybierze na co zechce przeznaczy\u0107 t\u0119 kwot\u0119.\" \/>\n<meta name=\"robots\" content=\"index, follow, max-snippet:-1, max-image-preview:large, max-video-preview:-1\" \/>\n<link rel=\"canonical\" href=\"https:\/\/jogapiekna.com\/en\/product\/voucher-prezentowy-200-zl\/\" \/>\n<meta property=\"og:locale\" content=\"en_GB\" \/>\n<meta property=\"og:type\" content=\"article\" \/>\n<meta property=\"og:title\" content=\"JOGA PI\u0118KNA Voucher prezentowy \u2013 200 z\u0142\" \/>\n<meta property=\"og:description\" content=\"Nie masz pomys\u0142u na prezent?Voucher prezentowy do sklepu Jogi Pi\u0119kna, to prezent idealny.Obdarowana osoba sama wybierze na co zechce przeznaczy\u0107 t\u0119 kwot\u0119.\" \/>\n<meta property=\"og:url\" content=\"https:\/\/jogapiekna.com\/en\/product\/voucher-prezentowy-200-zl\/\" \/>\n<meta property=\"og:site_name\" content=\"JOGA PI\u0118KNA | Joga Twarzy\" \/>\n<meta property=\"article:publisher\" content=\"https:\/\/www.facebook.com\/JogaPieknaCom\/\" \/>\n<meta property=\"article:modified_time\" content=\"2024-12-05T12:18:28+00:00\" \/>\n<meta property=\"og:image\" content=\"https:\/\/jogapiekna.com\/wp-content\/uploads\/2019\/12\/joga-piekna-voucher200zl.jpg\" \/>\n\t<meta property=\"og:image:width\" content=\"1000\" \/>\n\t<meta property=\"og:image:height\" content=\"1000\" \/>\n\t<meta property=\"og:image:type\" content=\"image\/jpeg\" \/>\n<meta name=\"twitter:card\" content=\"summary_large_image\" \/>\n<meta name=\"twitter:label1\" content=\"Estimated reading time\" \/>\n\t<meta name=\"twitter:data1\" content=\"1 minute\" \/>\n<script type=\"application\/ld+json\" class=\"yoast-schema-graph\">{\"@context\":\"https:\/\/schema.org\",\"@graph\":[{\"@type\":\"WebPage\",\"@id\":\"https:\/\/jogapiekna.com\/produkt\/voucher-prezentowy-200-zl\/\",\"url\":\"https:\/\/jogapiekna.com\/produkt\/voucher-prezentowy-200-zl\/\",\"name\":\"JOGA PI\u0118KNA Voucher prezentowy \u2013 200 z\u0142\",\"isPartOf\":{\"@id\":\"https:\/\/jogapiekna.com\/#website\"},\"primaryImageOfPage\":{\"@id\":\"https:\/\/jogapiekna.com\/produkt\/voucher-prezentowy-200-zl\/#primaryimage\"},\"image\":{\"@id\":\"https:\/\/jogapiekna.com\/produkt\/voucher-prezentowy-200-zl\/#primaryimage\"},\"thumbnailUrl\":\"https:\/\/jogapiekna.com\/wp-content\/uploads\/2019\/12\/joga-piekna-voucher200zl.jpg\",\"datePublished\":\"2019-12-09T10:07:01+00:00\",\"dateModified\":\"2024-12-05T12:18:28+00:00\",\"description\":\"Nie masz pomys\u0142u na prezent?Voucher prezentowy do sklepu Jogi Pi\u0119kna, to prezent idealny.Obdarowana osoba sama wybierze na co zechce przeznaczy\u0107 t\u0119 kwot\u0119.\",\"breadcrumb\":{\"@id\":\"https:\/\/jogapiekna.com\/produkt\/voucher-prezentowy-200-zl\/#breadcrumb\"},\"inLanguage\":\"en-GB\",\"potentialAction\":[{\"@type\":\"ReadAction\",\"target\":[\"https:\/\/jogapiekna.com\/produkt\/voucher-prezentowy-200-zl\/\"]}]},{\"@type\":\"ImageObject\",\"inLanguage\":\"en-GB\",\"@id\":\"https:\/\/jogapiekna.com\/produkt\/voucher-prezentowy-200-zl\/#primaryimage\",\"url\":\"https:\/\/jogapiekna.com\/wp-content\/uploads\/2019\/12\/joga-piekna-voucher200zl.jpg\",\"contentUrl\":\"https:\/\/jogapiekna.com\/wp-content\/uploads\/2019\/12\/joga-piekna-voucher200zl.jpg\",\"width\":1000,\"height\":1000,\"caption\":\"Voucher prezentowy Joga Pi\u0119kna \u2022 200 z\u0142\"},{\"@type\":\"BreadcrumbList\",\"@id\":\"https:\/\/jogapiekna.com\/produkt\/voucher-prezentowy-200-zl\/#breadcrumb\",\"itemListElement\":[{\"@type\":\"ListItem\",\"position\":1,\"name\":\"Strona g\u0142\u00f3wna\",\"item\":\"https:\/\/jogapiekna.com\/\"},{\"@type\":\"ListItem\",\"position\":2,\"name\":\"Sklep\",\"item\":\"https:\/\/jogapiekna.com\/sklep\/\"},{\"@type\":\"ListItem\",\"position\":3,\"name\":\"Voucher prezentowy Joga Pi\u0119kna \u2022 200 z\u0142\"}]},{\"@type\":\"WebSite\",\"@id\":\"https:\/\/jogapiekna.com\/#website\",\"url\":\"https:\/\/jogapiekna.com\/\",\"name\":\"Joga Pi\u0119kna Marta Kuci\u0144ska\",\"description\":\"Joga Pi\u0119kna pomaga kobietom zachowa\u0107 urod\u0119, cofn\u0105\u0107 oznaki up\u0142ywaj\u0105cego czasu i zm\u0119czenia, odzyska\u0107 promienny wygl\u0105d, naturalny u\u015bmiech i popraw\u0119 w\u0142asnej samooceny.\",\"publisher\":{\"@id\":\"https:\/\/jogapiekna.com\/#organization\"},\"potentialAction\":[{\"@type\":\"SearchAction\",\"target\":{\"@type\":\"EntryPoint\",\"urlTemplate\":\"https:\/\/jogapiekna.com\/?s={search_term_string}\"},\"query-input\":{\"@type\":\"PropertyValueSpecification\",\"valueRequired\":true,\"valueName\":\"search_term_string\"}}],\"inLanguage\":\"en-GB\"},{\"@type\":\"Organization\",\"@id\":\"https:\/\/jogapiekna.com\/#organization\",\"name\":\"Joga Pi\u0119kna Marta Kuci\u0144ska\",\"url\":\"https:\/\/jogapiekna.com\/\",\"logo\":{\"@type\":\"ImageObject\",\"inLanguage\":\"en-GB\",\"@id\":\"https:\/\/jogapiekna.com\/#\/schema\/logo\/image\/\",\"url\":\"https:\/\/jogapiekna.com\/wp-content\/uploads\/2022\/09\/joga-piekna-logo_Rka.png\",\"contentUrl\":\"https:\/\/jogapiekna.com\/wp-content\/uploads\/2022\/09\/joga-piekna-logo_Rka.png\",\"width\":231,\"height\":124,\"caption\":\"Joga Pi\u0119kna Marta Kuci\u0144ska\"},\"image\":{\"@id\":\"https:\/\/jogapiekna.com\/#\/schema\/logo\/image\/\"},\"sameAs\":[\"https:\/\/www.facebook.com\/JogaPieknaCom\/\",\"https:\/\/www.instagram.com\/jogapieknacom\/\"]}]}<\/script>\n<!-- \/ Yoast SEO plugin. -->","yoast_head_json":{"title":"JOGA PI\u0118KNA Voucher prezentowy \u2013 200 z\u0142","description":"Nie masz pomys\u0142u na prezent?Voucher prezentowy do sklepu Jogi Pi\u0119kna, to prezent idealny.Obdarowana osoba sama wybierze na co zechce przeznaczy\u0107 t\u0119 kwot\u0119.","robots":{"index":"index","follow":"follow","max-snippet":"max-snippet:-1","max-image-preview":"max-image-preview:large","max-video-preview":"max-video-preview:-1"},"canonical":"https:\/\/jogapiekna.com\/en\/product\/voucher-prezentowy-200-zl\/","og_locale":"en_GB","og_type":"article","og_title":"JOGA PI\u0118KNA Voucher prezentowy \u2013 200 z\u0142","og_description":"Nie masz pomys\u0142u na prezent?Voucher prezentowy do sklepu Jogi Pi\u0119kna, to prezent idealny.Obdarowana osoba sama wybierze na co zechce przeznaczy\u0107 t\u0119 kwot\u0119.","og_url":"https:\/\/jogapiekna.com\/en\/product\/voucher-prezentowy-200-zl\/","og_site_name":"JOGA PI\u0118KNA | Joga Twarzy","article_publisher":"https:\/\/www.facebook.com\/JogaPieknaCom\/","article_modified_time":"2024-12-05T12:18:28+00:00","og_image":[{"width":1000,"height":1000,"url":"https:\/\/jogapiekna.com\/wp-content\/uploads\/2019\/12\/joga-piekna-voucher200zl.jpg","type":"image\/jpeg"}],"twitter_card":"summary_large_image","twitter_misc":{"Estimated reading time":"1 minute"},"schema":{"@context":"https:\/\/schema.org","@graph":[{"@type":"WebPage","@id":"https:\/\/jogapiekna.com\/produkt\/voucher-prezentowy-200-zl\/","url":"https:\/\/jogapiekna.com\/produkt\/voucher-prezentowy-200-zl\/","name":"JOGA PI\u0118KNA Voucher prezentowy \u2013 200 z\u0142","isPartOf":{"@id":"https:\/\/jogapiekna.com\/#website"},"primaryImageOfPage":{"@id":"https:\/\/jogapiekna.com\/produkt\/voucher-prezentowy-200-zl\/#primaryimage"},"image":{"@id":"https:\/\/jogapiekna.com\/produkt\/voucher-prezentowy-200-zl\/#primaryimage"},"thumbnailUrl":"https:\/\/jogapiekna.com\/wp-content\/uploads\/2019\/12\/joga-piekna-voucher200zl.jpg","datePublished":"2019-12-09T10:07:01+00:00","dateModified":"2024-12-05T12:18:28+00:00","description":"Nie masz pomys\u0142u na prezent?Voucher prezentowy do sklepu Jogi Pi\u0119kna, to prezent idealny.Obdarowana osoba sama wybierze na co zechce przeznaczy\u0107 t\u0119 kwot\u0119.","breadcrumb":{"@id":"https:\/\/jogapiekna.com\/produkt\/voucher-prezentowy-200-zl\/#breadcrumb"},"inLanguage":"en-GB","potentialAction":[{"@type":"ReadAction","target":["https:\/\/jogapiekna.com\/produkt\/voucher-prezentowy-200-zl\/"]}]},{"@type":"ImageObject","inLanguage":"en-GB","@id":"https:\/\/jogapiekna.com\/produkt\/voucher-prezentowy-200-zl\/#primaryimage","url":"https:\/\/jogapiekna.com\/wp-content\/uploads\/2019\/12\/joga-piekna-voucher200zl.jpg","contentUrl":"https:\/\/jogapiekna.com\/wp-content\/uploads\/2019\/12\/joga-piekna-voucher200zl.jpg","width":1000,"height":1000,"caption":"Voucher prezentowy Joga Pi\u0119kna \u2022 200 z\u0142"},{"@type":"BreadcrumbList","@id":"https:\/\/jogapiekna.com\/produkt\/voucher-prezentowy-200-zl\/#breadcrumb","itemListElement":[{"@type":"ListItem","position":1,"name":"Strona g\u0142\u00f3wna","item":"https:\/\/jogapiekna.com\/"},{"@type":"ListItem","position":2,"name":"Sklep","item":"https:\/\/jogapiekna.com\/sklep\/"},{"@type":"ListItem","position":3,"name":"Voucher prezentowy Joga Pi\u0119kna \u2022 200 z\u0142"}]},{"@type":"WebSite","@id":"https:\/\/jogapiekna.com\/#website","url":"https:\/\/jogapiekna.com\/","name":"Yoga Beauty Marta Kuci\u0144ska","description":"Beauty Yoga helps women to maintain their beauty, reverse the signs of passing time and fatigue, regain a radiant appearance, natural smile and improve their self-esteem.","publisher":{"@id":"https:\/\/jogapiekna.com\/#organization"},"potentialAction":[{"@type":"SearchAction","target":{"@type":"EntryPoint","urlTemplate":"https:\/\/jogapiekna.com\/?s={search_term_string}"},"query-input":{"@type":"PropertyValueSpecification","valueRequired":true,"valueName":"search_term_string"}}],"inLanguage":"en-GB"},{"@type":"Organization","@id":"https:\/\/jogapiekna.com\/#organization","name":"Yoga Beauty Marta Kuci\u0144ska","url":"https:\/\/jogapiekna.com\/","logo":{"@type":"ImageObject","inLanguage":"en-GB","@id":"https:\/\/jogapiekna.com\/#\/schema\/logo\/image\/","url":"https:\/\/jogapiekna.com\/wp-content\/uploads\/2022\/09\/joga-piekna-logo_Rka.png","contentUrl":"https:\/\/jogapiekna.com\/wp-content\/uploads\/2022\/09\/joga-piekna-logo_Rka.png","width":231,"height":124,"caption":"Joga Pi\u0119kna Marta Kuci\u0144ska"},"image":{"@id":"https:\/\/jogapiekna.com\/#\/schema\/logo\/image\/"},"sameAs":["https:\/\/www.facebook.com\/JogaPieknaCom\/","https:\/\/www.instagram.com\/jogapieknacom\/"]}]}},"_links":{"self":[{"href":"https:\/\/jogapiekna.com\/en\/wp-json\/wp\/v2\/product\/17922","targetHints":{"allow":["GET"]}}],"collection":[{"href":"https:\/\/jogapiekna.com\/en\/wp-json\/wp\/v2\/product"}],"about":[{"href":"https:\/\/jogapiekna.com\/en\/wp-json\/wp\/v2\/types\/product"}],"replies":[{"embeddable":true,"href":"https:\/\/jogapiekna.com\/en\/wp-json\/wp\/v2\/comments?post=17922"}],"version-history":[{"count":0,"href":"https:\/\/jogapiekna.com\/en\/wp-json\/wp\/v2\/product\/17922\/revisions"}],"wp:featuredmedia":[{"embeddable":true,"href":"https:\/\/jogapiekna.com\/en\/wp-json\/wp\/v2\/media\/94743"}],"wp:attachment":[{"href":"https:\/\/jogapiekna.com\/en\/wp-json\/wp\/v2\/media?parent=17922"}],"wp:term":[{"taxonomy":"product_brand","embeddable":true,"href":"https:\/\/jogapiekna.com\/en\/wp-json\/wp\/v2\/product_brand?post=17922"},{"taxonomy":"product_cat","embeddable":true,"href":"https:\/\/jogapiekna.com\/en\/wp-json\/wp\/v2\/product_cat?post=17922"},{"taxonomy":"product_tag","embeddable":true,"href":"https:\/\/jogapiekna.com\/en\/wp-json\/wp\/v2\/product_tag?post=17922"}],"curies":[{"name":"wp","href":"https:\/\/api.w.org\/{rel}","templated":true}]}}