{"id":18271,"date":"2019-12-12T13:43:50","date_gmt":"2019-12-12T12:43:50","guid":{"rendered":"https:\/\/jogapiekna.com\/?post_type=product&#038;p=18271"},"modified":"2026-01-18T18:19:55","modified_gmt":"2026-01-18T17:19:55","slug":"ajurweda-jak-dbac-o-siebie-i-byc-zdrowym-dr-partap-chauhan","status":"publish","type":"product","link":"https:\/\/jogapiekna.com\/en\/product\/ajurweda-jak-dbac-o-siebie-i-byc-zdrowym-dr-partap-chauhan\/","title":{"rendered":"Ayurveda Doctor Partap Chauhan"},"content":{"rendered":"<p>Ayurveda is the oldest holistic medical system. It is a comprehensive and rich source of wisdom still relevant today. Dr Partap Chauhan's book is a valuable textbook for doctors, therapists and yoga practitioners, as well as a mine of knowledge for anyone seeking natural ways to take care of their health.<\/p>\n<p>In \u201eAyurveda. How to take care of yourself and be healthy\u201d, one can find tips on how to take care of cleansing the body, quieting the mind and reaching out to one's soul. In the book, Dr Partap Chauhan discusses the basic concepts and terms of Ayurveda, laying the foundation for further study.<\/p>\n<p><strong>With this book:<\/strong><\/p>\n<ul>\n<li>check what type of constitution you are<\/li>\n<li>find out the best diet for you<\/li>\n<li>start cleansing your body of toxins by natural, non-invasive means<\/li>\n<li>you will learn how to increase your resilience<\/li>\n<li>discover natural ways to regenerate so that you can regain vitality, energy and inner peace<\/li>\n<\/ul>\n<p><strong>ABOUT THE AUTHOR<\/strong><\/p>\n<p><strong>Dr Partap Chauhan<\/strong> Is an Ayurvedic physician - Ayurvedacharya, author, lecturer. He serves as the Director of the Jiva Ayurveda Institute in Faridabad, India - where he spearheads all medical and pharmaceutical activities. He holds a degree in Ayurveda from the University of Delhi, India. He is an expert in the treatment of so-called incurable diseases and in pharmacology and Rasashastra, pioneering the application of modern technology to the ancient science of Ayurveda - in 1995 he created the Ayurveda knowledge base website (www.jiva.com) and founded the world's first Ayurvedic Telemedicine Centre, where hundreds of doctors provide free health advice and consultations.<\/p>\n<p>Dr Chauhan has been popularising Ayurveda around the world since 1992 and has conducted consultations, workshops and lectures in over 50 countries. He is one of the most travelled Ayurvedic doctors. He is very well known in India - his TV programmes on health, are broadcast on major Indian TV channels, watched by more than 20 million people. He is a regular contributor to several international journals. He has conducted several hundred stress management workshops for government officials, scientists and executives from companies such as IBM, Nokia and Airtel. He has successfully collaborated with many foreign organisations such as Grida Group (Lithuania), ParamAyu (Croatia), Terre-du-Ciel (France), Ajurveda Academy (Latvia), Ajurweda.pl (Poland), Ananda Association (France) , Health Promotion Co., Ltd. (Japan), Daewoong Pharmaceuticals (South Korea), Namaste Ayurveda (Mexico), and Kripalu Center for Yoga &amp; Health (USA).<\/p>\n<p>Dr Partap Chauhan is a member of many national and international medical associations, chairman of the International Cell of the Ayurvedic Doctors Association of India (AIIMGA). He teaches Ayurveda at: the Ayurveda Gurukula in Japan, Ayurveda Academy in Lithuania, among others. He has won many prestigious national and international awards and his telemedicine project, TeleDoc, won him a UN award in 2003. He has also received the Best Ayurvedic Doctor Award from the President of India.<\/p>","protected":false},"excerpt":{"rendered":"<p>binding: hardback<br \/>\nformat: 170\u00d7240 mm<br \/>\npages: 320<\/p>","protected":false},"featured_media":94722,"comment_status":"closed","ping_status":"closed","template":"","meta":{"_acf_changed":false,"site-sidebar-layout":"default","site-content-layout":"","ast-site-content-layout":"default","site-content-style":"default","site-sidebar-style":"default","ast-global-header-display":"","ast-banner-title-visibility":"","ast-main-header-display":"","ast-hfb-above-header-display":"","ast-hfb-below-header-display":"","ast-hfb-mobile-header-display":"","site-post-title":"","ast-breadcrumbs-content":"","ast-featured-img":"","footer-sml-layout":"","ast-disable-related-posts":"","theme-transparent-header-meta":"","adv-header-id-meta":"","stick-header-meta":"","header-above-stick-meta":"","header-main-stick-meta":"","header-below-stick-meta":"","astra-migrate-meta-layouts":"default","ast-page-background-enabled":"default","ast-page-background-meta":{"desktop":{"background-color":"var(--ast-global-color-5)","background-image":"","background-repeat":"repeat","background-position":"center center","background-size":"auto","background-attachment":"scroll","background-type":"","background-media":"","overlay-type":"","overlay-color":"","overlay-opacity":"","overlay-gradient":""},"tablet":{"background-color":"","background-image":"","background-repeat":"repeat","background-position":"center center","background-size":"auto","background-attachment":"scroll","background-type":"","background-media":"","overlay-type":"","overlay-color":"","overlay-opacity":"","overlay-gradient":""},"mobile":{"background-color":"","background-image":"","background-repeat":"repeat","background-position":"center center","background-size":"auto","background-attachment":"scroll","background-type":"","background-media":"","overlay-type":"","overlay-color":"","overlay-opacity":"","overlay-gradient":""}},"ast-content-background-meta":{"desktop":{"background-color":"var(--ast-global-color-4)","background-image":"","background-repeat":"repeat","background-position":"center center","background-size":"auto","background-attachment":"scroll","background-type":"","background-media":"","overlay-type":"","overlay-color":"","overlay-opacity":"","overlay-gradient":""},"tablet":{"background-color":"var(--ast-global-color-4)","background-image":"","background-repeat":"repeat","background-position":"center center","background-size":"auto","background-attachment":"scroll","background-type":"","background-media":"","overlay-type":"","overlay-color":"","overlay-opacity":"","overlay-gradient":""},"mobile":{"background-color":"var(--ast-global-color-4)","background-image":"","background-repeat":"repeat","background-position":"center center","background-size":"auto","background-attachment":"scroll","background-type":"","background-media":"","overlay-type":"","overlay-color":"","overlay-opacity":"","overlay-gradient":""}}},"product_brand":[],"product_cat":[20],"product_tag":[172],"class_list":{"0":"post-18271","1":"product","2":"type-product","3":"status-publish","4":"has-post-thumbnail","6":"product_cat-ksiazki","7":"product_tag-ajurweda","8":"product_shipping_class-ksiazka","9":"desktop-align-left","10":"tablet-align-left","11":"mobile-align-left","13":"first","14":"instock","15":"taxable","16":"shipping-taxable","17":"purchasable","18":"product-type-simple"},"acf":[],"yoast_head":"<!-- This site is optimized with the Yoast SEO plugin v27.2 - https:\/\/yoast.com\/product\/yoast-seo-wordpress\/ -->\n<title>Ksi\u0105\u017cka Ajurweda Dr Partap Chauhan | Joga Pi\u0119kna | Ajurweda<\/title>\n<meta name=\"description\" content=\"W &quot;Ajurweda. Jak dba\u0107 o siebie i by\u0107 zdrowym&quot; znale\u017a\u0107 mo\u017cna wskaz\u00f3wki jak zadba\u0107 o oczyszczenie cia\u0142a, wyciszy\u0107 umys\u0142 i dotrze\u0107 do w\u0142asnej duszy. Dr Partap Chauhan w ksi\u0105\u017cce omawia podstawowe koncepcje i terminy ajurwedy, tworz\u0105c podstawy do dalszego studiowania.\" \/>\n<meta name=\"robots\" content=\"index, follow, max-snippet:-1, max-image-preview:large, max-video-preview:-1\" \/>\n<link rel=\"canonical\" href=\"https:\/\/jogapiekna.com\/en\/product\/ajurweda-jak-dbac-o-siebie-i-byc-zdrowym-dr-partap-chauhan\/\" \/>\n<meta property=\"og:locale\" content=\"en_GB\" \/>\n<meta property=\"og:type\" content=\"article\" \/>\n<meta property=\"og:title\" content=\"Ksi\u0105\u017cka Ajurweda Dr Partap Chauhan | Joga Pi\u0119kna | Ajurweda\" \/>\n<meta property=\"og:description\" content=\"W &quot;Ajurweda. Jak dba\u0107 o siebie i by\u0107 zdrowym&quot; znale\u017a\u0107 mo\u017cna wskaz\u00f3wki jak zadba\u0107 o oczyszczenie cia\u0142a, wyciszy\u0107 umys\u0142 i dotrze\u0107 do w\u0142asnej duszy. Dr Partap Chauhan w ksi\u0105\u017cce omawia podstawowe koncepcje i terminy ajurwedy, tworz\u0105c podstawy do dalszego studiowania.\" \/>\n<meta property=\"og:url\" content=\"https:\/\/jogapiekna.com\/en\/product\/ajurweda-jak-dbac-o-siebie-i-byc-zdrowym-dr-partap-chauhan\/\" \/>\n<meta property=\"og:site_name\" content=\"JOGA PI\u0118KNA | Joga Twarzy\" \/>\n<meta property=\"article:publisher\" content=\"https:\/\/www.facebook.com\/JogaPieknaCom\/\" \/>\n<meta property=\"article:modified_time\" content=\"2026-01-18T17:19:55+00:00\" \/>\n<meta property=\"og:image\" content=\"https:\/\/jogapiekna.com\/wp-content\/uploads\/2019\/02\/Ajurweda-jak-dbac-o-siebie-i-byc-zdrowym-ksiazka_dr-partap-chauhan_ksiazka.jpg\" \/>\n\t<meta property=\"og:image:width\" content=\"1000\" \/>\n\t<meta property=\"og:image:height\" content=\"1000\" \/>\n\t<meta property=\"og:image:type\" content=\"image\/jpeg\" \/>\n<meta name=\"twitter:card\" content=\"summary_large_image\" \/>\n<meta name=\"twitter:label1\" content=\"Estimated reading time\" \/>\n\t<meta name=\"twitter:data1\" content=\"2 minutes\" \/>\n<script type=\"application\/ld+json\" class=\"yoast-schema-graph\">{\"@context\":\"https:\/\/schema.org\",\"@graph\":[{\"@type\":\"WebPage\",\"@id\":\"https:\/\/jogapiekna.com\/produkt\/ajurweda-jak-dbac-o-siebie-i-byc-zdrowym-dr-partap-chauhan\/\",\"url\":\"https:\/\/jogapiekna.com\/produkt\/ajurweda-jak-dbac-o-siebie-i-byc-zdrowym-dr-partap-chauhan\/\",\"name\":\"Ksi\u0105\u017cka Ajurweda Dr Partap Chauhan | Joga Pi\u0119kna | Ajurweda\",\"isPartOf\":{\"@id\":\"https:\/\/jogapiekna.com\/#website\"},\"primaryImageOfPage\":{\"@id\":\"https:\/\/jogapiekna.com\/produkt\/ajurweda-jak-dbac-o-siebie-i-byc-zdrowym-dr-partap-chauhan\/#primaryimage\"},\"image\":{\"@id\":\"https:\/\/jogapiekna.com\/produkt\/ajurweda-jak-dbac-o-siebie-i-byc-zdrowym-dr-partap-chauhan\/#primaryimage\"},\"thumbnailUrl\":\"https:\/\/jogapiekna.com\/wp-content\/uploads\/2019\/02\/Ajurweda-jak-dbac-o-siebie-i-byc-zdrowym-ksiazka_dr-partap-chauhan_ksiazka.jpg\",\"datePublished\":\"2019-12-12T12:43:50+00:00\",\"dateModified\":\"2026-01-18T17:19:55+00:00\",\"description\":\"W \\\"Ajurweda. Jak dba\u0107 o siebie i by\u0107 zdrowym\\\" znale\u017a\u0107 mo\u017cna wskaz\u00f3wki jak zadba\u0107 o oczyszczenie cia\u0142a, wyciszy\u0107 umys\u0142 i dotrze\u0107 do w\u0142asnej duszy. Dr Partap Chauhan w ksi\u0105\u017cce omawia podstawowe koncepcje i terminy ajurwedy, tworz\u0105c podstawy do dalszego studiowania.\",\"breadcrumb\":{\"@id\":\"https:\/\/jogapiekna.com\/produkt\/ajurweda-jak-dbac-o-siebie-i-byc-zdrowym-dr-partap-chauhan\/#breadcrumb\"},\"inLanguage\":\"en-GB\",\"potentialAction\":[{\"@type\":\"ReadAction\",\"target\":[\"https:\/\/jogapiekna.com\/produkt\/ajurweda-jak-dbac-o-siebie-i-byc-zdrowym-dr-partap-chauhan\/\"]}]},{\"@type\":\"ImageObject\",\"inLanguage\":\"en-GB\",\"@id\":\"https:\/\/jogapiekna.com\/produkt\/ajurweda-jak-dbac-o-siebie-i-byc-zdrowym-dr-partap-chauhan\/#primaryimage\",\"url\":\"https:\/\/jogapiekna.com\/wp-content\/uploads\/2019\/02\/Ajurweda-jak-dbac-o-siebie-i-byc-zdrowym-ksiazka_dr-partap-chauhan_ksiazka.jpg\",\"contentUrl\":\"https:\/\/jogapiekna.com\/wp-content\/uploads\/2019\/02\/Ajurweda-jak-dbac-o-siebie-i-byc-zdrowym-ksiazka_dr-partap-chauhan_ksiazka.jpg\",\"width\":1000,\"height\":1000,\"caption\":\"Ksi\u0105\u017cka Ajurweda Dr Partap Chauhan\"},{\"@type\":\"BreadcrumbList\",\"@id\":\"https:\/\/jogapiekna.com\/produkt\/ajurweda-jak-dbac-o-siebie-i-byc-zdrowym-dr-partap-chauhan\/#breadcrumb\",\"itemListElement\":[{\"@type\":\"ListItem\",\"position\":1,\"name\":\"Strona g\u0142\u00f3wna\",\"item\":\"https:\/\/jogapiekna.com\/\"},{\"@type\":\"ListItem\",\"position\":2,\"name\":\"Sklep\",\"item\":\"https:\/\/jogapiekna.com\/sklep\/\"},{\"@type\":\"ListItem\",\"position\":3,\"name\":\"Ksi\u0105\u017cka Ajurweda Dr Partap Chauhan\"}]},{\"@type\":\"WebSite\",\"@id\":\"https:\/\/jogapiekna.com\/#website\",\"url\":\"https:\/\/jogapiekna.com\/\",\"name\":\"Joga Pi\u0119kna Marta Kuci\u0144ska\",\"description\":\"Joga Pi\u0119kna pomaga kobietom zachowa\u0107 urod\u0119, cofn\u0105\u0107 oznaki up\u0142ywaj\u0105cego czasu i zm\u0119czenia, odzyska\u0107 promienny wygl\u0105d, naturalny u\u015bmiech i popraw\u0119 w\u0142asnej samooceny.\",\"publisher\":{\"@id\":\"https:\/\/jogapiekna.com\/#organization\"},\"potentialAction\":[{\"@type\":\"SearchAction\",\"target\":{\"@type\":\"EntryPoint\",\"urlTemplate\":\"https:\/\/jogapiekna.com\/?s={search_term_string}\"},\"query-input\":{\"@type\":\"PropertyValueSpecification\",\"valueRequired\":true,\"valueName\":\"search_term_string\"}}],\"inLanguage\":\"en-GB\"},{\"@type\":\"Organization\",\"@id\":\"https:\/\/jogapiekna.com\/#organization\",\"name\":\"Joga Pi\u0119kna Marta Kuci\u0144ska\",\"url\":\"https:\/\/jogapiekna.com\/\",\"logo\":{\"@type\":\"ImageObject\",\"inLanguage\":\"en-GB\",\"@id\":\"https:\/\/jogapiekna.com\/#\/schema\/logo\/image\/\",\"url\":\"https:\/\/jogapiekna.com\/wp-content\/uploads\/2022\/09\/joga-piekna-logo_Rka.png\",\"contentUrl\":\"https:\/\/jogapiekna.com\/wp-content\/uploads\/2022\/09\/joga-piekna-logo_Rka.png\",\"width\":231,\"height\":124,\"caption\":\"Joga Pi\u0119kna Marta Kuci\u0144ska\"},\"image\":{\"@id\":\"https:\/\/jogapiekna.com\/#\/schema\/logo\/image\/\"},\"sameAs\":[\"https:\/\/www.facebook.com\/JogaPieknaCom\/\",\"https:\/\/www.instagram.com\/jogapieknacom\/\"]}]}<\/script>\n<!-- \/ Yoast SEO plugin. -->","yoast_head_json":{"title":"Ksi\u0105\u017cka Ajurweda Dr Partap Chauhan | Joga Pi\u0119kna | Ajurweda","description":"W \"Ajurweda. Jak dba\u0107 o siebie i by\u0107 zdrowym\" znale\u017a\u0107 mo\u017cna wskaz\u00f3wki jak zadba\u0107 o oczyszczenie cia\u0142a, wyciszy\u0107 umys\u0142 i dotrze\u0107 do w\u0142asnej duszy. Dr Partap Chauhan w ksi\u0105\u017cce omawia podstawowe koncepcje i terminy ajurwedy, tworz\u0105c podstawy do dalszego studiowania.","robots":{"index":"index","follow":"follow","max-snippet":"max-snippet:-1","max-image-preview":"max-image-preview:large","max-video-preview":"max-video-preview:-1"},"canonical":"https:\/\/jogapiekna.com\/en\/product\/ajurweda-jak-dbac-o-siebie-i-byc-zdrowym-dr-partap-chauhan\/","og_locale":"en_GB","og_type":"article","og_title":"Ksi\u0105\u017cka Ajurweda Dr Partap Chauhan | Joga Pi\u0119kna | Ajurweda","og_description":"W \"Ajurweda. Jak dba\u0107 o siebie i by\u0107 zdrowym\" znale\u017a\u0107 mo\u017cna wskaz\u00f3wki jak zadba\u0107 o oczyszczenie cia\u0142a, wyciszy\u0107 umys\u0142 i dotrze\u0107 do w\u0142asnej duszy. Dr Partap Chauhan w ksi\u0105\u017cce omawia podstawowe koncepcje i terminy ajurwedy, tworz\u0105c podstawy do dalszego studiowania.","og_url":"https:\/\/jogapiekna.com\/en\/product\/ajurweda-jak-dbac-o-siebie-i-byc-zdrowym-dr-partap-chauhan\/","og_site_name":"JOGA PI\u0118KNA | Joga Twarzy","article_publisher":"https:\/\/www.facebook.com\/JogaPieknaCom\/","article_modified_time":"2026-01-18T17:19:55+00:00","og_image":[{"width":1000,"height":1000,"url":"https:\/\/jogapiekna.com\/wp-content\/uploads\/2019\/02\/Ajurweda-jak-dbac-o-siebie-i-byc-zdrowym-ksiazka_dr-partap-chauhan_ksiazka.jpg","type":"image\/jpeg"}],"twitter_card":"summary_large_image","twitter_misc":{"Estimated reading time":"2 minutes"},"schema":{"@context":"https:\/\/schema.org","@graph":[{"@type":"WebPage","@id":"https:\/\/jogapiekna.com\/produkt\/ajurweda-jak-dbac-o-siebie-i-byc-zdrowym-dr-partap-chauhan\/","url":"https:\/\/jogapiekna.com\/produkt\/ajurweda-jak-dbac-o-siebie-i-byc-zdrowym-dr-partap-chauhan\/","name":"Ksi\u0105\u017cka Ajurweda Dr Partap Chauhan | Joga Pi\u0119kna | Ajurweda","isPartOf":{"@id":"https:\/\/jogapiekna.com\/#website"},"primaryImageOfPage":{"@id":"https:\/\/jogapiekna.com\/produkt\/ajurweda-jak-dbac-o-siebie-i-byc-zdrowym-dr-partap-chauhan\/#primaryimage"},"image":{"@id":"https:\/\/jogapiekna.com\/produkt\/ajurweda-jak-dbac-o-siebie-i-byc-zdrowym-dr-partap-chauhan\/#primaryimage"},"thumbnailUrl":"https:\/\/jogapiekna.com\/wp-content\/uploads\/2019\/02\/Ajurweda-jak-dbac-o-siebie-i-byc-zdrowym-ksiazka_dr-partap-chauhan_ksiazka.jpg","datePublished":"2019-12-12T12:43:50+00:00","dateModified":"2026-01-18T17:19:55+00:00","description":"W \"Ajurweda. Jak dba\u0107 o siebie i by\u0107 zdrowym\" znale\u017a\u0107 mo\u017cna wskaz\u00f3wki jak zadba\u0107 o oczyszczenie cia\u0142a, wyciszy\u0107 umys\u0142 i dotrze\u0107 do w\u0142asnej duszy. Dr Partap Chauhan w ksi\u0105\u017cce omawia podstawowe koncepcje i terminy ajurwedy, tworz\u0105c podstawy do dalszego studiowania.","breadcrumb":{"@id":"https:\/\/jogapiekna.com\/produkt\/ajurweda-jak-dbac-o-siebie-i-byc-zdrowym-dr-partap-chauhan\/#breadcrumb"},"inLanguage":"en-GB","potentialAction":[{"@type":"ReadAction","target":["https:\/\/jogapiekna.com\/produkt\/ajurweda-jak-dbac-o-siebie-i-byc-zdrowym-dr-partap-chauhan\/"]}]},{"@type":"ImageObject","inLanguage":"en-GB","@id":"https:\/\/jogapiekna.com\/produkt\/ajurweda-jak-dbac-o-siebie-i-byc-zdrowym-dr-partap-chauhan\/#primaryimage","url":"https:\/\/jogapiekna.com\/wp-content\/uploads\/2019\/02\/Ajurweda-jak-dbac-o-siebie-i-byc-zdrowym-ksiazka_dr-partap-chauhan_ksiazka.jpg","contentUrl":"https:\/\/jogapiekna.com\/wp-content\/uploads\/2019\/02\/Ajurweda-jak-dbac-o-siebie-i-byc-zdrowym-ksiazka_dr-partap-chauhan_ksiazka.jpg","width":1000,"height":1000,"caption":"Ksi\u0105\u017cka Ajurweda Dr Partap Chauhan"},{"@type":"BreadcrumbList","@id":"https:\/\/jogapiekna.com\/produkt\/ajurweda-jak-dbac-o-siebie-i-byc-zdrowym-dr-partap-chauhan\/#breadcrumb","itemListElement":[{"@type":"ListItem","position":1,"name":"Strona g\u0142\u00f3wna","item":"https:\/\/jogapiekna.com\/"},{"@type":"ListItem","position":2,"name":"Sklep","item":"https:\/\/jogapiekna.com\/sklep\/"},{"@type":"ListItem","position":3,"name":"Ksi\u0105\u017cka Ajurweda Dr Partap Chauhan"}]},{"@type":"WebSite","@id":"https:\/\/jogapiekna.com\/#website","url":"https:\/\/jogapiekna.com\/","name":"Yoga Beauty Marta Kuci\u0144ska","description":"Beauty Yoga helps women to maintain their beauty, reverse the signs of passing time and fatigue, regain a radiant appearance, natural smile and improve their self-esteem.","publisher":{"@id":"https:\/\/jogapiekna.com\/#organization"},"potentialAction":[{"@type":"SearchAction","target":{"@type":"EntryPoint","urlTemplate":"https:\/\/jogapiekna.com\/?s={search_term_string}"},"query-input":{"@type":"PropertyValueSpecification","valueRequired":true,"valueName":"search_term_string"}}],"inLanguage":"en-GB"},{"@type":"Organization","@id":"https:\/\/jogapiekna.com\/#organization","name":"Yoga Beauty Marta Kuci\u0144ska","url":"https:\/\/jogapiekna.com\/","logo":{"@type":"ImageObject","inLanguage":"en-GB","@id":"https:\/\/jogapiekna.com\/#\/schema\/logo\/image\/","url":"https:\/\/jogapiekna.com\/wp-content\/uploads\/2022\/09\/joga-piekna-logo_Rka.png","contentUrl":"https:\/\/jogapiekna.com\/wp-content\/uploads\/2022\/09\/joga-piekna-logo_Rka.png","width":231,"height":124,"caption":"Joga Pi\u0119kna Marta Kuci\u0144ska"},"image":{"@id":"https:\/\/jogapiekna.com\/#\/schema\/logo\/image\/"},"sameAs":["https:\/\/www.facebook.com\/JogaPieknaCom\/","https:\/\/www.instagram.com\/jogapieknacom\/"]}]}},"_links":{"self":[{"href":"https:\/\/jogapiekna.com\/en\/wp-json\/wp\/v2\/product\/18271","targetHints":{"allow":["GET"]}}],"collection":[{"href":"https:\/\/jogapiekna.com\/en\/wp-json\/wp\/v2\/product"}],"about":[{"href":"https:\/\/jogapiekna.com\/en\/wp-json\/wp\/v2\/types\/product"}],"replies":[{"embeddable":true,"href":"https:\/\/jogapiekna.com\/en\/wp-json\/wp\/v2\/comments?post=18271"}],"version-history":[{"count":0,"href":"https:\/\/jogapiekna.com\/en\/wp-json\/wp\/v2\/product\/18271\/revisions"}],"wp:featuredmedia":[{"embeddable":true,"href":"https:\/\/jogapiekna.com\/en\/wp-json\/wp\/v2\/media\/94722"}],"wp:attachment":[{"href":"https:\/\/jogapiekna.com\/en\/wp-json\/wp\/v2\/media?parent=18271"}],"wp:term":[{"taxonomy":"product_brand","embeddable":true,"href":"https:\/\/jogapiekna.com\/en\/wp-json\/wp\/v2\/product_brand?post=18271"},{"taxonomy":"product_cat","embeddable":true,"href":"https:\/\/jogapiekna.com\/en\/wp-json\/wp\/v2\/product_cat?post=18271"},{"taxonomy":"product_tag","embeddable":true,"href":"https:\/\/jogapiekna.com\/en\/wp-json\/wp\/v2\/product_tag?post=18271"}],"curies":[{"name":"wp","href":"https:\/\/api.w.org\/{rel}","templated":true}]}}