{"id":185620,"date":"2025-01-14T10:47:03","date_gmt":"2025-01-14T09:47:03","guid":{"rendered":"https:\/\/jogapiekna.com\/?post_type=product&#038;p=185620"},"modified":"2026-03-11T14:27:33","modified_gmt":"2026-03-11T13:27:33","slug":"serum-nawilzajace-slavia-cosmetics-30-ml","status":"publish","type":"product","link":"https:\/\/jogapiekna.com\/en\/product\/serum-nawilzajace-slavia-cosmetics-30-ml\/","title":{"rendered":"Hydrating serum with hyaluronic acid and stem cells - Slavia Cosmetics - 30 ml"},"content":{"rendered":"<h2>Moisturising face serum - your recipe for smooth, radiant skin<\/h2>\n<p>Do you dream of soft, radiant skin that is perfectly moisturised throughout the day? Do you struggle with the feeling of rough and tight skin, even despite using various moisturising cosmetics? This serum from Slavia Cosmetics will revolutionise your skincare!<\/p>\n<p>Thanks to its unique formula, based on <strong>three types of hyaluronic acid<\/strong> i <strong>polyglutamic acid<\/strong>, the serum works where your skin needs it most. It reaches the deep layers of the epidermis, binds water and helps retain it in the skin for long-lasting comfort. In addition, the serum contains <strong>rosehip stem cells<\/strong> and <strong>ectoin<\/strong> strengthen the skin's protective barrier, reducing its susceptibility to irritation and dryness.<\/p>\n<p>You will finally feel soothed and even notice a healthy, radiant glow on your face.<\/p>\n<p>&nbsp;<\/p>\n<h2>You will notice spectacular results after just 4 weeks of use:<\/h2>\n<ul>\n<li><strong>Improved hydration<\/strong> skins as much as 27%,<\/li>\n<li><strong>Greater shine and radiance<\/strong> complexion, improved by 18%,<\/li>\n<li><strong>Strengthening the skin barrier<\/strong> o 23%, which protects it from dryness and irritation.<\/li>\n<\/ul>\n<p>&nbsp;<\/p>\n<h2>Top serum ingredients to take care of skin hydration<\/h2>\n<p>The serum contains a carefully selected, unique composition of ingredients that will take care of your skin on multiple levels - from deep hydration and nourishment, to smoothing and protection against excessive water loss from the epidermis.<\/p>\n<h3><strong>Hyaluronic acid in 3 different sizes<\/strong><\/h3>\n<p>The hyaluronic acid in the serum is <strong>triple moisturising action: macromolecular<\/strong> Hyaluronic acid provides a protective layer on the skin's surface, blocking moisture loss and smoothing the epidermis. Low-molecular penetrates deeper, providing long-lasting hydration and improving skin elasticity. <strong>Ultra-low molecular weight<\/strong> penetrates into the deepest layers of the skin, stimulating cellular regeneration and having an anti-wrinkle effect. Thanks to this synergy, hyaluronic acid has a comprehensive effect, from superficial smoothing to deep skin reconstruction.<\/p>\n<h3><strong>Polyglutamic acid<\/strong><\/h3>\n<p>Polyglutamic acid is a breakthrough moisturising ingredient that binds water five times more effectively than hyaluronic acid. In addition to intense hydration <strong>strengthens the hydrolipidic barrier of the skin<\/strong>, and protects it from dehydration and irritation. It makes the skin more supple, smooth and less prone to dryness and roughness.<\/p>\n<h3><strong>Stem cells from the rosehip<\/strong><\/h3>\n<p>Stem cells of the rosehip are <strong>A luxury ingredient with powerful regenerative action<\/strong>. They strengthen the skin's natural barrier, protecting it from harmful external factors. In addition, they stimulate cell renewal processes, accelerating regeneration and providing long-lasting hydration. The result? The skin is more resilient, firmer and radiant.<\/p>\n<h3><strong>Trehalose<\/strong><\/h3>\n<p>Trehalose is a natural humectant that helps maintain optimal moisture levels in the skin. It protects cells from oxidative stress and promotes cell regeneration, which <strong>delays the ageing process<\/strong>. Regular use of products with trehalose keeps the skin smooth and healthy looking.<\/p>\n<h3><strong>Ectoin<\/strong><\/h3>\n<p>Ectoin is a unique protective and moisturising ingredient. <strong>Creates a \u201ewater mantle\u201d on the skin\u201d<\/strong>, which supports the natural regenerative processes and strengthens the cell structure. Reduces irritation and redness while preventing moisture loss. The skin becomes more supple, moisturised and resistant to negative external influences.<\/p>\n<h3><strong>Arginine<\/strong><\/h3>\n<p>Arginine is an amino acid with moisturising and regenerative properties. <strong>Promotes skin repair processes<\/strong>, It strengthens its structure and restores its softness and elasticity. It is particularly effective for dry and tired skin.<\/p>\n<h3><strong>Dimethyl Isosorbide<\/strong><\/h3>\n<p>Dimethyl Isosorbide is an innovative permeation promoter that <strong>increases the effectiveness of the active ingredients<\/strong>, It also has a moisturising effect, promoting comprehensive skin care and enhancing the effects of the serum. In addition, it has a moisturising effect, supporting comprehensive care and enhancing the effects of the serum.<\/p>\n<p>&nbsp;<\/p>\n<h2>Who is this Slavia Cosmetics moisturising serum for?<\/h2>\n<ul>\n<li>People with dry, dehydrated skin.<\/li>\n<li>Owners of sensitive and irritated skin.<\/li>\n<li>People with oily or combination skin who need light, non-stressing moisturisation.<\/li>\n<li>Mature people looking to smooth and improve skin elasticity.<\/li>\n<li>Anyone struggling with dryness caused by air conditioning, cold or pollution.<\/li>\n<li>Followers of natural care - the serum contains 98% ingredients of natural origin.<\/li>\n<li>Those looking for a versatile day and night cosmetic.<\/li>\n<li><strong>IMPORTANT: The serum does not contain substances dangerous for pregnant or breastfeeding women.<\/strong><\/li>\n<\/ul>\n<p>&nbsp;<\/p>\n<h2>Effects of the moisturising serum<\/h2>\n<ul>\n<li><strong>Deep hydration<\/strong> - the skin becomes soft, smooth and properly hydrated on all levels.<\/li>\n<li><strong>Strengthening the protective barrier<\/strong> - the skin is less prone to irritation and moisture loss.<\/li>\n<li><strong>Improved flexibility<\/strong> - you will notice firmer and more resilient skin.<\/li>\n<li><strong>Brightening and healthy glow<\/strong> - the skin looks radiant and fresh.<\/li>\n<li><strong>Smoothing and unifying texture<\/strong> - Fine wrinkles become less visible and the complexion more uniform.<\/li>\n<\/ul>\n<p>&nbsp;<\/p>\n<h2>Why do I trust Slavia Cosmetics?<\/h2>\n<p>I love that the Slavia Cosmetics brand is backed by people with a passion for nature. These are vegan cosmetics created with full confidence in their quality. <strong>positive effects on the skin and the environment<\/strong>, without animal testing and with respect for the environment.<\/p>\n<p>Slavia Cosmetics products also feature carefully formulated active ingredients that fight the signs of aging and help keep your skin healthy and radiant.<\/p>\n<p>I know that this is a brand that creates its products with people like me. On the one hand, its creators care about our planet, and on the other hand, they want to consciously and ethically use the power that natural ingredients give. I believe that at the moment this is one of the best beauty options on our market, and I am happy to share it with you.<\/p>\n<p>&nbsp;<\/p>\n<h2>Product composition (INCI)<\/h2>\n<p>Aqua, Pentylene Glycol, Dimethyl Isosorbide, Trehalose, Ectoin, Rosa Centifolia Leaf Cell Extract, Hydrolyzed Sodium Hyaluronate, Sodium Hyaluronate, Polyglutamic Acid, Arginine, Sunflower Seed Oil Polyglyceryl-4 Esters, Lactic Acid, Glycerin, Benzyl Alcohol, Dehydroacetic Acid, Butylene Glycol, Polysorbate 80, Hydroxyethylcellulose, Parfum.<\/p>\n<p>&nbsp;<\/p>\n<h2>How to use the serum?<\/h2>\n<p>You can apply the serum to the face as well as the neck and d\u00e9collet\u00e9. Make sure your skin is properly prepared before application.<\/p>\n<ul>\n<li>Start by thoroughly cleansing your face to remove any impurities and allow the active ingredients to penetrate deeper.<br \/>\nTo properly prepare the skin for the cream, you can use the <a href=\"https:\/\/jogapiekna.com\/en\/product\/zel-nawilzajacy-do-mycia-twarzy-150ml\/\">moisturizing gel cleanser with gluconolactone 4% from Slavia Cosmetics<\/a>.<\/li>\n<li>After cleansing, gently dry your skin and apply a toner that will restore it to its proper pH.<\/li>\n<li>Apply your favourite facial cream, then measure out 2-3 drops of serum and spread evenly over the face, massaging gently with fingertips or <a href=\"https:\/\/jogapiekna.com\/en\/product\/roller-joga-piekna-do-masazu-twarzy-krysztal-gorski\/\">with a roller coaster<\/a>. Add a few drops if you want to apply the serum to your neck and decollete.<\/li>\n<li>When performing the application, you can use a gentle facial massage to stimulate micro-circulation and enhance the effects of the serum.<\/li>\n<\/ul>\n<p>Look <a href=\"https:\/\/www.youtube.com\/watch?v=g5bKiy08uW8\">short video about a quick facial massage<\/a>. Find out how quickly you can implement massage techniques into your daily skincare routine. It only takes a minute to maximise the potential of the serums and creams you apply!<\/p>\n<p>Regular use of the serum in combination with massage will not only increase its effectiveness, but also provide a moment of relaxation and relaxation, and this is an additional advantage of your daily care.<\/p>","protected":false},"excerpt":{"rendered":"<p>Does your skin crave intense hydration? Here is a serum that has a multi-level effect: it deeply moisturises, soothes, nourishes, smooths and protects the skin from dehydration. It combines advanced technology with natural ingredients. It has a light water-based formula, absorbs quickly and is ideal for daytime under make-up and nighttime as a moisturising treatment.<\/p>\n<ul>\n<li>Deep hydration and smoothing of the complexion, protects against dehydration<\/li>\n<li>Ideal for day and night, absorbs quickly<\/li>\n<li>Vegan, also for pregnant women<\/li>\n<li>Top ingredients: hyaluronic acid, polyglutamic acid, stem cells<\/li>\n<li>Capacity: 30ml<\/li>\n<li>Aroma: slightly sweet, delicate<\/li>\n<li>Application: daily<\/li>\n<\/ul>","protected":false},"featured_media":185621,"comment_status":"closed","ping_status":"closed","template":"","meta":{"_acf_changed":false,"site-sidebar-layout":"default","site-content-layout":"","ast-site-content-layout":"default","site-content-style":"default","site-sidebar-style":"default","ast-global-header-display":"","ast-banner-title-visibility":"","ast-main-header-display":"","ast-hfb-above-header-display":"","ast-hfb-below-header-display":"","ast-hfb-mobile-header-display":"","site-post-title":"","ast-breadcrumbs-content":"","ast-featured-img":"","footer-sml-layout":"","ast-disable-related-posts":"","theme-transparent-header-meta":"default","adv-header-id-meta":"","stick-header-meta":"","header-above-stick-meta":"","header-main-stick-meta":"","header-below-stick-meta":"","astra-migrate-meta-layouts":"set","ast-page-background-enabled":"default","ast-page-background-meta":{"desktop":{"background-color":"var(--ast-global-color-5)","background-image":"","background-repeat":"repeat","background-position":"center center","background-size":"auto","background-attachment":"scroll","background-type":"","background-media":"","overlay-type":"","overlay-color":"","overlay-opacity":"","overlay-gradient":""},"tablet":{"background-color":"","background-image":"","background-repeat":"repeat","background-position":"center center","background-size":"auto","background-attachment":"scroll","background-type":"","background-media":"","overlay-type":"","overlay-color":"","overlay-opacity":"","overlay-gradient":""},"mobile":{"background-color":"","background-image":"","background-repeat":"repeat","background-position":"center center","background-size":"auto","background-attachment":"scroll","background-type":"","background-media":"","overlay-type":"","overlay-color":"","overlay-opacity":"","overlay-gradient":""}},"ast-content-background-meta":{"desktop":{"background-color":"var(--ast-global-color-4)","background-image":"","background-repeat":"repeat","background-position":"center center","background-size":"auto","background-attachment":"scroll","background-type":"","background-media":"","overlay-type":"","overlay-color":"","overlay-opacity":"","overlay-gradient":""},"tablet":{"background-color":"var(--ast-global-color-4)","background-image":"","background-repeat":"repeat","background-position":"center center","background-size":"auto","background-attachment":"scroll","background-type":"","background-media":"","overlay-type":"","overlay-color":"","overlay-opacity":"","overlay-gradient":""},"mobile":{"background-color":"var(--ast-global-color-4)","background-image":"","background-repeat":"repeat","background-position":"center center","background-size":"auto","background-attachment":"scroll","background-type":"","background-media":"","overlay-type":"","overlay-color":"","overlay-opacity":"","overlay-gradient":""}}},"product_brand":[],"product_cat":[331],"product_tag":[789,648,782],"class_list":{"0":"post-185620","1":"product","2":"type-product","3":"status-publish","4":"has-post-thumbnail","6":"product_cat-kosmetyki","7":"product_tag-arbutyna","8":"product_tag-na-przebarwienia","9":"product_tag-serum","10":"desktop-align-left","11":"tablet-align-left","12":"mobile-align-left","14":"first","15":"instock","16":"taxable","17":"shipping-taxable","18":"purchasable","19":"product-type-simple"},"acf":[],"yoast_head":"<!-- This site is optimized with the Yoast SEO plugin v27.2 - https:\/\/yoast.com\/product\/yoast-seo-wordpress\/ -->\n<title>Serum na przebarwienia z arbutyn\u0105 kapsu\u0142kow\u0105<\/title>\n<meta name=\"description\" content=\"Oto serum, kt\u00f3re wyr\u00f3wnuje koloryt cery, rozja\u015bnia przebarwienia i przywraca sk\u00f3rze naturalny blask. Jego formu\u0142a opiera si\u0119 w 98% na sk\u0142adnikach pochodzenia naturalnego. Dzia\u0142a \u0142agodnie, nie powoduj\u0105c podra\u017cnie\u0144. Ju\u017c po kr\u00f3tkim czasie stosowania zauwa\u017cysz ujednolicony koloryt cery, lepsz\u0105 elastyczno\u015b\u0107 sk\u00f3ry oraz znaczne rozja\u015bnienie przebarwie\u0144.\" \/>\n<meta name=\"robots\" content=\"index, follow, max-snippet:-1, max-image-preview:large, max-video-preview:-1\" \/>\n<link rel=\"canonical\" href=\"https:\/\/jogapiekna.com\/en\/product\/serum-nawilzajace-slavia-cosmetics-30-ml\/\" \/>\n<meta property=\"og:locale\" content=\"en_GB\" \/>\n<meta property=\"og:type\" content=\"article\" \/>\n<meta property=\"og:title\" content=\"Serum na przebarwienia z arbutyn\u0105 kapsu\u0142kow\u0105\" \/>\n<meta property=\"og:description\" content=\"Oto serum, kt\u00f3re wyr\u00f3wnuje koloryt cery, rozja\u015bnia przebarwienia i przywraca sk\u00f3rze naturalny blask. Jego formu\u0142a opiera si\u0119 w 98% na sk\u0142adnikach pochodzenia naturalnego. Dzia\u0142a \u0142agodnie, nie powoduj\u0105c podra\u017cnie\u0144. Ju\u017c po kr\u00f3tkim czasie stosowania zauwa\u017cysz ujednolicony koloryt cery, lepsz\u0105 elastyczno\u015b\u0107 sk\u00f3ry oraz znaczne rozja\u015bnienie przebarwie\u0144.\" \/>\n<meta property=\"og:url\" content=\"https:\/\/jogapiekna.com\/en\/product\/serum-nawilzajace-slavia-cosmetics-30-ml\/\" \/>\n<meta property=\"og:site_name\" content=\"JOGA PI\u0118KNA | Joga Twarzy\" \/>\n<meta property=\"article:publisher\" content=\"https:\/\/www.facebook.com\/JogaPieknaCom\/\" \/>\n<meta property=\"article:modified_time\" content=\"2026-03-11T13:27:33+00:00\" \/>\n<meta property=\"og:image\" content=\"https:\/\/jogapiekna.com\/wp-content\/uploads\/2025\/01\/serum-nawilzajace-slavia.jpg\" \/>\n\t<meta property=\"og:image:width\" content=\"1000\" \/>\n\t<meta property=\"og:image:height\" content=\"1000\" \/>\n\t<meta property=\"og:image:type\" content=\"image\/jpeg\" \/>\n<meta name=\"twitter:card\" content=\"summary_large_image\" \/>\n<meta name=\"twitter:label1\" content=\"Estimated reading time\" \/>\n\t<meta name=\"twitter:data1\" content=\"6 minutes\" \/>\n<script type=\"application\/ld+json\" class=\"yoast-schema-graph\">{\"@context\":\"https:\/\/schema.org\",\"@graph\":[{\"@type\":\"WebPage\",\"@id\":\"https:\/\/jogapiekna.com\/produkt\/serum-nawilzajace-slavia-cosmetics-30-ml\/\",\"url\":\"https:\/\/jogapiekna.com\/produkt\/serum-nawilzajace-slavia-cosmetics-30-ml\/\",\"name\":\"Serum na przebarwienia z arbutyn\u0105 kapsu\u0142kow\u0105\",\"isPartOf\":{\"@id\":\"https:\/\/jogapiekna.com\/#website\"},\"primaryImageOfPage\":{\"@id\":\"https:\/\/jogapiekna.com\/produkt\/serum-nawilzajace-slavia-cosmetics-30-ml\/#primaryimage\"},\"image\":{\"@id\":\"https:\/\/jogapiekna.com\/produkt\/serum-nawilzajace-slavia-cosmetics-30-ml\/#primaryimage\"},\"thumbnailUrl\":\"https:\/\/jogapiekna.com\/wp-content\/uploads\/2025\/01\/serum-nawilzajace-slavia.jpg\",\"datePublished\":\"2025-01-14T09:47:03+00:00\",\"dateModified\":\"2026-03-11T13:27:33+00:00\",\"description\":\"Oto serum, kt\u00f3re wyr\u00f3wnuje koloryt cery, rozja\u015bnia przebarwienia i przywraca sk\u00f3rze naturalny blask. Jego formu\u0142a opiera si\u0119 w 98% na sk\u0142adnikach pochodzenia naturalnego. Dzia\u0142a \u0142agodnie, nie powoduj\u0105c podra\u017cnie\u0144. Ju\u017c po kr\u00f3tkim czasie stosowania zauwa\u017cysz ujednolicony koloryt cery, lepsz\u0105 elastyczno\u015b\u0107 sk\u00f3ry oraz znaczne rozja\u015bnienie przebarwie\u0144.\",\"breadcrumb\":{\"@id\":\"https:\/\/jogapiekna.com\/produkt\/serum-nawilzajace-slavia-cosmetics-30-ml\/#breadcrumb\"},\"inLanguage\":\"en-GB\",\"potentialAction\":[{\"@type\":\"ReadAction\",\"target\":[\"https:\/\/jogapiekna.com\/produkt\/serum-nawilzajace-slavia-cosmetics-30-ml\/\"]}]},{\"@type\":\"ImageObject\",\"inLanguage\":\"en-GB\",\"@id\":\"https:\/\/jogapiekna.com\/produkt\/serum-nawilzajace-slavia-cosmetics-30-ml\/#primaryimage\",\"url\":\"https:\/\/jogapiekna.com\/wp-content\/uploads\/2025\/01\/serum-nawilzajace-slavia.jpg\",\"contentUrl\":\"https:\/\/jogapiekna.com\/wp-content\/uploads\/2025\/01\/serum-nawilzajace-slavia.jpg\",\"width\":1000,\"height\":1000,\"caption\":\"Nawil\u017caj\u0105ce serum do twarzy\"},{\"@type\":\"BreadcrumbList\",\"@id\":\"https:\/\/jogapiekna.com\/produkt\/serum-nawilzajace-slavia-cosmetics-30-ml\/#breadcrumb\",\"itemListElement\":[{\"@type\":\"ListItem\",\"position\":1,\"name\":\"Strona g\u0142\u00f3wna\",\"item\":\"https:\/\/jogapiekna.com\/\"},{\"@type\":\"ListItem\",\"position\":2,\"name\":\"Sklep\",\"item\":\"https:\/\/jogapiekna.com\/sklep\/\"},{\"@type\":\"ListItem\",\"position\":3,\"name\":\"Serum nawil\u017caj\u0105ce z kwasem hialuronowym i kom\u00f3rkami macierzystymi \u2022 Slavia Cosmetics \u2022 30 ml\"}]},{\"@type\":\"WebSite\",\"@id\":\"https:\/\/jogapiekna.com\/#website\",\"url\":\"https:\/\/jogapiekna.com\/\",\"name\":\"Joga Pi\u0119kna Marta Kuci\u0144ska\",\"description\":\"Joga Pi\u0119kna pomaga kobietom zachowa\u0107 urod\u0119, cofn\u0105\u0107 oznaki up\u0142ywaj\u0105cego czasu i zm\u0119czenia, odzyska\u0107 promienny wygl\u0105d, naturalny u\u015bmiech i popraw\u0119 w\u0142asnej samooceny.\",\"publisher\":{\"@id\":\"https:\/\/jogapiekna.com\/#organization\"},\"potentialAction\":[{\"@type\":\"SearchAction\",\"target\":{\"@type\":\"EntryPoint\",\"urlTemplate\":\"https:\/\/jogapiekna.com\/?s={search_term_string}\"},\"query-input\":{\"@type\":\"PropertyValueSpecification\",\"valueRequired\":true,\"valueName\":\"search_term_string\"}}],\"inLanguage\":\"en-GB\"},{\"@type\":\"Organization\",\"@id\":\"https:\/\/jogapiekna.com\/#organization\",\"name\":\"Joga Pi\u0119kna Marta Kuci\u0144ska\",\"url\":\"https:\/\/jogapiekna.com\/\",\"logo\":{\"@type\":\"ImageObject\",\"inLanguage\":\"en-GB\",\"@id\":\"https:\/\/jogapiekna.com\/#\/schema\/logo\/image\/\",\"url\":\"https:\/\/jogapiekna.com\/wp-content\/uploads\/2022\/09\/joga-piekna-logo_Rka.png\",\"contentUrl\":\"https:\/\/jogapiekna.com\/wp-content\/uploads\/2022\/09\/joga-piekna-logo_Rka.png\",\"width\":231,\"height\":124,\"caption\":\"Joga Pi\u0119kna Marta Kuci\u0144ska\"},\"image\":{\"@id\":\"https:\/\/jogapiekna.com\/#\/schema\/logo\/image\/\"},\"sameAs\":[\"https:\/\/www.facebook.com\/JogaPieknaCom\/\",\"https:\/\/www.instagram.com\/jogapieknacom\/\"]}]}<\/script>\n<!-- \/ Yoast SEO plugin. -->","yoast_head_json":{"title":"Serum na przebarwienia z arbutyn\u0105 kapsu\u0142kow\u0105","description":"Here is a serum that evens out skin tone, lightens discolouration and restores the skin's natural radiance. Its 98% formula is based on ingredients of natural origin. It works gently without causing irritation. After just a short period of use, you will notice an even skin tone, improved skin elasticity and a significant brightening of discolouration.","robots":{"index":"index","follow":"follow","max-snippet":"max-snippet:-1","max-image-preview":"max-image-preview:large","max-video-preview":"max-video-preview:-1"},"canonical":"https:\/\/jogapiekna.com\/en\/product\/serum-nawilzajace-slavia-cosmetics-30-ml\/","og_locale":"en_GB","og_type":"article","og_title":"Serum na przebarwienia z arbutyn\u0105 kapsu\u0142kow\u0105","og_description":"Oto serum, kt\u00f3re wyr\u00f3wnuje koloryt cery, rozja\u015bnia przebarwienia i przywraca sk\u00f3rze naturalny blask. Jego formu\u0142a opiera si\u0119 w 98% na sk\u0142adnikach pochodzenia naturalnego. Dzia\u0142a \u0142agodnie, nie powoduj\u0105c podra\u017cnie\u0144. Ju\u017c po kr\u00f3tkim czasie stosowania zauwa\u017cysz ujednolicony koloryt cery, lepsz\u0105 elastyczno\u015b\u0107 sk\u00f3ry oraz znaczne rozja\u015bnienie przebarwie\u0144.","og_url":"https:\/\/jogapiekna.com\/en\/product\/serum-nawilzajace-slavia-cosmetics-30-ml\/","og_site_name":"JOGA PI\u0118KNA | Joga Twarzy","article_publisher":"https:\/\/www.facebook.com\/JogaPieknaCom\/","article_modified_time":"2026-03-11T13:27:33+00:00","og_image":[{"width":1000,"height":1000,"url":"https:\/\/jogapiekna.com\/wp-content\/uploads\/2025\/01\/serum-nawilzajace-slavia.jpg","type":"image\/jpeg"}],"twitter_card":"summary_large_image","twitter_misc":{"Estimated reading time":"6 minutes"},"schema":{"@context":"https:\/\/schema.org","@graph":[{"@type":"WebPage","@id":"https:\/\/jogapiekna.com\/produkt\/serum-nawilzajace-slavia-cosmetics-30-ml\/","url":"https:\/\/jogapiekna.com\/produkt\/serum-nawilzajace-slavia-cosmetics-30-ml\/","name":"Serum na przebarwienia z arbutyn\u0105 kapsu\u0142kow\u0105","isPartOf":{"@id":"https:\/\/jogapiekna.com\/#website"},"primaryImageOfPage":{"@id":"https:\/\/jogapiekna.com\/produkt\/serum-nawilzajace-slavia-cosmetics-30-ml\/#primaryimage"},"image":{"@id":"https:\/\/jogapiekna.com\/produkt\/serum-nawilzajace-slavia-cosmetics-30-ml\/#primaryimage"},"thumbnailUrl":"https:\/\/jogapiekna.com\/wp-content\/uploads\/2025\/01\/serum-nawilzajace-slavia.jpg","datePublished":"2025-01-14T09:47:03+00:00","dateModified":"2026-03-11T13:27:33+00:00","description":"Here is a serum that evens out skin tone, lightens discolouration and restores the skin's natural radiance. Its 98% formula is based on ingredients of natural origin. It works gently without causing irritation. After just a short period of use, you will notice an even skin tone, improved skin elasticity and a significant brightening of discolouration.","breadcrumb":{"@id":"https:\/\/jogapiekna.com\/produkt\/serum-nawilzajace-slavia-cosmetics-30-ml\/#breadcrumb"},"inLanguage":"en-GB","potentialAction":[{"@type":"ReadAction","target":["https:\/\/jogapiekna.com\/produkt\/serum-nawilzajace-slavia-cosmetics-30-ml\/"]}]},{"@type":"ImageObject","inLanguage":"en-GB","@id":"https:\/\/jogapiekna.com\/produkt\/serum-nawilzajace-slavia-cosmetics-30-ml\/#primaryimage","url":"https:\/\/jogapiekna.com\/wp-content\/uploads\/2025\/01\/serum-nawilzajace-slavia.jpg","contentUrl":"https:\/\/jogapiekna.com\/wp-content\/uploads\/2025\/01\/serum-nawilzajace-slavia.jpg","width":1000,"height":1000,"caption":"Nawil\u017caj\u0105ce serum do twarzy"},{"@type":"BreadcrumbList","@id":"https:\/\/jogapiekna.com\/produkt\/serum-nawilzajace-slavia-cosmetics-30-ml\/#breadcrumb","itemListElement":[{"@type":"ListItem","position":1,"name":"Strona g\u0142\u00f3wna","item":"https:\/\/jogapiekna.com\/"},{"@type":"ListItem","position":2,"name":"Sklep","item":"https:\/\/jogapiekna.com\/sklep\/"},{"@type":"ListItem","position":3,"name":"Serum nawil\u017caj\u0105ce z kwasem hialuronowym i kom\u00f3rkami macierzystymi \u2022 Slavia Cosmetics \u2022 30 ml"}]},{"@type":"WebSite","@id":"https:\/\/jogapiekna.com\/#website","url":"https:\/\/jogapiekna.com\/","name":"Yoga Beauty Marta Kuci\u0144ska","description":"Beauty Yoga helps women to maintain their beauty, reverse the signs of passing time and fatigue, regain a radiant appearance, natural smile and improve their self-esteem.","publisher":{"@id":"https:\/\/jogapiekna.com\/#organization"},"potentialAction":[{"@type":"SearchAction","target":{"@type":"EntryPoint","urlTemplate":"https:\/\/jogapiekna.com\/?s={search_term_string}"},"query-input":{"@type":"PropertyValueSpecification","valueRequired":true,"valueName":"search_term_string"}}],"inLanguage":"en-GB"},{"@type":"Organization","@id":"https:\/\/jogapiekna.com\/#organization","name":"Yoga Beauty Marta Kuci\u0144ska","url":"https:\/\/jogapiekna.com\/","logo":{"@type":"ImageObject","inLanguage":"en-GB","@id":"https:\/\/jogapiekna.com\/#\/schema\/logo\/image\/","url":"https:\/\/jogapiekna.com\/wp-content\/uploads\/2022\/09\/joga-piekna-logo_Rka.png","contentUrl":"https:\/\/jogapiekna.com\/wp-content\/uploads\/2022\/09\/joga-piekna-logo_Rka.png","width":231,"height":124,"caption":"Joga Pi\u0119kna Marta Kuci\u0144ska"},"image":{"@id":"https:\/\/jogapiekna.com\/#\/schema\/logo\/image\/"},"sameAs":["https:\/\/www.facebook.com\/JogaPieknaCom\/","https:\/\/www.instagram.com\/jogapieknacom\/"]}]}},"_links":{"self":[{"href":"https:\/\/jogapiekna.com\/en\/wp-json\/wp\/v2\/product\/185620","targetHints":{"allow":["GET"]}}],"collection":[{"href":"https:\/\/jogapiekna.com\/en\/wp-json\/wp\/v2\/product"}],"about":[{"href":"https:\/\/jogapiekna.com\/en\/wp-json\/wp\/v2\/types\/product"}],"replies":[{"embeddable":true,"href":"https:\/\/jogapiekna.com\/en\/wp-json\/wp\/v2\/comments?post=185620"}],"version-history":[{"count":2,"href":"https:\/\/jogapiekna.com\/en\/wp-json\/wp\/v2\/product\/185620\/revisions"}],"predecessor-version":[{"id":214833,"href":"https:\/\/jogapiekna.com\/en\/wp-json\/wp\/v2\/product\/185620\/revisions\/214833"}],"wp:featuredmedia":[{"embeddable":true,"href":"https:\/\/jogapiekna.com\/en\/wp-json\/wp\/v2\/media\/185621"}],"wp:attachment":[{"href":"https:\/\/jogapiekna.com\/en\/wp-json\/wp\/v2\/media?parent=185620"}],"wp:term":[{"taxonomy":"product_brand","embeddable":true,"href":"https:\/\/jogapiekna.com\/en\/wp-json\/wp\/v2\/product_brand?post=185620"},{"taxonomy":"product_cat","embeddable":true,"href":"https:\/\/jogapiekna.com\/en\/wp-json\/wp\/v2\/product_cat?post=185620"},{"taxonomy":"product_tag","embeddable":true,"href":"https:\/\/jogapiekna.com\/en\/wp-json\/wp\/v2\/product_tag?post=185620"}],"curies":[{"name":"wp","href":"https:\/\/api.w.org\/{rel}","templated":true}]}}