{"id":18874,"date":"2019-12-18T12:56:45","date_gmt":"2019-12-18T11:56:45","guid":{"rendered":"https:\/\/jogapiekna.com\/?post_type=product&#038;p=18874"},"modified":"2026-03-13T09:51:10","modified_gmt":"2026-03-13T08:51:10","slug":"konsultacja-indywidualna-on-line-60-minut","status":"publish","type":"product","link":"https:\/\/jogapiekna.com\/en\/product\/konsultacja-indywidualna-on-line-60-minut\/","title":{"rendered":"Individual online consultation with Marta Kuczynska \u2022 60 minutes"},"content":{"rendered":"<h2>Individual online consultation with Marta Kuczynska \u2022 60 minutes<\/h2>\n<p>The range of individual consultations is fully adapted to your needs, habits and doubts. Its course depends on what knowledge and skills you want to acquire. <strong>All my attention is on you<\/strong>to make it as easy as possible for you to implement effective methods of natural rejuvenation.<\/p>\n<p>Have you never practiced facial yoga before and are striving to develop the right habits from the very beginning? Do you want to know what exercises and massages are right for you and what mistakes to avoid? During the consultation, I will select a set of individual practices for you and introduce you to the world of natural rejuvenation.<\/p>\n<p>Or you can show me how you do your daily exercises and massages. We will analyze whether they are properly tailored to the needs of your skin and body. I will correct possible mistakes and suggest solutions that will enhance the results of your practice.<\/p>\n<p><strong>Start by choosing a topic that interests you:<\/strong><\/p>\n<ul>\n<li>ayurveda<\/li>\n<li>yoga for the face<\/li>\n<li>vending machines<\/li>\n<\/ul>\n<p>&nbsp;<\/p>\n<h2>Scope of individual 60-minute consultation<\/h2>\n<p>By <strong>60-minute online meeting<\/strong>Depending on your chosen topic, I will select a personalized set of yoga exercises for the face, hands or Ayurvedic practices that will give you a youthful look and feel good.<\/p>\n<p>We will carefully analyze what your skin and body needs. We&#039;ll take a look at what habits and blockages can interfere with your daily practice and natural rejuvenation.<\/p>\n<p>A goal? <strong>I want you to feel good in your body and in your skin.<\/strong> You will learn simple techniques that slow down the aging process, take care of beauty holistically and naturally-at no extra cost.<\/p>\n<hr \/>\n<p>&nbsp;<\/p>\n<h3><strong>Face yoga Consultation <\/strong><\/h3>\n<p>During the face yoga consultation, I will offer you <strong>individual set of exercises<\/strong>. We will analyze which areas of your face require special attention. I&#039;ll tell you what mistakes to avoid and how to develop the right habits that make it easier to practice regularly on a daily basis. I will answer all your doubts and show you how to perform the suggested exercises correctly.<\/p>\n<hr \/>\n<p>&nbsp;<\/p>\n<h3><strong>Auto massage consultations<\/strong><\/h3>\n<p>Manual machines complement and increase the effectiveness of facial yoga. They allow you to release the face from tension, which directly affects the reduction of wrinkles. During the consultation, I will select for you a set of individual practices-manual machines that you can use every day, even when applying cosmetics.<\/p>\n<hr \/>\n<p>&nbsp;<\/p>\n<h3><strong>Ayurvedic consultation <\/strong><\/h3>\n<p>Manual machines complement and increase the effectiveness of facial yoga. They allow you to release the face from tension, which directly affects the reduction of wrinkles. During the consultation, I will select for you a set of individual practices-manual machines that you can use every day, even when applying cosmetics.<\/p>\n<p>During an Ayurvedic consultation, I will help you achieve harmony between body, mind and soul. I will tell you how to implement the principles of Ayurveda, which are: <strong>matching your constitution with the so-called dosha<\/strong>.<\/p>\n<p>We will analyze your daily routine, introduce you to breathing and relaxation techniques, as well as simple exercises that will help you achieve a state of balance of the body. This way, you will restore its natural rhythm, as well as give yourself a more youthful and radiant appearance.<\/p>\n<h4>During an Ayurvedic consultation, you will learn:<\/h4>\n<p>* What Constitutional type are you According to Ayurveda,<br \/>\n* what lifestyle is right for you,<br \/>\n* how to change your diet and eating habits to address many diseases, such as digestive or allergic ones,<br \/>\n* what dietary supplements can you use to cleanse and strengthen your body,<br \/>\n* what procedures you can use.<\/p>\n<hr \/>\n<p><strong>How does the consultation work in practice?\u00a0<\/strong><\/p>\n<p>One-time card <strong>the consultation lasts 60 minutes<\/strong>. Meet <strong>in the live formula<\/strong> - in Skype or Zoom. We use the included camera. Individual meetings are always held on working days, from 9.00 to 14.00.<br \/>\n* Meeting waiting time <strong>no more than 3 weeks<\/strong> (from the moment of purchasing the service).<br \/>\n* The consultation must be used on time <strong>up to 3 months<\/strong>.<\/p>\n<p>We will determine the exact date and time by phone. <strong>I will contact you after receiving the consultation.\u00a0<\/strong><br \/>\n* Before the meeting, you will receive <strong>test and questionnaire to fill out<\/strong>that will allow you to discuss your needs in detail.<br \/>\n* After each meeting, you will receive <strong>resume in PDF format<\/strong> along with a list of individually selected exercises or practices.<br \/>\nFor whom is individual consultation the best choice?<br \/>\n* For those who value an individual approach.<br \/>\n* For people who want to get an individual set of exercises, automata or practices-completely selected in accordance with their needs and habits.<br \/>\n* For people who want to take care of their health, well-being or appearance.<br \/>\n* For people who want to clear up some doubts, they are looking for answers to questions related to facial yoga, automatic massage or Ayurveda.<br \/>\n* For people who are looking for a mentor in natural rejuvenation.<\/p>\n<p>&nbsp;<\/p>\n<hr \/>\n<p>Who am I?<\/p>\n<p>My name is <strong>Marta Kuci\u0144ska<\/strong> and I teach women how to stay young and feel good for a long time. I am a certified face yoga teacher, author of the book &#034;beauty yoga&#034;, yogi, biologist and consultant of Ayurveda III degree.<\/p>","protected":false},"excerpt":{"rendered":"<p>Are you starting your facial yoga adventure and want to learn the right technique under the guidance of a certified teacher? Do you want to know if you are doing a good daily facial massage and yoga exercises? Are you interested in individual selection of suitable anti-aging methods that will quickly bring you visible results? Take care of yourself holistically, let&#039;s talk about your habits and blockages that prevent you from effectively practicing facial yoga, regularly engaging in auto-massage, or living in harmony with the Ayurvedic spirit. You can practice under my wings. I&#039;ll show you the best solutions that are 100% tailored to your needs. <strong>Choose a theme <\/strong>and let&#039;s agree on <strong>individual orders<\/strong>, <strong>60-minute online meeting<\/strong>.<\/p>","protected":false},"featured_media":94280,"comment_status":"closed","ping_status":"closed","template":"","meta":{"_acf_changed":false,"site-sidebar-layout":"default","site-content-layout":"","ast-site-content-layout":"default","site-content-style":"default","site-sidebar-style":"default","ast-global-header-display":"","ast-banner-title-visibility":"","ast-main-header-display":"","ast-hfb-above-header-display":"","ast-hfb-below-header-display":"","ast-hfb-mobile-header-display":"","site-post-title":"","ast-breadcrumbs-content":"","ast-featured-img":"","footer-sml-layout":"","ast-disable-related-posts":"","theme-transparent-header-meta":"","adv-header-id-meta":"","stick-header-meta":"","header-above-stick-meta":"","header-main-stick-meta":"","header-below-stick-meta":"","astra-migrate-meta-layouts":"default","ast-page-background-enabled":"default","ast-page-background-meta":{"desktop":{"background-color":"var(--ast-global-color-5)","background-image":"","background-repeat":"repeat","background-position":"center center","background-size":"auto","background-attachment":"scroll","background-type":"","background-media":"","overlay-type":"","overlay-color":"","overlay-opacity":"","overlay-gradient":""},"tablet":{"background-color":"","background-image":"","background-repeat":"repeat","background-position":"center center","background-size":"auto","background-attachment":"scroll","background-type":"","background-media":"","overlay-type":"","overlay-color":"","overlay-opacity":"","overlay-gradient":""},"mobile":{"background-color":"","background-image":"","background-repeat":"repeat","background-position":"center center","background-size":"auto","background-attachment":"scroll","background-type":"","background-media":"","overlay-type":"","overlay-color":"","overlay-opacity":"","overlay-gradient":""}},"ast-content-background-meta":{"desktop":{"background-color":"var(--ast-global-color-4)","background-image":"","background-repeat":"repeat","background-position":"center center","background-size":"auto","background-attachment":"scroll","background-type":"","background-media":"","overlay-type":"","overlay-color":"","overlay-opacity":"","overlay-gradient":""},"tablet":{"background-color":"var(--ast-global-color-4)","background-image":"","background-repeat":"repeat","background-position":"center center","background-size":"auto","background-attachment":"scroll","background-type":"","background-media":"","overlay-type":"","overlay-color":"","overlay-opacity":"","overlay-gradient":""},"mobile":{"background-color":"var(--ast-global-color-4)","background-image":"","background-repeat":"repeat","background-position":"center center","background-size":"auto","background-attachment":"scroll","background-type":"","background-media":"","overlay-type":"","overlay-color":"","overlay-opacity":"","overlay-gradient":""}}},"product_brand":[],"product_cat":[17],"product_tag":[41,646,645,643,644],"class_list":{"0":"post-18874","1":"product","2":"type-product","3":"status-publish","4":"has-post-thumbnail","6":"product_cat-konsultacje-indywidualne","7":"product_tag-joga-twarzy","8":"product_tag-konsultacja-ajurweda","9":"product_tag-konsultacja-automasaze","10":"product_tag-konsultacja-indywidualna","11":"product_tag-konsultacja-joga-twarzy","12":"desktop-align-left","13":"tablet-align-left","14":"mobile-align-left","16":"first","17":"instock","18":"taxable","19":"shipping-taxable","20":"purchasable","21":"product-type-variable"},"acf":[],"yoast_head":"<!-- This site is optimized with the Yoast SEO plugin v27.4 - https:\/\/yoast.com\/product\/yoast-seo-wordpress\/ -->\n<title>Konsultacja indywidualna online z Mart\u0105 Kuci\u0144sk\u0105 \u2022 60 minut | Joga Pi\u0119kna<\/title>\n<meta name=\"description\" content=\"Zarezerwuj termin konsultacji indywidualnej online. Zadbaj o sw\u00f3j wygl\u0105d i samopoczucie! Tematyka do wyboru: joga twarzy, ajurweda, automasa\u017ce.\" \/>\n<meta name=\"robots\" content=\"index, follow, max-snippet:-1, max-image-preview:large, max-video-preview:-1\" \/>\n<link rel=\"canonical\" href=\"https:\/\/jogapiekna.com\/en\/product\/konsultacja-indywidualna-on-line-60-minut\/\" \/>\n<meta property=\"og:locale\" content=\"en_GB\" \/>\n<meta property=\"og:type\" content=\"article\" \/>\n<meta property=\"og:title\" content=\"Konsultacja indywidualna online z Mart\u0105 Kuci\u0144sk\u0105 \u2022 60 minut | Joga Pi\u0119kna\" \/>\n<meta property=\"og:description\" content=\"Zarezerwuj termin konsultacji indywidualnej online. Zadbaj o sw\u00f3j wygl\u0105d i samopoczucie! Tematyka do wyboru: joga twarzy, ajurweda, automasa\u017ce.\" \/>\n<meta property=\"og:url\" content=\"https:\/\/jogapiekna.com\/en\/product\/konsultacja-indywidualna-on-line-60-minut\/\" \/>\n<meta property=\"og:site_name\" content=\"JOGA PI\u0118KNA | Joga Twarzy\" \/>\n<meta property=\"article:publisher\" content=\"https:\/\/www.facebook.com\/JogaPieknaCom\/\" \/>\n<meta property=\"article:modified_time\" content=\"2026-03-13T08:51:10+00:00\" \/>\n<meta property=\"og:image\" content=\"https:\/\/jogapiekna.com\/wp-content\/uploads\/2019\/12\/konsultacja_indywidualna-joga-twarzy-joga-piekna-marta_kucinska.jpg\" \/>\n\t<meta property=\"og:image:width\" content=\"1000\" \/>\n\t<meta property=\"og:image:height\" content=\"1000\" \/>\n\t<meta property=\"og:image:type\" content=\"image\/jpeg\" \/>\n<meta name=\"twitter:card\" content=\"summary_large_image\" \/>\n<meta name=\"twitter:label1\" content=\"Estimated reading time\" \/>\n\t<meta name=\"twitter:data1\" content=\"5 minutes\" \/>\n<script type=\"application\/ld+json\" class=\"yoast-schema-graph\">{\"@context\":\"https:\\\/\\\/schema.org\",\"@graph\":[{\"@type\":\"WebPage\",\"@id\":\"https:\\\/\\\/jogapiekna.com\\\/produkt\\\/konsultacja-indywidualna-on-line-60-minut\\\/\",\"url\":\"https:\\\/\\\/jogapiekna.com\\\/produkt\\\/konsultacja-indywidualna-on-line-60-minut\\\/\",\"name\":\"Konsultacja indywidualna online z Mart\u0105 Kuci\u0144sk\u0105 \u2022 60 minut | Joga Pi\u0119kna\",\"isPartOf\":{\"@id\":\"https:\\\/\\\/jogapiekna.com\\\/#website\"},\"primaryImageOfPage\":{\"@id\":\"https:\\\/\\\/jogapiekna.com\\\/produkt\\\/konsultacja-indywidualna-on-line-60-minut\\\/#primaryimage\"},\"image\":{\"@id\":\"https:\\\/\\\/jogapiekna.com\\\/produkt\\\/konsultacja-indywidualna-on-line-60-minut\\\/#primaryimage\"},\"thumbnailUrl\":\"https:\\\/\\\/jogapiekna.com\\\/wp-content\\\/uploads\\\/2019\\\/12\\\/konsultacja_indywidualna-joga-twarzy-joga-piekna-marta_kucinska.jpg\",\"datePublished\":\"2019-12-18T11:56:45+00:00\",\"dateModified\":\"2026-03-13T08:51:10+00:00\",\"description\":\"Zarezerwuj termin konsultacji indywidualnej online. Zadbaj o sw\u00f3j wygl\u0105d i samopoczucie! Tematyka do wyboru: joga twarzy, ajurweda, automasa\u017ce.\",\"breadcrumb\":{\"@id\":\"https:\\\/\\\/jogapiekna.com\\\/produkt\\\/konsultacja-indywidualna-on-line-60-minut\\\/#breadcrumb\"},\"inLanguage\":\"en-GB\",\"potentialAction\":[{\"@type\":\"ReadAction\",\"target\":[\"https:\\\/\\\/jogapiekna.com\\\/produkt\\\/konsultacja-indywidualna-on-line-60-minut\\\/\"]}]},{\"@type\":\"ImageObject\",\"inLanguage\":\"en-GB\",\"@id\":\"https:\\\/\\\/jogapiekna.com\\\/produkt\\\/konsultacja-indywidualna-on-line-60-minut\\\/#primaryimage\",\"url\":\"https:\\\/\\\/jogapiekna.com\\\/wp-content\\\/uploads\\\/2019\\\/12\\\/konsultacja_indywidualna-joga-twarzy-joga-piekna-marta_kucinska.jpg\",\"contentUrl\":\"https:\\\/\\\/jogapiekna.com\\\/wp-content\\\/uploads\\\/2019\\\/12\\\/konsultacja_indywidualna-joga-twarzy-joga-piekna-marta_kucinska.jpg\",\"width\":1000,\"height\":1000,\"caption\":\"Konsultacja online | Joga TwarzyJoga Pi\u0119kna Marta Kuci\u0144ska\"},{\"@type\":\"BreadcrumbList\",\"@id\":\"https:\\\/\\\/jogapiekna.com\\\/produkt\\\/konsultacja-indywidualna-on-line-60-minut\\\/#breadcrumb\",\"itemListElement\":[{\"@type\":\"ListItem\",\"position\":1,\"name\":\"Strona g\u0142\u00f3wna\",\"item\":\"https:\\\/\\\/jogapiekna.com\\\/\"},{\"@type\":\"ListItem\",\"position\":2,\"name\":\"Sklep\",\"item\":\"https:\\\/\\\/jogapiekna.com\\\/sklep\\\/\"},{\"@type\":\"ListItem\",\"position\":3,\"name\":\"Konsultacja indywidualna online z Mart\u0105 Kuci\u0144sk\u0105 \u2022 60 minut\"}]},{\"@type\":\"WebSite\",\"@id\":\"https:\\\/\\\/jogapiekna.com\\\/#website\",\"url\":\"https:\\\/\\\/jogapiekna.com\\\/\",\"name\":\"Joga Pi\u0119kna Marta Kuci\u0144ska\",\"description\":\"Joga Pi\u0119kna pomaga kobietom zachowa\u0107 urod\u0119, cofn\u0105\u0107 oznaki up\u0142ywaj\u0105cego czasu i zm\u0119czenia, odzyska\u0107 promienny wygl\u0105d, naturalny u\u015bmiech i popraw\u0119 w\u0142asnej samooceny.\",\"publisher\":{\"@id\":\"https:\\\/\\\/jogapiekna.com\\\/#organization\"},\"potentialAction\":[{\"@type\":\"SearchAction\",\"target\":{\"@type\":\"EntryPoint\",\"urlTemplate\":\"https:\\\/\\\/jogapiekna.com\\\/?s={search_term_string}\"},\"query-input\":{\"@type\":\"PropertyValueSpecification\",\"valueRequired\":true,\"valueName\":\"search_term_string\"}}],\"inLanguage\":\"en-GB\"},{\"@type\":\"Organization\",\"@id\":\"https:\\\/\\\/jogapiekna.com\\\/#organization\",\"name\":\"Joga Pi\u0119kna Marta Kuci\u0144ska\",\"url\":\"https:\\\/\\\/jogapiekna.com\\\/\",\"logo\":{\"@type\":\"ImageObject\",\"inLanguage\":\"en-GB\",\"@id\":\"https:\\\/\\\/jogapiekna.com\\\/#\\\/schema\\\/logo\\\/image\\\/\",\"url\":\"https:\\\/\\\/jogapiekna.com\\\/wp-content\\\/uploads\\\/2022\\\/09\\\/joga-piekna-logo_Rka.png\",\"contentUrl\":\"https:\\\/\\\/jogapiekna.com\\\/wp-content\\\/uploads\\\/2022\\\/09\\\/joga-piekna-logo_Rka.png\",\"width\":231,\"height\":124,\"caption\":\"Joga Pi\u0119kna Marta Kuci\u0144ska\"},\"image\":{\"@id\":\"https:\\\/\\\/jogapiekna.com\\\/#\\\/schema\\\/logo\\\/image\\\/\"},\"sameAs\":[\"https:\\\/\\\/www.facebook.com\\\/JogaPieknaCom\\\/\",\"https:\\\/\\\/www.instagram.com\\\/jogapieknacom\\\/\"]}]}<\/script>\n<!-- \/ Yoast SEO plugin. -->","yoast_head_json":{"title":"Konsultacja indywidualna online z Mart\u0105 Kuci\u0144sk\u0105 \u2022 60 minut | Joga Pi\u0119kna","description":"Zarezerwuj termin konsultacji indywidualnej online. Zadbaj o sw\u00f3j wygl\u0105d i samopoczucie! Tematyka do wyboru: joga twarzy, ajurweda, automasa\u017ce.","robots":{"index":"index","follow":"follow","max-snippet":"max-snippet:-1","max-image-preview":"max-image-preview:large","max-video-preview":"max-video-preview:-1"},"canonical":"https:\/\/jogapiekna.com\/en\/product\/konsultacja-indywidualna-on-line-60-minut\/","og_locale":"en_GB","og_type":"article","og_title":"Konsultacja indywidualna online z Mart\u0105 Kuci\u0144sk\u0105 \u2022 60 minut | Joga Pi\u0119kna","og_description":"Zarezerwuj termin konsultacji indywidualnej online. Zadbaj o sw\u00f3j wygl\u0105d i samopoczucie! Tematyka do wyboru: joga twarzy, ajurweda, automasa\u017ce.","og_url":"https:\/\/jogapiekna.com\/en\/product\/konsultacja-indywidualna-on-line-60-minut\/","og_site_name":"JOGA PI\u0118KNA | Joga Twarzy","article_publisher":"https:\/\/www.facebook.com\/JogaPieknaCom\/","article_modified_time":"2026-03-13T08:51:10+00:00","og_image":[{"width":1000,"height":1000,"url":"https:\/\/jogapiekna.com\/wp-content\/uploads\/2019\/12\/konsultacja_indywidualna-joga-twarzy-joga-piekna-marta_kucinska.jpg","type":"image\/jpeg"}],"twitter_card":"summary_large_image","twitter_misc":{"Estimated reading time":"5 minutes"},"schema":{"@context":"https:\/\/schema.org","@graph":[{"@type":"WebPage","@id":"https:\/\/jogapiekna.com\/produkt\/konsultacja-indywidualna-on-line-60-minut\/","url":"https:\/\/jogapiekna.com\/produkt\/konsultacja-indywidualna-on-line-60-minut\/","name":"Konsultacja indywidualna online z Mart\u0105 Kuci\u0144sk\u0105 \u2022 60 minut | Joga Pi\u0119kna","isPartOf":{"@id":"https:\/\/jogapiekna.com\/#website"},"primaryImageOfPage":{"@id":"https:\/\/jogapiekna.com\/produkt\/konsultacja-indywidualna-on-line-60-minut\/#primaryimage"},"image":{"@id":"https:\/\/jogapiekna.com\/produkt\/konsultacja-indywidualna-on-line-60-minut\/#primaryimage"},"thumbnailUrl":"https:\/\/jogapiekna.com\/wp-content\/uploads\/2019\/12\/konsultacja_indywidualna-joga-twarzy-joga-piekna-marta_kucinska.jpg","datePublished":"2019-12-18T11:56:45+00:00","dateModified":"2026-03-13T08:51:10+00:00","description":"Zarezerwuj termin konsultacji indywidualnej online. Zadbaj o sw\u00f3j wygl\u0105d i samopoczucie! Tematyka do wyboru: joga twarzy, ajurweda, automasa\u017ce.","breadcrumb":{"@id":"https:\/\/jogapiekna.com\/produkt\/konsultacja-indywidualna-on-line-60-minut\/#breadcrumb"},"inLanguage":"en-GB","potentialAction":[{"@type":"ReadAction","target":["https:\/\/jogapiekna.com\/produkt\/konsultacja-indywidualna-on-line-60-minut\/"]}]},{"@type":"ImageObject","inLanguage":"en-GB","@id":"https:\/\/jogapiekna.com\/produkt\/konsultacja-indywidualna-on-line-60-minut\/#primaryimage","url":"https:\/\/jogapiekna.com\/wp-content\/uploads\/2019\/12\/konsultacja_indywidualna-joga-twarzy-joga-piekna-marta_kucinska.jpg","contentUrl":"https:\/\/jogapiekna.com\/wp-content\/uploads\/2019\/12\/konsultacja_indywidualna-joga-twarzy-joga-piekna-marta_kucinska.jpg","width":1000,"height":1000,"caption":"Konsultacja online | Joga TwarzyJoga Pi\u0119kna Marta Kuci\u0144ska"},{"@type":"BreadcrumbList","@id":"https:\/\/jogapiekna.com\/produkt\/konsultacja-indywidualna-on-line-60-minut\/#breadcrumb","itemListElement":[{"@type":"ListItem","position":1,"name":"Strona g\u0142\u00f3wna","item":"https:\/\/jogapiekna.com\/"},{"@type":"ListItem","position":2,"name":"Sklep","item":"https:\/\/jogapiekna.com\/sklep\/"},{"@type":"ListItem","position":3,"name":"Konsultacja indywidualna online z Mart\u0105 Kuci\u0144sk\u0105 \u2022 60 minut"}]},{"@type":"WebSite","@id":"https:\/\/jogapiekna.com\/#website","url":"https:\/\/jogapiekna.com\/","name":"Yoga Beauty Marta Kuci\u0144ska","description":"Beauty Yoga helps women to maintain their beauty, reverse the signs of passing time and fatigue, regain a radiant appearance, natural smile and improve their self-esteem.","publisher":{"@id":"https:\/\/jogapiekna.com\/#organization"},"potentialAction":[{"@type":"SearchAction","target":{"@type":"EntryPoint","urlTemplate":"https:\/\/jogapiekna.com\/?s={search_term_string}"},"query-input":{"@type":"PropertyValueSpecification","valueRequired":true,"valueName":"search_term_string"}}],"inLanguage":"en-GB"},{"@type":"Organization","@id":"https:\/\/jogapiekna.com\/#organization","name":"Yoga Beauty Marta Kuci\u0144ska","url":"https:\/\/jogapiekna.com\/","logo":{"@type":"ImageObject","inLanguage":"en-GB","@id":"https:\/\/jogapiekna.com\/#\/schema\/logo\/image\/","url":"https:\/\/jogapiekna.com\/wp-content\/uploads\/2022\/09\/joga-piekna-logo_Rka.png","contentUrl":"https:\/\/jogapiekna.com\/wp-content\/uploads\/2022\/09\/joga-piekna-logo_Rka.png","width":231,"height":124,"caption":"Joga Pi\u0119kna Marta Kuci\u0144ska"},"image":{"@id":"https:\/\/jogapiekna.com\/#\/schema\/logo\/image\/"},"sameAs":["https:\/\/www.facebook.com\/JogaPieknaCom\/","https:\/\/www.instagram.com\/jogapieknacom\/"]}]}},"_links":{"self":[{"href":"https:\/\/jogapiekna.com\/en\/wp-json\/wp\/v2\/product\/18874","targetHints":{"allow":["GET"]}}],"collection":[{"href":"https:\/\/jogapiekna.com\/en\/wp-json\/wp\/v2\/product"}],"about":[{"href":"https:\/\/jogapiekna.com\/en\/wp-json\/wp\/v2\/types\/product"}],"replies":[{"embeddable":true,"href":"https:\/\/jogapiekna.com\/en\/wp-json\/wp\/v2\/comments?post=18874"}],"version-history":[{"count":3,"href":"https:\/\/jogapiekna.com\/en\/wp-json\/wp\/v2\/product\/18874\/revisions"}],"predecessor-version":[{"id":187274,"href":"https:\/\/jogapiekna.com\/en\/wp-json\/wp\/v2\/product\/18874\/revisions\/187274"}],"wp:featuredmedia":[{"embeddable":true,"href":"https:\/\/jogapiekna.com\/en\/wp-json\/wp\/v2\/media\/94280"}],"wp:attachment":[{"href":"https:\/\/jogapiekna.com\/en\/wp-json\/wp\/v2\/media?parent=18874"}],"wp:term":[{"taxonomy":"product_brand","embeddable":true,"href":"https:\/\/jogapiekna.com\/en\/wp-json\/wp\/v2\/product_brand?post=18874"},{"taxonomy":"product_cat","embeddable":true,"href":"https:\/\/jogapiekna.com\/en\/wp-json\/wp\/v2\/product_cat?post=18874"},{"taxonomy":"product_tag","embeddable":true,"href":"https:\/\/jogapiekna.com\/en\/wp-json\/wp\/v2\/product_tag?post=18874"}],"curies":[{"name":"wp","href":"https:\/\/api.w.org\/{rel}","templated":true}]}}