{"id":18878,"date":"2019-12-18T13:00:26","date_gmt":"2019-12-18T12:00:26","guid":{"rendered":"https:\/\/jogapiekna.com\/?post_type=product&#038;p=18878"},"modified":"2025-06-06T22:05:43","modified_gmt":"2025-06-06T20:05:43","slug":"konsultacja-indywidualna-on-line-3x60minut","status":"publish","type":"product","link":"https:\/\/jogapiekna.com\/en\/product\/konsultacja-indywidualna-on-line-3x60minut\/","title":{"rendered":"Individual online consultation with Marta Kuczynska \u2022 3 x 60 minutes"},"content":{"rendered":"<h2>Individual online consultation with Marta Kuczynska \u2022 3 x 60 minutes<\/h2>\n<p>Facial yoga, auto-massage, and Ayurveda are three areas that inter-penetrate and complement each other. They have one main purpose: they take care of your well-being, youth, comfort of life, peace of mind and body balance. They help you feel good about your body and love your appearance.\u00a0<\/p>\n<p><strong>Individual consultation package<\/strong> It is designed to introduce you in a comprehensive way to the world of natural rejuvenation. The scope of our meetings is 100% tailored for you. All my attention is focused on your needs and habits.\u00a0<\/p>\n<p>&nbsp;<\/p>\n<h2> Package size 3 consultations-only 180 minutes\u00a0 <\/h2>\n<p>During the meetings, I will select for you a personalized set of facial yoga exercises, automatic massages and Ayurvedic practices that will ensure your youth and well-being. We will focus on what is most important to you. We will carefully analyze what your skin and body needs. We&#039;ll take a look at what habits and blockages can interfere with your daily practice and natural rejuvenation.<\/p>\n<p>A goal? I want you to feel good in your body and in your skin. You will learn simple techniques that slow down the aging process, take care of beauty holistically and naturally-at no extra cost.\u00a0<\/p>\n<p>&nbsp;<\/p>\n<hr>\n<p>&nbsp;<\/p>\n<h3><strong>Face yoga Consultation <\/strong><\/h3>\n<p>During the face yoga consultation, I will offer you <strong>individual set of exercises<\/strong>. We will analyze which areas of your face require special attention. I&#039;ll tell you what mistakes to avoid and how to develop the right habits that make it easier to practice regularly on a daily basis. I will answer all your doubts and show you how to perform the suggested exercises correctly.\u00a0<br \/>\n&nbsp;<\/p>\n<hr>\n<p>&nbsp;<\/p>\n<h3> <strong>Auto massage consultations<\/strong> <\/h3>\n<p>Manual machines complement and increase the effectiveness of facial yoga. They allow you to release the face from tension, which directly affects the reduction of wrinkles. During the consultation, I will select for you a set of individual practices-manual machines that you can use every day, even when applying cosmetics.<br \/>\n&nbsp;<\/p>\n<hr>\n<p>&nbsp;<\/p>\n<h3> <strong>Ayurvedic consultation <\/strong><\/h3>\n<p>Manual machines complement and increase the effectiveness of facial yoga. They allow you to release the face from tension, which directly affects the reduction of wrinkles. During the consultation, I will select for you a set of individual practices-manual machines that you can use every day, even when applying cosmetics.\u00a0<\/p>\n<p>During an Ayurvedic consultation, I will help you achieve harmony between body, mind and soul. I will tell you how to implement the principles of Ayurveda, which are: <strong>matching your constitution with the so-called dosha<\/strong>.\u00a0<\/p>\n<p>We will analyze your daily routine, introduce you to breathing and relaxation techniques, as well as simple exercises that will help you achieve a state of balance of the body. This way, you will restore its natural rhythm, as well as give yourself a more youthful and radiant appearance.\u00a0<br \/>\n&nbsp;<\/p>\n<h4> During an Ayurvedic consultation, you will learn: <\/h4>\n<p>* What Constitutional type are you According to Ayurveda,<br \/>\n* what lifestyle is right for you,<br \/>\n* how to change your diet and eating habits to address many diseases, such as digestive or allergic ones,<br \/>\n* what dietary supplements can you use to cleanse and strengthen your body,<br \/>\n* what procedures you can use.<br \/>\n&nbsp;<\/p>\n<hr>\n<p>&nbsp;<br \/>\n<strong> How does the consultation package work in practice?\u00a0\u00a0<\/strong><\/p>\n<p>The package includes <strong>3 meetings of 60 minutes each<\/strong>. Meet <strong>in the live formula<\/strong> - in Skype or Zoom. We use the included camera. Individual meetings are always held on working days, from 9.00 to 14.00.<br \/>\n* Meeting waiting time <strong>no more than 3 weeks<\/strong> (from the moment of purchasing the service).\u00a0<br \/>\n* The consultation must be used on time <strong>up to 3 months<\/strong>.\u00a0<\/p>\n<p>&nbsp;<br \/>\nWe will determine the exact dates and time of complex meetings by phone. <strong>I will contact you after receiving the consultation.\u00a0<\/strong><br \/>\n* Before the meeting, you will receive <strong>test and questionnaire to fill out<\/strong>that will allow you to discuss your needs in detail.<br \/>\n* After each meeting, you will receive <strong>resume in PDF format<\/strong> along with a list of individually selected exercises or practices.\u00a0<br \/>\n&nbsp;<\/p>\n<p>For whom is the individual consultation package the best choice?\u00a0\u00a0<br \/>\n* For people who want to enter the world of natural rejuvenation and care about holistic knowledge of best practices for themselves.\u00a0<br \/>\n* For those who value an individual approach.<br \/>\n* For those who want to get <strong>individual set of exercises<\/strong>, <strong>auto massage services<\/strong> i <strong>the practitioner<\/strong> - fully tailored to your needs and habits.<br \/>\n* For people who want to take comprehensive care of their health, well-being and youth.\u00a0<br \/>\n* For people who want to clear up some doubts, they are looking for answers to questions related to facial yoga, automatic massage and Ayurveda.<br \/>\n* For people who are looking for a mentor in natural rejuvenation.\u00a0<\/p>\n<p>&nbsp;<\/p>\n<hr>\n<p>Who am I?\u00a0<\/p>\n<p>\u2028My name is <strong>Marta Kuci\u0144ska<\/strong> and I teach women how to stay young and feel good for a long time. I am a certified face yoga teacher, author of the book &#034;beauty yoga&#034;, yogi, biologist and consultant of Ayurveda III degree. <\/p>","protected":false},"excerpt":{"rendered":"<p>Natural rejuvenation is based on <strong>holistic action<\/strong> - caring for your appearance, body condition, peace of mind, and everyday well-being. During a comprehensive one-on-one consultation consisting of three 60-minute meetings <strong>I will introduce you to the world of facial yoga, automation and Ayurveda<\/strong>. <\/p>\n<p>During the meetings, I will select for you a set of the best anti-aging practices, which include yoga exercises for the face, manual massage, as well as recommendations for Ayurveda. You can also use the consultation package to deepen your chosen topic. <\/p>","protected":false},"featured_media":97241,"comment_status":"closed","ping_status":"closed","template":"","meta":{"_acf_changed":false,"site-sidebar-layout":"default","site-content-layout":"","ast-site-content-layout":"default","site-content-style":"default","site-sidebar-style":"default","ast-global-header-display":"","ast-banner-title-visibility":"","ast-main-header-display":"","ast-hfb-above-header-display":"","ast-hfb-below-header-display":"","ast-hfb-mobile-header-display":"","site-post-title":"","ast-breadcrumbs-content":"","ast-featured-img":"","footer-sml-layout":"","ast-disable-related-posts":"","theme-transparent-header-meta":"","adv-header-id-meta":"","stick-header-meta":"","header-above-stick-meta":"","header-main-stick-meta":"","header-below-stick-meta":"","astra-migrate-meta-layouts":"default","ast-page-background-enabled":"default","ast-page-background-meta":{"desktop":{"background-color":"var(--ast-global-color-5)","background-image":"","background-repeat":"repeat","background-position":"center center","background-size":"auto","background-attachment":"scroll","background-type":"","background-media":"","overlay-type":"","overlay-color":"","overlay-opacity":"","overlay-gradient":""},"tablet":{"background-color":"","background-image":"","background-repeat":"repeat","background-position":"center center","background-size":"auto","background-attachment":"scroll","background-type":"","background-media":"","overlay-type":"","overlay-color":"","overlay-opacity":"","overlay-gradient":""},"mobile":{"background-color":"","background-image":"","background-repeat":"repeat","background-position":"center center","background-size":"auto","background-attachment":"scroll","background-type":"","background-media":"","overlay-type":"","overlay-color":"","overlay-opacity":"","overlay-gradient":""}},"ast-content-background-meta":{"desktop":{"background-color":"var(--ast-global-color-4)","background-image":"","background-repeat":"repeat","background-position":"center center","background-size":"auto","background-attachment":"scroll","background-type":"","background-media":"","overlay-type":"","overlay-color":"","overlay-opacity":"","overlay-gradient":""},"tablet":{"background-color":"var(--ast-global-color-4)","background-image":"","background-repeat":"repeat","background-position":"center center","background-size":"auto","background-attachment":"scroll","background-type":"","background-media":"","overlay-type":"","overlay-color":"","overlay-opacity":"","overlay-gradient":""},"mobile":{"background-color":"var(--ast-global-color-4)","background-image":"","background-repeat":"repeat","background-position":"center center","background-size":"auto","background-attachment":"scroll","background-type":"","background-media":"","overlay-type":"","overlay-color":"","overlay-opacity":"","overlay-gradient":""}}},"product_brand":[],"product_cat":[17],"product_tag":[205,41],"class_list":{"0":"post-18878","1":"product","2":"type-product","3":"status-publish","4":"has-post-thumbnail","6":"product_cat-konsultacje-indywidualne","7":"product_tag-automasaz","8":"product_tag-joga-twarzy","9":"desktop-align-left","10":"tablet-align-left","11":"mobile-align-left","13":"first","14":"instock","15":"virtual","16":"taxable","17":"purchasable","18":"product-type-simple"},"acf":[],"yoast_head":"<!-- This site is optimized with the Yoast SEO plugin v27.4 - https:\/\/yoast.com\/product\/yoast-seo-wordpress\/ -->\n<title>Konsultacja indywidualna online z Mart\u0105 Kuci\u0144sk\u0105 \u2022 3 x 60 minut | Joga Pi\u0119kna<\/title>\n<meta name=\"description\" content=\"Pakiet konsultacji: joga twarzy, ajurweda i automasa\u017ce, czyli najwa\u017cniejszych technik naturalnego odm\u0142adzania. 180 minut indywidualnej konsultacji z Mart\u0105 Kuci\u0144sk\u0105. Zarezerwuj teraz.\" \/>\n<meta name=\"robots\" content=\"index, follow, max-snippet:-1, max-image-preview:large, max-video-preview:-1\" \/>\n<link rel=\"canonical\" href=\"https:\/\/jogapiekna.com\/en\/product\/konsultacja-indywidualna-on-line-3x60minut\/\" \/>\n<meta property=\"og:locale\" content=\"en_GB\" \/>\n<meta property=\"og:type\" content=\"article\" \/>\n<meta property=\"og:title\" content=\"Konsultacja indywidualna online z Mart\u0105 Kuci\u0144sk\u0105 \u2022 3 x 60 minut | Joga Pi\u0119kna\" \/>\n<meta property=\"og:description\" content=\"Pakiet konsultacji: joga twarzy, ajurweda i automasa\u017ce, czyli najwa\u017cniejszych technik naturalnego odm\u0142adzania. 180 minut indywidualnej konsultacji z Mart\u0105 Kuci\u0144sk\u0105. Zarezerwuj teraz.\" \/>\n<meta property=\"og:url\" content=\"https:\/\/jogapiekna.com\/en\/product\/konsultacja-indywidualna-on-line-3x60minut\/\" \/>\n<meta property=\"og:site_name\" content=\"JOGA PI\u0118KNA | Joga Twarzy\" \/>\n<meta property=\"article:publisher\" content=\"https:\/\/www.facebook.com\/JogaPieknaCom\/\" \/>\n<meta property=\"article:modified_time\" content=\"2025-06-06T20:05:43+00:00\" \/>\n<meta property=\"og:image\" content=\"https:\/\/jogapiekna.com\/wp-content\/uploads\/2019\/12\/konsultacja_indywidualna_3x60minut-joga-twarzy-joga-piekna-marta_kucinska.jpg\" \/>\n\t<meta property=\"og:image:width\" content=\"1000\" \/>\n\t<meta property=\"og:image:height\" content=\"1000\" \/>\n\t<meta property=\"og:image:type\" content=\"image\/jpeg\" \/>\n<meta name=\"twitter:card\" content=\"summary_large_image\" \/>\n<meta name=\"twitter:label1\" content=\"Estimated reading time\" \/>\n\t<meta name=\"twitter:data1\" content=\"2 minutes\" \/>\n<script type=\"application\/ld+json\" class=\"yoast-schema-graph\">{\"@context\":\"https:\\\/\\\/schema.org\",\"@graph\":[{\"@type\":\"WebPage\",\"@id\":\"https:\\\/\\\/jogapiekna.com\\\/produkt\\\/konsultacja-indywidualna-on-line-3x60minut\\\/\",\"url\":\"https:\\\/\\\/jogapiekna.com\\\/produkt\\\/konsultacja-indywidualna-on-line-3x60minut\\\/\",\"name\":\"Konsultacja indywidualna online z Mart\u0105 Kuci\u0144sk\u0105 \u2022 3 x 60 minut | Joga Pi\u0119kna\",\"isPartOf\":{\"@id\":\"https:\\\/\\\/jogapiekna.com\\\/#website\"},\"primaryImageOfPage\":{\"@id\":\"https:\\\/\\\/jogapiekna.com\\\/produkt\\\/konsultacja-indywidualna-on-line-3x60minut\\\/#primaryimage\"},\"image\":{\"@id\":\"https:\\\/\\\/jogapiekna.com\\\/produkt\\\/konsultacja-indywidualna-on-line-3x60minut\\\/#primaryimage\"},\"thumbnailUrl\":\"https:\\\/\\\/jogapiekna.com\\\/wp-content\\\/uploads\\\/2019\\\/12\\\/konsultacja_indywidualna_3x60minut-joga-twarzy-joga-piekna-marta_kucinska.jpg\",\"datePublished\":\"2019-12-18T12:00:26+00:00\",\"dateModified\":\"2025-06-06T20:05:43+00:00\",\"description\":\"Pakiet konsultacji: joga twarzy, ajurweda i automasa\u017ce, czyli najwa\u017cniejszych technik naturalnego odm\u0142adzania. 180 minut indywidualnej konsultacji z Mart\u0105 Kuci\u0144sk\u0105. Zarezerwuj teraz.\",\"breadcrumb\":{\"@id\":\"https:\\\/\\\/jogapiekna.com\\\/produkt\\\/konsultacja-indywidualna-on-line-3x60minut\\\/#breadcrumb\"},\"inLanguage\":\"en-GB\",\"potentialAction\":[{\"@type\":\"ReadAction\",\"target\":[\"https:\\\/\\\/jogapiekna.com\\\/produkt\\\/konsultacja-indywidualna-on-line-3x60minut\\\/\"]}]},{\"@type\":\"ImageObject\",\"inLanguage\":\"en-GB\",\"@id\":\"https:\\\/\\\/jogapiekna.com\\\/produkt\\\/konsultacja-indywidualna-on-line-3x60minut\\\/#primaryimage\",\"url\":\"https:\\\/\\\/jogapiekna.com\\\/wp-content\\\/uploads\\\/2019\\\/12\\\/konsultacja_indywidualna_3x60minut-joga-twarzy-joga-piekna-marta_kucinska.jpg\",\"contentUrl\":\"https:\\\/\\\/jogapiekna.com\\\/wp-content\\\/uploads\\\/2019\\\/12\\\/konsultacja_indywidualna_3x60minut-joga-twarzy-joga-piekna-marta_kucinska.jpg\",\"width\":1000,\"height\":1000,\"caption\":\"Konsultacja indywidualna online z Mart\u0105 Kuci\u0144sk\u0105 \u2022 3x60 minut\"},{\"@type\":\"BreadcrumbList\",\"@id\":\"https:\\\/\\\/jogapiekna.com\\\/produkt\\\/konsultacja-indywidualna-on-line-3x60minut\\\/#breadcrumb\",\"itemListElement\":[{\"@type\":\"ListItem\",\"position\":1,\"name\":\"Strona g\u0142\u00f3wna\",\"item\":\"https:\\\/\\\/jogapiekna.com\\\/\"},{\"@type\":\"ListItem\",\"position\":2,\"name\":\"Sklep\",\"item\":\"https:\\\/\\\/jogapiekna.com\\\/sklep\\\/\"},{\"@type\":\"ListItem\",\"position\":3,\"name\":\"Konsultacja indywidualna online z Mart\u0105 Kuci\u0144sk\u0105 \u2022 3 x 60 minut\"}]},{\"@type\":\"WebSite\",\"@id\":\"https:\\\/\\\/jogapiekna.com\\\/#website\",\"url\":\"https:\\\/\\\/jogapiekna.com\\\/\",\"name\":\"Joga Pi\u0119kna Marta Kuci\u0144ska\",\"description\":\"Joga Pi\u0119kna pomaga kobietom zachowa\u0107 urod\u0119, cofn\u0105\u0107 oznaki up\u0142ywaj\u0105cego czasu i zm\u0119czenia, odzyska\u0107 promienny wygl\u0105d, naturalny u\u015bmiech i popraw\u0119 w\u0142asnej samooceny.\",\"publisher\":{\"@id\":\"https:\\\/\\\/jogapiekna.com\\\/#organization\"},\"potentialAction\":[{\"@type\":\"SearchAction\",\"target\":{\"@type\":\"EntryPoint\",\"urlTemplate\":\"https:\\\/\\\/jogapiekna.com\\\/?s={search_term_string}\"},\"query-input\":{\"@type\":\"PropertyValueSpecification\",\"valueRequired\":true,\"valueName\":\"search_term_string\"}}],\"inLanguage\":\"en-GB\"},{\"@type\":\"Organization\",\"@id\":\"https:\\\/\\\/jogapiekna.com\\\/#organization\",\"name\":\"Joga Pi\u0119kna Marta Kuci\u0144ska\",\"url\":\"https:\\\/\\\/jogapiekna.com\\\/\",\"logo\":{\"@type\":\"ImageObject\",\"inLanguage\":\"en-GB\",\"@id\":\"https:\\\/\\\/jogapiekna.com\\\/#\\\/schema\\\/logo\\\/image\\\/\",\"url\":\"https:\\\/\\\/jogapiekna.com\\\/wp-content\\\/uploads\\\/2022\\\/09\\\/joga-piekna-logo_Rka.png\",\"contentUrl\":\"https:\\\/\\\/jogapiekna.com\\\/wp-content\\\/uploads\\\/2022\\\/09\\\/joga-piekna-logo_Rka.png\",\"width\":231,\"height\":124,\"caption\":\"Joga Pi\u0119kna Marta Kuci\u0144ska\"},\"image\":{\"@id\":\"https:\\\/\\\/jogapiekna.com\\\/#\\\/schema\\\/logo\\\/image\\\/\"},\"sameAs\":[\"https:\\\/\\\/www.facebook.com\\\/JogaPieknaCom\\\/\",\"https:\\\/\\\/www.instagram.com\\\/jogapieknacom\\\/\"]}]}<\/script>\n<!-- \/ Yoast SEO plugin. -->","yoast_head_json":{"title":"Konsultacja indywidualna online z Mart\u0105 Kuci\u0144sk\u0105 \u2022 3 x 60 minut | Joga Pi\u0119kna","description":"Pakiet konsultacji: joga twarzy, ajurweda i automasa\u017ce, czyli najwa\u017cniejszych technik naturalnego odm\u0142adzania. 180 minut indywidualnej konsultacji z Mart\u0105 Kuci\u0144sk\u0105. Zarezerwuj teraz.","robots":{"index":"index","follow":"follow","max-snippet":"max-snippet:-1","max-image-preview":"max-image-preview:large","max-video-preview":"max-video-preview:-1"},"canonical":"https:\/\/jogapiekna.com\/en\/product\/konsultacja-indywidualna-on-line-3x60minut\/","og_locale":"en_GB","og_type":"article","og_title":"Konsultacja indywidualna online z Mart\u0105 Kuci\u0144sk\u0105 \u2022 3 x 60 minut | Joga Pi\u0119kna","og_description":"Pakiet konsultacji: joga twarzy, ajurweda i automasa\u017ce, czyli najwa\u017cniejszych technik naturalnego odm\u0142adzania. 180 minut indywidualnej konsultacji z Mart\u0105 Kuci\u0144sk\u0105. Zarezerwuj teraz.","og_url":"https:\/\/jogapiekna.com\/en\/product\/konsultacja-indywidualna-on-line-3x60minut\/","og_site_name":"JOGA PI\u0118KNA | Joga Twarzy","article_publisher":"https:\/\/www.facebook.com\/JogaPieknaCom\/","article_modified_time":"2025-06-06T20:05:43+00:00","og_image":[{"width":1000,"height":1000,"url":"https:\/\/jogapiekna.com\/wp-content\/uploads\/2019\/12\/konsultacja_indywidualna_3x60minut-joga-twarzy-joga-piekna-marta_kucinska.jpg","type":"image\/jpeg"}],"twitter_card":"summary_large_image","twitter_misc":{"Estimated reading time":"2 minutes"},"schema":{"@context":"https:\/\/schema.org","@graph":[{"@type":"WebPage","@id":"https:\/\/jogapiekna.com\/produkt\/konsultacja-indywidualna-on-line-3x60minut\/","url":"https:\/\/jogapiekna.com\/produkt\/konsultacja-indywidualna-on-line-3x60minut\/","name":"Konsultacja indywidualna online z Mart\u0105 Kuci\u0144sk\u0105 \u2022 3 x 60 minut | Joga Pi\u0119kna","isPartOf":{"@id":"https:\/\/jogapiekna.com\/#website"},"primaryImageOfPage":{"@id":"https:\/\/jogapiekna.com\/produkt\/konsultacja-indywidualna-on-line-3x60minut\/#primaryimage"},"image":{"@id":"https:\/\/jogapiekna.com\/produkt\/konsultacja-indywidualna-on-line-3x60minut\/#primaryimage"},"thumbnailUrl":"https:\/\/jogapiekna.com\/wp-content\/uploads\/2019\/12\/konsultacja_indywidualna_3x60minut-joga-twarzy-joga-piekna-marta_kucinska.jpg","datePublished":"2019-12-18T12:00:26+00:00","dateModified":"2025-06-06T20:05:43+00:00","description":"Pakiet konsultacji: joga twarzy, ajurweda i automasa\u017ce, czyli najwa\u017cniejszych technik naturalnego odm\u0142adzania. 180 minut indywidualnej konsultacji z Mart\u0105 Kuci\u0144sk\u0105. Zarezerwuj teraz.","breadcrumb":{"@id":"https:\/\/jogapiekna.com\/produkt\/konsultacja-indywidualna-on-line-3x60minut\/#breadcrumb"},"inLanguage":"en-GB","potentialAction":[{"@type":"ReadAction","target":["https:\/\/jogapiekna.com\/produkt\/konsultacja-indywidualna-on-line-3x60minut\/"]}]},{"@type":"ImageObject","inLanguage":"en-GB","@id":"https:\/\/jogapiekna.com\/produkt\/konsultacja-indywidualna-on-line-3x60minut\/#primaryimage","url":"https:\/\/jogapiekna.com\/wp-content\/uploads\/2019\/12\/konsultacja_indywidualna_3x60minut-joga-twarzy-joga-piekna-marta_kucinska.jpg","contentUrl":"https:\/\/jogapiekna.com\/wp-content\/uploads\/2019\/12\/konsultacja_indywidualna_3x60minut-joga-twarzy-joga-piekna-marta_kucinska.jpg","width":1000,"height":1000,"caption":"Konsultacja indywidualna online z Mart\u0105 Kuci\u0144sk\u0105 \u2022 3x60 minut"},{"@type":"BreadcrumbList","@id":"https:\/\/jogapiekna.com\/produkt\/konsultacja-indywidualna-on-line-3x60minut\/#breadcrumb","itemListElement":[{"@type":"ListItem","position":1,"name":"Strona g\u0142\u00f3wna","item":"https:\/\/jogapiekna.com\/"},{"@type":"ListItem","position":2,"name":"Sklep","item":"https:\/\/jogapiekna.com\/sklep\/"},{"@type":"ListItem","position":3,"name":"Konsultacja indywidualna online z Mart\u0105 Kuci\u0144sk\u0105 \u2022 3 x 60 minut"}]},{"@type":"WebSite","@id":"https:\/\/jogapiekna.com\/#website","url":"https:\/\/jogapiekna.com\/","name":"Yoga Beauty Marta Kuci\u0144ska","description":"Beauty Yoga helps women to maintain their beauty, reverse the signs of passing time and fatigue, regain a radiant appearance, natural smile and improve their self-esteem.","publisher":{"@id":"https:\/\/jogapiekna.com\/#organization"},"potentialAction":[{"@type":"SearchAction","target":{"@type":"EntryPoint","urlTemplate":"https:\/\/jogapiekna.com\/?s={search_term_string}"},"query-input":{"@type":"PropertyValueSpecification","valueRequired":true,"valueName":"search_term_string"}}],"inLanguage":"en-GB"},{"@type":"Organization","@id":"https:\/\/jogapiekna.com\/#organization","name":"Yoga Beauty Marta Kuci\u0144ska","url":"https:\/\/jogapiekna.com\/","logo":{"@type":"ImageObject","inLanguage":"en-GB","@id":"https:\/\/jogapiekna.com\/#\/schema\/logo\/image\/","url":"https:\/\/jogapiekna.com\/wp-content\/uploads\/2022\/09\/joga-piekna-logo_Rka.png","contentUrl":"https:\/\/jogapiekna.com\/wp-content\/uploads\/2022\/09\/joga-piekna-logo_Rka.png","width":231,"height":124,"caption":"Joga Pi\u0119kna Marta Kuci\u0144ska"},"image":{"@id":"https:\/\/jogapiekna.com\/#\/schema\/logo\/image\/"},"sameAs":["https:\/\/www.facebook.com\/JogaPieknaCom\/","https:\/\/www.instagram.com\/jogapieknacom\/"]}]}},"_links":{"self":[{"href":"https:\/\/jogapiekna.com\/en\/wp-json\/wp\/v2\/product\/18878","targetHints":{"allow":["GET"]}}],"collection":[{"href":"https:\/\/jogapiekna.com\/en\/wp-json\/wp\/v2\/product"}],"about":[{"href":"https:\/\/jogapiekna.com\/en\/wp-json\/wp\/v2\/types\/product"}],"replies":[{"embeddable":true,"href":"https:\/\/jogapiekna.com\/en\/wp-json\/wp\/v2\/comments?post=18878"}],"version-history":[{"count":3,"href":"https:\/\/jogapiekna.com\/en\/wp-json\/wp\/v2\/product\/18878\/revisions"}],"predecessor-version":[{"id":47604,"href":"https:\/\/jogapiekna.com\/en\/wp-json\/wp\/v2\/product\/18878\/revisions\/47604"}],"wp:featuredmedia":[{"embeddable":true,"href":"https:\/\/jogapiekna.com\/en\/wp-json\/wp\/v2\/media\/97241"}],"wp:attachment":[{"href":"https:\/\/jogapiekna.com\/en\/wp-json\/wp\/v2\/media?parent=18878"}],"wp:term":[{"taxonomy":"product_brand","embeddable":true,"href":"https:\/\/jogapiekna.com\/en\/wp-json\/wp\/v2\/product_brand?post=18878"},{"taxonomy":"product_cat","embeddable":true,"href":"https:\/\/jogapiekna.com\/en\/wp-json\/wp\/v2\/product_cat?post=18878"},{"taxonomy":"product_tag","embeddable":true,"href":"https:\/\/jogapiekna.com\/en\/wp-json\/wp\/v2\/product_tag?post=18878"}],"curies":[{"name":"wp","href":"https:\/\/api.w.org\/{rel}","templated":true}]}}