{"id":189158,"date":"2025-02-18T18:27:53","date_gmt":"2025-02-18T17:27:53","guid":{"rendered":"https:\/\/jogapiekna.com\/?post_type=product&#038;p=189158"},"modified":"2026-03-01T16:28:13","modified_gmt":"2026-03-01T15:28:13","slug":"punktowy-krem-turmeric-tradzik-niedoskonalosci-15g","status":"publish","type":"product","link":"https:\/\/jogapiekna.com\/en\/product\/punktowy-krem-turmeric-tradzik-niedoskonalosci-15g\/","title":{"rendered":"Turmeric Spot Cream - for acne and imperfections - 15g - Vanan"},"content":{"rendered":"<h2>Turmeric Lepam - Spot Paste for Acne and Imperfections<\/h2>\n<p>Turmeric Lepam is an Ayurveda-inspired herbal skincare paste. With pure turmeric and pepper extracts, it effectively supports acne-prone skin, soothes irritation and gives the complexion a healthy glow.<\/p>\n<h2>Features:<\/h2>\n<ul>\n<li>Reduces blemishes and promotes skin regeneration<\/li>\n<li>Antibacterial and antimicrobial activity<\/li>\n<li>Evens out skin tone and brightens the complexion<\/li>\n<li>Soothes irritation and reduces redness<\/li>\n<li>Protects against free radicals<\/li>\n<li>Gentle and safe for all skin types<\/li>\n<\/ul>\n<p>&nbsp;<\/p>\n<h2>Using:<\/h2>\n<ol>\n<li>Cleanse your facial skin.<\/li>\n<li>Apply a small amount of paste (the size of a pea) to the areas that need care.<\/li>\n<li>Gently massage in a circular motion.<\/li>\n<li>Allow to be absorbed.<\/li>\n<li>Apply 1-2 times a day.<\/li>\n<\/ol>\n<p>&nbsp;<\/p>\n<h3>Precautionary measure:<\/h3>\n<ul>\n<li>Do not use with hypersensitivity to the components of the drug.<\/li>\n<li>Avoid contact with eyes.<\/li>\n<li>For external use only.<\/li>\n<li>May slightly stain - avoid contact with materials susceptible to staining.<\/li>\n<li>Keep out of the reach of small children, protect from light and moisture.<\/li>\n<\/ul>\n<p><strong>Full team:<\/strong><br \/>\nParaffinum Liquidum, Ricinus Communis Seed Oil, Beeswax, Curcuma Longa Rhizome Extract, Silica, Piper Nigrum Fruit Extract, Lavandula Officinalis Flower Oil, Linalool, Propyl Gallate, Geraniol, Limonene, Tocopheryl Acetate, BHT.<\/p>\n<p><strong>Container:<\/strong> 15 ml<br \/>\n<strong>Manufacturer:<\/strong> Apex Laboratories Private Limited, India<\/p>\n<p><em>A cosmetic product, it is not a medicine. It is not attributed with properties for the prevention or treatment of diseases.<\/em><\/p>","protected":false},"excerpt":{"rendered":"<p>Effective care for problematic skin. The cream contains turmeric to help fight acne and imperfections while nurturing the complexion.<\/p>\n<ul>\n<li>Reduces blemishes and promotes skin regeneration<\/li>\n<li>Evens out skin tone, giving the complexion a healthy appearance<\/li>\n<li>Soothes irritation and reduces redness<\/li>\n<li>Protects the skin against free radicals<\/li>\n<li>Tones, nourishes and improves the condition of the skin<\/li>\n<\/ul>\n<p><strong>Container:<\/strong> 15 ml<\/p>","protected":false},"featured_media":189159,"comment_status":"closed","ping_status":"closed","template":"","meta":{"_acf_changed":false,"site-sidebar-layout":"default","site-content-layout":"","ast-site-content-layout":"default","site-content-style":"default","site-sidebar-style":"default","ast-global-header-display":"","ast-banner-title-visibility":"","ast-main-header-display":"","ast-hfb-above-header-display":"","ast-hfb-below-header-display":"","ast-hfb-mobile-header-display":"","site-post-title":"","ast-breadcrumbs-content":"","ast-featured-img":"","footer-sml-layout":"","ast-disable-related-posts":"","theme-transparent-header-meta":"","adv-header-id-meta":"","stick-header-meta":"","header-above-stick-meta":"","header-main-stick-meta":"","header-below-stick-meta":"","astra-migrate-meta-layouts":"default","ast-page-background-enabled":"default","ast-page-background-meta":{"desktop":{"background-color":"var(--ast-global-color-5)","background-image":"","background-repeat":"repeat","background-position":"center center","background-size":"auto","background-attachment":"scroll","background-type":"","background-media":"","overlay-type":"","overlay-color":"","overlay-opacity":"","overlay-gradient":""},"tablet":{"background-color":"","background-image":"","background-repeat":"repeat","background-position":"center center","background-size":"auto","background-attachment":"scroll","background-type":"","background-media":"","overlay-type":"","overlay-color":"","overlay-opacity":"","overlay-gradient":""},"mobile":{"background-color":"","background-image":"","background-repeat":"repeat","background-position":"center center","background-size":"auto","background-attachment":"scroll","background-type":"","background-media":"","overlay-type":"","overlay-color":"","overlay-opacity":"","overlay-gradient":""}},"ast-content-background-meta":{"desktop":{"background-color":"var(--ast-global-color-4)","background-image":"","background-repeat":"repeat","background-position":"center center","background-size":"auto","background-attachment":"scroll","background-type":"","background-media":"","overlay-type":"","overlay-color":"","overlay-opacity":"","overlay-gradient":""},"tablet":{"background-color":"var(--ast-global-color-4)","background-image":"","background-repeat":"repeat","background-position":"center center","background-size":"auto","background-attachment":"scroll","background-type":"","background-media":"","overlay-type":"","overlay-color":"","overlay-opacity":"","overlay-gradient":""},"mobile":{"background-color":"var(--ast-global-color-4)","background-image":"","background-repeat":"repeat","background-position":"center center","background-size":"auto","background-attachment":"scroll","background-type":"","background-media":"","overlay-type":"","overlay-color":"","overlay-opacity":"","overlay-gradient":""}}},"product_brand":[],"product_cat":[331],"product_tag":[850,472],"class_list":{"0":"post-189158","1":"product","2":"type-product","3":"status-publish","4":"has-post-thumbnail","6":"product_cat-kosmetyki","7":"product_tag-niedoskonalosci","8":"product_tag-tradzik","9":"desktop-align-left","10":"tablet-align-left","11":"mobile-align-left","13":"first","14":"outofstock","15":"taxable","16":"shipping-taxable","17":"purchasable","18":"product-type-simple"},"acf":[],"yoast_head":"<!-- This site is optimized with the Yoast SEO plugin v27.4 - https:\/\/yoast.com\/product\/yoast-seo-wordpress\/ -->\n<title>Punktowy Krem Turmeric | na tr\u0105dzik i niedoskona\u0142o\u015bci \u2013 15g | Vanan<\/title>\n<meta name=\"description\" content=\"Skuteczna piel\u0119gnacja dla sk\u00f3ry problematycznej. Krem zawiera kurkum\u0119, kt\u00f3ra wspomaga walk\u0119 z tr\u0105dzikiem i niedoskona\u0142o\u015bciami, jednocze\u015bnie piel\u0119gnuj\u0105c cer\u0119.\" \/>\n<meta name=\"robots\" content=\"index, follow, max-snippet:-1, max-image-preview:large, max-video-preview:-1\" \/>\n<link rel=\"canonical\" href=\"https:\/\/jogapiekna.com\/en\/product\/punktowy-krem-turmeric-tradzik-niedoskonalosci-15g\/\" \/>\n<meta property=\"og:locale\" content=\"en_GB\" \/>\n<meta property=\"og:type\" content=\"article\" \/>\n<meta property=\"og:title\" content=\"Punktowy Krem Turmeric | na tr\u0105dzik i niedoskona\u0142o\u015bci \u2013 15g | Vanan\" \/>\n<meta property=\"og:description\" content=\"Skuteczna piel\u0119gnacja dla sk\u00f3ry problematycznej. Krem zawiera kurkum\u0119, kt\u00f3ra wspomaga walk\u0119 z tr\u0105dzikiem i niedoskona\u0142o\u015bciami, jednocze\u015bnie piel\u0119gnuj\u0105c cer\u0119.\" \/>\n<meta property=\"og:url\" content=\"https:\/\/jogapiekna.com\/en\/product\/punktowy-krem-turmeric-tradzik-niedoskonalosci-15g\/\" \/>\n<meta property=\"og:site_name\" content=\"JOGA PI\u0118KNA | Joga Twarzy\" \/>\n<meta property=\"article:publisher\" content=\"https:\/\/www.facebook.com\/JogaPieknaCom\/\" \/>\n<meta property=\"article:modified_time\" content=\"2026-03-01T15:28:13+00:00\" \/>\n<meta property=\"og:image\" content=\"https:\/\/jogapiekna.com\/wp-content\/uploads\/2025\/02\/punktowy-krem-turmeric-tradzik-niedoskonalosci-15g.jpg\" \/>\n\t<meta property=\"og:image:width\" content=\"1000\" \/>\n\t<meta property=\"og:image:height\" content=\"1000\" \/>\n\t<meta property=\"og:image:type\" content=\"image\/jpeg\" \/>\n<meta name=\"twitter:card\" content=\"summary_large_image\" \/>\n<meta name=\"twitter:label1\" content=\"Estimated reading time\" \/>\n\t<meta name=\"twitter:data1\" content=\"2 minutes\" \/>\n<script type=\"application\/ld+json\" class=\"yoast-schema-graph\">{\"@context\":\"https:\\\/\\\/schema.org\",\"@graph\":[{\"@type\":\"WebPage\",\"@id\":\"https:\\\/\\\/jogapiekna.com\\\/produkt\\\/punktowy-krem-turmeric-tradzik-niedoskonalosci-15g\\\/\",\"url\":\"https:\\\/\\\/jogapiekna.com\\\/produkt\\\/punktowy-krem-turmeric-tradzik-niedoskonalosci-15g\\\/\",\"name\":\"Punktowy Krem Turmeric | na tr\u0105dzik i niedoskona\u0142o\u015bci \u2013 15g | Vanan\",\"isPartOf\":{\"@id\":\"https:\\\/\\\/jogapiekna.com\\\/#website\"},\"primaryImageOfPage\":{\"@id\":\"https:\\\/\\\/jogapiekna.com\\\/produkt\\\/punktowy-krem-turmeric-tradzik-niedoskonalosci-15g\\\/#primaryimage\"},\"image\":{\"@id\":\"https:\\\/\\\/jogapiekna.com\\\/produkt\\\/punktowy-krem-turmeric-tradzik-niedoskonalosci-15g\\\/#primaryimage\"},\"thumbnailUrl\":\"https:\\\/\\\/jogapiekna.com\\\/wp-content\\\/uploads\\\/2025\\\/02\\\/punktowy-krem-turmeric-tradzik-niedoskonalosci-15g.jpg\",\"datePublished\":\"2025-02-18T17:27:53+00:00\",\"dateModified\":\"2026-03-01T15:28:13+00:00\",\"description\":\"Skuteczna piel\u0119gnacja dla sk\u00f3ry problematycznej. Krem zawiera kurkum\u0119, kt\u00f3ra wspomaga walk\u0119 z tr\u0105dzikiem i niedoskona\u0142o\u015bciami, jednocze\u015bnie piel\u0119gnuj\u0105c cer\u0119.\",\"breadcrumb\":{\"@id\":\"https:\\\/\\\/jogapiekna.com\\\/produkt\\\/punktowy-krem-turmeric-tradzik-niedoskonalosci-15g\\\/#breadcrumb\"},\"inLanguage\":\"en-GB\",\"potentialAction\":[{\"@type\":\"ReadAction\",\"target\":[\"https:\\\/\\\/jogapiekna.com\\\/produkt\\\/punktowy-krem-turmeric-tradzik-niedoskonalosci-15g\\\/\"]}]},{\"@type\":\"ImageObject\",\"inLanguage\":\"en-GB\",\"@id\":\"https:\\\/\\\/jogapiekna.com\\\/produkt\\\/punktowy-krem-turmeric-tradzik-niedoskonalosci-15g\\\/#primaryimage\",\"url\":\"https:\\\/\\\/jogapiekna.com\\\/wp-content\\\/uploads\\\/2025\\\/02\\\/punktowy-krem-turmeric-tradzik-niedoskonalosci-15g.jpg\",\"contentUrl\":\"https:\\\/\\\/jogapiekna.com\\\/wp-content\\\/uploads\\\/2025\\\/02\\\/punktowy-krem-turmeric-tradzik-niedoskonalosci-15g.jpg\",\"width\":1000,\"height\":1000,\"caption\":\"Punktowy Krem Turmeric | na tr\u0105dzik i niedoskona\u0142o\u015bci \u2013 15g | Vanan\"},{\"@type\":\"BreadcrumbList\",\"@id\":\"https:\\\/\\\/jogapiekna.com\\\/produkt\\\/punktowy-krem-turmeric-tradzik-niedoskonalosci-15g\\\/#breadcrumb\",\"itemListElement\":[{\"@type\":\"ListItem\",\"position\":1,\"name\":\"Strona g\u0142\u00f3wna\",\"item\":\"https:\\\/\\\/jogapiekna.com\\\/\"},{\"@type\":\"ListItem\",\"position\":2,\"name\":\"Sklep\",\"item\":\"https:\\\/\\\/jogapiekna.com\\\/sklep\\\/\"},{\"@type\":\"ListItem\",\"position\":3,\"name\":\"Punktowy Krem Turmeric \u2022 na tr\u0105dzik i niedoskona\u0142o\u015bci \u2022 15g \u2022 Vanan\"}]},{\"@type\":\"WebSite\",\"@id\":\"https:\\\/\\\/jogapiekna.com\\\/#website\",\"url\":\"https:\\\/\\\/jogapiekna.com\\\/\",\"name\":\"Joga Pi\u0119kna Marta Kuci\u0144ska\",\"description\":\"Joga Pi\u0119kna pomaga kobietom zachowa\u0107 urod\u0119, cofn\u0105\u0107 oznaki up\u0142ywaj\u0105cego czasu i zm\u0119czenia, odzyska\u0107 promienny wygl\u0105d, naturalny u\u015bmiech i popraw\u0119 w\u0142asnej samooceny.\",\"publisher\":{\"@id\":\"https:\\\/\\\/jogapiekna.com\\\/#organization\"},\"potentialAction\":[{\"@type\":\"SearchAction\",\"target\":{\"@type\":\"EntryPoint\",\"urlTemplate\":\"https:\\\/\\\/jogapiekna.com\\\/?s={search_term_string}\"},\"query-input\":{\"@type\":\"PropertyValueSpecification\",\"valueRequired\":true,\"valueName\":\"search_term_string\"}}],\"inLanguage\":\"en-GB\"},{\"@type\":\"Organization\",\"@id\":\"https:\\\/\\\/jogapiekna.com\\\/#organization\",\"name\":\"Joga Pi\u0119kna Marta Kuci\u0144ska\",\"url\":\"https:\\\/\\\/jogapiekna.com\\\/\",\"logo\":{\"@type\":\"ImageObject\",\"inLanguage\":\"en-GB\",\"@id\":\"https:\\\/\\\/jogapiekna.com\\\/#\\\/schema\\\/logo\\\/image\\\/\",\"url\":\"https:\\\/\\\/jogapiekna.com\\\/wp-content\\\/uploads\\\/2022\\\/09\\\/joga-piekna-logo_Rka.png\",\"contentUrl\":\"https:\\\/\\\/jogapiekna.com\\\/wp-content\\\/uploads\\\/2022\\\/09\\\/joga-piekna-logo_Rka.png\",\"width\":231,\"height\":124,\"caption\":\"Joga Pi\u0119kna Marta Kuci\u0144ska\"},\"image\":{\"@id\":\"https:\\\/\\\/jogapiekna.com\\\/#\\\/schema\\\/logo\\\/image\\\/\"},\"sameAs\":[\"https:\\\/\\\/www.facebook.com\\\/JogaPieknaCom\\\/\",\"https:\\\/\\\/www.instagram.com\\\/jogapieknacom\\\/\"]}]}<\/script>\n<!-- \/ Yoast SEO plugin. -->","yoast_head_json":{"title":"Punktowy Krem Turmeric | na tr\u0105dzik i niedoskona\u0142o\u015bci \u2013 15g | Vanan","description":"Effective care for problematic skin. The cream contains turmeric to help fight acne and imperfections while nurturing the complexion.","robots":{"index":"index","follow":"follow","max-snippet":"max-snippet:-1","max-image-preview":"max-image-preview:large","max-video-preview":"max-video-preview:-1"},"canonical":"https:\/\/jogapiekna.com\/en\/product\/punktowy-krem-turmeric-tradzik-niedoskonalosci-15g\/","og_locale":"en_GB","og_type":"article","og_title":"Punktowy Krem Turmeric | na tr\u0105dzik i niedoskona\u0142o\u015bci \u2013 15g | Vanan","og_description":"Skuteczna piel\u0119gnacja dla sk\u00f3ry problematycznej. Krem zawiera kurkum\u0119, kt\u00f3ra wspomaga walk\u0119 z tr\u0105dzikiem i niedoskona\u0142o\u015bciami, jednocze\u015bnie piel\u0119gnuj\u0105c cer\u0119.","og_url":"https:\/\/jogapiekna.com\/en\/product\/punktowy-krem-turmeric-tradzik-niedoskonalosci-15g\/","og_site_name":"JOGA PI\u0118KNA | Joga Twarzy","article_publisher":"https:\/\/www.facebook.com\/JogaPieknaCom\/","article_modified_time":"2026-03-01T15:28:13+00:00","og_image":[{"width":1000,"height":1000,"url":"https:\/\/jogapiekna.com\/wp-content\/uploads\/2025\/02\/punktowy-krem-turmeric-tradzik-niedoskonalosci-15g.jpg","type":"image\/jpeg"}],"twitter_card":"summary_large_image","twitter_misc":{"Estimated reading time":"2 minutes"},"schema":{"@context":"https:\/\/schema.org","@graph":[{"@type":"WebPage","@id":"https:\/\/jogapiekna.com\/produkt\/punktowy-krem-turmeric-tradzik-niedoskonalosci-15g\/","url":"https:\/\/jogapiekna.com\/produkt\/punktowy-krem-turmeric-tradzik-niedoskonalosci-15g\/","name":"Punktowy Krem Turmeric | na tr\u0105dzik i niedoskona\u0142o\u015bci \u2013 15g | Vanan","isPartOf":{"@id":"https:\/\/jogapiekna.com\/#website"},"primaryImageOfPage":{"@id":"https:\/\/jogapiekna.com\/produkt\/punktowy-krem-turmeric-tradzik-niedoskonalosci-15g\/#primaryimage"},"image":{"@id":"https:\/\/jogapiekna.com\/produkt\/punktowy-krem-turmeric-tradzik-niedoskonalosci-15g\/#primaryimage"},"thumbnailUrl":"https:\/\/jogapiekna.com\/wp-content\/uploads\/2025\/02\/punktowy-krem-turmeric-tradzik-niedoskonalosci-15g.jpg","datePublished":"2025-02-18T17:27:53+00:00","dateModified":"2026-03-01T15:28:13+00:00","description":"Effective care for problematic skin. The cream contains turmeric to help fight acne and imperfections while nurturing the complexion.","breadcrumb":{"@id":"https:\/\/jogapiekna.com\/produkt\/punktowy-krem-turmeric-tradzik-niedoskonalosci-15g\/#breadcrumb"},"inLanguage":"en-GB","potentialAction":[{"@type":"ReadAction","target":["https:\/\/jogapiekna.com\/produkt\/punktowy-krem-turmeric-tradzik-niedoskonalosci-15g\/"]}]},{"@type":"ImageObject","inLanguage":"en-GB","@id":"https:\/\/jogapiekna.com\/produkt\/punktowy-krem-turmeric-tradzik-niedoskonalosci-15g\/#primaryimage","url":"https:\/\/jogapiekna.com\/wp-content\/uploads\/2025\/02\/punktowy-krem-turmeric-tradzik-niedoskonalosci-15g.jpg","contentUrl":"https:\/\/jogapiekna.com\/wp-content\/uploads\/2025\/02\/punktowy-krem-turmeric-tradzik-niedoskonalosci-15g.jpg","width":1000,"height":1000,"caption":"Punktowy Krem Turmeric | na tr\u0105dzik i niedoskona\u0142o\u015bci \u2013 15g | Vanan"},{"@type":"BreadcrumbList","@id":"https:\/\/jogapiekna.com\/produkt\/punktowy-krem-turmeric-tradzik-niedoskonalosci-15g\/#breadcrumb","itemListElement":[{"@type":"ListItem","position":1,"name":"Strona g\u0142\u00f3wna","item":"https:\/\/jogapiekna.com\/"},{"@type":"ListItem","position":2,"name":"Sklep","item":"https:\/\/jogapiekna.com\/sklep\/"},{"@type":"ListItem","position":3,"name":"Punktowy Krem Turmeric \u2022 na tr\u0105dzik i niedoskona\u0142o\u015bci \u2022 15g \u2022 Vanan"}]},{"@type":"WebSite","@id":"https:\/\/jogapiekna.com\/#website","url":"https:\/\/jogapiekna.com\/","name":"Yoga Beauty Marta Kuci\u0144ska","description":"Beauty Yoga helps women to maintain their beauty, reverse the signs of passing time and fatigue, regain a radiant appearance, natural smile and improve their self-esteem.","publisher":{"@id":"https:\/\/jogapiekna.com\/#organization"},"potentialAction":[{"@type":"SearchAction","target":{"@type":"EntryPoint","urlTemplate":"https:\/\/jogapiekna.com\/?s={search_term_string}"},"query-input":{"@type":"PropertyValueSpecification","valueRequired":true,"valueName":"search_term_string"}}],"inLanguage":"en-GB"},{"@type":"Organization","@id":"https:\/\/jogapiekna.com\/#organization","name":"Yoga Beauty Marta Kuci\u0144ska","url":"https:\/\/jogapiekna.com\/","logo":{"@type":"ImageObject","inLanguage":"en-GB","@id":"https:\/\/jogapiekna.com\/#\/schema\/logo\/image\/","url":"https:\/\/jogapiekna.com\/wp-content\/uploads\/2022\/09\/joga-piekna-logo_Rka.png","contentUrl":"https:\/\/jogapiekna.com\/wp-content\/uploads\/2022\/09\/joga-piekna-logo_Rka.png","width":231,"height":124,"caption":"Joga Pi\u0119kna Marta Kuci\u0144ska"},"image":{"@id":"https:\/\/jogapiekna.com\/#\/schema\/logo\/image\/"},"sameAs":["https:\/\/www.facebook.com\/JogaPieknaCom\/","https:\/\/www.instagram.com\/jogapieknacom\/"]}]}},"_links":{"self":[{"href":"https:\/\/jogapiekna.com\/en\/wp-json\/wp\/v2\/product\/189158","targetHints":{"allow":["GET"]}}],"collection":[{"href":"https:\/\/jogapiekna.com\/en\/wp-json\/wp\/v2\/product"}],"about":[{"href":"https:\/\/jogapiekna.com\/en\/wp-json\/wp\/v2\/types\/product"}],"replies":[{"embeddable":true,"href":"https:\/\/jogapiekna.com\/en\/wp-json\/wp\/v2\/comments?post=189158"}],"version-history":[{"count":1,"href":"https:\/\/jogapiekna.com\/en\/wp-json\/wp\/v2\/product\/189158\/revisions"}],"predecessor-version":[{"id":214615,"href":"https:\/\/jogapiekna.com\/en\/wp-json\/wp\/v2\/product\/189158\/revisions\/214615"}],"wp:featuredmedia":[{"embeddable":true,"href":"https:\/\/jogapiekna.com\/en\/wp-json\/wp\/v2\/media\/189159"}],"wp:attachment":[{"href":"https:\/\/jogapiekna.com\/en\/wp-json\/wp\/v2\/media?parent=189158"}],"wp:term":[{"taxonomy":"product_brand","embeddable":true,"href":"https:\/\/jogapiekna.com\/en\/wp-json\/wp\/v2\/product_brand?post=189158"},{"taxonomy":"product_cat","embeddable":true,"href":"https:\/\/jogapiekna.com\/en\/wp-json\/wp\/v2\/product_cat?post=189158"},{"taxonomy":"product_tag","embeddable":true,"href":"https:\/\/jogapiekna.com\/en\/wp-json\/wp\/v2\/product_tag?post=189158"}],"curies":[{"name":"wp","href":"https:\/\/api.w.org\/{rel}","templated":true}]}}