{"id":189170,"date":"2025-02-18T20:49:09","date_gmt":"2025-02-18T19:49:09","guid":{"rendered":"https:\/\/jogapiekna.com\/?post_type=product&#038;p=189170"},"modified":"2026-03-22T20:24:09","modified_gmt":"2026-03-22T19:24:09","slug":"olej-aloe-vera-dosha-vata-90-vanan","status":"publish","type":"product","link":"https:\/\/jogapiekna.com\/en\/product\/olej-aloe-vera-dosha-vata-90-vanan\/","title":{"rendered":"Aloe Vera oil - dosha Vata - 90 ml - Vanan"},"content":{"rendered":"<p>Vanan Herbal Aloe Vera Massage Oil is an Ayurvedic formulation created for intensive skin care and protection. With a combination of aloe vera extract and sesame oil, it effectively moisturises, nourishes and regenerates, restoring softness and elasticity to the skin. It has a soothing effect, relieving irritation, and supports the skin's natural protective barrier, protecting it from toxins and harmful external factors.<\/p>\n<p>Thanks to its light texture, the oil is quickly absorbed without leaving a greasy film and its delicate fragrance makes daily care a pleasure.<\/p>\n<p>&nbsp;<\/p>\n<h2>Benefits and application:<\/h2>\n<ul>\n<li><strong>Deep hydration<\/strong> - intensively nourishes the skin, preventing it from drying out.<\/li>\n<li><strong>Regeneration and nourishment<\/strong> - improves the elasticity and softness of the skin.<\/li>\n<li><strong>Soothing effect<\/strong> - soothes irritations and restores balance to the skin.<\/li>\n<li><strong>Protection against external agents<\/strong> - strengthens the skin barrier and protects against toxins.<\/li>\n<li><strong>Relaxing massage<\/strong> - helps to relax muscles, improving body comfort.<\/li>\n<\/ul>\n<p>&nbsp;<\/p>\n<h2>Using:<\/h2>\n<p>Apply a small amount of oil to the palms of your hands and spread evenly over the skin of your body. Gently massage until absorbed. For best results, leave the oil on for 20-30 minutes before bathing in warm water. Ideal for daily use.<\/p>\n<p>&nbsp;<\/p>\n<h2>Ingredients:<\/h2>\n<p>Sesamum Indicum Seed Oil, Aloe Barbadensis Leaf Extract, Propyl Gallate, Parfum, Hexyl Cinnamal, Benzyl Salicylate, Linalool, Alpha-Isomethyl Ionone.<\/p>\n<p>&nbsp;<\/p>\n<h3>Contraindications:<\/h3>\n<ul>\n<li>Do not use in case of hypersensitivity to any of the ingredients.<\/li>\n<li>Avoid contact with eyes.<\/li>\n<li>For external use only.<\/li>\n<\/ul>\n<p><strong>Container:<\/strong> 90 ml<br \/>\n<strong>Country of origin:<\/strong> India<br \/>\n<strong>Manufacturer:<\/strong> Apex Laboratories, India<br \/>\n<strong>Distribution:<\/strong> Vanan B.V., The Netherlands<\/p>","protected":false},"excerpt":{"rendered":"<p>Vanan's Aloe Vera Oil intensively moisturises and nourishes dry and irritated skin. It improves its elasticity and softness, creating a natural protective barrier against harmful external factors. It also helps to relax muscles, providing relief and regeneration. Ideal for daily care.<\/p>\n<p><strong>Container:<\/strong> 90 ml<br \/>\n<strong>Country of origin:<\/strong> India<\/p>","protected":false},"featured_media":189171,"comment_status":"closed","ping_status":"closed","template":"","meta":{"_acf_changed":false,"site-sidebar-layout":"default","site-content-layout":"","ast-site-content-layout":"default","site-content-style":"default","site-sidebar-style":"default","ast-global-header-display":"","ast-banner-title-visibility":"","ast-main-header-display":"","ast-hfb-above-header-display":"","ast-hfb-below-header-display":"","ast-hfb-mobile-header-display":"","site-post-title":"","ast-breadcrumbs-content":"","ast-featured-img":"","footer-sml-layout":"","ast-disable-related-posts":"","theme-transparent-header-meta":"","adv-header-id-meta":"","stick-header-meta":"","header-above-stick-meta":"","header-main-stick-meta":"","header-below-stick-meta":"","astra-migrate-meta-layouts":"default","ast-page-background-enabled":"default","ast-page-background-meta":{"desktop":{"background-color":"var(--ast-global-color-5)","background-image":"","background-repeat":"repeat","background-position":"center center","background-size":"auto","background-attachment":"scroll","background-type":"","background-media":"","overlay-type":"","overlay-color":"","overlay-opacity":"","overlay-gradient":""},"tablet":{"background-color":"","background-image":"","background-repeat":"repeat","background-position":"center center","background-size":"auto","background-attachment":"scroll","background-type":"","background-media":"","overlay-type":"","overlay-color":"","overlay-opacity":"","overlay-gradient":""},"mobile":{"background-color":"","background-image":"","background-repeat":"repeat","background-position":"center center","background-size":"auto","background-attachment":"scroll","background-type":"","background-media":"","overlay-type":"","overlay-color":"","overlay-opacity":"","overlay-gradient":""}},"ast-content-background-meta":{"desktop":{"background-color":"var(--ast-global-color-4)","background-image":"","background-repeat":"repeat","background-position":"center center","background-size":"auto","background-attachment":"scroll","background-type":"","background-media":"","overlay-type":"","overlay-color":"","overlay-opacity":"","overlay-gradient":""},"tablet":{"background-color":"var(--ast-global-color-4)","background-image":"","background-repeat":"repeat","background-position":"center center","background-size":"auto","background-attachment":"scroll","background-type":"","background-media":"","overlay-type":"","overlay-color":"","overlay-opacity":"","overlay-gradient":""},"mobile":{"background-color":"var(--ast-global-color-4)","background-image":"","background-repeat":"repeat","background-position":"center center","background-size":"auto","background-attachment":"scroll","background-type":"","background-media":"","overlay-type":"","overlay-color":"","overlay-opacity":"","overlay-gradient":""}}},"product_brand":[],"product_cat":[331],"product_tag":[853,420,654,471,852],"class_list":{"0":"post-189170","1":"product","2":"type-product","3":"status-publish","4":"has-post-thumbnail","6":"product_cat-kosmetyki","7":"product_tag-lagodzenie-podraznien","8":"product_tag-nawilzenie-skory","9":"product_tag-olej","10":"product_tag-olej-do-ciala","11":"product_tag-poprawa-elastycznosci","12":"desktop-align-left","13":"tablet-align-left","14":"mobile-align-left","16":"first","17":"outofstock","18":"taxable","19":"shipping-taxable","20":"purchasable","21":"product-type-simple"},"acf":[],"yoast_head":"<!-- This site is optimized with the Yoast SEO plugin v27.2 - https:\/\/yoast.com\/product\/yoast-seo-wordpress\/ -->\n<title>Olej Aloe Vera \u2022 dosha Vata \u2022 90 ml \u2022 Vanan<\/title>\n<meta name=\"description\" content=\"Olej Aloe Vera marki Vanan intensywnie nawil\u017ca i od\u017cywia such\u0105 oraz podra\u017cnion\u0105 sk\u00f3r\u0119. Poprawia jej elastyczno\u015b\u0107 i mi\u0119kko\u015b\u0107, tworz\u0105c naturaln\u0105 barier\u0119 ochronn\u0105 przed szkodliwymi czynnikami zewn\u0119trznymi.\" \/>\n<meta name=\"robots\" content=\"index, follow, max-snippet:-1, max-image-preview:large, max-video-preview:-1\" \/>\n<link rel=\"canonical\" href=\"https:\/\/jogapiekna.com\/en\/product\/olej-aloe-vera-dosha-vata-90-vanan\/\" \/>\n<meta property=\"og:locale\" content=\"en_GB\" \/>\n<meta property=\"og:type\" content=\"article\" \/>\n<meta property=\"og:title\" content=\"Olej Aloe Vera \u2022 dosha Vata \u2022 90 ml \u2022 Vanan\" \/>\n<meta property=\"og:description\" content=\"Olej Aloe Vera marki Vanan intensywnie nawil\u017ca i od\u017cywia such\u0105 oraz podra\u017cnion\u0105 sk\u00f3r\u0119. Poprawia jej elastyczno\u015b\u0107 i mi\u0119kko\u015b\u0107, tworz\u0105c naturaln\u0105 barier\u0119 ochronn\u0105 przed szkodliwymi czynnikami zewn\u0119trznymi.\" \/>\n<meta property=\"og:url\" content=\"https:\/\/jogapiekna.com\/en\/product\/olej-aloe-vera-dosha-vata-90-vanan\/\" \/>\n<meta property=\"og:site_name\" content=\"JOGA PI\u0118KNA | Joga Twarzy\" \/>\n<meta property=\"article:publisher\" content=\"https:\/\/www.facebook.com\/JogaPieknaCom\/\" \/>\n<meta property=\"article:modified_time\" content=\"2026-03-22T19:24:09+00:00\" \/>\n<meta property=\"og:image\" content=\"https:\/\/jogapiekna.com\/wp-content\/uploads\/2025\/02\/olej-aloe-vera-dosha-vata-90-vanan.jpg\" \/>\n\t<meta property=\"og:image:width\" content=\"1000\" \/>\n\t<meta property=\"og:image:height\" content=\"1000\" \/>\n\t<meta property=\"og:image:type\" content=\"image\/jpeg\" \/>\n<meta name=\"twitter:card\" content=\"summary_large_image\" \/>\n<meta name=\"twitter:label1\" content=\"Estimated reading time\" \/>\n\t<meta name=\"twitter:data1\" content=\"2 minutes\" \/>\n<script type=\"application\/ld+json\" class=\"yoast-schema-graph\">{\"@context\":\"https:\/\/schema.org\",\"@graph\":[{\"@type\":\"WebPage\",\"@id\":\"https:\/\/jogapiekna.com\/produkt\/olej-aloe-vera-dosha-vata-90-vanan\/\",\"url\":\"https:\/\/jogapiekna.com\/produkt\/olej-aloe-vera-dosha-vata-90-vanan\/\",\"name\":\"Olej Aloe Vera \u2022 dosha Vata \u2022 90 ml \u2022 Vanan\",\"isPartOf\":{\"@id\":\"https:\/\/jogapiekna.com\/#website\"},\"primaryImageOfPage\":{\"@id\":\"https:\/\/jogapiekna.com\/produkt\/olej-aloe-vera-dosha-vata-90-vanan\/#primaryimage\"},\"image\":{\"@id\":\"https:\/\/jogapiekna.com\/produkt\/olej-aloe-vera-dosha-vata-90-vanan\/#primaryimage\"},\"thumbnailUrl\":\"https:\/\/jogapiekna.com\/wp-content\/uploads\/2025\/02\/olej-aloe-vera-dosha-vata-90-vanan.jpg\",\"datePublished\":\"2025-02-18T19:49:09+00:00\",\"dateModified\":\"2026-03-22T19:24:09+00:00\",\"description\":\"Olej Aloe Vera marki Vanan intensywnie nawil\u017ca i od\u017cywia such\u0105 oraz podra\u017cnion\u0105 sk\u00f3r\u0119. Poprawia jej elastyczno\u015b\u0107 i mi\u0119kko\u015b\u0107, tworz\u0105c naturaln\u0105 barier\u0119 ochronn\u0105 przed szkodliwymi czynnikami zewn\u0119trznymi.\",\"breadcrumb\":{\"@id\":\"https:\/\/jogapiekna.com\/produkt\/olej-aloe-vera-dosha-vata-90-vanan\/#breadcrumb\"},\"inLanguage\":\"en-GB\",\"potentialAction\":[{\"@type\":\"ReadAction\",\"target\":[\"https:\/\/jogapiekna.com\/produkt\/olej-aloe-vera-dosha-vata-90-vanan\/\"]}]},{\"@type\":\"ImageObject\",\"inLanguage\":\"en-GB\",\"@id\":\"https:\/\/jogapiekna.com\/produkt\/olej-aloe-vera-dosha-vata-90-vanan\/#primaryimage\",\"url\":\"https:\/\/jogapiekna.com\/wp-content\/uploads\/2025\/02\/olej-aloe-vera-dosha-vata-90-vanan.jpg\",\"contentUrl\":\"https:\/\/jogapiekna.com\/wp-content\/uploads\/2025\/02\/olej-aloe-vera-dosha-vata-90-vanan.jpg\",\"width\":1000,\"height\":1000,\"caption\":\"Olej Aloe Vera \u2022 dosha Vata \u2022 90 ml \u2022 Vanan\"},{\"@type\":\"BreadcrumbList\",\"@id\":\"https:\/\/jogapiekna.com\/produkt\/olej-aloe-vera-dosha-vata-90-vanan\/#breadcrumb\",\"itemListElement\":[{\"@type\":\"ListItem\",\"position\":1,\"name\":\"Strona g\u0142\u00f3wna\",\"item\":\"https:\/\/jogapiekna.com\/\"},{\"@type\":\"ListItem\",\"position\":2,\"name\":\"Sklep\",\"item\":\"https:\/\/jogapiekna.com\/sklep\/\"},{\"@type\":\"ListItem\",\"position\":3,\"name\":\"Olej Aloe Vera \u2022 dosha Vata \u2022 90 ml \u2022 Vanan\"}]},{\"@type\":\"WebSite\",\"@id\":\"https:\/\/jogapiekna.com\/#website\",\"url\":\"https:\/\/jogapiekna.com\/\",\"name\":\"Joga Pi\u0119kna Marta Kuci\u0144ska\",\"description\":\"Joga Pi\u0119kna pomaga kobietom zachowa\u0107 urod\u0119, cofn\u0105\u0107 oznaki up\u0142ywaj\u0105cego czasu i zm\u0119czenia, odzyska\u0107 promienny wygl\u0105d, naturalny u\u015bmiech i popraw\u0119 w\u0142asnej samooceny.\",\"publisher\":{\"@id\":\"https:\/\/jogapiekna.com\/#organization\"},\"potentialAction\":[{\"@type\":\"SearchAction\",\"target\":{\"@type\":\"EntryPoint\",\"urlTemplate\":\"https:\/\/jogapiekna.com\/?s={search_term_string}\"},\"query-input\":{\"@type\":\"PropertyValueSpecification\",\"valueRequired\":true,\"valueName\":\"search_term_string\"}}],\"inLanguage\":\"en-GB\"},{\"@type\":\"Organization\",\"@id\":\"https:\/\/jogapiekna.com\/#organization\",\"name\":\"Joga Pi\u0119kna Marta Kuci\u0144ska\",\"url\":\"https:\/\/jogapiekna.com\/\",\"logo\":{\"@type\":\"ImageObject\",\"inLanguage\":\"en-GB\",\"@id\":\"https:\/\/jogapiekna.com\/#\/schema\/logo\/image\/\",\"url\":\"https:\/\/jogapiekna.com\/wp-content\/uploads\/2022\/09\/joga-piekna-logo_Rka.png\",\"contentUrl\":\"https:\/\/jogapiekna.com\/wp-content\/uploads\/2022\/09\/joga-piekna-logo_Rka.png\",\"width\":231,\"height\":124,\"caption\":\"Joga Pi\u0119kna Marta Kuci\u0144ska\"},\"image\":{\"@id\":\"https:\/\/jogapiekna.com\/#\/schema\/logo\/image\/\"},\"sameAs\":[\"https:\/\/www.facebook.com\/JogaPieknaCom\/\",\"https:\/\/www.instagram.com\/jogapieknacom\/\"]}]}<\/script>\n<!-- \/ Yoast SEO plugin. -->","yoast_head_json":{"title":"Aloe Vera oil - dosha Vata - 90 ml - Vanan","description":"Olej Aloe Vera marki Vanan intensywnie nawil\u017ca i od\u017cywia such\u0105 oraz podra\u017cnion\u0105 sk\u00f3r\u0119. Poprawia jej elastyczno\u015b\u0107 i mi\u0119kko\u015b\u0107, tworz\u0105c naturaln\u0105 barier\u0119 ochronn\u0105 przed szkodliwymi czynnikami zewn\u0119trznymi.","robots":{"index":"index","follow":"follow","max-snippet":"max-snippet:-1","max-image-preview":"max-image-preview:large","max-video-preview":"max-video-preview:-1"},"canonical":"https:\/\/jogapiekna.com\/en\/product\/olej-aloe-vera-dosha-vata-90-vanan\/","og_locale":"en_GB","og_type":"article","og_title":"Olej Aloe Vera \u2022 dosha Vata \u2022 90 ml \u2022 Vanan","og_description":"Olej Aloe Vera marki Vanan intensywnie nawil\u017ca i od\u017cywia such\u0105 oraz podra\u017cnion\u0105 sk\u00f3r\u0119. Poprawia jej elastyczno\u015b\u0107 i mi\u0119kko\u015b\u0107, tworz\u0105c naturaln\u0105 barier\u0119 ochronn\u0105 przed szkodliwymi czynnikami zewn\u0119trznymi.","og_url":"https:\/\/jogapiekna.com\/en\/product\/olej-aloe-vera-dosha-vata-90-vanan\/","og_site_name":"JOGA PI\u0118KNA | Joga Twarzy","article_publisher":"https:\/\/www.facebook.com\/JogaPieknaCom\/","article_modified_time":"2026-03-22T19:24:09+00:00","og_image":[{"width":1000,"height":1000,"url":"https:\/\/jogapiekna.com\/wp-content\/uploads\/2025\/02\/olej-aloe-vera-dosha-vata-90-vanan.jpg","type":"image\/jpeg"}],"twitter_card":"summary_large_image","twitter_misc":{"Estimated reading time":"2 minutes"},"schema":{"@context":"https:\/\/schema.org","@graph":[{"@type":"WebPage","@id":"https:\/\/jogapiekna.com\/produkt\/olej-aloe-vera-dosha-vata-90-vanan\/","url":"https:\/\/jogapiekna.com\/produkt\/olej-aloe-vera-dosha-vata-90-vanan\/","name":"Aloe Vera oil - dosha Vata - 90 ml - Vanan","isPartOf":{"@id":"https:\/\/jogapiekna.com\/#website"},"primaryImageOfPage":{"@id":"https:\/\/jogapiekna.com\/produkt\/olej-aloe-vera-dosha-vata-90-vanan\/#primaryimage"},"image":{"@id":"https:\/\/jogapiekna.com\/produkt\/olej-aloe-vera-dosha-vata-90-vanan\/#primaryimage"},"thumbnailUrl":"https:\/\/jogapiekna.com\/wp-content\/uploads\/2025\/02\/olej-aloe-vera-dosha-vata-90-vanan.jpg","datePublished":"2025-02-18T19:49:09+00:00","dateModified":"2026-03-22T19:24:09+00:00","description":"Olej Aloe Vera marki Vanan intensywnie nawil\u017ca i od\u017cywia such\u0105 oraz podra\u017cnion\u0105 sk\u00f3r\u0119. Poprawia jej elastyczno\u015b\u0107 i mi\u0119kko\u015b\u0107, tworz\u0105c naturaln\u0105 barier\u0119 ochronn\u0105 przed szkodliwymi czynnikami zewn\u0119trznymi.","breadcrumb":{"@id":"https:\/\/jogapiekna.com\/produkt\/olej-aloe-vera-dosha-vata-90-vanan\/#breadcrumb"},"inLanguage":"en-GB","potentialAction":[{"@type":"ReadAction","target":["https:\/\/jogapiekna.com\/produkt\/olej-aloe-vera-dosha-vata-90-vanan\/"]}]},{"@type":"ImageObject","inLanguage":"en-GB","@id":"https:\/\/jogapiekna.com\/produkt\/olej-aloe-vera-dosha-vata-90-vanan\/#primaryimage","url":"https:\/\/jogapiekna.com\/wp-content\/uploads\/2025\/02\/olej-aloe-vera-dosha-vata-90-vanan.jpg","contentUrl":"https:\/\/jogapiekna.com\/wp-content\/uploads\/2025\/02\/olej-aloe-vera-dosha-vata-90-vanan.jpg","width":1000,"height":1000,"caption":"Olej Aloe Vera \u2022 dosha Vata \u2022 90 ml \u2022 Vanan"},{"@type":"BreadcrumbList","@id":"https:\/\/jogapiekna.com\/produkt\/olej-aloe-vera-dosha-vata-90-vanan\/#breadcrumb","itemListElement":[{"@type":"ListItem","position":1,"name":"Strona g\u0142\u00f3wna","item":"https:\/\/jogapiekna.com\/"},{"@type":"ListItem","position":2,"name":"Sklep","item":"https:\/\/jogapiekna.com\/sklep\/"},{"@type":"ListItem","position":3,"name":"Olej Aloe Vera \u2022 dosha Vata \u2022 90 ml \u2022 Vanan"}]},{"@type":"WebSite","@id":"https:\/\/jogapiekna.com\/#website","url":"https:\/\/jogapiekna.com\/","name":"Yoga Beauty Marta Kuci\u0144ska","description":"Beauty Yoga helps women to maintain their beauty, reverse the signs of passing time and fatigue, regain a radiant appearance, natural smile and improve their self-esteem.","publisher":{"@id":"https:\/\/jogapiekna.com\/#organization"},"potentialAction":[{"@type":"SearchAction","target":{"@type":"EntryPoint","urlTemplate":"https:\/\/jogapiekna.com\/?s={search_term_string}"},"query-input":{"@type":"PropertyValueSpecification","valueRequired":true,"valueName":"search_term_string"}}],"inLanguage":"en-GB"},{"@type":"Organization","@id":"https:\/\/jogapiekna.com\/#organization","name":"Yoga Beauty Marta Kuci\u0144ska","url":"https:\/\/jogapiekna.com\/","logo":{"@type":"ImageObject","inLanguage":"en-GB","@id":"https:\/\/jogapiekna.com\/#\/schema\/logo\/image\/","url":"https:\/\/jogapiekna.com\/wp-content\/uploads\/2022\/09\/joga-piekna-logo_Rka.png","contentUrl":"https:\/\/jogapiekna.com\/wp-content\/uploads\/2022\/09\/joga-piekna-logo_Rka.png","width":231,"height":124,"caption":"Joga Pi\u0119kna Marta Kuci\u0144ska"},"image":{"@id":"https:\/\/jogapiekna.com\/#\/schema\/logo\/image\/"},"sameAs":["https:\/\/www.facebook.com\/JogaPieknaCom\/","https:\/\/www.instagram.com\/jogapieknacom\/"]}]}},"_links":{"self":[{"href":"https:\/\/jogapiekna.com\/en\/wp-json\/wp\/v2\/product\/189170","targetHints":{"allow":["GET"]}}],"collection":[{"href":"https:\/\/jogapiekna.com\/en\/wp-json\/wp\/v2\/product"}],"about":[{"href":"https:\/\/jogapiekna.com\/en\/wp-json\/wp\/v2\/types\/product"}],"replies":[{"embeddable":true,"href":"https:\/\/jogapiekna.com\/en\/wp-json\/wp\/v2\/comments?post=189170"}],"version-history":[{"count":0,"href":"https:\/\/jogapiekna.com\/en\/wp-json\/wp\/v2\/product\/189170\/revisions"}],"wp:featuredmedia":[{"embeddable":true,"href":"https:\/\/jogapiekna.com\/en\/wp-json\/wp\/v2\/media\/189171"}],"wp:attachment":[{"href":"https:\/\/jogapiekna.com\/en\/wp-json\/wp\/v2\/media?parent=189170"}],"wp:term":[{"taxonomy":"product_brand","embeddable":true,"href":"https:\/\/jogapiekna.com\/en\/wp-json\/wp\/v2\/product_brand?post=189170"},{"taxonomy":"product_cat","embeddable":true,"href":"https:\/\/jogapiekna.com\/en\/wp-json\/wp\/v2\/product_cat?post=189170"},{"taxonomy":"product_tag","embeddable":true,"href":"https:\/\/jogapiekna.com\/en\/wp-json\/wp\/v2\/product_tag?post=189170"}],"curies":[{"name":"wp","href":"https:\/\/api.w.org\/{rel}","templated":true}]}}