{"id":191063,"date":"2025-03-10T12:27:59","date_gmt":"2025-03-10T11:27:59","guid":{"rendered":"https:\/\/jogapiekna.com\/?post_type=product&#038;p=191063"},"modified":"2026-04-02T11:23:22","modified_gmt":"2026-04-02T09:23:22","slug":"kimono-asha-projekt-joga-piekna-druk-turkus","status":"publish","type":"product","link":"https:\/\/jogapiekna.com\/en\/product\/kimono-asha-projekt-joga-piekna-druk-turkus\/","title":{"rendered":"KIMONO ASHA - Yoga Beauty project - turquoise print"},"content":{"rendered":"<h2>ASHA is a kimono that will transport you to a world of elegance and serenity<\/h2>\n<p>From the start, we knew it wouldn't just be clothing, but an expression of style and soul. When you put on ASHA, you feel like you're dancing - casual, graceful.<\/p>\n<p>Such garments add strength and power. They take care of your comfort on many levels simultaneously. It is therefore difficult to deny their uniqueness.<\/p>\n<p>&nbsp;<\/p>\n<h2>A refined cut that you will love<\/h2>\n<p><strong>Flared sleeves<\/strong>, light as a butterfly's wings, float in motion, adding an ethereal lightness and magical charm to the kimono. <strong>Subtle tying at the waist<\/strong> allows you to beautifully accentuate your silhouette while maintaining comfort and freedom of wear. <strong>Side pockets<\/strong> is a thoughtful, practical accent that fits perfectly with the elegant character of the kimono, combining style with functionality.<\/p>\n<p><strong>Key features<\/strong><\/p>\n<ul>\n<li>tying at the waist<\/li>\n<li>flared sleeves<\/li>\n<li>side pockets<\/li>\n<li>decoration on the collar<\/li>\n<li>limited series<\/li>\n<\/ul>\n<p><img fetchpriority=\"high\" decoding=\"async\" class=\"alignnone size-medium wp-image-191066\" src=\"https:\/\/jogapiekna.com\/wp-content\/uploads\/2025\/03\/kimono-asha-pomaraczowe_wiazanie-w-pasie-300x300.jpg\" alt=\"\" width=\"300\" height=\"300\" srcset=\"https:\/\/jogapiekna.com\/wp-content\/uploads\/2025\/03\/kimono-asha-pomaraczowe_wiazanie-w-pasie-300x300.jpg 300w, https:\/\/jogapiekna.com\/wp-content\/uploads\/2025\/03\/kimono-asha-pomaraczowe_wiazanie-w-pasie-150x150.jpg 150w, https:\/\/jogapiekna.com\/wp-content\/uploads\/2025\/03\/kimono-asha-pomaraczowe_wiazanie-w-pasie-768x768.jpg 768w, https:\/\/jogapiekna.com\/wp-content\/uploads\/2025\/03\/kimono-asha-pomaraczowe_wiazanie-w-pasie-12x12.jpg 12w, https:\/\/jogapiekna.com\/wp-content\/uploads\/2025\/03\/kimono-asha-pomaraczowe_wiazanie-w-pasie-600x600.jpg 600w, https:\/\/jogapiekna.com\/wp-content\/uploads\/2025\/03\/kimono-asha-pomaraczowe_wiazanie-w-pasie-100x100.jpg 100w, https:\/\/jogapiekna.com\/wp-content\/uploads\/2025\/03\/kimono-asha-pomaraczowe_wiazanie-w-pasie.jpg 1000w\" sizes=\"(max-width: 300px) 100vw, 300px\" \/> <img decoding=\"async\" class=\"alignnone size-medium wp-image-191068\" src=\"https:\/\/jogapiekna.com\/wp-content\/uploads\/2025\/03\/kimono-asha-pomaraczowe_rekawy-300x300.jpg\" alt=\"\" width=\"300\" height=\"300\" srcset=\"https:\/\/jogapiekna.com\/wp-content\/uploads\/2025\/03\/kimono-asha-pomaraczowe_rekawy-300x300.jpg 300w, https:\/\/jogapiekna.com\/wp-content\/uploads\/2025\/03\/kimono-asha-pomaraczowe_rekawy-150x150.jpg 150w, https:\/\/jogapiekna.com\/wp-content\/uploads\/2025\/03\/kimono-asha-pomaraczowe_rekawy-768x768.jpg 768w, https:\/\/jogapiekna.com\/wp-content\/uploads\/2025\/03\/kimono-asha-pomaraczowe_rekawy-12x12.jpg 12w, https:\/\/jogapiekna.com\/wp-content\/uploads\/2025\/03\/kimono-asha-pomaraczowe_rekawy-600x600.jpg 600w, https:\/\/jogapiekna.com\/wp-content\/uploads\/2025\/03\/kimono-asha-pomaraczowe_rekawy-100x100.jpg 100w, https:\/\/jogapiekna.com\/wp-content\/uploads\/2025\/03\/kimono-asha-pomaraczowe_rekawy.jpg 1000w\" sizes=\"(max-width: 300px) 100vw, 300px\" \/> <img decoding=\"async\" class=\"alignnone size-medium wp-image-191067\" src=\"https:\/\/jogapiekna.com\/wp-content\/uploads\/2025\/03\/kimono-asha-pomaraczowe_tyl-300x300.jpg\" alt=\"\" width=\"300\" height=\"300\" srcset=\"https:\/\/jogapiekna.com\/wp-content\/uploads\/2025\/03\/kimono-asha-pomaraczowe_tyl-300x300.jpg 300w, https:\/\/jogapiekna.com\/wp-content\/uploads\/2025\/03\/kimono-asha-pomaraczowe_tyl-150x150.jpg 150w, https:\/\/jogapiekna.com\/wp-content\/uploads\/2025\/03\/kimono-asha-pomaraczowe_tyl-768x768.jpg 768w, https:\/\/jogapiekna.com\/wp-content\/uploads\/2025\/03\/kimono-asha-pomaraczowe_tyl-12x12.jpg 12w, https:\/\/jogapiekna.com\/wp-content\/uploads\/2025\/03\/kimono-asha-pomaraczowe_tyl-600x600.jpg 600w, https:\/\/jogapiekna.com\/wp-content\/uploads\/2025\/03\/kimono-asha-pomaraczowe_tyl-100x100.jpg 100w, https:\/\/jogapiekna.com\/wp-content\/uploads\/2025\/03\/kimono-asha-pomaraczowe_tyl.jpg 1000w\" sizes=\"(max-width: 300px) 100vw, 300px\" \/><\/p>\n<p>&nbsp;<\/p>\n<h2>Viscose - lightness, softness and elegance in perfect harmony<\/h2>\n<p>The ASHA kimono is sewn from the highest quality viscose - a fabric that <strong>combines exceptional softness and functionality<\/strong>. Viscose wraps the skin like silk, providing a feeling of lightness and comfort throughout the day.<\/p>\n<p>Thanks to its breathability <strong>allows the skin to breathe<\/strong>, making it an ideal choice for both warm days and cooler evenings.<\/p>\n<p>The fabric is also extremely soft to the touch, enhancing the pleasure of wearing it, and its subtle sheen adds to the kimono's elegance. Viscose is also characterised by its durability, so the kimono retains its form and beauty for a long time, remaining your favourite piece of clothing.<\/p>\n<p>&nbsp;<\/p>\n<h2>ASHA, or HOPE<\/h2>\n<p>It is the name ASHA, meaning <strong>hope<\/strong> in Hindi, was the inspiration for this unique kimono.<\/p>\n<p>For us, ASHA is more than just a garment - it is a <strong>symbol of peace, harmony and inner strength<\/strong>. This was precisely the aim of the design - with its unique form, it is meant to illuminate your everyday life, becoming a personal talisman of power. Every detail - from the delicate oriental pattern to the light, enveloping fabric - reminds you to see beauty and balance in every moment of life.<\/p>\n<p>&nbsp;<\/p>\n<h3>Practical information<\/h3>\n<ul>\n<li>The kimono is best washed by hand or in the washing machine, using the delicate fabric programme at a maximum temperature of 30\u00b0C.<\/li>\n<li>Choose gentle washing detergents that do not damage the viscose fibres. Avoid bleach.<\/li>\n<li>Spinning too hard can distort the fabric, so choose the lowest speed or dab the water gently with a towel.<\/li>\n<li>Viscose can stretch when drying, so it is best to dry the kimono flat, avoiding direct sunlight.<\/li>\n<li>If the fabric needs ironing, use a low iron temperature and iron on the left side or through a protective cloth.<\/li>\n<li>Hang the kimono on a wide hanger to avoid deformation.<\/li>\n<\/ul>","protected":false},"excerpt":{"rendered":"<p>There are some clothes that you put on and know they are like a second skin. Perfectly fitting, velvety soft, adding inner power. Such is the KIMONO ASHA designed by Marta Kuci\u0144ska. Its name in Hindi means HOPE.<\/p>\n<p>Made from top-quality viscose, it impresses with a cut that, on the one hand, guarantees wonderful wearing comfort and, on the other, emphasises the assets of the female figure.<\/p>\n<p><strong>Size:<\/strong> one size<br \/>\n<strong>Size:<\/strong> Length: 123 cm | Width: 59 cm<br \/>\n<strong>Material:<\/strong> viscose 100%<\/p>","protected":false},"featured_media":190685,"comment_status":"closed","ping_status":"closed","template":"","meta":{"_acf_changed":false,"site-sidebar-layout":"default","site-content-layout":"","ast-site-content-layout":"default","site-content-style":"default","site-sidebar-style":"default","ast-global-header-display":"","ast-banner-title-visibility":"","ast-main-header-display":"","ast-hfb-above-header-display":"","ast-hfb-below-header-display":"","ast-hfb-mobile-header-display":"","site-post-title":"","ast-breadcrumbs-content":"","ast-featured-img":"","footer-sml-layout":"","ast-disable-related-posts":"","theme-transparent-header-meta":"default","adv-header-id-meta":"","stick-header-meta":"","header-above-stick-meta":"","header-main-stick-meta":"","header-below-stick-meta":"","astra-migrate-meta-layouts":"set","ast-page-background-enabled":"default","ast-page-background-meta":{"desktop":{"background-color":"var(--ast-global-color-5)","background-image":"","background-repeat":"repeat","background-position":"center center","background-size":"auto","background-attachment":"scroll","background-type":"","background-media":"","overlay-type":"","overlay-color":"","overlay-opacity":"","overlay-gradient":""},"tablet":{"background-color":"","background-image":"","background-repeat":"repeat","background-position":"center center","background-size":"auto","background-attachment":"scroll","background-type":"","background-media":"","overlay-type":"","overlay-color":"","overlay-opacity":"","overlay-gradient":""},"mobile":{"background-color":"","background-image":"","background-repeat":"repeat","background-position":"center center","background-size":"auto","background-attachment":"scroll","background-type":"","background-media":"","overlay-type":"","overlay-color":"","overlay-opacity":"","overlay-gradient":""}},"ast-content-background-meta":{"desktop":{"background-color":"var(--ast-global-color-4)","background-image":"","background-repeat":"repeat","background-position":"center center","background-size":"auto","background-attachment":"scroll","background-type":"","background-media":"","overlay-type":"","overlay-color":"","overlay-opacity":"","overlay-gradient":""},"tablet":{"background-color":"var(--ast-global-color-4)","background-image":"","background-repeat":"repeat","background-position":"center center","background-size":"auto","background-attachment":"scroll","background-type":"","background-media":"","overlay-type":"","overlay-color":"","overlay-opacity":"","overlay-gradient":""},"mobile":{"background-color":"var(--ast-global-color-4)","background-image":"","background-repeat":"repeat","background-position":"center center","background-size":"auto","background-attachment":"scroll","background-type":"","background-media":"","overlay-type":"","overlay-color":"","overlay-opacity":"","overlay-gradient":""}}},"product_brand":[],"product_cat":[861,856],"product_tag":[866,857,867,864,865,863],"class_list":{"0":"post-191063","1":"product","2":"type-product","3":"status-publish","4":"has-post-thumbnail","6":"product_cat-asha","7":"product_cat-kimona","8":"product_tag-kimona","9":"product_tag-kimono","10":"product_tag-kimono-damskie","11":"product_tag-kimono-dla-kobiet","12":"product_tag-odziez-kobieca","13":"product_tag-ubranie","14":"desktop-align-left","15":"tablet-align-left","16":"mobile-align-left","18":"first","19":"instock","20":"taxable","21":"shipping-taxable","22":"purchasable","23":"product-type-simple"},"acf":[],"yoast_head":"<!-- This site is optimized with the Yoast SEO plugin v27.4 - https:\/\/yoast.com\/product\/yoast-seo-wordpress\/ -->\n<title>KIMONO ASHA \u2022 projekt Joga Pi\u0119kna \u2022 druk turkus<\/title>\n<meta name=\"description\" content=\"Doskonale dopasowane, aksamitnie mi\u0119kkie, dodaj\u0105ce wewn\u0119trznej mocy. Takie w\u0142a\u015bnie jest KIMONO ASHA zaprojektowane przez Mart\u0119 Kuci\u0144sk\u0105. Jego nazwa w j\u0119zyku hindi oznacza NADZIEJ\u0118.\" \/>\n<meta name=\"robots\" content=\"index, follow, max-snippet:-1, max-image-preview:large, max-video-preview:-1\" \/>\n<link rel=\"canonical\" href=\"https:\/\/jogapiekna.com\/en\/product\/kimono-asha-projekt-joga-piekna-druk-turkus\/\" \/>\n<meta property=\"og:locale\" content=\"en_GB\" \/>\n<meta property=\"og:type\" content=\"article\" \/>\n<meta property=\"og:title\" content=\"KIMONO ASHA \u2022 projekt Joga Pi\u0119kna \u2022 druk turkus\" \/>\n<meta property=\"og:description\" content=\"Doskonale dopasowane, aksamitnie mi\u0119kkie, dodaj\u0105ce wewn\u0119trznej mocy. Takie w\u0142a\u015bnie jest KIMONO ASHA zaprojektowane przez Mart\u0119 Kuci\u0144sk\u0105. Jego nazwa w j\u0119zyku hindi oznacza NADZIEJ\u0118.\" \/>\n<meta property=\"og:url\" content=\"https:\/\/jogapiekna.com\/en\/product\/kimono-asha-projekt-joga-piekna-druk-turkus\/\" \/>\n<meta property=\"og:site_name\" content=\"JOGA PI\u0118KNA | Joga Twarzy\" \/>\n<meta property=\"article:publisher\" content=\"https:\/\/www.facebook.com\/JogaPieknaCom\/\" \/>\n<meta property=\"article:modified_time\" content=\"2026-04-02T09:23:22+00:00\" \/>\n<meta property=\"og:image\" content=\"https:\/\/jogapiekna.com\/wp-content\/uploads\/2025\/03\/kimono-asha-pomaraczowe_01.jpg\" \/>\n\t<meta property=\"og:image:width\" content=\"1000\" \/>\n\t<meta property=\"og:image:height\" content=\"1000\" \/>\n\t<meta property=\"og:image:type\" content=\"image\/jpeg\" \/>\n<meta name=\"twitter:card\" content=\"summary_large_image\" \/>\n<meta name=\"twitter:label1\" content=\"Estimated reading time\" \/>\n\t<meta name=\"twitter:data1\" content=\"4 minutes\" \/>\n<script type=\"application\/ld+json\" class=\"yoast-schema-graph\">{\"@context\":\"https:\\\/\\\/schema.org\",\"@graph\":[{\"@type\":\"WebPage\",\"@id\":\"https:\\\/\\\/jogapiekna.com\\\/produkt\\\/kimono-asha-projekt-joga-piekna-druk-turkus\\\/\",\"url\":\"https:\\\/\\\/jogapiekna.com\\\/produkt\\\/kimono-asha-projekt-joga-piekna-druk-turkus\\\/\",\"name\":\"KIMONO ASHA \u2022 projekt Joga Pi\u0119kna \u2022 druk turkus\",\"isPartOf\":{\"@id\":\"https:\\\/\\\/jogapiekna.com\\\/#website\"},\"primaryImageOfPage\":{\"@id\":\"https:\\\/\\\/jogapiekna.com\\\/produkt\\\/kimono-asha-projekt-joga-piekna-druk-turkus\\\/#primaryimage\"},\"image\":{\"@id\":\"https:\\\/\\\/jogapiekna.com\\\/produkt\\\/kimono-asha-projekt-joga-piekna-druk-turkus\\\/#primaryimage\"},\"thumbnailUrl\":\"https:\\\/\\\/jogapiekna.com\\\/wp-content\\\/uploads\\\/2025\\\/03\\\/kimono-asha-pomaraczowe_01.jpg\",\"datePublished\":\"2025-03-10T11:27:59+00:00\",\"dateModified\":\"2026-04-02T09:23:22+00:00\",\"description\":\"Doskonale dopasowane, aksamitnie mi\u0119kkie, dodaj\u0105ce wewn\u0119trznej mocy. Takie w\u0142a\u015bnie jest KIMONO ASHA zaprojektowane przez Mart\u0119 Kuci\u0144sk\u0105. Jego nazwa w j\u0119zyku hindi oznacza NADZIEJ\u0118.\",\"breadcrumb\":{\"@id\":\"https:\\\/\\\/jogapiekna.com\\\/produkt\\\/kimono-asha-projekt-joga-piekna-druk-turkus\\\/#breadcrumb\"},\"inLanguage\":\"en-GB\",\"potentialAction\":[{\"@type\":\"ReadAction\",\"target\":[\"https:\\\/\\\/jogapiekna.com\\\/produkt\\\/kimono-asha-projekt-joga-piekna-druk-turkus\\\/\"]}]},{\"@type\":\"ImageObject\",\"inLanguage\":\"en-GB\",\"@id\":\"https:\\\/\\\/jogapiekna.com\\\/produkt\\\/kimono-asha-projekt-joga-piekna-druk-turkus\\\/#primaryimage\",\"url\":\"https:\\\/\\\/jogapiekna.com\\\/wp-content\\\/uploads\\\/2025\\\/03\\\/kimono-asha-pomaraczowe_01.jpg\",\"contentUrl\":\"https:\\\/\\\/jogapiekna.com\\\/wp-content\\\/uploads\\\/2025\\\/03\\\/kimono-asha-pomaraczowe_01.jpg\",\"width\":1000,\"height\":1000,\"caption\":\"KIMONO ASHA \u2022 projekt Joga Pi\u0119kna\"},{\"@type\":\"BreadcrumbList\",\"@id\":\"https:\\\/\\\/jogapiekna.com\\\/produkt\\\/kimono-asha-projekt-joga-piekna-druk-turkus\\\/#breadcrumb\",\"itemListElement\":[{\"@type\":\"ListItem\",\"position\":1,\"name\":\"Strona g\u0142\u00f3wna\",\"item\":\"https:\\\/\\\/jogapiekna.com\\\/\"},{\"@type\":\"ListItem\",\"position\":2,\"name\":\"Sklep\",\"item\":\"https:\\\/\\\/jogapiekna.com\\\/sklep\\\/\"},{\"@type\":\"ListItem\",\"position\":3,\"name\":\"KIMONO ASHA \u2022 projekt Joga Pi\u0119kna \u2022 druk turkus\"}]},{\"@type\":\"WebSite\",\"@id\":\"https:\\\/\\\/jogapiekna.com\\\/#website\",\"url\":\"https:\\\/\\\/jogapiekna.com\\\/\",\"name\":\"Joga Pi\u0119kna Marta Kuci\u0144ska\",\"description\":\"Joga Pi\u0119kna pomaga kobietom zachowa\u0107 urod\u0119, cofn\u0105\u0107 oznaki up\u0142ywaj\u0105cego czasu i zm\u0119czenia, odzyska\u0107 promienny wygl\u0105d, naturalny u\u015bmiech i popraw\u0119 w\u0142asnej samooceny.\",\"publisher\":{\"@id\":\"https:\\\/\\\/jogapiekna.com\\\/#organization\"},\"potentialAction\":[{\"@type\":\"SearchAction\",\"target\":{\"@type\":\"EntryPoint\",\"urlTemplate\":\"https:\\\/\\\/jogapiekna.com\\\/?s={search_term_string}\"},\"query-input\":{\"@type\":\"PropertyValueSpecification\",\"valueRequired\":true,\"valueName\":\"search_term_string\"}}],\"inLanguage\":\"en-GB\"},{\"@type\":\"Organization\",\"@id\":\"https:\\\/\\\/jogapiekna.com\\\/#organization\",\"name\":\"Joga Pi\u0119kna Marta Kuci\u0144ska\",\"url\":\"https:\\\/\\\/jogapiekna.com\\\/\",\"logo\":{\"@type\":\"ImageObject\",\"inLanguage\":\"en-GB\",\"@id\":\"https:\\\/\\\/jogapiekna.com\\\/#\\\/schema\\\/logo\\\/image\\\/\",\"url\":\"https:\\\/\\\/jogapiekna.com\\\/wp-content\\\/uploads\\\/2022\\\/09\\\/joga-piekna-logo_Rka.png\",\"contentUrl\":\"https:\\\/\\\/jogapiekna.com\\\/wp-content\\\/uploads\\\/2022\\\/09\\\/joga-piekna-logo_Rka.png\",\"width\":231,\"height\":124,\"caption\":\"Joga Pi\u0119kna Marta Kuci\u0144ska\"},\"image\":{\"@id\":\"https:\\\/\\\/jogapiekna.com\\\/#\\\/schema\\\/logo\\\/image\\\/\"},\"sameAs\":[\"https:\\\/\\\/www.facebook.com\\\/JogaPieknaCom\\\/\",\"https:\\\/\\\/www.instagram.com\\\/jogapieknacom\\\/\"]}]}<\/script>\n<!-- \/ Yoast SEO plugin. -->","yoast_head_json":{"title":"KIMONO ASHA - Yoga Beauty project - turquoise print","description":"Doskonale dopasowane, aksamitnie mi\u0119kkie, dodaj\u0105ce wewn\u0119trznej mocy. Takie w\u0142a\u015bnie jest KIMONO ASHA zaprojektowane przez Mart\u0119 Kuci\u0144sk\u0105. Jego nazwa w j\u0119zyku hindi oznacza NADZIEJ\u0118.","robots":{"index":"index","follow":"follow","max-snippet":"max-snippet:-1","max-image-preview":"max-image-preview:large","max-video-preview":"max-video-preview:-1"},"canonical":"https:\/\/jogapiekna.com\/en\/product\/kimono-asha-projekt-joga-piekna-druk-turkus\/","og_locale":"en_GB","og_type":"article","og_title":"KIMONO ASHA \u2022 projekt Joga Pi\u0119kna \u2022 druk turkus","og_description":"Doskonale dopasowane, aksamitnie mi\u0119kkie, dodaj\u0105ce wewn\u0119trznej mocy. Takie w\u0142a\u015bnie jest KIMONO ASHA zaprojektowane przez Mart\u0119 Kuci\u0144sk\u0105. Jego nazwa w j\u0119zyku hindi oznacza NADZIEJ\u0118.","og_url":"https:\/\/jogapiekna.com\/en\/product\/kimono-asha-projekt-joga-piekna-druk-turkus\/","og_site_name":"JOGA PI\u0118KNA | Joga Twarzy","article_publisher":"https:\/\/www.facebook.com\/JogaPieknaCom\/","article_modified_time":"2026-04-02T09:23:22+00:00","og_image":[{"width":1000,"height":1000,"url":"https:\/\/jogapiekna.com\/wp-content\/uploads\/2025\/03\/kimono-asha-pomaraczowe_01.jpg","type":"image\/jpeg"}],"twitter_card":"summary_large_image","twitter_misc":{"Estimated reading time":"4 minutes"},"schema":{"@context":"https:\/\/schema.org","@graph":[{"@type":"WebPage","@id":"https:\/\/jogapiekna.com\/produkt\/kimono-asha-projekt-joga-piekna-druk-turkus\/","url":"https:\/\/jogapiekna.com\/produkt\/kimono-asha-projekt-joga-piekna-druk-turkus\/","name":"KIMONO ASHA - Yoga Beauty project - turquoise print","isPartOf":{"@id":"https:\/\/jogapiekna.com\/#website"},"primaryImageOfPage":{"@id":"https:\/\/jogapiekna.com\/produkt\/kimono-asha-projekt-joga-piekna-druk-turkus\/#primaryimage"},"image":{"@id":"https:\/\/jogapiekna.com\/produkt\/kimono-asha-projekt-joga-piekna-druk-turkus\/#primaryimage"},"thumbnailUrl":"https:\/\/jogapiekna.com\/wp-content\/uploads\/2025\/03\/kimono-asha-pomaraczowe_01.jpg","datePublished":"2025-03-10T11:27:59+00:00","dateModified":"2026-04-02T09:23:22+00:00","description":"Doskonale dopasowane, aksamitnie mi\u0119kkie, dodaj\u0105ce wewn\u0119trznej mocy. Takie w\u0142a\u015bnie jest KIMONO ASHA zaprojektowane przez Mart\u0119 Kuci\u0144sk\u0105. Jego nazwa w j\u0119zyku hindi oznacza NADZIEJ\u0118.","breadcrumb":{"@id":"https:\/\/jogapiekna.com\/produkt\/kimono-asha-projekt-joga-piekna-druk-turkus\/#breadcrumb"},"inLanguage":"en-GB","potentialAction":[{"@type":"ReadAction","target":["https:\/\/jogapiekna.com\/produkt\/kimono-asha-projekt-joga-piekna-druk-turkus\/"]}]},{"@type":"ImageObject","inLanguage":"en-GB","@id":"https:\/\/jogapiekna.com\/produkt\/kimono-asha-projekt-joga-piekna-druk-turkus\/#primaryimage","url":"https:\/\/jogapiekna.com\/wp-content\/uploads\/2025\/03\/kimono-asha-pomaraczowe_01.jpg","contentUrl":"https:\/\/jogapiekna.com\/wp-content\/uploads\/2025\/03\/kimono-asha-pomaraczowe_01.jpg","width":1000,"height":1000,"caption":"KIMONO ASHA \u2022 projekt Joga Pi\u0119kna"},{"@type":"BreadcrumbList","@id":"https:\/\/jogapiekna.com\/produkt\/kimono-asha-projekt-joga-piekna-druk-turkus\/#breadcrumb","itemListElement":[{"@type":"ListItem","position":1,"name":"Strona g\u0142\u00f3wna","item":"https:\/\/jogapiekna.com\/"},{"@type":"ListItem","position":2,"name":"Sklep","item":"https:\/\/jogapiekna.com\/sklep\/"},{"@type":"ListItem","position":3,"name":"KIMONO ASHA \u2022 projekt Joga Pi\u0119kna \u2022 druk turkus"}]},{"@type":"WebSite","@id":"https:\/\/jogapiekna.com\/#website","url":"https:\/\/jogapiekna.com\/","name":"Yoga Beauty Marta Kuci\u0144ska","description":"Beauty Yoga helps women to maintain their beauty, reverse the signs of passing time and fatigue, regain a radiant appearance, natural smile and improve their self-esteem.","publisher":{"@id":"https:\/\/jogapiekna.com\/#organization"},"potentialAction":[{"@type":"SearchAction","target":{"@type":"EntryPoint","urlTemplate":"https:\/\/jogapiekna.com\/?s={search_term_string}"},"query-input":{"@type":"PropertyValueSpecification","valueRequired":true,"valueName":"search_term_string"}}],"inLanguage":"en-GB"},{"@type":"Organization","@id":"https:\/\/jogapiekna.com\/#organization","name":"Yoga Beauty Marta Kuci\u0144ska","url":"https:\/\/jogapiekna.com\/","logo":{"@type":"ImageObject","inLanguage":"en-GB","@id":"https:\/\/jogapiekna.com\/#\/schema\/logo\/image\/","url":"https:\/\/jogapiekna.com\/wp-content\/uploads\/2022\/09\/joga-piekna-logo_Rka.png","contentUrl":"https:\/\/jogapiekna.com\/wp-content\/uploads\/2022\/09\/joga-piekna-logo_Rka.png","width":231,"height":124,"caption":"Joga Pi\u0119kna Marta Kuci\u0144ska"},"image":{"@id":"https:\/\/jogapiekna.com\/#\/schema\/logo\/image\/"},"sameAs":["https:\/\/www.facebook.com\/JogaPieknaCom\/","https:\/\/www.instagram.com\/jogapieknacom\/"]}]}},"_links":{"self":[{"href":"https:\/\/jogapiekna.com\/en\/wp-json\/wp\/v2\/product\/191063","targetHints":{"allow":["GET"]}}],"collection":[{"href":"https:\/\/jogapiekna.com\/en\/wp-json\/wp\/v2\/product"}],"about":[{"href":"https:\/\/jogapiekna.com\/en\/wp-json\/wp\/v2\/types\/product"}],"replies":[{"embeddable":true,"href":"https:\/\/jogapiekna.com\/en\/wp-json\/wp\/v2\/comments?post=191063"}],"version-history":[{"count":2,"href":"https:\/\/jogapiekna.com\/en\/wp-json\/wp\/v2\/product\/191063\/revisions"}],"predecessor-version":[{"id":217260,"href":"https:\/\/jogapiekna.com\/en\/wp-json\/wp\/v2\/product\/191063\/revisions\/217260"}],"wp:featuredmedia":[{"embeddable":true,"href":"https:\/\/jogapiekna.com\/en\/wp-json\/wp\/v2\/media\/190685"}],"wp:attachment":[{"href":"https:\/\/jogapiekna.com\/en\/wp-json\/wp\/v2\/media?parent=191063"}],"wp:term":[{"taxonomy":"product_brand","embeddable":true,"href":"https:\/\/jogapiekna.com\/en\/wp-json\/wp\/v2\/product_brand?post=191063"},{"taxonomy":"product_cat","embeddable":true,"href":"https:\/\/jogapiekna.com\/en\/wp-json\/wp\/v2\/product_cat?post=191063"},{"taxonomy":"product_tag","embeddable":true,"href":"https:\/\/jogapiekna.com\/en\/wp-json\/wp\/v2\/product_tag?post=191063"}],"curies":[{"name":"wp","href":"https:\/\/api.w.org\/{rel}","templated":true}]}}