{"id":195075,"date":"2025-04-23T02:04:55","date_gmt":"2025-04-23T00:04:55","guid":{"rendered":"https:\/\/jogapiekna.com\/?post_type=product&#038;p=195075"},"modified":"2026-02-02T10:01:48","modified_gmt":"2026-02-02T09:01:48","slug":"olejek-eteryczny-doterra-aromatouch-mieszanka-olejkow-eterycznych-do-masazu-5-ml","status":"publish","type":"product","link":"https:\/\/jogapiekna.com\/en\/product\/olejek-eteryczny-doterra-aromatouch-mieszanka-olejkow-eterycznych-do-masazu-5-ml\/","title":{"rendered":"doTERRA essential oil - AromaTouch - Massage essential oil blend - 5 ml"},"content":{"rendered":"<p>AromaTouch is a proprietary blend of essential oils by d\u014dTERRA, specifically developed for relaxation massage. The unique composition of natural extracts of cypress, peppermint, marjoram, basil, grapefruit and lavender promotes relaxation, soothes the senses and restores feelings of balance. The product is a key component of the proprietary AromaTouch Technique massage technique, which combines aromatherapy with touch for a deep, harmonious whole-body experience.<\/p>\n<p><strong>Ingredients:<\/strong><br \/>\nNatural essential oils: cypress, peppermint, marjoram leaf, basil leaf, grapefruit peel, lavender flower.<\/p>\n<p><strong>Aroma:<\/strong><br \/>\nClean, fresh, minty with a powdery note - perfect for relaxing and refreshing the senses.<\/p>\n<p><strong>Benefits of use:<\/strong><br \/>\n\u2714\ufe0f Promotes relaxation and tension reduction<br \/>\n\u2714\ufe0f Facilitates deep, calm breathing<br \/>\n\u2714\ufe0f Adds an aromatic dimension to the massage<br \/>\n\u2714\ufe0f Ideal for massage, bathing and skin care<\/p>\n<p><strong>Using:<\/strong><br \/>\n\ud83d\udd39 Massage: Dilute 5 drops in 10 ml carrier oil and apply to the neck, shoulders or back.<br \/>\n\ud83d\udd39 Bath: combine 5 drops with 5 ml carrier oil and add to Epsom salt.<br \/>\n\ud83d\udd39 Perfume the skin: mix 1 drop with 10 drops of base oil and apply to wrists or d\u00e9collet\u00e9.<br \/>\n\ud83d\udd39 Hand massage: Use the AromaTouch technique to relax yourself or a loved one.<\/p>\n<p><strong>Precautions:<\/strong><br \/>\nProduct intended for external use only. May cause skin irritation. Avoid contact with eyes, inside of ears and sensitive areas of the body. Keep out of reach of children. Do not use without consulting a doctor during pregnancy, lactation or drug treatment. Avoid exposure to sun and UV rays for at least 12 hours after application.<\/p>\n<p><strong>All doTERRA oils are clean and safe. They are certified CPTG (Certified Pure Therapeutic Grade\u00ae) - certified pure therapeutic grade.<\/strong> They can be safely used internally, lubricated the body, and inhaled.<\/p>\n<p><strong>CPTG-Certified Pure Therapeutic Grade (ACKT-Certified Pure therapeutic Grade)<\/strong> doTERRA oils, which makes it absolutely safe to use oils orally (those intended for internal use), as well as in small children.<\/p>\n<p>What does such a certificate mean?<\/p>\n<ul>\n<li>quality without pesticides and heavy metals,<\/li>\n<li>no artificial colors or fillers,<\/li>\n<li>kontrolowane uprawy na obszarach, gdzie naturalnie wyst\u0119puje dana ro\u015blina i zbieranie jej w optymalnym momencie<\/li>\n<li>brak domieszek olejk\u00f3w z innych ro\u015blinnych<\/li>\n<li>brak domieszek olejk\u00f3w syntetycznych<\/li>\n<\/ul>","protected":false},"excerpt":{"rendered":"<p>5 ml<\/p>","protected":false},"featured_media":195076,"comment_status":"closed","ping_status":"closed","template":"","meta":{"_acf_changed":false,"site-sidebar-layout":"default","site-content-layout":"","ast-site-content-layout":"default","site-content-style":"default","site-sidebar-style":"default","ast-global-header-display":"","ast-banner-title-visibility":"","ast-main-header-display":"","ast-hfb-above-header-display":"","ast-hfb-below-header-display":"","ast-hfb-mobile-header-display":"","site-post-title":"","ast-breadcrumbs-content":"","ast-featured-img":"","footer-sml-layout":"","ast-disable-related-posts":"","theme-transparent-header-meta":"","adv-header-id-meta":"","stick-header-meta":"","header-above-stick-meta":"","header-main-stick-meta":"","header-below-stick-meta":"","astra-migrate-meta-layouts":"default","ast-page-background-enabled":"default","ast-page-background-meta":{"desktop":{"background-color":"var(--ast-global-color-5)","background-image":"","background-repeat":"repeat","background-position":"center center","background-size":"auto","background-attachment":"scroll","background-type":"","background-media":"","overlay-type":"","overlay-color":"","overlay-opacity":"","overlay-gradient":""},"tablet":{"background-color":"","background-image":"","background-repeat":"repeat","background-position":"center center","background-size":"auto","background-attachment":"scroll","background-type":"","background-media":"","overlay-type":"","overlay-color":"","overlay-opacity":"","overlay-gradient":""},"mobile":{"background-color":"","background-image":"","background-repeat":"repeat","background-position":"center center","background-size":"auto","background-attachment":"scroll","background-type":"","background-media":"","overlay-type":"","overlay-color":"","overlay-opacity":"","overlay-gradient":""}},"ast-content-background-meta":{"desktop":{"background-color":"var(--ast-global-color-4)","background-image":"","background-repeat":"repeat","background-position":"center center","background-size":"auto","background-attachment":"scroll","background-type":"","background-media":"","overlay-type":"","overlay-color":"","overlay-opacity":"","overlay-gradient":""},"tablet":{"background-color":"var(--ast-global-color-4)","background-image":"","background-repeat":"repeat","background-position":"center center","background-size":"auto","background-attachment":"scroll","background-type":"","background-media":"","overlay-type":"","overlay-color":"","overlay-opacity":"","overlay-gradient":""},"mobile":{"background-color":"var(--ast-global-color-4)","background-image":"","background-repeat":"repeat","background-position":"center center","background-size":"auto","background-attachment":"scroll","background-type":"","background-media":"","overlay-type":"","overlay-color":"","overlay-opacity":"","overlay-gradient":""}}},"product_brand":[],"product_cat":[642],"product_tag":[157,144,57],"class_list":{"0":"post-195075","1":"product","2":"type-product","3":"status-publish","4":"has-post-thumbnail","6":"product_cat-olejki-eteryczne","7":"product_tag-aromaterapia","8":"product_tag-doterra","9":"product_tag-olejek-eteryczny","10":"desktop-align-left","11":"tablet-align-left","12":"mobile-align-left","14":"first","15":"instock","16":"taxable","17":"shipping-taxable","18":"purchasable","19":"product-type-simple"},"acf":[],"yoast_head":"<!-- This site is optimized with the Yoast SEO plugin v27.2 - https:\/\/yoast.com\/product\/yoast-seo-wordpress\/ -->\n<title>OLEJEK eteryczny doTERRA \u2022 AromaTouch \u2022 Mieszanka olejk\u00f3w eterycznych do masa\u017cu \u2022 5 ml<\/title>\n<meta name=\"description\" content=\"AromaTouch to autorska mieszanka olejk\u00f3w eterycznych marki d\u014dTERRA, opracowana specjalnie z my\u015bl\u0105 o masa\u017cu relaksacyjnym. Unikalna kompozycja naturalnych ekstrakt\u00f3w z cyprysa, mi\u0119ty pieprzowej, majeranku, bazylii, grejpfruta i lawendy wspiera odpr\u0119\u017cenie, koi zmys\u0142y i przywraca uczucie r\u00f3wnowagi.\" \/>\n<meta name=\"robots\" content=\"index, follow, max-snippet:-1, max-image-preview:large, max-video-preview:-1\" \/>\n<link rel=\"canonical\" href=\"https:\/\/jogapiekna.com\/en\/product\/olejek-eteryczny-doterra-aromatouch-mieszanka-olejkow-eterycznych-do-masazu-5-ml\/\" \/>\n<meta property=\"og:locale\" content=\"en_GB\" \/>\n<meta property=\"og:type\" content=\"article\" \/>\n<meta property=\"og:title\" content=\"OLEJEK eteryczny doTERRA \u2022 AromaTouch \u2022 Mieszanka olejk\u00f3w eterycznych do masa\u017cu \u2022 5 ml\" \/>\n<meta property=\"og:description\" content=\"AromaTouch to autorska mieszanka olejk\u00f3w eterycznych marki d\u014dTERRA, opracowana specjalnie z my\u015bl\u0105 o masa\u017cu relaksacyjnym. Unikalna kompozycja naturalnych ekstrakt\u00f3w z cyprysa, mi\u0119ty pieprzowej, majeranku, bazylii, grejpfruta i lawendy wspiera odpr\u0119\u017cenie, koi zmys\u0142y i przywraca uczucie r\u00f3wnowagi.\" \/>\n<meta property=\"og:url\" content=\"https:\/\/jogapiekna.com\/en\/product\/olejek-eteryczny-doterra-aromatouch-mieszanka-olejkow-eterycznych-do-masazu-5-ml\/\" \/>\n<meta property=\"og:site_name\" content=\"JOGA PI\u0118KNA | Joga Twarzy\" \/>\n<meta property=\"article:publisher\" content=\"https:\/\/www.facebook.com\/JogaPieknaCom\/\" \/>\n<meta property=\"article:modified_time\" content=\"2026-02-02T09:01:48+00:00\" \/>\n<meta property=\"og:image\" content=\"https:\/\/jogapiekna.com\/wp-content\/uploads\/2025\/04\/olejek-eteryczny-doterra-aromatouch-mieszanka-olejkow-eterycznych-do-masazu-5-ml.jpg\" \/>\n\t<meta property=\"og:image:width\" content=\"1000\" \/>\n\t<meta property=\"og:image:height\" content=\"1000\" \/>\n\t<meta property=\"og:image:type\" content=\"image\/jpeg\" \/>\n<meta name=\"twitter:card\" content=\"summary_large_image\" \/>\n<meta name=\"twitter:label1\" content=\"Estimated reading time\" \/>\n\t<meta name=\"twitter:data1\" content=\"3 minutes\" \/>\n<script type=\"application\/ld+json\" class=\"yoast-schema-graph\">{\"@context\":\"https:\/\/schema.org\",\"@graph\":[{\"@type\":\"WebPage\",\"@id\":\"https:\/\/jogapiekna.com\/produkt\/olejek-eteryczny-doterra-aromatouch-mieszanka-olejkow-eterycznych-do-masazu-5-ml\/\",\"url\":\"https:\/\/jogapiekna.com\/produkt\/olejek-eteryczny-doterra-aromatouch-mieszanka-olejkow-eterycznych-do-masazu-5-ml\/\",\"name\":\"OLEJEK eteryczny doTERRA \u2022 AromaTouch \u2022 Mieszanka olejk\u00f3w eterycznych do masa\u017cu \u2022 5 ml\",\"isPartOf\":{\"@id\":\"https:\/\/jogapiekna.com\/#website\"},\"primaryImageOfPage\":{\"@id\":\"https:\/\/jogapiekna.com\/produkt\/olejek-eteryczny-doterra-aromatouch-mieszanka-olejkow-eterycznych-do-masazu-5-ml\/#primaryimage\"},\"image\":{\"@id\":\"https:\/\/jogapiekna.com\/produkt\/olejek-eteryczny-doterra-aromatouch-mieszanka-olejkow-eterycznych-do-masazu-5-ml\/#primaryimage\"},\"thumbnailUrl\":\"https:\/\/jogapiekna.com\/wp-content\/uploads\/2025\/04\/olejek-eteryczny-doterra-aromatouch-mieszanka-olejkow-eterycznych-do-masazu-5-ml.jpg\",\"datePublished\":\"2025-04-23T00:04:55+00:00\",\"dateModified\":\"2026-02-02T09:01:48+00:00\",\"description\":\"AromaTouch to autorska mieszanka olejk\u00f3w eterycznych marki d\u014dTERRA, opracowana specjalnie z my\u015bl\u0105 o masa\u017cu relaksacyjnym. Unikalna kompozycja naturalnych ekstrakt\u00f3w z cyprysa, mi\u0119ty pieprzowej, majeranku, bazylii, grejpfruta i lawendy wspiera odpr\u0119\u017cenie, koi zmys\u0142y i przywraca uczucie r\u00f3wnowagi.\",\"breadcrumb\":{\"@id\":\"https:\/\/jogapiekna.com\/produkt\/olejek-eteryczny-doterra-aromatouch-mieszanka-olejkow-eterycznych-do-masazu-5-ml\/#breadcrumb\"},\"inLanguage\":\"en-GB\",\"potentialAction\":[{\"@type\":\"ReadAction\",\"target\":[\"https:\/\/jogapiekna.com\/produkt\/olejek-eteryczny-doterra-aromatouch-mieszanka-olejkow-eterycznych-do-masazu-5-ml\/\"]}]},{\"@type\":\"ImageObject\",\"inLanguage\":\"en-GB\",\"@id\":\"https:\/\/jogapiekna.com\/produkt\/olejek-eteryczny-doterra-aromatouch-mieszanka-olejkow-eterycznych-do-masazu-5-ml\/#primaryimage\",\"url\":\"https:\/\/jogapiekna.com\/wp-content\/uploads\/2025\/04\/olejek-eteryczny-doterra-aromatouch-mieszanka-olejkow-eterycznych-do-masazu-5-ml.jpg\",\"contentUrl\":\"https:\/\/jogapiekna.com\/wp-content\/uploads\/2025\/04\/olejek-eteryczny-doterra-aromatouch-mieszanka-olejkow-eterycznych-do-masazu-5-ml.jpg\",\"width\":1000,\"height\":1000,\"caption\":\"OLEJEK eteryczny doTERRA \u2022 AromaTouch \u2022 Mieszanka olejk\u00f3w eterycznych do masa\u017cu \u2022 5 ml\"},{\"@type\":\"BreadcrumbList\",\"@id\":\"https:\/\/jogapiekna.com\/produkt\/olejek-eteryczny-doterra-aromatouch-mieszanka-olejkow-eterycznych-do-masazu-5-ml\/#breadcrumb\",\"itemListElement\":[{\"@type\":\"ListItem\",\"position\":1,\"name\":\"Strona g\u0142\u00f3wna\",\"item\":\"https:\/\/jogapiekna.com\/\"},{\"@type\":\"ListItem\",\"position\":2,\"name\":\"Sklep\",\"item\":\"https:\/\/jogapiekna.com\/sklep\/\"},{\"@type\":\"ListItem\",\"position\":3,\"name\":\"OLEJEK eteryczny doTERRA \u2022 AromaTouch \u2022 Mieszanka olejk\u00f3w eterycznych do masa\u017cu \u2022 5 ml\"}]},{\"@type\":\"WebSite\",\"@id\":\"https:\/\/jogapiekna.com\/#website\",\"url\":\"https:\/\/jogapiekna.com\/\",\"name\":\"Joga Pi\u0119kna Marta Kuci\u0144ska\",\"description\":\"Joga Pi\u0119kna pomaga kobietom zachowa\u0107 urod\u0119, cofn\u0105\u0107 oznaki up\u0142ywaj\u0105cego czasu i zm\u0119czenia, odzyska\u0107 promienny wygl\u0105d, naturalny u\u015bmiech i popraw\u0119 w\u0142asnej samooceny.\",\"publisher\":{\"@id\":\"https:\/\/jogapiekna.com\/#organization\"},\"potentialAction\":[{\"@type\":\"SearchAction\",\"target\":{\"@type\":\"EntryPoint\",\"urlTemplate\":\"https:\/\/jogapiekna.com\/?s={search_term_string}\"},\"query-input\":{\"@type\":\"PropertyValueSpecification\",\"valueRequired\":true,\"valueName\":\"search_term_string\"}}],\"inLanguage\":\"en-GB\"},{\"@type\":\"Organization\",\"@id\":\"https:\/\/jogapiekna.com\/#organization\",\"name\":\"Joga Pi\u0119kna Marta Kuci\u0144ska\",\"url\":\"https:\/\/jogapiekna.com\/\",\"logo\":{\"@type\":\"ImageObject\",\"inLanguage\":\"en-GB\",\"@id\":\"https:\/\/jogapiekna.com\/#\/schema\/logo\/image\/\",\"url\":\"https:\/\/jogapiekna.com\/wp-content\/uploads\/2022\/09\/joga-piekna-logo_Rka.png\",\"contentUrl\":\"https:\/\/jogapiekna.com\/wp-content\/uploads\/2022\/09\/joga-piekna-logo_Rka.png\",\"width\":231,\"height\":124,\"caption\":\"Joga Pi\u0119kna Marta Kuci\u0144ska\"},\"image\":{\"@id\":\"https:\/\/jogapiekna.com\/#\/schema\/logo\/image\/\"},\"sameAs\":[\"https:\/\/www.facebook.com\/JogaPieknaCom\/\",\"https:\/\/www.instagram.com\/jogapieknacom\/\"]}]}<\/script>\n<!-- \/ Yoast SEO plugin. -->","yoast_head_json":{"title":"doTERRA essential oil - AromaTouch - Massage essential oil blend - 5 ml","description":"AromaTouch to autorska mieszanka olejk\u00f3w eterycznych marki d\u014dTERRA, opracowana specjalnie z my\u015bl\u0105 o masa\u017cu relaksacyjnym. Unikalna kompozycja naturalnych ekstrakt\u00f3w z cyprysa, mi\u0119ty pieprzowej, majeranku, bazylii, grejpfruta i lawendy wspiera odpr\u0119\u017cenie, koi zmys\u0142y i przywraca uczucie r\u00f3wnowagi.","robots":{"index":"index","follow":"follow","max-snippet":"max-snippet:-1","max-image-preview":"max-image-preview:large","max-video-preview":"max-video-preview:-1"},"canonical":"https:\/\/jogapiekna.com\/en\/product\/olejek-eteryczny-doterra-aromatouch-mieszanka-olejkow-eterycznych-do-masazu-5-ml\/","og_locale":"en_GB","og_type":"article","og_title":"OLEJEK eteryczny doTERRA \u2022 AromaTouch \u2022 Mieszanka olejk\u00f3w eterycznych do masa\u017cu \u2022 5 ml","og_description":"AromaTouch to autorska mieszanka olejk\u00f3w eterycznych marki d\u014dTERRA, opracowana specjalnie z my\u015bl\u0105 o masa\u017cu relaksacyjnym. Unikalna kompozycja naturalnych ekstrakt\u00f3w z cyprysa, mi\u0119ty pieprzowej, majeranku, bazylii, grejpfruta i lawendy wspiera odpr\u0119\u017cenie, koi zmys\u0142y i przywraca uczucie r\u00f3wnowagi.","og_url":"https:\/\/jogapiekna.com\/en\/product\/olejek-eteryczny-doterra-aromatouch-mieszanka-olejkow-eterycznych-do-masazu-5-ml\/","og_site_name":"JOGA PI\u0118KNA | Joga Twarzy","article_publisher":"https:\/\/www.facebook.com\/JogaPieknaCom\/","article_modified_time":"2026-02-02T09:01:48+00:00","og_image":[{"width":1000,"height":1000,"url":"https:\/\/jogapiekna.com\/wp-content\/uploads\/2025\/04\/olejek-eteryczny-doterra-aromatouch-mieszanka-olejkow-eterycznych-do-masazu-5-ml.jpg","type":"image\/jpeg"}],"twitter_card":"summary_large_image","twitter_misc":{"Estimated reading time":"3 minutes"},"schema":{"@context":"https:\/\/schema.org","@graph":[{"@type":"WebPage","@id":"https:\/\/jogapiekna.com\/produkt\/olejek-eteryczny-doterra-aromatouch-mieszanka-olejkow-eterycznych-do-masazu-5-ml\/","url":"https:\/\/jogapiekna.com\/produkt\/olejek-eteryczny-doterra-aromatouch-mieszanka-olejkow-eterycznych-do-masazu-5-ml\/","name":"doTERRA essential oil - AromaTouch - Massage essential oil blend - 5 ml","isPartOf":{"@id":"https:\/\/jogapiekna.com\/#website"},"primaryImageOfPage":{"@id":"https:\/\/jogapiekna.com\/produkt\/olejek-eteryczny-doterra-aromatouch-mieszanka-olejkow-eterycznych-do-masazu-5-ml\/#primaryimage"},"image":{"@id":"https:\/\/jogapiekna.com\/produkt\/olejek-eteryczny-doterra-aromatouch-mieszanka-olejkow-eterycznych-do-masazu-5-ml\/#primaryimage"},"thumbnailUrl":"https:\/\/jogapiekna.com\/wp-content\/uploads\/2025\/04\/olejek-eteryczny-doterra-aromatouch-mieszanka-olejkow-eterycznych-do-masazu-5-ml.jpg","datePublished":"2025-04-23T00:04:55+00:00","dateModified":"2026-02-02T09:01:48+00:00","description":"AromaTouch to autorska mieszanka olejk\u00f3w eterycznych marki d\u014dTERRA, opracowana specjalnie z my\u015bl\u0105 o masa\u017cu relaksacyjnym. Unikalna kompozycja naturalnych ekstrakt\u00f3w z cyprysa, mi\u0119ty pieprzowej, majeranku, bazylii, grejpfruta i lawendy wspiera odpr\u0119\u017cenie, koi zmys\u0142y i przywraca uczucie r\u00f3wnowagi.","breadcrumb":{"@id":"https:\/\/jogapiekna.com\/produkt\/olejek-eteryczny-doterra-aromatouch-mieszanka-olejkow-eterycznych-do-masazu-5-ml\/#breadcrumb"},"inLanguage":"en-GB","potentialAction":[{"@type":"ReadAction","target":["https:\/\/jogapiekna.com\/produkt\/olejek-eteryczny-doterra-aromatouch-mieszanka-olejkow-eterycznych-do-masazu-5-ml\/"]}]},{"@type":"ImageObject","inLanguage":"en-GB","@id":"https:\/\/jogapiekna.com\/produkt\/olejek-eteryczny-doterra-aromatouch-mieszanka-olejkow-eterycznych-do-masazu-5-ml\/#primaryimage","url":"https:\/\/jogapiekna.com\/wp-content\/uploads\/2025\/04\/olejek-eteryczny-doterra-aromatouch-mieszanka-olejkow-eterycznych-do-masazu-5-ml.jpg","contentUrl":"https:\/\/jogapiekna.com\/wp-content\/uploads\/2025\/04\/olejek-eteryczny-doterra-aromatouch-mieszanka-olejkow-eterycznych-do-masazu-5-ml.jpg","width":1000,"height":1000,"caption":"OLEJEK eteryczny doTERRA \u2022 AromaTouch \u2022 Mieszanka olejk\u00f3w eterycznych do masa\u017cu \u2022 5 ml"},{"@type":"BreadcrumbList","@id":"https:\/\/jogapiekna.com\/produkt\/olejek-eteryczny-doterra-aromatouch-mieszanka-olejkow-eterycznych-do-masazu-5-ml\/#breadcrumb","itemListElement":[{"@type":"ListItem","position":1,"name":"Strona g\u0142\u00f3wna","item":"https:\/\/jogapiekna.com\/"},{"@type":"ListItem","position":2,"name":"Sklep","item":"https:\/\/jogapiekna.com\/sklep\/"},{"@type":"ListItem","position":3,"name":"OLEJEK eteryczny doTERRA \u2022 AromaTouch \u2022 Mieszanka olejk\u00f3w eterycznych do masa\u017cu \u2022 5 ml"}]},{"@type":"WebSite","@id":"https:\/\/jogapiekna.com\/#website","url":"https:\/\/jogapiekna.com\/","name":"Yoga Beauty Marta Kuci\u0144ska","description":"Beauty Yoga helps women to maintain their beauty, reverse the signs of passing time and fatigue, regain a radiant appearance, natural smile and improve their self-esteem.","publisher":{"@id":"https:\/\/jogapiekna.com\/#organization"},"potentialAction":[{"@type":"SearchAction","target":{"@type":"EntryPoint","urlTemplate":"https:\/\/jogapiekna.com\/?s={search_term_string}"},"query-input":{"@type":"PropertyValueSpecification","valueRequired":true,"valueName":"search_term_string"}}],"inLanguage":"en-GB"},{"@type":"Organization","@id":"https:\/\/jogapiekna.com\/#organization","name":"Yoga Beauty Marta Kuci\u0144ska","url":"https:\/\/jogapiekna.com\/","logo":{"@type":"ImageObject","inLanguage":"en-GB","@id":"https:\/\/jogapiekna.com\/#\/schema\/logo\/image\/","url":"https:\/\/jogapiekna.com\/wp-content\/uploads\/2022\/09\/joga-piekna-logo_Rka.png","contentUrl":"https:\/\/jogapiekna.com\/wp-content\/uploads\/2022\/09\/joga-piekna-logo_Rka.png","width":231,"height":124,"caption":"Joga Pi\u0119kna Marta Kuci\u0144ska"},"image":{"@id":"https:\/\/jogapiekna.com\/#\/schema\/logo\/image\/"},"sameAs":["https:\/\/www.facebook.com\/JogaPieknaCom\/","https:\/\/www.instagram.com\/jogapieknacom\/"]}]}},"_links":{"self":[{"href":"https:\/\/jogapiekna.com\/en\/wp-json\/wp\/v2\/product\/195075","targetHints":{"allow":["GET"]}}],"collection":[{"href":"https:\/\/jogapiekna.com\/en\/wp-json\/wp\/v2\/product"}],"about":[{"href":"https:\/\/jogapiekna.com\/en\/wp-json\/wp\/v2\/types\/product"}],"replies":[{"embeddable":true,"href":"https:\/\/jogapiekna.com\/en\/wp-json\/wp\/v2\/comments?post=195075"}],"version-history":[{"count":1,"href":"https:\/\/jogapiekna.com\/en\/wp-json\/wp\/v2\/product\/195075\/revisions"}],"predecessor-version":[{"id":211209,"href":"https:\/\/jogapiekna.com\/en\/wp-json\/wp\/v2\/product\/195075\/revisions\/211209"}],"wp:featuredmedia":[{"embeddable":true,"href":"https:\/\/jogapiekna.com\/en\/wp-json\/wp\/v2\/media\/195076"}],"wp:attachment":[{"href":"https:\/\/jogapiekna.com\/en\/wp-json\/wp\/v2\/media?parent=195075"}],"wp:term":[{"taxonomy":"product_brand","embeddable":true,"href":"https:\/\/jogapiekna.com\/en\/wp-json\/wp\/v2\/product_brand?post=195075"},{"taxonomy":"product_cat","embeddable":true,"href":"https:\/\/jogapiekna.com\/en\/wp-json\/wp\/v2\/product_cat?post=195075"},{"taxonomy":"product_tag","embeddable":true,"href":"https:\/\/jogapiekna.com\/en\/wp-json\/wp\/v2\/product_tag?post=195075"}],"curies":[{"name":"wp","href":"https:\/\/api.w.org\/{rel}","templated":true}]}}