{"id":195420,"date":"2025-04-27T17:48:47","date_gmt":"2025-04-27T15:48:47","guid":{"rendered":"https:\/\/jogapiekna.com\/?post_type=product&#038;p=195420"},"modified":"2026-01-28T22:04:27","modified_gmt":"2026-01-28T21:04:27","slug":"pannir-rose-serum-do-twarzy-nawilzenie-i-blask-30-ml-vanan","status":"publish","type":"product","link":"https:\/\/jogapiekna.com\/en\/product\/pannir-rose-serum-do-twarzy-nawilzenie-i-blask-30-ml-vanan\/","title":{"rendered":"Pannir Rose - facial serum - hydration and radiance - 30 ml - Vanan"},"content":{"rendered":"<p>Discover the power of Pannir Rose's rejuvenating serum, which combines HYALU-ROSA complex with hyaluronic acid and Pannir Rose to offer your skin deep hydration, revitalisation and a radiant, youthful glow. The serum is ideal for those looking for effective skin care to provide intense hydration and soothe irritated and reddened skin.<\/p>\n<p>The serum formula is based on damask rose extract, whose skin-soothing and calming properties have been recognised in traditional Ayurveda. Thanks to the high quality rose ingredients, the serum reduces redness and irritation, improving the overall appearance of the skin.In addition, hyaluronic acid combined with these natural extracts deeply hydrates the skin, helping it regain its elasticity and youthful glow.<\/p>\n<p>The serum also has a firming effect, reducing the appearance of fine lines and wrinkles. Regular use improves the texture of the skin, making it smoother, more radiant and better hydrated. The serum formula is enriched with honey to nourish the skin, restoring its natural radiance.<\/p>\n<p>Pannir Rose Serum is lightweight, absorbs quickly and is suitable for all skin types, including sensitive skin. The product does not contain harmful chemicals, making it a safe choice for daily skincare.<\/p>\n<p>&nbsp;<\/p>\n<h2>Pros:<\/h2>\n<ul>\n<li>Intensively moisturises and revitalises the skin<\/li>\n<li>Reduces redness and irritation<\/li>\n<li>Firms the skin and improves its texture<\/li>\n<li>Nourishes and gives a radiant glow<\/li>\n<li>Free from harmful chemicals<\/li>\n<\/ul>\n<p>&nbsp;<\/p>\n<h2>Using:<\/h2>\n<p>Apply a few drops of serum to cleansed face and neck. Perform a gentle massage to allow the serum to be fully absorbed. Use daily for healthy, radiant looking skin.<\/p>\n<p><strong>Container:<\/strong> 30 ml<br \/>\n<strong>Manufacturer:<\/strong> Apex Laboratories Private Limited, India<br \/>\n<strong>Country of origin:<\/strong> India<\/p>\n<p>&nbsp;<\/p>\n<h2>Composition:<\/h2>\n<p>Aqua, Rosa Damascena Flower Water, Glycerin, Sodium PCA, Sodium Hyaluronate, Rosa Damascena Flower Extract, Rosa Damascena Flower Oil, Phenoxyethanol, Niacinamide, Honey, PEG-40 Hydrogenated Castor Oil, Allantoin, Panthenol, Ethylhexylglycerin, Parfum, Disodium EDTA, Sodium Metabisulfite, Tocopheryl Acetate, Citric Acid, Benzyl Salicylate, Geraniol, Hexyl Cinnamal, Rose Flower Oil\/Extract.<\/p>\n<p>&nbsp;<\/p>\n<h3>Contraindications:<\/h3>\n<p>Do not use with hypersensitivity to the components of the drug.<\/p>\n<p><strong>Pannir Rose Facial Serum is the perfect choice for those who want to restore their skin's healthy appearance and radiance using the natural power of rose and hyaluronic acid.<\/strong><\/p>","protected":false},"excerpt":{"rendered":"<p>Pannir Rose Honey Serum is an intensely moisturising elixir that deeply penetrates the skin for hydration, radiance and a healthy appearance. The serum reduces irritation and redness, firms and revitalises the skin, leaving it soft and nourished. Ideal for daily care for dry and tired skin.<\/p>\n<p>Capacity: 30ml<\/p>","protected":false},"featured_media":195425,"comment_status":"closed","ping_status":"closed","template":"","meta":{"_acf_changed":false,"site-sidebar-layout":"default","site-content-layout":"","ast-site-content-layout":"default","site-content-style":"default","site-sidebar-style":"default","ast-global-header-display":"","ast-banner-title-visibility":"","ast-main-header-display":"","ast-hfb-above-header-display":"","ast-hfb-below-header-display":"","ast-hfb-mobile-header-display":"","site-post-title":"","ast-breadcrumbs-content":"","ast-featured-img":"","footer-sml-layout":"","ast-disable-related-posts":"","theme-transparent-header-meta":"","adv-header-id-meta":"","stick-header-meta":"","header-above-stick-meta":"","header-main-stick-meta":"","header-below-stick-meta":"","astra-migrate-meta-layouts":"default","ast-page-background-enabled":"default","ast-page-background-meta":{"desktop":{"background-color":"var(--ast-global-color-5)","background-image":"","background-repeat":"repeat","background-position":"center center","background-size":"auto","background-attachment":"scroll","background-type":"","background-media":"","overlay-type":"","overlay-color":"","overlay-opacity":"","overlay-gradient":""},"tablet":{"background-color":"","background-image":"","background-repeat":"repeat","background-position":"center center","background-size":"auto","background-attachment":"scroll","background-type":"","background-media":"","overlay-type":"","overlay-color":"","overlay-opacity":"","overlay-gradient":""},"mobile":{"background-color":"","background-image":"","background-repeat":"repeat","background-position":"center center","background-size":"auto","background-attachment":"scroll","background-type":"","background-media":"","overlay-type":"","overlay-color":"","overlay-opacity":"","overlay-gradient":""}},"ast-content-background-meta":{"desktop":{"background-color":"var(--ast-global-color-4)","background-image":"","background-repeat":"repeat","background-position":"center center","background-size":"auto","background-attachment":"scroll","background-type":"","background-media":"","overlay-type":"","overlay-color":"","overlay-opacity":"","overlay-gradient":""},"tablet":{"background-color":"var(--ast-global-color-4)","background-image":"","background-repeat":"repeat","background-position":"center center","background-size":"auto","background-attachment":"scroll","background-type":"","background-media":"","overlay-type":"","overlay-color":"","overlay-opacity":"","overlay-gradient":""},"mobile":{"background-color":"var(--ast-global-color-4)","background-image":"","background-repeat":"repeat","background-position":"center center","background-size":"auto","background-attachment":"scroll","background-type":"","background-media":"","overlay-type":"","overlay-color":"","overlay-opacity":"","overlay-gradient":""}}},"product_brand":[],"product_cat":[331],"product_tag":[860,762,782],"class_list":{"0":"post-195420","1":"product","2":"type-product","3":"status-publish","4":"has-post-thumbnail","6":"product_cat-kosmetyki","7":"product_tag-blask","8":"product_tag-nawilzenie","9":"product_tag-serum","10":"desktop-align-left","11":"tablet-align-left","12":"mobile-align-left","14":"first","15":"instock","16":"taxable","17":"shipping-taxable","18":"purchasable","19":"product-type-simple"},"acf":[],"yoast_head":"<!-- This site is optimized with the Yoast SEO plugin v27.2 - https:\/\/yoast.com\/product\/yoast-seo-wordpress\/ -->\n<title>Pannir Rose \u2022 serum do twarzy \u2022 nawil\u017cenie i blask \u2022 30 ml \u2022 Vanan<\/title>\n<meta name=\"description\" content=\"R\u00f3\u017cano-miodowe serum Pannir Rose to intensywnie nawil\u017caj\u0105cy eliksir, kt\u00f3ry g\u0142\u0119boko wnika w sk\u00f3r\u0119, zapewniaj\u0105c jej odpowiednie nawil\u017cenie, blask oraz zdrowy wygl\u0105d. Serum zmniejsza podra\u017cnienia i zaczerwienienia, uj\u0119drnia oraz rewitalizuje sk\u00f3r\u0119, pozostawiaj\u0105c j\u0105 mi\u0119kk\u0105 i od\u017cywion\u0105. Idealne do codziennej piel\u0119gnacji dla sk\u00f3ry suchej i zm\u0119czonej.\" \/>\n<meta name=\"robots\" content=\"index, follow, max-snippet:-1, max-image-preview:large, max-video-preview:-1\" \/>\n<link rel=\"canonical\" href=\"https:\/\/jogapiekna.com\/en\/product\/pannir-rose-serum-do-twarzy-nawilzenie-i-blask-30-ml-vanan\/\" \/>\n<meta property=\"og:locale\" content=\"en_GB\" \/>\n<meta property=\"og:type\" content=\"article\" \/>\n<meta property=\"og:title\" content=\"Pannir Rose \u2022 serum do twarzy \u2022 nawil\u017cenie i blask \u2022 30 ml \u2022 Vanan\" \/>\n<meta property=\"og:description\" content=\"R\u00f3\u017cano-miodowe serum Pannir Rose to intensywnie nawil\u017caj\u0105cy eliksir, kt\u00f3ry g\u0142\u0119boko wnika w sk\u00f3r\u0119, zapewniaj\u0105c jej odpowiednie nawil\u017cenie, blask oraz zdrowy wygl\u0105d. Serum zmniejsza podra\u017cnienia i zaczerwienienia, uj\u0119drnia oraz rewitalizuje sk\u00f3r\u0119, pozostawiaj\u0105c j\u0105 mi\u0119kk\u0105 i od\u017cywion\u0105. Idealne do codziennej piel\u0119gnacji dla sk\u00f3ry suchej i zm\u0119czonej.\" \/>\n<meta property=\"og:url\" content=\"https:\/\/jogapiekna.com\/en\/product\/pannir-rose-serum-do-twarzy-nawilzenie-i-blask-30-ml-vanan\/\" \/>\n<meta property=\"og:site_name\" content=\"JOGA PI\u0118KNA | Joga Twarzy\" \/>\n<meta property=\"article:publisher\" content=\"https:\/\/www.facebook.com\/JogaPieknaCom\/\" \/>\n<meta property=\"article:modified_time\" content=\"2026-01-28T21:04:27+00:00\" \/>\n<meta property=\"og:image\" content=\"https:\/\/jogapiekna.com\/wp-content\/uploads\/2025\/04\/pannir-rose-serum-do-twarzy-nawilzenie-i-blask-30-ml-vanan.jpg\" \/>\n\t<meta property=\"og:image:width\" content=\"1000\" \/>\n\t<meta property=\"og:image:height\" content=\"1000\" \/>\n\t<meta property=\"og:image:type\" content=\"image\/jpeg\" \/>\n<meta name=\"twitter:card\" content=\"summary_large_image\" \/>\n<meta name=\"twitter:label1\" content=\"Estimated reading time\" \/>\n\t<meta name=\"twitter:data1\" content=\"3 minutes\" \/>\n<script type=\"application\/ld+json\" class=\"yoast-schema-graph\">{\"@context\":\"https:\/\/schema.org\",\"@graph\":[{\"@type\":\"WebPage\",\"@id\":\"https:\/\/jogapiekna.com\/produkt\/pannir-rose-serum-do-twarzy-nawilzenie-i-blask-30-ml-vanan\/\",\"url\":\"https:\/\/jogapiekna.com\/produkt\/pannir-rose-serum-do-twarzy-nawilzenie-i-blask-30-ml-vanan\/\",\"name\":\"Pannir Rose \u2022 serum do twarzy \u2022 nawil\u017cenie i blask \u2022 30 ml \u2022 Vanan\",\"isPartOf\":{\"@id\":\"https:\/\/jogapiekna.com\/#website\"},\"primaryImageOfPage\":{\"@id\":\"https:\/\/jogapiekna.com\/produkt\/pannir-rose-serum-do-twarzy-nawilzenie-i-blask-30-ml-vanan\/#primaryimage\"},\"image\":{\"@id\":\"https:\/\/jogapiekna.com\/produkt\/pannir-rose-serum-do-twarzy-nawilzenie-i-blask-30-ml-vanan\/#primaryimage\"},\"thumbnailUrl\":\"https:\/\/jogapiekna.com\/wp-content\/uploads\/2025\/04\/pannir-rose-serum-do-twarzy-nawilzenie-i-blask-30-ml-vanan.jpg\",\"datePublished\":\"2025-04-27T15:48:47+00:00\",\"dateModified\":\"2026-01-28T21:04:27+00:00\",\"description\":\"R\u00f3\u017cano-miodowe serum Pannir Rose to intensywnie nawil\u017caj\u0105cy eliksir, kt\u00f3ry g\u0142\u0119boko wnika w sk\u00f3r\u0119, zapewniaj\u0105c jej odpowiednie nawil\u017cenie, blask oraz zdrowy wygl\u0105d. Serum zmniejsza podra\u017cnienia i zaczerwienienia, uj\u0119drnia oraz rewitalizuje sk\u00f3r\u0119, pozostawiaj\u0105c j\u0105 mi\u0119kk\u0105 i od\u017cywion\u0105. Idealne do codziennej piel\u0119gnacji dla sk\u00f3ry suchej i zm\u0119czonej.\",\"breadcrumb\":{\"@id\":\"https:\/\/jogapiekna.com\/produkt\/pannir-rose-serum-do-twarzy-nawilzenie-i-blask-30-ml-vanan\/#breadcrumb\"},\"inLanguage\":\"en-GB\",\"potentialAction\":[{\"@type\":\"ReadAction\",\"target\":[\"https:\/\/jogapiekna.com\/produkt\/pannir-rose-serum-do-twarzy-nawilzenie-i-blask-30-ml-vanan\/\"]}]},{\"@type\":\"ImageObject\",\"inLanguage\":\"en-GB\",\"@id\":\"https:\/\/jogapiekna.com\/produkt\/pannir-rose-serum-do-twarzy-nawilzenie-i-blask-30-ml-vanan\/#primaryimage\",\"url\":\"https:\/\/jogapiekna.com\/wp-content\/uploads\/2025\/04\/pannir-rose-serum-do-twarzy-nawilzenie-i-blask-30-ml-vanan.jpg\",\"contentUrl\":\"https:\/\/jogapiekna.com\/wp-content\/uploads\/2025\/04\/pannir-rose-serum-do-twarzy-nawilzenie-i-blask-30-ml-vanan.jpg\",\"width\":1000,\"height\":1000,\"caption\":\"Pannir Rose \u2022 serum do twarzy \u2022 nawil\u017cenie i blask \u2022 30 ml \u2022 Vanan\"},{\"@type\":\"BreadcrumbList\",\"@id\":\"https:\/\/jogapiekna.com\/produkt\/pannir-rose-serum-do-twarzy-nawilzenie-i-blask-30-ml-vanan\/#breadcrumb\",\"itemListElement\":[{\"@type\":\"ListItem\",\"position\":1,\"name\":\"Strona g\u0142\u00f3wna\",\"item\":\"https:\/\/jogapiekna.com\/\"},{\"@type\":\"ListItem\",\"position\":2,\"name\":\"Sklep\",\"item\":\"https:\/\/jogapiekna.com\/sklep\/\"},{\"@type\":\"ListItem\",\"position\":3,\"name\":\"Pannir Rose \u2022 serum do twarzy \u2022 nawil\u017cenie i blask \u2022 30 ml \u2022 Vanan\"}]},{\"@type\":\"WebSite\",\"@id\":\"https:\/\/jogapiekna.com\/#website\",\"url\":\"https:\/\/jogapiekna.com\/\",\"name\":\"Joga Pi\u0119kna Marta Kuci\u0144ska\",\"description\":\"Joga Pi\u0119kna pomaga kobietom zachowa\u0107 urod\u0119, cofn\u0105\u0107 oznaki up\u0142ywaj\u0105cego czasu i zm\u0119czenia, odzyska\u0107 promienny wygl\u0105d, naturalny u\u015bmiech i popraw\u0119 w\u0142asnej samooceny.\",\"publisher\":{\"@id\":\"https:\/\/jogapiekna.com\/#organization\"},\"potentialAction\":[{\"@type\":\"SearchAction\",\"target\":{\"@type\":\"EntryPoint\",\"urlTemplate\":\"https:\/\/jogapiekna.com\/?s={search_term_string}\"},\"query-input\":{\"@type\":\"PropertyValueSpecification\",\"valueRequired\":true,\"valueName\":\"search_term_string\"}}],\"inLanguage\":\"en-GB\"},{\"@type\":\"Organization\",\"@id\":\"https:\/\/jogapiekna.com\/#organization\",\"name\":\"Joga Pi\u0119kna Marta Kuci\u0144ska\",\"url\":\"https:\/\/jogapiekna.com\/\",\"logo\":{\"@type\":\"ImageObject\",\"inLanguage\":\"en-GB\",\"@id\":\"https:\/\/jogapiekna.com\/#\/schema\/logo\/image\/\",\"url\":\"https:\/\/jogapiekna.com\/wp-content\/uploads\/2022\/09\/joga-piekna-logo_Rka.png\",\"contentUrl\":\"https:\/\/jogapiekna.com\/wp-content\/uploads\/2022\/09\/joga-piekna-logo_Rka.png\",\"width\":231,\"height\":124,\"caption\":\"Joga Pi\u0119kna Marta Kuci\u0144ska\"},\"image\":{\"@id\":\"https:\/\/jogapiekna.com\/#\/schema\/logo\/image\/\"},\"sameAs\":[\"https:\/\/www.facebook.com\/JogaPieknaCom\/\",\"https:\/\/www.instagram.com\/jogapieknacom\/\"]}]}<\/script>\n<!-- \/ Yoast SEO plugin. -->","yoast_head_json":{"title":"Pannir Rose - facial serum - hydration and radiance - 30 ml - Vanan","description":"Pannir Rose Honey Serum is an intensely moisturising elixir that deeply penetrates the skin for hydration, radiance and a healthy appearance. The serum reduces irritation and redness, firms and revitalises the skin, leaving it soft and nourished. Ideal for daily care for dry and tired skin.","robots":{"index":"index","follow":"follow","max-snippet":"max-snippet:-1","max-image-preview":"max-image-preview:large","max-video-preview":"max-video-preview:-1"},"canonical":"https:\/\/jogapiekna.com\/en\/product\/pannir-rose-serum-do-twarzy-nawilzenie-i-blask-30-ml-vanan\/","og_locale":"en_GB","og_type":"article","og_title":"Pannir Rose \u2022 serum do twarzy \u2022 nawil\u017cenie i blask \u2022 30 ml \u2022 Vanan","og_description":"R\u00f3\u017cano-miodowe serum Pannir Rose to intensywnie nawil\u017caj\u0105cy eliksir, kt\u00f3ry g\u0142\u0119boko wnika w sk\u00f3r\u0119, zapewniaj\u0105c jej odpowiednie nawil\u017cenie, blask oraz zdrowy wygl\u0105d. Serum zmniejsza podra\u017cnienia i zaczerwienienia, uj\u0119drnia oraz rewitalizuje sk\u00f3r\u0119, pozostawiaj\u0105c j\u0105 mi\u0119kk\u0105 i od\u017cywion\u0105. Idealne do codziennej piel\u0119gnacji dla sk\u00f3ry suchej i zm\u0119czonej.","og_url":"https:\/\/jogapiekna.com\/en\/product\/pannir-rose-serum-do-twarzy-nawilzenie-i-blask-30-ml-vanan\/","og_site_name":"JOGA PI\u0118KNA | Joga Twarzy","article_publisher":"https:\/\/www.facebook.com\/JogaPieknaCom\/","article_modified_time":"2026-01-28T21:04:27+00:00","og_image":[{"width":1000,"height":1000,"url":"https:\/\/jogapiekna.com\/wp-content\/uploads\/2025\/04\/pannir-rose-serum-do-twarzy-nawilzenie-i-blask-30-ml-vanan.jpg","type":"image\/jpeg"}],"twitter_card":"summary_large_image","twitter_misc":{"Estimated reading time":"3 minutes"},"schema":{"@context":"https:\/\/schema.org","@graph":[{"@type":"WebPage","@id":"https:\/\/jogapiekna.com\/produkt\/pannir-rose-serum-do-twarzy-nawilzenie-i-blask-30-ml-vanan\/","url":"https:\/\/jogapiekna.com\/produkt\/pannir-rose-serum-do-twarzy-nawilzenie-i-blask-30-ml-vanan\/","name":"Pannir Rose - facial serum - hydration and radiance - 30 ml - Vanan","isPartOf":{"@id":"https:\/\/jogapiekna.com\/#website"},"primaryImageOfPage":{"@id":"https:\/\/jogapiekna.com\/produkt\/pannir-rose-serum-do-twarzy-nawilzenie-i-blask-30-ml-vanan\/#primaryimage"},"image":{"@id":"https:\/\/jogapiekna.com\/produkt\/pannir-rose-serum-do-twarzy-nawilzenie-i-blask-30-ml-vanan\/#primaryimage"},"thumbnailUrl":"https:\/\/jogapiekna.com\/wp-content\/uploads\/2025\/04\/pannir-rose-serum-do-twarzy-nawilzenie-i-blask-30-ml-vanan.jpg","datePublished":"2025-04-27T15:48:47+00:00","dateModified":"2026-01-28T21:04:27+00:00","description":"Pannir Rose Honey Serum is an intensely moisturising elixir that deeply penetrates the skin for hydration, radiance and a healthy appearance. The serum reduces irritation and redness, firms and revitalises the skin, leaving it soft and nourished. Ideal for daily care for dry and tired skin.","breadcrumb":{"@id":"https:\/\/jogapiekna.com\/produkt\/pannir-rose-serum-do-twarzy-nawilzenie-i-blask-30-ml-vanan\/#breadcrumb"},"inLanguage":"en-GB","potentialAction":[{"@type":"ReadAction","target":["https:\/\/jogapiekna.com\/produkt\/pannir-rose-serum-do-twarzy-nawilzenie-i-blask-30-ml-vanan\/"]}]},{"@type":"ImageObject","inLanguage":"en-GB","@id":"https:\/\/jogapiekna.com\/produkt\/pannir-rose-serum-do-twarzy-nawilzenie-i-blask-30-ml-vanan\/#primaryimage","url":"https:\/\/jogapiekna.com\/wp-content\/uploads\/2025\/04\/pannir-rose-serum-do-twarzy-nawilzenie-i-blask-30-ml-vanan.jpg","contentUrl":"https:\/\/jogapiekna.com\/wp-content\/uploads\/2025\/04\/pannir-rose-serum-do-twarzy-nawilzenie-i-blask-30-ml-vanan.jpg","width":1000,"height":1000,"caption":"Pannir Rose \u2022 serum do twarzy \u2022 nawil\u017cenie i blask \u2022 30 ml \u2022 Vanan"},{"@type":"BreadcrumbList","@id":"https:\/\/jogapiekna.com\/produkt\/pannir-rose-serum-do-twarzy-nawilzenie-i-blask-30-ml-vanan\/#breadcrumb","itemListElement":[{"@type":"ListItem","position":1,"name":"Strona g\u0142\u00f3wna","item":"https:\/\/jogapiekna.com\/"},{"@type":"ListItem","position":2,"name":"Sklep","item":"https:\/\/jogapiekna.com\/sklep\/"},{"@type":"ListItem","position":3,"name":"Pannir Rose \u2022 serum do twarzy \u2022 nawil\u017cenie i blask \u2022 30 ml \u2022 Vanan"}]},{"@type":"WebSite","@id":"https:\/\/jogapiekna.com\/#website","url":"https:\/\/jogapiekna.com\/","name":"Yoga Beauty Marta Kuci\u0144ska","description":"Beauty Yoga helps women to maintain their beauty, reverse the signs of passing time and fatigue, regain a radiant appearance, natural smile and improve their self-esteem.","publisher":{"@id":"https:\/\/jogapiekna.com\/#organization"},"potentialAction":[{"@type":"SearchAction","target":{"@type":"EntryPoint","urlTemplate":"https:\/\/jogapiekna.com\/?s={search_term_string}"},"query-input":{"@type":"PropertyValueSpecification","valueRequired":true,"valueName":"search_term_string"}}],"inLanguage":"en-GB"},{"@type":"Organization","@id":"https:\/\/jogapiekna.com\/#organization","name":"Yoga Beauty Marta Kuci\u0144ska","url":"https:\/\/jogapiekna.com\/","logo":{"@type":"ImageObject","inLanguage":"en-GB","@id":"https:\/\/jogapiekna.com\/#\/schema\/logo\/image\/","url":"https:\/\/jogapiekna.com\/wp-content\/uploads\/2022\/09\/joga-piekna-logo_Rka.png","contentUrl":"https:\/\/jogapiekna.com\/wp-content\/uploads\/2022\/09\/joga-piekna-logo_Rka.png","width":231,"height":124,"caption":"Joga Pi\u0119kna Marta Kuci\u0144ska"},"image":{"@id":"https:\/\/jogapiekna.com\/#\/schema\/logo\/image\/"},"sameAs":["https:\/\/www.facebook.com\/JogaPieknaCom\/","https:\/\/www.instagram.com\/jogapieknacom\/"]}]}},"_links":{"self":[{"href":"https:\/\/jogapiekna.com\/en\/wp-json\/wp\/v2\/product\/195420","targetHints":{"allow":["GET"]}}],"collection":[{"href":"https:\/\/jogapiekna.com\/en\/wp-json\/wp\/v2\/product"}],"about":[{"href":"https:\/\/jogapiekna.com\/en\/wp-json\/wp\/v2\/types\/product"}],"replies":[{"embeddable":true,"href":"https:\/\/jogapiekna.com\/en\/wp-json\/wp\/v2\/comments?post=195420"}],"version-history":[{"count":0,"href":"https:\/\/jogapiekna.com\/en\/wp-json\/wp\/v2\/product\/195420\/revisions"}],"wp:featuredmedia":[{"embeddable":true,"href":"https:\/\/jogapiekna.com\/en\/wp-json\/wp\/v2\/media\/195425"}],"wp:attachment":[{"href":"https:\/\/jogapiekna.com\/en\/wp-json\/wp\/v2\/media?parent=195420"}],"wp:term":[{"taxonomy":"product_brand","embeddable":true,"href":"https:\/\/jogapiekna.com\/en\/wp-json\/wp\/v2\/product_brand?post=195420"},{"taxonomy":"product_cat","embeddable":true,"href":"https:\/\/jogapiekna.com\/en\/wp-json\/wp\/v2\/product_cat?post=195420"},{"taxonomy":"product_tag","embeddable":true,"href":"https:\/\/jogapiekna.com\/en\/wp-json\/wp\/v2\/product_tag?post=195420"}],"curies":[{"name":"wp","href":"https:\/\/api.w.org\/{rel}","templated":true}]}}