{"id":198797,"date":"2025-06-09T11:05:52","date_gmt":"2025-06-09T09:05:52","guid":{"rendered":"https:\/\/jogapiekna.com\/?post_type=product&#038;p=198797"},"modified":"2026-03-11T14:28:47","modified_gmt":"2026-03-11T13:28:47","slug":"tonik-prebiotyczny-slavia-100-ml","status":"publish","type":"product","link":"https:\/\/jogapiekna.com\/en\/product\/tonik-prebiotyczny-slavia-100-ml\/","title":{"rendered":"Prebiotic tonic - Slavia Cosmetics - 100 ml"},"content":{"rendered":"<p>Slavia Cosmetics' Prebiotic Tonic is an advanced skincare cosmetic designed to comprehensively protect, regenerate and moisturise the skin. Its formula is based on an innovative complex of pre- and postbiotics that effectively take care of the skin's microbiome, strengthening its natural hydrolipidic barrier and resistance to everyday stressors and environmental pollutants.<\/p>\n<p>A key strength of the toner is the presence of adaptogens - extracts from plants such as tulsi, ashwagandha, rhodiola and maca - which help the skin to combat the negative effects of oxidative stress. This makes the skin more vital, resistant to irritation and signs of premature ageing.<\/p>\n<p>The toner's unique base consists of light, fermented oils that enhance the bioavailability of active ingredients, improving absorption and comfort. The formula has the consistency of a gentle milk that does not leave a greasy layer or heavy film, yet intensely moisturises and nourishes the skin for a long-lasting feeling of freshness and comfort.<\/p>\n<p>Prebiotic tonic is designed for use on the face, neck and d\u00e9collet\u00e9. It is perfect for people with all skin types, but especially for mature skin, problematic skin, skin in need of firming, with uneven skin tone or the first signs of ageing. Regular use of the toner restores the skin's natural radiance, balance and optimal hydration level.<\/p>\n<p>&nbsp;<\/p>\n<h2>Action:<\/h2>\n<p><strong>Protection of the skin microbiome<\/strong><br \/>\nthanks to pre- and postbiotics, strengthens the natural protective barrier and supports a healthy balance of the microbiota.<\/p>\n<p><strong>Regeneration and immunity<\/strong><br \/>\nAdaptogens alleviate the effects of oxidative stress, revitalise and strengthen the skin.<\/p>\n<p><strong>Intensive moisturising <\/strong><br \/>\nThe advanced moisturising complex acts as soon as 30 minutes after application and the effect lasts up to 120 hours.<\/p>\n<p><strong>Improving the condition of the skin<\/strong><br \/>\nThe skin becomes firmer, more supple, nourished and radiant.<\/p>\n<p><strong>Minimisation of transepidermal water loss (TEWL) <\/strong><br \/>\nstrengthens the hydrolipid barrier and prevents excessive dryness.<\/p>\n<p>&nbsp;<\/p>\n<h2>Active ingredients:<\/h2>\n<ul>\n<li>Pre- and post-biotic complex - enhances natural immunity and balance of the microbiome.<\/li>\n<li>Adaptogens: Tulsi (holy basil), Ashwagandha, Rosacea, Maca - have antioxidant and protective effects.<\/li>\n<li>Amylopectin-algae complex - further moisturises and smoothens the skin.<\/li>\n<li>Fermented oils - due to fermentation they have increased bioavailability and better sensory properties.<\/li>\n<\/ul>\n<p>&nbsp;<\/p>\n<h2>Using:<\/h2>\n<p>Apply toner twice daily - morning and evening - to cleansed skin on face, neck and d\u00e9collet\u00e9. Apply a small amount of product, gently pat until completely absorbed. The tonic perfectly prepares the skin for the next skincare steps.<\/p>\n<p>&nbsp;<\/p>\n<h3>Additional information:<\/h3>\n<ul>\n<li>The formula contains as many as 98% ingredients of natural origin.<\/li>\n<li>The product is vegan and cruelty-free (PETA Viva).<\/li>\n<li>A delicate, powdery, non-intrusive fragrance.<\/li>\n<li>The texture is light and milky.<\/li>\n<li>Capacity 100 ml.<\/li>\n<li>The product received very good customer ratings - 5\/5 (33 reviews).<\/li>\n<\/ul>\n<p>&nbsp;<\/p>\n<h3>Effectiveness testing:<\/h3>\n<p>The toner has been subjected to instrumental tests that have confirmed its effectiveness in intensely moisturising, protecting the hydrolipid barrier and reducing the negative effects of stress on the skin. The test results eliminate subjective feelings and confirm the real, measurable benefits of the product.<\/p>","protected":false},"excerpt":{"rendered":"<p>Prebiotic Tonic from Slavia Cosmetics is a vegan, emulsion tonic formulated for comprehensive skin care. It contains a complex of pre- and postbiotics to balance the skin microbiome, and adaptogens (tulsi, ashwagandha, rhodiola rosea, maca) to protect against oxidative stress. Thanks to the fermented oils, the toner intensely moisturises without leaving a greasy film. Suitable for all skin types, including pregnant and lactating women.<\/p>","protected":false},"featured_media":198800,"comment_status":"closed","ping_status":"closed","template":"","meta":{"_acf_changed":false,"site-sidebar-layout":"default","site-content-layout":"","ast-site-content-layout":"default","site-content-style":"default","site-sidebar-style":"default","ast-global-header-display":"","ast-banner-title-visibility":"","ast-main-header-display":"","ast-hfb-above-header-display":"","ast-hfb-below-header-display":"","ast-hfb-mobile-header-display":"","site-post-title":"","ast-breadcrumbs-content":"","ast-featured-img":"","footer-sml-layout":"","ast-disable-related-posts":"","theme-transparent-header-meta":"default","adv-header-id-meta":"","stick-header-meta":"","header-above-stick-meta":"","header-main-stick-meta":"","header-below-stick-meta":"","astra-migrate-meta-layouts":"set","ast-page-background-enabled":"default","ast-page-background-meta":{"desktop":{"background-color":"var(--ast-global-color-5)","background-image":"","background-repeat":"repeat","background-position":"center center","background-size":"auto","background-attachment":"scroll","background-type":"","background-media":"","overlay-type":"","overlay-color":"","overlay-opacity":"","overlay-gradient":""},"tablet":{"background-color":"","background-image":"","background-repeat":"repeat","background-position":"center center","background-size":"auto","background-attachment":"scroll","background-type":"","background-media":"","overlay-type":"","overlay-color":"","overlay-opacity":"","overlay-gradient":""},"mobile":{"background-color":"","background-image":"","background-repeat":"repeat","background-position":"center center","background-size":"auto","background-attachment":"scroll","background-type":"","background-media":"","overlay-type":"","overlay-color":"","overlay-opacity":"","overlay-gradient":""}},"ast-content-background-meta":{"desktop":{"background-color":"var(--ast-global-color-4)","background-image":"","background-repeat":"repeat","background-position":"center center","background-size":"auto","background-attachment":"scroll","background-type":"","background-media":"","overlay-type":"","overlay-color":"","overlay-opacity":"","overlay-gradient":""},"tablet":{"background-color":"var(--ast-global-color-4)","background-image":"","background-repeat":"repeat","background-position":"center center","background-size":"auto","background-attachment":"scroll","background-type":"","background-media":"","overlay-type":"","overlay-color":"","overlay-opacity":"","overlay-gradient":""},"mobile":{"background-color":"var(--ast-global-color-4)","background-image":"","background-repeat":"repeat","background-position":"center center","background-size":"auto","background-attachment":"scroll","background-type":"","background-media":"","overlay-type":"","overlay-color":"","overlay-opacity":"","overlay-gradient":""}}},"product_brand":[],"product_cat":[331],"product_tag":[894,320,895,762,893,485,834],"class_list":{"0":"post-198797","1":"product","2":"type-product","3":"status-publish","4":"has-post-thumbnail","6":"product_cat-kosmetyki","7":"product_tag-adaptogeny","8":"product_tag-ashwagandha","9":"product_tag-naturalny-blask","10":"product_tag-nawilzenie","11":"product_tag-prebiotyk","12":"product_tag-regeneracja","13":"product_tag-tonik","14":"desktop-align-left","15":"tablet-align-left","16":"mobile-align-left","18":"first","19":"instock","20":"taxable","21":"shipping-taxable","22":"purchasable","23":"product-type-simple"},"acf":[],"yoast_head":"<!-- This site is optimized with the Yoast SEO plugin v27.2 - https:\/\/yoast.com\/product\/yoast-seo-wordpress\/ -->\n<title>Tonik prebiotyczny \u2022 Slavia \u2022 100 ml<\/title>\n<meta name=\"description\" content=\"Tonik prebiotyczny od Slavia Cosmetics to wega\u0144ski, emulsyjny tonik stworzony z my\u015bl\u0105 o kompleksowej piel\u0119gnacji sk\u00f3ry. Zawiera kompleks pre- i postbiotyk\u00f3w, kt\u00f3ry r\u00f3wnowa\u017cy mikrobiom sk\u00f3ry, oraz adaptogeny (tulsi, ashwagandha, r\u00f3\u017ceniec g\u00f3rski, maca), kt\u00f3re chroni\u0105 przed stresem oksydacyjnym.\" \/>\n<meta name=\"robots\" content=\"index, follow, max-snippet:-1, max-image-preview:large, max-video-preview:-1\" \/>\n<link rel=\"canonical\" href=\"https:\/\/jogapiekna.com\/en\/product\/tonik-prebiotyczny-slavia-100-ml\/\" \/>\n<meta property=\"og:locale\" content=\"en_GB\" \/>\n<meta property=\"og:type\" content=\"article\" \/>\n<meta property=\"og:title\" content=\"Tonik prebiotyczny \u2022 Slavia \u2022 100 ml\" \/>\n<meta property=\"og:description\" content=\"Tonik prebiotyczny od Slavia Cosmetics to wega\u0144ski, emulsyjny tonik stworzony z my\u015bl\u0105 o kompleksowej piel\u0119gnacji sk\u00f3ry. Zawiera kompleks pre- i postbiotyk\u00f3w, kt\u00f3ry r\u00f3wnowa\u017cy mikrobiom sk\u00f3ry, oraz adaptogeny (tulsi, ashwagandha, r\u00f3\u017ceniec g\u00f3rski, maca), kt\u00f3re chroni\u0105 przed stresem oksydacyjnym.\" \/>\n<meta property=\"og:url\" content=\"https:\/\/jogapiekna.com\/en\/product\/tonik-prebiotyczny-slavia-100-ml\/\" \/>\n<meta property=\"og:site_name\" content=\"JOGA PI\u0118KNA | Joga Twarzy\" \/>\n<meta property=\"article:publisher\" content=\"https:\/\/www.facebook.com\/JogaPieknaCom\/\" \/>\n<meta property=\"article:modified_time\" content=\"2026-03-11T13:28:47+00:00\" \/>\n<meta property=\"og:image\" content=\"https:\/\/jogapiekna.com\/wp-content\/uploads\/2025\/06\/probiotyczny-tonik-slavia.jpg\" \/>\n\t<meta property=\"og:image:width\" content=\"1000\" \/>\n\t<meta property=\"og:image:height\" content=\"1000\" \/>\n\t<meta property=\"og:image:type\" content=\"image\/jpeg\" \/>\n<meta name=\"twitter:card\" content=\"summary_large_image\" \/>\n<meta name=\"twitter:label1\" content=\"Estimated reading time\" \/>\n\t<meta name=\"twitter:data1\" content=\"3 minutes\" \/>\n<script type=\"application\/ld+json\" class=\"yoast-schema-graph\">{\"@context\":\"https:\/\/schema.org\",\"@graph\":[{\"@type\":\"WebPage\",\"@id\":\"https:\/\/jogapiekna.com\/produkt\/tonik-prebiotyczny-slavia-100-ml\/\",\"url\":\"https:\/\/jogapiekna.com\/produkt\/tonik-prebiotyczny-slavia-100-ml\/\",\"name\":\"Tonik prebiotyczny \u2022 Slavia \u2022 100 ml\",\"isPartOf\":{\"@id\":\"https:\/\/jogapiekna.com\/#website\"},\"primaryImageOfPage\":{\"@id\":\"https:\/\/jogapiekna.com\/produkt\/tonik-prebiotyczny-slavia-100-ml\/#primaryimage\"},\"image\":{\"@id\":\"https:\/\/jogapiekna.com\/produkt\/tonik-prebiotyczny-slavia-100-ml\/#primaryimage\"},\"thumbnailUrl\":\"https:\/\/jogapiekna.com\/wp-content\/uploads\/2025\/06\/probiotyczny-tonik-slavia.jpg\",\"datePublished\":\"2025-06-09T09:05:52+00:00\",\"dateModified\":\"2026-03-11T13:28:47+00:00\",\"description\":\"Tonik prebiotyczny od Slavia Cosmetics to wega\u0144ski, emulsyjny tonik stworzony z my\u015bl\u0105 o kompleksowej piel\u0119gnacji sk\u00f3ry. Zawiera kompleks pre- i postbiotyk\u00f3w, kt\u00f3ry r\u00f3wnowa\u017cy mikrobiom sk\u00f3ry, oraz adaptogeny (tulsi, ashwagandha, r\u00f3\u017ceniec g\u00f3rski, maca), kt\u00f3re chroni\u0105 przed stresem oksydacyjnym.\",\"breadcrumb\":{\"@id\":\"https:\/\/jogapiekna.com\/produkt\/tonik-prebiotyczny-slavia-100-ml\/#breadcrumb\"},\"inLanguage\":\"en-GB\",\"potentialAction\":[{\"@type\":\"ReadAction\",\"target\":[\"https:\/\/jogapiekna.com\/produkt\/tonik-prebiotyczny-slavia-100-ml\/\"]}]},{\"@type\":\"ImageObject\",\"inLanguage\":\"en-GB\",\"@id\":\"https:\/\/jogapiekna.com\/produkt\/tonik-prebiotyczny-slavia-100-ml\/#primaryimage\",\"url\":\"https:\/\/jogapiekna.com\/wp-content\/uploads\/2025\/06\/probiotyczny-tonik-slavia.jpg\",\"contentUrl\":\"https:\/\/jogapiekna.com\/wp-content\/uploads\/2025\/06\/probiotyczny-tonik-slavia.jpg\",\"width\":1000,\"height\":1000,\"caption\":\"Tonik prebiotyczny \u2022 Slavia \u2022 100 ml\"},{\"@type\":\"BreadcrumbList\",\"@id\":\"https:\/\/jogapiekna.com\/produkt\/tonik-prebiotyczny-slavia-100-ml\/#breadcrumb\",\"itemListElement\":[{\"@type\":\"ListItem\",\"position\":1,\"name\":\"Strona g\u0142\u00f3wna\",\"item\":\"https:\/\/jogapiekna.com\/\"},{\"@type\":\"ListItem\",\"position\":2,\"name\":\"Sklep\",\"item\":\"https:\/\/jogapiekna.com\/sklep\/\"},{\"@type\":\"ListItem\",\"position\":3,\"name\":\"Tonik prebiotyczny \u2022 Slavia Cosmetics \u2022 100 ml\"}]},{\"@type\":\"WebSite\",\"@id\":\"https:\/\/jogapiekna.com\/#website\",\"url\":\"https:\/\/jogapiekna.com\/\",\"name\":\"Joga Pi\u0119kna Marta Kuci\u0144ska\",\"description\":\"Joga Pi\u0119kna pomaga kobietom zachowa\u0107 urod\u0119, cofn\u0105\u0107 oznaki up\u0142ywaj\u0105cego czasu i zm\u0119czenia, odzyska\u0107 promienny wygl\u0105d, naturalny u\u015bmiech i popraw\u0119 w\u0142asnej samooceny.\",\"publisher\":{\"@id\":\"https:\/\/jogapiekna.com\/#organization\"},\"potentialAction\":[{\"@type\":\"SearchAction\",\"target\":{\"@type\":\"EntryPoint\",\"urlTemplate\":\"https:\/\/jogapiekna.com\/?s={search_term_string}\"},\"query-input\":{\"@type\":\"PropertyValueSpecification\",\"valueRequired\":true,\"valueName\":\"search_term_string\"}}],\"inLanguage\":\"en-GB\"},{\"@type\":\"Organization\",\"@id\":\"https:\/\/jogapiekna.com\/#organization\",\"name\":\"Joga Pi\u0119kna Marta Kuci\u0144ska\",\"url\":\"https:\/\/jogapiekna.com\/\",\"logo\":{\"@type\":\"ImageObject\",\"inLanguage\":\"en-GB\",\"@id\":\"https:\/\/jogapiekna.com\/#\/schema\/logo\/image\/\",\"url\":\"https:\/\/jogapiekna.com\/wp-content\/uploads\/2022\/09\/joga-piekna-logo_Rka.png\",\"contentUrl\":\"https:\/\/jogapiekna.com\/wp-content\/uploads\/2022\/09\/joga-piekna-logo_Rka.png\",\"width\":231,\"height\":124,\"caption\":\"Joga Pi\u0119kna Marta Kuci\u0144ska\"},\"image\":{\"@id\":\"https:\/\/jogapiekna.com\/#\/schema\/logo\/image\/\"},\"sameAs\":[\"https:\/\/www.facebook.com\/JogaPieknaCom\/\",\"https:\/\/www.instagram.com\/jogapieknacom\/\"]}]}<\/script>\n<!-- \/ Yoast SEO plugin. -->","yoast_head_json":{"title":"Tonik prebiotyczny \u2022 Slavia \u2022 100 ml","description":"Tonik prebiotyczny od Slavia Cosmetics to wega\u0144ski, emulsyjny tonik stworzony z my\u015bl\u0105 o kompleksowej piel\u0119gnacji sk\u00f3ry. Zawiera kompleks pre- i postbiotyk\u00f3w, kt\u00f3ry r\u00f3wnowa\u017cy mikrobiom sk\u00f3ry, oraz adaptogeny (tulsi, ashwagandha, r\u00f3\u017ceniec g\u00f3rski, maca), kt\u00f3re chroni\u0105 przed stresem oksydacyjnym.","robots":{"index":"index","follow":"follow","max-snippet":"max-snippet:-1","max-image-preview":"max-image-preview:large","max-video-preview":"max-video-preview:-1"},"canonical":"https:\/\/jogapiekna.com\/en\/product\/tonik-prebiotyczny-slavia-100-ml\/","og_locale":"en_GB","og_type":"article","og_title":"Tonik prebiotyczny \u2022 Slavia \u2022 100 ml","og_description":"Tonik prebiotyczny od Slavia Cosmetics to wega\u0144ski, emulsyjny tonik stworzony z my\u015bl\u0105 o kompleksowej piel\u0119gnacji sk\u00f3ry. Zawiera kompleks pre- i postbiotyk\u00f3w, kt\u00f3ry r\u00f3wnowa\u017cy mikrobiom sk\u00f3ry, oraz adaptogeny (tulsi, ashwagandha, r\u00f3\u017ceniec g\u00f3rski, maca), kt\u00f3re chroni\u0105 przed stresem oksydacyjnym.","og_url":"https:\/\/jogapiekna.com\/en\/product\/tonik-prebiotyczny-slavia-100-ml\/","og_site_name":"JOGA PI\u0118KNA | Joga Twarzy","article_publisher":"https:\/\/www.facebook.com\/JogaPieknaCom\/","article_modified_time":"2026-03-11T13:28:47+00:00","og_image":[{"width":1000,"height":1000,"url":"https:\/\/jogapiekna.com\/wp-content\/uploads\/2025\/06\/probiotyczny-tonik-slavia.jpg","type":"image\/jpeg"}],"twitter_card":"summary_large_image","twitter_misc":{"Estimated reading time":"3 minutes"},"schema":{"@context":"https:\/\/schema.org","@graph":[{"@type":"WebPage","@id":"https:\/\/jogapiekna.com\/produkt\/tonik-prebiotyczny-slavia-100-ml\/","url":"https:\/\/jogapiekna.com\/produkt\/tonik-prebiotyczny-slavia-100-ml\/","name":"Tonik prebiotyczny \u2022 Slavia \u2022 100 ml","isPartOf":{"@id":"https:\/\/jogapiekna.com\/#website"},"primaryImageOfPage":{"@id":"https:\/\/jogapiekna.com\/produkt\/tonik-prebiotyczny-slavia-100-ml\/#primaryimage"},"image":{"@id":"https:\/\/jogapiekna.com\/produkt\/tonik-prebiotyczny-slavia-100-ml\/#primaryimage"},"thumbnailUrl":"https:\/\/jogapiekna.com\/wp-content\/uploads\/2025\/06\/probiotyczny-tonik-slavia.jpg","datePublished":"2025-06-09T09:05:52+00:00","dateModified":"2026-03-11T13:28:47+00:00","description":"Tonik prebiotyczny od Slavia Cosmetics to wega\u0144ski, emulsyjny tonik stworzony z my\u015bl\u0105 o kompleksowej piel\u0119gnacji sk\u00f3ry. Zawiera kompleks pre- i postbiotyk\u00f3w, kt\u00f3ry r\u00f3wnowa\u017cy mikrobiom sk\u00f3ry, oraz adaptogeny (tulsi, ashwagandha, r\u00f3\u017ceniec g\u00f3rski, maca), kt\u00f3re chroni\u0105 przed stresem oksydacyjnym.","breadcrumb":{"@id":"https:\/\/jogapiekna.com\/produkt\/tonik-prebiotyczny-slavia-100-ml\/#breadcrumb"},"inLanguage":"en-GB","potentialAction":[{"@type":"ReadAction","target":["https:\/\/jogapiekna.com\/produkt\/tonik-prebiotyczny-slavia-100-ml\/"]}]},{"@type":"ImageObject","inLanguage":"en-GB","@id":"https:\/\/jogapiekna.com\/produkt\/tonik-prebiotyczny-slavia-100-ml\/#primaryimage","url":"https:\/\/jogapiekna.com\/wp-content\/uploads\/2025\/06\/probiotyczny-tonik-slavia.jpg","contentUrl":"https:\/\/jogapiekna.com\/wp-content\/uploads\/2025\/06\/probiotyczny-tonik-slavia.jpg","width":1000,"height":1000,"caption":"Tonik prebiotyczny \u2022 Slavia \u2022 100 ml"},{"@type":"BreadcrumbList","@id":"https:\/\/jogapiekna.com\/produkt\/tonik-prebiotyczny-slavia-100-ml\/#breadcrumb","itemListElement":[{"@type":"ListItem","position":1,"name":"Strona g\u0142\u00f3wna","item":"https:\/\/jogapiekna.com\/"},{"@type":"ListItem","position":2,"name":"Sklep","item":"https:\/\/jogapiekna.com\/sklep\/"},{"@type":"ListItem","position":3,"name":"Tonik prebiotyczny \u2022 Slavia Cosmetics \u2022 100 ml"}]},{"@type":"WebSite","@id":"https:\/\/jogapiekna.com\/#website","url":"https:\/\/jogapiekna.com\/","name":"Yoga Beauty Marta Kuci\u0144ska","description":"Beauty Yoga helps women to maintain their beauty, reverse the signs of passing time and fatigue, regain a radiant appearance, natural smile and improve their self-esteem.","publisher":{"@id":"https:\/\/jogapiekna.com\/#organization"},"potentialAction":[{"@type":"SearchAction","target":{"@type":"EntryPoint","urlTemplate":"https:\/\/jogapiekna.com\/?s={search_term_string}"},"query-input":{"@type":"PropertyValueSpecification","valueRequired":true,"valueName":"search_term_string"}}],"inLanguage":"en-GB"},{"@type":"Organization","@id":"https:\/\/jogapiekna.com\/#organization","name":"Yoga Beauty Marta Kuci\u0144ska","url":"https:\/\/jogapiekna.com\/","logo":{"@type":"ImageObject","inLanguage":"en-GB","@id":"https:\/\/jogapiekna.com\/#\/schema\/logo\/image\/","url":"https:\/\/jogapiekna.com\/wp-content\/uploads\/2022\/09\/joga-piekna-logo_Rka.png","contentUrl":"https:\/\/jogapiekna.com\/wp-content\/uploads\/2022\/09\/joga-piekna-logo_Rka.png","width":231,"height":124,"caption":"Joga Pi\u0119kna Marta Kuci\u0144ska"},"image":{"@id":"https:\/\/jogapiekna.com\/#\/schema\/logo\/image\/"},"sameAs":["https:\/\/www.facebook.com\/JogaPieknaCom\/","https:\/\/www.instagram.com\/jogapieknacom\/"]}]}},"_links":{"self":[{"href":"https:\/\/jogapiekna.com\/en\/wp-json\/wp\/v2\/product\/198797","targetHints":{"allow":["GET"]}}],"collection":[{"href":"https:\/\/jogapiekna.com\/en\/wp-json\/wp\/v2\/product"}],"about":[{"href":"https:\/\/jogapiekna.com\/en\/wp-json\/wp\/v2\/types\/product"}],"replies":[{"embeddable":true,"href":"https:\/\/jogapiekna.com\/en\/wp-json\/wp\/v2\/comments?post=198797"}],"version-history":[{"count":1,"href":"https:\/\/jogapiekna.com\/en\/wp-json\/wp\/v2\/product\/198797\/revisions"}],"predecessor-version":[{"id":214836,"href":"https:\/\/jogapiekna.com\/en\/wp-json\/wp\/v2\/product\/198797\/revisions\/214836"}],"wp:featuredmedia":[{"embeddable":true,"href":"https:\/\/jogapiekna.com\/en\/wp-json\/wp\/v2\/media\/198800"}],"wp:attachment":[{"href":"https:\/\/jogapiekna.com\/en\/wp-json\/wp\/v2\/media?parent=198797"}],"wp:term":[{"taxonomy":"product_brand","embeddable":true,"href":"https:\/\/jogapiekna.com\/en\/wp-json\/wp\/v2\/product_brand?post=198797"},{"taxonomy":"product_cat","embeddable":true,"href":"https:\/\/jogapiekna.com\/en\/wp-json\/wp\/v2\/product_cat?post=198797"},{"taxonomy":"product_tag","embeddable":true,"href":"https:\/\/jogapiekna.com\/en\/wp-json\/wp\/v2\/product_tag?post=198797"}],"curies":[{"name":"wp","href":"https:\/\/api.w.org\/{rel}","templated":true}]}}